{"id":987,"date":"2022-05-24T15:09:34","date_gmt":"2022-05-24T12:09:34","guid":{"rendered":"https:\/\/lahingupood.ee\/?post_type=product&#038;p=987"},"modified":"2026-04-12T21:21:37","modified_gmt":"2026-04-12T18:21:37","slug":"sa-cnc-piston-head-with-double-o-ring","status":"publish","type":"product","link":"https:\/\/lahingupood.ee\/en\/product\/sa-cnc-piston-head-with-double-o-ring\/","title":{"rendered":"SA CNC piston head with double O-ring"},"content":{"rendered":"<p>SA CNC piston head on Airsofti gearboxi sisemine upgrade komponent, mis on loodud parandama \u00f5hutihedust ja relva \u00fcldist j\u00f5udlust. Tegemist on CNC-t\u00f6\u00f6deldud detailiga, mis pakub suuremat t\u00e4psust ja vastupidavust v\u00f5rreldes standardsete tehaseosadega.<\/p>","protected":false},"excerpt":{"rendered":"<p>SA CNC piston head on Airsofti gearboxi sisemine upgrade komponent, mis on loodud parandama \u00f5hutihedust ja relva \u00fcldist j\u00f5udlust. Tegemist on CNC-t\u00f6\u00f6deldud detailiga, mis pakub suuremat t\u00e4psust ja vastupidavust v\u00f5rreldes standardsete tehaseosadega.<\/p>","protected":false},"featured_media":989,"template":"","meta":[],"product_brand":[],"product_cat":[73],"product_tag":[],"class_list":{"0":"post-987","1":"product","2":"type-product","3":"status-publish","4":"has-post-thumbnail","6":"product_cat-gearbox","8":"first","9":"instock","10":"taxable","11":"shipping-taxable","12":"purchasable","13":"product-type-simple"},"yoast_head":"<!-- This site is optimized with the Yoast SEO Premium plugin v27.3 (Yoast SEO v27.3) - https:\/\/yoast.com\/product\/yoast-seo-premium-wordpress\/ -->\n<title>SA CNC Piston Head Double O-Ring<\/title>\n<meta name=\"description\" content=\"SA CNC piston head double O-ring on Airsoft upgrade osa, mis parandab \u00f5hutihedust ja suurendab gearbox t\u00f6\u00f6kindlust.\" \/>\n<meta name=\"robots\" content=\"index, follow, max-snippet:-1, max-image-preview:large, max-video-preview:-1\" \/>\n<link rel=\"canonical\" href=\"https:\/\/lahingupood.ee\/en\/product\/sa-cnc-piston-head-with-double-o-ring\/\" \/>\n<meta property=\"og:locale\" content=\"en_GB\" \/>\n<meta property=\"og:type\" content=\"article\" \/>\n<meta property=\"og:title\" content=\"SA CNC piston head with double O-ring\" \/>\n<meta property=\"og:description\" content=\"SA CNC piston head double O-ring on Airsoft upgrade osa, mis parandab \u00f5hutihedust ja suurendab gearbox t\u00f6\u00f6kindlust.\" \/>\n<meta property=\"og:url\" content=\"https:\/\/lahingupood.ee\/en\/product\/sa-cnc-piston-head-with-double-o-ring\/\" \/>\n<meta property=\"og:site_name\" content=\"Lahingurada e-pood\" \/>\n<meta property=\"article:publisher\" content=\"https:\/\/www.facebook.com\/Lahingurada-629940247212967\" \/>\n<meta property=\"article:modified_time\" content=\"2026-04-12T18:21:37+00:00\" \/>\n<meta property=\"og:image\" content=\"https:\/\/lahingupood.ee\/wp-content\/uploads\/2022\/05\/RocketPH2_533x.jpg.webp\" \/>\n\t<meta property=\"og:image:width\" content=\"533\" \/>\n\t<meta property=\"og:image:height\" content=\"533\" \/>\n\t<meta property=\"og:image:type\" content=\"image\/webp\" \/>\n<meta name=\"twitter:card\" content=\"summary_large_image\" \/>\n<meta name=\"twitter:label1\" content=\"Estimated reading time\" \/>\n\t<meta name=\"twitter:data1\" content=\"1 minute\" \/>\n<script type=\"application\/ld+json\" class=\"yoast-schema-graph\">{\"@context\":\"https:\\\/\\\/schema.org\",\"@graph\":[{\"@type\":\"WebPage\",\"@id\":\"https:\\\/\\\/lahingupood.ee\\\/toode\\\/sa-cnc-piston-head-with-double-o-ring\\\/\",\"url\":\"https:\\\/\\\/lahingupood.ee\\\/toode\\\/sa-cnc-piston-head-with-double-o-ring\\\/\",\"name\":\"SA CNC Piston Head Double O-Ring\",\"isPartOf\":{\"@id\":\"https:\\\/\\\/lahingupood.ee\\\/#website\"},\"primaryImageOfPage\":{\"@id\":\"https:\\\/\\\/lahingupood.ee\\\/toode\\\/sa-cnc-piston-head-with-double-o-ring\\\/#primaryimage\"},\"image\":{\"@id\":\"https:\\\/\\\/lahingupood.ee\\\/toode\\\/sa-cnc-piston-head-with-double-o-ring\\\/#primaryimage\"},\"thumbnailUrl\":\"https:\\\/\\\/lahingupood.ee\\\/wp-content\\\/uploads\\\/2022\\\/05\\\/RocketPH2_533x.jpg.webp\",\"datePublished\":\"2022-05-24T12:09:34+00:00\",\"dateModified\":\"2026-04-12T18:21:37+00:00\",\"description\":\"SA CNC piston head double O-ring on Airsoft upgrade osa, mis parandab \u00f5hutihedust ja suurendab gearbox t\u00f6\u00f6kindlust.\",\"breadcrumb\":{\"@id\":\"https:\\\/\\\/lahingupood.ee\\\/toode\\\/sa-cnc-piston-head-with-double-o-ring\\\/#breadcrumb\"},\"inLanguage\":\"en-GB\",\"potentialAction\":[{\"@type\":\"ReadAction\",\"target\":[\"https:\\\/\\\/lahingupood.ee\\\/toode\\\/sa-cnc-piston-head-with-double-o-ring\\\/\"]}]},{\"@type\":\"ImageObject\",\"inLanguage\":\"en-GB\",\"@id\":\"https:\\\/\\\/lahingupood.ee\\\/toode\\\/sa-cnc-piston-head-with-double-o-ring\\\/#primaryimage\",\"url\":\"https:\\\/\\\/lahingupood.ee\\\/wp-content\\\/uploads\\\/2022\\\/05\\\/RocketPH2_533x.jpg.webp\",\"contentUrl\":\"https:\\\/\\\/lahingupood.ee\\\/wp-content\\\/uploads\\\/2022\\\/05\\\/RocketPH2_533x.jpg.webp\",\"width\":533,\"height\":533,\"caption\":\"SA CNC piston head double O-ring Airsoft gearbox upgrade osa\"},{\"@type\":\"BreadcrumbList\",\"@id\":\"https:\\\/\\\/lahingupood.ee\\\/toode\\\/sa-cnc-piston-head-with-double-o-ring\\\/#breadcrumb\",\"itemListElement\":[{\"@type\":\"ListItem\",\"position\":1,\"name\":\"Home\",\"item\":\"https:\\\/\\\/lahingupood.ee\\\/\"},{\"@type\":\"ListItem\",\"position\":2,\"name\":\"Tooted\",\"item\":\"https:\\\/\\\/lahingupood.ee\\\/tooted\\\/\"},{\"@type\":\"ListItem\",\"position\":3,\"name\":\"SA CNC piston head with double O-ring\"}]},{\"@type\":\"WebSite\",\"@id\":\"https:\\\/\\\/lahingupood.ee\\\/#website\",\"url\":\"https:\\\/\\\/lahingupood.ee\\\/\",\"name\":\"Lahingurada e-pood\",\"description\":\"Airsoft\",\"publisher\":{\"@id\":\"https:\\\/\\\/lahingupood.ee\\\/#organization\"},\"potentialAction\":[{\"@type\":\"SearchAction\",\"target\":{\"@type\":\"EntryPoint\",\"urlTemplate\":\"https:\\\/\\\/lahingupood.ee\\\/?s={search_term_string}\"},\"query-input\":{\"@type\":\"PropertyValueSpecification\",\"valueRequired\":true,\"valueName\":\"search_term_string\"}}],\"inLanguage\":\"en-GB\"},{\"@type\":\"Organization\",\"@id\":\"https:\\\/\\\/lahingupood.ee\\\/#organization\",\"name\":\"Lahingurada\",\"url\":\"https:\\\/\\\/lahingupood.ee\\\/\",\"logo\":{\"@type\":\"ImageObject\",\"inLanguage\":\"en-GB\",\"@id\":\"https:\\\/\\\/lahingupood.ee\\\/#\\\/schema\\\/logo\\\/image\\\/\",\"url\":\"https:\\\/\\\/lahingupood.ee\\\/wp-content\\\/uploads\\\/2022\\\/03\\\/lahingurada-220318.jpg\",\"contentUrl\":\"https:\\\/\\\/lahingupood.ee\\\/wp-content\\\/uploads\\\/2022\\\/03\\\/lahingurada-220318.jpg\",\"width\":800,\"height\":500,\"caption\":\"Lahingurada\"},\"image\":{\"@id\":\"https:\\\/\\\/lahingupood.ee\\\/#\\\/schema\\\/logo\\\/image\\\/\"},\"sameAs\":[\"https:\\\/\\\/www.facebook.com\\\/Lahingurada-629940247212967\"]}]}<\/script>\n<!-- \/ Yoast SEO Premium plugin. -->","yoast_head_json":{"title":"SA CNC Piston Head Double O-Ring","description":"SA CNC piston head double O-ring on Airsoft upgrade osa, mis parandab \u00f5hutihedust ja suurendab gearbox t\u00f6\u00f6kindlust.","robots":{"index":"index","follow":"follow","max-snippet":"max-snippet:-1","max-image-preview":"max-image-preview:large","max-video-preview":"max-video-preview:-1"},"canonical":"https:\/\/lahingupood.ee\/en\/product\/sa-cnc-piston-head-with-double-o-ring\/","og_locale":"en_GB","og_type":"article","og_title":"SA CNC piston head with double O-ring","og_description":"SA CNC piston head double O-ring on Airsoft upgrade osa, mis parandab \u00f5hutihedust ja suurendab gearbox t\u00f6\u00f6kindlust.","og_url":"https:\/\/lahingupood.ee\/en\/product\/sa-cnc-piston-head-with-double-o-ring\/","og_site_name":"Lahingurada e-pood","article_publisher":"https:\/\/www.facebook.com\/Lahingurada-629940247212967","article_modified_time":"2026-04-12T18:21:37+00:00","og_image":[{"width":533,"height":533,"url":"https:\/\/lahingupood.ee\/wp-content\/uploads\/2022\/05\/RocketPH2_533x.jpg.webp","type":"image\/webp"}],"twitter_card":"summary_large_image","twitter_misc":{"Estimated reading time":"1 minute"},"schema":{"@context":"https:\/\/schema.org","@graph":[{"@type":"WebPage","@id":"https:\/\/lahingupood.ee\/toode\/sa-cnc-piston-head-with-double-o-ring\/","url":"https:\/\/lahingupood.ee\/toode\/sa-cnc-piston-head-with-double-o-ring\/","name":"SA CNC Piston Head Double O-Ring","isPartOf":{"@id":"https:\/\/lahingupood.ee\/#website"},"primaryImageOfPage":{"@id":"https:\/\/lahingupood.ee\/toode\/sa-cnc-piston-head-with-double-o-ring\/#primaryimage"},"image":{"@id":"https:\/\/lahingupood.ee\/toode\/sa-cnc-piston-head-with-double-o-ring\/#primaryimage"},"thumbnailUrl":"https:\/\/lahingupood.ee\/wp-content\/uploads\/2022\/05\/RocketPH2_533x.jpg.webp","datePublished":"2022-05-24T12:09:34+00:00","dateModified":"2026-04-12T18:21:37+00:00","description":"SA CNC piston head double O-ring on Airsoft upgrade osa, mis parandab \u00f5hutihedust ja suurendab gearbox t\u00f6\u00f6kindlust.","breadcrumb":{"@id":"https:\/\/lahingupood.ee\/toode\/sa-cnc-piston-head-with-double-o-ring\/#breadcrumb"},"inLanguage":"en-GB","potentialAction":[{"@type":"ReadAction","target":["https:\/\/lahingupood.ee\/toode\/sa-cnc-piston-head-with-double-o-ring\/"]}]},{"@type":"ImageObject","inLanguage":"en-GB","@id":"https:\/\/lahingupood.ee\/toode\/sa-cnc-piston-head-with-double-o-ring\/#primaryimage","url":"https:\/\/lahingupood.ee\/wp-content\/uploads\/2022\/05\/RocketPH2_533x.jpg.webp","contentUrl":"https:\/\/lahingupood.ee\/wp-content\/uploads\/2022\/05\/RocketPH2_533x.jpg.webp","width":533,"height":533,"caption":"SA CNC piston head double O-ring Airsoft gearbox upgrade osa"},{"@type":"BreadcrumbList","@id":"https:\/\/lahingupood.ee\/toode\/sa-cnc-piston-head-with-double-o-ring\/#breadcrumb","itemListElement":[{"@type":"ListItem","position":1,"name":"Home","item":"https:\/\/lahingupood.ee\/"},{"@type":"ListItem","position":2,"name":"Tooted","item":"https:\/\/lahingupood.ee\/tooted\/"},{"@type":"ListItem","position":3,"name":"SA CNC piston head with double O-ring"}]},{"@type":"WebSite","@id":"https:\/\/lahingupood.ee\/#website","url":"https:\/\/lahingupood.ee\/","name":"Lahingurada e-pood","description":"Airsoft","publisher":{"@id":"https:\/\/lahingupood.ee\/#organization"},"potentialAction":[{"@type":"SearchAction","target":{"@type":"EntryPoint","urlTemplate":"https:\/\/lahingupood.ee\/?s={search_term_string}"},"query-input":{"@type":"PropertyValueSpecification","valueRequired":true,"valueName":"search_term_string"}}],"inLanguage":"en-GB"},{"@type":"Organization","@id":"https:\/\/lahingupood.ee\/#organization","name":"Lahingurada","url":"https:\/\/lahingupood.ee\/","logo":{"@type":"ImageObject","inLanguage":"en-GB","@id":"https:\/\/lahingupood.ee\/#\/schema\/logo\/image\/","url":"https:\/\/lahingupood.ee\/wp-content\/uploads\/2022\/03\/lahingurada-220318.jpg","contentUrl":"https:\/\/lahingupood.ee\/wp-content\/uploads\/2022\/03\/lahingurada-220318.jpg","width":800,"height":500,"caption":"Lahingurada"},"image":{"@id":"https:\/\/lahingupood.ee\/#\/schema\/logo\/image\/"},"sameAs":["https:\/\/www.facebook.com\/Lahingurada-629940247212967"]}]}},"_links":{"self":[{"href":"https:\/\/lahingupood.ee\/en\/wp-json\/wp\/v2\/product\/987","targetHints":{"allow":["GET"]}}],"collection":[{"href":"https:\/\/lahingupood.ee\/en\/wp-json\/wp\/v2\/product"}],"about":[{"href":"https:\/\/lahingupood.ee\/en\/wp-json\/wp\/v2\/types\/product"}],"wp:featuredmedia":[{"embeddable":true,"href":"https:\/\/lahingupood.ee\/en\/wp-json\/wp\/v2\/media\/989"}],"wp:attachment":[{"href":"https:\/\/lahingupood.ee\/en\/wp-json\/wp\/v2\/media?parent=987"}],"wp:term":[{"taxonomy":"product_brand","embeddable":true,"href":"https:\/\/lahingupood.ee\/en\/wp-json\/wp\/v2\/product_brand?post=987"},{"taxonomy":"product_cat","embeddable":true,"href":"https:\/\/lahingupood.ee\/en\/wp-json\/wp\/v2\/product_cat?post=987"},{"taxonomy":"product_tag","embeddable":true,"href":"https:\/\/lahingupood.ee\/en\/wp-json\/wp\/v2\/product_tag?post=987"}],"curies":[{"name":"wp","href":"https:\/\/api.w.org\/{rel}","templated":true}]}}