{"id":979,"date":"2022-05-24T14:59:42","date_gmt":"2022-05-24T11:59:42","guid":{"rendered":"https:\/\/lahingupood.ee\/?post_type=product&#038;p=979"},"modified":"2026-04-12T20:30:03","modified_gmt":"2026-04-12T17:30:03","slug":"greengas-magazine-for-golden-eagle-gbbr-m4","status":"publish","type":"product","link":"https:\/\/lahingupood.ee\/en\/product\/greengas-magazine-for-golden-eagle-gbbr-m4\/","title":{"rendered":"Greengas Magazine for Golden Eagle GBBR M4"},"content":{"rendered":"<p>Greengas Magazine for Golden Eagle GBBR. Antud salvedel on kasutatud ICS sarnast ventiili. Gaasi tankimisel laseb \u00f5hu v\u00e4lja. See v\u00f5imaldab laadida kuni 30% rohkem gaasi kui nt WE salvedesse.<\/p>","protected":false},"excerpt":{"rendered":"<p>Greengas Magazine for Golden Eagle GBBR. Antud salvedel on kasutatud ICS sarnast ventiili. Gaasi tankimisel laseb \u00f5hu v\u00e4lja. See v\u00f5imaldab laadida kuni 30% rohkem gaasi kui nt WE salvedesse.<\/p>","protected":false},"featured_media":980,"template":"","meta":[],"product_brand":[],"product_cat":[86,77],"product_tag":[],"class_list":{"0":"post-979","1":"product","2":"type-product","3":"status-publish","4":"has-post-thumbnail","6":"product_cat-gbb-salved","7":"product_cat-sooduspakkumised","9":"first","10":"outofstock","11":"sale","12":"taxable","13":"shipping-taxable","14":"purchasable","15":"product-type-simple"},"yoast_head":"<!-- This site is optimized with the Yoast SEO Premium plugin v27.3 (Yoast SEO v27.3) - https:\/\/yoast.com\/product\/yoast-seo-premium-wordpress\/ -->\n<title>Greengas Magazine for Golden Eagle GBBR M4 - Lahingurada e-pood<\/title>\n<meta name=\"description\" content=\"Greengas Magazine for Golden Eagle GBBR. Mahutab 45 kuuli Greengas Magazine for Golden Eagle GBBR M4 Lahingurada e-pood\" \/>\n<meta name=\"robots\" content=\"index, follow, max-snippet:-1, max-image-preview:large, max-video-preview:-1\" \/>\n<link rel=\"canonical\" href=\"https:\/\/lahingupood.ee\/en\/product\/greengas-magazine-for-golden-eagle-gbbr-m4\/\" \/>\n<meta property=\"og:locale\" content=\"en_GB\" \/>\n<meta property=\"og:type\" content=\"article\" \/>\n<meta property=\"og:title\" content=\"Greengas Magazine for Golden Eagle GBBR M4\" \/>\n<meta property=\"og:description\" content=\"Greengas Magazine for Golden Eagle GBBR. Mahutab 45 kuuli Greengas Magazine for Golden Eagle GBBR M4 Lahingurada e-pood\" \/>\n<meta property=\"og:url\" content=\"https:\/\/lahingupood.ee\/en\/product\/greengas-magazine-for-golden-eagle-gbbr-m4\/\" \/>\n<meta property=\"og:site_name\" content=\"Lahingurada e-pood\" \/>\n<meta property=\"article:publisher\" content=\"https:\/\/www.facebook.com\/Lahingurada-629940247212967\" \/>\n<meta property=\"article:modified_time\" content=\"2026-04-12T17:30:03+00:00\" \/>\n<meta property=\"og:image\" content=\"https:\/\/lahingupood.ee\/wp-content\/uploads\/2022\/05\/1152227155_1.webp\" \/>\n\t<meta property=\"og:image:width\" content=\"2000\" \/>\n\t<meta property=\"og:image:height\" content=\"1333\" \/>\n\t<meta property=\"og:image:type\" content=\"image\/webp\" \/>\n<meta name=\"twitter:card\" content=\"summary_large_image\" \/>\n<meta name=\"twitter:label1\" content=\"Estimated reading time\" \/>\n\t<meta name=\"twitter:data1\" content=\"1 minute\" \/>\n<script type=\"application\/ld+json\" class=\"yoast-schema-graph\">{\"@context\":\"https:\\\/\\\/schema.org\",\"@graph\":[{\"@type\":\"WebPage\",\"@id\":\"https:\\\/\\\/lahingupood.ee\\\/toode\\\/greengas-magazine-for-golden-eagle-gbbr-m4\\\/\",\"url\":\"https:\\\/\\\/lahingupood.ee\\\/toode\\\/greengas-magazine-for-golden-eagle-gbbr-m4\\\/\",\"name\":\"Greengas Magazine for Golden Eagle GBBR M4 - Lahingurada e-pood\",\"isPartOf\":{\"@id\":\"https:\\\/\\\/lahingupood.ee\\\/#website\"},\"primaryImageOfPage\":{\"@id\":\"https:\\\/\\\/lahingupood.ee\\\/toode\\\/greengas-magazine-for-golden-eagle-gbbr-m4\\\/#primaryimage\"},\"image\":{\"@id\":\"https:\\\/\\\/lahingupood.ee\\\/toode\\\/greengas-magazine-for-golden-eagle-gbbr-m4\\\/#primaryimage\"},\"thumbnailUrl\":\"https:\\\/\\\/lahingupood.ee\\\/wp-content\\\/uploads\\\/2022\\\/05\\\/1152227155_1.webp\",\"datePublished\":\"2022-05-24T11:59:42+00:00\",\"dateModified\":\"2026-04-12T17:30:03+00:00\",\"description\":\"Greengas Magazine for Golden Eagle GBBR. Mahutab 45 kuuli Greengas Magazine for Golden Eagle GBBR M4 Lahingurada e-pood\",\"breadcrumb\":{\"@id\":\"https:\\\/\\\/lahingupood.ee\\\/toode\\\/greengas-magazine-for-golden-eagle-gbbr-m4\\\/#breadcrumb\"},\"inLanguage\":\"en-GB\",\"potentialAction\":[{\"@type\":\"ReadAction\",\"target\":[\"https:\\\/\\\/lahingupood.ee\\\/toode\\\/greengas-magazine-for-golden-eagle-gbbr-m4\\\/\"]}]},{\"@type\":\"ImageObject\",\"inLanguage\":\"en-GB\",\"@id\":\"https:\\\/\\\/lahingupood.ee\\\/toode\\\/greengas-magazine-for-golden-eagle-gbbr-m4\\\/#primaryimage\",\"url\":\"https:\\\/\\\/lahingupood.ee\\\/wp-content\\\/uploads\\\/2022\\\/05\\\/1152227155_1.webp\",\"contentUrl\":\"https:\\\/\\\/lahingupood.ee\\\/wp-content\\\/uploads\\\/2022\\\/05\\\/1152227155_1.webp\",\"width\":2000,\"height\":1333,\"caption\":\"greengas-magazine-for-golden-eagle-gbbr-m4\"},{\"@type\":\"BreadcrumbList\",\"@id\":\"https:\\\/\\\/lahingupood.ee\\\/toode\\\/greengas-magazine-for-golden-eagle-gbbr-m4\\\/#breadcrumb\",\"itemListElement\":[{\"@type\":\"ListItem\",\"position\":1,\"name\":\"Home\",\"item\":\"https:\\\/\\\/lahingupood.ee\\\/\"},{\"@type\":\"ListItem\",\"position\":2,\"name\":\"Tooted\",\"item\":\"https:\\\/\\\/lahingupood.ee\\\/tooted\\\/\"},{\"@type\":\"ListItem\",\"position\":3,\"name\":\"Greengas Magazine for Golden Eagle GBBR M4\"}]},{\"@type\":\"WebSite\",\"@id\":\"https:\\\/\\\/lahingupood.ee\\\/#website\",\"url\":\"https:\\\/\\\/lahingupood.ee\\\/\",\"name\":\"Lahingurada e-pood\",\"description\":\"Airsoft\",\"publisher\":{\"@id\":\"https:\\\/\\\/lahingupood.ee\\\/#organization\"},\"potentialAction\":[{\"@type\":\"SearchAction\",\"target\":{\"@type\":\"EntryPoint\",\"urlTemplate\":\"https:\\\/\\\/lahingupood.ee\\\/?s={search_term_string}\"},\"query-input\":{\"@type\":\"PropertyValueSpecification\",\"valueRequired\":true,\"valueName\":\"search_term_string\"}}],\"inLanguage\":\"en-GB\"},{\"@type\":\"Organization\",\"@id\":\"https:\\\/\\\/lahingupood.ee\\\/#organization\",\"name\":\"Lahingurada\",\"url\":\"https:\\\/\\\/lahingupood.ee\\\/\",\"logo\":{\"@type\":\"ImageObject\",\"inLanguage\":\"en-GB\",\"@id\":\"https:\\\/\\\/lahingupood.ee\\\/#\\\/schema\\\/logo\\\/image\\\/\",\"url\":\"https:\\\/\\\/lahingupood.ee\\\/wp-content\\\/uploads\\\/2022\\\/03\\\/lahingurada-220318.jpg\",\"contentUrl\":\"https:\\\/\\\/lahingupood.ee\\\/wp-content\\\/uploads\\\/2022\\\/03\\\/lahingurada-220318.jpg\",\"width\":800,\"height\":500,\"caption\":\"Lahingurada\"},\"image\":{\"@id\":\"https:\\\/\\\/lahingupood.ee\\\/#\\\/schema\\\/logo\\\/image\\\/\"},\"sameAs\":[\"https:\\\/\\\/www.facebook.com\\\/Lahingurada-629940247212967\"]}]}<\/script>\n<!-- \/ Yoast SEO Premium plugin. -->","yoast_head_json":{"title":"Greengas Magazine for Golden Eagle GBBR M4 - Lahingurada e-pood","description":"Greengas Magazine for Golden Eagle GBBR. Mahutab 45 kuuli Greengas Magazine for Golden Eagle GBBR M4 Lahingurada e-pood","robots":{"index":"index","follow":"follow","max-snippet":"max-snippet:-1","max-image-preview":"max-image-preview:large","max-video-preview":"max-video-preview:-1"},"canonical":"https:\/\/lahingupood.ee\/en\/product\/greengas-magazine-for-golden-eagle-gbbr-m4\/","og_locale":"en_GB","og_type":"article","og_title":"Greengas Magazine for Golden Eagle GBBR M4","og_description":"Greengas Magazine for Golden Eagle GBBR. Mahutab 45 kuuli Greengas Magazine for Golden Eagle GBBR M4 Lahingurada e-pood","og_url":"https:\/\/lahingupood.ee\/en\/product\/greengas-magazine-for-golden-eagle-gbbr-m4\/","og_site_name":"Lahingurada e-pood","article_publisher":"https:\/\/www.facebook.com\/Lahingurada-629940247212967","article_modified_time":"2026-04-12T17:30:03+00:00","og_image":[{"width":2000,"height":1333,"url":"https:\/\/lahingupood.ee\/wp-content\/uploads\/2022\/05\/1152227155_1.webp","type":"image\/webp"}],"twitter_card":"summary_large_image","twitter_misc":{"Estimated reading time":"1 minute"},"schema":{"@context":"https:\/\/schema.org","@graph":[{"@type":"WebPage","@id":"https:\/\/lahingupood.ee\/toode\/greengas-magazine-for-golden-eagle-gbbr-m4\/","url":"https:\/\/lahingupood.ee\/toode\/greengas-magazine-for-golden-eagle-gbbr-m4\/","name":"Greengas Magazine for Golden Eagle GBBR M4 - Lahingurada e-pood","isPartOf":{"@id":"https:\/\/lahingupood.ee\/#website"},"primaryImageOfPage":{"@id":"https:\/\/lahingupood.ee\/toode\/greengas-magazine-for-golden-eagle-gbbr-m4\/#primaryimage"},"image":{"@id":"https:\/\/lahingupood.ee\/toode\/greengas-magazine-for-golden-eagle-gbbr-m4\/#primaryimage"},"thumbnailUrl":"https:\/\/lahingupood.ee\/wp-content\/uploads\/2022\/05\/1152227155_1.webp","datePublished":"2022-05-24T11:59:42+00:00","dateModified":"2026-04-12T17:30:03+00:00","description":"Greengas Magazine for Golden Eagle GBBR. Mahutab 45 kuuli Greengas Magazine for Golden Eagle GBBR M4 Lahingurada e-pood","breadcrumb":{"@id":"https:\/\/lahingupood.ee\/toode\/greengas-magazine-for-golden-eagle-gbbr-m4\/#breadcrumb"},"inLanguage":"en-GB","potentialAction":[{"@type":"ReadAction","target":["https:\/\/lahingupood.ee\/toode\/greengas-magazine-for-golden-eagle-gbbr-m4\/"]}]},{"@type":"ImageObject","inLanguage":"en-GB","@id":"https:\/\/lahingupood.ee\/toode\/greengas-magazine-for-golden-eagle-gbbr-m4\/#primaryimage","url":"https:\/\/lahingupood.ee\/wp-content\/uploads\/2022\/05\/1152227155_1.webp","contentUrl":"https:\/\/lahingupood.ee\/wp-content\/uploads\/2022\/05\/1152227155_1.webp","width":2000,"height":1333,"caption":"greengas-magazine-for-golden-eagle-gbbr-m4"},{"@type":"BreadcrumbList","@id":"https:\/\/lahingupood.ee\/toode\/greengas-magazine-for-golden-eagle-gbbr-m4\/#breadcrumb","itemListElement":[{"@type":"ListItem","position":1,"name":"Home","item":"https:\/\/lahingupood.ee\/"},{"@type":"ListItem","position":2,"name":"Tooted","item":"https:\/\/lahingupood.ee\/tooted\/"},{"@type":"ListItem","position":3,"name":"Greengas Magazine for Golden Eagle GBBR M4"}]},{"@type":"WebSite","@id":"https:\/\/lahingupood.ee\/#website","url":"https:\/\/lahingupood.ee\/","name":"Lahingurada e-pood","description":"Airsoft","publisher":{"@id":"https:\/\/lahingupood.ee\/#organization"},"potentialAction":[{"@type":"SearchAction","target":{"@type":"EntryPoint","urlTemplate":"https:\/\/lahingupood.ee\/?s={search_term_string}"},"query-input":{"@type":"PropertyValueSpecification","valueRequired":true,"valueName":"search_term_string"}}],"inLanguage":"en-GB"},{"@type":"Organization","@id":"https:\/\/lahingupood.ee\/#organization","name":"Lahingurada","url":"https:\/\/lahingupood.ee\/","logo":{"@type":"ImageObject","inLanguage":"en-GB","@id":"https:\/\/lahingupood.ee\/#\/schema\/logo\/image\/","url":"https:\/\/lahingupood.ee\/wp-content\/uploads\/2022\/03\/lahingurada-220318.jpg","contentUrl":"https:\/\/lahingupood.ee\/wp-content\/uploads\/2022\/03\/lahingurada-220318.jpg","width":800,"height":500,"caption":"Lahingurada"},"image":{"@id":"https:\/\/lahingupood.ee\/#\/schema\/logo\/image\/"},"sameAs":["https:\/\/www.facebook.com\/Lahingurada-629940247212967"]}]}},"_links":{"self":[{"href":"https:\/\/lahingupood.ee\/en\/wp-json\/wp\/v2\/product\/979","targetHints":{"allow":["GET"]}}],"collection":[{"href":"https:\/\/lahingupood.ee\/en\/wp-json\/wp\/v2\/product"}],"about":[{"href":"https:\/\/lahingupood.ee\/en\/wp-json\/wp\/v2\/types\/product"}],"wp:featuredmedia":[{"embeddable":true,"href":"https:\/\/lahingupood.ee\/en\/wp-json\/wp\/v2\/media\/980"}],"wp:attachment":[{"href":"https:\/\/lahingupood.ee\/en\/wp-json\/wp\/v2\/media?parent=979"}],"wp:term":[{"taxonomy":"product_brand","embeddable":true,"href":"https:\/\/lahingupood.ee\/en\/wp-json\/wp\/v2\/product_brand?post=979"},{"taxonomy":"product_cat","embeddable":true,"href":"https:\/\/lahingupood.ee\/en\/wp-json\/wp\/v2\/product_cat?post=979"},{"taxonomy":"product_tag","embeddable":true,"href":"https:\/\/lahingupood.ee\/en\/wp-json\/wp\/v2\/product_tag?post=979"}],"curies":[{"name":"wp","href":"https:\/\/api.w.org\/{rel}","templated":true}]}}