{"id":969,"date":"2022-05-24T14:23:31","date_gmt":"2022-05-24T11:23:31","guid":{"rendered":"https:\/\/lahingupood.ee\/?post_type=product&#038;p=969"},"modified":"2026-04-12T20:30:03","modified_gmt":"2026-04-12T17:30:03","slug":"specna-arms-flex-f02","status":"publish","type":"product","link":"https:\/\/lahingupood.ee\/en\/product\/specna-arms-flex-f02\/","title":{"rendered":"Specna Arms Flex F02 Airsoft Replica"},"content":{"rendered":"<p>Specna Arms Flex F02 Airsoft Replica<\/p>\n<p><a href=\"https:\/\/www.youtube.com\/watch?v=Yd6FI7Wf0y8\">Specna Arms Flex seeria kere on valmistatud vastupidavast pol\u00fcmeerist, mis teeb relva \u00fclikergeks ja vastupidavaks. Flex seeria relvadel on, erinevalt Core seeriast, pol\u00fcmeerist laes\u00e4\u00e4r. K\u00f5ik muu on samasugune nagu Core seeria relvadel<\/a><\/p>\n<p>&nbsp;<\/p>","protected":false},"excerpt":{"rendered":"<p>Specna Arms Flex seeria kere on valmistatud vastupidavast pol\u00fcmeerist, mis teeb relva \u00fclikergeks ja vastupidavaks.<\/p>","protected":false},"featured_media":970,"template":"","meta":[],"product_brand":[],"product_cat":[23],"product_tag":[],"class_list":{"0":"post-969","1":"product","2":"type-product","3":"status-publish","4":"has-post-thumbnail","6":"product_cat-elektrilised-relvad","8":"first","9":"outofstock","10":"taxable","11":"shipping-taxable","12":"purchasable","13":"product-type-simple"},"yoast_head":"<!-- This site is optimized with the Yoast SEO Premium plugin v27.3 (Yoast SEO v27.3) - https:\/\/yoast.com\/product\/yoast-seo-premium-wordpress\/ -->\n<title>Specna Arms Flex F02 Airsoft Replica Specna Arms Flex F02 Air<\/title>\n<meta name=\"description\" content=\"Specna Arms Flex F02 Airsoft Replica. Specna Arms Flex seeria kere on valmistatud vastupidavast pol\u00fcmeerist.\" \/>\n<meta name=\"robots\" content=\"index, follow, max-snippet:-1, max-image-preview:large, max-video-preview:-1\" \/>\n<link rel=\"canonical\" href=\"https:\/\/lahingupood.ee\/en\/product\/specna-arms-flex-f02\/\" \/>\n<meta property=\"og:locale\" content=\"en_GB\" \/>\n<meta property=\"og:type\" content=\"article\" \/>\n<meta property=\"og:title\" content=\"Specna Arms Flex F02 Airsoft Replica\" \/>\n<meta property=\"og:description\" content=\"Specna Arms Flex F02 Airsoft Replica. Specna Arms Flex seeria kere on valmistatud vastupidavast pol\u00fcmeerist.\" \/>\n<meta property=\"og:url\" content=\"https:\/\/lahingupood.ee\/en\/product\/specna-arms-flex-f02\/\" \/>\n<meta property=\"og:site_name\" content=\"Lahingurada e-pood\" \/>\n<meta property=\"article:publisher\" content=\"https:\/\/www.facebook.com\/Lahingurada-629940247212967\" \/>\n<meta property=\"article:modified_time\" content=\"2026-04-12T17:30:03+00:00\" \/>\n<meta property=\"og:image\" content=\"https:\/\/lahingupood.ee\/wp-content\/uploads\/2022\/05\/1152231751_4.webp\" \/>\n\t<meta property=\"og:image:width\" content=\"2000\" \/>\n\t<meta property=\"og:image:height\" content=\"1333\" \/>\n\t<meta property=\"og:image:type\" content=\"image\/webp\" \/>\n<meta name=\"twitter:card\" content=\"summary_large_image\" \/>\n<meta name=\"twitter:label1\" content=\"Estimated reading time\" \/>\n\t<meta name=\"twitter:data1\" content=\"1 minute\" \/>\n<script type=\"application\/ld+json\" class=\"yoast-schema-graph\">{\"@context\":\"https:\\\/\\\/schema.org\",\"@graph\":[{\"@type\":\"WebPage\",\"@id\":\"https:\\\/\\\/lahingupood.ee\\\/toode\\\/specna-arms-flex-f02\\\/\",\"url\":\"https:\\\/\\\/lahingupood.ee\\\/toode\\\/specna-arms-flex-f02\\\/\",\"name\":\"Specna Arms Flex F02 Airsoft Replica Specna Arms Flex F02 Air\",\"isPartOf\":{\"@id\":\"https:\\\/\\\/lahingupood.ee\\\/#website\"},\"primaryImageOfPage\":{\"@id\":\"https:\\\/\\\/lahingupood.ee\\\/toode\\\/specna-arms-flex-f02\\\/#primaryimage\"},\"image\":{\"@id\":\"https:\\\/\\\/lahingupood.ee\\\/toode\\\/specna-arms-flex-f02\\\/#primaryimage\"},\"thumbnailUrl\":\"https:\\\/\\\/lahingupood.ee\\\/wp-content\\\/uploads\\\/2022\\\/05\\\/1152231751_4.webp\",\"datePublished\":\"2022-05-24T11:23:31+00:00\",\"dateModified\":\"2026-04-12T17:30:03+00:00\",\"description\":\"Specna Arms Flex F02 Airsoft Replica. Specna Arms Flex seeria kere on valmistatud vastupidavast pol\u00fcmeerist.\",\"breadcrumb\":{\"@id\":\"https:\\\/\\\/lahingupood.ee\\\/toode\\\/specna-arms-flex-f02\\\/#breadcrumb\"},\"inLanguage\":\"en-GB\",\"potentialAction\":[{\"@type\":\"ReadAction\",\"target\":[\"https:\\\/\\\/lahingupood.ee\\\/toode\\\/specna-arms-flex-f02\\\/\"]}]},{\"@type\":\"ImageObject\",\"inLanguage\":\"en-GB\",\"@id\":\"https:\\\/\\\/lahingupood.ee\\\/toode\\\/specna-arms-flex-f02\\\/#primaryimage\",\"url\":\"https:\\\/\\\/lahingupood.ee\\\/wp-content\\\/uploads\\\/2022\\\/05\\\/1152231751_4.webp\",\"contentUrl\":\"https:\\\/\\\/lahingupood.ee\\\/wp-content\\\/uploads\\\/2022\\\/05\\\/1152231751_4.webp\",\"width\":2000,\"height\":1333,\"caption\":\"specna-arms-f02-airsoft-replika\"},{\"@type\":\"BreadcrumbList\",\"@id\":\"https:\\\/\\\/lahingupood.ee\\\/toode\\\/specna-arms-flex-f02\\\/#breadcrumb\",\"itemListElement\":[{\"@type\":\"ListItem\",\"position\":1,\"name\":\"Home\",\"item\":\"https:\\\/\\\/lahingupood.ee\\\/\"},{\"@type\":\"ListItem\",\"position\":2,\"name\":\"Tooted\",\"item\":\"https:\\\/\\\/lahingupood.ee\\\/tooted\\\/\"},{\"@type\":\"ListItem\",\"position\":3,\"name\":\"Specna Arms Flex F02 Airsoft Replica\"}]},{\"@type\":\"WebSite\",\"@id\":\"https:\\\/\\\/lahingupood.ee\\\/#website\",\"url\":\"https:\\\/\\\/lahingupood.ee\\\/\",\"name\":\"Lahingurada e-pood\",\"description\":\"Airsoft\",\"publisher\":{\"@id\":\"https:\\\/\\\/lahingupood.ee\\\/#organization\"},\"potentialAction\":[{\"@type\":\"SearchAction\",\"target\":{\"@type\":\"EntryPoint\",\"urlTemplate\":\"https:\\\/\\\/lahingupood.ee\\\/?s={search_term_string}\"},\"query-input\":{\"@type\":\"PropertyValueSpecification\",\"valueRequired\":true,\"valueName\":\"search_term_string\"}}],\"inLanguage\":\"en-GB\"},{\"@type\":\"Organization\",\"@id\":\"https:\\\/\\\/lahingupood.ee\\\/#organization\",\"name\":\"Lahingurada\",\"url\":\"https:\\\/\\\/lahingupood.ee\\\/\",\"logo\":{\"@type\":\"ImageObject\",\"inLanguage\":\"en-GB\",\"@id\":\"https:\\\/\\\/lahingupood.ee\\\/#\\\/schema\\\/logo\\\/image\\\/\",\"url\":\"https:\\\/\\\/lahingupood.ee\\\/wp-content\\\/uploads\\\/2022\\\/03\\\/lahingurada-220318.jpg\",\"contentUrl\":\"https:\\\/\\\/lahingupood.ee\\\/wp-content\\\/uploads\\\/2022\\\/03\\\/lahingurada-220318.jpg\",\"width\":800,\"height\":500,\"caption\":\"Lahingurada\"},\"image\":{\"@id\":\"https:\\\/\\\/lahingupood.ee\\\/#\\\/schema\\\/logo\\\/image\\\/\"},\"sameAs\":[\"https:\\\/\\\/www.facebook.com\\\/Lahingurada-629940247212967\"]}]}<\/script>\n<!-- \/ Yoast SEO Premium plugin. -->","yoast_head_json":{"title":"Specna Arms Flex F02 Airsoft Replica Specna Arms Flex F02 Air","description":"Specna Arms Flex F02 Airsoft Replica. Specna Arms Flex seeria kere on valmistatud vastupidavast pol\u00fcmeerist.","robots":{"index":"index","follow":"follow","max-snippet":"max-snippet:-1","max-image-preview":"max-image-preview:large","max-video-preview":"max-video-preview:-1"},"canonical":"https:\/\/lahingupood.ee\/en\/product\/specna-arms-flex-f02\/","og_locale":"en_GB","og_type":"article","og_title":"Specna Arms Flex F02 Airsoft Replica","og_description":"Specna Arms Flex F02 Airsoft Replica. Specna Arms Flex seeria kere on valmistatud vastupidavast pol\u00fcmeerist.","og_url":"https:\/\/lahingupood.ee\/en\/product\/specna-arms-flex-f02\/","og_site_name":"Lahingurada e-pood","article_publisher":"https:\/\/www.facebook.com\/Lahingurada-629940247212967","article_modified_time":"2026-04-12T17:30:03+00:00","og_image":[{"width":2000,"height":1333,"url":"https:\/\/lahingupood.ee\/wp-content\/uploads\/2022\/05\/1152231751_4.webp","type":"image\/webp"}],"twitter_card":"summary_large_image","twitter_misc":{"Estimated reading time":"1 minute"},"schema":{"@context":"https:\/\/schema.org","@graph":[{"@type":"WebPage","@id":"https:\/\/lahingupood.ee\/toode\/specna-arms-flex-f02\/","url":"https:\/\/lahingupood.ee\/toode\/specna-arms-flex-f02\/","name":"Specna Arms Flex F02 Airsoft Replica Specna Arms Flex F02 Air","isPartOf":{"@id":"https:\/\/lahingupood.ee\/#website"},"primaryImageOfPage":{"@id":"https:\/\/lahingupood.ee\/toode\/specna-arms-flex-f02\/#primaryimage"},"image":{"@id":"https:\/\/lahingupood.ee\/toode\/specna-arms-flex-f02\/#primaryimage"},"thumbnailUrl":"https:\/\/lahingupood.ee\/wp-content\/uploads\/2022\/05\/1152231751_4.webp","datePublished":"2022-05-24T11:23:31+00:00","dateModified":"2026-04-12T17:30:03+00:00","description":"Specna Arms Flex F02 Airsoft Replica. Specna Arms Flex seeria kere on valmistatud vastupidavast pol\u00fcmeerist.","breadcrumb":{"@id":"https:\/\/lahingupood.ee\/toode\/specna-arms-flex-f02\/#breadcrumb"},"inLanguage":"en-GB","potentialAction":[{"@type":"ReadAction","target":["https:\/\/lahingupood.ee\/toode\/specna-arms-flex-f02\/"]}]},{"@type":"ImageObject","inLanguage":"en-GB","@id":"https:\/\/lahingupood.ee\/toode\/specna-arms-flex-f02\/#primaryimage","url":"https:\/\/lahingupood.ee\/wp-content\/uploads\/2022\/05\/1152231751_4.webp","contentUrl":"https:\/\/lahingupood.ee\/wp-content\/uploads\/2022\/05\/1152231751_4.webp","width":2000,"height":1333,"caption":"specna-arms-f02-airsoft-replika"},{"@type":"BreadcrumbList","@id":"https:\/\/lahingupood.ee\/toode\/specna-arms-flex-f02\/#breadcrumb","itemListElement":[{"@type":"ListItem","position":1,"name":"Home","item":"https:\/\/lahingupood.ee\/"},{"@type":"ListItem","position":2,"name":"Tooted","item":"https:\/\/lahingupood.ee\/tooted\/"},{"@type":"ListItem","position":3,"name":"Specna Arms Flex F02 Airsoft Replica"}]},{"@type":"WebSite","@id":"https:\/\/lahingupood.ee\/#website","url":"https:\/\/lahingupood.ee\/","name":"Lahingurada e-pood","description":"Airsoft","publisher":{"@id":"https:\/\/lahingupood.ee\/#organization"},"potentialAction":[{"@type":"SearchAction","target":{"@type":"EntryPoint","urlTemplate":"https:\/\/lahingupood.ee\/?s={search_term_string}"},"query-input":{"@type":"PropertyValueSpecification","valueRequired":true,"valueName":"search_term_string"}}],"inLanguage":"en-GB"},{"@type":"Organization","@id":"https:\/\/lahingupood.ee\/#organization","name":"Lahingurada","url":"https:\/\/lahingupood.ee\/","logo":{"@type":"ImageObject","inLanguage":"en-GB","@id":"https:\/\/lahingupood.ee\/#\/schema\/logo\/image\/","url":"https:\/\/lahingupood.ee\/wp-content\/uploads\/2022\/03\/lahingurada-220318.jpg","contentUrl":"https:\/\/lahingupood.ee\/wp-content\/uploads\/2022\/03\/lahingurada-220318.jpg","width":800,"height":500,"caption":"Lahingurada"},"image":{"@id":"https:\/\/lahingupood.ee\/#\/schema\/logo\/image\/"},"sameAs":["https:\/\/www.facebook.com\/Lahingurada-629940247212967"]}]}},"_links":{"self":[{"href":"https:\/\/lahingupood.ee\/en\/wp-json\/wp\/v2\/product\/969","targetHints":{"allow":["GET"]}}],"collection":[{"href":"https:\/\/lahingupood.ee\/en\/wp-json\/wp\/v2\/product"}],"about":[{"href":"https:\/\/lahingupood.ee\/en\/wp-json\/wp\/v2\/types\/product"}],"wp:featuredmedia":[{"embeddable":true,"href":"https:\/\/lahingupood.ee\/en\/wp-json\/wp\/v2\/media\/970"}],"wp:attachment":[{"href":"https:\/\/lahingupood.ee\/en\/wp-json\/wp\/v2\/media?parent=969"}],"wp:term":[{"taxonomy":"product_brand","embeddable":true,"href":"https:\/\/lahingupood.ee\/en\/wp-json\/wp\/v2\/product_brand?post=969"},{"taxonomy":"product_cat","embeddable":true,"href":"https:\/\/lahingupood.ee\/en\/wp-json\/wp\/v2\/product_cat?post=969"},{"taxonomy":"product_tag","embeddable":true,"href":"https:\/\/lahingupood.ee\/en\/wp-json\/wp\/v2\/product_tag?post=969"}],"curies":[{"name":"wp","href":"https:\/\/api.w.org\/{rel}","templated":true}]}}