{"id":965,"date":"2022-05-24T14:13:59","date_gmt":"2022-05-24T11:13:59","guid":{"rendered":"https:\/\/lahingupood.ee\/?post_type=product&#038;p=965"},"modified":"2026-04-12T20:30:07","modified_gmt":"2026-04-12T17:30:07","slug":"el-elak12-ak12-replika-aeg","status":"publish","type":"product","link":"https:\/\/lahingupood.ee\/en\/product\/el-elak12-ak12-replika-aeg\/","title":{"rendered":"E&amp;L ELAK12 AK12 Airsoft replika AEG"},"content":{"rendered":"<p>E&amp;L ELAK12 AK12 Airsoft replika AEG<\/p>\n<p>AK12 on AK seeria k\u00f5ige uuem toode. V\u00f5rreldes eelk\u00e4ijatega on AK12-le tunduvalt lihtsam paigaldada lisavarustust t\u00e4nu olemasolevatele reilidele. Peale originaalsalvede on v\u00f5imalik kasutada ka teiste mudelite salvesid<\/p>","protected":false},"excerpt":{"rendered":"<p>E&amp;L replikaid on tunnistatud AK seeria k\u00f5ige realistlikumateks tulirelvade koopiateks. Relv on valmistatud valdavalt terasest. Antud mudelil on laes\u00e4\u00e4r ja kokkuvolditav kaba tugevast pol\u00fcmeerist. AK-seeria k\u00f5ige v\u00e4rskem toode, mis muudab AK t\u00e4nap\u00e4evaseks relvas\u00fcsteemiks. Realistlik v\u00e4limus ja tugev sisu teeb sellest hea valiku n\u00f5udlikumale kasutajale. Originaalsalvede k\u00f5rval s\u00f6\u00f6b ka teiste AK mudelite salvesid.<\/p>","protected":false},"featured_media":966,"template":"","meta":[],"product_brand":[],"product_cat":[23,77],"product_tag":[],"class_list":{"0":"post-965","1":"product","2":"type-product","3":"status-publish","4":"has-post-thumbnail","6":"product_cat-elektrilised-relvad","7":"product_cat-sooduspakkumised","9":"first","10":"outofstock","11":"sale","12":"taxable","13":"shipping-taxable","14":"purchasable","15":"product-type-simple"},"yoast_head":"<!-- This site is optimized with the Yoast SEO Premium plugin v27.3 (Yoast SEO v27.3) - https:\/\/yoast.com\/product\/yoast-seo-premium-wordpress\/ -->\n<title>E&amp;L ELAK12 AK12 Airsoft replika AEG - Lahingurada e-pood<\/title>\n<meta name=\"description\" content=\"E&amp;L ELAK12 AK12 Airsoft replika AEGAK12 on AK seeria k\u00f5ige uuem toode. E&amp;L ELAK12 AK12 Airsoft replika AEG\" \/>\n<meta name=\"robots\" content=\"index, follow, max-snippet:-1, max-image-preview:large, max-video-preview:-1\" \/>\n<link rel=\"canonical\" href=\"https:\/\/lahingupood.ee\/en\/product\/el-elak12-ak12-replika-aeg\/\" \/>\n<meta property=\"og:locale\" content=\"en_GB\" \/>\n<meta property=\"og:type\" content=\"article\" \/>\n<meta property=\"og:title\" content=\"E&amp;L ELAK12 AK12 Airsoft replika AEG\" \/>\n<meta property=\"og:description\" content=\"E&amp;L ELAK12 AK12 Airsoft replika AEGAK12 on AK seeria k\u00f5ige uuem toode. E&amp;L ELAK12 AK12 Airsoft replika AEG\" \/>\n<meta property=\"og:url\" content=\"https:\/\/lahingupood.ee\/en\/product\/el-elak12-ak12-replika-aeg\/\" \/>\n<meta property=\"og:site_name\" content=\"Lahingurada e-pood\" \/>\n<meta property=\"article:publisher\" content=\"https:\/\/www.facebook.com\/Lahingurada-629940247212967\" \/>\n<meta property=\"article:modified_time\" content=\"2026-04-12T17:30:07+00:00\" \/>\n<meta property=\"og:image\" content=\"https:\/\/lahingupood.ee\/wp-content\/uploads\/2022\/05\/1152230891_4.webp\" \/>\n\t<meta property=\"og:image:width\" content=\"2000\" \/>\n\t<meta property=\"og:image:height\" content=\"1333\" \/>\n\t<meta property=\"og:image:type\" content=\"image\/webp\" \/>\n<meta name=\"twitter:card\" content=\"summary_large_image\" \/>\n<meta name=\"twitter:label1\" content=\"Estimated reading time\" \/>\n\t<meta name=\"twitter:data1\" content=\"1 minute\" \/>\n<script type=\"application\/ld+json\" class=\"yoast-schema-graph\">{\"@context\":\"https:\\\/\\\/schema.org\",\"@graph\":[{\"@type\":\"WebPage\",\"@id\":\"https:\\\/\\\/lahingupood.ee\\\/toode\\\/el-elak12-ak12-replika-aeg\\\/\",\"url\":\"https:\\\/\\\/lahingupood.ee\\\/toode\\\/el-elak12-ak12-replika-aeg\\\/\",\"name\":\"E&amp;L ELAK12 AK12 Airsoft replika AEG - Lahingurada e-pood\",\"isPartOf\":{\"@id\":\"https:\\\/\\\/lahingupood.ee\\\/#website\"},\"primaryImageOfPage\":{\"@id\":\"https:\\\/\\\/lahingupood.ee\\\/toode\\\/el-elak12-ak12-replika-aeg\\\/#primaryimage\"},\"image\":{\"@id\":\"https:\\\/\\\/lahingupood.ee\\\/toode\\\/el-elak12-ak12-replika-aeg\\\/#primaryimage\"},\"thumbnailUrl\":\"https:\\\/\\\/lahingupood.ee\\\/wp-content\\\/uploads\\\/2022\\\/05\\\/1152230891_4.webp\",\"datePublished\":\"2022-05-24T11:13:59+00:00\",\"dateModified\":\"2026-04-12T17:30:07+00:00\",\"description\":\"E&L ELAK12 AK12 Airsoft replika AEGAK12 on AK seeria k\u00f5ige uuem toode. E&amp;L ELAK12 AK12 Airsoft replika AEG\",\"breadcrumb\":{\"@id\":\"https:\\\/\\\/lahingupood.ee\\\/toode\\\/el-elak12-ak12-replika-aeg\\\/#breadcrumb\"},\"inLanguage\":\"en-GB\",\"potentialAction\":[{\"@type\":\"ReadAction\",\"target\":[\"https:\\\/\\\/lahingupood.ee\\\/toode\\\/el-elak12-ak12-replika-aeg\\\/\"]}]},{\"@type\":\"ImageObject\",\"inLanguage\":\"en-GB\",\"@id\":\"https:\\\/\\\/lahingupood.ee\\\/toode\\\/el-elak12-ak12-replika-aeg\\\/#primaryimage\",\"url\":\"https:\\\/\\\/lahingupood.ee\\\/wp-content\\\/uploads\\\/2022\\\/05\\\/1152230891_4.webp\",\"contentUrl\":\"https:\\\/\\\/lahingupood.ee\\\/wp-content\\\/uploads\\\/2022\\\/05\\\/1152230891_4.webp\",\"width\":2000,\"height\":1333,\"caption\":\"EL-ELAK12-airsoft-replika\"},{\"@type\":\"BreadcrumbList\",\"@id\":\"https:\\\/\\\/lahingupood.ee\\\/toode\\\/el-elak12-ak12-replika-aeg\\\/#breadcrumb\",\"itemListElement\":[{\"@type\":\"ListItem\",\"position\":1,\"name\":\"Home\",\"item\":\"https:\\\/\\\/lahingupood.ee\\\/\"},{\"@type\":\"ListItem\",\"position\":2,\"name\":\"Tooted\",\"item\":\"https:\\\/\\\/lahingupood.ee\\\/tooted\\\/\"},{\"@type\":\"ListItem\",\"position\":3,\"name\":\"E&amp;L ELAK12 AK12 Airsoft replika AEG\"}]},{\"@type\":\"WebSite\",\"@id\":\"https:\\\/\\\/lahingupood.ee\\\/#website\",\"url\":\"https:\\\/\\\/lahingupood.ee\\\/\",\"name\":\"Lahingurada e-pood\",\"description\":\"Airsoft\",\"publisher\":{\"@id\":\"https:\\\/\\\/lahingupood.ee\\\/#organization\"},\"potentialAction\":[{\"@type\":\"SearchAction\",\"target\":{\"@type\":\"EntryPoint\",\"urlTemplate\":\"https:\\\/\\\/lahingupood.ee\\\/?s={search_term_string}\"},\"query-input\":{\"@type\":\"PropertyValueSpecification\",\"valueRequired\":true,\"valueName\":\"search_term_string\"}}],\"inLanguage\":\"en-GB\"},{\"@type\":\"Organization\",\"@id\":\"https:\\\/\\\/lahingupood.ee\\\/#organization\",\"name\":\"Lahingurada\",\"url\":\"https:\\\/\\\/lahingupood.ee\\\/\",\"logo\":{\"@type\":\"ImageObject\",\"inLanguage\":\"en-GB\",\"@id\":\"https:\\\/\\\/lahingupood.ee\\\/#\\\/schema\\\/logo\\\/image\\\/\",\"url\":\"https:\\\/\\\/lahingupood.ee\\\/wp-content\\\/uploads\\\/2022\\\/03\\\/lahingurada-220318.jpg\",\"contentUrl\":\"https:\\\/\\\/lahingupood.ee\\\/wp-content\\\/uploads\\\/2022\\\/03\\\/lahingurada-220318.jpg\",\"width\":800,\"height\":500,\"caption\":\"Lahingurada\"},\"image\":{\"@id\":\"https:\\\/\\\/lahingupood.ee\\\/#\\\/schema\\\/logo\\\/image\\\/\"},\"sameAs\":[\"https:\\\/\\\/www.facebook.com\\\/Lahingurada-629940247212967\"]}]}<\/script>\n<!-- \/ Yoast SEO Premium plugin. -->","yoast_head_json":{"title":"E&amp;L ELAK12 AK12 Airsoft replika AEG - Lahingurada e-pood","description":"E&L ELAK12 AK12 Airsoft replika AEGAK12 on AK seeria k\u00f5ige uuem toode. E&amp;L ELAK12 AK12 Airsoft replika AEG","robots":{"index":"index","follow":"follow","max-snippet":"max-snippet:-1","max-image-preview":"max-image-preview:large","max-video-preview":"max-video-preview:-1"},"canonical":"https:\/\/lahingupood.ee\/en\/product\/el-elak12-ak12-replika-aeg\/","og_locale":"en_GB","og_type":"article","og_title":"E&amp;L ELAK12 AK12 Airsoft replika AEG","og_description":"E&L ELAK12 AK12 Airsoft replika AEGAK12 on AK seeria k\u00f5ige uuem toode. E&amp;L ELAK12 AK12 Airsoft replika AEG","og_url":"https:\/\/lahingupood.ee\/en\/product\/el-elak12-ak12-replika-aeg\/","og_site_name":"Lahingurada e-pood","article_publisher":"https:\/\/www.facebook.com\/Lahingurada-629940247212967","article_modified_time":"2026-04-12T17:30:07+00:00","og_image":[{"width":2000,"height":1333,"url":"https:\/\/lahingupood.ee\/wp-content\/uploads\/2022\/05\/1152230891_4.webp","type":"image\/webp"}],"twitter_card":"summary_large_image","twitter_misc":{"Estimated reading time":"1 minute"},"schema":{"@context":"https:\/\/schema.org","@graph":[{"@type":"WebPage","@id":"https:\/\/lahingupood.ee\/toode\/el-elak12-ak12-replika-aeg\/","url":"https:\/\/lahingupood.ee\/toode\/el-elak12-ak12-replika-aeg\/","name":"E&amp;L ELAK12 AK12 Airsoft replika AEG - Lahingurada e-pood","isPartOf":{"@id":"https:\/\/lahingupood.ee\/#website"},"primaryImageOfPage":{"@id":"https:\/\/lahingupood.ee\/toode\/el-elak12-ak12-replika-aeg\/#primaryimage"},"image":{"@id":"https:\/\/lahingupood.ee\/toode\/el-elak12-ak12-replika-aeg\/#primaryimage"},"thumbnailUrl":"https:\/\/lahingupood.ee\/wp-content\/uploads\/2022\/05\/1152230891_4.webp","datePublished":"2022-05-24T11:13:59+00:00","dateModified":"2026-04-12T17:30:07+00:00","description":"E&L ELAK12 AK12 Airsoft replika AEGAK12 on AK seeria k\u00f5ige uuem toode. E&amp;L ELAK12 AK12 Airsoft replika AEG","breadcrumb":{"@id":"https:\/\/lahingupood.ee\/toode\/el-elak12-ak12-replika-aeg\/#breadcrumb"},"inLanguage":"en-GB","potentialAction":[{"@type":"ReadAction","target":["https:\/\/lahingupood.ee\/toode\/el-elak12-ak12-replika-aeg\/"]}]},{"@type":"ImageObject","inLanguage":"en-GB","@id":"https:\/\/lahingupood.ee\/toode\/el-elak12-ak12-replika-aeg\/#primaryimage","url":"https:\/\/lahingupood.ee\/wp-content\/uploads\/2022\/05\/1152230891_4.webp","contentUrl":"https:\/\/lahingupood.ee\/wp-content\/uploads\/2022\/05\/1152230891_4.webp","width":2000,"height":1333,"caption":"EL-ELAK12-airsoft-replika"},{"@type":"BreadcrumbList","@id":"https:\/\/lahingupood.ee\/toode\/el-elak12-ak12-replika-aeg\/#breadcrumb","itemListElement":[{"@type":"ListItem","position":1,"name":"Home","item":"https:\/\/lahingupood.ee\/"},{"@type":"ListItem","position":2,"name":"Tooted","item":"https:\/\/lahingupood.ee\/tooted\/"},{"@type":"ListItem","position":3,"name":"E&amp;L ELAK12 AK12 Airsoft replika AEG"}]},{"@type":"WebSite","@id":"https:\/\/lahingupood.ee\/#website","url":"https:\/\/lahingupood.ee\/","name":"Lahingurada e-pood","description":"Airsoft","publisher":{"@id":"https:\/\/lahingupood.ee\/#organization"},"potentialAction":[{"@type":"SearchAction","target":{"@type":"EntryPoint","urlTemplate":"https:\/\/lahingupood.ee\/?s={search_term_string}"},"query-input":{"@type":"PropertyValueSpecification","valueRequired":true,"valueName":"search_term_string"}}],"inLanguage":"en-GB"},{"@type":"Organization","@id":"https:\/\/lahingupood.ee\/#organization","name":"Lahingurada","url":"https:\/\/lahingupood.ee\/","logo":{"@type":"ImageObject","inLanguage":"en-GB","@id":"https:\/\/lahingupood.ee\/#\/schema\/logo\/image\/","url":"https:\/\/lahingupood.ee\/wp-content\/uploads\/2022\/03\/lahingurada-220318.jpg","contentUrl":"https:\/\/lahingupood.ee\/wp-content\/uploads\/2022\/03\/lahingurada-220318.jpg","width":800,"height":500,"caption":"Lahingurada"},"image":{"@id":"https:\/\/lahingupood.ee\/#\/schema\/logo\/image\/"},"sameAs":["https:\/\/www.facebook.com\/Lahingurada-629940247212967"]}]}},"_links":{"self":[{"href":"https:\/\/lahingupood.ee\/en\/wp-json\/wp\/v2\/product\/965","targetHints":{"allow":["GET"]}}],"collection":[{"href":"https:\/\/lahingupood.ee\/en\/wp-json\/wp\/v2\/product"}],"about":[{"href":"https:\/\/lahingupood.ee\/en\/wp-json\/wp\/v2\/types\/product"}],"wp:featuredmedia":[{"embeddable":true,"href":"https:\/\/lahingupood.ee\/en\/wp-json\/wp\/v2\/media\/966"}],"wp:attachment":[{"href":"https:\/\/lahingupood.ee\/en\/wp-json\/wp\/v2\/media?parent=965"}],"wp:term":[{"taxonomy":"product_brand","embeddable":true,"href":"https:\/\/lahingupood.ee\/en\/wp-json\/wp\/v2\/product_brand?post=965"},{"taxonomy":"product_cat","embeddable":true,"href":"https:\/\/lahingupood.ee\/en\/wp-json\/wp\/v2\/product_cat?post=965"},{"taxonomy":"product_tag","embeddable":true,"href":"https:\/\/lahingupood.ee\/en\/wp-json\/wp\/v2\/product_tag?post=965"}],"curies":[{"name":"wp","href":"https:\/\/api.w.org\/{rel}","templated":true}]}}