{"id":961,"date":"2022-05-24T14:03:29","date_gmt":"2022-05-24T11:03:29","guid":{"rendered":"https:\/\/lahingupood.ee\/?post_type=product&#038;p=961"},"modified":"2026-04-12T18:30:06","modified_gmt":"2026-04-12T15:30:06","slug":"specna-arms-%d1%81nc-hopup-chamber-ak","status":"publish","type":"product","link":"https:\/\/lahingupood.ee\/en\/product\/specna-arms-%d1%81nc-hopup-chamber-ak\/","title":{"rendered":"Specna Arms \u0421NC Hopup Chamber AK"},"content":{"rendered":"<p>Specna Arms \u0421NC Hopup Chamber AK<\/p>\n<p>Freesitud alumiiniumist AK t\u00fc\u00fcpi HopUp kamber on palju vastupidavam ja t\u00e4psem kui plastikust kambrid. See v\u00f5imaldab palju t\u00e4psemat h\u00e4\u00e4lestamist kui hammasrattastega HopUp. Sobib H\u00e4sti kokku <a href=\"https:\/\/lahingupood.ee\/en\/product\/maple-leaf-hopup-kumm-50\/\">Maple Leaf HopUp kummiga<\/a> ja <a href=\"https:\/\/lahingupood.ee\/en\/product\/maple-leaf-hopup-tensioner\/\">surukummiga<\/a>.<\/p>","protected":false},"excerpt":{"rendered":"<p>Specna Arms \u0421NC Hopup Chamber AK Freesitud alumiiniumist AK t\u00fc\u00fcpi HopUp kamber on palju vastupidavam ja t\u00e4psem kui plastikust kambrid. See v\u00f5imaldab palju t\u00e4psemat h\u00e4\u00e4lestamist kui hammasrattastega HopUp. Sobib H\u00e4sti kokku Maple Leaf HopUp kummiga ja surukummiga.<\/p>","protected":false},"featured_media":962,"template":"","meta":[],"product_brand":[],"product_cat":[72],"product_tag":[],"class_list":{"0":"post-961","1":"product","2":"type-product","3":"status-publish","4":"has-post-thumbnail","6":"product_cat-hopup","8":"first","9":"instock","10":"taxable","11":"shipping-taxable","12":"purchasable","13":"product-type-simple"},"yoast_head":"<!-- This site is optimized with the Yoast SEO Premium plugin v27.3 (Yoast SEO v27.3) - https:\/\/yoast.com\/product\/yoast-seo-premium-wordpress\/ -->\n<title>Specna Arms \u0421NC Hopup Chamber AK Lahingurada e-pood<\/title>\n<meta name=\"description\" content=\"Specna Arms \u0421NC Hopup Chamber AK Freesitud alumiiniumist AK t\u00fc\u00fcpi HopUp kamber on palju vastupidavam ja t\u00e4psem kui plastikust kambrid.\" \/>\n<meta name=\"robots\" content=\"index, follow, max-snippet:-1, max-image-preview:large, max-video-preview:-1\" \/>\n<link rel=\"canonical\" href=\"https:\/\/lahingupood.ee\/en\/product\/specna-arms-\u0441nc-hopup-chamber-ak\/\" \/>\n<meta property=\"og:locale\" content=\"en_GB\" \/>\n<meta property=\"og:type\" content=\"article\" \/>\n<meta property=\"og:title\" content=\"Specna Arms \u0421NC Hopup Chamber AK\" \/>\n<meta property=\"og:description\" content=\"Specna Arms \u0421NC Hopup Chamber AK Freesitud alumiiniumist AK t\u00fc\u00fcpi HopUp kamber on palju vastupidavam ja t\u00e4psem kui plastikust kambrid.\" \/>\n<meta property=\"og:url\" content=\"https:\/\/lahingupood.ee\/en\/product\/specna-arms-\u0441nc-hopup-chamber-ak\/\" \/>\n<meta property=\"og:site_name\" content=\"Lahingurada e-pood\" \/>\n<meta property=\"article:publisher\" content=\"https:\/\/www.facebook.com\/Lahingurada-629940247212967\" \/>\n<meta property=\"article:modified_time\" content=\"2026-04-12T15:30:06+00:00\" \/>\n<meta property=\"og:image\" content=\"https:\/\/lahingupood.ee\/wp-content\/uploads\/2022\/05\/1152221088_1.webp\" \/>\n\t<meta property=\"og:image:width\" content=\"1999\" \/>\n\t<meta property=\"og:image:height\" content=\"1333\" \/>\n\t<meta property=\"og:image:type\" content=\"image\/webp\" \/>\n<meta name=\"twitter:card\" content=\"summary_large_image\" \/>\n<meta name=\"twitter:label1\" content=\"Estimated reading time\" \/>\n\t<meta name=\"twitter:data1\" content=\"1 minute\" \/>\n<script type=\"application\/ld+json\" class=\"yoast-schema-graph\">{\"@context\":\"https:\\\/\\\/schema.org\",\"@graph\":[{\"@type\":\"WebPage\",\"@id\":\"https:\\\/\\\/lahingupood.ee\\\/toode\\\/specna-arms-%d1%81nc-hopup-chamber-ak\\\/\",\"url\":\"https:\\\/\\\/lahingupood.ee\\\/toode\\\/specna-arms-%d1%81nc-hopup-chamber-ak\\\/\",\"name\":\"Specna Arms \u0421NC Hopup Chamber AK Lahingurada e-pood\",\"isPartOf\":{\"@id\":\"https:\\\/\\\/lahingupood.ee\\\/#website\"},\"primaryImageOfPage\":{\"@id\":\"https:\\\/\\\/lahingupood.ee\\\/toode\\\/specna-arms-%d1%81nc-hopup-chamber-ak\\\/#primaryimage\"},\"image\":{\"@id\":\"https:\\\/\\\/lahingupood.ee\\\/toode\\\/specna-arms-%d1%81nc-hopup-chamber-ak\\\/#primaryimage\"},\"thumbnailUrl\":\"https:\\\/\\\/lahingupood.ee\\\/wp-content\\\/uploads\\\/2022\\\/05\\\/1152221088_1.webp\",\"datePublished\":\"2022-05-24T11:03:29+00:00\",\"dateModified\":\"2026-04-12T15:30:06+00:00\",\"description\":\"Specna Arms \u0421NC Hopup Chamber AK Freesitud alumiiniumist AK t\u00fc\u00fcpi HopUp kamber on palju vastupidavam ja t\u00e4psem kui plastikust kambrid.\",\"breadcrumb\":{\"@id\":\"https:\\\/\\\/lahingupood.ee\\\/toode\\\/specna-arms-%d1%81nc-hopup-chamber-ak\\\/#breadcrumb\"},\"inLanguage\":\"en-GB\",\"potentialAction\":[{\"@type\":\"ReadAction\",\"target\":[\"https:\\\/\\\/lahingupood.ee\\\/toode\\\/specna-arms-%d1%81nc-hopup-chamber-ak\\\/\"]}]},{\"@type\":\"ImageObject\",\"inLanguage\":\"en-GB\",\"@id\":\"https:\\\/\\\/lahingupood.ee\\\/toode\\\/specna-arms-%d1%81nc-hopup-chamber-ak\\\/#primaryimage\",\"url\":\"https:\\\/\\\/lahingupood.ee\\\/wp-content\\\/uploads\\\/2022\\\/05\\\/1152221088_1.webp\",\"contentUrl\":\"https:\\\/\\\/lahingupood.ee\\\/wp-content\\\/uploads\\\/2022\\\/05\\\/1152221088_1.webp\",\"width\":1999,\"height\":1333,\"caption\":\"specna-arms-\u0441nc-hopup-chamber-ak\"},{\"@type\":\"BreadcrumbList\",\"@id\":\"https:\\\/\\\/lahingupood.ee\\\/toode\\\/specna-arms-%d1%81nc-hopup-chamber-ak\\\/#breadcrumb\",\"itemListElement\":[{\"@type\":\"ListItem\",\"position\":1,\"name\":\"Home\",\"item\":\"https:\\\/\\\/lahingupood.ee\\\/\"},{\"@type\":\"ListItem\",\"position\":2,\"name\":\"Tooted\",\"item\":\"https:\\\/\\\/lahingupood.ee\\\/tooted\\\/\"},{\"@type\":\"ListItem\",\"position\":3,\"name\":\"Specna Arms \u0421NC Hopup Chamber AK\"}]},{\"@type\":\"WebSite\",\"@id\":\"https:\\\/\\\/lahingupood.ee\\\/#website\",\"url\":\"https:\\\/\\\/lahingupood.ee\\\/\",\"name\":\"Lahingurada e-pood\",\"description\":\"Airsoft\",\"publisher\":{\"@id\":\"https:\\\/\\\/lahingupood.ee\\\/#organization\"},\"potentialAction\":[{\"@type\":\"SearchAction\",\"target\":{\"@type\":\"EntryPoint\",\"urlTemplate\":\"https:\\\/\\\/lahingupood.ee\\\/?s={search_term_string}\"},\"query-input\":{\"@type\":\"PropertyValueSpecification\",\"valueRequired\":true,\"valueName\":\"search_term_string\"}}],\"inLanguage\":\"en-GB\"},{\"@type\":\"Organization\",\"@id\":\"https:\\\/\\\/lahingupood.ee\\\/#organization\",\"name\":\"Lahingurada\",\"url\":\"https:\\\/\\\/lahingupood.ee\\\/\",\"logo\":{\"@type\":\"ImageObject\",\"inLanguage\":\"en-GB\",\"@id\":\"https:\\\/\\\/lahingupood.ee\\\/#\\\/schema\\\/logo\\\/image\\\/\",\"url\":\"https:\\\/\\\/lahingupood.ee\\\/wp-content\\\/uploads\\\/2022\\\/03\\\/lahingurada-220318.jpg\",\"contentUrl\":\"https:\\\/\\\/lahingupood.ee\\\/wp-content\\\/uploads\\\/2022\\\/03\\\/lahingurada-220318.jpg\",\"width\":800,\"height\":500,\"caption\":\"Lahingurada\"},\"image\":{\"@id\":\"https:\\\/\\\/lahingupood.ee\\\/#\\\/schema\\\/logo\\\/image\\\/\"},\"sameAs\":[\"https:\\\/\\\/www.facebook.com\\\/Lahingurada-629940247212967\"]}]}<\/script>\n<!-- \/ Yoast SEO Premium plugin. -->","yoast_head_json":{"title":"Specna Arms \u0421NC Hopup Chamber AK Lahingurada e-pood","description":"Specna Arms \u0421NC Hopup Chamber AK Freesitud alumiiniumist AK t\u00fc\u00fcpi HopUp kamber on palju vastupidavam ja t\u00e4psem kui plastikust kambrid.","robots":{"index":"index","follow":"follow","max-snippet":"max-snippet:-1","max-image-preview":"max-image-preview:large","max-video-preview":"max-video-preview:-1"},"canonical":"https:\/\/lahingupood.ee\/en\/product\/specna-arms-\u0441nc-hopup-chamber-ak\/","og_locale":"en_GB","og_type":"article","og_title":"Specna Arms \u0421NC Hopup Chamber AK","og_description":"Specna Arms \u0421NC Hopup Chamber AK Freesitud alumiiniumist AK t\u00fc\u00fcpi HopUp kamber on palju vastupidavam ja t\u00e4psem kui plastikust kambrid.","og_url":"https:\/\/lahingupood.ee\/en\/product\/specna-arms-\u0441nc-hopup-chamber-ak\/","og_site_name":"Lahingurada e-pood","article_publisher":"https:\/\/www.facebook.com\/Lahingurada-629940247212967","article_modified_time":"2026-04-12T15:30:06+00:00","og_image":[{"width":1999,"height":1333,"url":"https:\/\/lahingupood.ee\/wp-content\/uploads\/2022\/05\/1152221088_1.webp","type":"image\/webp"}],"twitter_card":"summary_large_image","twitter_misc":{"Estimated reading time":"1 minute"},"schema":{"@context":"https:\/\/schema.org","@graph":[{"@type":"WebPage","@id":"https:\/\/lahingupood.ee\/toode\/specna-arms-%d1%81nc-hopup-chamber-ak\/","url":"https:\/\/lahingupood.ee\/toode\/specna-arms-%d1%81nc-hopup-chamber-ak\/","name":"Specna Arms \u0421NC Hopup Chamber AK Lahingurada e-pood","isPartOf":{"@id":"https:\/\/lahingupood.ee\/#website"},"primaryImageOfPage":{"@id":"https:\/\/lahingupood.ee\/toode\/specna-arms-%d1%81nc-hopup-chamber-ak\/#primaryimage"},"image":{"@id":"https:\/\/lahingupood.ee\/toode\/specna-arms-%d1%81nc-hopup-chamber-ak\/#primaryimage"},"thumbnailUrl":"https:\/\/lahingupood.ee\/wp-content\/uploads\/2022\/05\/1152221088_1.webp","datePublished":"2022-05-24T11:03:29+00:00","dateModified":"2026-04-12T15:30:06+00:00","description":"Specna Arms \u0421NC Hopup Chamber AK Freesitud alumiiniumist AK t\u00fc\u00fcpi HopUp kamber on palju vastupidavam ja t\u00e4psem kui plastikust kambrid.","breadcrumb":{"@id":"https:\/\/lahingupood.ee\/toode\/specna-arms-%d1%81nc-hopup-chamber-ak\/#breadcrumb"},"inLanguage":"en-GB","potentialAction":[{"@type":"ReadAction","target":["https:\/\/lahingupood.ee\/toode\/specna-arms-%d1%81nc-hopup-chamber-ak\/"]}]},{"@type":"ImageObject","inLanguage":"en-GB","@id":"https:\/\/lahingupood.ee\/toode\/specna-arms-%d1%81nc-hopup-chamber-ak\/#primaryimage","url":"https:\/\/lahingupood.ee\/wp-content\/uploads\/2022\/05\/1152221088_1.webp","contentUrl":"https:\/\/lahingupood.ee\/wp-content\/uploads\/2022\/05\/1152221088_1.webp","width":1999,"height":1333,"caption":"specna-arms-\u0441nc-hopup-chamber-ak"},{"@type":"BreadcrumbList","@id":"https:\/\/lahingupood.ee\/toode\/specna-arms-%d1%81nc-hopup-chamber-ak\/#breadcrumb","itemListElement":[{"@type":"ListItem","position":1,"name":"Home","item":"https:\/\/lahingupood.ee\/"},{"@type":"ListItem","position":2,"name":"Tooted","item":"https:\/\/lahingupood.ee\/tooted\/"},{"@type":"ListItem","position":3,"name":"Specna Arms \u0421NC Hopup Chamber AK"}]},{"@type":"WebSite","@id":"https:\/\/lahingupood.ee\/#website","url":"https:\/\/lahingupood.ee\/","name":"Lahingurada e-pood","description":"Airsoft","publisher":{"@id":"https:\/\/lahingupood.ee\/#organization"},"potentialAction":[{"@type":"SearchAction","target":{"@type":"EntryPoint","urlTemplate":"https:\/\/lahingupood.ee\/?s={search_term_string}"},"query-input":{"@type":"PropertyValueSpecification","valueRequired":true,"valueName":"search_term_string"}}],"inLanguage":"en-GB"},{"@type":"Organization","@id":"https:\/\/lahingupood.ee\/#organization","name":"Lahingurada","url":"https:\/\/lahingupood.ee\/","logo":{"@type":"ImageObject","inLanguage":"en-GB","@id":"https:\/\/lahingupood.ee\/#\/schema\/logo\/image\/","url":"https:\/\/lahingupood.ee\/wp-content\/uploads\/2022\/03\/lahingurada-220318.jpg","contentUrl":"https:\/\/lahingupood.ee\/wp-content\/uploads\/2022\/03\/lahingurada-220318.jpg","width":800,"height":500,"caption":"Lahingurada"},"image":{"@id":"https:\/\/lahingupood.ee\/#\/schema\/logo\/image\/"},"sameAs":["https:\/\/www.facebook.com\/Lahingurada-629940247212967"]}]}},"_links":{"self":[{"href":"https:\/\/lahingupood.ee\/en\/wp-json\/wp\/v2\/product\/961","targetHints":{"allow":["GET"]}}],"collection":[{"href":"https:\/\/lahingupood.ee\/en\/wp-json\/wp\/v2\/product"}],"about":[{"href":"https:\/\/lahingupood.ee\/en\/wp-json\/wp\/v2\/types\/product"}],"wp:featuredmedia":[{"embeddable":true,"href":"https:\/\/lahingupood.ee\/en\/wp-json\/wp\/v2\/media\/962"}],"wp:attachment":[{"href":"https:\/\/lahingupood.ee\/en\/wp-json\/wp\/v2\/media?parent=961"}],"wp:term":[{"taxonomy":"product_brand","embeddable":true,"href":"https:\/\/lahingupood.ee\/en\/wp-json\/wp\/v2\/product_brand?post=961"},{"taxonomy":"product_cat","embeddable":true,"href":"https:\/\/lahingupood.ee\/en\/wp-json\/wp\/v2\/product_cat?post=961"},{"taxonomy":"product_tag","embeddable":true,"href":"https:\/\/lahingupood.ee\/en\/wp-json\/wp\/v2\/product_tag?post=961"}],"curies":[{"name":"wp","href":"https:\/\/api.w.org\/{rel}","templated":true}]}}