{"id":957,"date":"2022-05-24T14:00:06","date_gmt":"2022-05-24T11:00:06","guid":{"rendered":"https:\/\/lahingupood.ee\/?post_type=product&#038;p=957"},"modified":"2026-05-02T21:00:04","modified_gmt":"2026-05-02T18:00:04","slug":"amomax-glock-holster-left-handed-black","status":"publish","type":"product","link":"https:\/\/lahingupood.ee\/en\/product\/amomax-glock-holster-left-handed-black\/","title":{"rendered":"Amomax Glocki kabuur vasaku k\u00e4elistele"},"content":{"rendered":"<p data-start=\"344\" data-end=\"591\">Amomax Glock holster left handed on spetsiaalselt vasakuk\u00e4elistele kasutajatele m\u00f5eldud kabuur, mis on disainitud Glock t\u00fc\u00fcpi Airsoft p\u00fcstolitele. See kabuur pakub turvalist kinnitust ning v\u00f5imaldab relvale kiiret ligip\u00e4\u00e4su erinevates olukordades.<\/p>\n<p data-start=\"593\" data-end=\"824\">Amomax Glock holster left handed on valmistatud vastupidavast pol\u00fcmeerist, mis talub h\u00e4sti igap\u00e4evast kasutust ja kulumist. Kabuur hoiab relva kindlalt paigal ning v\u00e4hendab juhusliku v\u00e4ljakukkumise riski ka aktiivse liikumise ajal.<\/p>","protected":false},"excerpt":{"rendered":"<p>Amomax Glock holster left handed on spetsiaalselt vasakuk\u00e4elistele kasutajatele m\u00f5eldud kabuur, mis on disainitud Glock t\u00fc\u00fcpi Airsoft p\u00fcstolitele. See kabuur pakub turvalist kinnitust ning v\u00f5imaldab relvale kiiret ligip\u00e4\u00e4su erinevates olukordades. Amomax Glock holster left handed on valmistatud vastupidavast pol\u00fcmeerist, mis talub h\u00e4sti igap\u00e4evast kasutust ja kulumist. Kabuur hoiab relva kindlalt paigal ning v\u00e4hendab juhusliku v\u00e4ljakukkumise [&#8230;]\n","protected":false},"featured_media":958,"template":"","meta":[],"product_brand":[],"product_cat":[68],"product_tag":[],"class_list":{"0":"post-957","1":"product","2":"type-product","3":"status-publish","4":"has-post-thumbnail","6":"product_cat-kabuurid","8":"first","9":"instock","10":"taxable","11":"shipping-taxable","12":"purchasable","13":"product-type-simple"},"yoast_head":"<!-- This site is optimized with the Yoast SEO Premium plugin v27.5 (Yoast SEO v27.5) - https:\/\/yoast.com\/product\/yoast-seo-premium-wordpress\/ -->\n<title>Amomax Glocki kabuur vasaku k\u00e4elistele - Lahingurada e-pood<\/title>\n<meta name=\"description\" content=\"Amomax Glock holster left handed on vasakuk\u00e4eline kabuur, mis sobib Glock Airsoft p\u00fcstolitele ja tagab kiire ning turvalise ligip\u00e4\u00e4su.\" \/>\n<meta name=\"robots\" content=\"index, follow, max-snippet:-1, max-image-preview:large, max-video-preview:-1\" \/>\n<link rel=\"canonical\" href=\"https:\/\/lahingupood.ee\/en\/product\/amomax-glock-holster-left-handed-black\/\" \/>\n<meta property=\"og:locale\" content=\"en_GB\" \/>\n<meta property=\"og:type\" content=\"article\" \/>\n<meta property=\"og:title\" content=\"Amomax Glocki kabuur vasaku k\u00e4elistele\" \/>\n<meta property=\"og:description\" content=\"Amomax Glock holster left handed on vasakuk\u00e4eline kabuur, mis sobib Glock Airsoft p\u00fcstolitele ja tagab kiire ning turvalise ligip\u00e4\u00e4su.\" \/>\n<meta property=\"og:url\" content=\"https:\/\/lahingupood.ee\/en\/product\/amomax-glock-holster-left-handed-black\/\" \/>\n<meta property=\"og:site_name\" content=\"Lahingurada e-pood\" \/>\n<meta property=\"article:publisher\" content=\"https:\/\/www.facebook.com\/Lahingurada-629940247212967\" \/>\n<meta property=\"article:modified_time\" content=\"2026-05-02T18:00:04+00:00\" \/>\n<meta property=\"og:image\" content=\"https:\/\/lahingupood.ee\/wp-content\/uploads\/2022\/05\/1152228095_1.webp\" \/>\n\t<meta property=\"og:image:width\" content=\"2000\" \/>\n\t<meta property=\"og:image:height\" content=\"1333\" \/>\n\t<meta property=\"og:image:type\" content=\"image\/webp\" \/>\n<meta name=\"twitter:card\" content=\"summary_large_image\" \/>\n<meta name=\"twitter:label1\" content=\"Estimated reading time\" \/>\n\t<meta name=\"twitter:data1\" content=\"1 minute\" \/>\n<script type=\"application\/ld+json\" class=\"yoast-schema-graph\">{\"@context\":\"https:\\\/\\\/schema.org\",\"@graph\":[{\"@type\":\"WebPage\",\"@id\":\"https:\\\/\\\/lahingupood.ee\\\/toode\\\/amomax-glock-holster-left-handed-black\\\/\",\"url\":\"https:\\\/\\\/lahingupood.ee\\\/toode\\\/amomax-glock-holster-left-handed-black\\\/\",\"name\":\"Amomax Glocki kabuur vasaku k\u00e4elistele - Lahingurada e-pood\",\"isPartOf\":{\"@id\":\"https:\\\/\\\/lahingupood.ee\\\/#website\"},\"primaryImageOfPage\":{\"@id\":\"https:\\\/\\\/lahingupood.ee\\\/toode\\\/amomax-glock-holster-left-handed-black\\\/#primaryimage\"},\"image\":{\"@id\":\"https:\\\/\\\/lahingupood.ee\\\/toode\\\/amomax-glock-holster-left-handed-black\\\/#primaryimage\"},\"thumbnailUrl\":\"https:\\\/\\\/lahingupood.ee\\\/wp-content\\\/uploads\\\/2022\\\/05\\\/1152228095_1.webp\",\"datePublished\":\"2022-05-24T11:00:06+00:00\",\"dateModified\":\"2026-05-02T18:00:04+00:00\",\"description\":\"Amomax Glock holster left handed on vasakuk\u00e4eline kabuur, mis sobib Glock Airsoft p\u00fcstolitele ja tagab kiire ning turvalise ligip\u00e4\u00e4su.\",\"breadcrumb\":{\"@id\":\"https:\\\/\\\/lahingupood.ee\\\/toode\\\/amomax-glock-holster-left-handed-black\\\/#breadcrumb\"},\"inLanguage\":\"en-GB\",\"potentialAction\":[{\"@type\":\"ReadAction\",\"target\":[\"https:\\\/\\\/lahingupood.ee\\\/toode\\\/amomax-glock-holster-left-handed-black\\\/\"]}]},{\"@type\":\"ImageObject\",\"inLanguage\":\"en-GB\",\"@id\":\"https:\\\/\\\/lahingupood.ee\\\/toode\\\/amomax-glock-holster-left-handed-black\\\/#primaryimage\",\"url\":\"https:\\\/\\\/lahingupood.ee\\\/wp-content\\\/uploads\\\/2022\\\/05\\\/1152228095_1.webp\",\"contentUrl\":\"https:\\\/\\\/lahingupood.ee\\\/wp-content\\\/uploads\\\/2022\\\/05\\\/1152228095_1.webp\",\"width\":2000,\"height\":1333,\"caption\":\"Amomax Glock holster left handed Airsoft kabuur vasakuk\u00e4elistele\"},{\"@type\":\"BreadcrumbList\",\"@id\":\"https:\\\/\\\/lahingupood.ee\\\/toode\\\/amomax-glock-holster-left-handed-black\\\/#breadcrumb\",\"itemListElement\":[{\"@type\":\"ListItem\",\"position\":1,\"name\":\"Home\",\"item\":\"https:\\\/\\\/lahingupood.ee\\\/\"},{\"@type\":\"ListItem\",\"position\":2,\"name\":\"Tooted\",\"item\":\"https:\\\/\\\/lahingupood.ee\\\/tooted\\\/\"},{\"@type\":\"ListItem\",\"position\":3,\"name\":\"Amomax Glocki kabuur vasaku k\u00e4elistele\"}]},{\"@type\":\"WebSite\",\"@id\":\"https:\\\/\\\/lahingupood.ee\\\/#website\",\"url\":\"https:\\\/\\\/lahingupood.ee\\\/\",\"name\":\"Lahingurada e-pood\",\"description\":\"Airsoft\",\"publisher\":{\"@id\":\"https:\\\/\\\/lahingupood.ee\\\/#organization\"},\"potentialAction\":[{\"@type\":\"SearchAction\",\"target\":{\"@type\":\"EntryPoint\",\"urlTemplate\":\"https:\\\/\\\/lahingupood.ee\\\/?s={search_term_string}\"},\"query-input\":{\"@type\":\"PropertyValueSpecification\",\"valueRequired\":true,\"valueName\":\"search_term_string\"}}],\"inLanguage\":\"en-GB\"},{\"@type\":\"Organization\",\"@id\":\"https:\\\/\\\/lahingupood.ee\\\/#organization\",\"name\":\"Lahingurada\",\"url\":\"https:\\\/\\\/lahingupood.ee\\\/\",\"logo\":{\"@type\":\"ImageObject\",\"inLanguage\":\"en-GB\",\"@id\":\"https:\\\/\\\/lahingupood.ee\\\/#\\\/schema\\\/logo\\\/image\\\/\",\"url\":\"https:\\\/\\\/lahingupood.ee\\\/wp-content\\\/uploads\\\/2022\\\/03\\\/lahingurada-220318.jpg\",\"contentUrl\":\"https:\\\/\\\/lahingupood.ee\\\/wp-content\\\/uploads\\\/2022\\\/03\\\/lahingurada-220318.jpg\",\"width\":800,\"height\":500,\"caption\":\"Lahingurada\"},\"image\":{\"@id\":\"https:\\\/\\\/lahingupood.ee\\\/#\\\/schema\\\/logo\\\/image\\\/\"},\"sameAs\":[\"https:\\\/\\\/www.facebook.com\\\/Lahingurada-629940247212967\"]}]}<\/script>\n<!-- \/ Yoast SEO Premium plugin. -->","yoast_head_json":{"title":"Amomax Glocki kabuur vasaku k\u00e4elistele - Lahingurada e-pood","description":"Amomax Glock holster left handed on vasakuk\u00e4eline kabuur, mis sobib Glock Airsoft p\u00fcstolitele ja tagab kiire ning turvalise ligip\u00e4\u00e4su.","robots":{"index":"index","follow":"follow","max-snippet":"max-snippet:-1","max-image-preview":"max-image-preview:large","max-video-preview":"max-video-preview:-1"},"canonical":"https:\/\/lahingupood.ee\/en\/product\/amomax-glock-holster-left-handed-black\/","og_locale":"en_GB","og_type":"article","og_title":"Amomax Glocki kabuur vasaku k\u00e4elistele","og_description":"Amomax Glock holster left handed on vasakuk\u00e4eline kabuur, mis sobib Glock Airsoft p\u00fcstolitele ja tagab kiire ning turvalise ligip\u00e4\u00e4su.","og_url":"https:\/\/lahingupood.ee\/en\/product\/amomax-glock-holster-left-handed-black\/","og_site_name":"Lahingurada e-pood","article_publisher":"https:\/\/www.facebook.com\/Lahingurada-629940247212967","article_modified_time":"2026-05-02T18:00:04+00:00","og_image":[{"width":2000,"height":1333,"url":"https:\/\/lahingupood.ee\/wp-content\/uploads\/2022\/05\/1152228095_1.webp","type":"image\/webp"}],"twitter_card":"summary_large_image","twitter_misc":{"Estimated reading time":"1 minute"},"schema":{"@context":"https:\/\/schema.org","@graph":[{"@type":"WebPage","@id":"https:\/\/lahingupood.ee\/toode\/amomax-glock-holster-left-handed-black\/","url":"https:\/\/lahingupood.ee\/toode\/amomax-glock-holster-left-handed-black\/","name":"Amomax Glocki kabuur vasaku k\u00e4elistele - Lahingurada e-pood","isPartOf":{"@id":"https:\/\/lahingupood.ee\/#website"},"primaryImageOfPage":{"@id":"https:\/\/lahingupood.ee\/toode\/amomax-glock-holster-left-handed-black\/#primaryimage"},"image":{"@id":"https:\/\/lahingupood.ee\/toode\/amomax-glock-holster-left-handed-black\/#primaryimage"},"thumbnailUrl":"https:\/\/lahingupood.ee\/wp-content\/uploads\/2022\/05\/1152228095_1.webp","datePublished":"2022-05-24T11:00:06+00:00","dateModified":"2026-05-02T18:00:04+00:00","description":"Amomax Glock holster left handed on vasakuk\u00e4eline kabuur, mis sobib Glock Airsoft p\u00fcstolitele ja tagab kiire ning turvalise ligip\u00e4\u00e4su.","breadcrumb":{"@id":"https:\/\/lahingupood.ee\/toode\/amomax-glock-holster-left-handed-black\/#breadcrumb"},"inLanguage":"en-GB","potentialAction":[{"@type":"ReadAction","target":["https:\/\/lahingupood.ee\/toode\/amomax-glock-holster-left-handed-black\/"]}]},{"@type":"ImageObject","inLanguage":"en-GB","@id":"https:\/\/lahingupood.ee\/toode\/amomax-glock-holster-left-handed-black\/#primaryimage","url":"https:\/\/lahingupood.ee\/wp-content\/uploads\/2022\/05\/1152228095_1.webp","contentUrl":"https:\/\/lahingupood.ee\/wp-content\/uploads\/2022\/05\/1152228095_1.webp","width":2000,"height":1333,"caption":"Amomax Glock holster left handed Airsoft kabuur vasakuk\u00e4elistele"},{"@type":"BreadcrumbList","@id":"https:\/\/lahingupood.ee\/toode\/amomax-glock-holster-left-handed-black\/#breadcrumb","itemListElement":[{"@type":"ListItem","position":1,"name":"Home","item":"https:\/\/lahingupood.ee\/"},{"@type":"ListItem","position":2,"name":"Tooted","item":"https:\/\/lahingupood.ee\/tooted\/"},{"@type":"ListItem","position":3,"name":"Amomax Glocki kabuur vasaku k\u00e4elistele"}]},{"@type":"WebSite","@id":"https:\/\/lahingupood.ee\/#website","url":"https:\/\/lahingupood.ee\/","name":"Lahingurada e-pood","description":"Airsoft","publisher":{"@id":"https:\/\/lahingupood.ee\/#organization"},"potentialAction":[{"@type":"SearchAction","target":{"@type":"EntryPoint","urlTemplate":"https:\/\/lahingupood.ee\/?s={search_term_string}"},"query-input":{"@type":"PropertyValueSpecification","valueRequired":true,"valueName":"search_term_string"}}],"inLanguage":"en-GB"},{"@type":"Organization","@id":"https:\/\/lahingupood.ee\/#organization","name":"Lahingurada","url":"https:\/\/lahingupood.ee\/","logo":{"@type":"ImageObject","inLanguage":"en-GB","@id":"https:\/\/lahingupood.ee\/#\/schema\/logo\/image\/","url":"https:\/\/lahingupood.ee\/wp-content\/uploads\/2022\/03\/lahingurada-220318.jpg","contentUrl":"https:\/\/lahingupood.ee\/wp-content\/uploads\/2022\/03\/lahingurada-220318.jpg","width":800,"height":500,"caption":"Lahingurada"},"image":{"@id":"https:\/\/lahingupood.ee\/#\/schema\/logo\/image\/"},"sameAs":["https:\/\/www.facebook.com\/Lahingurada-629940247212967"]}]}},"_links":{"self":[{"href":"https:\/\/lahingupood.ee\/en\/wp-json\/wp\/v2\/product\/957","targetHints":{"allow":["GET"]}}],"collection":[{"href":"https:\/\/lahingupood.ee\/en\/wp-json\/wp\/v2\/product"}],"about":[{"href":"https:\/\/lahingupood.ee\/en\/wp-json\/wp\/v2\/types\/product"}],"wp:featuredmedia":[{"embeddable":true,"href":"https:\/\/lahingupood.ee\/en\/wp-json\/wp\/v2\/media\/958"}],"wp:attachment":[{"href":"https:\/\/lahingupood.ee\/en\/wp-json\/wp\/v2\/media?parent=957"}],"wp:term":[{"taxonomy":"product_brand","embeddable":true,"href":"https:\/\/lahingupood.ee\/en\/wp-json\/wp\/v2\/product_brand?post=957"},{"taxonomy":"product_cat","embeddable":true,"href":"https:\/\/lahingupood.ee\/en\/wp-json\/wp\/v2\/product_cat?post=957"},{"taxonomy":"product_tag","embeddable":true,"href":"https:\/\/lahingupood.ee\/en\/wp-json\/wp\/v2\/product_tag?post=957"}],"curies":[{"name":"wp","href":"https:\/\/api.w.org\/{rel}","templated":true}]}}