{"id":926,"date":"2022-05-20T14:16:42","date_gmt":"2022-05-20T11:16:42","guid":{"rendered":"https:\/\/lahingupood.ee\/?post_type=product&#038;p=926"},"modified":"2026-04-12T18:15:06","modified_gmt":"2026-04-12T15:15:06","slug":"specna-arms-shortie-82-jaam-baofeng-uv82","status":"publish","type":"product","link":"https:\/\/lahingupood.ee\/en\/product\/specna-arms-shortie-82-jaam-baofeng-uv82\/","title":{"rendered":"Specna Arms Shortie-82 Jaam(Baofeng UV82)"},"content":{"rendered":"<p>Specna Arms Shortie-82 Jaam(Baofeng UV82)<\/p>\n<p>Vana hea Baofeng UV82 aga n\u00fc\u00fcd Specna Arms br\u00e4ndi all. Meie hinnangul parim jaam mida airsoftis kasutada. Kompaktne ning kahe tangendiga, mis v\u00f5imaldab ilma \u00fcmberlilitamiseta edastada kahele kanalile. Parim valik \u00fcksuse juhile.<\/p>\n<p>LAHINGURADA airsoftpood soovitab!<\/p>","protected":false},"excerpt":{"rendered":"<p>Specna Arms Shortie-82 Jaam(Baofeng UV82) Vana hea Baofeng UV82 aga n\u00fc\u00fcd Specna Arms br\u00e4ndi all. Meie hinnangul parim jaam mida airsoftis kasutada. Kompaktne ning kahe tangendiga, mis v\u00f5imaldab ilma \u00fcmberlilitamiseta edastada kahele kanalile. Parim valik \u00fcksuse juhile. LAHINGURADA airsoftpood soovitab!<\/p>","protected":false},"featured_media":930,"template":"","meta":[],"product_brand":[],"product_cat":[66],"product_tag":[],"class_list":{"0":"post-926","1":"product","2":"type-product","3":"status-publish","4":"has-post-thumbnail","6":"product_cat-side","8":"first","9":"instock","10":"taxable","11":"shipping-taxable","12":"purchasable","13":"product-type-simple"},"yoast_head":"<!-- This site is optimized with the Yoast SEO Premium plugin v27.3 (Yoast SEO v27.3) - https:\/\/yoast.com\/product\/yoast-seo-premium-wordpress\/ -->\n<title>Specna Arms Shortie-82 Jaam(Baofeng UV82) Lahingurada e-pood airsoftpood<\/title>\n<meta name=\"description\" content=\"Specna Arms Shortie-82 Jaam(Baofeng UV82) Lahingurada e-pood airsoftpood airsoft kaubad Vana hea Baofeng UV82 aga n\u00fc\u00fcd Specna Arms br\u00e4ndi all.\" \/>\n<meta name=\"robots\" content=\"index, follow, max-snippet:-1, max-image-preview:large, max-video-preview:-1\" \/>\n<link rel=\"canonical\" href=\"https:\/\/lahingupood.ee\/en\/product\/specna-arms-shortie-82-jaam-baofeng-uv82\/\" \/>\n<meta property=\"og:locale\" content=\"en_GB\" \/>\n<meta property=\"og:type\" content=\"article\" \/>\n<meta property=\"og:title\" content=\"Specna Arms Shortie-82 Jaam(Baofeng UV82)\" \/>\n<meta property=\"og:description\" content=\"Specna Arms Shortie-82 Jaam(Baofeng UV82) Lahingurada e-pood airsoftpood airsoft kaubad Vana hea Baofeng UV82 aga n\u00fc\u00fcd Specna Arms br\u00e4ndi all.\" \/>\n<meta property=\"og:url\" content=\"https:\/\/lahingupood.ee\/en\/product\/specna-arms-shortie-82-jaam-baofeng-uv82\/\" \/>\n<meta property=\"og:site_name\" content=\"Lahingurada e-pood\" \/>\n<meta property=\"article:publisher\" content=\"https:\/\/www.facebook.com\/Lahingurada-629940247212967\" \/>\n<meta property=\"article:modified_time\" content=\"2026-04-12T15:15:06+00:00\" \/>\n<meta property=\"og:image\" content=\"https:\/\/lahingupood.ee\/wp-content\/uploads\/2022\/05\/1152230844_2.webp\" \/>\n\t<meta property=\"og:image:width\" content=\"2000\" \/>\n\t<meta property=\"og:image:height\" content=\"1333\" \/>\n\t<meta property=\"og:image:type\" content=\"image\/webp\" \/>\n<meta name=\"twitter:card\" content=\"summary_large_image\" \/>\n<meta name=\"twitter:label1\" content=\"Estimated reading time\" \/>\n\t<meta name=\"twitter:data1\" content=\"1 minute\" \/>\n<script type=\"application\/ld+json\" class=\"yoast-schema-graph\">{\"@context\":\"https:\\\/\\\/schema.org\",\"@graph\":[{\"@type\":\"WebPage\",\"@id\":\"https:\\\/\\\/lahingupood.ee\\\/toode\\\/specna-arms-shortie-82-jaam-baofeng-uv82\\\/\",\"url\":\"https:\\\/\\\/lahingupood.ee\\\/toode\\\/specna-arms-shortie-82-jaam-baofeng-uv82\\\/\",\"name\":\"Specna Arms Shortie-82 Jaam(Baofeng UV82) Lahingurada e-pood airsoftpood\",\"isPartOf\":{\"@id\":\"https:\\\/\\\/lahingupood.ee\\\/#website\"},\"primaryImageOfPage\":{\"@id\":\"https:\\\/\\\/lahingupood.ee\\\/toode\\\/specna-arms-shortie-82-jaam-baofeng-uv82\\\/#primaryimage\"},\"image\":{\"@id\":\"https:\\\/\\\/lahingupood.ee\\\/toode\\\/specna-arms-shortie-82-jaam-baofeng-uv82\\\/#primaryimage\"},\"thumbnailUrl\":\"https:\\\/\\\/lahingupood.ee\\\/wp-content\\\/uploads\\\/2022\\\/05\\\/1152230844_2.webp\",\"datePublished\":\"2022-05-20T11:16:42+00:00\",\"dateModified\":\"2026-04-12T15:15:06+00:00\",\"description\":\"Specna Arms Shortie-82 Jaam(Baofeng UV82) Lahingurada e-pood airsoftpood airsoft kaubad Vana hea Baofeng UV82 aga n\u00fc\u00fcd Specna Arms br\u00e4ndi all.\",\"breadcrumb\":{\"@id\":\"https:\\\/\\\/lahingupood.ee\\\/toode\\\/specna-arms-shortie-82-jaam-baofeng-uv82\\\/#breadcrumb\"},\"inLanguage\":\"en-GB\",\"potentialAction\":[{\"@type\":\"ReadAction\",\"target\":[\"https:\\\/\\\/lahingupood.ee\\\/toode\\\/specna-arms-shortie-82-jaam-baofeng-uv82\\\/\"]}]},{\"@type\":\"ImageObject\",\"inLanguage\":\"en-GB\",\"@id\":\"https:\\\/\\\/lahingupood.ee\\\/toode\\\/specna-arms-shortie-82-jaam-baofeng-uv82\\\/#primaryimage\",\"url\":\"https:\\\/\\\/lahingupood.ee\\\/wp-content\\\/uploads\\\/2022\\\/05\\\/1152230844_2.webp\",\"contentUrl\":\"https:\\\/\\\/lahingupood.ee\\\/wp-content\\\/uploads\\\/2022\\\/05\\\/1152230844_2.webp\",\"width\":2000,\"height\":1333,\"caption\":\"specna-arms-shortie-82-jaam-baofeng-uv82\"},{\"@type\":\"BreadcrumbList\",\"@id\":\"https:\\\/\\\/lahingupood.ee\\\/toode\\\/specna-arms-shortie-82-jaam-baofeng-uv82\\\/#breadcrumb\",\"itemListElement\":[{\"@type\":\"ListItem\",\"position\":1,\"name\":\"Home\",\"item\":\"https:\\\/\\\/lahingupood.ee\\\/\"},{\"@type\":\"ListItem\",\"position\":2,\"name\":\"Tooted\",\"item\":\"https:\\\/\\\/lahingupood.ee\\\/tooted\\\/\"},{\"@type\":\"ListItem\",\"position\":3,\"name\":\"Specna Arms Shortie-82 Jaam(Baofeng UV82)\"}]},{\"@type\":\"WebSite\",\"@id\":\"https:\\\/\\\/lahingupood.ee\\\/#website\",\"url\":\"https:\\\/\\\/lahingupood.ee\\\/\",\"name\":\"Lahingurada e-pood\",\"description\":\"Airsoft\",\"publisher\":{\"@id\":\"https:\\\/\\\/lahingupood.ee\\\/#organization\"},\"potentialAction\":[{\"@type\":\"SearchAction\",\"target\":{\"@type\":\"EntryPoint\",\"urlTemplate\":\"https:\\\/\\\/lahingupood.ee\\\/?s={search_term_string}\"},\"query-input\":{\"@type\":\"PropertyValueSpecification\",\"valueRequired\":true,\"valueName\":\"search_term_string\"}}],\"inLanguage\":\"en-GB\"},{\"@type\":\"Organization\",\"@id\":\"https:\\\/\\\/lahingupood.ee\\\/#organization\",\"name\":\"Lahingurada\",\"url\":\"https:\\\/\\\/lahingupood.ee\\\/\",\"logo\":{\"@type\":\"ImageObject\",\"inLanguage\":\"en-GB\",\"@id\":\"https:\\\/\\\/lahingupood.ee\\\/#\\\/schema\\\/logo\\\/image\\\/\",\"url\":\"https:\\\/\\\/lahingupood.ee\\\/wp-content\\\/uploads\\\/2022\\\/03\\\/lahingurada-220318.jpg\",\"contentUrl\":\"https:\\\/\\\/lahingupood.ee\\\/wp-content\\\/uploads\\\/2022\\\/03\\\/lahingurada-220318.jpg\",\"width\":800,\"height\":500,\"caption\":\"Lahingurada\"},\"image\":{\"@id\":\"https:\\\/\\\/lahingupood.ee\\\/#\\\/schema\\\/logo\\\/image\\\/\"},\"sameAs\":[\"https:\\\/\\\/www.facebook.com\\\/Lahingurada-629940247212967\"]}]}<\/script>\n<!-- \/ Yoast SEO Premium plugin. -->","yoast_head_json":{"title":"Specna Arms Shortie-82 Jaam(Baofeng UV82) Lahingurada e-pood airsoftpood","description":"Specna Arms Shortie-82 Jaam(Baofeng UV82) Lahingurada e-pood airsoftpood airsoft kaubad Vana hea Baofeng UV82 aga n\u00fc\u00fcd Specna Arms br\u00e4ndi all.","robots":{"index":"index","follow":"follow","max-snippet":"max-snippet:-1","max-image-preview":"max-image-preview:large","max-video-preview":"max-video-preview:-1"},"canonical":"https:\/\/lahingupood.ee\/en\/product\/specna-arms-shortie-82-jaam-baofeng-uv82\/","og_locale":"en_GB","og_type":"article","og_title":"Specna Arms Shortie-82 Jaam(Baofeng UV82)","og_description":"Specna Arms Shortie-82 Jaam(Baofeng UV82) Lahingurada e-pood airsoftpood airsoft kaubad Vana hea Baofeng UV82 aga n\u00fc\u00fcd Specna Arms br\u00e4ndi all.","og_url":"https:\/\/lahingupood.ee\/en\/product\/specna-arms-shortie-82-jaam-baofeng-uv82\/","og_site_name":"Lahingurada e-pood","article_publisher":"https:\/\/www.facebook.com\/Lahingurada-629940247212967","article_modified_time":"2026-04-12T15:15:06+00:00","og_image":[{"width":2000,"height":1333,"url":"https:\/\/lahingupood.ee\/wp-content\/uploads\/2022\/05\/1152230844_2.webp","type":"image\/webp"}],"twitter_card":"summary_large_image","twitter_misc":{"Estimated reading time":"1 minute"},"schema":{"@context":"https:\/\/schema.org","@graph":[{"@type":"WebPage","@id":"https:\/\/lahingupood.ee\/toode\/specna-arms-shortie-82-jaam-baofeng-uv82\/","url":"https:\/\/lahingupood.ee\/toode\/specna-arms-shortie-82-jaam-baofeng-uv82\/","name":"Specna Arms Shortie-82 Jaam(Baofeng UV82) Lahingurada e-pood airsoftpood","isPartOf":{"@id":"https:\/\/lahingupood.ee\/#website"},"primaryImageOfPage":{"@id":"https:\/\/lahingupood.ee\/toode\/specna-arms-shortie-82-jaam-baofeng-uv82\/#primaryimage"},"image":{"@id":"https:\/\/lahingupood.ee\/toode\/specna-arms-shortie-82-jaam-baofeng-uv82\/#primaryimage"},"thumbnailUrl":"https:\/\/lahingupood.ee\/wp-content\/uploads\/2022\/05\/1152230844_2.webp","datePublished":"2022-05-20T11:16:42+00:00","dateModified":"2026-04-12T15:15:06+00:00","description":"Specna Arms Shortie-82 Jaam(Baofeng UV82) Lahingurada e-pood airsoftpood airsoft kaubad Vana hea Baofeng UV82 aga n\u00fc\u00fcd Specna Arms br\u00e4ndi all.","breadcrumb":{"@id":"https:\/\/lahingupood.ee\/toode\/specna-arms-shortie-82-jaam-baofeng-uv82\/#breadcrumb"},"inLanguage":"en-GB","potentialAction":[{"@type":"ReadAction","target":["https:\/\/lahingupood.ee\/toode\/specna-arms-shortie-82-jaam-baofeng-uv82\/"]}]},{"@type":"ImageObject","inLanguage":"en-GB","@id":"https:\/\/lahingupood.ee\/toode\/specna-arms-shortie-82-jaam-baofeng-uv82\/#primaryimage","url":"https:\/\/lahingupood.ee\/wp-content\/uploads\/2022\/05\/1152230844_2.webp","contentUrl":"https:\/\/lahingupood.ee\/wp-content\/uploads\/2022\/05\/1152230844_2.webp","width":2000,"height":1333,"caption":"specna-arms-shortie-82-jaam-baofeng-uv82"},{"@type":"BreadcrumbList","@id":"https:\/\/lahingupood.ee\/toode\/specna-arms-shortie-82-jaam-baofeng-uv82\/#breadcrumb","itemListElement":[{"@type":"ListItem","position":1,"name":"Home","item":"https:\/\/lahingupood.ee\/"},{"@type":"ListItem","position":2,"name":"Tooted","item":"https:\/\/lahingupood.ee\/tooted\/"},{"@type":"ListItem","position":3,"name":"Specna Arms Shortie-82 Jaam(Baofeng UV82)"}]},{"@type":"WebSite","@id":"https:\/\/lahingupood.ee\/#website","url":"https:\/\/lahingupood.ee\/","name":"Lahingurada e-pood","description":"Airsoft","publisher":{"@id":"https:\/\/lahingupood.ee\/#organization"},"potentialAction":[{"@type":"SearchAction","target":{"@type":"EntryPoint","urlTemplate":"https:\/\/lahingupood.ee\/?s={search_term_string}"},"query-input":{"@type":"PropertyValueSpecification","valueRequired":true,"valueName":"search_term_string"}}],"inLanguage":"en-GB"},{"@type":"Organization","@id":"https:\/\/lahingupood.ee\/#organization","name":"Lahingurada","url":"https:\/\/lahingupood.ee\/","logo":{"@type":"ImageObject","inLanguage":"en-GB","@id":"https:\/\/lahingupood.ee\/#\/schema\/logo\/image\/","url":"https:\/\/lahingupood.ee\/wp-content\/uploads\/2022\/03\/lahingurada-220318.jpg","contentUrl":"https:\/\/lahingupood.ee\/wp-content\/uploads\/2022\/03\/lahingurada-220318.jpg","width":800,"height":500,"caption":"Lahingurada"},"image":{"@id":"https:\/\/lahingupood.ee\/#\/schema\/logo\/image\/"},"sameAs":["https:\/\/www.facebook.com\/Lahingurada-629940247212967"]}]}},"_links":{"self":[{"href":"https:\/\/lahingupood.ee\/en\/wp-json\/wp\/v2\/product\/926","targetHints":{"allow":["GET"]}}],"collection":[{"href":"https:\/\/lahingupood.ee\/en\/wp-json\/wp\/v2\/product"}],"about":[{"href":"https:\/\/lahingupood.ee\/en\/wp-json\/wp\/v2\/types\/product"}],"wp:featuredmedia":[{"embeddable":true,"href":"https:\/\/lahingupood.ee\/en\/wp-json\/wp\/v2\/media\/930"}],"wp:attachment":[{"href":"https:\/\/lahingupood.ee\/en\/wp-json\/wp\/v2\/media?parent=926"}],"wp:term":[{"taxonomy":"product_brand","embeddable":true,"href":"https:\/\/lahingupood.ee\/en\/wp-json\/wp\/v2\/product_brand?post=926"},{"taxonomy":"product_cat","embeddable":true,"href":"https:\/\/lahingupood.ee\/en\/wp-json\/wp\/v2\/product_cat?post=926"},{"taxonomy":"product_tag","embeddable":true,"href":"https:\/\/lahingupood.ee\/en\/wp-json\/wp\/v2\/product_tag?post=926"}],"curies":[{"name":"wp","href":"https:\/\/api.w.org\/{rel}","templated":true}]}}