{"id":904,"date":"2022-05-12T12:30:47","date_gmt":"2022-05-12T09:30:47","guid":{"rendered":"https:\/\/lahingupood.ee\/?post_type=product&#038;p=904"},"modified":"2026-04-12T20:30:03","modified_gmt":"2026-04-12T17:30:03","slug":"compact-red-dot-sight-theta","status":"publish","type":"product","link":"https:\/\/lahingupood.ee\/en\/product\/compact-red-dot-sight-theta\/","title":{"rendered":"Compact red dot sight THETA"},"content":{"rendered":"<p>Compact red dot sight THETA<\/p>\n<p>V\u00e4iksemat m\u00f5\u00f5tu punat\u00e4pp sihik mis ei sega vaatev\u00e4lja. Sobib kasutada eraldiseisva sihikuna v\u00f5i lisasihikuna optika k\u00fcljes.<\/p>","protected":false},"excerpt":{"rendered":"<p>Compact red dot sight THETA V\u00e4iksemat m\u00f5\u00f5tu punat\u00e4pp sihik mis ei sega vaatev\u00e4lja. Sobib kasutada eraldiseisva sihikuna v\u00f5i lisasihikuna optika k\u00fcljes.<\/p>","protected":false},"featured_media":901,"template":"","meta":[],"product_brand":[],"product_cat":[64],"product_tag":[],"class_list":{"0":"post-904","1":"product","2":"type-product","3":"status-publish","4":"has-post-thumbnail","6":"product_cat-punatapid","8":"first","9":"outofstock","10":"taxable","11":"shipping-taxable","12":"purchasable","13":"product-type-simple"},"yoast_head":"<!-- This site is optimized with the Yoast SEO Premium plugin v27.3 (Yoast SEO v27.3) - https:\/\/yoast.com\/product\/yoast-seo-premium-wordpress\/ -->\n<title>Compact red dot sight THETA Lahingurada e-pood<\/title>\n<meta name=\"description\" content=\"Compact red dot sight THETAV\u00e4iksemat m\u00f5\u00f5tu punat\u00e4pp sihik mis ei sega vaatev\u00e4lja. Lahingurada e-pood Compact red dot sight THETA\" \/>\n<meta name=\"robots\" content=\"index, follow, max-snippet:-1, max-image-preview:large, max-video-preview:-1\" \/>\n<link rel=\"canonical\" href=\"https:\/\/lahingupood.ee\/en\/product\/compact-red-dot-sight-theta\/\" \/>\n<meta property=\"og:locale\" content=\"en_GB\" \/>\n<meta property=\"og:type\" content=\"article\" \/>\n<meta property=\"og:title\" content=\"Compact red dot sight THETA\" \/>\n<meta property=\"og:description\" content=\"Compact red dot sight THETAV\u00e4iksemat m\u00f5\u00f5tu punat\u00e4pp sihik mis ei sega vaatev\u00e4lja. Lahingurada e-pood Compact red dot sight THETA\" \/>\n<meta property=\"og:url\" content=\"https:\/\/lahingupood.ee\/en\/product\/compact-red-dot-sight-theta\/\" \/>\n<meta property=\"og:site_name\" content=\"Lahingurada e-pood\" \/>\n<meta property=\"article:publisher\" content=\"https:\/\/www.facebook.com\/Lahingurada-629940247212967\" \/>\n<meta property=\"article:modified_time\" content=\"2026-04-12T17:30:03+00:00\" \/>\n<meta property=\"og:image\" content=\"https:\/\/lahingupood.ee\/wp-content\/uploads\/2022\/05\/1152205528_1.webp\" \/>\n\t<meta property=\"og:image:width\" content=\"800\" \/>\n\t<meta property=\"og:image:height\" content=\"533\" \/>\n\t<meta property=\"og:image:type\" content=\"image\/webp\" \/>\n<meta name=\"twitter:card\" content=\"summary_large_image\" \/>\n<meta name=\"twitter:label1\" content=\"Estimated reading time\" \/>\n\t<meta name=\"twitter:data1\" content=\"1 minute\" \/>\n<script type=\"application\/ld+json\" class=\"yoast-schema-graph\">{\"@context\":\"https:\\\/\\\/schema.org\",\"@graph\":[{\"@type\":\"WebPage\",\"@id\":\"https:\\\/\\\/lahingupood.ee\\\/toode\\\/compact-red-dot-sight-theta\\\/\",\"url\":\"https:\\\/\\\/lahingupood.ee\\\/toode\\\/compact-red-dot-sight-theta\\\/\",\"name\":\"Compact red dot sight THETA Lahingurada e-pood\",\"isPartOf\":{\"@id\":\"https:\\\/\\\/lahingupood.ee\\\/#website\"},\"primaryImageOfPage\":{\"@id\":\"https:\\\/\\\/lahingupood.ee\\\/toode\\\/compact-red-dot-sight-theta\\\/#primaryimage\"},\"image\":{\"@id\":\"https:\\\/\\\/lahingupood.ee\\\/toode\\\/compact-red-dot-sight-theta\\\/#primaryimage\"},\"thumbnailUrl\":\"https:\\\/\\\/lahingupood.ee\\\/wp-content\\\/uploads\\\/2022\\\/05\\\/1152205528_1.webp\",\"datePublished\":\"2022-05-12T09:30:47+00:00\",\"dateModified\":\"2026-04-12T17:30:03+00:00\",\"description\":\"Compact red dot sight THETAV\u00e4iksemat m\u00f5\u00f5tu punat\u00e4pp sihik mis ei sega vaatev\u00e4lja. Lahingurada e-pood Compact red dot sight THETA\",\"breadcrumb\":{\"@id\":\"https:\\\/\\\/lahingupood.ee\\\/toode\\\/compact-red-dot-sight-theta\\\/#breadcrumb\"},\"inLanguage\":\"en-GB\",\"potentialAction\":[{\"@type\":\"ReadAction\",\"target\":[\"https:\\\/\\\/lahingupood.ee\\\/toode\\\/compact-red-dot-sight-theta\\\/\"]}]},{\"@type\":\"ImageObject\",\"inLanguage\":\"en-GB\",\"@id\":\"https:\\\/\\\/lahingupood.ee\\\/toode\\\/compact-red-dot-sight-theta\\\/#primaryimage\",\"url\":\"https:\\\/\\\/lahingupood.ee\\\/wp-content\\\/uploads\\\/2022\\\/05\\\/1152205528_1.webp\",\"contentUrl\":\"https:\\\/\\\/lahingupood.ee\\\/wp-content\\\/uploads\\\/2022\\\/05\\\/1152205528_1.webp\",\"width\":800,\"height\":533,\"caption\":\"compact-red-dot-sight-theta\"},{\"@type\":\"BreadcrumbList\",\"@id\":\"https:\\\/\\\/lahingupood.ee\\\/toode\\\/compact-red-dot-sight-theta\\\/#breadcrumb\",\"itemListElement\":[{\"@type\":\"ListItem\",\"position\":1,\"name\":\"Home\",\"item\":\"https:\\\/\\\/lahingupood.ee\\\/\"},{\"@type\":\"ListItem\",\"position\":2,\"name\":\"Tooted\",\"item\":\"https:\\\/\\\/lahingupood.ee\\\/tooted\\\/\"},{\"@type\":\"ListItem\",\"position\":3,\"name\":\"Compact red dot sight THETA\"}]},{\"@type\":\"WebSite\",\"@id\":\"https:\\\/\\\/lahingupood.ee\\\/#website\",\"url\":\"https:\\\/\\\/lahingupood.ee\\\/\",\"name\":\"Lahingurada e-pood\",\"description\":\"Airsoft\",\"publisher\":{\"@id\":\"https:\\\/\\\/lahingupood.ee\\\/#organization\"},\"potentialAction\":[{\"@type\":\"SearchAction\",\"target\":{\"@type\":\"EntryPoint\",\"urlTemplate\":\"https:\\\/\\\/lahingupood.ee\\\/?s={search_term_string}\"},\"query-input\":{\"@type\":\"PropertyValueSpecification\",\"valueRequired\":true,\"valueName\":\"search_term_string\"}}],\"inLanguage\":\"en-GB\"},{\"@type\":\"Organization\",\"@id\":\"https:\\\/\\\/lahingupood.ee\\\/#organization\",\"name\":\"Lahingurada\",\"url\":\"https:\\\/\\\/lahingupood.ee\\\/\",\"logo\":{\"@type\":\"ImageObject\",\"inLanguage\":\"en-GB\",\"@id\":\"https:\\\/\\\/lahingupood.ee\\\/#\\\/schema\\\/logo\\\/image\\\/\",\"url\":\"https:\\\/\\\/lahingupood.ee\\\/wp-content\\\/uploads\\\/2022\\\/03\\\/lahingurada-220318.jpg\",\"contentUrl\":\"https:\\\/\\\/lahingupood.ee\\\/wp-content\\\/uploads\\\/2022\\\/03\\\/lahingurada-220318.jpg\",\"width\":800,\"height\":500,\"caption\":\"Lahingurada\"},\"image\":{\"@id\":\"https:\\\/\\\/lahingupood.ee\\\/#\\\/schema\\\/logo\\\/image\\\/\"},\"sameAs\":[\"https:\\\/\\\/www.facebook.com\\\/Lahingurada-629940247212967\"]}]}<\/script>\n<!-- \/ Yoast SEO Premium plugin. -->","yoast_head_json":{"title":"Compact red dot sight THETA Lahingurada e-pood","description":"Compact red dot sight THETAV\u00e4iksemat m\u00f5\u00f5tu punat\u00e4pp sihik mis ei sega vaatev\u00e4lja. Lahingurada e-pood Compact red dot sight THETA","robots":{"index":"index","follow":"follow","max-snippet":"max-snippet:-1","max-image-preview":"max-image-preview:large","max-video-preview":"max-video-preview:-1"},"canonical":"https:\/\/lahingupood.ee\/en\/product\/compact-red-dot-sight-theta\/","og_locale":"en_GB","og_type":"article","og_title":"Compact red dot sight THETA","og_description":"Compact red dot sight THETAV\u00e4iksemat m\u00f5\u00f5tu punat\u00e4pp sihik mis ei sega vaatev\u00e4lja. Lahingurada e-pood Compact red dot sight THETA","og_url":"https:\/\/lahingupood.ee\/en\/product\/compact-red-dot-sight-theta\/","og_site_name":"Lahingurada e-pood","article_publisher":"https:\/\/www.facebook.com\/Lahingurada-629940247212967","article_modified_time":"2026-04-12T17:30:03+00:00","og_image":[{"width":800,"height":533,"url":"https:\/\/lahingupood.ee\/wp-content\/uploads\/2022\/05\/1152205528_1.webp","type":"image\/webp"}],"twitter_card":"summary_large_image","twitter_misc":{"Estimated reading time":"1 minute"},"schema":{"@context":"https:\/\/schema.org","@graph":[{"@type":"WebPage","@id":"https:\/\/lahingupood.ee\/toode\/compact-red-dot-sight-theta\/","url":"https:\/\/lahingupood.ee\/toode\/compact-red-dot-sight-theta\/","name":"Compact red dot sight THETA Lahingurada e-pood","isPartOf":{"@id":"https:\/\/lahingupood.ee\/#website"},"primaryImageOfPage":{"@id":"https:\/\/lahingupood.ee\/toode\/compact-red-dot-sight-theta\/#primaryimage"},"image":{"@id":"https:\/\/lahingupood.ee\/toode\/compact-red-dot-sight-theta\/#primaryimage"},"thumbnailUrl":"https:\/\/lahingupood.ee\/wp-content\/uploads\/2022\/05\/1152205528_1.webp","datePublished":"2022-05-12T09:30:47+00:00","dateModified":"2026-04-12T17:30:03+00:00","description":"Compact red dot sight THETAV\u00e4iksemat m\u00f5\u00f5tu punat\u00e4pp sihik mis ei sega vaatev\u00e4lja. Lahingurada e-pood Compact red dot sight THETA","breadcrumb":{"@id":"https:\/\/lahingupood.ee\/toode\/compact-red-dot-sight-theta\/#breadcrumb"},"inLanguage":"en-GB","potentialAction":[{"@type":"ReadAction","target":["https:\/\/lahingupood.ee\/toode\/compact-red-dot-sight-theta\/"]}]},{"@type":"ImageObject","inLanguage":"en-GB","@id":"https:\/\/lahingupood.ee\/toode\/compact-red-dot-sight-theta\/#primaryimage","url":"https:\/\/lahingupood.ee\/wp-content\/uploads\/2022\/05\/1152205528_1.webp","contentUrl":"https:\/\/lahingupood.ee\/wp-content\/uploads\/2022\/05\/1152205528_1.webp","width":800,"height":533,"caption":"compact-red-dot-sight-theta"},{"@type":"BreadcrumbList","@id":"https:\/\/lahingupood.ee\/toode\/compact-red-dot-sight-theta\/#breadcrumb","itemListElement":[{"@type":"ListItem","position":1,"name":"Home","item":"https:\/\/lahingupood.ee\/"},{"@type":"ListItem","position":2,"name":"Tooted","item":"https:\/\/lahingupood.ee\/tooted\/"},{"@type":"ListItem","position":3,"name":"Compact red dot sight THETA"}]},{"@type":"WebSite","@id":"https:\/\/lahingupood.ee\/#website","url":"https:\/\/lahingupood.ee\/","name":"Lahingurada e-pood","description":"Airsoft","publisher":{"@id":"https:\/\/lahingupood.ee\/#organization"},"potentialAction":[{"@type":"SearchAction","target":{"@type":"EntryPoint","urlTemplate":"https:\/\/lahingupood.ee\/?s={search_term_string}"},"query-input":{"@type":"PropertyValueSpecification","valueRequired":true,"valueName":"search_term_string"}}],"inLanguage":"en-GB"},{"@type":"Organization","@id":"https:\/\/lahingupood.ee\/#organization","name":"Lahingurada","url":"https:\/\/lahingupood.ee\/","logo":{"@type":"ImageObject","inLanguage":"en-GB","@id":"https:\/\/lahingupood.ee\/#\/schema\/logo\/image\/","url":"https:\/\/lahingupood.ee\/wp-content\/uploads\/2022\/03\/lahingurada-220318.jpg","contentUrl":"https:\/\/lahingupood.ee\/wp-content\/uploads\/2022\/03\/lahingurada-220318.jpg","width":800,"height":500,"caption":"Lahingurada"},"image":{"@id":"https:\/\/lahingupood.ee\/#\/schema\/logo\/image\/"},"sameAs":["https:\/\/www.facebook.com\/Lahingurada-629940247212967"]}]}},"_links":{"self":[{"href":"https:\/\/lahingupood.ee\/en\/wp-json\/wp\/v2\/product\/904","targetHints":{"allow":["GET"]}}],"collection":[{"href":"https:\/\/lahingupood.ee\/en\/wp-json\/wp\/v2\/product"}],"about":[{"href":"https:\/\/lahingupood.ee\/en\/wp-json\/wp\/v2\/types\/product"}],"wp:featuredmedia":[{"embeddable":true,"href":"https:\/\/lahingupood.ee\/en\/wp-json\/wp\/v2\/media\/901"}],"wp:attachment":[{"href":"https:\/\/lahingupood.ee\/en\/wp-json\/wp\/v2\/media?parent=904"}],"wp:term":[{"taxonomy":"product_brand","embeddable":true,"href":"https:\/\/lahingupood.ee\/en\/wp-json\/wp\/v2\/product_brand?post=904"},{"taxonomy":"product_cat","embeddable":true,"href":"https:\/\/lahingupood.ee\/en\/wp-json\/wp\/v2\/product_cat?post=904"},{"taxonomy":"product_tag","embeddable":true,"href":"https:\/\/lahingupood.ee\/en\/wp-json\/wp\/v2\/product_tag?post=904"}],"curies":[{"name":"wp","href":"https:\/\/api.w.org\/{rel}","templated":true}]}}