{"id":8867,"date":"2026-05-15T12:30:56","date_gmt":"2026-05-15T09:30:56","guid":{"rendered":"https:\/\/lahingupood.ee\/?post_type=product&#038;p=8867"},"modified":"2026-05-15T12:30:57","modified_gmt":"2026-05-15T09:30:57","slug":"airsoft-hooajaavamine-2026-embleem","status":"publish","type":"product","link":"https:\/\/lahingupood.ee\/en\/product\/airsoft-hooajaavamine-2026-embleem\/","title":{"rendered":"SO26 OP FIREWATER"},"content":{"rendered":"<p><strong data-start=\"622\" data-end=\"651\">SO26 OP FIREWATER embleem<\/strong> on airsoft hooajaavamine 2026 s\u00fcndmuse teemaline patch v\u00f5i embleem. See sobib airsoft varustusele, kollektsiooni v\u00f5i m\u00e4lestusesemeks m\u00e4ngijale, kes osaleb hooaja avamise \u00fcritusel v\u00f5i soovib seda s\u00fcndmust meenutada.<\/p>","protected":false},"excerpt":{"rendered":"<p>SO26 OP FIREWATER embleem on airsoft hooajaavamine 2026 s\u00fcndmuse teemaline patch v\u00f5i embleem. See sobib airsoft varustusele, kollektsiooni v\u00f5i m\u00e4lestusesemeks m\u00e4ngijale, kes osaleb hooaja avamise \u00fcritusel v\u00f5i soovib seda s\u00fcndmust meenutada.<\/p>","protected":false},"featured_media":8868,"template":"","meta":[],"product_brand":[],"product_cat":[15],"product_tag":[],"class_list":{"0":"post-8867","1":"product","2":"type-product","3":"status-publish","4":"has-post-thumbnail","6":"product_cat-uncategorized","8":"first","9":"instock","10":"taxable","11":"shipping-taxable","12":"product-type-simple"},"yoast_head":"<!-- This site is optimized with the Yoast SEO Premium plugin v27.6 (Yoast SEO v27.6) - https:\/\/yoast.com\/product\/yoast-seo-premium-wordpress\/ -->\n<title>Airsoft hooajaavamine 2026 embleem | SO26 OP FIREWATER<\/title>\n<meta name=\"description\" content=\"SO26 OP FIREWATER embleem on airsoft hooajaavamine 2026 s\u00fcndmuse patch kollektsiooni, varustuse v\u00f5i m\u00e4lestusesemena kandmiseks.\" \/>\n<meta name=\"robots\" content=\"index, follow, max-snippet:-1, max-image-preview:large, max-video-preview:-1\" \/>\n<link rel=\"canonical\" href=\"https:\/\/lahingupood.ee\/en\/product\/airsoft-hooajaavamine-2026-embleem\/\" \/>\n<meta property=\"og:locale\" content=\"en_GB\" \/>\n<meta property=\"og:type\" content=\"article\" \/>\n<meta property=\"og:title\" content=\"SO26 OP FIREWATER\" \/>\n<meta property=\"og:description\" content=\"SO26 OP FIREWATER embleem on airsoft hooajaavamine 2026 s\u00fcndmuse patch kollektsiooni, varustuse v\u00f5i m\u00e4lestusesemena kandmiseks.\" \/>\n<meta property=\"og:url\" content=\"https:\/\/lahingupood.ee\/en\/product\/airsoft-hooajaavamine-2026-embleem\/\" \/>\n<meta property=\"og:site_name\" content=\"Lahingurada e-pood\" \/>\n<meta property=\"article:publisher\" content=\"https:\/\/www.facebook.com\/Lahingurada-629940247212967\" \/>\n<meta property=\"article:modified_time\" content=\"2026-05-15T09:30:57+00:00\" \/>\n<meta property=\"og:image\" content=\"https:\/\/lahingupood.ee\/wp-content\/uploads\/2022\/03\/lahingurada-220318.jpg\" \/>\n\t<meta property=\"og:image:width\" content=\"800\" \/>\n\t<meta property=\"og:image:height\" content=\"500\" \/>\n\t<meta property=\"og:image:type\" content=\"image\/jpeg\" \/>\n<meta name=\"twitter:card\" content=\"summary_large_image\" \/>\n<meta name=\"twitter:label1\" content=\"Estimated reading time\" \/>\n\t<meta name=\"twitter:data1\" content=\"1 minute\" \/>\n<script type=\"application\/ld+json\" class=\"yoast-schema-graph\">{\"@context\":\"https:\\\/\\\/schema.org\",\"@graph\":[{\"@type\":\"WebPage\",\"@id\":\"https:\\\/\\\/lahingupood.ee\\\/toode\\\/airsoft-hooajaavamine-2026-embleem\\\/\",\"url\":\"https:\\\/\\\/lahingupood.ee\\\/toode\\\/airsoft-hooajaavamine-2026-embleem\\\/\",\"name\":\"Airsoft hooajaavamine 2026 embleem | SO26 OP FIREWATER\",\"isPartOf\":{\"@id\":\"https:\\\/\\\/lahingupood.ee\\\/#website\"},\"primaryImageOfPage\":{\"@id\":\"https:\\\/\\\/lahingupood.ee\\\/toode\\\/airsoft-hooajaavamine-2026-embleem\\\/#primaryimage\"},\"image\":{\"@id\":\"https:\\\/\\\/lahingupood.ee\\\/toode\\\/airsoft-hooajaavamine-2026-embleem\\\/#primaryimage\"},\"thumbnailUrl\":\"https:\\\/\\\/lahingupood.ee\\\/wp-content\\\/uploads\\\/2026\\\/05\\\/20260515_122449.jpg\",\"datePublished\":\"2026-05-15T09:30:56+00:00\",\"dateModified\":\"2026-05-15T09:30:57+00:00\",\"description\":\"SO26 OP FIREWATER embleem on airsoft hooajaavamine 2026 s\u00fcndmuse patch kollektsiooni, varustuse v\u00f5i m\u00e4lestusesemena kandmiseks.\",\"breadcrumb\":{\"@id\":\"https:\\\/\\\/lahingupood.ee\\\/toode\\\/airsoft-hooajaavamine-2026-embleem\\\/#breadcrumb\"},\"inLanguage\":\"en-GB\",\"potentialAction\":[{\"@type\":\"ReadAction\",\"target\":[\"https:\\\/\\\/lahingupood.ee\\\/toode\\\/airsoft-hooajaavamine-2026-embleem\\\/\"]}]},{\"@type\":\"ImageObject\",\"inLanguage\":\"en-GB\",\"@id\":\"https:\\\/\\\/lahingupood.ee\\\/toode\\\/airsoft-hooajaavamine-2026-embleem\\\/#primaryimage\",\"url\":\"https:\\\/\\\/lahingupood.ee\\\/wp-content\\\/uploads\\\/2026\\\/05\\\/20260515_122449.jpg\",\"contentUrl\":\"https:\\\/\\\/lahingupood.ee\\\/wp-content\\\/uploads\\\/2026\\\/05\\\/20260515_122449.jpg\",\"width\":3000,\"height\":4000},{\"@type\":\"BreadcrumbList\",\"@id\":\"https:\\\/\\\/lahingupood.ee\\\/toode\\\/airsoft-hooajaavamine-2026-embleem\\\/#breadcrumb\",\"itemListElement\":[{\"@type\":\"ListItem\",\"position\":1,\"name\":\"Home\",\"item\":\"https:\\\/\\\/lahingupood.ee\\\/\"},{\"@type\":\"ListItem\",\"position\":2,\"name\":\"Tooted\",\"item\":\"https:\\\/\\\/lahingupood.ee\\\/tooted\\\/\"},{\"@type\":\"ListItem\",\"position\":3,\"name\":\"SO26 OP FIREWATER\"}]},{\"@type\":\"WebSite\",\"@id\":\"https:\\\/\\\/lahingupood.ee\\\/#website\",\"url\":\"https:\\\/\\\/lahingupood.ee\\\/\",\"name\":\"Lahingurada e-pood\",\"description\":\"Airsoft\",\"publisher\":{\"@id\":\"https:\\\/\\\/lahingupood.ee\\\/#organization\"},\"potentialAction\":[{\"@type\":\"SearchAction\",\"target\":{\"@type\":\"EntryPoint\",\"urlTemplate\":\"https:\\\/\\\/lahingupood.ee\\\/?s={search_term_string}\"},\"query-input\":{\"@type\":\"PropertyValueSpecification\",\"valueRequired\":true,\"valueName\":\"search_term_string\"}}],\"inLanguage\":\"en-GB\"},{\"@type\":\"Organization\",\"@id\":\"https:\\\/\\\/lahingupood.ee\\\/#organization\",\"name\":\"Lahingurada\",\"url\":\"https:\\\/\\\/lahingupood.ee\\\/\",\"logo\":{\"@type\":\"ImageObject\",\"inLanguage\":\"en-GB\",\"@id\":\"https:\\\/\\\/lahingupood.ee\\\/#\\\/schema\\\/logo\\\/image\\\/\",\"url\":\"https:\\\/\\\/lahingupood.ee\\\/wp-content\\\/uploads\\\/2022\\\/03\\\/lahingurada-220318.jpg\",\"contentUrl\":\"https:\\\/\\\/lahingupood.ee\\\/wp-content\\\/uploads\\\/2022\\\/03\\\/lahingurada-220318.jpg\",\"width\":800,\"height\":500,\"caption\":\"Lahingurada\"},\"image\":{\"@id\":\"https:\\\/\\\/lahingupood.ee\\\/#\\\/schema\\\/logo\\\/image\\\/\"},\"sameAs\":[\"https:\\\/\\\/www.facebook.com\\\/Lahingurada-629940247212967\"]}]}<\/script>\n<!-- \/ Yoast SEO Premium plugin. -->","yoast_head_json":{"title":"Airsoft hooajaavamine 2026 embleem | SO26 OP FIREWATER","description":"SO26 OP FIREWATER embleem on airsoft hooajaavamine 2026 s\u00fcndmuse patch kollektsiooni, varustuse v\u00f5i m\u00e4lestusesemena kandmiseks.","robots":{"index":"index","follow":"follow","max-snippet":"max-snippet:-1","max-image-preview":"max-image-preview:large","max-video-preview":"max-video-preview:-1"},"canonical":"https:\/\/lahingupood.ee\/en\/product\/airsoft-hooajaavamine-2026-embleem\/","og_locale":"en_GB","og_type":"article","og_title":"SO26 OP FIREWATER","og_description":"SO26 OP FIREWATER embleem on airsoft hooajaavamine 2026 s\u00fcndmuse patch kollektsiooni, varustuse v\u00f5i m\u00e4lestusesemena kandmiseks.","og_url":"https:\/\/lahingupood.ee\/en\/product\/airsoft-hooajaavamine-2026-embleem\/","og_site_name":"Lahingurada e-pood","article_publisher":"https:\/\/www.facebook.com\/Lahingurada-629940247212967","article_modified_time":"2026-05-15T09:30:57+00:00","og_image":[{"width":800,"height":500,"url":"https:\/\/lahingupood.ee\/wp-content\/uploads\/2022\/03\/lahingurada-220318.jpg","type":"image\/jpeg"}],"twitter_card":"summary_large_image","twitter_misc":{"Estimated reading time":"1 minute"},"schema":{"@context":"https:\/\/schema.org","@graph":[{"@type":"WebPage","@id":"https:\/\/lahingupood.ee\/toode\/airsoft-hooajaavamine-2026-embleem\/","url":"https:\/\/lahingupood.ee\/toode\/airsoft-hooajaavamine-2026-embleem\/","name":"Airsoft hooajaavamine 2026 embleem | SO26 OP FIREWATER","isPartOf":{"@id":"https:\/\/lahingupood.ee\/#website"},"primaryImageOfPage":{"@id":"https:\/\/lahingupood.ee\/toode\/airsoft-hooajaavamine-2026-embleem\/#primaryimage"},"image":{"@id":"https:\/\/lahingupood.ee\/toode\/airsoft-hooajaavamine-2026-embleem\/#primaryimage"},"thumbnailUrl":"https:\/\/lahingupood.ee\/wp-content\/uploads\/2026\/05\/20260515_122449.jpg","datePublished":"2026-05-15T09:30:56+00:00","dateModified":"2026-05-15T09:30:57+00:00","description":"SO26 OP FIREWATER embleem on airsoft hooajaavamine 2026 s\u00fcndmuse patch kollektsiooni, varustuse v\u00f5i m\u00e4lestusesemena kandmiseks.","breadcrumb":{"@id":"https:\/\/lahingupood.ee\/toode\/airsoft-hooajaavamine-2026-embleem\/#breadcrumb"},"inLanguage":"en-GB","potentialAction":[{"@type":"ReadAction","target":["https:\/\/lahingupood.ee\/toode\/airsoft-hooajaavamine-2026-embleem\/"]}]},{"@type":"ImageObject","inLanguage":"en-GB","@id":"https:\/\/lahingupood.ee\/toode\/airsoft-hooajaavamine-2026-embleem\/#primaryimage","url":"https:\/\/lahingupood.ee\/wp-content\/uploads\/2026\/05\/20260515_122449.jpg","contentUrl":"https:\/\/lahingupood.ee\/wp-content\/uploads\/2026\/05\/20260515_122449.jpg","width":3000,"height":4000},{"@type":"BreadcrumbList","@id":"https:\/\/lahingupood.ee\/toode\/airsoft-hooajaavamine-2026-embleem\/#breadcrumb","itemListElement":[{"@type":"ListItem","position":1,"name":"Home","item":"https:\/\/lahingupood.ee\/"},{"@type":"ListItem","position":2,"name":"Tooted","item":"https:\/\/lahingupood.ee\/tooted\/"},{"@type":"ListItem","position":3,"name":"SO26 OP FIREWATER"}]},{"@type":"WebSite","@id":"https:\/\/lahingupood.ee\/#website","url":"https:\/\/lahingupood.ee\/","name":"Lahingurada e-pood","description":"Airsoft","publisher":{"@id":"https:\/\/lahingupood.ee\/#organization"},"potentialAction":[{"@type":"SearchAction","target":{"@type":"EntryPoint","urlTemplate":"https:\/\/lahingupood.ee\/?s={search_term_string}"},"query-input":{"@type":"PropertyValueSpecification","valueRequired":true,"valueName":"search_term_string"}}],"inLanguage":"en-GB"},{"@type":"Organization","@id":"https:\/\/lahingupood.ee\/#organization","name":"Lahingurada","url":"https:\/\/lahingupood.ee\/","logo":{"@type":"ImageObject","inLanguage":"en-GB","@id":"https:\/\/lahingupood.ee\/#\/schema\/logo\/image\/","url":"https:\/\/lahingupood.ee\/wp-content\/uploads\/2022\/03\/lahingurada-220318.jpg","contentUrl":"https:\/\/lahingupood.ee\/wp-content\/uploads\/2022\/03\/lahingurada-220318.jpg","width":800,"height":500,"caption":"Lahingurada"},"image":{"@id":"https:\/\/lahingupood.ee\/#\/schema\/logo\/image\/"},"sameAs":["https:\/\/www.facebook.com\/Lahingurada-629940247212967"]}]}},"_links":{"self":[{"href":"https:\/\/lahingupood.ee\/en\/wp-json\/wp\/v2\/product\/8867","targetHints":{"allow":["GET"]}}],"collection":[{"href":"https:\/\/lahingupood.ee\/en\/wp-json\/wp\/v2\/product"}],"about":[{"href":"https:\/\/lahingupood.ee\/en\/wp-json\/wp\/v2\/types\/product"}],"wp:featuredmedia":[{"embeddable":true,"href":"https:\/\/lahingupood.ee\/en\/wp-json\/wp\/v2\/media\/8868"}],"wp:attachment":[{"href":"https:\/\/lahingupood.ee\/en\/wp-json\/wp\/v2\/media?parent=8867"}],"wp:term":[{"taxonomy":"product_brand","embeddable":true,"href":"https:\/\/lahingupood.ee\/en\/wp-json\/wp\/v2\/product_brand?post=8867"},{"taxonomy":"product_cat","embeddable":true,"href":"https:\/\/lahingupood.ee\/en\/wp-json\/wp\/v2\/product_cat?post=8867"},{"taxonomy":"product_tag","embeddable":true,"href":"https:\/\/lahingupood.ee\/en\/wp-json\/wp\/v2\/product_tag?post=8867"}],"curies":[{"name":"wp","href":"https:\/\/api.w.org\/{rel}","templated":true}]}}