{"id":82,"date":"2022-03-14T11:39:57","date_gmt":"2022-03-14T09:39:57","guid":{"rendered":"https:\/\/lahingupood.ee\/?post_type=product&#038;p=82"},"modified":"2026-04-12T18:30:06","modified_gmt":"2026-04-12T15:30:06","slug":"gg-gtp9-airsoft-pistol-gbb","status":"publish","type":"product","link":"https:\/\/lahingupood.ee\/en\/product\/gg-gtp9-airsoft-pistol-gbb\/","title":{"rendered":"G&#038;G GTP9 Airsoft Pistol GBB"},"content":{"rendered":"<p>G&amp;G GTP9 Airsoft Pistol GBB<\/p>\n<p><a href=\"https:\/\/www.youtube.com\/watch?v=outaK0RVNY8\">Kvaliteettootja G&amp;G Armanent GBB p\u00fcstolite seeria uuendus. Antud p\u00fcstol on disainitud v\u00e4ga kasutajas\u00f5bralikuks ja mugavaks. Kasutusele on v\u00f5etud uus spiiraltsentrifuugiga p\u00f6\u00f6rlev nozzle sisu, mis v\u00f5imaldab tarbida mehhanismi t\u00f6\u00f6ks kuni 30% v\u00e4hem gaasi. Lisaks t\u00e4iesti uus hopupi reguleerimiss\u00fcsteem. Hopup s\u00e4ttimine k\u00e4ib l\u00e4bi torusuudme, seejuures relva lahti v\u00f5tmata. Reguleerimisv\u00f5ti asub p\u00fcstoli k\u00e4epidemes. Lisaks on kaasas varuv\u00f5ti, juhuks kui esimene peaks \u00e4ra kaduma. Relv tuleb tugevas, G&amp;G logoga kaunistatud plastkohvris. Komplekti kuulub relv, salv, loader ja erineva suurusega k\u00e4epideme tagaosad. Parim valik n\u00f5udlikule kasutajale.<\/a><\/p>\n<p>LAHINGURADA SOOVITAB.<\/p>\n<p><a href=\"https:\/\/lahingupood.ee\/en\/product\/gg-gtp9-salv\/\">Seotud tooted<\/a><\/p>\n<p>&nbsp;<\/p>","protected":false},"excerpt":{"rendered":"<p>Kvaliteettootja G&amp;G Armanent GBB p\u00fcstolite seeria uuendus. Antud p\u00fcstol on disainitud v\u00e4ga kasutajas\u00f5bralikuks ja mugavaks.<\/p>","protected":false},"featured_media":3260,"template":"","meta":[],"product_brand":[],"product_cat":[24],"product_tag":[],"class_list":{"0":"post-82","1":"product","2":"type-product","3":"status-publish","4":"has-post-thumbnail","6":"product_cat-gbb-relvad","8":"first","9":"instock","10":"taxable","11":"shipping-taxable","12":"purchasable","13":"product-type-simple"},"yoast_head":"<!-- This site is optimized with the Yoast SEO Premium plugin v27.3 (Yoast SEO v27.3) - https:\/\/yoast.com\/product\/yoast-seo-premium-wordpress\/ -->\n<title>G&amp;G GTP9 Airsoft Pistol GBB - Lahingurada e-pood<\/title>\n<meta name=\"description\" content=\"G&amp;G GTP9 Airsoft Pistol GBB % G&amp;G GTP9 Airsoft Pistol GBB. Kvaliteettootja G&amp;G Armanent GBB p\u00fcstolite seeria uuendus.\" \/>\n<meta name=\"robots\" content=\"index, follow, max-snippet:-1, max-image-preview:large, max-video-preview:-1\" \/>\n<link rel=\"canonical\" href=\"https:\/\/lahingupood.ee\/en\/product\/gg-gtp9-airsoft-pistol-gbb\/\" \/>\n<meta property=\"og:locale\" content=\"en_GB\" \/>\n<meta property=\"og:type\" content=\"article\" \/>\n<meta property=\"og:title\" content=\"G&amp;G GTP9 Airsoft Pistol GBB\" \/>\n<meta property=\"og:description\" content=\"G&amp;G GTP9 Airsoft Pistol GBB % G&amp;G GTP9 Airsoft Pistol GBB. Kvaliteettootja G&amp;G Armanent GBB p\u00fcstolite seeria uuendus.\" \/>\n<meta property=\"og:url\" content=\"https:\/\/lahingupood.ee\/en\/product\/gg-gtp9-airsoft-pistol-gbb\/\" \/>\n<meta property=\"og:site_name\" content=\"Lahingurada e-pood\" \/>\n<meta property=\"article:publisher\" content=\"https:\/\/www.facebook.com\/Lahingurada-629940247212967\" \/>\n<meta property=\"article:modified_time\" content=\"2026-04-12T15:30:06+00:00\" \/>\n<meta property=\"og:image\" content=\"https:\/\/lahingupood.ee\/wp-content\/uploads\/2022\/03\/29965.jpg\" \/>\n\t<meta property=\"og:image:width\" content=\"930\" \/>\n\t<meta property=\"og:image:height\" content=\"651\" \/>\n\t<meta property=\"og:image:type\" content=\"image\/jpeg\" \/>\n<meta name=\"twitter:card\" content=\"summary_large_image\" \/>\n<meta name=\"twitter:label1\" content=\"Estimated reading time\" \/>\n\t<meta name=\"twitter:data1\" content=\"1 minute\" \/>\n<script type=\"application\/ld+json\" class=\"yoast-schema-graph\">{\"@context\":\"https:\\\/\\\/schema.org\",\"@graph\":[{\"@type\":\"WebPage\",\"@id\":\"https:\\\/\\\/lahingupood.ee\\\/toode\\\/gg-gtp9-airsoft-pistol-gbb\\\/\",\"url\":\"https:\\\/\\\/lahingupood.ee\\\/toode\\\/gg-gtp9-airsoft-pistol-gbb\\\/\",\"name\":\"G&G GTP9 Airsoft Pistol GBB - Lahingurada e-pood\",\"isPartOf\":{\"@id\":\"https:\\\/\\\/lahingupood.ee\\\/#website\"},\"primaryImageOfPage\":{\"@id\":\"https:\\\/\\\/lahingupood.ee\\\/toode\\\/gg-gtp9-airsoft-pistol-gbb\\\/#primaryimage\"},\"image\":{\"@id\":\"https:\\\/\\\/lahingupood.ee\\\/toode\\\/gg-gtp9-airsoft-pistol-gbb\\\/#primaryimage\"},\"thumbnailUrl\":\"https:\\\/\\\/lahingupood.ee\\\/wp-content\\\/uploads\\\/2022\\\/03\\\/29965.jpg\",\"datePublished\":\"2022-03-14T09:39:57+00:00\",\"dateModified\":\"2026-04-12T15:30:06+00:00\",\"description\":\"G&G GTP9 Airsoft Pistol GBB % G&G GTP9 Airsoft Pistol GBB. Kvaliteettootja G&G Armanent GBB p\u00fcstolite seeria uuendus.\",\"breadcrumb\":{\"@id\":\"https:\\\/\\\/lahingupood.ee\\\/toode\\\/gg-gtp9-airsoft-pistol-gbb\\\/#breadcrumb\"},\"inLanguage\":\"en-GB\",\"potentialAction\":[{\"@type\":\"ReadAction\",\"target\":[\"https:\\\/\\\/lahingupood.ee\\\/toode\\\/gg-gtp9-airsoft-pistol-gbb\\\/\"]}]},{\"@type\":\"ImageObject\",\"inLanguage\":\"en-GB\",\"@id\":\"https:\\\/\\\/lahingupood.ee\\\/toode\\\/gg-gtp9-airsoft-pistol-gbb\\\/#primaryimage\",\"url\":\"https:\\\/\\\/lahingupood.ee\\\/wp-content\\\/uploads\\\/2022\\\/03\\\/29965.jpg\",\"contentUrl\":\"https:\\\/\\\/lahingupood.ee\\\/wp-content\\\/uploads\\\/2022\\\/03\\\/29965.jpg\",\"width\":930,\"height\":651,\"caption\":\"gg-gtp9-airsoft-pistol-gbb\"},{\"@type\":\"BreadcrumbList\",\"@id\":\"https:\\\/\\\/lahingupood.ee\\\/toode\\\/gg-gtp9-airsoft-pistol-gbb\\\/#breadcrumb\",\"itemListElement\":[{\"@type\":\"ListItem\",\"position\":1,\"name\":\"Home\",\"item\":\"https:\\\/\\\/lahingupood.ee\\\/\"},{\"@type\":\"ListItem\",\"position\":2,\"name\":\"Tooted\",\"item\":\"https:\\\/\\\/lahingupood.ee\\\/tooted\\\/\"},{\"@type\":\"ListItem\",\"position\":3,\"name\":\"G&#038;G GTP9 Airsoft Pistol GBB\"}]},{\"@type\":\"WebSite\",\"@id\":\"https:\\\/\\\/lahingupood.ee\\\/#website\",\"url\":\"https:\\\/\\\/lahingupood.ee\\\/\",\"name\":\"Lahingurada e-pood\",\"description\":\"Airsoft\",\"publisher\":{\"@id\":\"https:\\\/\\\/lahingupood.ee\\\/#organization\"},\"potentialAction\":[{\"@type\":\"SearchAction\",\"target\":{\"@type\":\"EntryPoint\",\"urlTemplate\":\"https:\\\/\\\/lahingupood.ee\\\/?s={search_term_string}\"},\"query-input\":{\"@type\":\"PropertyValueSpecification\",\"valueRequired\":true,\"valueName\":\"search_term_string\"}}],\"inLanguage\":\"en-GB\"},{\"@type\":\"Organization\",\"@id\":\"https:\\\/\\\/lahingupood.ee\\\/#organization\",\"name\":\"Lahingurada\",\"url\":\"https:\\\/\\\/lahingupood.ee\\\/\",\"logo\":{\"@type\":\"ImageObject\",\"inLanguage\":\"en-GB\",\"@id\":\"https:\\\/\\\/lahingupood.ee\\\/#\\\/schema\\\/logo\\\/image\\\/\",\"url\":\"https:\\\/\\\/lahingupood.ee\\\/wp-content\\\/uploads\\\/2022\\\/03\\\/lahingurada-220318.jpg\",\"contentUrl\":\"https:\\\/\\\/lahingupood.ee\\\/wp-content\\\/uploads\\\/2022\\\/03\\\/lahingurada-220318.jpg\",\"width\":800,\"height\":500,\"caption\":\"Lahingurada\"},\"image\":{\"@id\":\"https:\\\/\\\/lahingupood.ee\\\/#\\\/schema\\\/logo\\\/image\\\/\"},\"sameAs\":[\"https:\\\/\\\/www.facebook.com\\\/Lahingurada-629940247212967\"]}]}<\/script>\n<!-- \/ Yoast SEO Premium plugin. -->","yoast_head_json":{"title":"G&G GTP9 Airsoft Pistol GBB - Lahingurada e-pood","description":"G&G GTP9 Airsoft Pistol GBB % G&G GTP9 Airsoft Pistol GBB. Kvaliteettootja G&G Armanent GBB p\u00fcstolite seeria uuendus.","robots":{"index":"index","follow":"follow","max-snippet":"max-snippet:-1","max-image-preview":"max-image-preview:large","max-video-preview":"max-video-preview:-1"},"canonical":"https:\/\/lahingupood.ee\/en\/product\/gg-gtp9-airsoft-pistol-gbb\/","og_locale":"en_GB","og_type":"article","og_title":"G&G GTP9 Airsoft Pistol GBB","og_description":"G&G GTP9 Airsoft Pistol GBB % G&G GTP9 Airsoft Pistol GBB. Kvaliteettootja G&G Armanent GBB p\u00fcstolite seeria uuendus.","og_url":"https:\/\/lahingupood.ee\/en\/product\/gg-gtp9-airsoft-pistol-gbb\/","og_site_name":"Lahingurada e-pood","article_publisher":"https:\/\/www.facebook.com\/Lahingurada-629940247212967","article_modified_time":"2026-04-12T15:30:06+00:00","og_image":[{"width":930,"height":651,"url":"https:\/\/lahingupood.ee\/wp-content\/uploads\/2022\/03\/29965.jpg","type":"image\/jpeg"}],"twitter_card":"summary_large_image","twitter_misc":{"Estimated reading time":"1 minute"},"schema":{"@context":"https:\/\/schema.org","@graph":[{"@type":"WebPage","@id":"https:\/\/lahingupood.ee\/toode\/gg-gtp9-airsoft-pistol-gbb\/","url":"https:\/\/lahingupood.ee\/toode\/gg-gtp9-airsoft-pistol-gbb\/","name":"G&G GTP9 Airsoft Pistol GBB - Lahingurada e-pood","isPartOf":{"@id":"https:\/\/lahingupood.ee\/#website"},"primaryImageOfPage":{"@id":"https:\/\/lahingupood.ee\/toode\/gg-gtp9-airsoft-pistol-gbb\/#primaryimage"},"image":{"@id":"https:\/\/lahingupood.ee\/toode\/gg-gtp9-airsoft-pistol-gbb\/#primaryimage"},"thumbnailUrl":"https:\/\/lahingupood.ee\/wp-content\/uploads\/2022\/03\/29965.jpg","datePublished":"2022-03-14T09:39:57+00:00","dateModified":"2026-04-12T15:30:06+00:00","description":"G&G GTP9 Airsoft Pistol GBB % G&G GTP9 Airsoft Pistol GBB. Kvaliteettootja G&G Armanent GBB p\u00fcstolite seeria uuendus.","breadcrumb":{"@id":"https:\/\/lahingupood.ee\/toode\/gg-gtp9-airsoft-pistol-gbb\/#breadcrumb"},"inLanguage":"en-GB","potentialAction":[{"@type":"ReadAction","target":["https:\/\/lahingupood.ee\/toode\/gg-gtp9-airsoft-pistol-gbb\/"]}]},{"@type":"ImageObject","inLanguage":"en-GB","@id":"https:\/\/lahingupood.ee\/toode\/gg-gtp9-airsoft-pistol-gbb\/#primaryimage","url":"https:\/\/lahingupood.ee\/wp-content\/uploads\/2022\/03\/29965.jpg","contentUrl":"https:\/\/lahingupood.ee\/wp-content\/uploads\/2022\/03\/29965.jpg","width":930,"height":651,"caption":"gg-gtp9-airsoft-pistol-gbb"},{"@type":"BreadcrumbList","@id":"https:\/\/lahingupood.ee\/toode\/gg-gtp9-airsoft-pistol-gbb\/#breadcrumb","itemListElement":[{"@type":"ListItem","position":1,"name":"Home","item":"https:\/\/lahingupood.ee\/"},{"@type":"ListItem","position":2,"name":"Tooted","item":"https:\/\/lahingupood.ee\/tooted\/"},{"@type":"ListItem","position":3,"name":"G&#038;G GTP9 Airsoft Pistol GBB"}]},{"@type":"WebSite","@id":"https:\/\/lahingupood.ee\/#website","url":"https:\/\/lahingupood.ee\/","name":"Lahingurada e-pood","description":"Airsoft","publisher":{"@id":"https:\/\/lahingupood.ee\/#organization"},"potentialAction":[{"@type":"SearchAction","target":{"@type":"EntryPoint","urlTemplate":"https:\/\/lahingupood.ee\/?s={search_term_string}"},"query-input":{"@type":"PropertyValueSpecification","valueRequired":true,"valueName":"search_term_string"}}],"inLanguage":"en-GB"},{"@type":"Organization","@id":"https:\/\/lahingupood.ee\/#organization","name":"Lahingurada","url":"https:\/\/lahingupood.ee\/","logo":{"@type":"ImageObject","inLanguage":"en-GB","@id":"https:\/\/lahingupood.ee\/#\/schema\/logo\/image\/","url":"https:\/\/lahingupood.ee\/wp-content\/uploads\/2022\/03\/lahingurada-220318.jpg","contentUrl":"https:\/\/lahingupood.ee\/wp-content\/uploads\/2022\/03\/lahingurada-220318.jpg","width":800,"height":500,"caption":"Lahingurada"},"image":{"@id":"https:\/\/lahingupood.ee\/#\/schema\/logo\/image\/"},"sameAs":["https:\/\/www.facebook.com\/Lahingurada-629940247212967"]}]}},"_links":{"self":[{"href":"https:\/\/lahingupood.ee\/en\/wp-json\/wp\/v2\/product\/82","targetHints":{"allow":["GET"]}}],"collection":[{"href":"https:\/\/lahingupood.ee\/en\/wp-json\/wp\/v2\/product"}],"about":[{"href":"https:\/\/lahingupood.ee\/en\/wp-json\/wp\/v2\/types\/product"}],"wp:featuredmedia":[{"embeddable":true,"href":"https:\/\/lahingupood.ee\/en\/wp-json\/wp\/v2\/media\/3260"}],"wp:attachment":[{"href":"https:\/\/lahingupood.ee\/en\/wp-json\/wp\/v2\/media?parent=82"}],"wp:term":[{"taxonomy":"product_brand","embeddable":true,"href":"https:\/\/lahingupood.ee\/en\/wp-json\/wp\/v2\/product_brand?post=82"},{"taxonomy":"product_cat","embeddable":true,"href":"https:\/\/lahingupood.ee\/en\/wp-json\/wp\/v2\/product_cat?post=82"},{"taxonomy":"product_tag","embeddable":true,"href":"https:\/\/lahingupood.ee\/en\/wp-json\/wp\/v2\/product_tag?post=82"}],"curies":[{"name":"wp","href":"https:\/\/api.w.org\/{rel}","templated":true}]}}