{"id":8134,"date":"2026-04-23T12:52:45","date_gmt":"2026-04-23T09:52:45","guid":{"rendered":"https:\/\/lahingupood.ee\/?post_type=product&#038;p=8134"},"modified":"2026-04-23T18:15:05","modified_gmt":"2026-04-23T15:15:05","slug":"reguleeritav-kaba-m4-airsoftile","status":"publish","type":"product","link":"https:\/\/lahingupood.ee\/en\/product\/reguleeritav-kaba-m4-airsoftile\/","title":{"rendered":"Reguleeritav kaba M4 airsoftile"},"content":{"rendered":"<p>Reguleeritav kaba M4 airsoft relvale on praktiline t\u00e4iendus, mis parandab relva ergonoomikat ja tasakaalu. See on m\u00f5eldud M4 t\u00fc\u00fcpi airsoft relvadele ning v\u00f5imaldab mugavat k\u00e4sitlemist erinevates m\u00e4ngusituatsioonides. Kaba pikkust saab kiiresti muuta vastavalt kasutaja eelistustele.<\/p>","protected":false},"excerpt":{"rendered":"<p>Reguleeritav kaba M4 airsoft relvale on praktiline t\u00e4iendus, mis parandab relva ergonoomikat ja tasakaalu. See on m\u00f5eldud M4 t\u00fc\u00fcpi airsoft relvadele ning v\u00f5imaldab mugavat k\u00e4sitlemist erinevates m\u00e4ngusituatsioonides. Kaba pikkust saab kiiresti muuta vastavalt kasutaja eelistustele.<\/p>","protected":false},"featured_media":8135,"template":"","meta":[],"product_brand":[],"product_cat":[180,50],"product_tag":[],"class_list":{"0":"post-8134","1":"product","2":"type-product","3":"status-publish","4":"has-post-thumbnail","6":"product_cat-kabad-ja-kaba-adapterid","7":"product_cat-relvatarvikud","9":"first","10":"instock","11":"taxable","12":"shipping-taxable","13":"purchasable","14":"product-type-simple"},"yoast_head":"<!-- This site is optimized with the Yoast SEO Premium plugin v27.4 (Yoast SEO v27.4) - https:\/\/yoast.com\/product\/yoast-seo-premium-wordpress\/ -->\n<title>Reguleeritav kaba M4 airsoft relvale \u2013 teleskoopkaba akupesaga<\/title>\n<meta name=\"description\" content=\"Reguleeritav kaba M4 airsoft relvale. Mahutab aku ja parandab relva tasakaalu, stabiilsust ning kasutuaja mugavust.\" \/>\n<meta name=\"robots\" content=\"index, follow, max-snippet:-1, max-image-preview:large, max-video-preview:-1\" \/>\n<link rel=\"canonical\" href=\"https:\/\/lahingupood.ee\/en\/product\/reguleeritav-kaba-m4-airsoftile\/\" \/>\n<meta property=\"og:locale\" content=\"en_GB\" \/>\n<meta property=\"og:type\" content=\"article\" \/>\n<meta property=\"og:title\" content=\"Reguleeritav kaba M4 airsoftile\" \/>\n<meta property=\"og:description\" content=\"Reguleeritav kaba M4 airsoft relvale. Mahutab aku ja parandab relva tasakaalu, stabiilsust ning kasutuaja mugavust.\" \/>\n<meta property=\"og:url\" content=\"https:\/\/lahingupood.ee\/en\/product\/reguleeritav-kaba-m4-airsoftile\/\" \/>\n<meta property=\"og:site_name\" content=\"Lahingurada e-pood\" \/>\n<meta property=\"article:publisher\" content=\"https:\/\/www.facebook.com\/Lahingurada-629940247212967\" \/>\n<meta property=\"article:modified_time\" content=\"2026-04-23T15:15:05+00:00\" \/>\n<meta property=\"og:image\" content=\"https:\/\/lahingupood.ee\/wp-content\/uploads\/2026\/04\/kaba2-1.jpg\" \/>\n\t<meta property=\"og:image:width\" content=\"1000\" \/>\n\t<meta property=\"og:image:height\" content=\"1000\" \/>\n\t<meta property=\"og:image:type\" content=\"image\/jpeg\" \/>\n<meta name=\"twitter:card\" content=\"summary_large_image\" \/>\n<meta name=\"twitter:label1\" content=\"Estimated reading time\" \/>\n\t<meta name=\"twitter:data1\" content=\"1 minute\" \/>\n<script type=\"application\/ld+json\" class=\"yoast-schema-graph\">{\"@context\":\"https:\\\/\\\/schema.org\",\"@graph\":[{\"@type\":\"WebPage\",\"@id\":\"https:\\\/\\\/lahingupood.ee\\\/toode\\\/reguleeritav-kaba-m4-airsoftile\\\/\",\"url\":\"https:\\\/\\\/lahingupood.ee\\\/toode\\\/reguleeritav-kaba-m4-airsoftile\\\/\",\"name\":\"Reguleeritav kaba M4 airsoft relvale \u2013 teleskoopkaba akupesaga\",\"isPartOf\":{\"@id\":\"https:\\\/\\\/lahingupood.ee\\\/#website\"},\"primaryImageOfPage\":{\"@id\":\"https:\\\/\\\/lahingupood.ee\\\/toode\\\/reguleeritav-kaba-m4-airsoftile\\\/#primaryimage\"},\"image\":{\"@id\":\"https:\\\/\\\/lahingupood.ee\\\/toode\\\/reguleeritav-kaba-m4-airsoftile\\\/#primaryimage\"},\"thumbnailUrl\":\"https:\\\/\\\/lahingupood.ee\\\/wp-content\\\/uploads\\\/2026\\\/04\\\/kaba2-1.jpg\",\"datePublished\":\"2026-04-23T09:52:45+00:00\",\"dateModified\":\"2026-04-23T15:15:05+00:00\",\"description\":\"Reguleeritav kaba M4 airsoft relvale. Mahutab aku ja parandab relva tasakaalu, stabiilsust ning kasutuaja mugavust.\",\"breadcrumb\":{\"@id\":\"https:\\\/\\\/lahingupood.ee\\\/toode\\\/reguleeritav-kaba-m4-airsoftile\\\/#breadcrumb\"},\"inLanguage\":\"en-GB\",\"potentialAction\":[{\"@type\":\"ReadAction\",\"target\":[\"https:\\\/\\\/lahingupood.ee\\\/toode\\\/reguleeritav-kaba-m4-airsoftile\\\/\"]}]},{\"@type\":\"ImageObject\",\"inLanguage\":\"en-GB\",\"@id\":\"https:\\\/\\\/lahingupood.ee\\\/toode\\\/reguleeritav-kaba-m4-airsoftile\\\/#primaryimage\",\"url\":\"https:\\\/\\\/lahingupood.ee\\\/wp-content\\\/uploads\\\/2026\\\/04\\\/kaba2-1.jpg\",\"contentUrl\":\"https:\\\/\\\/lahingupood.ee\\\/wp-content\\\/uploads\\\/2026\\\/04\\\/kaba2-1.jpg\",\"width\":1000,\"height\":1000,\"caption\":\"Reguleeritav kaba M4 airsoft \u2013 akupesaga teleskoopkaba parema tasakaalu ja mugavuse jaoks.\"},{\"@type\":\"BreadcrumbList\",\"@id\":\"https:\\\/\\\/lahingupood.ee\\\/toode\\\/reguleeritav-kaba-m4-airsoftile\\\/#breadcrumb\",\"itemListElement\":[{\"@type\":\"ListItem\",\"position\":1,\"name\":\"Home\",\"item\":\"https:\\\/\\\/lahingupood.ee\\\/\"},{\"@type\":\"ListItem\",\"position\":2,\"name\":\"Tooted\",\"item\":\"https:\\\/\\\/lahingupood.ee\\\/tooted\\\/\"},{\"@type\":\"ListItem\",\"position\":3,\"name\":\"Reguleeritav kaba M4 airsoftile\"}]},{\"@type\":\"WebSite\",\"@id\":\"https:\\\/\\\/lahingupood.ee\\\/#website\",\"url\":\"https:\\\/\\\/lahingupood.ee\\\/\",\"name\":\"Lahingurada e-pood\",\"description\":\"Airsoft\",\"publisher\":{\"@id\":\"https:\\\/\\\/lahingupood.ee\\\/#organization\"},\"potentialAction\":[{\"@type\":\"SearchAction\",\"target\":{\"@type\":\"EntryPoint\",\"urlTemplate\":\"https:\\\/\\\/lahingupood.ee\\\/?s={search_term_string}\"},\"query-input\":{\"@type\":\"PropertyValueSpecification\",\"valueRequired\":true,\"valueName\":\"search_term_string\"}}],\"inLanguage\":\"en-GB\"},{\"@type\":\"Organization\",\"@id\":\"https:\\\/\\\/lahingupood.ee\\\/#organization\",\"name\":\"Lahingurada\",\"url\":\"https:\\\/\\\/lahingupood.ee\\\/\",\"logo\":{\"@type\":\"ImageObject\",\"inLanguage\":\"en-GB\",\"@id\":\"https:\\\/\\\/lahingupood.ee\\\/#\\\/schema\\\/logo\\\/image\\\/\",\"url\":\"https:\\\/\\\/lahingupood.ee\\\/wp-content\\\/uploads\\\/2022\\\/03\\\/lahingurada-220318.jpg\",\"contentUrl\":\"https:\\\/\\\/lahingupood.ee\\\/wp-content\\\/uploads\\\/2022\\\/03\\\/lahingurada-220318.jpg\",\"width\":800,\"height\":500,\"caption\":\"Lahingurada\"},\"image\":{\"@id\":\"https:\\\/\\\/lahingupood.ee\\\/#\\\/schema\\\/logo\\\/image\\\/\"},\"sameAs\":[\"https:\\\/\\\/www.facebook.com\\\/Lahingurada-629940247212967\"]}]}<\/script>\n<!-- \/ Yoast SEO Premium plugin. -->","yoast_head_json":{"title":"Reguleeritav kaba M4 airsoft relvale \u2013 teleskoopkaba akupesaga","description":"Reguleeritav kaba M4 airsoft relvale. Mahutab aku ja parandab relva tasakaalu, stabiilsust ning kasutuaja mugavust.","robots":{"index":"index","follow":"follow","max-snippet":"max-snippet:-1","max-image-preview":"max-image-preview:large","max-video-preview":"max-video-preview:-1"},"canonical":"https:\/\/lahingupood.ee\/en\/product\/reguleeritav-kaba-m4-airsoftile\/","og_locale":"en_GB","og_type":"article","og_title":"Reguleeritav kaba M4 airsoftile","og_description":"Reguleeritav kaba M4 airsoft relvale. Mahutab aku ja parandab relva tasakaalu, stabiilsust ning kasutuaja mugavust.","og_url":"https:\/\/lahingupood.ee\/en\/product\/reguleeritav-kaba-m4-airsoftile\/","og_site_name":"Lahingurada e-pood","article_publisher":"https:\/\/www.facebook.com\/Lahingurada-629940247212967","article_modified_time":"2026-04-23T15:15:05+00:00","og_image":[{"width":1000,"height":1000,"url":"https:\/\/lahingupood.ee\/wp-content\/uploads\/2026\/04\/kaba2-1.jpg","type":"image\/jpeg"}],"twitter_card":"summary_large_image","twitter_misc":{"Estimated reading time":"1 minute"},"schema":{"@context":"https:\/\/schema.org","@graph":[{"@type":"WebPage","@id":"https:\/\/lahingupood.ee\/toode\/reguleeritav-kaba-m4-airsoftile\/","url":"https:\/\/lahingupood.ee\/toode\/reguleeritav-kaba-m4-airsoftile\/","name":"Reguleeritav kaba M4 airsoft relvale \u2013 teleskoopkaba akupesaga","isPartOf":{"@id":"https:\/\/lahingupood.ee\/#website"},"primaryImageOfPage":{"@id":"https:\/\/lahingupood.ee\/toode\/reguleeritav-kaba-m4-airsoftile\/#primaryimage"},"image":{"@id":"https:\/\/lahingupood.ee\/toode\/reguleeritav-kaba-m4-airsoftile\/#primaryimage"},"thumbnailUrl":"https:\/\/lahingupood.ee\/wp-content\/uploads\/2026\/04\/kaba2-1.jpg","datePublished":"2026-04-23T09:52:45+00:00","dateModified":"2026-04-23T15:15:05+00:00","description":"Reguleeritav kaba M4 airsoft relvale. Mahutab aku ja parandab relva tasakaalu, stabiilsust ning kasutuaja mugavust.","breadcrumb":{"@id":"https:\/\/lahingupood.ee\/toode\/reguleeritav-kaba-m4-airsoftile\/#breadcrumb"},"inLanguage":"en-GB","potentialAction":[{"@type":"ReadAction","target":["https:\/\/lahingupood.ee\/toode\/reguleeritav-kaba-m4-airsoftile\/"]}]},{"@type":"ImageObject","inLanguage":"en-GB","@id":"https:\/\/lahingupood.ee\/toode\/reguleeritav-kaba-m4-airsoftile\/#primaryimage","url":"https:\/\/lahingupood.ee\/wp-content\/uploads\/2026\/04\/kaba2-1.jpg","contentUrl":"https:\/\/lahingupood.ee\/wp-content\/uploads\/2026\/04\/kaba2-1.jpg","width":1000,"height":1000,"caption":"Reguleeritav kaba M4 airsoft \u2013 akupesaga teleskoopkaba parema tasakaalu ja mugavuse jaoks."},{"@type":"BreadcrumbList","@id":"https:\/\/lahingupood.ee\/toode\/reguleeritav-kaba-m4-airsoftile\/#breadcrumb","itemListElement":[{"@type":"ListItem","position":1,"name":"Home","item":"https:\/\/lahingupood.ee\/"},{"@type":"ListItem","position":2,"name":"Tooted","item":"https:\/\/lahingupood.ee\/tooted\/"},{"@type":"ListItem","position":3,"name":"Reguleeritav kaba M4 airsoftile"}]},{"@type":"WebSite","@id":"https:\/\/lahingupood.ee\/#website","url":"https:\/\/lahingupood.ee\/","name":"Lahingurada e-pood","description":"Airsoft","publisher":{"@id":"https:\/\/lahingupood.ee\/#organization"},"potentialAction":[{"@type":"SearchAction","target":{"@type":"EntryPoint","urlTemplate":"https:\/\/lahingupood.ee\/?s={search_term_string}"},"query-input":{"@type":"PropertyValueSpecification","valueRequired":true,"valueName":"search_term_string"}}],"inLanguage":"en-GB"},{"@type":"Organization","@id":"https:\/\/lahingupood.ee\/#organization","name":"Lahingurada","url":"https:\/\/lahingupood.ee\/","logo":{"@type":"ImageObject","inLanguage":"en-GB","@id":"https:\/\/lahingupood.ee\/#\/schema\/logo\/image\/","url":"https:\/\/lahingupood.ee\/wp-content\/uploads\/2022\/03\/lahingurada-220318.jpg","contentUrl":"https:\/\/lahingupood.ee\/wp-content\/uploads\/2022\/03\/lahingurada-220318.jpg","width":800,"height":500,"caption":"Lahingurada"},"image":{"@id":"https:\/\/lahingupood.ee\/#\/schema\/logo\/image\/"},"sameAs":["https:\/\/www.facebook.com\/Lahingurada-629940247212967"]}]}},"_links":{"self":[{"href":"https:\/\/lahingupood.ee\/en\/wp-json\/wp\/v2\/product\/8134","targetHints":{"allow":["GET"]}}],"collection":[{"href":"https:\/\/lahingupood.ee\/en\/wp-json\/wp\/v2\/product"}],"about":[{"href":"https:\/\/lahingupood.ee\/en\/wp-json\/wp\/v2\/types\/product"}],"wp:featuredmedia":[{"embeddable":true,"href":"https:\/\/lahingupood.ee\/en\/wp-json\/wp\/v2\/media\/8135"}],"wp:attachment":[{"href":"https:\/\/lahingupood.ee\/en\/wp-json\/wp\/v2\/media?parent=8134"}],"wp:term":[{"taxonomy":"product_brand","embeddable":true,"href":"https:\/\/lahingupood.ee\/en\/wp-json\/wp\/v2\/product_brand?post=8134"},{"taxonomy":"product_cat","embeddable":true,"href":"https:\/\/lahingupood.ee\/en\/wp-json\/wp\/v2\/product_cat?post=8134"},{"taxonomy":"product_tag","embeddable":true,"href":"https:\/\/lahingupood.ee\/en\/wp-json\/wp\/v2\/product_tag?post=8134"}],"curies":[{"name":"wp","href":"https:\/\/api.w.org\/{rel}","templated":true}]}}