{"id":8130,"date":"2026-04-23T12:45:03","date_gmt":"2026-04-23T09:45:03","guid":{"rendered":"https:\/\/lahingupood.ee\/?post_type=product&#038;p=8130"},"modified":"2026-04-23T18:30:05","modified_gmt":"2026-04-23T15:30:05","slug":"reguleeritav-kaba-airsoft-relvale-must","status":"publish","type":"product","link":"https:\/\/lahingupood.ee\/en\/product\/reguleeritav-kaba-airsoft-relvale-must\/","title":{"rendered":"Reguleeritav kaba airsoft relvale must"},"content":{"rendered":"<p>Reguleeritav kaba airsoft relvale must on praktiline upgrade, mis v\u00f5imaldab kohandada relva pikkust vastavalt kasutajale. See parandab relva k\u00e4sitsemist ja teeb m\u00e4ngimise mugavamaks. Kaba on valmistatud tugevast materjalist, mis talub intensiivset kasutamist. Reguleeritav kaba relvale pakub kindlat tuge ja aitab parandada laskmise kontrolli.<\/p>","protected":false},"excerpt":{"rendered":"<p>Reguleeritav kaba airsoft relvale must on praktiline upgrade, mis v\u00f5imaldab kohandada relva pikkust vastavalt kasutajale. See parandab relva k\u00e4sitsemist ja teeb m\u00e4ngimise mugavamaks. Kaba on valmistatud tugevast materjalist, mis talub intensiivset kasutamist. Reguleeritav kaba relvale pakub kindlat tuge ja aitab parandada laskmise kontrolli.<\/p>","protected":false},"featured_media":8133,"template":"","meta":[],"product_brand":[],"product_cat":[180,50],"product_tag":[],"class_list":{"0":"post-8130","1":"product","2":"type-product","3":"status-publish","4":"has-post-thumbnail","6":"product_cat-kabad-ja-kaba-adapterid","7":"product_cat-relvatarvikud","9":"first","10":"instock","11":"taxable","12":"shipping-taxable","13":"purchasable","14":"product-type-simple"},"yoast_head":"<!-- This site is optimized with the Yoast SEO Premium plugin v27.4 (Yoast SEO v27.4) - https:\/\/yoast.com\/product\/yoast-seo-premium-wordpress\/ -->\n<title>Reguleeritav kaba airsoft relvale must \u2013 teleskoopkaba<\/title>\n<meta name=\"description\" content=\"Reguleeritav kaba airsoft relvale must on teleskoopkaba, mis parandab relva ergonoomikat, stabiilsust ja kasutusmugavust.\" \/>\n<meta name=\"robots\" content=\"index, follow, max-snippet:-1, max-image-preview:large, max-video-preview:-1\" \/>\n<link rel=\"canonical\" href=\"https:\/\/lahingupood.ee\/en\/product\/reguleeritav-kaba-airsoft-relvale-must\/\" \/>\n<meta property=\"og:locale\" content=\"en_GB\" \/>\n<meta property=\"og:type\" content=\"article\" \/>\n<meta property=\"og:title\" content=\"Reguleeritav kaba airsoft relvale must\" \/>\n<meta property=\"og:description\" content=\"Reguleeritav kaba airsoft relvale must on teleskoopkaba, mis parandab relva ergonoomikat, stabiilsust ja kasutusmugavust.\" \/>\n<meta property=\"og:url\" content=\"https:\/\/lahingupood.ee\/en\/product\/reguleeritav-kaba-airsoft-relvale-must\/\" \/>\n<meta property=\"og:site_name\" content=\"Lahingurada e-pood\" \/>\n<meta property=\"article:publisher\" content=\"https:\/\/www.facebook.com\/Lahingurada-629940247212967\" \/>\n<meta property=\"article:modified_time\" content=\"2026-04-23T15:30:05+00:00\" \/>\n<meta property=\"og:image\" content=\"https:\/\/lahingupood.ee\/wp-content\/uploads\/2026\/04\/kaba1.jpg\" \/>\n\t<meta property=\"og:image:width\" content=\"600\" \/>\n\t<meta property=\"og:image:height\" content=\"600\" \/>\n\t<meta property=\"og:image:type\" content=\"image\/jpeg\" \/>\n<meta name=\"twitter:card\" content=\"summary_large_image\" \/>\n<meta name=\"twitter:label1\" content=\"Estimated reading time\" \/>\n\t<meta name=\"twitter:data1\" content=\"1 minute\" \/>\n<script type=\"application\/ld+json\" class=\"yoast-schema-graph\">{\"@context\":\"https:\\\/\\\/schema.org\",\"@graph\":[{\"@type\":\"WebPage\",\"@id\":\"https:\\\/\\\/lahingupood.ee\\\/toode\\\/reguleeritav-kaba-airsoft-relvale-must\\\/\",\"url\":\"https:\\\/\\\/lahingupood.ee\\\/toode\\\/reguleeritav-kaba-airsoft-relvale-must\\\/\",\"name\":\"Reguleeritav kaba airsoft relvale must \u2013 teleskoopkaba\",\"isPartOf\":{\"@id\":\"https:\\\/\\\/lahingupood.ee\\\/#website\"},\"primaryImageOfPage\":{\"@id\":\"https:\\\/\\\/lahingupood.ee\\\/toode\\\/reguleeritav-kaba-airsoft-relvale-must\\\/#primaryimage\"},\"image\":{\"@id\":\"https:\\\/\\\/lahingupood.ee\\\/toode\\\/reguleeritav-kaba-airsoft-relvale-must\\\/#primaryimage\"},\"thumbnailUrl\":\"https:\\\/\\\/lahingupood.ee\\\/wp-content\\\/uploads\\\/2026\\\/04\\\/kaba1.jpg\",\"datePublished\":\"2026-04-23T09:45:03+00:00\",\"dateModified\":\"2026-04-23T15:30:05+00:00\",\"description\":\"Reguleeritav kaba airsoft relvale must on teleskoopkaba, mis parandab relva ergonoomikat, stabiilsust ja kasutusmugavust.\",\"breadcrumb\":{\"@id\":\"https:\\\/\\\/lahingupood.ee\\\/toode\\\/reguleeritav-kaba-airsoft-relvale-must\\\/#breadcrumb\"},\"inLanguage\":\"en-GB\",\"potentialAction\":[{\"@type\":\"ReadAction\",\"target\":[\"https:\\\/\\\/lahingupood.ee\\\/toode\\\/reguleeritav-kaba-airsoft-relvale-must\\\/\"]}]},{\"@type\":\"ImageObject\",\"inLanguage\":\"en-GB\",\"@id\":\"https:\\\/\\\/lahingupood.ee\\\/toode\\\/reguleeritav-kaba-airsoft-relvale-must\\\/#primaryimage\",\"url\":\"https:\\\/\\\/lahingupood.ee\\\/wp-content\\\/uploads\\\/2026\\\/04\\\/kaba1.jpg\",\"contentUrl\":\"https:\\\/\\\/lahingupood.ee\\\/wp-content\\\/uploads\\\/2026\\\/04\\\/kaba1.jpg\",\"width\":600,\"height\":600,\"caption\":\"Reguleeritav kaba airsoft relvale must \u2013 mugav ja vastupidav teleskoopkaba parema kontrolli jaoks.\"},{\"@type\":\"BreadcrumbList\",\"@id\":\"https:\\\/\\\/lahingupood.ee\\\/toode\\\/reguleeritav-kaba-airsoft-relvale-must\\\/#breadcrumb\",\"itemListElement\":[{\"@type\":\"ListItem\",\"position\":1,\"name\":\"Home\",\"item\":\"https:\\\/\\\/lahingupood.ee\\\/\"},{\"@type\":\"ListItem\",\"position\":2,\"name\":\"Tooted\",\"item\":\"https:\\\/\\\/lahingupood.ee\\\/tooted\\\/\"},{\"@type\":\"ListItem\",\"position\":3,\"name\":\"Reguleeritav kaba airsoft relvale must\"}]},{\"@type\":\"WebSite\",\"@id\":\"https:\\\/\\\/lahingupood.ee\\\/#website\",\"url\":\"https:\\\/\\\/lahingupood.ee\\\/\",\"name\":\"Lahingurada e-pood\",\"description\":\"Airsoft\",\"publisher\":{\"@id\":\"https:\\\/\\\/lahingupood.ee\\\/#organization\"},\"potentialAction\":[{\"@type\":\"SearchAction\",\"target\":{\"@type\":\"EntryPoint\",\"urlTemplate\":\"https:\\\/\\\/lahingupood.ee\\\/?s={search_term_string}\"},\"query-input\":{\"@type\":\"PropertyValueSpecification\",\"valueRequired\":true,\"valueName\":\"search_term_string\"}}],\"inLanguage\":\"en-GB\"},{\"@type\":\"Organization\",\"@id\":\"https:\\\/\\\/lahingupood.ee\\\/#organization\",\"name\":\"Lahingurada\",\"url\":\"https:\\\/\\\/lahingupood.ee\\\/\",\"logo\":{\"@type\":\"ImageObject\",\"inLanguage\":\"en-GB\",\"@id\":\"https:\\\/\\\/lahingupood.ee\\\/#\\\/schema\\\/logo\\\/image\\\/\",\"url\":\"https:\\\/\\\/lahingupood.ee\\\/wp-content\\\/uploads\\\/2022\\\/03\\\/lahingurada-220318.jpg\",\"contentUrl\":\"https:\\\/\\\/lahingupood.ee\\\/wp-content\\\/uploads\\\/2022\\\/03\\\/lahingurada-220318.jpg\",\"width\":800,\"height\":500,\"caption\":\"Lahingurada\"},\"image\":{\"@id\":\"https:\\\/\\\/lahingupood.ee\\\/#\\\/schema\\\/logo\\\/image\\\/\"},\"sameAs\":[\"https:\\\/\\\/www.facebook.com\\\/Lahingurada-629940247212967\"]}]}<\/script>\n<!-- \/ Yoast SEO Premium plugin. -->","yoast_head_json":{"title":"Reguleeritav kaba airsoft relvale must \u2013 teleskoopkaba","description":"Reguleeritav kaba airsoft relvale must on teleskoopkaba, mis parandab relva ergonoomikat, stabiilsust ja kasutusmugavust.","robots":{"index":"index","follow":"follow","max-snippet":"max-snippet:-1","max-image-preview":"max-image-preview:large","max-video-preview":"max-video-preview:-1"},"canonical":"https:\/\/lahingupood.ee\/en\/product\/reguleeritav-kaba-airsoft-relvale-must\/","og_locale":"en_GB","og_type":"article","og_title":"Reguleeritav kaba airsoft relvale must","og_description":"Reguleeritav kaba airsoft relvale must on teleskoopkaba, mis parandab relva ergonoomikat, stabiilsust ja kasutusmugavust.","og_url":"https:\/\/lahingupood.ee\/en\/product\/reguleeritav-kaba-airsoft-relvale-must\/","og_site_name":"Lahingurada e-pood","article_publisher":"https:\/\/www.facebook.com\/Lahingurada-629940247212967","article_modified_time":"2026-04-23T15:30:05+00:00","og_image":[{"width":600,"height":600,"url":"https:\/\/lahingupood.ee\/wp-content\/uploads\/2026\/04\/kaba1.jpg","type":"image\/jpeg"}],"twitter_card":"summary_large_image","twitter_misc":{"Estimated reading time":"1 minute"},"schema":{"@context":"https:\/\/schema.org","@graph":[{"@type":"WebPage","@id":"https:\/\/lahingupood.ee\/toode\/reguleeritav-kaba-airsoft-relvale-must\/","url":"https:\/\/lahingupood.ee\/toode\/reguleeritav-kaba-airsoft-relvale-must\/","name":"Reguleeritav kaba airsoft relvale must \u2013 teleskoopkaba","isPartOf":{"@id":"https:\/\/lahingupood.ee\/#website"},"primaryImageOfPage":{"@id":"https:\/\/lahingupood.ee\/toode\/reguleeritav-kaba-airsoft-relvale-must\/#primaryimage"},"image":{"@id":"https:\/\/lahingupood.ee\/toode\/reguleeritav-kaba-airsoft-relvale-must\/#primaryimage"},"thumbnailUrl":"https:\/\/lahingupood.ee\/wp-content\/uploads\/2026\/04\/kaba1.jpg","datePublished":"2026-04-23T09:45:03+00:00","dateModified":"2026-04-23T15:30:05+00:00","description":"Reguleeritav kaba airsoft relvale must on teleskoopkaba, mis parandab relva ergonoomikat, stabiilsust ja kasutusmugavust.","breadcrumb":{"@id":"https:\/\/lahingupood.ee\/toode\/reguleeritav-kaba-airsoft-relvale-must\/#breadcrumb"},"inLanguage":"en-GB","potentialAction":[{"@type":"ReadAction","target":["https:\/\/lahingupood.ee\/toode\/reguleeritav-kaba-airsoft-relvale-must\/"]}]},{"@type":"ImageObject","inLanguage":"en-GB","@id":"https:\/\/lahingupood.ee\/toode\/reguleeritav-kaba-airsoft-relvale-must\/#primaryimage","url":"https:\/\/lahingupood.ee\/wp-content\/uploads\/2026\/04\/kaba1.jpg","contentUrl":"https:\/\/lahingupood.ee\/wp-content\/uploads\/2026\/04\/kaba1.jpg","width":600,"height":600,"caption":"Reguleeritav kaba airsoft relvale must \u2013 mugav ja vastupidav teleskoopkaba parema kontrolli jaoks."},{"@type":"BreadcrumbList","@id":"https:\/\/lahingupood.ee\/toode\/reguleeritav-kaba-airsoft-relvale-must\/#breadcrumb","itemListElement":[{"@type":"ListItem","position":1,"name":"Home","item":"https:\/\/lahingupood.ee\/"},{"@type":"ListItem","position":2,"name":"Tooted","item":"https:\/\/lahingupood.ee\/tooted\/"},{"@type":"ListItem","position":3,"name":"Reguleeritav kaba airsoft relvale must"}]},{"@type":"WebSite","@id":"https:\/\/lahingupood.ee\/#website","url":"https:\/\/lahingupood.ee\/","name":"Lahingurada e-pood","description":"Airsoft","publisher":{"@id":"https:\/\/lahingupood.ee\/#organization"},"potentialAction":[{"@type":"SearchAction","target":{"@type":"EntryPoint","urlTemplate":"https:\/\/lahingupood.ee\/?s={search_term_string}"},"query-input":{"@type":"PropertyValueSpecification","valueRequired":true,"valueName":"search_term_string"}}],"inLanguage":"en-GB"},{"@type":"Organization","@id":"https:\/\/lahingupood.ee\/#organization","name":"Lahingurada","url":"https:\/\/lahingupood.ee\/","logo":{"@type":"ImageObject","inLanguage":"en-GB","@id":"https:\/\/lahingupood.ee\/#\/schema\/logo\/image\/","url":"https:\/\/lahingupood.ee\/wp-content\/uploads\/2022\/03\/lahingurada-220318.jpg","contentUrl":"https:\/\/lahingupood.ee\/wp-content\/uploads\/2022\/03\/lahingurada-220318.jpg","width":800,"height":500,"caption":"Lahingurada"},"image":{"@id":"https:\/\/lahingupood.ee\/#\/schema\/logo\/image\/"},"sameAs":["https:\/\/www.facebook.com\/Lahingurada-629940247212967"]}]}},"_links":{"self":[{"href":"https:\/\/lahingupood.ee\/en\/wp-json\/wp\/v2\/product\/8130","targetHints":{"allow":["GET"]}}],"collection":[{"href":"https:\/\/lahingupood.ee\/en\/wp-json\/wp\/v2\/product"}],"about":[{"href":"https:\/\/lahingupood.ee\/en\/wp-json\/wp\/v2\/types\/product"}],"wp:featuredmedia":[{"embeddable":true,"href":"https:\/\/lahingupood.ee\/en\/wp-json\/wp\/v2\/media\/8133"}],"wp:attachment":[{"href":"https:\/\/lahingupood.ee\/en\/wp-json\/wp\/v2\/media?parent=8130"}],"wp:term":[{"taxonomy":"product_brand","embeddable":true,"href":"https:\/\/lahingupood.ee\/en\/wp-json\/wp\/v2\/product_brand?post=8130"},{"taxonomy":"product_cat","embeddable":true,"href":"https:\/\/lahingupood.ee\/en\/wp-json\/wp\/v2\/product_cat?post=8130"},{"taxonomy":"product_tag","embeddable":true,"href":"https:\/\/lahingupood.ee\/en\/wp-json\/wp\/v2\/product_tag?post=8130"}],"curies":[{"name":"wp","href":"https:\/\/api.w.org\/{rel}","templated":true}]}}