{"id":8128,"date":"2026-04-23T12:32:46","date_gmt":"2026-04-23T09:32:46","guid":{"rendered":"https:\/\/lahingupood.ee\/?post_type=product&#038;p=8128"},"modified":"2026-04-23T18:15:07","modified_gmt":"2026-04-23T15:15:07","slug":"batteries-charger-b3ac-20w-lipo-2-3s","status":"publish","type":"product","link":"https:\/\/lahingupood.ee\/en\/product\/batteries-charger-b3ac-20w-lipo-2-3s\/","title":{"rendered":"BATTERIES CHARGER B3AC 20W (LiPo 2-3s)"},"content":{"rendered":"<p>B3AC 20W LiPo laadija 2-3S on kompaktne ja kasutajas\u00f5bralik laadija, mis on m\u00f5eldud LiPo akude laadimiseks. See sobib 2S ja 3S akudele, mida kasutatakse laialdaselt airsoft relvades. Laadija tagab stabiilse ja turvalise laadimisprotsessi. Laadija j\u00e4lgib akude tasakaalu ning aitab v\u00e4ltida \u00fclelaadimist, mis v\u00f5ib kahjustada akut.<\/p>\n<p data-start=\"734\" data-end=\"846\">See teeb selle sobivaks nii algajatele kui ka kogenud kasutajatele, kes vajavad lihtsat ja t\u00f6\u00f6kindlat lahendust.<\/p>","protected":false},"excerpt":{"rendered":"<p>B3AC 20W LiPo laadija 2-3S on kompaktne ja kasutajas\u00f5bralik laadija, mis on m\u00f5eldud LiPo akude laadimiseks. See sobib 2S ja 3S akudele, mida kasutatakse laialdaselt airsoft relvades. Laadija tagab stabiilse ja turvalise laadimisprotsessi. Laadija j\u00e4lgib akude tasakaalu ning aitab v\u00e4ltida \u00fclelaadimist, mis v\u00f5ib kahjustada akut. See teeb selle sobivaks nii algajatele kui ka kogenud kasutajatele, [&#8230;]\n","protected":false},"featured_media":8129,"template":"","meta":[],"product_brand":[],"product_cat":[20,47],"product_tag":[],"class_list":{"0":"post-8128","1":"product","2":"type-product","3":"status-publish","4":"has-post-thumbnail","6":"product_cat-akud-ja-laadijad","7":"product_cat-akulaadijad","9":"first","10":"instock","11":"taxable","12":"shipping-taxable","13":"purchasable","14":"product-type-simple"},"yoast_head":"<!-- This site is optimized with the Yoast SEO Premium plugin v27.4 (Yoast SEO v27.4) - https:\/\/yoast.com\/product\/yoast-seo-premium-wordpress\/ -->\n<title>B3AC 20W LiPo laadija 2-3S \u2013 kompaktne akulaadija<\/title>\n<meta name=\"description\" content=\"B3AC 20W LiPo laadija 2-3S on usaldusv\u00e4\u00e4rne laadija airsoft LiPo akudele. Sobib 2S ja 3S akudele, lihtne ja turvaline kasutada.\" \/>\n<meta name=\"robots\" content=\"index, follow, max-snippet:-1, max-image-preview:large, max-video-preview:-1\" \/>\n<link rel=\"canonical\" href=\"https:\/\/lahingupood.ee\/en\/product\/batteries-charger-b3ac-20w-lipo-2-3s\/\" \/>\n<meta property=\"og:locale\" content=\"en_GB\" \/>\n<meta property=\"og:type\" content=\"article\" \/>\n<meta property=\"og:title\" content=\"BATTERIES CHARGER B3AC 20W (LiPo 2-3s)\" \/>\n<meta property=\"og:description\" content=\"B3AC 20W LiPo laadija 2-3S on usaldusv\u00e4\u00e4rne laadija airsoft LiPo akudele. Sobib 2S ja 3S akudele, lihtne ja turvaline kasutada.\" \/>\n<meta property=\"og:url\" content=\"https:\/\/lahingupood.ee\/en\/product\/batteries-charger-b3ac-20w-lipo-2-3s\/\" \/>\n<meta property=\"og:site_name\" content=\"Lahingurada e-pood\" \/>\n<meta property=\"article:publisher\" content=\"https:\/\/www.facebook.com\/Lahingurada-629940247212967\" \/>\n<meta property=\"article:modified_time\" content=\"2026-04-23T15:15:07+00:00\" \/>\n<meta property=\"og:image\" content=\"https:\/\/lahingupood.ee\/wp-content\/uploads\/2026\/04\/laadija.jpg\" \/>\n\t<meta property=\"og:image:width\" content=\"1000\" \/>\n\t<meta property=\"og:image:height\" content=\"1000\" \/>\n\t<meta property=\"og:image:type\" content=\"image\/jpeg\" \/>\n<meta name=\"twitter:card\" content=\"summary_large_image\" \/>\n<meta name=\"twitter:label1\" content=\"Estimated reading time\" \/>\n\t<meta name=\"twitter:data1\" content=\"1 minute\" \/>\n<script type=\"application\/ld+json\" class=\"yoast-schema-graph\">{\"@context\":\"https:\\\/\\\/schema.org\",\"@graph\":[{\"@type\":\"WebPage\",\"@id\":\"https:\\\/\\\/lahingupood.ee\\\/toode\\\/batteries-charger-b3ac-20w-lipo-2-3s\\\/\",\"url\":\"https:\\\/\\\/lahingupood.ee\\\/toode\\\/batteries-charger-b3ac-20w-lipo-2-3s\\\/\",\"name\":\"B3AC 20W LiPo laadija 2-3S \u2013 kompaktne akulaadija\",\"isPartOf\":{\"@id\":\"https:\\\/\\\/lahingupood.ee\\\/#website\"},\"primaryImageOfPage\":{\"@id\":\"https:\\\/\\\/lahingupood.ee\\\/toode\\\/batteries-charger-b3ac-20w-lipo-2-3s\\\/#primaryimage\"},\"image\":{\"@id\":\"https:\\\/\\\/lahingupood.ee\\\/toode\\\/batteries-charger-b3ac-20w-lipo-2-3s\\\/#primaryimage\"},\"thumbnailUrl\":\"https:\\\/\\\/lahingupood.ee\\\/wp-content\\\/uploads\\\/2026\\\/04\\\/laadija.jpg\",\"datePublished\":\"2026-04-23T09:32:46+00:00\",\"dateModified\":\"2026-04-23T15:15:07+00:00\",\"description\":\"B3AC 20W LiPo laadija 2-3S on usaldusv\u00e4\u00e4rne laadija airsoft LiPo akudele. Sobib 2S ja 3S akudele, lihtne ja turvaline kasutada.\",\"breadcrumb\":{\"@id\":\"https:\\\/\\\/lahingupood.ee\\\/toode\\\/batteries-charger-b3ac-20w-lipo-2-3s\\\/#breadcrumb\"},\"inLanguage\":\"en-GB\",\"potentialAction\":[{\"@type\":\"ReadAction\",\"target\":[\"https:\\\/\\\/lahingupood.ee\\\/toode\\\/batteries-charger-b3ac-20w-lipo-2-3s\\\/\"]}]},{\"@type\":\"ImageObject\",\"inLanguage\":\"en-GB\",\"@id\":\"https:\\\/\\\/lahingupood.ee\\\/toode\\\/batteries-charger-b3ac-20w-lipo-2-3s\\\/#primaryimage\",\"url\":\"https:\\\/\\\/lahingupood.ee\\\/wp-content\\\/uploads\\\/2026\\\/04\\\/laadija.jpg\",\"contentUrl\":\"https:\\\/\\\/lahingupood.ee\\\/wp-content\\\/uploads\\\/2026\\\/04\\\/laadija.jpg\",\"width\":1000,\"height\":1000,\"caption\":\"B3AC 20W LiPo laadija 2-3S \u2013 kompaktne ja turvaline laadija airsoft akudele.\"},{\"@type\":\"BreadcrumbList\",\"@id\":\"https:\\\/\\\/lahingupood.ee\\\/toode\\\/batteries-charger-b3ac-20w-lipo-2-3s\\\/#breadcrumb\",\"itemListElement\":[{\"@type\":\"ListItem\",\"position\":1,\"name\":\"Home\",\"item\":\"https:\\\/\\\/lahingupood.ee\\\/\"},{\"@type\":\"ListItem\",\"position\":2,\"name\":\"Tooted\",\"item\":\"https:\\\/\\\/lahingupood.ee\\\/tooted\\\/\"},{\"@type\":\"ListItem\",\"position\":3,\"name\":\"BATTERIES CHARGER B3AC 20W (LiPo 2-3s)\"}]},{\"@type\":\"WebSite\",\"@id\":\"https:\\\/\\\/lahingupood.ee\\\/#website\",\"url\":\"https:\\\/\\\/lahingupood.ee\\\/\",\"name\":\"Lahingurada e-pood\",\"description\":\"Airsoft\",\"publisher\":{\"@id\":\"https:\\\/\\\/lahingupood.ee\\\/#organization\"},\"potentialAction\":[{\"@type\":\"SearchAction\",\"target\":{\"@type\":\"EntryPoint\",\"urlTemplate\":\"https:\\\/\\\/lahingupood.ee\\\/?s={search_term_string}\"},\"query-input\":{\"@type\":\"PropertyValueSpecification\",\"valueRequired\":true,\"valueName\":\"search_term_string\"}}],\"inLanguage\":\"en-GB\"},{\"@type\":\"Organization\",\"@id\":\"https:\\\/\\\/lahingupood.ee\\\/#organization\",\"name\":\"Lahingurada\",\"url\":\"https:\\\/\\\/lahingupood.ee\\\/\",\"logo\":{\"@type\":\"ImageObject\",\"inLanguage\":\"en-GB\",\"@id\":\"https:\\\/\\\/lahingupood.ee\\\/#\\\/schema\\\/logo\\\/image\\\/\",\"url\":\"https:\\\/\\\/lahingupood.ee\\\/wp-content\\\/uploads\\\/2022\\\/03\\\/lahingurada-220318.jpg\",\"contentUrl\":\"https:\\\/\\\/lahingupood.ee\\\/wp-content\\\/uploads\\\/2022\\\/03\\\/lahingurada-220318.jpg\",\"width\":800,\"height\":500,\"caption\":\"Lahingurada\"},\"image\":{\"@id\":\"https:\\\/\\\/lahingupood.ee\\\/#\\\/schema\\\/logo\\\/image\\\/\"},\"sameAs\":[\"https:\\\/\\\/www.facebook.com\\\/Lahingurada-629940247212967\"]}]}<\/script>\n<!-- \/ Yoast SEO Premium plugin. -->","yoast_head_json":{"title":"B3AC 20W LiPo laadija 2-3S \u2013 kompaktne akulaadija","description":"B3AC 20W LiPo laadija 2-3S on usaldusv\u00e4\u00e4rne laadija airsoft LiPo akudele. Sobib 2S ja 3S akudele, lihtne ja turvaline kasutada.","robots":{"index":"index","follow":"follow","max-snippet":"max-snippet:-1","max-image-preview":"max-image-preview:large","max-video-preview":"max-video-preview:-1"},"canonical":"https:\/\/lahingupood.ee\/en\/product\/batteries-charger-b3ac-20w-lipo-2-3s\/","og_locale":"en_GB","og_type":"article","og_title":"BATTERIES CHARGER B3AC 20W (LiPo 2-3s)","og_description":"B3AC 20W LiPo laadija 2-3S on usaldusv\u00e4\u00e4rne laadija airsoft LiPo akudele. Sobib 2S ja 3S akudele, lihtne ja turvaline kasutada.","og_url":"https:\/\/lahingupood.ee\/en\/product\/batteries-charger-b3ac-20w-lipo-2-3s\/","og_site_name":"Lahingurada e-pood","article_publisher":"https:\/\/www.facebook.com\/Lahingurada-629940247212967","article_modified_time":"2026-04-23T15:15:07+00:00","og_image":[{"width":1000,"height":1000,"url":"https:\/\/lahingupood.ee\/wp-content\/uploads\/2026\/04\/laadija.jpg","type":"image\/jpeg"}],"twitter_card":"summary_large_image","twitter_misc":{"Estimated reading time":"1 minute"},"schema":{"@context":"https:\/\/schema.org","@graph":[{"@type":"WebPage","@id":"https:\/\/lahingupood.ee\/toode\/batteries-charger-b3ac-20w-lipo-2-3s\/","url":"https:\/\/lahingupood.ee\/toode\/batteries-charger-b3ac-20w-lipo-2-3s\/","name":"B3AC 20W LiPo laadija 2-3S \u2013 kompaktne akulaadija","isPartOf":{"@id":"https:\/\/lahingupood.ee\/#website"},"primaryImageOfPage":{"@id":"https:\/\/lahingupood.ee\/toode\/batteries-charger-b3ac-20w-lipo-2-3s\/#primaryimage"},"image":{"@id":"https:\/\/lahingupood.ee\/toode\/batteries-charger-b3ac-20w-lipo-2-3s\/#primaryimage"},"thumbnailUrl":"https:\/\/lahingupood.ee\/wp-content\/uploads\/2026\/04\/laadija.jpg","datePublished":"2026-04-23T09:32:46+00:00","dateModified":"2026-04-23T15:15:07+00:00","description":"B3AC 20W LiPo laadija 2-3S on usaldusv\u00e4\u00e4rne laadija airsoft LiPo akudele. Sobib 2S ja 3S akudele, lihtne ja turvaline kasutada.","breadcrumb":{"@id":"https:\/\/lahingupood.ee\/toode\/batteries-charger-b3ac-20w-lipo-2-3s\/#breadcrumb"},"inLanguage":"en-GB","potentialAction":[{"@type":"ReadAction","target":["https:\/\/lahingupood.ee\/toode\/batteries-charger-b3ac-20w-lipo-2-3s\/"]}]},{"@type":"ImageObject","inLanguage":"en-GB","@id":"https:\/\/lahingupood.ee\/toode\/batteries-charger-b3ac-20w-lipo-2-3s\/#primaryimage","url":"https:\/\/lahingupood.ee\/wp-content\/uploads\/2026\/04\/laadija.jpg","contentUrl":"https:\/\/lahingupood.ee\/wp-content\/uploads\/2026\/04\/laadija.jpg","width":1000,"height":1000,"caption":"B3AC 20W LiPo laadija 2-3S \u2013 kompaktne ja turvaline laadija airsoft akudele."},{"@type":"BreadcrumbList","@id":"https:\/\/lahingupood.ee\/toode\/batteries-charger-b3ac-20w-lipo-2-3s\/#breadcrumb","itemListElement":[{"@type":"ListItem","position":1,"name":"Home","item":"https:\/\/lahingupood.ee\/"},{"@type":"ListItem","position":2,"name":"Tooted","item":"https:\/\/lahingupood.ee\/tooted\/"},{"@type":"ListItem","position":3,"name":"BATTERIES CHARGER B3AC 20W (LiPo 2-3s)"}]},{"@type":"WebSite","@id":"https:\/\/lahingupood.ee\/#website","url":"https:\/\/lahingupood.ee\/","name":"Lahingurada e-pood","description":"Airsoft","publisher":{"@id":"https:\/\/lahingupood.ee\/#organization"},"potentialAction":[{"@type":"SearchAction","target":{"@type":"EntryPoint","urlTemplate":"https:\/\/lahingupood.ee\/?s={search_term_string}"},"query-input":{"@type":"PropertyValueSpecification","valueRequired":true,"valueName":"search_term_string"}}],"inLanguage":"en-GB"},{"@type":"Organization","@id":"https:\/\/lahingupood.ee\/#organization","name":"Lahingurada","url":"https:\/\/lahingupood.ee\/","logo":{"@type":"ImageObject","inLanguage":"en-GB","@id":"https:\/\/lahingupood.ee\/#\/schema\/logo\/image\/","url":"https:\/\/lahingupood.ee\/wp-content\/uploads\/2022\/03\/lahingurada-220318.jpg","contentUrl":"https:\/\/lahingupood.ee\/wp-content\/uploads\/2022\/03\/lahingurada-220318.jpg","width":800,"height":500,"caption":"Lahingurada"},"image":{"@id":"https:\/\/lahingupood.ee\/#\/schema\/logo\/image\/"},"sameAs":["https:\/\/www.facebook.com\/Lahingurada-629940247212967"]}]}},"_links":{"self":[{"href":"https:\/\/lahingupood.ee\/en\/wp-json\/wp\/v2\/product\/8128","targetHints":{"allow":["GET"]}}],"collection":[{"href":"https:\/\/lahingupood.ee\/en\/wp-json\/wp\/v2\/product"}],"about":[{"href":"https:\/\/lahingupood.ee\/en\/wp-json\/wp\/v2\/types\/product"}],"wp:featuredmedia":[{"embeddable":true,"href":"https:\/\/lahingupood.ee\/en\/wp-json\/wp\/v2\/media\/8129"}],"wp:attachment":[{"href":"https:\/\/lahingupood.ee\/en\/wp-json\/wp\/v2\/media?parent=8128"}],"wp:term":[{"taxonomy":"product_brand","embeddable":true,"href":"https:\/\/lahingupood.ee\/en\/wp-json\/wp\/v2\/product_brand?post=8128"},{"taxonomy":"product_cat","embeddable":true,"href":"https:\/\/lahingupood.ee\/en\/wp-json\/wp\/v2\/product_cat?post=8128"},{"taxonomy":"product_tag","embeddable":true,"href":"https:\/\/lahingupood.ee\/en\/wp-json\/wp\/v2\/product_tag?post=8128"}],"curies":[{"name":"wp","href":"https:\/\/api.w.org\/{rel}","templated":true}]}}