{"id":8124,"date":"2026-04-23T12:22:19","date_gmt":"2026-04-23T09:22:19","guid":{"rendered":"https:\/\/lahingupood.ee\/?post_type=product&#038;p=8124"},"modified":"2026-04-23T18:15:02","modified_gmt":"2026-04-23T15:15:02","slug":"relvakott-88cm-oliiv-roheline","status":"publish","type":"product","link":"https:\/\/lahingupood.ee\/en\/product\/relvakott-88cm-oliiv-roheline\/","title":{"rendered":"Relvakott 88cm oliiv roheline"},"content":{"rendered":"<p>Relvakott 88cm oliiv roheline on loodud airsofti relvade turvaliseks ja mugavaks transportimiseks. T\u00e4nu 88 cm pikkusele sobib see h\u00e4sti automaat t\u00fc\u00fcpi relvadele ja muule varustusele. Relvakott aitab kaitsta relva kriimustuste, mustuse ja v\u00e4iksemate l\u00f6\u00f6kide eest. Pehmendatud sisemus hoiab relva paigal ning v\u00e4hendab kahjustuste riski liikumise ajal. Kott on varustatud kandesangade ja \u00f5larihmaga.<\/p>\n<p>Tootja Royal<\/p>","protected":false},"excerpt":{"rendered":"<p>Relvakott 88cm oliiv roheline on loodud airsofti relvade turvaliseks ja mugavaks transportimiseks. T\u00e4nu 88 cm pikkusele sobib see h\u00e4sti automaat t\u00fc\u00fcpi relvadele ja muule varustusele. Relvakott aitab kaitsta relva kriimustuste, mustuse ja v\u00e4iksemate l\u00f6\u00f6kide eest. Pehmendatud sisemus hoiab relva paigal ning v\u00e4hendab kahjustuste riski liikumise ajal. Kott on varustatud kandesangade ja \u00f5larihmaga. Tootja Royal<\/p>","protected":false},"featured_media":8127,"template":"","meta":[],"product_brand":[],"product_cat":[37,38],"product_tag":[],"class_list":{"0":"post-8124","1":"product","2":"type-product","3":"status-publish","4":"has-post-thumbnail","6":"product_cat-kotid","7":"product_cat-relvakotid","9":"first","10":"instock","11":"taxable","12":"shipping-taxable","13":"purchasable","14":"product-type-simple"},"yoast_head":"<!-- This site is optimized with the Yoast SEO Premium plugin v27.4 (Yoast SEO v27.4) - https:\/\/yoast.com\/product\/yoast-seo-premium-wordpress\/ -->\n<title>Relvakott 88cm oliiv roheline \u2013 relva transpordikott<\/title>\n<meta name=\"description\" content=\"Relvakott 88cm oliiv roheline on vastupidav ja mugav kott airsoft relva transportimiseks. Kaitseb varustust ja lihtsustab kandmist.\" \/>\n<meta name=\"robots\" content=\"index, follow, max-snippet:-1, max-image-preview:large, max-video-preview:-1\" \/>\n<link rel=\"canonical\" href=\"https:\/\/lahingupood.ee\/en\/product\/relvakott-88cm-oliiv-roheline\/\" \/>\n<meta property=\"og:locale\" content=\"en_GB\" \/>\n<meta property=\"og:type\" content=\"article\" \/>\n<meta property=\"og:title\" content=\"Relvakott 88cm oliiv roheline\" \/>\n<meta property=\"og:description\" content=\"Relvakott 88cm oliiv roheline on vastupidav ja mugav kott airsoft relva transportimiseks. Kaitseb varustust ja lihtsustab kandmist.\" \/>\n<meta property=\"og:url\" content=\"https:\/\/lahingupood.ee\/en\/product\/relvakott-88cm-oliiv-roheline\/\" \/>\n<meta property=\"og:site_name\" content=\"Lahingurada e-pood\" \/>\n<meta property=\"article:publisher\" content=\"https:\/\/www.facebook.com\/Lahingurada-629940247212967\" \/>\n<meta property=\"article:modified_time\" content=\"2026-04-23T15:15:02+00:00\" \/>\n<meta property=\"og:image\" content=\"https:\/\/lahingupood.ee\/wp-content\/uploads\/2026\/04\/kott-1.jpg\" \/>\n\t<meta property=\"og:image:width\" content=\"1000\" \/>\n\t<meta property=\"og:image:height\" content=\"1000\" \/>\n\t<meta property=\"og:image:type\" content=\"image\/jpeg\" \/>\n<meta name=\"twitter:card\" content=\"summary_large_image\" \/>\n<meta name=\"twitter:label1\" content=\"Estimated reading time\" \/>\n\t<meta name=\"twitter:data1\" content=\"1 minute\" \/>\n<script type=\"application\/ld+json\" class=\"yoast-schema-graph\">{\"@context\":\"https:\\\/\\\/schema.org\",\"@graph\":[{\"@type\":\"WebPage\",\"@id\":\"https:\\\/\\\/lahingupood.ee\\\/toode\\\/relvakott-88cm-oliiv-roheline\\\/\",\"url\":\"https:\\\/\\\/lahingupood.ee\\\/toode\\\/relvakott-88cm-oliiv-roheline\\\/\",\"name\":\"Relvakott 88cm oliiv roheline \u2013 relva transpordikott\",\"isPartOf\":{\"@id\":\"https:\\\/\\\/lahingupood.ee\\\/#website\"},\"primaryImageOfPage\":{\"@id\":\"https:\\\/\\\/lahingupood.ee\\\/toode\\\/relvakott-88cm-oliiv-roheline\\\/#primaryimage\"},\"image\":{\"@id\":\"https:\\\/\\\/lahingupood.ee\\\/toode\\\/relvakott-88cm-oliiv-roheline\\\/#primaryimage\"},\"thumbnailUrl\":\"https:\\\/\\\/lahingupood.ee\\\/wp-content\\\/uploads\\\/2026\\\/04\\\/kott-1.jpg\",\"datePublished\":\"2026-04-23T09:22:19+00:00\",\"dateModified\":\"2026-04-23T15:15:02+00:00\",\"description\":\"Relvakott 88cm oliiv roheline on vastupidav ja mugav kott airsoft relva transportimiseks. Kaitseb varustust ja lihtsustab kandmist.\",\"breadcrumb\":{\"@id\":\"https:\\\/\\\/lahingupood.ee\\\/toode\\\/relvakott-88cm-oliiv-roheline\\\/#breadcrumb\"},\"inLanguage\":\"en-GB\",\"potentialAction\":[{\"@type\":\"ReadAction\",\"target\":[\"https:\\\/\\\/lahingupood.ee\\\/toode\\\/relvakott-88cm-oliiv-roheline\\\/\"]}]},{\"@type\":\"ImageObject\",\"inLanguage\":\"en-GB\",\"@id\":\"https:\\\/\\\/lahingupood.ee\\\/toode\\\/relvakott-88cm-oliiv-roheline\\\/#primaryimage\",\"url\":\"https:\\\/\\\/lahingupood.ee\\\/wp-content\\\/uploads\\\/2026\\\/04\\\/kott-1.jpg\",\"contentUrl\":\"https:\\\/\\\/lahingupood.ee\\\/wp-content\\\/uploads\\\/2026\\\/04\\\/kott-1.jpg\",\"width\":1000,\"height\":1000,\"caption\":\"Relvakott 88cm oliiv roheline \u2013 vastupidav ja mugav kott airsoft relva transportimiseks.\"},{\"@type\":\"BreadcrumbList\",\"@id\":\"https:\\\/\\\/lahingupood.ee\\\/toode\\\/relvakott-88cm-oliiv-roheline\\\/#breadcrumb\",\"itemListElement\":[{\"@type\":\"ListItem\",\"position\":1,\"name\":\"Home\",\"item\":\"https:\\\/\\\/lahingupood.ee\\\/\"},{\"@type\":\"ListItem\",\"position\":2,\"name\":\"Tooted\",\"item\":\"https:\\\/\\\/lahingupood.ee\\\/tooted\\\/\"},{\"@type\":\"ListItem\",\"position\":3,\"name\":\"Relvakott 88cm oliiv roheline\"}]},{\"@type\":\"WebSite\",\"@id\":\"https:\\\/\\\/lahingupood.ee\\\/#website\",\"url\":\"https:\\\/\\\/lahingupood.ee\\\/\",\"name\":\"Lahingurada e-pood\",\"description\":\"Airsoft\",\"publisher\":{\"@id\":\"https:\\\/\\\/lahingupood.ee\\\/#organization\"},\"potentialAction\":[{\"@type\":\"SearchAction\",\"target\":{\"@type\":\"EntryPoint\",\"urlTemplate\":\"https:\\\/\\\/lahingupood.ee\\\/?s={search_term_string}\"},\"query-input\":{\"@type\":\"PropertyValueSpecification\",\"valueRequired\":true,\"valueName\":\"search_term_string\"}}],\"inLanguage\":\"en-GB\"},{\"@type\":\"Organization\",\"@id\":\"https:\\\/\\\/lahingupood.ee\\\/#organization\",\"name\":\"Lahingurada\",\"url\":\"https:\\\/\\\/lahingupood.ee\\\/\",\"logo\":{\"@type\":\"ImageObject\",\"inLanguage\":\"en-GB\",\"@id\":\"https:\\\/\\\/lahingupood.ee\\\/#\\\/schema\\\/logo\\\/image\\\/\",\"url\":\"https:\\\/\\\/lahingupood.ee\\\/wp-content\\\/uploads\\\/2022\\\/03\\\/lahingurada-220318.jpg\",\"contentUrl\":\"https:\\\/\\\/lahingupood.ee\\\/wp-content\\\/uploads\\\/2022\\\/03\\\/lahingurada-220318.jpg\",\"width\":800,\"height\":500,\"caption\":\"Lahingurada\"},\"image\":{\"@id\":\"https:\\\/\\\/lahingupood.ee\\\/#\\\/schema\\\/logo\\\/image\\\/\"},\"sameAs\":[\"https:\\\/\\\/www.facebook.com\\\/Lahingurada-629940247212967\"]}]}<\/script>\n<!-- \/ Yoast SEO Premium plugin. -->","yoast_head_json":{"title":"Relvakott 88cm oliiv roheline \u2013 relva transpordikott","description":"Relvakott 88cm oliiv roheline on vastupidav ja mugav kott airsoft relva transportimiseks. Kaitseb varustust ja lihtsustab kandmist.","robots":{"index":"index","follow":"follow","max-snippet":"max-snippet:-1","max-image-preview":"max-image-preview:large","max-video-preview":"max-video-preview:-1"},"canonical":"https:\/\/lahingupood.ee\/en\/product\/relvakott-88cm-oliiv-roheline\/","og_locale":"en_GB","og_type":"article","og_title":"Relvakott 88cm oliiv roheline","og_description":"Relvakott 88cm oliiv roheline on vastupidav ja mugav kott airsoft relva transportimiseks. Kaitseb varustust ja lihtsustab kandmist.","og_url":"https:\/\/lahingupood.ee\/en\/product\/relvakott-88cm-oliiv-roheline\/","og_site_name":"Lahingurada e-pood","article_publisher":"https:\/\/www.facebook.com\/Lahingurada-629940247212967","article_modified_time":"2026-04-23T15:15:02+00:00","og_image":[{"width":1000,"height":1000,"url":"https:\/\/lahingupood.ee\/wp-content\/uploads\/2026\/04\/kott-1.jpg","type":"image\/jpeg"}],"twitter_card":"summary_large_image","twitter_misc":{"Estimated reading time":"1 minute"},"schema":{"@context":"https:\/\/schema.org","@graph":[{"@type":"WebPage","@id":"https:\/\/lahingupood.ee\/toode\/relvakott-88cm-oliiv-roheline\/","url":"https:\/\/lahingupood.ee\/toode\/relvakott-88cm-oliiv-roheline\/","name":"Relvakott 88cm oliiv roheline \u2013 relva transpordikott","isPartOf":{"@id":"https:\/\/lahingupood.ee\/#website"},"primaryImageOfPage":{"@id":"https:\/\/lahingupood.ee\/toode\/relvakott-88cm-oliiv-roheline\/#primaryimage"},"image":{"@id":"https:\/\/lahingupood.ee\/toode\/relvakott-88cm-oliiv-roheline\/#primaryimage"},"thumbnailUrl":"https:\/\/lahingupood.ee\/wp-content\/uploads\/2026\/04\/kott-1.jpg","datePublished":"2026-04-23T09:22:19+00:00","dateModified":"2026-04-23T15:15:02+00:00","description":"Relvakott 88cm oliiv roheline on vastupidav ja mugav kott airsoft relva transportimiseks. Kaitseb varustust ja lihtsustab kandmist.","breadcrumb":{"@id":"https:\/\/lahingupood.ee\/toode\/relvakott-88cm-oliiv-roheline\/#breadcrumb"},"inLanguage":"en-GB","potentialAction":[{"@type":"ReadAction","target":["https:\/\/lahingupood.ee\/toode\/relvakott-88cm-oliiv-roheline\/"]}]},{"@type":"ImageObject","inLanguage":"en-GB","@id":"https:\/\/lahingupood.ee\/toode\/relvakott-88cm-oliiv-roheline\/#primaryimage","url":"https:\/\/lahingupood.ee\/wp-content\/uploads\/2026\/04\/kott-1.jpg","contentUrl":"https:\/\/lahingupood.ee\/wp-content\/uploads\/2026\/04\/kott-1.jpg","width":1000,"height":1000,"caption":"Relvakott 88cm oliiv roheline \u2013 vastupidav ja mugav kott airsoft relva transportimiseks."},{"@type":"BreadcrumbList","@id":"https:\/\/lahingupood.ee\/toode\/relvakott-88cm-oliiv-roheline\/#breadcrumb","itemListElement":[{"@type":"ListItem","position":1,"name":"Home","item":"https:\/\/lahingupood.ee\/"},{"@type":"ListItem","position":2,"name":"Tooted","item":"https:\/\/lahingupood.ee\/tooted\/"},{"@type":"ListItem","position":3,"name":"Relvakott 88cm oliiv roheline"}]},{"@type":"WebSite","@id":"https:\/\/lahingupood.ee\/#website","url":"https:\/\/lahingupood.ee\/","name":"Lahingurada e-pood","description":"Airsoft","publisher":{"@id":"https:\/\/lahingupood.ee\/#organization"},"potentialAction":[{"@type":"SearchAction","target":{"@type":"EntryPoint","urlTemplate":"https:\/\/lahingupood.ee\/?s={search_term_string}"},"query-input":{"@type":"PropertyValueSpecification","valueRequired":true,"valueName":"search_term_string"}}],"inLanguage":"en-GB"},{"@type":"Organization","@id":"https:\/\/lahingupood.ee\/#organization","name":"Lahingurada","url":"https:\/\/lahingupood.ee\/","logo":{"@type":"ImageObject","inLanguage":"en-GB","@id":"https:\/\/lahingupood.ee\/#\/schema\/logo\/image\/","url":"https:\/\/lahingupood.ee\/wp-content\/uploads\/2022\/03\/lahingurada-220318.jpg","contentUrl":"https:\/\/lahingupood.ee\/wp-content\/uploads\/2022\/03\/lahingurada-220318.jpg","width":800,"height":500,"caption":"Lahingurada"},"image":{"@id":"https:\/\/lahingupood.ee\/#\/schema\/logo\/image\/"},"sameAs":["https:\/\/www.facebook.com\/Lahingurada-629940247212967"]}]}},"_links":{"self":[{"href":"https:\/\/lahingupood.ee\/en\/wp-json\/wp\/v2\/product\/8124","targetHints":{"allow":["GET"]}}],"collection":[{"href":"https:\/\/lahingupood.ee\/en\/wp-json\/wp\/v2\/product"}],"about":[{"href":"https:\/\/lahingupood.ee\/en\/wp-json\/wp\/v2\/types\/product"}],"wp:featuredmedia":[{"embeddable":true,"href":"https:\/\/lahingupood.ee\/en\/wp-json\/wp\/v2\/media\/8127"}],"wp:attachment":[{"href":"https:\/\/lahingupood.ee\/en\/wp-json\/wp\/v2\/media?parent=8124"}],"wp:term":[{"taxonomy":"product_brand","embeddable":true,"href":"https:\/\/lahingupood.ee\/en\/wp-json\/wp\/v2\/product_brand?post=8124"},{"taxonomy":"product_cat","embeddable":true,"href":"https:\/\/lahingupood.ee\/en\/wp-json\/wp\/v2\/product_cat?post=8124"},{"taxonomy":"product_tag","embeddable":true,"href":"https:\/\/lahingupood.ee\/en\/wp-json\/wp\/v2\/product_tag?post=8124"}],"curies":[{"name":"wp","href":"https:\/\/api.w.org\/{rel}","templated":true}]}}