{"id":792,"date":"2022-04-19T17:08:45","date_gmt":"2022-04-19T14:08:45","guid":{"rendered":"https:\/\/lahingupood.ee\/?post_type=product&#038;p=792"},"modified":"2026-04-12T21:30:19","modified_gmt":"2026-04-12T18:30:19","slug":"large-utility-pouch-cad","status":"publish","type":"product","link":"https:\/\/lahingupood.ee\/en\/product\/large-utility-pouch-cad\/","title":{"rendered":"Suur utility pouch CAD"},"content":{"rendered":"<p>CAD large utility pouch on suur ja mitmek\u00fclgne taktikaline varustustasku, mis on m\u00f5eldud erinevate esemete kandmiseks ja organiseerimiseks. Tegemist on praktilise lahendusega Airsoft m\u00e4ngijatele, militaarhuvilistele ja professionaalsele kasutajale, kes vajab usaldusv\u00e4\u00e4rset lisaruumi varustuse jaoks.<\/p>","protected":false},"excerpt":{"rendered":"<p>CAD large utility pouch on suur ja mitmek\u00fclgne taktikaline varustustasku, mis on m\u00f5eldud erinevate esemete kandmiseks ja organiseerimiseks. Tegemist on praktilise lahendusega Airsoft m\u00e4ngijatele, militaarhuvilistele ja professionaalsele kasutajale, kes vajab usaldusv\u00e4\u00e4rset lisaruumi varustuse jaoks.<\/p>","protected":false},"featured_media":671,"template":"","meta":[],"product_brand":[],"product_cat":[213,67],"product_tag":[],"class_list":{"0":"post-792","1":"product","2":"type-product","3":"status-publish","4":"has-post-thumbnail","6":"product_cat-cad","7":"product_cat-varustuse-taskud","9":"first","10":"instock","11":"taxable","12":"shipping-taxable","13":"purchasable","14":"product-type-simple"},"yoast_head":"<!-- This site is optimized with the Yoast SEO Premium plugin v27.3 (Yoast SEO v27.3) - https:\/\/yoast.com\/product\/yoast-seo-premium-wordpress\/ -->\n<title>CAD Large Utility Pouch \u2013 taktikaline varustustasku<\/title>\n<meta name=\"description\" content=\"CAD large utility pouch on suur taktikaline varustustasku, mis sobib varustuse, t\u00f6\u00f6riistade ja lisatarvikute kandmiseks MOLLE s\u00fcsteemil.\" \/>\n<meta name=\"robots\" content=\"index, follow, max-snippet:-1, max-image-preview:large, max-video-preview:-1\" \/>\n<link rel=\"canonical\" href=\"https:\/\/lahingupood.ee\/en\/product\/large-utility-pouch-cad\/\" \/>\n<meta property=\"og:locale\" content=\"en_GB\" \/>\n<meta property=\"og:type\" content=\"article\" \/>\n<meta property=\"og:title\" content=\"Suur utility pouch CAD\" \/>\n<meta property=\"og:description\" content=\"CAD large utility pouch on suur taktikaline varustustasku, mis sobib varustuse, t\u00f6\u00f6riistade ja lisatarvikute kandmiseks MOLLE s\u00fcsteemil.\" \/>\n<meta property=\"og:url\" content=\"https:\/\/lahingupood.ee\/en\/product\/large-utility-pouch-cad\/\" \/>\n<meta property=\"og:site_name\" content=\"Lahingurada e-pood\" \/>\n<meta property=\"article:publisher\" content=\"https:\/\/www.facebook.com\/Lahingurada-629940247212967\" \/>\n<meta property=\"article:modified_time\" content=\"2026-04-12T18:30:19+00:00\" \/>\n<meta property=\"og:image\" content=\"https:\/\/lahingupood.ee\/wp-content\/uploads\/2022\/04\/DSC_2502_4f0ca033-85a0-45a9-9e21-1d4e34844e2f_900x.jpg.webp\" \/>\n\t<meta property=\"og:image:width\" content=\"900\" \/>\n\t<meta property=\"og:image:height\" content=\"1349\" \/>\n\t<meta property=\"og:image:type\" content=\"image\/webp\" \/>\n<meta name=\"twitter:card\" content=\"summary_large_image\" \/>\n<meta name=\"twitter:label1\" content=\"Estimated reading time\" \/>\n\t<meta name=\"twitter:data1\" content=\"1 minute\" \/>\n<script type=\"application\/ld+json\" class=\"yoast-schema-graph\">{\"@context\":\"https:\\\/\\\/schema.org\",\"@graph\":[{\"@type\":\"WebPage\",\"@id\":\"https:\\\/\\\/lahingupood.ee\\\/toode\\\/large-utility-pouch-cad\\\/\",\"url\":\"https:\\\/\\\/lahingupood.ee\\\/toode\\\/large-utility-pouch-cad\\\/\",\"name\":\"CAD Large Utility Pouch \u2013 taktikaline varustustasku\",\"isPartOf\":{\"@id\":\"https:\\\/\\\/lahingupood.ee\\\/#website\"},\"primaryImageOfPage\":{\"@id\":\"https:\\\/\\\/lahingupood.ee\\\/toode\\\/large-utility-pouch-cad\\\/#primaryimage\"},\"image\":{\"@id\":\"https:\\\/\\\/lahingupood.ee\\\/toode\\\/large-utility-pouch-cad\\\/#primaryimage\"},\"thumbnailUrl\":\"https:\\\/\\\/lahingupood.ee\\\/wp-content\\\/uploads\\\/2022\\\/04\\\/DSC_2502_4f0ca033-85a0-45a9-9e21-1d4e34844e2f_900x.jpg.webp\",\"datePublished\":\"2022-04-19T14:08:45+00:00\",\"dateModified\":\"2026-04-12T18:30:19+00:00\",\"description\":\"CAD large utility pouch on suur taktikaline varustustasku, mis sobib varustuse, t\u00f6\u00f6riistade ja lisatarvikute kandmiseks MOLLE s\u00fcsteemil.\",\"breadcrumb\":{\"@id\":\"https:\\\/\\\/lahingupood.ee\\\/toode\\\/large-utility-pouch-cad\\\/#breadcrumb\"},\"inLanguage\":\"en-GB\",\"potentialAction\":[{\"@type\":\"ReadAction\",\"target\":[\"https:\\\/\\\/lahingupood.ee\\\/toode\\\/large-utility-pouch-cad\\\/\"]}]},{\"@type\":\"ImageObject\",\"inLanguage\":\"en-GB\",\"@id\":\"https:\\\/\\\/lahingupood.ee\\\/toode\\\/large-utility-pouch-cad\\\/#primaryimage\",\"url\":\"https:\\\/\\\/lahingupood.ee\\\/wp-content\\\/uploads\\\/2022\\\/04\\\/DSC_2502_4f0ca033-85a0-45a9-9e21-1d4e34844e2f_900x.jpg.webp\",\"contentUrl\":\"https:\\\/\\\/lahingupood.ee\\\/wp-content\\\/uploads\\\/2022\\\/04\\\/DSC_2502_4f0ca033-85a0-45a9-9e21-1d4e34844e2f_900x.jpg.webp\",\"width\":900,\"height\":1349,\"caption\":\"CAD large utility pouch suur taktikaline varustustasku MOLLE\"},{\"@type\":\"BreadcrumbList\",\"@id\":\"https:\\\/\\\/lahingupood.ee\\\/toode\\\/large-utility-pouch-cad\\\/#breadcrumb\",\"itemListElement\":[{\"@type\":\"ListItem\",\"position\":1,\"name\":\"Home\",\"item\":\"https:\\\/\\\/lahingupood.ee\\\/\"},{\"@type\":\"ListItem\",\"position\":2,\"name\":\"Tooted\",\"item\":\"https:\\\/\\\/lahingupood.ee\\\/tooted\\\/\"},{\"@type\":\"ListItem\",\"position\":3,\"name\":\"Suur utility pouch CAD\"}]},{\"@type\":\"WebSite\",\"@id\":\"https:\\\/\\\/lahingupood.ee\\\/#website\",\"url\":\"https:\\\/\\\/lahingupood.ee\\\/\",\"name\":\"Lahingurada e-pood\",\"description\":\"Airsoft\",\"publisher\":{\"@id\":\"https:\\\/\\\/lahingupood.ee\\\/#organization\"},\"potentialAction\":[{\"@type\":\"SearchAction\",\"target\":{\"@type\":\"EntryPoint\",\"urlTemplate\":\"https:\\\/\\\/lahingupood.ee\\\/?s={search_term_string}\"},\"query-input\":{\"@type\":\"PropertyValueSpecification\",\"valueRequired\":true,\"valueName\":\"search_term_string\"}}],\"inLanguage\":\"en-GB\"},{\"@type\":\"Organization\",\"@id\":\"https:\\\/\\\/lahingupood.ee\\\/#organization\",\"name\":\"Lahingurada\",\"url\":\"https:\\\/\\\/lahingupood.ee\\\/\",\"logo\":{\"@type\":\"ImageObject\",\"inLanguage\":\"en-GB\",\"@id\":\"https:\\\/\\\/lahingupood.ee\\\/#\\\/schema\\\/logo\\\/image\\\/\",\"url\":\"https:\\\/\\\/lahingupood.ee\\\/wp-content\\\/uploads\\\/2022\\\/03\\\/lahingurada-220318.jpg\",\"contentUrl\":\"https:\\\/\\\/lahingupood.ee\\\/wp-content\\\/uploads\\\/2022\\\/03\\\/lahingurada-220318.jpg\",\"width\":800,\"height\":500,\"caption\":\"Lahingurada\"},\"image\":{\"@id\":\"https:\\\/\\\/lahingupood.ee\\\/#\\\/schema\\\/logo\\\/image\\\/\"},\"sameAs\":[\"https:\\\/\\\/www.facebook.com\\\/Lahingurada-629940247212967\"]}]}<\/script>\n<!-- \/ Yoast SEO Premium plugin. -->","yoast_head_json":{"title":"CAD Large Utility Pouch \u2013 taktikaline varustustasku","description":"CAD large utility pouch on suur taktikaline varustustasku, mis sobib varustuse, t\u00f6\u00f6riistade ja lisatarvikute kandmiseks MOLLE s\u00fcsteemil.","robots":{"index":"index","follow":"follow","max-snippet":"max-snippet:-1","max-image-preview":"max-image-preview:large","max-video-preview":"max-video-preview:-1"},"canonical":"https:\/\/lahingupood.ee\/en\/product\/large-utility-pouch-cad\/","og_locale":"en_GB","og_type":"article","og_title":"Suur utility pouch CAD","og_description":"CAD large utility pouch on suur taktikaline varustustasku, mis sobib varustuse, t\u00f6\u00f6riistade ja lisatarvikute kandmiseks MOLLE s\u00fcsteemil.","og_url":"https:\/\/lahingupood.ee\/en\/product\/large-utility-pouch-cad\/","og_site_name":"Lahingurada e-pood","article_publisher":"https:\/\/www.facebook.com\/Lahingurada-629940247212967","article_modified_time":"2026-04-12T18:30:19+00:00","og_image":[{"width":900,"height":1349,"url":"https:\/\/lahingupood.ee\/wp-content\/uploads\/2022\/04\/DSC_2502_4f0ca033-85a0-45a9-9e21-1d4e34844e2f_900x.jpg.webp","type":"image\/webp"}],"twitter_card":"summary_large_image","twitter_misc":{"Estimated reading time":"1 minute"},"schema":{"@context":"https:\/\/schema.org","@graph":[{"@type":"WebPage","@id":"https:\/\/lahingupood.ee\/toode\/large-utility-pouch-cad\/","url":"https:\/\/lahingupood.ee\/toode\/large-utility-pouch-cad\/","name":"CAD Large Utility Pouch \u2013 taktikaline varustustasku","isPartOf":{"@id":"https:\/\/lahingupood.ee\/#website"},"primaryImageOfPage":{"@id":"https:\/\/lahingupood.ee\/toode\/large-utility-pouch-cad\/#primaryimage"},"image":{"@id":"https:\/\/lahingupood.ee\/toode\/large-utility-pouch-cad\/#primaryimage"},"thumbnailUrl":"https:\/\/lahingupood.ee\/wp-content\/uploads\/2022\/04\/DSC_2502_4f0ca033-85a0-45a9-9e21-1d4e34844e2f_900x.jpg.webp","datePublished":"2022-04-19T14:08:45+00:00","dateModified":"2026-04-12T18:30:19+00:00","description":"CAD large utility pouch on suur taktikaline varustustasku, mis sobib varustuse, t\u00f6\u00f6riistade ja lisatarvikute kandmiseks MOLLE s\u00fcsteemil.","breadcrumb":{"@id":"https:\/\/lahingupood.ee\/toode\/large-utility-pouch-cad\/#breadcrumb"},"inLanguage":"en-GB","potentialAction":[{"@type":"ReadAction","target":["https:\/\/lahingupood.ee\/toode\/large-utility-pouch-cad\/"]}]},{"@type":"ImageObject","inLanguage":"en-GB","@id":"https:\/\/lahingupood.ee\/toode\/large-utility-pouch-cad\/#primaryimage","url":"https:\/\/lahingupood.ee\/wp-content\/uploads\/2022\/04\/DSC_2502_4f0ca033-85a0-45a9-9e21-1d4e34844e2f_900x.jpg.webp","contentUrl":"https:\/\/lahingupood.ee\/wp-content\/uploads\/2022\/04\/DSC_2502_4f0ca033-85a0-45a9-9e21-1d4e34844e2f_900x.jpg.webp","width":900,"height":1349,"caption":"CAD large utility pouch suur taktikaline varustustasku MOLLE"},{"@type":"BreadcrumbList","@id":"https:\/\/lahingupood.ee\/toode\/large-utility-pouch-cad\/#breadcrumb","itemListElement":[{"@type":"ListItem","position":1,"name":"Home","item":"https:\/\/lahingupood.ee\/"},{"@type":"ListItem","position":2,"name":"Tooted","item":"https:\/\/lahingupood.ee\/tooted\/"},{"@type":"ListItem","position":3,"name":"Suur utility pouch CAD"}]},{"@type":"WebSite","@id":"https:\/\/lahingupood.ee\/#website","url":"https:\/\/lahingupood.ee\/","name":"Lahingurada e-pood","description":"Airsoft","publisher":{"@id":"https:\/\/lahingupood.ee\/#organization"},"potentialAction":[{"@type":"SearchAction","target":{"@type":"EntryPoint","urlTemplate":"https:\/\/lahingupood.ee\/?s={search_term_string}"},"query-input":{"@type":"PropertyValueSpecification","valueRequired":true,"valueName":"search_term_string"}}],"inLanguage":"en-GB"},{"@type":"Organization","@id":"https:\/\/lahingupood.ee\/#organization","name":"Lahingurada","url":"https:\/\/lahingupood.ee\/","logo":{"@type":"ImageObject","inLanguage":"en-GB","@id":"https:\/\/lahingupood.ee\/#\/schema\/logo\/image\/","url":"https:\/\/lahingupood.ee\/wp-content\/uploads\/2022\/03\/lahingurada-220318.jpg","contentUrl":"https:\/\/lahingupood.ee\/wp-content\/uploads\/2022\/03\/lahingurada-220318.jpg","width":800,"height":500,"caption":"Lahingurada"},"image":{"@id":"https:\/\/lahingupood.ee\/#\/schema\/logo\/image\/"},"sameAs":["https:\/\/www.facebook.com\/Lahingurada-629940247212967"]}]}},"_links":{"self":[{"href":"https:\/\/lahingupood.ee\/en\/wp-json\/wp\/v2\/product\/792","targetHints":{"allow":["GET"]}}],"collection":[{"href":"https:\/\/lahingupood.ee\/en\/wp-json\/wp\/v2\/product"}],"about":[{"href":"https:\/\/lahingupood.ee\/en\/wp-json\/wp\/v2\/types\/product"}],"wp:featuredmedia":[{"embeddable":true,"href":"https:\/\/lahingupood.ee\/en\/wp-json\/wp\/v2\/media\/671"}],"wp:attachment":[{"href":"https:\/\/lahingupood.ee\/en\/wp-json\/wp\/v2\/media?parent=792"}],"wp:term":[{"taxonomy":"product_brand","embeddable":true,"href":"https:\/\/lahingupood.ee\/en\/wp-json\/wp\/v2\/product_brand?post=792"},{"taxonomy":"product_cat","embeddable":true,"href":"https:\/\/lahingupood.ee\/en\/wp-json\/wp\/v2\/product_cat?post=792"},{"taxonomy":"product_tag","embeddable":true,"href":"https:\/\/lahingupood.ee\/en\/wp-json\/wp\/v2\/product_tag?post=792"}],"curies":[{"name":"wp","href":"https:\/\/api.w.org\/{rel}","templated":true}]}}