{"id":7859,"date":"2026-04-14T14:33:40","date_gmt":"2026-04-14T11:33:40","guid":{"rendered":"https:\/\/lahingupood.ee\/?post_type=product&#038;p=7859"},"modified":"2026-04-23T11:30:03","modified_gmt":"2026-04-23T08:30:03","slug":"warhammer-colour-painting-handle","status":"publish","type":"product","link":"https:\/\/lahingupood.ee\/en\/product\/warhammer-colour-painting-handle\/","title":{"rendered":"Warhammer Colour Painting Handle"},"content":{"rendered":"<p>Warhammer Colour Painting Handle on Games Workshopi poolt loodud praktiline t\u00f6\u00f6riist. See on m\u00f5eldud miniatuuride v\u00e4rvimise lihtsustamiseks ja t\u00e4psuse parandamiseks. See on \u00fcks populaarsemaid abivahendeid harrastajate seas, sest see muudab detailse maalimise mugavamaks ja stabiilsemaks. Warhammer Colour Painting Handle aitab hoida miniatuuri kindlalt paigal, samal ajal kui m\u00e4ngija saab vabalt v\u00e4rvida ilma, et peaks mudelit s\u00f5rmedega kinni hoidma. See v\u00e4hendab juhuslike puudutuste ja v\u00e4rvikihtide kahjustamise riski ning parandab \u00fcldist t\u00f6\u00f6 t\u00e4psust.<\/p>","protected":false},"excerpt":{"rendered":"<p>Warhammer Colour Painting Handle on Games Workshopi poolt loodud praktiline t\u00f6\u00f6riist. See on m\u00f5eldud miniatuuride v\u00e4rvimise lihtsustamiseks ja t\u00e4psuse parandamiseks. See on \u00fcks populaarsemaid abivahendeid harrastajate seas, sest see muudab detailse maalimise mugavamaks ja stabiilsemaks. Warhammer Colour Painting Handle aitab hoida miniatuuri kindlalt paigal, samal ajal kui m\u00e4ngija saab vabalt v\u00e4rvida ilma, et peaks mudelit [&#8230;]\n","protected":false},"featured_media":7860,"template":"","meta":[],"product_brand":[],"product_cat":[226,222],"product_tag":[],"class_list":{"0":"post-7859","1":"product","2":"type-product","3":"status-publish","4":"has-post-thumbnail","6":"product_cat-lisatarvikud","7":"product_cat-warhammer","9":"first","10":"instock","11":"taxable","12":"shipping-taxable","13":"purchasable","14":"product-type-simple"},"yoast_head":"<!-- This site is optimized with the Yoast SEO Premium plugin v27.4 (Yoast SEO v27.4) - https:\/\/yoast.com\/product\/yoast-seo-premium-wordpress\/ -->\n<title>Warhammer Colour Painting Handle \u2013 miniatuuride v\u00e4rvimise hoidik<\/title>\n<meta name=\"description\" content=\"Warhammer Colour Painting Handle on ergonoomiline miniatuuride hoidik, mis teeb Warhammer mudelite v\u00e4rvimise mugavamaks ja t\u00e4psemaks.\" \/>\n<meta name=\"robots\" content=\"index, follow, max-snippet:-1, max-image-preview:large, max-video-preview:-1\" \/>\n<link rel=\"canonical\" href=\"https:\/\/lahingupood.ee\/en\/product\/warhammer-colour-painting-handle\/\" \/>\n<meta property=\"og:locale\" content=\"en_GB\" \/>\n<meta property=\"og:type\" content=\"article\" \/>\n<meta property=\"og:title\" content=\"Warhammer Colour Painting Handle\" \/>\n<meta property=\"og:description\" content=\"Warhammer Colour Painting Handle on ergonoomiline miniatuuride hoidik, mis teeb Warhammer mudelite v\u00e4rvimise mugavamaks ja t\u00e4psemaks.\" \/>\n<meta property=\"og:url\" content=\"https:\/\/lahingupood.ee\/en\/product\/warhammer-colour-painting-handle\/\" \/>\n<meta property=\"og:site_name\" content=\"Lahingurada e-pood\" \/>\n<meta property=\"article:publisher\" content=\"https:\/\/www.facebook.com\/Lahingurada-629940247212967\" \/>\n<meta property=\"article:modified_time\" content=\"2026-04-23T08:30:03+00:00\" \/>\n<meta property=\"og:image\" content=\"https:\/\/lahingupood.ee\/wp-content\/uploads\/2026\/04\/hoidik.jpg\" \/>\n\t<meta property=\"og:image:width\" content=\"891\" \/>\n\t<meta property=\"og:image:height\" content=\"920\" \/>\n\t<meta property=\"og:image:type\" content=\"image\/jpeg\" \/>\n<meta name=\"twitter:card\" content=\"summary_large_image\" \/>\n<meta name=\"twitter:label1\" content=\"Estimated reading time\" \/>\n\t<meta name=\"twitter:data1\" content=\"1 minute\" \/>\n<script type=\"application\/ld+json\" class=\"yoast-schema-graph\">{\"@context\":\"https:\\\/\\\/schema.org\",\"@graph\":[{\"@type\":\"WebPage\",\"@id\":\"https:\\\/\\\/lahingupood.ee\\\/toode\\\/warhammer-colour-painting-handle\\\/\",\"url\":\"https:\\\/\\\/lahingupood.ee\\\/toode\\\/warhammer-colour-painting-handle\\\/\",\"name\":\"Warhammer Colour Painting Handle \u2013 miniatuuride v\u00e4rvimise hoidik\",\"isPartOf\":{\"@id\":\"https:\\\/\\\/lahingupood.ee\\\/#website\"},\"primaryImageOfPage\":{\"@id\":\"https:\\\/\\\/lahingupood.ee\\\/toode\\\/warhammer-colour-painting-handle\\\/#primaryimage\"},\"image\":{\"@id\":\"https:\\\/\\\/lahingupood.ee\\\/toode\\\/warhammer-colour-painting-handle\\\/#primaryimage\"},\"thumbnailUrl\":\"https:\\\/\\\/lahingupood.ee\\\/wp-content\\\/uploads\\\/2026\\\/04\\\/hoidik.jpg\",\"datePublished\":\"2026-04-14T11:33:40+00:00\",\"dateModified\":\"2026-04-23T08:30:03+00:00\",\"description\":\"Warhammer Colour Painting Handle on ergonoomiline miniatuuride hoidik, mis teeb Warhammer mudelite v\u00e4rvimise mugavamaks ja t\u00e4psemaks.\",\"breadcrumb\":{\"@id\":\"https:\\\/\\\/lahingupood.ee\\\/toode\\\/warhammer-colour-painting-handle\\\/#breadcrumb\"},\"inLanguage\":\"en-GB\",\"potentialAction\":[{\"@type\":\"ReadAction\",\"target\":[\"https:\\\/\\\/lahingupood.ee\\\/toode\\\/warhammer-colour-painting-handle\\\/\"]}]},{\"@type\":\"ImageObject\",\"inLanguage\":\"en-GB\",\"@id\":\"https:\\\/\\\/lahingupood.ee\\\/toode\\\/warhammer-colour-painting-handle\\\/#primaryimage\",\"url\":\"https:\\\/\\\/lahingupood.ee\\\/wp-content\\\/uploads\\\/2026\\\/04\\\/hoidik.jpg\",\"contentUrl\":\"https:\\\/\\\/lahingupood.ee\\\/wp-content\\\/uploads\\\/2026\\\/04\\\/hoidik.jpg\",\"width\":891,\"height\":920,\"caption\":\"Warhammer Colour Painting Handle miniatuuride hoidik v\u00e4rvimiseks Citadel t\u00f6\u00f6riist\"},{\"@type\":\"BreadcrumbList\",\"@id\":\"https:\\\/\\\/lahingupood.ee\\\/toode\\\/warhammer-colour-painting-handle\\\/#breadcrumb\",\"itemListElement\":[{\"@type\":\"ListItem\",\"position\":1,\"name\":\"Home\",\"item\":\"https:\\\/\\\/lahingupood.ee\\\/\"},{\"@type\":\"ListItem\",\"position\":2,\"name\":\"Tooted\",\"item\":\"https:\\\/\\\/lahingupood.ee\\\/tooted\\\/\"},{\"@type\":\"ListItem\",\"position\":3,\"name\":\"Warhammer Colour Painting Handle\"}]},{\"@type\":\"WebSite\",\"@id\":\"https:\\\/\\\/lahingupood.ee\\\/#website\",\"url\":\"https:\\\/\\\/lahingupood.ee\\\/\",\"name\":\"Lahingurada e-pood\",\"description\":\"Airsoft\",\"publisher\":{\"@id\":\"https:\\\/\\\/lahingupood.ee\\\/#organization\"},\"potentialAction\":[{\"@type\":\"SearchAction\",\"target\":{\"@type\":\"EntryPoint\",\"urlTemplate\":\"https:\\\/\\\/lahingupood.ee\\\/?s={search_term_string}\"},\"query-input\":{\"@type\":\"PropertyValueSpecification\",\"valueRequired\":true,\"valueName\":\"search_term_string\"}}],\"inLanguage\":\"en-GB\"},{\"@type\":\"Organization\",\"@id\":\"https:\\\/\\\/lahingupood.ee\\\/#organization\",\"name\":\"Lahingurada\",\"url\":\"https:\\\/\\\/lahingupood.ee\\\/\",\"logo\":{\"@type\":\"ImageObject\",\"inLanguage\":\"en-GB\",\"@id\":\"https:\\\/\\\/lahingupood.ee\\\/#\\\/schema\\\/logo\\\/image\\\/\",\"url\":\"https:\\\/\\\/lahingupood.ee\\\/wp-content\\\/uploads\\\/2022\\\/03\\\/lahingurada-220318.jpg\",\"contentUrl\":\"https:\\\/\\\/lahingupood.ee\\\/wp-content\\\/uploads\\\/2022\\\/03\\\/lahingurada-220318.jpg\",\"width\":800,\"height\":500,\"caption\":\"Lahingurada\"},\"image\":{\"@id\":\"https:\\\/\\\/lahingupood.ee\\\/#\\\/schema\\\/logo\\\/image\\\/\"},\"sameAs\":[\"https:\\\/\\\/www.facebook.com\\\/Lahingurada-629940247212967\"]}]}<\/script>\n<!-- \/ Yoast SEO Premium plugin. -->","yoast_head_json":{"title":"Warhammer Colour Painting Handle \u2013 miniatuuride v\u00e4rvimise hoidik","description":"Warhammer Colour Painting Handle on ergonoomiline miniatuuride hoidik, mis teeb Warhammer mudelite v\u00e4rvimise mugavamaks ja t\u00e4psemaks.","robots":{"index":"index","follow":"follow","max-snippet":"max-snippet:-1","max-image-preview":"max-image-preview:large","max-video-preview":"max-video-preview:-1"},"canonical":"https:\/\/lahingupood.ee\/en\/product\/warhammer-colour-painting-handle\/","og_locale":"en_GB","og_type":"article","og_title":"Warhammer Colour Painting Handle","og_description":"Warhammer Colour Painting Handle on ergonoomiline miniatuuride hoidik, mis teeb Warhammer mudelite v\u00e4rvimise mugavamaks ja t\u00e4psemaks.","og_url":"https:\/\/lahingupood.ee\/en\/product\/warhammer-colour-painting-handle\/","og_site_name":"Lahingurada e-pood","article_publisher":"https:\/\/www.facebook.com\/Lahingurada-629940247212967","article_modified_time":"2026-04-23T08:30:03+00:00","og_image":[{"width":891,"height":920,"url":"https:\/\/lahingupood.ee\/wp-content\/uploads\/2026\/04\/hoidik.jpg","type":"image\/jpeg"}],"twitter_card":"summary_large_image","twitter_misc":{"Estimated reading time":"1 minute"},"schema":{"@context":"https:\/\/schema.org","@graph":[{"@type":"WebPage","@id":"https:\/\/lahingupood.ee\/toode\/warhammer-colour-painting-handle\/","url":"https:\/\/lahingupood.ee\/toode\/warhammer-colour-painting-handle\/","name":"Warhammer Colour Painting Handle \u2013 miniatuuride v\u00e4rvimise hoidik","isPartOf":{"@id":"https:\/\/lahingupood.ee\/#website"},"primaryImageOfPage":{"@id":"https:\/\/lahingupood.ee\/toode\/warhammer-colour-painting-handle\/#primaryimage"},"image":{"@id":"https:\/\/lahingupood.ee\/toode\/warhammer-colour-painting-handle\/#primaryimage"},"thumbnailUrl":"https:\/\/lahingupood.ee\/wp-content\/uploads\/2026\/04\/hoidik.jpg","datePublished":"2026-04-14T11:33:40+00:00","dateModified":"2026-04-23T08:30:03+00:00","description":"Warhammer Colour Painting Handle on ergonoomiline miniatuuride hoidik, mis teeb Warhammer mudelite v\u00e4rvimise mugavamaks ja t\u00e4psemaks.","breadcrumb":{"@id":"https:\/\/lahingupood.ee\/toode\/warhammer-colour-painting-handle\/#breadcrumb"},"inLanguage":"en-GB","potentialAction":[{"@type":"ReadAction","target":["https:\/\/lahingupood.ee\/toode\/warhammer-colour-painting-handle\/"]}]},{"@type":"ImageObject","inLanguage":"en-GB","@id":"https:\/\/lahingupood.ee\/toode\/warhammer-colour-painting-handle\/#primaryimage","url":"https:\/\/lahingupood.ee\/wp-content\/uploads\/2026\/04\/hoidik.jpg","contentUrl":"https:\/\/lahingupood.ee\/wp-content\/uploads\/2026\/04\/hoidik.jpg","width":891,"height":920,"caption":"Warhammer Colour Painting Handle miniatuuride hoidik v\u00e4rvimiseks Citadel t\u00f6\u00f6riist"},{"@type":"BreadcrumbList","@id":"https:\/\/lahingupood.ee\/toode\/warhammer-colour-painting-handle\/#breadcrumb","itemListElement":[{"@type":"ListItem","position":1,"name":"Home","item":"https:\/\/lahingupood.ee\/"},{"@type":"ListItem","position":2,"name":"Tooted","item":"https:\/\/lahingupood.ee\/tooted\/"},{"@type":"ListItem","position":3,"name":"Warhammer Colour Painting Handle"}]},{"@type":"WebSite","@id":"https:\/\/lahingupood.ee\/#website","url":"https:\/\/lahingupood.ee\/","name":"Lahingurada e-pood","description":"Airsoft","publisher":{"@id":"https:\/\/lahingupood.ee\/#organization"},"potentialAction":[{"@type":"SearchAction","target":{"@type":"EntryPoint","urlTemplate":"https:\/\/lahingupood.ee\/?s={search_term_string}"},"query-input":{"@type":"PropertyValueSpecification","valueRequired":true,"valueName":"search_term_string"}}],"inLanguage":"en-GB"},{"@type":"Organization","@id":"https:\/\/lahingupood.ee\/#organization","name":"Lahingurada","url":"https:\/\/lahingupood.ee\/","logo":{"@type":"ImageObject","inLanguage":"en-GB","@id":"https:\/\/lahingupood.ee\/#\/schema\/logo\/image\/","url":"https:\/\/lahingupood.ee\/wp-content\/uploads\/2022\/03\/lahingurada-220318.jpg","contentUrl":"https:\/\/lahingupood.ee\/wp-content\/uploads\/2022\/03\/lahingurada-220318.jpg","width":800,"height":500,"caption":"Lahingurada"},"image":{"@id":"https:\/\/lahingupood.ee\/#\/schema\/logo\/image\/"},"sameAs":["https:\/\/www.facebook.com\/Lahingurada-629940247212967"]}]}},"_links":{"self":[{"href":"https:\/\/lahingupood.ee\/en\/wp-json\/wp\/v2\/product\/7859","targetHints":{"allow":["GET"]}}],"collection":[{"href":"https:\/\/lahingupood.ee\/en\/wp-json\/wp\/v2\/product"}],"about":[{"href":"https:\/\/lahingupood.ee\/en\/wp-json\/wp\/v2\/types\/product"}],"wp:featuredmedia":[{"embeddable":true,"href":"https:\/\/lahingupood.ee\/en\/wp-json\/wp\/v2\/media\/7860"}],"wp:attachment":[{"href":"https:\/\/lahingupood.ee\/en\/wp-json\/wp\/v2\/media?parent=7859"}],"wp:term":[{"taxonomy":"product_brand","embeddable":true,"href":"https:\/\/lahingupood.ee\/en\/wp-json\/wp\/v2\/product_brand?post=7859"},{"taxonomy":"product_cat","embeddable":true,"href":"https:\/\/lahingupood.ee\/en\/wp-json\/wp\/v2\/product_cat?post=7859"},{"taxonomy":"product_tag","embeddable":true,"href":"https:\/\/lahingupood.ee\/en\/wp-json\/wp\/v2\/product_tag?post=7859"}],"curies":[{"name":"wp","href":"https:\/\/api.w.org\/{rel}","templated":true}]}}