{"id":7855,"date":"2026-04-14T14:22:01","date_gmt":"2026-04-14T11:22:01","guid":{"rendered":"https:\/\/lahingupood.ee\/?post_type=product&#038;p=7855"},"modified":"2026-05-02T01:30:03","modified_gmt":"2026-05-01T22:30:03","slug":"warhammer-dice","status":"publish","type":"product","link":"https:\/\/lahingupood.ee\/en\/product\/warhammer-dice\/","title":{"rendered":"WARHAMMER DICE"},"content":{"rendered":"<p>Warhammer dice set on oluline m\u00e4ngutarvik k\u00f5igile Warhammer universumi lauam\u00e4ngude f\u00e4nnidele. T\u00e4ringud on keskne osa nii Warhammer 40,000 kui ka Age of Sigmar m\u00e4ngus\u00fcsteemides, kus neid kasutatakse r\u00fcnnakute, kaitsete ja erinevate m\u00e4ngumehhanismide lahendamiseks. Warhammer dice set sisaldab tavaliselt mitut kuuek\u00fclgset t\u00e4ringut (D6), mis on spetsiaalselt disainitud Warhammeri s\u00fcmboolikaga. M\u00f5nel komplektil on ka erinevad v\u00e4rvilahendused v\u00f5i ikoonid, mis aitavad eristada \u00fcksuste v\u00f5i relvade t\u00e4ringuid m\u00e4ngu ajal.<\/p>","protected":false},"excerpt":{"rendered":"<p>Warhammer dice set on oluline m\u00e4ngutarvik k\u00f5igile Warhammer universumi lauam\u00e4ngude f\u00e4nnidele. T\u00e4ringud on keskne osa nii Warhammer 40,000 kui ka Age of Sigmar m\u00e4ngus\u00fcsteemides, kus neid kasutatakse r\u00fcnnakute, kaitsete ja erinevate m\u00e4ngumehhanismide lahendamiseks. Warhammer dice set sisaldab tavaliselt mitut kuuek\u00fclgset t\u00e4ringut (D6), mis on spetsiaalselt disainitud Warhammeri s\u00fcmboolikaga. M\u00f5nel komplektil on ka erinevad v\u00e4rvilahendused v\u00f5i [&#8230;]\n","protected":false},"featured_media":7856,"template":"","meta":[],"product_brand":[],"product_cat":[226,288,222],"product_tag":[],"class_list":{"0":"post-7855","1":"product","2":"type-product","3":"status-publish","4":"has-post-thumbnail","6":"product_cat-lisatarvikud","7":"product_cat-taringud","8":"product_cat-warhammer","10":"first","11":"instock","12":"taxable","13":"shipping-taxable","14":"purchasable","15":"product-type-simple"},"yoast_head":"<!-- This site is optimized with the Yoast SEO Premium plugin v27.5 (Yoast SEO v27.5) - https:\/\/yoast.com\/product\/yoast-seo-premium-wordpress\/ -->\n<title>Warhammer Dice Set \u2013 t\u00e4ringud Warhammer m\u00e4nguks<\/title>\n<meta name=\"description\" content=\"Warhammer dice set on kvaliteetne t\u00e4ringute komplekt Warhammer m\u00e4ngimiseks, sobides nii 40K kui Age of Sigmar s\u00fcsteemidele.\" \/>\n<meta name=\"robots\" content=\"index, follow, max-snippet:-1, max-image-preview:large, max-video-preview:-1\" \/>\n<link rel=\"canonical\" href=\"https:\/\/lahingupood.ee\/en\/product\/warhammer-dice\/\" \/>\n<meta property=\"og:locale\" content=\"en_GB\" \/>\n<meta property=\"og:type\" content=\"article\" \/>\n<meta property=\"og:title\" content=\"WARHAMMER DICE\" \/>\n<meta property=\"og:description\" content=\"Warhammer dice set on kvaliteetne t\u00e4ringute komplekt Warhammer m\u00e4ngimiseks, sobides nii 40K kui Age of Sigmar s\u00fcsteemidele.\" \/>\n<meta property=\"og:url\" content=\"https:\/\/lahingupood.ee\/en\/product\/warhammer-dice\/\" \/>\n<meta property=\"og:site_name\" content=\"Lahingurada e-pood\" \/>\n<meta property=\"article:publisher\" content=\"https:\/\/www.facebook.com\/Lahingurada-629940247212967\" \/>\n<meta property=\"article:modified_time\" content=\"2026-05-01T22:30:03+00:00\" \/>\n<meta property=\"og:image\" content=\"https:\/\/lahingupood.ee\/wp-content\/uploads\/2026\/04\/taring.jpg\" \/>\n\t<meta property=\"og:image:width\" content=\"891\" \/>\n\t<meta property=\"og:image:height\" content=\"920\" \/>\n\t<meta property=\"og:image:type\" content=\"image\/jpeg\" \/>\n<meta name=\"twitter:card\" content=\"summary_large_image\" \/>\n<meta name=\"twitter:label1\" content=\"Estimated reading time\" \/>\n\t<meta name=\"twitter:data1\" content=\"1 minute\" \/>\n<script type=\"application\/ld+json\" class=\"yoast-schema-graph\">{\"@context\":\"https:\\\/\\\/schema.org\",\"@graph\":[{\"@type\":\"WebPage\",\"@id\":\"https:\\\/\\\/lahingupood.ee\\\/toode\\\/warhammer-dice\\\/\",\"url\":\"https:\\\/\\\/lahingupood.ee\\\/toode\\\/warhammer-dice\\\/\",\"name\":\"Warhammer Dice Set \u2013 t\u00e4ringud Warhammer m\u00e4nguks\",\"isPartOf\":{\"@id\":\"https:\\\/\\\/lahingupood.ee\\\/#website\"},\"primaryImageOfPage\":{\"@id\":\"https:\\\/\\\/lahingupood.ee\\\/toode\\\/warhammer-dice\\\/#primaryimage\"},\"image\":{\"@id\":\"https:\\\/\\\/lahingupood.ee\\\/toode\\\/warhammer-dice\\\/#primaryimage\"},\"thumbnailUrl\":\"https:\\\/\\\/lahingupood.ee\\\/wp-content\\\/uploads\\\/2026\\\/04\\\/taring.jpg\",\"datePublished\":\"2026-04-14T11:22:01+00:00\",\"dateModified\":\"2026-05-01T22:30:03+00:00\",\"description\":\"Warhammer dice set on kvaliteetne t\u00e4ringute komplekt Warhammer m\u00e4ngimiseks, sobides nii 40K kui Age of Sigmar s\u00fcsteemidele.\",\"breadcrumb\":{\"@id\":\"https:\\\/\\\/lahingupood.ee\\\/toode\\\/warhammer-dice\\\/#breadcrumb\"},\"inLanguage\":\"en-GB\",\"potentialAction\":[{\"@type\":\"ReadAction\",\"target\":[\"https:\\\/\\\/lahingupood.ee\\\/toode\\\/warhammer-dice\\\/\"]}]},{\"@type\":\"ImageObject\",\"inLanguage\":\"en-GB\",\"@id\":\"https:\\\/\\\/lahingupood.ee\\\/toode\\\/warhammer-dice\\\/#primaryimage\",\"url\":\"https:\\\/\\\/lahingupood.ee\\\/wp-content\\\/uploads\\\/2026\\\/04\\\/taring.jpg\",\"contentUrl\":\"https:\\\/\\\/lahingupood.ee\\\/wp-content\\\/uploads\\\/2026\\\/04\\\/taring.jpg\",\"width\":891,\"height\":920,\"caption\":\"Warhammer dice set t\u00e4ringud D6 Warhammer 40K Age of Sigmar\"},{\"@type\":\"BreadcrumbList\",\"@id\":\"https:\\\/\\\/lahingupood.ee\\\/toode\\\/warhammer-dice\\\/#breadcrumb\",\"itemListElement\":[{\"@type\":\"ListItem\",\"position\":1,\"name\":\"Home\",\"item\":\"https:\\\/\\\/lahingupood.ee\\\/\"},{\"@type\":\"ListItem\",\"position\":2,\"name\":\"Tooted\",\"item\":\"https:\\\/\\\/lahingupood.ee\\\/tooted\\\/\"},{\"@type\":\"ListItem\",\"position\":3,\"name\":\"WARHAMMER DICE\"}]},{\"@type\":\"WebSite\",\"@id\":\"https:\\\/\\\/lahingupood.ee\\\/#website\",\"url\":\"https:\\\/\\\/lahingupood.ee\\\/\",\"name\":\"Lahingurada e-pood\",\"description\":\"Airsoft\",\"publisher\":{\"@id\":\"https:\\\/\\\/lahingupood.ee\\\/#organization\"},\"potentialAction\":[{\"@type\":\"SearchAction\",\"target\":{\"@type\":\"EntryPoint\",\"urlTemplate\":\"https:\\\/\\\/lahingupood.ee\\\/?s={search_term_string}\"},\"query-input\":{\"@type\":\"PropertyValueSpecification\",\"valueRequired\":true,\"valueName\":\"search_term_string\"}}],\"inLanguage\":\"en-GB\"},{\"@type\":\"Organization\",\"@id\":\"https:\\\/\\\/lahingupood.ee\\\/#organization\",\"name\":\"Lahingurada\",\"url\":\"https:\\\/\\\/lahingupood.ee\\\/\",\"logo\":{\"@type\":\"ImageObject\",\"inLanguage\":\"en-GB\",\"@id\":\"https:\\\/\\\/lahingupood.ee\\\/#\\\/schema\\\/logo\\\/image\\\/\",\"url\":\"https:\\\/\\\/lahingupood.ee\\\/wp-content\\\/uploads\\\/2022\\\/03\\\/lahingurada-220318.jpg\",\"contentUrl\":\"https:\\\/\\\/lahingupood.ee\\\/wp-content\\\/uploads\\\/2022\\\/03\\\/lahingurada-220318.jpg\",\"width\":800,\"height\":500,\"caption\":\"Lahingurada\"},\"image\":{\"@id\":\"https:\\\/\\\/lahingupood.ee\\\/#\\\/schema\\\/logo\\\/image\\\/\"},\"sameAs\":[\"https:\\\/\\\/www.facebook.com\\\/Lahingurada-629940247212967\"]}]}<\/script>\n<!-- \/ Yoast SEO Premium plugin. -->","yoast_head_json":{"title":"Warhammer Dice Set \u2013 t\u00e4ringud Warhammer m\u00e4nguks","description":"Warhammer dice set on kvaliteetne t\u00e4ringute komplekt Warhammer m\u00e4ngimiseks, sobides nii 40K kui Age of Sigmar s\u00fcsteemidele.","robots":{"index":"index","follow":"follow","max-snippet":"max-snippet:-1","max-image-preview":"max-image-preview:large","max-video-preview":"max-video-preview:-1"},"canonical":"https:\/\/lahingupood.ee\/en\/product\/warhammer-dice\/","og_locale":"en_GB","og_type":"article","og_title":"WARHAMMER DICE","og_description":"Warhammer dice set on kvaliteetne t\u00e4ringute komplekt Warhammer m\u00e4ngimiseks, sobides nii 40K kui Age of Sigmar s\u00fcsteemidele.","og_url":"https:\/\/lahingupood.ee\/en\/product\/warhammer-dice\/","og_site_name":"Lahingurada e-pood","article_publisher":"https:\/\/www.facebook.com\/Lahingurada-629940247212967","article_modified_time":"2026-05-01T22:30:03+00:00","og_image":[{"width":891,"height":920,"url":"https:\/\/lahingupood.ee\/wp-content\/uploads\/2026\/04\/taring.jpg","type":"image\/jpeg"}],"twitter_card":"summary_large_image","twitter_misc":{"Estimated reading time":"1 minute"},"schema":{"@context":"https:\/\/schema.org","@graph":[{"@type":"WebPage","@id":"https:\/\/lahingupood.ee\/toode\/warhammer-dice\/","url":"https:\/\/lahingupood.ee\/toode\/warhammer-dice\/","name":"Warhammer Dice Set \u2013 t\u00e4ringud Warhammer m\u00e4nguks","isPartOf":{"@id":"https:\/\/lahingupood.ee\/#website"},"primaryImageOfPage":{"@id":"https:\/\/lahingupood.ee\/toode\/warhammer-dice\/#primaryimage"},"image":{"@id":"https:\/\/lahingupood.ee\/toode\/warhammer-dice\/#primaryimage"},"thumbnailUrl":"https:\/\/lahingupood.ee\/wp-content\/uploads\/2026\/04\/taring.jpg","datePublished":"2026-04-14T11:22:01+00:00","dateModified":"2026-05-01T22:30:03+00:00","description":"Warhammer dice set on kvaliteetne t\u00e4ringute komplekt Warhammer m\u00e4ngimiseks, sobides nii 40K kui Age of Sigmar s\u00fcsteemidele.","breadcrumb":{"@id":"https:\/\/lahingupood.ee\/toode\/warhammer-dice\/#breadcrumb"},"inLanguage":"en-GB","potentialAction":[{"@type":"ReadAction","target":["https:\/\/lahingupood.ee\/toode\/warhammer-dice\/"]}]},{"@type":"ImageObject","inLanguage":"en-GB","@id":"https:\/\/lahingupood.ee\/toode\/warhammer-dice\/#primaryimage","url":"https:\/\/lahingupood.ee\/wp-content\/uploads\/2026\/04\/taring.jpg","contentUrl":"https:\/\/lahingupood.ee\/wp-content\/uploads\/2026\/04\/taring.jpg","width":891,"height":920,"caption":"Warhammer dice set t\u00e4ringud D6 Warhammer 40K Age of Sigmar"},{"@type":"BreadcrumbList","@id":"https:\/\/lahingupood.ee\/toode\/warhammer-dice\/#breadcrumb","itemListElement":[{"@type":"ListItem","position":1,"name":"Home","item":"https:\/\/lahingupood.ee\/"},{"@type":"ListItem","position":2,"name":"Tooted","item":"https:\/\/lahingupood.ee\/tooted\/"},{"@type":"ListItem","position":3,"name":"WARHAMMER DICE"}]},{"@type":"WebSite","@id":"https:\/\/lahingupood.ee\/#website","url":"https:\/\/lahingupood.ee\/","name":"Lahingurada e-pood","description":"Airsoft","publisher":{"@id":"https:\/\/lahingupood.ee\/#organization"},"potentialAction":[{"@type":"SearchAction","target":{"@type":"EntryPoint","urlTemplate":"https:\/\/lahingupood.ee\/?s={search_term_string}"},"query-input":{"@type":"PropertyValueSpecification","valueRequired":true,"valueName":"search_term_string"}}],"inLanguage":"en-GB"},{"@type":"Organization","@id":"https:\/\/lahingupood.ee\/#organization","name":"Lahingurada","url":"https:\/\/lahingupood.ee\/","logo":{"@type":"ImageObject","inLanguage":"en-GB","@id":"https:\/\/lahingupood.ee\/#\/schema\/logo\/image\/","url":"https:\/\/lahingupood.ee\/wp-content\/uploads\/2022\/03\/lahingurada-220318.jpg","contentUrl":"https:\/\/lahingupood.ee\/wp-content\/uploads\/2022\/03\/lahingurada-220318.jpg","width":800,"height":500,"caption":"Lahingurada"},"image":{"@id":"https:\/\/lahingupood.ee\/#\/schema\/logo\/image\/"},"sameAs":["https:\/\/www.facebook.com\/Lahingurada-629940247212967"]}]}},"_links":{"self":[{"href":"https:\/\/lahingupood.ee\/en\/wp-json\/wp\/v2\/product\/7855","targetHints":{"allow":["GET"]}}],"collection":[{"href":"https:\/\/lahingupood.ee\/en\/wp-json\/wp\/v2\/product"}],"about":[{"href":"https:\/\/lahingupood.ee\/en\/wp-json\/wp\/v2\/types\/product"}],"wp:featuredmedia":[{"embeddable":true,"href":"https:\/\/lahingupood.ee\/en\/wp-json\/wp\/v2\/media\/7856"}],"wp:attachment":[{"href":"https:\/\/lahingupood.ee\/en\/wp-json\/wp\/v2\/media?parent=7855"}],"wp:term":[{"taxonomy":"product_brand","embeddable":true,"href":"https:\/\/lahingupood.ee\/en\/wp-json\/wp\/v2\/product_brand?post=7855"},{"taxonomy":"product_cat","embeddable":true,"href":"https:\/\/lahingupood.ee\/en\/wp-json\/wp\/v2\/product_cat?post=7855"},{"taxonomy":"product_tag","embeddable":true,"href":"https:\/\/lahingupood.ee\/en\/wp-json\/wp\/v2\/product_tag?post=7855"}],"curies":[{"name":"wp","href":"https:\/\/api.w.org\/{rel}","templated":true}]}}