{"id":7852,"date":"2026-04-14T14:17:54","date_gmt":"2026-04-14T11:17:54","guid":{"rendered":"https:\/\/lahingupood.ee\/?post_type=product&#038;p=7852"},"modified":"2026-05-02T02:30:06","modified_gmt":"2026-05-01T23:30:06","slug":"astra-militarum-death-korps-of-krieg","status":"publish","type":"product","link":"https:\/\/lahingupood.ee\/en\/product\/astra-militarum-death-korps-of-krieg\/","title":{"rendered":"Warhammer 40,000: Astra Militarum Death Korps of Krieg"},"content":{"rendered":"<p data-start=\"789\" data-end=\"984\"><strong data-start=\"789\" data-end=\"813\">Death Korps of Krieg<\/strong> on s\u00fcnge ja ikooniline Astra Militarum \u00fcksus Warhammer 40,000 m\u00e4ngule. Need s\u00f5durid on tuntud oma raudse distsipliini, kaevikus\u00f5ja stiili ja vankumatu lojaalsuse poolest.<\/p>\n<p data-start=\"986\" data-end=\"1267\">Krieg\u2019i v\u00e4ed ei tagane kergelt. Nad liiguvad lahingusse k\u00fclma sihikindlusega ja t\u00e4idavad k\u00e4ske ka k\u00f5ige raskemates tingimustes. Nende v\u00e4limus on tugevalt inspireeritud t\u00f6\u00f6stuslikust kaevikus\u00f5jast. Gaasimaskid, rasked mantlid ja militaarne varustus annavad neile v\u00e4ga eristuva ilme.<\/p>\n<p data-start=\"1269\" data-end=\"1554\">See komplekt sobib h\u00e4sti m\u00e4ngijale, kes soovib oma Astra Militarum armeesse lisada tugeva temaatilise jalav\u00e4e\u00fcksuse. Krieg\u2019i s\u00f5durid t\u00f6\u00f6tavad h\u00e4sti nii p\u00f5hij\u00f5una kui ka kollektsiooni erilise t\u00e4iendusena. Nad sobivad h\u00e4sti s\u00fcnge, realistliku ja militaristliku Warhammer 40K armee jaoks.<\/p>\n<p data-start=\"1556\" data-end=\"1825\"><strong data-start=\"1556\" data-end=\"1580\">Death Korps of Krieg<\/strong> miniatuurid pakuvad palju v\u00f5imalusi maalimiseks. Mantlid, kiivrid, relvad, varustuse detailid ja gaasimaskid annavad v\u00e4rvijale palju valikuid. Neid saab v\u00e4rvida klassikalises Krieg\u2019i stiilis v\u00f5i sobitada oma Astra Militarum armee v\u00e4rviskeemiga.<\/p>\n<p data-start=\"1827\" data-end=\"2042\">Astra Militarum Krieg \u00fcksus sobib m\u00e4ngimiseks, maalimiseks ja kollektsioneerimiseks. See on hea valik nii uuele Warhammer 40K m\u00e4ngijale kui ka kogenud hobilisele, kes soovib lisada oma armeesse karakteriga jalav\u00e4ge.<\/p>\n<p data-start=\"2044\" data-end=\"2275\">Miniatuurid on v\u00e4rvimata ja vajavad kokkupanekut. Soovitame kasutada Citadel Plastic Glue liimi ja Citadel Colour v\u00e4rve. Kui pakendil on t\u00e4pne info mudelite arvu, relvavalikute v\u00f5i aluste kohta, lisa see kindlasti tootekirjeldusse.<\/p>","protected":false},"excerpt":{"rendered":"<p>Death Korps of Krieg on s\u00fcnge ja ikooniline Astra Militarum \u00fcksus Warhammer 40,000 m\u00e4ngule. Need s\u00f5durid on tuntud oma raudse distsipliini, kaevikus\u00f5ja stiili ja vankumatu lojaalsuse poolest. Krieg\u2019i v\u00e4ed ei tagane kergelt. Nad liiguvad lahingusse k\u00fclma sihikindlusega ja t\u00e4idavad k\u00e4ske ka k\u00f5ige raskemates tingimustes. Nende v\u00e4limus on tugevalt inspireeritud t\u00f6\u00f6stuslikust kaevikus\u00f5jast. Gaasimaskid, rasked mantlid ja [&#8230;]\n","protected":false},"featured_media":7853,"template":"","meta":[],"product_brand":[],"product_cat":[223,245,228,222],"product_tag":[],"class_list":{"0":"post-7852","1":"product","2":"type-product","3":"status-publish","4":"has-post-thumbnail","6":"product_cat-40k","7":"product_cat-astra-militarum","8":"product_cat-imperium","9":"product_cat-warhammer","11":"first","12":"instock","13":"taxable","14":"shipping-taxable","15":"purchasable","16":"product-type-simple"},"yoast_head":"<!-- This site is optimized with the Yoast SEO Premium plugin v27.5 (Yoast SEO v27.5) - https:\/\/yoast.com\/product\/yoast-seo-premium-wordpress\/ -->\n<title>Death Korps of Krieg | Astra Militarum Warhammer 40K<\/title>\n<meta name=\"description\" content=\"Death Korps of Krieg komplekt sobib Astra Militarum armeesse Warhammer 40K jaoks. Ideaalne m\u00e4ngimiseks, maalimiseks ja kogumiseks.\" \/>\n<meta name=\"robots\" content=\"index, follow, max-snippet:-1, max-image-preview:large, max-video-preview:-1\" \/>\n<link rel=\"canonical\" href=\"https:\/\/lahingupood.ee\/en\/product\/astra-militarum-death-korps-of-krieg\/\" \/>\n<meta property=\"og:locale\" content=\"en_GB\" \/>\n<meta property=\"og:type\" content=\"article\" \/>\n<meta property=\"og:title\" content=\"Warhammer 40,000: Astra Militarum Death Korps of Krieg\" \/>\n<meta property=\"og:description\" content=\"Death Korps of Krieg komplekt sobib Astra Militarum armeesse Warhammer 40K jaoks. Ideaalne m\u00e4ngimiseks, maalimiseks ja kogumiseks.\" \/>\n<meta property=\"og:url\" content=\"https:\/\/lahingupood.ee\/en\/product\/astra-militarum-death-korps-of-krieg\/\" \/>\n<meta property=\"og:site_name\" content=\"Lahingurada e-pood\" \/>\n<meta property=\"article:publisher\" content=\"https:\/\/www.facebook.com\/Lahingurada-629940247212967\" \/>\n<meta property=\"article:modified_time\" content=\"2026-05-01T23:30:06+00:00\" \/>\n<meta property=\"og:image\" content=\"https:\/\/lahingupood.ee\/wp-content\/uploads\/2026\/04\/wh-2.jpg\" \/>\n\t<meta property=\"og:image:width\" content=\"891\" \/>\n\t<meta property=\"og:image:height\" content=\"920\" \/>\n\t<meta property=\"og:image:type\" content=\"image\/jpeg\" \/>\n<meta name=\"twitter:card\" content=\"summary_large_image\" \/>\n<meta name=\"twitter:label1\" content=\"Estimated reading time\" \/>\n\t<meta name=\"twitter:data1\" content=\"2 minutes\" \/>\n<script type=\"application\/ld+json\" class=\"yoast-schema-graph\">{\"@context\":\"https:\\\/\\\/schema.org\",\"@graph\":[{\"@type\":\"WebPage\",\"@id\":\"https:\\\/\\\/lahingupood.ee\\\/toode\\\/astra-militarum-death-korps-of-krieg\\\/\",\"url\":\"https:\\\/\\\/lahingupood.ee\\\/toode\\\/astra-militarum-death-korps-of-krieg\\\/\",\"name\":\"Death Korps of Krieg | Astra Militarum Warhammer 40K\",\"isPartOf\":{\"@id\":\"https:\\\/\\\/lahingupood.ee\\\/#website\"},\"primaryImageOfPage\":{\"@id\":\"https:\\\/\\\/lahingupood.ee\\\/toode\\\/astra-militarum-death-korps-of-krieg\\\/#primaryimage\"},\"image\":{\"@id\":\"https:\\\/\\\/lahingupood.ee\\\/toode\\\/astra-militarum-death-korps-of-krieg\\\/#primaryimage\"},\"thumbnailUrl\":\"https:\\\/\\\/lahingupood.ee\\\/wp-content\\\/uploads\\\/2026\\\/04\\\/wh-2.jpg\",\"datePublished\":\"2026-04-14T11:17:54+00:00\",\"dateModified\":\"2026-05-01T23:30:06+00:00\",\"description\":\"Death Korps of Krieg komplekt sobib Astra Militarum armeesse Warhammer 40K jaoks. Ideaalne m\u00e4ngimiseks, maalimiseks ja kogumiseks.\",\"breadcrumb\":{\"@id\":\"https:\\\/\\\/lahingupood.ee\\\/toode\\\/astra-militarum-death-korps-of-krieg\\\/#breadcrumb\"},\"inLanguage\":\"en-GB\",\"potentialAction\":[{\"@type\":\"ReadAction\",\"target\":[\"https:\\\/\\\/lahingupood.ee\\\/toode\\\/astra-militarum-death-korps-of-krieg\\\/\"]}]},{\"@type\":\"ImageObject\",\"inLanguage\":\"en-GB\",\"@id\":\"https:\\\/\\\/lahingupood.ee\\\/toode\\\/astra-militarum-death-korps-of-krieg\\\/#primaryimage\",\"url\":\"https:\\\/\\\/lahingupood.ee\\\/wp-content\\\/uploads\\\/2026\\\/04\\\/wh-2.jpg\",\"contentUrl\":\"https:\\\/\\\/lahingupood.ee\\\/wp-content\\\/uploads\\\/2026\\\/04\\\/wh-2.jpg\",\"width\":891,\"height\":920,\"caption\":\"Death Korps of Krieg Astra Militarum Warhammer 40K kaevikus\u00f5ja s\u00f5durid gaasimaskidega\"},{\"@type\":\"BreadcrumbList\",\"@id\":\"https:\\\/\\\/lahingupood.ee\\\/toode\\\/astra-militarum-death-korps-of-krieg\\\/#breadcrumb\",\"itemListElement\":[{\"@type\":\"ListItem\",\"position\":1,\"name\":\"Home\",\"item\":\"https:\\\/\\\/lahingupood.ee\\\/\"},{\"@type\":\"ListItem\",\"position\":2,\"name\":\"Tooted\",\"item\":\"https:\\\/\\\/lahingupood.ee\\\/tooted\\\/\"},{\"@type\":\"ListItem\",\"position\":3,\"name\":\"Warhammer 40,000: Astra Militarum Death Korps of Krieg\"}]},{\"@type\":\"WebSite\",\"@id\":\"https:\\\/\\\/lahingupood.ee\\\/#website\",\"url\":\"https:\\\/\\\/lahingupood.ee\\\/\",\"name\":\"Lahingurada e-pood\",\"description\":\"Airsoft\",\"publisher\":{\"@id\":\"https:\\\/\\\/lahingupood.ee\\\/#organization\"},\"potentialAction\":[{\"@type\":\"SearchAction\",\"target\":{\"@type\":\"EntryPoint\",\"urlTemplate\":\"https:\\\/\\\/lahingupood.ee\\\/?s={search_term_string}\"},\"query-input\":{\"@type\":\"PropertyValueSpecification\",\"valueRequired\":true,\"valueName\":\"search_term_string\"}}],\"inLanguage\":\"en-GB\"},{\"@type\":\"Organization\",\"@id\":\"https:\\\/\\\/lahingupood.ee\\\/#organization\",\"name\":\"Lahingurada\",\"url\":\"https:\\\/\\\/lahingupood.ee\\\/\",\"logo\":{\"@type\":\"ImageObject\",\"inLanguage\":\"en-GB\",\"@id\":\"https:\\\/\\\/lahingupood.ee\\\/#\\\/schema\\\/logo\\\/image\\\/\",\"url\":\"https:\\\/\\\/lahingupood.ee\\\/wp-content\\\/uploads\\\/2022\\\/03\\\/lahingurada-220318.jpg\",\"contentUrl\":\"https:\\\/\\\/lahingupood.ee\\\/wp-content\\\/uploads\\\/2022\\\/03\\\/lahingurada-220318.jpg\",\"width\":800,\"height\":500,\"caption\":\"Lahingurada\"},\"image\":{\"@id\":\"https:\\\/\\\/lahingupood.ee\\\/#\\\/schema\\\/logo\\\/image\\\/\"},\"sameAs\":[\"https:\\\/\\\/www.facebook.com\\\/Lahingurada-629940247212967\"]}]}<\/script>\n<!-- \/ Yoast SEO Premium plugin. -->","yoast_head_json":{"title":"Death Korps of Krieg | Astra Militarum Warhammer 40K","description":"Death Korps of Krieg komplekt sobib Astra Militarum armeesse Warhammer 40K jaoks. Ideaalne m\u00e4ngimiseks, maalimiseks ja kogumiseks.","robots":{"index":"index","follow":"follow","max-snippet":"max-snippet:-1","max-image-preview":"max-image-preview:large","max-video-preview":"max-video-preview:-1"},"canonical":"https:\/\/lahingupood.ee\/en\/product\/astra-militarum-death-korps-of-krieg\/","og_locale":"en_GB","og_type":"article","og_title":"Warhammer 40,000: Astra Militarum Death Korps of Krieg","og_description":"Death Korps of Krieg komplekt sobib Astra Militarum armeesse Warhammer 40K jaoks. Ideaalne m\u00e4ngimiseks, maalimiseks ja kogumiseks.","og_url":"https:\/\/lahingupood.ee\/en\/product\/astra-militarum-death-korps-of-krieg\/","og_site_name":"Lahingurada e-pood","article_publisher":"https:\/\/www.facebook.com\/Lahingurada-629940247212967","article_modified_time":"2026-05-01T23:30:06+00:00","og_image":[{"width":891,"height":920,"url":"https:\/\/lahingupood.ee\/wp-content\/uploads\/2026\/04\/wh-2.jpg","type":"image\/jpeg"}],"twitter_card":"summary_large_image","twitter_misc":{"Estimated reading time":"2 minutes"},"schema":{"@context":"https:\/\/schema.org","@graph":[{"@type":"WebPage","@id":"https:\/\/lahingupood.ee\/toode\/astra-militarum-death-korps-of-krieg\/","url":"https:\/\/lahingupood.ee\/toode\/astra-militarum-death-korps-of-krieg\/","name":"Death Korps of Krieg | Astra Militarum Warhammer 40K","isPartOf":{"@id":"https:\/\/lahingupood.ee\/#website"},"primaryImageOfPage":{"@id":"https:\/\/lahingupood.ee\/toode\/astra-militarum-death-korps-of-krieg\/#primaryimage"},"image":{"@id":"https:\/\/lahingupood.ee\/toode\/astra-militarum-death-korps-of-krieg\/#primaryimage"},"thumbnailUrl":"https:\/\/lahingupood.ee\/wp-content\/uploads\/2026\/04\/wh-2.jpg","datePublished":"2026-04-14T11:17:54+00:00","dateModified":"2026-05-01T23:30:06+00:00","description":"Death Korps of Krieg komplekt sobib Astra Militarum armeesse Warhammer 40K jaoks. Ideaalne m\u00e4ngimiseks, maalimiseks ja kogumiseks.","breadcrumb":{"@id":"https:\/\/lahingupood.ee\/toode\/astra-militarum-death-korps-of-krieg\/#breadcrumb"},"inLanguage":"en-GB","potentialAction":[{"@type":"ReadAction","target":["https:\/\/lahingupood.ee\/toode\/astra-militarum-death-korps-of-krieg\/"]}]},{"@type":"ImageObject","inLanguage":"en-GB","@id":"https:\/\/lahingupood.ee\/toode\/astra-militarum-death-korps-of-krieg\/#primaryimage","url":"https:\/\/lahingupood.ee\/wp-content\/uploads\/2026\/04\/wh-2.jpg","contentUrl":"https:\/\/lahingupood.ee\/wp-content\/uploads\/2026\/04\/wh-2.jpg","width":891,"height":920,"caption":"Death Korps of Krieg Astra Militarum Warhammer 40K kaevikus\u00f5ja s\u00f5durid gaasimaskidega"},{"@type":"BreadcrumbList","@id":"https:\/\/lahingupood.ee\/toode\/astra-militarum-death-korps-of-krieg\/#breadcrumb","itemListElement":[{"@type":"ListItem","position":1,"name":"Home","item":"https:\/\/lahingupood.ee\/"},{"@type":"ListItem","position":2,"name":"Tooted","item":"https:\/\/lahingupood.ee\/tooted\/"},{"@type":"ListItem","position":3,"name":"Warhammer 40,000: Astra Militarum Death Korps of Krieg"}]},{"@type":"WebSite","@id":"https:\/\/lahingupood.ee\/#website","url":"https:\/\/lahingupood.ee\/","name":"Lahingurada e-pood","description":"Airsoft","publisher":{"@id":"https:\/\/lahingupood.ee\/#organization"},"potentialAction":[{"@type":"SearchAction","target":{"@type":"EntryPoint","urlTemplate":"https:\/\/lahingupood.ee\/?s={search_term_string}"},"query-input":{"@type":"PropertyValueSpecification","valueRequired":true,"valueName":"search_term_string"}}],"inLanguage":"en-GB"},{"@type":"Organization","@id":"https:\/\/lahingupood.ee\/#organization","name":"Lahingurada","url":"https:\/\/lahingupood.ee\/","logo":{"@type":"ImageObject","inLanguage":"en-GB","@id":"https:\/\/lahingupood.ee\/#\/schema\/logo\/image\/","url":"https:\/\/lahingupood.ee\/wp-content\/uploads\/2022\/03\/lahingurada-220318.jpg","contentUrl":"https:\/\/lahingupood.ee\/wp-content\/uploads\/2022\/03\/lahingurada-220318.jpg","width":800,"height":500,"caption":"Lahingurada"},"image":{"@id":"https:\/\/lahingupood.ee\/#\/schema\/logo\/image\/"},"sameAs":["https:\/\/www.facebook.com\/Lahingurada-629940247212967"]}]}},"_links":{"self":[{"href":"https:\/\/lahingupood.ee\/en\/wp-json\/wp\/v2\/product\/7852","targetHints":{"allow":["GET"]}}],"collection":[{"href":"https:\/\/lahingupood.ee\/en\/wp-json\/wp\/v2\/product"}],"about":[{"href":"https:\/\/lahingupood.ee\/en\/wp-json\/wp\/v2\/types\/product"}],"wp:featuredmedia":[{"embeddable":true,"href":"https:\/\/lahingupood.ee\/en\/wp-json\/wp\/v2\/media\/7853"}],"wp:attachment":[{"href":"https:\/\/lahingupood.ee\/en\/wp-json\/wp\/v2\/media?parent=7852"}],"wp:term":[{"taxonomy":"product_brand","embeddable":true,"href":"https:\/\/lahingupood.ee\/en\/wp-json\/wp\/v2\/product_brand?post=7852"},{"taxonomy":"product_cat","embeddable":true,"href":"https:\/\/lahingupood.ee\/en\/wp-json\/wp\/v2\/product_cat?post=7852"},{"taxonomy":"product_tag","embeddable":true,"href":"https:\/\/lahingupood.ee\/en\/wp-json\/wp\/v2\/product_tag?post=7852"}],"curies":[{"name":"wp","href":"https:\/\/api.w.org\/{rel}","templated":true}]}}