{"id":7840,"date":"2026-04-14T13:34:19","date_gmt":"2026-04-14T10:34:19","guid":{"rendered":"https:\/\/lahingupood.ee\/?post_type=product&#038;p=7840"},"modified":"2026-04-30T15:00:02","modified_gmt":"2026-04-30T12:00:02","slug":"airsoft-trigger-spring-v2-aeg-jefftron","status":"publish","type":"product","link":"https:\/\/lahingupood.ee\/en\/product\/airsoft-trigger-spring-v2-aeg-jefftron\/","title":{"rendered":"Airsoft trigger spring V2 AEG Jefftron"},"content":{"rendered":"<p>Jefftron V2 trigger spring on kvaliteetne varu- ja hooldusdetail, mis on m\u00f5eldud Airsoft AEG relvadele, kasutades Version 2 gearboxi. Tegemist on v\u00e4ikese, kuid v\u00e4ga olulise komponendiga, mis tagab p\u00e4\u00e4stiku korrektse tagastuse ja sujuva t\u00f6\u00f6.<\/p>","protected":false},"excerpt":{"rendered":"<p>Jefftron V2 trigger spring on kvaliteetne varu- ja hooldusdetail, mis on m\u00f5eldud Airsoft AEG relvadele, kasutades Version 2 gearboxi. Tegemist on v\u00e4ikese, kuid v\u00e4ga olulise komponendiga, mis tagab p\u00e4\u00e4stiku korrektse tagastuse ja sujuva t\u00f6\u00f6.<\/p>","protected":false},"featured_media":7841,"template":"","meta":[],"product_brand":[],"product_cat":[173],"product_tag":[],"class_list":{"0":"post-7840","1":"product","2":"type-product","3":"status-publish","4":"has-post-thumbnail","6":"product_cat-paastikud","8":"first","9":"instock","10":"taxable","11":"shipping-taxable","12":"purchasable","13":"product-type-simple"},"_links":{"self":[{"href":"https:\/\/lahingupood.ee\/en\/wp-json\/wp\/v2\/product\/7840","targetHints":{"allow":["GET"]}}],"collection":[{"href":"https:\/\/lahingupood.ee\/en\/wp-json\/wp\/v2\/product"}],"about":[{"href":"https:\/\/lahingupood.ee\/en\/wp-json\/wp\/v2\/types\/product"}],"wp:featuredmedia":[{"embeddable":true,"href":"https:\/\/lahingupood.ee\/en\/wp-json\/wp\/v2\/media\/7841"}],"wp:attachment":[{"href":"https:\/\/lahingupood.ee\/en\/wp-json\/wp\/v2\/media?parent=7840"}],"wp:term":[{"taxonomy":"product_brand","embeddable":true,"href":"https:\/\/lahingupood.ee\/en\/wp-json\/wp\/v2\/product_brand?post=7840"},{"taxonomy":"product_cat","embeddable":true,"href":"https:\/\/lahingupood.ee\/en\/wp-json\/wp\/v2\/product_cat?post=7840"},{"taxonomy":"product_tag","embeddable":true,"href":"https:\/\/lahingupood.ee\/en\/wp-json\/wp\/v2\/product_tag?post=7840"}],"curies":[{"name":"wp","href":"https:\/\/api.w.org\/{rel}","templated":true}]}}