{"id":7836,"date":"2026-04-14T13:30:48","date_gmt":"2026-04-14T10:30:48","guid":{"rendered":"https:\/\/lahingupood.ee\/?post_type=product&#038;p=7836"},"modified":"2026-04-30T15:00:02","modified_gmt":"2026-04-30T12:00:02","slug":"airsoft-trigger-spring-ar15-retro-arms","status":"publish","type":"product","link":"https:\/\/lahingupood.ee\/en\/product\/airsoft-trigger-spring-ar15-retro-arms\/","title":{"rendered":"Airsoft trigger spring AR15 Retro Arms"},"content":{"rendered":"<p>Retro Arms AR15 trigger spring on kvaliteetne varu- ja upgrade-vedru, mis on loodud AR15\/M4 t\u00fc\u00fcpi Airsoft AEG relvadele. Tegemist on v\u00e4ikese, kuid olulise komponendiga, mis m\u00f5jutab otseselt p\u00e4\u00e4stiku mehhanismi t\u00f6\u00f6kindlust ja tunnetust.<\/p>","protected":false},"excerpt":{"rendered":"<p>Retro Arms AR15 trigger spring on kvaliteetne varu- ja upgrade-vedru, mis on loodud AR15\/M4 t\u00fc\u00fcpi Airsoft AEG relvadele. Tegemist on v\u00e4ikese, kuid olulise komponendiga, mis m\u00f5jutab otseselt p\u00e4\u00e4stiku mehhanismi t\u00f6\u00f6kindlust ja tunnetust.<\/p>","protected":false},"featured_media":7838,"template":"","meta":[],"product_brand":[],"product_cat":[173],"product_tag":[],"class_list":{"0":"post-7836","1":"product","2":"type-product","3":"status-publish","4":"has-post-thumbnail","6":"product_cat-paastikud","8":"first","9":"instock","10":"taxable","11":"shipping-taxable","12":"purchasable","13":"product-type-simple"},"_links":{"self":[{"href":"https:\/\/lahingupood.ee\/en\/wp-json\/wp\/v2\/product\/7836","targetHints":{"allow":["GET"]}}],"collection":[{"href":"https:\/\/lahingupood.ee\/en\/wp-json\/wp\/v2\/product"}],"about":[{"href":"https:\/\/lahingupood.ee\/en\/wp-json\/wp\/v2\/types\/product"}],"wp:featuredmedia":[{"embeddable":true,"href":"https:\/\/lahingupood.ee\/en\/wp-json\/wp\/v2\/media\/7838"}],"wp:attachment":[{"href":"https:\/\/lahingupood.ee\/en\/wp-json\/wp\/v2\/media?parent=7836"}],"wp:term":[{"taxonomy":"product_brand","embeddable":true,"href":"https:\/\/lahingupood.ee\/en\/wp-json\/wp\/v2\/product_brand?post=7836"},{"taxonomy":"product_cat","embeddable":true,"href":"https:\/\/lahingupood.ee\/en\/wp-json\/wp\/v2\/product_cat?post=7836"},{"taxonomy":"product_tag","embeddable":true,"href":"https:\/\/lahingupood.ee\/en\/wp-json\/wp\/v2\/product_tag?post=7836"}],"curies":[{"name":"wp","href":"https:\/\/api.w.org\/{rel}","templated":true}]}}