{"id":7830,"date":"2026-04-14T13:25:22","date_gmt":"2026-04-14T10:25:22","guid":{"rendered":"https:\/\/lahingupood.ee\/?post_type=product&#038;p=7830"},"modified":"2026-05-02T19:45:04","modified_gmt":"2026-05-02T16:45:04","slug":"delta-armory-181-gear-set","status":"publish","type":"product","link":"https:\/\/lahingupood.ee\/en\/product\/delta-armory-181-gear-set\/","title":{"rendered":"Delta Armory 18:1 gear set"},"content":{"rendered":"<p>Delta Armory 18:1 gear set on usaldusv\u00e4\u00e4rne ja vastupidav hammasrataste komplekt, mis on loodud AEG t\u00fc\u00fcpi Airsoft relvadele. Tegemist on standardse \u00fclekandearvuga (18:1) gear setiga, mis pakub head tasakaalu t\u00f6\u00f6kindluse, j\u00f5udluse ja vastupidavuse vahel. Delta Armory 18:1 gear set on valmistatud tugevast terasest, mis tagab pika kasutusea ning vastupidavuse ka intensiivse kasutamise korral. Komplekti kuuluvad k\u00f5ik vajalikud hammasrattad \u2013 bevel gear, spur gear ja sector gear \u2013, mis v\u00f5imaldavad t\u00e4ielikku asendust v\u00f5i upgrade\u2019i olemasolevale s\u00fcsteemile.<\/p>","protected":false},"excerpt":{"rendered":"<p>Delta Armory 18:1 gear set on usaldusv\u00e4\u00e4rne ja vastupidav hammasrataste komplekt, mis on loodud AEG t\u00fc\u00fcpi Airsoft relvadele. Tegemist on standardse \u00fclekandearvuga (18:1) gear setiga, mis pakub head tasakaalu t\u00f6\u00f6kindluse, j\u00f5udluse ja vastupidavuse vahel. Delta Armory 18:1 gear set on valmistatud tugevast terasest, mis tagab pika kasutusea ning vastupidavuse ka intensiivse kasutamise korral. Komplekti kuuluvad [&#8230;]\n","protected":false},"featured_media":7835,"template":"","meta":[],"product_brand":[],"product_cat":[174],"product_tag":[],"class_list":{"0":"post-7830","1":"product","2":"type-product","3":"status-publish","4":"has-post-thumbnail","6":"product_cat-hammasrattad","8":"first","9":"instock","10":"taxable","11":"shipping-taxable","12":"purchasable","13":"product-type-simple"},"yoast_head":"<!-- This site is optimized with the Yoast SEO Premium plugin v27.5 (Yoast SEO v27.5) - https:\/\/yoast.com\/product\/yoast-seo-premium-wordpress\/ -->\n<title>Delta Armory 18:1 Gear Set \u2013 AEG hammasrattad<\/title>\n<meta name=\"description\" content=\"Delta Armory 18:1 gear set on vastupidav terasest hammasrataste komplekt AEG relvadele, sobib V2 ja V3 gearboxidele.\" \/>\n<meta name=\"robots\" content=\"index, follow, max-snippet:-1, max-image-preview:large, max-video-preview:-1\" \/>\n<link rel=\"canonical\" href=\"https:\/\/lahingupood.ee\/en\/product\/delta-armory-181-gear-set\/\" \/>\n<meta property=\"og:locale\" content=\"en_GB\" \/>\n<meta property=\"og:type\" content=\"article\" \/>\n<meta property=\"og:title\" content=\"Delta Armory 18:1 gear set\" \/>\n<meta property=\"og:description\" content=\"Delta Armory 18:1 gear set on vastupidav terasest hammasrataste komplekt AEG relvadele, sobib V2 ja V3 gearboxidele.\" \/>\n<meta property=\"og:url\" content=\"https:\/\/lahingupood.ee\/en\/product\/delta-armory-181-gear-set\/\" \/>\n<meta property=\"og:site_name\" content=\"Lahingurada e-pood\" \/>\n<meta property=\"article:publisher\" content=\"https:\/\/www.facebook.com\/Lahingurada-629940247212967\" \/>\n<meta property=\"article:modified_time\" content=\"2026-05-02T16:45:04+00:00\" \/>\n<meta property=\"og:image\" content=\"https:\/\/lahingupood.ee\/wp-content\/uploads\/2026\/04\/h-1.jpeg\" \/>\n\t<meta property=\"og:image:width\" content=\"1920\" \/>\n\t<meta property=\"og:image:height\" content=\"785\" \/>\n\t<meta property=\"og:image:type\" content=\"image\/jpeg\" \/>\n<meta name=\"twitter:card\" content=\"summary_large_image\" \/>\n<meta name=\"twitter:label1\" content=\"Estimated reading time\" \/>\n\t<meta name=\"twitter:data1\" content=\"1 minute\" \/>\n<script type=\"application\/ld+json\" class=\"yoast-schema-graph\">{\"@context\":\"https:\\\/\\\/schema.org\",\"@graph\":[{\"@type\":\"WebPage\",\"@id\":\"https:\\\/\\\/lahingupood.ee\\\/toode\\\/delta-armory-181-gear-set\\\/\",\"url\":\"https:\\\/\\\/lahingupood.ee\\\/toode\\\/delta-armory-181-gear-set\\\/\",\"name\":\"Delta Armory 18:1 Gear Set \u2013 AEG hammasrattad\",\"isPartOf\":{\"@id\":\"https:\\\/\\\/lahingupood.ee\\\/#website\"},\"primaryImageOfPage\":{\"@id\":\"https:\\\/\\\/lahingupood.ee\\\/toode\\\/delta-armory-181-gear-set\\\/#primaryimage\"},\"image\":{\"@id\":\"https:\\\/\\\/lahingupood.ee\\\/toode\\\/delta-armory-181-gear-set\\\/#primaryimage\"},\"thumbnailUrl\":\"https:\\\/\\\/lahingupood.ee\\\/wp-content\\\/uploads\\\/2026\\\/04\\\/h-1.jpeg\",\"datePublished\":\"2026-04-14T10:25:22+00:00\",\"dateModified\":\"2026-05-02T16:45:04+00:00\",\"description\":\"Delta Armory 18:1 gear set on vastupidav terasest hammasrataste komplekt AEG relvadele, sobib V2 ja V3 gearboxidele.\",\"breadcrumb\":{\"@id\":\"https:\\\/\\\/lahingupood.ee\\\/toode\\\/delta-armory-181-gear-set\\\/#breadcrumb\"},\"inLanguage\":\"en-GB\",\"potentialAction\":[{\"@type\":\"ReadAction\",\"target\":[\"https:\\\/\\\/lahingupood.ee\\\/toode\\\/delta-armory-181-gear-set\\\/\"]}]},{\"@type\":\"ImageObject\",\"inLanguage\":\"en-GB\",\"@id\":\"https:\\\/\\\/lahingupood.ee\\\/toode\\\/delta-armory-181-gear-set\\\/#primaryimage\",\"url\":\"https:\\\/\\\/lahingupood.ee\\\/wp-content\\\/uploads\\\/2026\\\/04\\\/h-1.jpeg\",\"contentUrl\":\"https:\\\/\\\/lahingupood.ee\\\/wp-content\\\/uploads\\\/2026\\\/04\\\/h-1.jpeg\",\"width\":1920,\"height\":785,\"caption\":\"Delta Armory 18:1 gear set AEG hammasrattad V2 V3 gearbox terasest\"},{\"@type\":\"BreadcrumbList\",\"@id\":\"https:\\\/\\\/lahingupood.ee\\\/toode\\\/delta-armory-181-gear-set\\\/#breadcrumb\",\"itemListElement\":[{\"@type\":\"ListItem\",\"position\":1,\"name\":\"Home\",\"item\":\"https:\\\/\\\/lahingupood.ee\\\/\"},{\"@type\":\"ListItem\",\"position\":2,\"name\":\"Tooted\",\"item\":\"https:\\\/\\\/lahingupood.ee\\\/tooted\\\/\"},{\"@type\":\"ListItem\",\"position\":3,\"name\":\"Delta Armory 18:1 gear set\"}]},{\"@type\":\"WebSite\",\"@id\":\"https:\\\/\\\/lahingupood.ee\\\/#website\",\"url\":\"https:\\\/\\\/lahingupood.ee\\\/\",\"name\":\"Lahingurada e-pood\",\"description\":\"Airsoft\",\"publisher\":{\"@id\":\"https:\\\/\\\/lahingupood.ee\\\/#organization\"},\"potentialAction\":[{\"@type\":\"SearchAction\",\"target\":{\"@type\":\"EntryPoint\",\"urlTemplate\":\"https:\\\/\\\/lahingupood.ee\\\/?s={search_term_string}\"},\"query-input\":{\"@type\":\"PropertyValueSpecification\",\"valueRequired\":true,\"valueName\":\"search_term_string\"}}],\"inLanguage\":\"en-GB\"},{\"@type\":\"Organization\",\"@id\":\"https:\\\/\\\/lahingupood.ee\\\/#organization\",\"name\":\"Lahingurada\",\"url\":\"https:\\\/\\\/lahingupood.ee\\\/\",\"logo\":{\"@type\":\"ImageObject\",\"inLanguage\":\"en-GB\",\"@id\":\"https:\\\/\\\/lahingupood.ee\\\/#\\\/schema\\\/logo\\\/image\\\/\",\"url\":\"https:\\\/\\\/lahingupood.ee\\\/wp-content\\\/uploads\\\/2022\\\/03\\\/lahingurada-220318.jpg\",\"contentUrl\":\"https:\\\/\\\/lahingupood.ee\\\/wp-content\\\/uploads\\\/2022\\\/03\\\/lahingurada-220318.jpg\",\"width\":800,\"height\":500,\"caption\":\"Lahingurada\"},\"image\":{\"@id\":\"https:\\\/\\\/lahingupood.ee\\\/#\\\/schema\\\/logo\\\/image\\\/\"},\"sameAs\":[\"https:\\\/\\\/www.facebook.com\\\/Lahingurada-629940247212967\"]}]}<\/script>\n<!-- \/ Yoast SEO Premium plugin. -->","yoast_head_json":{"title":"Delta Armory 18:1 Gear Set \u2013 AEG hammasrattad","description":"Delta Armory 18:1 gear set on vastupidav terasest hammasrataste komplekt AEG relvadele, sobib V2 ja V3 gearboxidele.","robots":{"index":"index","follow":"follow","max-snippet":"max-snippet:-1","max-image-preview":"max-image-preview:large","max-video-preview":"max-video-preview:-1"},"canonical":"https:\/\/lahingupood.ee\/en\/product\/delta-armory-181-gear-set\/","og_locale":"en_GB","og_type":"article","og_title":"Delta Armory 18:1 gear set","og_description":"Delta Armory 18:1 gear set on vastupidav terasest hammasrataste komplekt AEG relvadele, sobib V2 ja V3 gearboxidele.","og_url":"https:\/\/lahingupood.ee\/en\/product\/delta-armory-181-gear-set\/","og_site_name":"Lahingurada e-pood","article_publisher":"https:\/\/www.facebook.com\/Lahingurada-629940247212967","article_modified_time":"2026-05-02T16:45:04+00:00","og_image":[{"width":1920,"height":785,"url":"https:\/\/lahingupood.ee\/wp-content\/uploads\/2026\/04\/h-1.jpeg","type":"image\/jpeg"}],"twitter_card":"summary_large_image","twitter_misc":{"Estimated reading time":"1 minute"},"schema":{"@context":"https:\/\/schema.org","@graph":[{"@type":"WebPage","@id":"https:\/\/lahingupood.ee\/toode\/delta-armory-181-gear-set\/","url":"https:\/\/lahingupood.ee\/toode\/delta-armory-181-gear-set\/","name":"Delta Armory 18:1 Gear Set \u2013 AEG hammasrattad","isPartOf":{"@id":"https:\/\/lahingupood.ee\/#website"},"primaryImageOfPage":{"@id":"https:\/\/lahingupood.ee\/toode\/delta-armory-181-gear-set\/#primaryimage"},"image":{"@id":"https:\/\/lahingupood.ee\/toode\/delta-armory-181-gear-set\/#primaryimage"},"thumbnailUrl":"https:\/\/lahingupood.ee\/wp-content\/uploads\/2026\/04\/h-1.jpeg","datePublished":"2026-04-14T10:25:22+00:00","dateModified":"2026-05-02T16:45:04+00:00","description":"Delta Armory 18:1 gear set on vastupidav terasest hammasrataste komplekt AEG relvadele, sobib V2 ja V3 gearboxidele.","breadcrumb":{"@id":"https:\/\/lahingupood.ee\/toode\/delta-armory-181-gear-set\/#breadcrumb"},"inLanguage":"en-GB","potentialAction":[{"@type":"ReadAction","target":["https:\/\/lahingupood.ee\/toode\/delta-armory-181-gear-set\/"]}]},{"@type":"ImageObject","inLanguage":"en-GB","@id":"https:\/\/lahingupood.ee\/toode\/delta-armory-181-gear-set\/#primaryimage","url":"https:\/\/lahingupood.ee\/wp-content\/uploads\/2026\/04\/h-1.jpeg","contentUrl":"https:\/\/lahingupood.ee\/wp-content\/uploads\/2026\/04\/h-1.jpeg","width":1920,"height":785,"caption":"Delta Armory 18:1 gear set AEG hammasrattad V2 V3 gearbox terasest"},{"@type":"BreadcrumbList","@id":"https:\/\/lahingupood.ee\/toode\/delta-armory-181-gear-set\/#breadcrumb","itemListElement":[{"@type":"ListItem","position":1,"name":"Home","item":"https:\/\/lahingupood.ee\/"},{"@type":"ListItem","position":2,"name":"Tooted","item":"https:\/\/lahingupood.ee\/tooted\/"},{"@type":"ListItem","position":3,"name":"Delta Armory 18:1 gear set"}]},{"@type":"WebSite","@id":"https:\/\/lahingupood.ee\/#website","url":"https:\/\/lahingupood.ee\/","name":"Lahingurada e-pood","description":"Airsoft","publisher":{"@id":"https:\/\/lahingupood.ee\/#organization"},"potentialAction":[{"@type":"SearchAction","target":{"@type":"EntryPoint","urlTemplate":"https:\/\/lahingupood.ee\/?s={search_term_string}"},"query-input":{"@type":"PropertyValueSpecification","valueRequired":true,"valueName":"search_term_string"}}],"inLanguage":"en-GB"},{"@type":"Organization","@id":"https:\/\/lahingupood.ee\/#organization","name":"Lahingurada","url":"https:\/\/lahingupood.ee\/","logo":{"@type":"ImageObject","inLanguage":"en-GB","@id":"https:\/\/lahingupood.ee\/#\/schema\/logo\/image\/","url":"https:\/\/lahingupood.ee\/wp-content\/uploads\/2022\/03\/lahingurada-220318.jpg","contentUrl":"https:\/\/lahingupood.ee\/wp-content\/uploads\/2022\/03\/lahingurada-220318.jpg","width":800,"height":500,"caption":"Lahingurada"},"image":{"@id":"https:\/\/lahingupood.ee\/#\/schema\/logo\/image\/"},"sameAs":["https:\/\/www.facebook.com\/Lahingurada-629940247212967"]}]}},"_links":{"self":[{"href":"https:\/\/lahingupood.ee\/en\/wp-json\/wp\/v2\/product\/7830","targetHints":{"allow":["GET"]}}],"collection":[{"href":"https:\/\/lahingupood.ee\/en\/wp-json\/wp\/v2\/product"}],"about":[{"href":"https:\/\/lahingupood.ee\/en\/wp-json\/wp\/v2\/types\/product"}],"wp:featuredmedia":[{"embeddable":true,"href":"https:\/\/lahingupood.ee\/en\/wp-json\/wp\/v2\/media\/7835"}],"wp:attachment":[{"href":"https:\/\/lahingupood.ee\/en\/wp-json\/wp\/v2\/media?parent=7830"}],"wp:term":[{"taxonomy":"product_brand","embeddable":true,"href":"https:\/\/lahingupood.ee\/en\/wp-json\/wp\/v2\/product_brand?post=7830"},{"taxonomy":"product_cat","embeddable":true,"href":"https:\/\/lahingupood.ee\/en\/wp-json\/wp\/v2\/product_cat?post=7830"},{"taxonomy":"product_tag","embeddable":true,"href":"https:\/\/lahingupood.ee\/en\/wp-json\/wp\/v2\/product_tag?post=7830"}],"curies":[{"name":"wp","href":"https:\/\/api.w.org\/{rel}","templated":true}]}}