{"id":7823,"date":"2026-04-14T12:29:57","date_gmt":"2026-04-14T09:29:57","guid":{"rendered":"https:\/\/lahingupood.ee\/?post_type=product&#038;p=7823"},"modified":"2026-04-28T22:15:04","modified_gmt":"2026-04-28T19:15:04","slug":"airsoft-bb-bio-delta-armory-eagle-028g","status":"publish","type":"product","link":"https:\/\/lahingupood.ee\/en\/product\/airsoft-bb-bio-delta-armory-eagle-028g\/","title":{"rendered":"Airsoft BB BIO Delta Armory EAGLE 0,28g"},"content":{"rendered":"<p>Delta Armory BIO BB 0.28g on kvaliteetsed biolagunevad Airsoft kuulid. Kuulid on loodud pakkuma maksimaalset t\u00e4psust ja stabiilsust ka n\u00f5udlikumates m\u00e4ngutingimustes. T\u00e4nu suuremale kaalule sobivad need eriti h\u00e4sti keskmise ja k\u00f5rgema v\u00f5imsusega relvadele.<\/p>","protected":false},"excerpt":{"rendered":"<p>Delta Armory BIO BB 0.28g on kvaliteetsed biolagunevad Airsoft kuulid. Kuulid on loodud pakkuma maksimaalset t\u00e4psust ja stabiilsust ka n\u00f5udlikumates m\u00e4ngutingimustes. T\u00e4nu suuremale kaalule sobivad need eriti h\u00e4sti keskmise ja k\u00f5rgema v\u00f5imsusega relvadele.<\/p>","protected":false},"featured_media":7822,"template":"","meta":[],"product_brand":[],"product_cat":[56],"product_tag":[],"class_list":{"0":"post-7823","1":"product","2":"type-product","3":"status-publish","4":"has-post-thumbnail","6":"product_cat-biolagunevad-kuulid","8":"first","9":"instock","10":"taxable","11":"shipping-taxable","12":"purchasable","13":"product-type-simple"},"_links":{"self":[{"href":"https:\/\/lahingupood.ee\/en\/wp-json\/wp\/v2\/product\/7823","targetHints":{"allow":["GET"]}}],"collection":[{"href":"https:\/\/lahingupood.ee\/en\/wp-json\/wp\/v2\/product"}],"about":[{"href":"https:\/\/lahingupood.ee\/en\/wp-json\/wp\/v2\/types\/product"}],"wp:featuredmedia":[{"embeddable":true,"href":"https:\/\/lahingupood.ee\/en\/wp-json\/wp\/v2\/media\/7822"}],"wp:attachment":[{"href":"https:\/\/lahingupood.ee\/en\/wp-json\/wp\/v2\/media?parent=7823"}],"wp:term":[{"taxonomy":"product_brand","embeddable":true,"href":"https:\/\/lahingupood.ee\/en\/wp-json\/wp\/v2\/product_brand?post=7823"},{"taxonomy":"product_cat","embeddable":true,"href":"https:\/\/lahingupood.ee\/en\/wp-json\/wp\/v2\/product_cat?post=7823"},{"taxonomy":"product_tag","embeddable":true,"href":"https:\/\/lahingupood.ee\/en\/wp-json\/wp\/v2\/product_tag?post=7823"}],"curies":[{"name":"wp","href":"https:\/\/api.w.org\/{rel}","templated":true}]}}