{"id":7820,"date":"2026-04-14T12:26:59","date_gmt":"2026-04-14T09:26:59","guid":{"rendered":"https:\/\/lahingupood.ee\/?post_type=product&#038;p=7820"},"modified":"2026-05-16T06:45:06","modified_gmt":"2026-05-16T03:45:06","slug":"airsoft-bb-bio-delta-armory-eagle-025g-05kg","status":"publish","type":"product","link":"https:\/\/lahingupood.ee\/en\/product\/airsoft-bb-bio-delta-armory-eagle-025g-05kg\/","title":{"rendered":"Airsoft BB BIO Delta Armory EAGLE 0,25g 0,5KG"},"content":{"rendered":"<p>Delta Armory BIO BB 0.25g on kvaliteetsed biolagunevad Airsoft kuulid. Kuulid on loodud pakkuma head t\u00e4psust ja keskkonnas\u00f5bralikku lahendust v\u00e4litingimustes m\u00e4ngimiseks. T\u00e4nu 0.25g kaalule pakuvad need kuulid paremat stabiilsust ja t\u00e4psust v\u00f5rreldes kergemate variantidega.<\/p>","protected":false},"excerpt":{"rendered":"<p>Delta Armory BIO BB 0.25g on kvaliteetsed biolagunevad Airsoft kuulid. Kuulid on loodud pakkuma head t\u00e4psust ja keskkonnas\u00f5bralikku lahendust v\u00e4litingimustes m\u00e4ngimiseks. T\u00e4nu 0.25g kaalule pakuvad need kuulid paremat stabiilsust ja t\u00e4psust v\u00f5rreldes kergemate variantidega.<\/p>","protected":false},"featured_media":7821,"template":"","meta":[],"product_brand":[],"product_cat":[56],"product_tag":[],"class_list":{"0":"post-7820","1":"product","2":"type-product","3":"status-publish","4":"has-post-thumbnail","6":"product_cat-biolagunevad-kuulid","8":"first","9":"instock","10":"taxable","11":"shipping-taxable","12":"purchasable","13":"product-type-simple"},"yoast_head":"<!-- This site is optimized with the Yoast SEO Premium plugin v27.6 (Yoast SEO v27.6) - https:\/\/yoast.com\/product\/yoast-seo-premium-wordpress\/ -->\n<title>Delta Armory BIO BB 0.25g 0.5KG \u2013 Airsoft kuulid<\/title>\n<meta name=\"description\" content=\"Delta Armory BIO BB 0.25g on biolagunevad Airsoft kuulid, mis tagavad t\u00e4psuse ja sobivad kasutamiseks v\u00e4litingimustes.\" \/>\n<meta name=\"robots\" content=\"index, follow, max-snippet:-1, max-image-preview:large, max-video-preview:-1\" \/>\n<link rel=\"canonical\" href=\"https:\/\/lahingupood.ee\/en\/product\/airsoft-bb-bio-delta-armory-eagle-025g-05kg\/\" \/>\n<meta property=\"og:locale\" content=\"en_GB\" \/>\n<meta property=\"og:type\" content=\"article\" \/>\n<meta property=\"og:title\" content=\"Airsoft BB BIO Delta Armory EAGLE 0,25g 0,5KG\" \/>\n<meta property=\"og:description\" content=\"Delta Armory BIO BB 0.25g on biolagunevad Airsoft kuulid, mis tagavad t\u00e4psuse ja sobivad kasutamiseks v\u00e4litingimustes.\" \/>\n<meta property=\"og:url\" content=\"https:\/\/lahingupood.ee\/en\/product\/airsoft-bb-bio-delta-armory-eagle-025g-05kg\/\" \/>\n<meta property=\"og:site_name\" content=\"Lahingurada e-pood\" \/>\n<meta property=\"article:publisher\" content=\"https:\/\/www.facebook.com\/Lahingurada-629940247212967\" \/>\n<meta property=\"article:modified_time\" content=\"2026-05-16T03:45:06+00:00\" \/>\n<meta property=\"og:image\" content=\"https:\/\/lahingupood.ee\/wp-content\/uploads\/2026\/04\/kuulid-0.25.jpeg\" \/>\n\t<meta property=\"og:image:width\" content=\"1001\" \/>\n\t<meta property=\"og:image:height\" content=\"1001\" \/>\n\t<meta property=\"og:image:type\" content=\"image\/jpeg\" \/>\n<meta name=\"twitter:card\" content=\"summary_large_image\" \/>\n<meta name=\"twitter:label1\" content=\"Estimated reading time\" \/>\n\t<meta name=\"twitter:data1\" content=\"1 minute\" \/>\n<script type=\"application\/ld+json\" class=\"yoast-schema-graph\">{\"@context\":\"https:\\\/\\\/schema.org\",\"@graph\":[{\"@type\":\"WebPage\",\"@id\":\"https:\\\/\\\/lahingupood.ee\\\/toode\\\/airsoft-bb-bio-delta-armory-eagle-025g-05kg\\\/\",\"url\":\"https:\\\/\\\/lahingupood.ee\\\/toode\\\/airsoft-bb-bio-delta-armory-eagle-025g-05kg\\\/\",\"name\":\"Delta Armory BIO BB 0.25g 0.5KG \u2013 Airsoft kuulid\",\"isPartOf\":{\"@id\":\"https:\\\/\\\/lahingupood.ee\\\/#website\"},\"primaryImageOfPage\":{\"@id\":\"https:\\\/\\\/lahingupood.ee\\\/toode\\\/airsoft-bb-bio-delta-armory-eagle-025g-05kg\\\/#primaryimage\"},\"image\":{\"@id\":\"https:\\\/\\\/lahingupood.ee\\\/toode\\\/airsoft-bb-bio-delta-armory-eagle-025g-05kg\\\/#primaryimage\"},\"thumbnailUrl\":\"https:\\\/\\\/lahingupood.ee\\\/wp-content\\\/uploads\\\/2026\\\/04\\\/kuulid-0.25.jpeg\",\"datePublished\":\"2026-04-14T09:26:59+00:00\",\"dateModified\":\"2026-05-16T03:45:06+00:00\",\"description\":\"Delta Armory BIO BB 0.25g on biolagunevad Airsoft kuulid, mis tagavad t\u00e4psuse ja sobivad kasutamiseks v\u00e4litingimustes.\",\"breadcrumb\":{\"@id\":\"https:\\\/\\\/lahingupood.ee\\\/toode\\\/airsoft-bb-bio-delta-armory-eagle-025g-05kg\\\/#breadcrumb\"},\"inLanguage\":\"en-GB\",\"potentialAction\":[{\"@type\":\"ReadAction\",\"target\":[\"https:\\\/\\\/lahingupood.ee\\\/toode\\\/airsoft-bb-bio-delta-armory-eagle-025g-05kg\\\/\"]}]},{\"@type\":\"ImageObject\",\"inLanguage\":\"en-GB\",\"@id\":\"https:\\\/\\\/lahingupood.ee\\\/toode\\\/airsoft-bb-bio-delta-armory-eagle-025g-05kg\\\/#primaryimage\",\"url\":\"https:\\\/\\\/lahingupood.ee\\\/wp-content\\\/uploads\\\/2026\\\/04\\\/kuulid-0.25.jpeg\",\"contentUrl\":\"https:\\\/\\\/lahingupood.ee\\\/wp-content\\\/uploads\\\/2026\\\/04\\\/kuulid-0.25.jpeg\",\"width\":1001,\"height\":1001,\"caption\":\"Delta Armory BIO BB 0.25g Airsoft kuulid 0.5KG biolagunevad\"},{\"@type\":\"BreadcrumbList\",\"@id\":\"https:\\\/\\\/lahingupood.ee\\\/toode\\\/airsoft-bb-bio-delta-armory-eagle-025g-05kg\\\/#breadcrumb\",\"itemListElement\":[{\"@type\":\"ListItem\",\"position\":1,\"name\":\"Home\",\"item\":\"https:\\\/\\\/lahingupood.ee\\\/\"},{\"@type\":\"ListItem\",\"position\":2,\"name\":\"Tooted\",\"item\":\"https:\\\/\\\/lahingupood.ee\\\/tooted\\\/\"},{\"@type\":\"ListItem\",\"position\":3,\"name\":\"Airsoft BB BIO Delta Armory EAGLE 0,25g 0,5KG\"}]},{\"@type\":\"WebSite\",\"@id\":\"https:\\\/\\\/lahingupood.ee\\\/#website\",\"url\":\"https:\\\/\\\/lahingupood.ee\\\/\",\"name\":\"Lahingurada e-pood\",\"description\":\"Airsoft\",\"publisher\":{\"@id\":\"https:\\\/\\\/lahingupood.ee\\\/#organization\"},\"potentialAction\":[{\"@type\":\"SearchAction\",\"target\":{\"@type\":\"EntryPoint\",\"urlTemplate\":\"https:\\\/\\\/lahingupood.ee\\\/?s={search_term_string}\"},\"query-input\":{\"@type\":\"PropertyValueSpecification\",\"valueRequired\":true,\"valueName\":\"search_term_string\"}}],\"inLanguage\":\"en-GB\"},{\"@type\":\"Organization\",\"@id\":\"https:\\\/\\\/lahingupood.ee\\\/#organization\",\"name\":\"Lahingurada\",\"url\":\"https:\\\/\\\/lahingupood.ee\\\/\",\"logo\":{\"@type\":\"ImageObject\",\"inLanguage\":\"en-GB\",\"@id\":\"https:\\\/\\\/lahingupood.ee\\\/#\\\/schema\\\/logo\\\/image\\\/\",\"url\":\"https:\\\/\\\/lahingupood.ee\\\/wp-content\\\/uploads\\\/2022\\\/03\\\/lahingurada-220318.jpg\",\"contentUrl\":\"https:\\\/\\\/lahingupood.ee\\\/wp-content\\\/uploads\\\/2022\\\/03\\\/lahingurada-220318.jpg\",\"width\":800,\"height\":500,\"caption\":\"Lahingurada\"},\"image\":{\"@id\":\"https:\\\/\\\/lahingupood.ee\\\/#\\\/schema\\\/logo\\\/image\\\/\"},\"sameAs\":[\"https:\\\/\\\/www.facebook.com\\\/Lahingurada-629940247212967\"]}]}<\/script>\n<!-- \/ Yoast SEO Premium plugin. -->","yoast_head_json":{"title":"Delta Armory BIO BB 0.25g 0.5KG \u2013 Airsoft kuulid","description":"Delta Armory BIO BB 0.25g on biolagunevad Airsoft kuulid, mis tagavad t\u00e4psuse ja sobivad kasutamiseks v\u00e4litingimustes.","robots":{"index":"index","follow":"follow","max-snippet":"max-snippet:-1","max-image-preview":"max-image-preview:large","max-video-preview":"max-video-preview:-1"},"canonical":"https:\/\/lahingupood.ee\/en\/product\/airsoft-bb-bio-delta-armory-eagle-025g-05kg\/","og_locale":"en_GB","og_type":"article","og_title":"Airsoft BB BIO Delta Armory EAGLE 0,25g 0,5KG","og_description":"Delta Armory BIO BB 0.25g on biolagunevad Airsoft kuulid, mis tagavad t\u00e4psuse ja sobivad kasutamiseks v\u00e4litingimustes.","og_url":"https:\/\/lahingupood.ee\/en\/product\/airsoft-bb-bio-delta-armory-eagle-025g-05kg\/","og_site_name":"Lahingurada e-pood","article_publisher":"https:\/\/www.facebook.com\/Lahingurada-629940247212967","article_modified_time":"2026-05-16T03:45:06+00:00","og_image":[{"width":1001,"height":1001,"url":"https:\/\/lahingupood.ee\/wp-content\/uploads\/2026\/04\/kuulid-0.25.jpeg","type":"image\/jpeg"}],"twitter_card":"summary_large_image","twitter_misc":{"Estimated reading time":"1 minute"},"schema":{"@context":"https:\/\/schema.org","@graph":[{"@type":"WebPage","@id":"https:\/\/lahingupood.ee\/toode\/airsoft-bb-bio-delta-armory-eagle-025g-05kg\/","url":"https:\/\/lahingupood.ee\/toode\/airsoft-bb-bio-delta-armory-eagle-025g-05kg\/","name":"Delta Armory BIO BB 0.25g 0.5KG \u2013 Airsoft kuulid","isPartOf":{"@id":"https:\/\/lahingupood.ee\/#website"},"primaryImageOfPage":{"@id":"https:\/\/lahingupood.ee\/toode\/airsoft-bb-bio-delta-armory-eagle-025g-05kg\/#primaryimage"},"image":{"@id":"https:\/\/lahingupood.ee\/toode\/airsoft-bb-bio-delta-armory-eagle-025g-05kg\/#primaryimage"},"thumbnailUrl":"https:\/\/lahingupood.ee\/wp-content\/uploads\/2026\/04\/kuulid-0.25.jpeg","datePublished":"2026-04-14T09:26:59+00:00","dateModified":"2026-05-16T03:45:06+00:00","description":"Delta Armory BIO BB 0.25g on biolagunevad Airsoft kuulid, mis tagavad t\u00e4psuse ja sobivad kasutamiseks v\u00e4litingimustes.","breadcrumb":{"@id":"https:\/\/lahingupood.ee\/toode\/airsoft-bb-bio-delta-armory-eagle-025g-05kg\/#breadcrumb"},"inLanguage":"en-GB","potentialAction":[{"@type":"ReadAction","target":["https:\/\/lahingupood.ee\/toode\/airsoft-bb-bio-delta-armory-eagle-025g-05kg\/"]}]},{"@type":"ImageObject","inLanguage":"en-GB","@id":"https:\/\/lahingupood.ee\/toode\/airsoft-bb-bio-delta-armory-eagle-025g-05kg\/#primaryimage","url":"https:\/\/lahingupood.ee\/wp-content\/uploads\/2026\/04\/kuulid-0.25.jpeg","contentUrl":"https:\/\/lahingupood.ee\/wp-content\/uploads\/2026\/04\/kuulid-0.25.jpeg","width":1001,"height":1001,"caption":"Delta Armory BIO BB 0.25g Airsoft kuulid 0.5KG biolagunevad"},{"@type":"BreadcrumbList","@id":"https:\/\/lahingupood.ee\/toode\/airsoft-bb-bio-delta-armory-eagle-025g-05kg\/#breadcrumb","itemListElement":[{"@type":"ListItem","position":1,"name":"Home","item":"https:\/\/lahingupood.ee\/"},{"@type":"ListItem","position":2,"name":"Tooted","item":"https:\/\/lahingupood.ee\/tooted\/"},{"@type":"ListItem","position":3,"name":"Airsoft BB BIO Delta Armory EAGLE 0,25g 0,5KG"}]},{"@type":"WebSite","@id":"https:\/\/lahingupood.ee\/#website","url":"https:\/\/lahingupood.ee\/","name":"Lahingurada e-pood","description":"Airsoft","publisher":{"@id":"https:\/\/lahingupood.ee\/#organization"},"potentialAction":[{"@type":"SearchAction","target":{"@type":"EntryPoint","urlTemplate":"https:\/\/lahingupood.ee\/?s={search_term_string}"},"query-input":{"@type":"PropertyValueSpecification","valueRequired":true,"valueName":"search_term_string"}}],"inLanguage":"en-GB"},{"@type":"Organization","@id":"https:\/\/lahingupood.ee\/#organization","name":"Lahingurada","url":"https:\/\/lahingupood.ee\/","logo":{"@type":"ImageObject","inLanguage":"en-GB","@id":"https:\/\/lahingupood.ee\/#\/schema\/logo\/image\/","url":"https:\/\/lahingupood.ee\/wp-content\/uploads\/2022\/03\/lahingurada-220318.jpg","contentUrl":"https:\/\/lahingupood.ee\/wp-content\/uploads\/2022\/03\/lahingurada-220318.jpg","width":800,"height":500,"caption":"Lahingurada"},"image":{"@id":"https:\/\/lahingupood.ee\/#\/schema\/logo\/image\/"},"sameAs":["https:\/\/www.facebook.com\/Lahingurada-629940247212967"]}]}},"_links":{"self":[{"href":"https:\/\/lahingupood.ee\/en\/wp-json\/wp\/v2\/product\/7820","targetHints":{"allow":["GET"]}}],"collection":[{"href":"https:\/\/lahingupood.ee\/en\/wp-json\/wp\/v2\/product"}],"about":[{"href":"https:\/\/lahingupood.ee\/en\/wp-json\/wp\/v2\/types\/product"}],"wp:featuredmedia":[{"embeddable":true,"href":"https:\/\/lahingupood.ee\/en\/wp-json\/wp\/v2\/media\/7821"}],"wp:attachment":[{"href":"https:\/\/lahingupood.ee\/en\/wp-json\/wp\/v2\/media?parent=7820"}],"wp:term":[{"taxonomy":"product_brand","embeddable":true,"href":"https:\/\/lahingupood.ee\/en\/wp-json\/wp\/v2\/product_brand?post=7820"},{"taxonomy":"product_cat","embeddable":true,"href":"https:\/\/lahingupood.ee\/en\/wp-json\/wp\/v2\/product_cat?post=7820"},{"taxonomy":"product_tag","embeddable":true,"href":"https:\/\/lahingupood.ee\/en\/wp-json\/wp\/v2\/product_tag?post=7820"}],"curies":[{"name":"wp","href":"https:\/\/api.w.org\/{rel}","templated":true}]}}