{"id":7819,"date":"2026-04-14T12:18:22","date_gmt":"2026-04-14T09:18:22","guid":{"rendered":"https:\/\/lahingupood.ee\/?post_type=product&#038;p=7819"},"modified":"2026-04-17T14:45:05","modified_gmt":"2026-04-17T11:45:05","slug":"speedloader-100-bb-delta-armory-sinine","status":"publish","type":"product","link":"https:\/\/lahingupood.ee\/en\/product\/speedloader-100-bb-delta-armory-sinine\/","title":{"rendered":"Speedloader 100 BB Delta Armory- Sinine"},"content":{"rendered":"<p>Delta Armory speedloader 100 BB blue on praktiline laadimisvahend, mis on loodud Airsoft m\u00e4ngijatele kuulide kiireks salve laadimiseks. Tegemist on h\u00e4davajaliku lisatarvikuga, mis muudab m\u00e4ngu ettevalmistuse ja salvede t\u00e4itmise oluliselt lihtsamaks.<\/p>","protected":false},"excerpt":{"rendered":"<p>Delta Armory speedloader 100 BB blue on praktiline laadimisvahend, mis on loodud Airsoft m\u00e4ngijatele kuulide kiireks salve laadimiseks. Tegemist on h\u00e4davajaliku lisatarvikuga, mis muudab m\u00e4ngu ettevalmistuse ja salvede t\u00e4itmise oluliselt lihtsamaks.<\/p>","protected":false},"featured_media":7818,"template":"","meta":[],"product_brand":[],"product_cat":[89],"product_tag":[],"class_list":{"0":"post-7819","1":"product","2":"type-product","3":"status-publish","4":"has-post-thumbnail","6":"product_cat-salvelaadijad","8":"first","9":"instock","10":"taxable","11":"shipping-taxable","12":"purchasable","13":"product-type-simple"},"yoast_head":"<!-- This site is optimized with the Yoast SEO Premium plugin v27.4 (Yoast SEO v27.4) - https:\/\/yoast.com\/product\/yoast-seo-premium-wordpress\/ -->\n<title>Delta Armory Speedloader 100 BB sinine \u2013 salve laadija<\/title>\n<meta name=\"description\" content=\"Delta Armory speedloader 100 BB blue on kompaktne salve laadija, mis v\u00f5imaldab kiiresti ja mugavalt BB kuule laadida Airsoft m\u00e4ngudes.\" \/>\n<meta name=\"robots\" content=\"index, follow, max-snippet:-1, max-image-preview:large, max-video-preview:-1\" \/>\n<link rel=\"canonical\" href=\"https:\/\/lahingupood.ee\/en\/product\/speedloader-100-bb-delta-armory-sinine\/\" \/>\n<meta property=\"og:locale\" content=\"en_GB\" \/>\n<meta property=\"og:type\" content=\"article\" \/>\n<meta property=\"og:title\" content=\"Speedloader 100 BB Delta Armory- Sinine\" \/>\n<meta property=\"og:description\" content=\"Delta Armory speedloader 100 BB blue on kompaktne salve laadija, mis v\u00f5imaldab kiiresti ja mugavalt BB kuule laadida Airsoft m\u00e4ngudes.\" \/>\n<meta property=\"og:url\" content=\"https:\/\/lahingupood.ee\/en\/product\/speedloader-100-bb-delta-armory-sinine\/\" \/>\n<meta property=\"og:site_name\" content=\"Lahingurada e-pood\" \/>\n<meta property=\"article:publisher\" content=\"https:\/\/www.facebook.com\/Lahingurada-629940247212967\" \/>\n<meta property=\"article:modified_time\" content=\"2026-04-17T11:45:05+00:00\" \/>\n<meta property=\"og:image\" content=\"https:\/\/lahingupood.ee\/wp-content\/uploads\/2026\/04\/sinine.jpeg\" \/>\n\t<meta property=\"og:image:width\" content=\"1920\" \/>\n\t<meta property=\"og:image:height\" content=\"1118\" \/>\n\t<meta property=\"og:image:type\" content=\"image\/jpeg\" \/>\n<meta name=\"twitter:card\" content=\"summary_large_image\" \/>\n<meta name=\"twitter:label1\" content=\"Estimated reading time\" \/>\n\t<meta name=\"twitter:data1\" content=\"1 minute\" \/>\n<script type=\"application\/ld+json\" class=\"yoast-schema-graph\">{\"@context\":\"https:\\\/\\\/schema.org\",\"@graph\":[{\"@type\":\"WebPage\",\"@id\":\"https:\\\/\\\/lahingupood.ee\\\/toode\\\/speedloader-100-bb-delta-armory-sinine\\\/\",\"url\":\"https:\\\/\\\/lahingupood.ee\\\/toode\\\/speedloader-100-bb-delta-armory-sinine\\\/\",\"name\":\"Delta Armory Speedloader 100 BB sinine \u2013 salve laadija\",\"isPartOf\":{\"@id\":\"https:\\\/\\\/lahingupood.ee\\\/#website\"},\"primaryImageOfPage\":{\"@id\":\"https:\\\/\\\/lahingupood.ee\\\/toode\\\/speedloader-100-bb-delta-armory-sinine\\\/#primaryimage\"},\"image\":{\"@id\":\"https:\\\/\\\/lahingupood.ee\\\/toode\\\/speedloader-100-bb-delta-armory-sinine\\\/#primaryimage\"},\"thumbnailUrl\":\"https:\\\/\\\/lahingupood.ee\\\/wp-content\\\/uploads\\\/2026\\\/04\\\/sinine.jpeg\",\"datePublished\":\"2026-04-14T09:18:22+00:00\",\"dateModified\":\"2026-04-17T11:45:05+00:00\",\"description\":\"Delta Armory speedloader 100 BB blue on kompaktne salve laadija, mis v\u00f5imaldab kiiresti ja mugavalt BB kuule laadida Airsoft m\u00e4ngudes.\",\"breadcrumb\":{\"@id\":\"https:\\\/\\\/lahingupood.ee\\\/toode\\\/speedloader-100-bb-delta-armory-sinine\\\/#breadcrumb\"},\"inLanguage\":\"en-GB\",\"potentialAction\":[{\"@type\":\"ReadAction\",\"target\":[\"https:\\\/\\\/lahingupood.ee\\\/toode\\\/speedloader-100-bb-delta-armory-sinine\\\/\"]}]},{\"@type\":\"ImageObject\",\"inLanguage\":\"en-GB\",\"@id\":\"https:\\\/\\\/lahingupood.ee\\\/toode\\\/speedloader-100-bb-delta-armory-sinine\\\/#primaryimage\",\"url\":\"https:\\\/\\\/lahingupood.ee\\\/wp-content\\\/uploads\\\/2026\\\/04\\\/sinine.jpeg\",\"contentUrl\":\"https:\\\/\\\/lahingupood.ee\\\/wp-content\\\/uploads\\\/2026\\\/04\\\/sinine.jpeg\",\"width\":1920,\"height\":1118,\"caption\":\"Delta Armory speedloader 100 BB blue salve laadija Airsoft\"},{\"@type\":\"BreadcrumbList\",\"@id\":\"https:\\\/\\\/lahingupood.ee\\\/toode\\\/speedloader-100-bb-delta-armory-sinine\\\/#breadcrumb\",\"itemListElement\":[{\"@type\":\"ListItem\",\"position\":1,\"name\":\"Home\",\"item\":\"https:\\\/\\\/lahingupood.ee\\\/\"},{\"@type\":\"ListItem\",\"position\":2,\"name\":\"Tooted\",\"item\":\"https:\\\/\\\/lahingupood.ee\\\/tooted\\\/\"},{\"@type\":\"ListItem\",\"position\":3,\"name\":\"Speedloader 100 BB Delta Armory- Sinine\"}]},{\"@type\":\"WebSite\",\"@id\":\"https:\\\/\\\/lahingupood.ee\\\/#website\",\"url\":\"https:\\\/\\\/lahingupood.ee\\\/\",\"name\":\"Lahingurada e-pood\",\"description\":\"Airsoft\",\"publisher\":{\"@id\":\"https:\\\/\\\/lahingupood.ee\\\/#organization\"},\"potentialAction\":[{\"@type\":\"SearchAction\",\"target\":{\"@type\":\"EntryPoint\",\"urlTemplate\":\"https:\\\/\\\/lahingupood.ee\\\/?s={search_term_string}\"},\"query-input\":{\"@type\":\"PropertyValueSpecification\",\"valueRequired\":true,\"valueName\":\"search_term_string\"}}],\"inLanguage\":\"en-GB\"},{\"@type\":\"Organization\",\"@id\":\"https:\\\/\\\/lahingupood.ee\\\/#organization\",\"name\":\"Lahingurada\",\"url\":\"https:\\\/\\\/lahingupood.ee\\\/\",\"logo\":{\"@type\":\"ImageObject\",\"inLanguage\":\"en-GB\",\"@id\":\"https:\\\/\\\/lahingupood.ee\\\/#\\\/schema\\\/logo\\\/image\\\/\",\"url\":\"https:\\\/\\\/lahingupood.ee\\\/wp-content\\\/uploads\\\/2022\\\/03\\\/lahingurada-220318.jpg\",\"contentUrl\":\"https:\\\/\\\/lahingupood.ee\\\/wp-content\\\/uploads\\\/2022\\\/03\\\/lahingurada-220318.jpg\",\"width\":800,\"height\":500,\"caption\":\"Lahingurada\"},\"image\":{\"@id\":\"https:\\\/\\\/lahingupood.ee\\\/#\\\/schema\\\/logo\\\/image\\\/\"},\"sameAs\":[\"https:\\\/\\\/www.facebook.com\\\/Lahingurada-629940247212967\"]}]}<\/script>\n<!-- \/ Yoast SEO Premium plugin. -->","yoast_head_json":{"title":"Delta Armory Speedloader 100 BB sinine \u2013 salve laadija","description":"Delta Armory speedloader 100 BB blue on kompaktne salve laadija, mis v\u00f5imaldab kiiresti ja mugavalt BB kuule laadida Airsoft m\u00e4ngudes.","robots":{"index":"index","follow":"follow","max-snippet":"max-snippet:-1","max-image-preview":"max-image-preview:large","max-video-preview":"max-video-preview:-1"},"canonical":"https:\/\/lahingupood.ee\/en\/product\/speedloader-100-bb-delta-armory-sinine\/","og_locale":"en_GB","og_type":"article","og_title":"Speedloader 100 BB Delta Armory- Sinine","og_description":"Delta Armory speedloader 100 BB blue on kompaktne salve laadija, mis v\u00f5imaldab kiiresti ja mugavalt BB kuule laadida Airsoft m\u00e4ngudes.","og_url":"https:\/\/lahingupood.ee\/en\/product\/speedloader-100-bb-delta-armory-sinine\/","og_site_name":"Lahingurada e-pood","article_publisher":"https:\/\/www.facebook.com\/Lahingurada-629940247212967","article_modified_time":"2026-04-17T11:45:05+00:00","og_image":[{"width":1920,"height":1118,"url":"https:\/\/lahingupood.ee\/wp-content\/uploads\/2026\/04\/sinine.jpeg","type":"image\/jpeg"}],"twitter_card":"summary_large_image","twitter_misc":{"Estimated reading time":"1 minute"},"schema":{"@context":"https:\/\/schema.org","@graph":[{"@type":"WebPage","@id":"https:\/\/lahingupood.ee\/toode\/speedloader-100-bb-delta-armory-sinine\/","url":"https:\/\/lahingupood.ee\/toode\/speedloader-100-bb-delta-armory-sinine\/","name":"Delta Armory Speedloader 100 BB sinine \u2013 salve laadija","isPartOf":{"@id":"https:\/\/lahingupood.ee\/#website"},"primaryImageOfPage":{"@id":"https:\/\/lahingupood.ee\/toode\/speedloader-100-bb-delta-armory-sinine\/#primaryimage"},"image":{"@id":"https:\/\/lahingupood.ee\/toode\/speedloader-100-bb-delta-armory-sinine\/#primaryimage"},"thumbnailUrl":"https:\/\/lahingupood.ee\/wp-content\/uploads\/2026\/04\/sinine.jpeg","datePublished":"2026-04-14T09:18:22+00:00","dateModified":"2026-04-17T11:45:05+00:00","description":"Delta Armory speedloader 100 BB blue on kompaktne salve laadija, mis v\u00f5imaldab kiiresti ja mugavalt BB kuule laadida Airsoft m\u00e4ngudes.","breadcrumb":{"@id":"https:\/\/lahingupood.ee\/toode\/speedloader-100-bb-delta-armory-sinine\/#breadcrumb"},"inLanguage":"en-GB","potentialAction":[{"@type":"ReadAction","target":["https:\/\/lahingupood.ee\/toode\/speedloader-100-bb-delta-armory-sinine\/"]}]},{"@type":"ImageObject","inLanguage":"en-GB","@id":"https:\/\/lahingupood.ee\/toode\/speedloader-100-bb-delta-armory-sinine\/#primaryimage","url":"https:\/\/lahingupood.ee\/wp-content\/uploads\/2026\/04\/sinine.jpeg","contentUrl":"https:\/\/lahingupood.ee\/wp-content\/uploads\/2026\/04\/sinine.jpeg","width":1920,"height":1118,"caption":"Delta Armory speedloader 100 BB blue salve laadija Airsoft"},{"@type":"BreadcrumbList","@id":"https:\/\/lahingupood.ee\/toode\/speedloader-100-bb-delta-armory-sinine\/#breadcrumb","itemListElement":[{"@type":"ListItem","position":1,"name":"Home","item":"https:\/\/lahingupood.ee\/"},{"@type":"ListItem","position":2,"name":"Tooted","item":"https:\/\/lahingupood.ee\/tooted\/"},{"@type":"ListItem","position":3,"name":"Speedloader 100 BB Delta Armory- Sinine"}]},{"@type":"WebSite","@id":"https:\/\/lahingupood.ee\/#website","url":"https:\/\/lahingupood.ee\/","name":"Lahingurada e-pood","description":"Airsoft","publisher":{"@id":"https:\/\/lahingupood.ee\/#organization"},"potentialAction":[{"@type":"SearchAction","target":{"@type":"EntryPoint","urlTemplate":"https:\/\/lahingupood.ee\/?s={search_term_string}"},"query-input":{"@type":"PropertyValueSpecification","valueRequired":true,"valueName":"search_term_string"}}],"inLanguage":"en-GB"},{"@type":"Organization","@id":"https:\/\/lahingupood.ee\/#organization","name":"Lahingurada","url":"https:\/\/lahingupood.ee\/","logo":{"@type":"ImageObject","inLanguage":"en-GB","@id":"https:\/\/lahingupood.ee\/#\/schema\/logo\/image\/","url":"https:\/\/lahingupood.ee\/wp-content\/uploads\/2022\/03\/lahingurada-220318.jpg","contentUrl":"https:\/\/lahingupood.ee\/wp-content\/uploads\/2022\/03\/lahingurada-220318.jpg","width":800,"height":500,"caption":"Lahingurada"},"image":{"@id":"https:\/\/lahingupood.ee\/#\/schema\/logo\/image\/"},"sameAs":["https:\/\/www.facebook.com\/Lahingurada-629940247212967"]}]}},"_links":{"self":[{"href":"https:\/\/lahingupood.ee\/en\/wp-json\/wp\/v2\/product\/7819","targetHints":{"allow":["GET"]}}],"collection":[{"href":"https:\/\/lahingupood.ee\/en\/wp-json\/wp\/v2\/product"}],"about":[{"href":"https:\/\/lahingupood.ee\/en\/wp-json\/wp\/v2\/types\/product"}],"wp:featuredmedia":[{"embeddable":true,"href":"https:\/\/lahingupood.ee\/en\/wp-json\/wp\/v2\/media\/7818"}],"wp:attachment":[{"href":"https:\/\/lahingupood.ee\/en\/wp-json\/wp\/v2\/media?parent=7819"}],"wp:term":[{"taxonomy":"product_brand","embeddable":true,"href":"https:\/\/lahingupood.ee\/en\/wp-json\/wp\/v2\/product_brand?post=7819"},{"taxonomy":"product_cat","embeddable":true,"href":"https:\/\/lahingupood.ee\/en\/wp-json\/wp\/v2\/product_cat?post=7819"},{"taxonomy":"product_tag","embeddable":true,"href":"https:\/\/lahingupood.ee\/en\/wp-json\/wp\/v2\/product_tag?post=7819"}],"curies":[{"name":"wp","href":"https:\/\/api.w.org\/{rel}","templated":true}]}}