{"id":7816,"date":"2026-04-14T12:15:19","date_gmt":"2026-04-14T09:15:19","guid":{"rendered":"https:\/\/lahingupood.ee\/?post_type=product&#038;p=7816"},"modified":"2026-04-17T14:30:05","modified_gmt":"2026-04-17T11:30:05","slug":"speedloader-100-bb-delta-armory-orange","status":"publish","type":"product","link":"https:\/\/lahingupood.ee\/en\/product\/speedloader-100-bb-delta-armory-orange\/","title":{"rendered":"Speedloader 100 BB Delta Armory- Orange"},"content":{"rendered":"<p>Delta Armory speedloader 100 BB on praktiline laadimisvahend, mis on loodud Airsoft m\u00e4ngijatele kiireks ja mugavaks salve laadimiseks. T\u00e4nu oma lihtsale ja t\u00f5husale disainile on see oluline lisavarustus igale m\u00e4ngijale. Speedloader 100 BB v\u00f5imaldab laadida kuni 100 kuuli korraga, mis teeb sellest ideaalse lahenduse nii m\u00e4ngu ajal kui ka ettevalmistuse k\u00e4igus. L\u00e4bipaistev v\u00f5i pooll\u00e4bipaistev korpus v\u00f5imaldab j\u00e4lgida, kui palju kuule on veel sees, mis muudab kasutamise mugavamaks.<\/p>\n<p>Kasutamine on lihtne \u2013 piisab, kui asetada laadija ots salve laadimisavasse ning vajutada kolbi, et kuule kiiresti sisse suruda. See s\u00e4\u00e4stab aega ja vaeva v\u00f5rreldes k\u00e4sitsi laadimisega.<\/p>","protected":false},"excerpt":{"rendered":"<p>Delta Armory speedloader 100 BB on praktiline laadimisvahend, mis on loodud Airsoft m\u00e4ngijatele kiireks ja mugavaks salve laadimiseks. T\u00e4nu oma lihtsale ja t\u00f5husale disainile on see oluline lisavarustus igale m\u00e4ngijale. Speedloader 100 BB v\u00f5imaldab laadida kuni 100 kuuli korraga, mis teeb sellest ideaalse lahenduse nii m\u00e4ngu ajal kui ka ettevalmistuse k\u00e4igus. L\u00e4bipaistev v\u00f5i pooll\u00e4bipaistev korpus [&#8230;]\n","protected":false},"featured_media":7817,"template":"","meta":[],"product_brand":[],"product_cat":[89],"product_tag":[],"class_list":{"0":"post-7816","1":"product","2":"type-product","3":"status-publish","4":"has-post-thumbnail","6":"product_cat-salvelaadijad","8":"first","9":"instock","10":"taxable","11":"shipping-taxable","12":"purchasable","13":"product-type-simple"},"yoast_head":"<!-- This site is optimized with the Yoast SEO Premium plugin v27.4 (Yoast SEO v27.4) - https:\/\/yoast.com\/product\/yoast-seo-premium-wordpress\/ -->\n<title>Delta Armory Speedloader 100 BB Orange \u2013 salve laadija<\/title>\n<meta name=\"description\" content=\"Delta Armory speedloader 100 BB Orange on kompaktne salve laadija, mis v\u00f5imaldab kiiresti ja mugavalt BB kuule laadida. L\u00e4bipaistev korpus.\" \/>\n<meta name=\"robots\" content=\"index, follow, max-snippet:-1, max-image-preview:large, max-video-preview:-1\" \/>\n<link rel=\"canonical\" href=\"https:\/\/lahingupood.ee\/en\/product\/speedloader-100-bb-delta-armory-orange\/\" \/>\n<meta property=\"og:locale\" content=\"en_GB\" \/>\n<meta property=\"og:type\" content=\"article\" \/>\n<meta property=\"og:title\" content=\"Speedloader 100 BB Delta Armory- Orange\" \/>\n<meta property=\"og:description\" content=\"Delta Armory speedloader 100 BB Orange on kompaktne salve laadija, mis v\u00f5imaldab kiiresti ja mugavalt BB kuule laadida. L\u00e4bipaistev korpus.\" \/>\n<meta property=\"og:url\" content=\"https:\/\/lahingupood.ee\/en\/product\/speedloader-100-bb-delta-armory-orange\/\" \/>\n<meta property=\"og:site_name\" content=\"Lahingurada e-pood\" \/>\n<meta property=\"article:publisher\" content=\"https:\/\/www.facebook.com\/Lahingurada-629940247212967\" \/>\n<meta property=\"article:modified_time\" content=\"2026-04-17T11:30:05+00:00\" \/>\n<meta property=\"og:image\" content=\"https:\/\/lahingupood.ee\/wp-content\/uploads\/2026\/04\/orantz.jpeg\" \/>\n\t<meta property=\"og:image:width\" content=\"1920\" \/>\n\t<meta property=\"og:image:height\" content=\"1118\" \/>\n\t<meta property=\"og:image:type\" content=\"image\/jpeg\" \/>\n<meta name=\"twitter:card\" content=\"summary_large_image\" \/>\n<meta name=\"twitter:label1\" content=\"Estimated reading time\" \/>\n\t<meta name=\"twitter:data1\" content=\"1 minute\" \/>\n<script type=\"application\/ld+json\" class=\"yoast-schema-graph\">{\"@context\":\"https:\\\/\\\/schema.org\",\"@graph\":[{\"@type\":\"WebPage\",\"@id\":\"https:\\\/\\\/lahingupood.ee\\\/toode\\\/speedloader-100-bb-delta-armory-orange\\\/\",\"url\":\"https:\\\/\\\/lahingupood.ee\\\/toode\\\/speedloader-100-bb-delta-armory-orange\\\/\",\"name\":\"Delta Armory Speedloader 100 BB Orange \u2013 salve laadija\",\"isPartOf\":{\"@id\":\"https:\\\/\\\/lahingupood.ee\\\/#website\"},\"primaryImageOfPage\":{\"@id\":\"https:\\\/\\\/lahingupood.ee\\\/toode\\\/speedloader-100-bb-delta-armory-orange\\\/#primaryimage\"},\"image\":{\"@id\":\"https:\\\/\\\/lahingupood.ee\\\/toode\\\/speedloader-100-bb-delta-armory-orange\\\/#primaryimage\"},\"thumbnailUrl\":\"https:\\\/\\\/lahingupood.ee\\\/wp-content\\\/uploads\\\/2026\\\/04\\\/orantz.jpeg\",\"datePublished\":\"2026-04-14T09:15:19+00:00\",\"dateModified\":\"2026-04-17T11:30:05+00:00\",\"description\":\"Delta Armory speedloader 100 BB Orange on kompaktne salve laadija, mis v\u00f5imaldab kiiresti ja mugavalt BB kuule laadida. L\u00e4bipaistev korpus.\",\"breadcrumb\":{\"@id\":\"https:\\\/\\\/lahingupood.ee\\\/toode\\\/speedloader-100-bb-delta-armory-orange\\\/#breadcrumb\"},\"inLanguage\":\"en-GB\",\"potentialAction\":[{\"@type\":\"ReadAction\",\"target\":[\"https:\\\/\\\/lahingupood.ee\\\/toode\\\/speedloader-100-bb-delta-armory-orange\\\/\"]}]},{\"@type\":\"ImageObject\",\"inLanguage\":\"en-GB\",\"@id\":\"https:\\\/\\\/lahingupood.ee\\\/toode\\\/speedloader-100-bb-delta-armory-orange\\\/#primaryimage\",\"url\":\"https:\\\/\\\/lahingupood.ee\\\/wp-content\\\/uploads\\\/2026\\\/04\\\/orantz.jpeg\",\"contentUrl\":\"https:\\\/\\\/lahingupood.ee\\\/wp-content\\\/uploads\\\/2026\\\/04\\\/orantz.jpeg\",\"width\":1920,\"height\":1118,\"caption\":\"Delta Armory speedloader 100 BB Orange salve laadija Airsoft\"},{\"@type\":\"BreadcrumbList\",\"@id\":\"https:\\\/\\\/lahingupood.ee\\\/toode\\\/speedloader-100-bb-delta-armory-orange\\\/#breadcrumb\",\"itemListElement\":[{\"@type\":\"ListItem\",\"position\":1,\"name\":\"Home\",\"item\":\"https:\\\/\\\/lahingupood.ee\\\/\"},{\"@type\":\"ListItem\",\"position\":2,\"name\":\"Tooted\",\"item\":\"https:\\\/\\\/lahingupood.ee\\\/tooted\\\/\"},{\"@type\":\"ListItem\",\"position\":3,\"name\":\"Speedloader 100 BB Delta Armory- Orange\"}]},{\"@type\":\"WebSite\",\"@id\":\"https:\\\/\\\/lahingupood.ee\\\/#website\",\"url\":\"https:\\\/\\\/lahingupood.ee\\\/\",\"name\":\"Lahingurada e-pood\",\"description\":\"Airsoft\",\"publisher\":{\"@id\":\"https:\\\/\\\/lahingupood.ee\\\/#organization\"},\"potentialAction\":[{\"@type\":\"SearchAction\",\"target\":{\"@type\":\"EntryPoint\",\"urlTemplate\":\"https:\\\/\\\/lahingupood.ee\\\/?s={search_term_string}\"},\"query-input\":{\"@type\":\"PropertyValueSpecification\",\"valueRequired\":true,\"valueName\":\"search_term_string\"}}],\"inLanguage\":\"en-GB\"},{\"@type\":\"Organization\",\"@id\":\"https:\\\/\\\/lahingupood.ee\\\/#organization\",\"name\":\"Lahingurada\",\"url\":\"https:\\\/\\\/lahingupood.ee\\\/\",\"logo\":{\"@type\":\"ImageObject\",\"inLanguage\":\"en-GB\",\"@id\":\"https:\\\/\\\/lahingupood.ee\\\/#\\\/schema\\\/logo\\\/image\\\/\",\"url\":\"https:\\\/\\\/lahingupood.ee\\\/wp-content\\\/uploads\\\/2022\\\/03\\\/lahingurada-220318.jpg\",\"contentUrl\":\"https:\\\/\\\/lahingupood.ee\\\/wp-content\\\/uploads\\\/2022\\\/03\\\/lahingurada-220318.jpg\",\"width\":800,\"height\":500,\"caption\":\"Lahingurada\"},\"image\":{\"@id\":\"https:\\\/\\\/lahingupood.ee\\\/#\\\/schema\\\/logo\\\/image\\\/\"},\"sameAs\":[\"https:\\\/\\\/www.facebook.com\\\/Lahingurada-629940247212967\"]}]}<\/script>\n<!-- \/ Yoast SEO Premium plugin. -->","yoast_head_json":{"title":"Delta Armory Speedloader 100 BB Orange \u2013 salve laadija","description":"Delta Armory speedloader 100 BB Orange on kompaktne salve laadija, mis v\u00f5imaldab kiiresti ja mugavalt BB kuule laadida. L\u00e4bipaistev korpus.","robots":{"index":"index","follow":"follow","max-snippet":"max-snippet:-1","max-image-preview":"max-image-preview:large","max-video-preview":"max-video-preview:-1"},"canonical":"https:\/\/lahingupood.ee\/en\/product\/speedloader-100-bb-delta-armory-orange\/","og_locale":"en_GB","og_type":"article","og_title":"Speedloader 100 BB Delta Armory- Orange","og_description":"Delta Armory speedloader 100 BB Orange on kompaktne salve laadija, mis v\u00f5imaldab kiiresti ja mugavalt BB kuule laadida. L\u00e4bipaistev korpus.","og_url":"https:\/\/lahingupood.ee\/en\/product\/speedloader-100-bb-delta-armory-orange\/","og_site_name":"Lahingurada e-pood","article_publisher":"https:\/\/www.facebook.com\/Lahingurada-629940247212967","article_modified_time":"2026-04-17T11:30:05+00:00","og_image":[{"width":1920,"height":1118,"url":"https:\/\/lahingupood.ee\/wp-content\/uploads\/2026\/04\/orantz.jpeg","type":"image\/jpeg"}],"twitter_card":"summary_large_image","twitter_misc":{"Estimated reading time":"1 minute"},"schema":{"@context":"https:\/\/schema.org","@graph":[{"@type":"WebPage","@id":"https:\/\/lahingupood.ee\/toode\/speedloader-100-bb-delta-armory-orange\/","url":"https:\/\/lahingupood.ee\/toode\/speedloader-100-bb-delta-armory-orange\/","name":"Delta Armory Speedloader 100 BB Orange \u2013 salve laadija","isPartOf":{"@id":"https:\/\/lahingupood.ee\/#website"},"primaryImageOfPage":{"@id":"https:\/\/lahingupood.ee\/toode\/speedloader-100-bb-delta-armory-orange\/#primaryimage"},"image":{"@id":"https:\/\/lahingupood.ee\/toode\/speedloader-100-bb-delta-armory-orange\/#primaryimage"},"thumbnailUrl":"https:\/\/lahingupood.ee\/wp-content\/uploads\/2026\/04\/orantz.jpeg","datePublished":"2026-04-14T09:15:19+00:00","dateModified":"2026-04-17T11:30:05+00:00","description":"Delta Armory speedloader 100 BB Orange on kompaktne salve laadija, mis v\u00f5imaldab kiiresti ja mugavalt BB kuule laadida. L\u00e4bipaistev korpus.","breadcrumb":{"@id":"https:\/\/lahingupood.ee\/toode\/speedloader-100-bb-delta-armory-orange\/#breadcrumb"},"inLanguage":"en-GB","potentialAction":[{"@type":"ReadAction","target":["https:\/\/lahingupood.ee\/toode\/speedloader-100-bb-delta-armory-orange\/"]}]},{"@type":"ImageObject","inLanguage":"en-GB","@id":"https:\/\/lahingupood.ee\/toode\/speedloader-100-bb-delta-armory-orange\/#primaryimage","url":"https:\/\/lahingupood.ee\/wp-content\/uploads\/2026\/04\/orantz.jpeg","contentUrl":"https:\/\/lahingupood.ee\/wp-content\/uploads\/2026\/04\/orantz.jpeg","width":1920,"height":1118,"caption":"Delta Armory speedloader 100 BB Orange salve laadija Airsoft"},{"@type":"BreadcrumbList","@id":"https:\/\/lahingupood.ee\/toode\/speedloader-100-bb-delta-armory-orange\/#breadcrumb","itemListElement":[{"@type":"ListItem","position":1,"name":"Home","item":"https:\/\/lahingupood.ee\/"},{"@type":"ListItem","position":2,"name":"Tooted","item":"https:\/\/lahingupood.ee\/tooted\/"},{"@type":"ListItem","position":3,"name":"Speedloader 100 BB Delta Armory- Orange"}]},{"@type":"WebSite","@id":"https:\/\/lahingupood.ee\/#website","url":"https:\/\/lahingupood.ee\/","name":"Lahingurada e-pood","description":"Airsoft","publisher":{"@id":"https:\/\/lahingupood.ee\/#organization"},"potentialAction":[{"@type":"SearchAction","target":{"@type":"EntryPoint","urlTemplate":"https:\/\/lahingupood.ee\/?s={search_term_string}"},"query-input":{"@type":"PropertyValueSpecification","valueRequired":true,"valueName":"search_term_string"}}],"inLanguage":"en-GB"},{"@type":"Organization","@id":"https:\/\/lahingupood.ee\/#organization","name":"Lahingurada","url":"https:\/\/lahingupood.ee\/","logo":{"@type":"ImageObject","inLanguage":"en-GB","@id":"https:\/\/lahingupood.ee\/#\/schema\/logo\/image\/","url":"https:\/\/lahingupood.ee\/wp-content\/uploads\/2022\/03\/lahingurada-220318.jpg","contentUrl":"https:\/\/lahingupood.ee\/wp-content\/uploads\/2022\/03\/lahingurada-220318.jpg","width":800,"height":500,"caption":"Lahingurada"},"image":{"@id":"https:\/\/lahingupood.ee\/#\/schema\/logo\/image\/"},"sameAs":["https:\/\/www.facebook.com\/Lahingurada-629940247212967"]}]}},"_links":{"self":[{"href":"https:\/\/lahingupood.ee\/en\/wp-json\/wp\/v2\/product\/7816","targetHints":{"allow":["GET"]}}],"collection":[{"href":"https:\/\/lahingupood.ee\/en\/wp-json\/wp\/v2\/product"}],"about":[{"href":"https:\/\/lahingupood.ee\/en\/wp-json\/wp\/v2\/types\/product"}],"wp:featuredmedia":[{"embeddable":true,"href":"https:\/\/lahingupood.ee\/en\/wp-json\/wp\/v2\/media\/7817"}],"wp:attachment":[{"href":"https:\/\/lahingupood.ee\/en\/wp-json\/wp\/v2\/media?parent=7816"}],"wp:term":[{"taxonomy":"product_brand","embeddable":true,"href":"https:\/\/lahingupood.ee\/en\/wp-json\/wp\/v2\/product_brand?post=7816"},{"taxonomy":"product_cat","embeddable":true,"href":"https:\/\/lahingupood.ee\/en\/wp-json\/wp\/v2\/product_cat?post=7816"},{"taxonomy":"product_tag","embeddable":true,"href":"https:\/\/lahingupood.ee\/en\/wp-json\/wp\/v2\/product_tag?post=7816"}],"curies":[{"name":"wp","href":"https:\/\/api.w.org\/{rel}","templated":true}]}}