{"id":7752,"date":"2026-03-27T12:37:23","date_gmt":"2026-03-27T10:37:23","guid":{"rendered":"https:\/\/lahingupood.ee\/?post_type=product&#038;p=7752"},"modified":"2026-04-13T21:38:08","modified_gmt":"2026-04-13T18:38:08","slug":"so25-op-honey-badger","status":"publish","type":"product","link":"https:\/\/lahingupood.ee\/en\/product\/so25-op-honey-badger\/","title":{"rendered":"SO25 OP HONEY BADGER"},"content":{"rendered":"<p>OP Honey Badger 2025 patch on eriline hooajaavamise embleem, mis on loodud 2025 aasta \u00fcrituse t\u00e4histamiseks. Tegemist on unikaalse disainiga patchiga, mis sobib ideaalselt Airsoft m\u00e4ngijatele ning kollektsion\u00e4\u00e4ridele, kes hindavad eksklusiivseid ja temaatilisi embleeme.<\/p>","protected":false},"excerpt":{"rendered":"<p>OP Honey Badger 2025 patch on eriline hooajaavamise embleem, mis on loodud 2025 aasta \u00fcrituse t\u00e4histamiseks. Tegemist on unikaalse disainiga patchiga, mis sobib ideaalselt Airsoft m\u00e4ngijatele ning kollektsion\u00e4\u00e4ridele, kes hindavad eksklusiivseid ja temaatilisi embleeme.<\/p>","protected":false},"featured_media":7750,"template":"","meta":[],"product_brand":[],"product_cat":[104],"product_tag":[],"class_list":{"0":"post-7752","1":"product","2":"type-product","3":"status-publish","4":"has-post-thumbnail","6":"product_cat-patchid","8":"first","9":"instock","10":"taxable","11":"shipping-taxable","12":"purchasable","13":"product-type-simple"},"yoast_head":"<!-- This site is optimized with the Yoast SEO Premium plugin v27.4 (Yoast SEO v27.4) - https:\/\/yoast.com\/product\/yoast-seo-premium-wordpress\/ -->\n<title>OP Honey Badger 2025 Patch \u2013 hooajaavamise embleem<\/title>\n<meta name=\"description\" content=\"OP Honey Badger 2025 patch on hooajaavamise embleem, mis sobib Airsoft varustusele ja kollektsioneerimiseks.\" \/>\n<meta name=\"robots\" content=\"index, follow, max-snippet:-1, max-image-preview:large, max-video-preview:-1\" \/>\n<link rel=\"canonical\" href=\"https:\/\/lahingupood.ee\/en\/product\/so25-op-honey-badger\/\" \/>\n<meta property=\"og:locale\" content=\"en_GB\" \/>\n<meta property=\"og:type\" content=\"article\" \/>\n<meta property=\"og:title\" content=\"SO25 OP HONEY BADGER\" \/>\n<meta property=\"og:description\" content=\"OP Honey Badger 2025 patch on hooajaavamise embleem, mis sobib Airsoft varustusele ja kollektsioneerimiseks.\" \/>\n<meta property=\"og:url\" content=\"https:\/\/lahingupood.ee\/en\/product\/so25-op-honey-badger\/\" \/>\n<meta property=\"og:site_name\" content=\"Lahingurada e-pood\" \/>\n<meta property=\"article:publisher\" content=\"https:\/\/www.facebook.com\/Lahingurada-629940247212967\" \/>\n<meta property=\"article:modified_time\" content=\"2026-04-13T18:38:08+00:00\" \/>\n<meta property=\"og:image\" content=\"https:\/\/lahingupood.ee\/wp-content\/uploads\/2022\/03\/lahingurada-220318.jpg\" \/>\n\t<meta property=\"og:image:width\" content=\"800\" \/>\n\t<meta property=\"og:image:height\" content=\"500\" \/>\n\t<meta property=\"og:image:type\" content=\"image\/jpeg\" \/>\n<meta name=\"twitter:card\" content=\"summary_large_image\" \/>\n<meta name=\"twitter:label1\" content=\"Estimated reading time\" \/>\n\t<meta name=\"twitter:data1\" content=\"1 minute\" \/>\n<script type=\"application\/ld+json\" class=\"yoast-schema-graph\">{\"@context\":\"https:\\\/\\\/schema.org\",\"@graph\":[{\"@type\":\"WebPage\",\"@id\":\"https:\\\/\\\/lahingupood.ee\\\/toode\\\/so25-op-honey-badger\\\/\",\"url\":\"https:\\\/\\\/lahingupood.ee\\\/toode\\\/so25-op-honey-badger\\\/\",\"name\":\"OP Honey Badger 2025 Patch \u2013 hooajaavamise embleem\",\"isPartOf\":{\"@id\":\"https:\\\/\\\/lahingupood.ee\\\/#website\"},\"primaryImageOfPage\":{\"@id\":\"https:\\\/\\\/lahingupood.ee\\\/toode\\\/so25-op-honey-badger\\\/#primaryimage\"},\"image\":{\"@id\":\"https:\\\/\\\/lahingupood.ee\\\/toode\\\/so25-op-honey-badger\\\/#primaryimage\"},\"thumbnailUrl\":\"https:\\\/\\\/lahingupood.ee\\\/wp-content\\\/uploads\\\/2026\\\/03\\\/20260327_122138.jpg\",\"datePublished\":\"2026-03-27T10:37:23+00:00\",\"dateModified\":\"2026-04-13T18:38:08+00:00\",\"description\":\"OP Honey Badger 2025 patch on hooajaavamise embleem, mis sobib Airsoft varustusele ja kollektsioneerimiseks.\",\"breadcrumb\":{\"@id\":\"https:\\\/\\\/lahingupood.ee\\\/toode\\\/so25-op-honey-badger\\\/#breadcrumb\"},\"inLanguage\":\"en-GB\",\"potentialAction\":[{\"@type\":\"ReadAction\",\"target\":[\"https:\\\/\\\/lahingupood.ee\\\/toode\\\/so25-op-honey-badger\\\/\"]}]},{\"@type\":\"ImageObject\",\"inLanguage\":\"en-GB\",\"@id\":\"https:\\\/\\\/lahingupood.ee\\\/toode\\\/so25-op-honey-badger\\\/#primaryimage\",\"url\":\"https:\\\/\\\/lahingupood.ee\\\/wp-content\\\/uploads\\\/2026\\\/03\\\/20260327_122138.jpg\",\"contentUrl\":\"https:\\\/\\\/lahingupood.ee\\\/wp-content\\\/uploads\\\/2026\\\/03\\\/20260327_122138.jpg\",\"width\":3000,\"height\":4000,\"caption\":\"OP Honey Badger 2025 patch hooajaavamise embleem takjaalusel\"},{\"@type\":\"BreadcrumbList\",\"@id\":\"https:\\\/\\\/lahingupood.ee\\\/toode\\\/so25-op-honey-badger\\\/#breadcrumb\",\"itemListElement\":[{\"@type\":\"ListItem\",\"position\":1,\"name\":\"Home\",\"item\":\"https:\\\/\\\/lahingupood.ee\\\/\"},{\"@type\":\"ListItem\",\"position\":2,\"name\":\"Tooted\",\"item\":\"https:\\\/\\\/lahingupood.ee\\\/tooted\\\/\"},{\"@type\":\"ListItem\",\"position\":3,\"name\":\"SO25 OP HONEY BADGER\"}]},{\"@type\":\"WebSite\",\"@id\":\"https:\\\/\\\/lahingupood.ee\\\/#website\",\"url\":\"https:\\\/\\\/lahingupood.ee\\\/\",\"name\":\"Lahingurada e-pood\",\"description\":\"Airsoft\",\"publisher\":{\"@id\":\"https:\\\/\\\/lahingupood.ee\\\/#organization\"},\"potentialAction\":[{\"@type\":\"SearchAction\",\"target\":{\"@type\":\"EntryPoint\",\"urlTemplate\":\"https:\\\/\\\/lahingupood.ee\\\/?s={search_term_string}\"},\"query-input\":{\"@type\":\"PropertyValueSpecification\",\"valueRequired\":true,\"valueName\":\"search_term_string\"}}],\"inLanguage\":\"en-GB\"},{\"@type\":\"Organization\",\"@id\":\"https:\\\/\\\/lahingupood.ee\\\/#organization\",\"name\":\"Lahingurada\",\"url\":\"https:\\\/\\\/lahingupood.ee\\\/\",\"logo\":{\"@type\":\"ImageObject\",\"inLanguage\":\"en-GB\",\"@id\":\"https:\\\/\\\/lahingupood.ee\\\/#\\\/schema\\\/logo\\\/image\\\/\",\"url\":\"https:\\\/\\\/lahingupood.ee\\\/wp-content\\\/uploads\\\/2022\\\/03\\\/lahingurada-220318.jpg\",\"contentUrl\":\"https:\\\/\\\/lahingupood.ee\\\/wp-content\\\/uploads\\\/2022\\\/03\\\/lahingurada-220318.jpg\",\"width\":800,\"height\":500,\"caption\":\"Lahingurada\"},\"image\":{\"@id\":\"https:\\\/\\\/lahingupood.ee\\\/#\\\/schema\\\/logo\\\/image\\\/\"},\"sameAs\":[\"https:\\\/\\\/www.facebook.com\\\/Lahingurada-629940247212967\"]}]}<\/script>\n<!-- \/ Yoast SEO Premium plugin. -->","yoast_head_json":{"title":"OP Honey Badger 2025 Patch \u2013 hooajaavamise embleem","description":"OP Honey Badger 2025 patch on hooajaavamise embleem, mis sobib Airsoft varustusele ja kollektsioneerimiseks.","robots":{"index":"index","follow":"follow","max-snippet":"max-snippet:-1","max-image-preview":"max-image-preview:large","max-video-preview":"max-video-preview:-1"},"canonical":"https:\/\/lahingupood.ee\/en\/product\/so25-op-honey-badger\/","og_locale":"en_GB","og_type":"article","og_title":"SO25 OP HONEY BADGER","og_description":"OP Honey Badger 2025 patch on hooajaavamise embleem, mis sobib Airsoft varustusele ja kollektsioneerimiseks.","og_url":"https:\/\/lahingupood.ee\/en\/product\/so25-op-honey-badger\/","og_site_name":"Lahingurada e-pood","article_publisher":"https:\/\/www.facebook.com\/Lahingurada-629940247212967","article_modified_time":"2026-04-13T18:38:08+00:00","og_image":[{"width":800,"height":500,"url":"https:\/\/lahingupood.ee\/wp-content\/uploads\/2022\/03\/lahingurada-220318.jpg","type":"image\/jpeg"}],"twitter_card":"summary_large_image","twitter_misc":{"Estimated reading time":"1 minute"},"schema":{"@context":"https:\/\/schema.org","@graph":[{"@type":"WebPage","@id":"https:\/\/lahingupood.ee\/toode\/so25-op-honey-badger\/","url":"https:\/\/lahingupood.ee\/toode\/so25-op-honey-badger\/","name":"OP Honey Badger 2025 Patch \u2013 hooajaavamise embleem","isPartOf":{"@id":"https:\/\/lahingupood.ee\/#website"},"primaryImageOfPage":{"@id":"https:\/\/lahingupood.ee\/toode\/so25-op-honey-badger\/#primaryimage"},"image":{"@id":"https:\/\/lahingupood.ee\/toode\/so25-op-honey-badger\/#primaryimage"},"thumbnailUrl":"https:\/\/lahingupood.ee\/wp-content\/uploads\/2026\/03\/20260327_122138.jpg","datePublished":"2026-03-27T10:37:23+00:00","dateModified":"2026-04-13T18:38:08+00:00","description":"OP Honey Badger 2025 patch on hooajaavamise embleem, mis sobib Airsoft varustusele ja kollektsioneerimiseks.","breadcrumb":{"@id":"https:\/\/lahingupood.ee\/toode\/so25-op-honey-badger\/#breadcrumb"},"inLanguage":"en-GB","potentialAction":[{"@type":"ReadAction","target":["https:\/\/lahingupood.ee\/toode\/so25-op-honey-badger\/"]}]},{"@type":"ImageObject","inLanguage":"en-GB","@id":"https:\/\/lahingupood.ee\/toode\/so25-op-honey-badger\/#primaryimage","url":"https:\/\/lahingupood.ee\/wp-content\/uploads\/2026\/03\/20260327_122138.jpg","contentUrl":"https:\/\/lahingupood.ee\/wp-content\/uploads\/2026\/03\/20260327_122138.jpg","width":3000,"height":4000,"caption":"OP Honey Badger 2025 patch hooajaavamise embleem takjaalusel"},{"@type":"BreadcrumbList","@id":"https:\/\/lahingupood.ee\/toode\/so25-op-honey-badger\/#breadcrumb","itemListElement":[{"@type":"ListItem","position":1,"name":"Home","item":"https:\/\/lahingupood.ee\/"},{"@type":"ListItem","position":2,"name":"Tooted","item":"https:\/\/lahingupood.ee\/tooted\/"},{"@type":"ListItem","position":3,"name":"SO25 OP HONEY BADGER"}]},{"@type":"WebSite","@id":"https:\/\/lahingupood.ee\/#website","url":"https:\/\/lahingupood.ee\/","name":"Lahingurada e-pood","description":"Airsoft","publisher":{"@id":"https:\/\/lahingupood.ee\/#organization"},"potentialAction":[{"@type":"SearchAction","target":{"@type":"EntryPoint","urlTemplate":"https:\/\/lahingupood.ee\/?s={search_term_string}"},"query-input":{"@type":"PropertyValueSpecification","valueRequired":true,"valueName":"search_term_string"}}],"inLanguage":"en-GB"},{"@type":"Organization","@id":"https:\/\/lahingupood.ee\/#organization","name":"Lahingurada","url":"https:\/\/lahingupood.ee\/","logo":{"@type":"ImageObject","inLanguage":"en-GB","@id":"https:\/\/lahingupood.ee\/#\/schema\/logo\/image\/","url":"https:\/\/lahingupood.ee\/wp-content\/uploads\/2022\/03\/lahingurada-220318.jpg","contentUrl":"https:\/\/lahingupood.ee\/wp-content\/uploads\/2022\/03\/lahingurada-220318.jpg","width":800,"height":500,"caption":"Lahingurada"},"image":{"@id":"https:\/\/lahingupood.ee\/#\/schema\/logo\/image\/"},"sameAs":["https:\/\/www.facebook.com\/Lahingurada-629940247212967"]}]}},"_links":{"self":[{"href":"https:\/\/lahingupood.ee\/en\/wp-json\/wp\/v2\/product\/7752","targetHints":{"allow":["GET"]}}],"collection":[{"href":"https:\/\/lahingupood.ee\/en\/wp-json\/wp\/v2\/product"}],"about":[{"href":"https:\/\/lahingupood.ee\/en\/wp-json\/wp\/v2\/types\/product"}],"wp:featuredmedia":[{"embeddable":true,"href":"https:\/\/lahingupood.ee\/en\/wp-json\/wp\/v2\/media\/7750"}],"wp:attachment":[{"href":"https:\/\/lahingupood.ee\/en\/wp-json\/wp\/v2\/media?parent=7752"}],"wp:term":[{"taxonomy":"product_brand","embeddable":true,"href":"https:\/\/lahingupood.ee\/en\/wp-json\/wp\/v2\/product_brand?post=7752"},{"taxonomy":"product_cat","embeddable":true,"href":"https:\/\/lahingupood.ee\/en\/wp-json\/wp\/v2\/product_cat?post=7752"},{"taxonomy":"product_tag","embeddable":true,"href":"https:\/\/lahingupood.ee\/en\/wp-json\/wp\/v2\/product_tag?post=7752"}],"curies":[{"name":"wp","href":"https:\/\/api.w.org\/{rel}","templated":true}]}}