{"id":7743,"date":"2026-03-17T14:28:41","date_gmt":"2026-03-17T12:28:41","guid":{"rendered":"https:\/\/lahingupood.ee\/?post_type=product&#038;p=7743"},"modified":"2026-04-20T19:16:46","modified_gmt":"2026-04-20T16:16:46","slug":"mauser-co2-kasutatud","status":"publish","type":"product","link":"https:\/\/lahingupood.ee\/en\/product\/mauser-co2-kasutatud\/","title":{"rendered":"Mauser CO2 (Kasutatud)"},"content":{"rendered":"<p>Mauser CO2 airsoft pistol used viitab kasutatud CO2-ga t\u00f6\u00f6tavatele Airsoft p\u00fcstolitele, mis p\u00f5hinevad klassikalistel Mauseri disainidel, eelk\u00f5ige C96 \u201cBroomhandle\u201d v\u00f5i M712 Schnellfeuer variantidel. Need mudelid on populaarsed nii kollektsion\u00e4\u00e4ride kui ka Airsoft m\u00e4ngijate seas t\u00e4nu oma unikaalsele v\u00e4limusele ja realistlikule ehitusele.<\/p>\n<p>Olemas \u00fcksiklask ja valang. V\u00e4ljalaske v\u00f5imsus umbes 2J.<\/p>\n<p>!!! ESINEB T\u00d5RGE. ESIMESE LASUGA TULEB SALVE ALL KINNI HOIDA MUIDU KUKUB SALV V\u00c4LJA. EDASI PROBLEEMI POLE !!!<\/p>","protected":false},"excerpt":{"rendered":"<p>Mauser CO2 airsoft pistol used viitab kasutatud CO2-ga t\u00f6\u00f6tavatele Airsoft p\u00fcstolitele, mis p\u00f5hinevad klassikalistel Mauseri disainidel, eelk\u00f5ige C96 \u201cBroomhandle\u201d v\u00f5i M712 Schnellfeuer variantidel. Need mudelid on populaarsed nii kollektsion\u00e4\u00e4ride kui ka Airsoft m\u00e4ngijate seas t\u00e4nu oma unikaalsele v\u00e4limusele ja realistlikule ehitusele. Olemas \u00fcksiklask ja valang. V\u00e4ljalaske v\u00f5imsus umbes 2J. !!! ESINEB T\u00d5RGE. ESIMESE LASUGA TULEB [&#8230;]\n","protected":false},"featured_media":7737,"template":"","meta":[],"product_brand":[],"product_cat":[219,102,77],"product_tag":[],"class_list":{"0":"post-7743","1":"product","2":"type-product","3":"status-publish","4":"has-post-thumbnail","6":"product_cat-kasutatud","7":"product_cat-komisjonimuuk","8":"product_cat-sooduspakkumised","10":"first","11":"instock","12":"sale","13":"sold-individually","14":"taxable","15":"shipping-taxable","16":"purchasable","17":"product-type-simple"},"yoast_head":"<!-- This site is optimized with the Yoast SEO Premium plugin v27.5 (Yoast SEO v27.5) - https:\/\/yoast.com\/product\/yoast-seo-premium-wordpress\/ -->\n<title>Mauser CO2 Airsoft Pistol Used \u2013 KWC \/ C96 t\u00fc\u00fcpi CO2 relv<\/title>\n<meta name=\"description\" content=\"Mauser CO2 airsoft pistol used on CO2-ga t\u00f6\u00f6tav Airsoft replika, tavaliselt KWC C96\/M712 t\u00fc\u00fcpi mudel, tuntud tugeva blowbacki ja metallkonstruktsiooni poolest.\" \/>\n<meta name=\"robots\" content=\"index, follow, max-snippet:-1, max-image-preview:large, max-video-preview:-1\" \/>\n<link rel=\"canonical\" href=\"https:\/\/lahingupood.ee\/en\/product\/mauser-co2-kasutatud\/\" \/>\n<meta property=\"og:locale\" content=\"en_GB\" \/>\n<meta property=\"og:type\" content=\"article\" \/>\n<meta property=\"og:title\" content=\"Mauser CO2 (Kasutatud)\" \/>\n<meta property=\"og:description\" content=\"Mauser CO2 airsoft pistol used on CO2-ga t\u00f6\u00f6tav Airsoft replika, tavaliselt KWC C96\/M712 t\u00fc\u00fcpi mudel, tuntud tugeva blowbacki ja metallkonstruktsiooni poolest.\" \/>\n<meta property=\"og:url\" content=\"https:\/\/lahingupood.ee\/en\/product\/mauser-co2-kasutatud\/\" \/>\n<meta property=\"og:site_name\" content=\"Lahingurada e-pood\" \/>\n<meta property=\"article:publisher\" content=\"https:\/\/www.facebook.com\/Lahingurada-629940247212967\" \/>\n<meta property=\"article:modified_time\" content=\"2026-04-20T16:16:46+00:00\" \/>\n<meta property=\"og:image\" content=\"https:\/\/lahingupood.ee\/wp-content\/uploads\/2022\/03\/lahingurada-220318.jpg\" \/>\n\t<meta property=\"og:image:width\" content=\"800\" \/>\n\t<meta property=\"og:image:height\" content=\"500\" \/>\n\t<meta property=\"og:image:type\" content=\"image\/jpeg\" \/>\n<meta name=\"twitter:card\" content=\"summary_large_image\" \/>\n<meta name=\"twitter:label1\" content=\"Estimated reading time\" \/>\n\t<meta name=\"twitter:data1\" content=\"1 minute\" \/>\n<script type=\"application\/ld+json\" class=\"yoast-schema-graph\">{\"@context\":\"https:\\\/\\\/schema.org\",\"@graph\":[{\"@type\":\"WebPage\",\"@id\":\"https:\\\/\\\/lahingupood.ee\\\/toode\\\/mauser-co2-kasutatud\\\/\",\"url\":\"https:\\\/\\\/lahingupood.ee\\\/toode\\\/mauser-co2-kasutatud\\\/\",\"name\":\"Mauser CO2 Airsoft Pistol Used \u2013 KWC \\\/ C96 t\u00fc\u00fcpi CO2 relv\",\"isPartOf\":{\"@id\":\"https:\\\/\\\/lahingupood.ee\\\/#website\"},\"primaryImageOfPage\":{\"@id\":\"https:\\\/\\\/lahingupood.ee\\\/toode\\\/mauser-co2-kasutatud\\\/#primaryimage\"},\"image\":{\"@id\":\"https:\\\/\\\/lahingupood.ee\\\/toode\\\/mauser-co2-kasutatud\\\/#primaryimage\"},\"thumbnailUrl\":\"https:\\\/\\\/lahingupood.ee\\\/wp-content\\\/uploads\\\/2026\\\/03\\\/20260317_135533-e1773750512999.jpg\",\"datePublished\":\"2026-03-17T12:28:41+00:00\",\"dateModified\":\"2026-04-20T16:16:46+00:00\",\"description\":\"Mauser CO2 airsoft pistol used on CO2-ga t\u00f6\u00f6tav Airsoft replika, tavaliselt KWC C96\\\/M712 t\u00fc\u00fcpi mudel, tuntud tugeva blowbacki ja metallkonstruktsiooni poolest.\",\"breadcrumb\":{\"@id\":\"https:\\\/\\\/lahingupood.ee\\\/toode\\\/mauser-co2-kasutatud\\\/#breadcrumb\"},\"inLanguage\":\"en-GB\",\"potentialAction\":[{\"@type\":\"ReadAction\",\"target\":[\"https:\\\/\\\/lahingupood.ee\\\/toode\\\/mauser-co2-kasutatud\\\/\"]}]},{\"@type\":\"ImageObject\",\"inLanguage\":\"en-GB\",\"@id\":\"https:\\\/\\\/lahingupood.ee\\\/toode\\\/mauser-co2-kasutatud\\\/#primaryimage\",\"url\":\"https:\\\/\\\/lahingupood.ee\\\/wp-content\\\/uploads\\\/2026\\\/03\\\/20260317_135533-e1773750512999.jpg\",\"contentUrl\":\"https:\\\/\\\/lahingupood.ee\\\/wp-content\\\/uploads\\\/2026\\\/03\\\/20260317_135533-e1773750512999.jpg\",\"width\":1920,\"height\":1440,\"caption\":\"Mauser CO2 airsoft pistol used KWC C96 M712 metallist CO2 Airsoft p\u00fcstol\"},{\"@type\":\"BreadcrumbList\",\"@id\":\"https:\\\/\\\/lahingupood.ee\\\/toode\\\/mauser-co2-kasutatud\\\/#breadcrumb\",\"itemListElement\":[{\"@type\":\"ListItem\",\"position\":1,\"name\":\"Home\",\"item\":\"https:\\\/\\\/lahingupood.ee\\\/\"},{\"@type\":\"ListItem\",\"position\":2,\"name\":\"Tooted\",\"item\":\"https:\\\/\\\/lahingupood.ee\\\/tooted\\\/\"},{\"@type\":\"ListItem\",\"position\":3,\"name\":\"Mauser CO2 (Kasutatud)\"}]},{\"@type\":\"WebSite\",\"@id\":\"https:\\\/\\\/lahingupood.ee\\\/#website\",\"url\":\"https:\\\/\\\/lahingupood.ee\\\/\",\"name\":\"Lahingurada e-pood\",\"description\":\"Airsoft\",\"publisher\":{\"@id\":\"https:\\\/\\\/lahingupood.ee\\\/#organization\"},\"potentialAction\":[{\"@type\":\"SearchAction\",\"target\":{\"@type\":\"EntryPoint\",\"urlTemplate\":\"https:\\\/\\\/lahingupood.ee\\\/?s={search_term_string}\"},\"query-input\":{\"@type\":\"PropertyValueSpecification\",\"valueRequired\":true,\"valueName\":\"search_term_string\"}}],\"inLanguage\":\"en-GB\"},{\"@type\":\"Organization\",\"@id\":\"https:\\\/\\\/lahingupood.ee\\\/#organization\",\"name\":\"Lahingurada\",\"url\":\"https:\\\/\\\/lahingupood.ee\\\/\",\"logo\":{\"@type\":\"ImageObject\",\"inLanguage\":\"en-GB\",\"@id\":\"https:\\\/\\\/lahingupood.ee\\\/#\\\/schema\\\/logo\\\/image\\\/\",\"url\":\"https:\\\/\\\/lahingupood.ee\\\/wp-content\\\/uploads\\\/2022\\\/03\\\/lahingurada-220318.jpg\",\"contentUrl\":\"https:\\\/\\\/lahingupood.ee\\\/wp-content\\\/uploads\\\/2022\\\/03\\\/lahingurada-220318.jpg\",\"width\":800,\"height\":500,\"caption\":\"Lahingurada\"},\"image\":{\"@id\":\"https:\\\/\\\/lahingupood.ee\\\/#\\\/schema\\\/logo\\\/image\\\/\"},\"sameAs\":[\"https:\\\/\\\/www.facebook.com\\\/Lahingurada-629940247212967\"]}]}<\/script>\n<!-- \/ Yoast SEO Premium plugin. -->","yoast_head_json":{"title":"Mauser CO2 Airsoft Pistol Used \u2013 KWC \/ C96 t\u00fc\u00fcpi CO2 relv","description":"Mauser CO2 airsoft pistol used on CO2-ga t\u00f6\u00f6tav Airsoft replika, tavaliselt KWC C96\/M712 t\u00fc\u00fcpi mudel, tuntud tugeva blowbacki ja metallkonstruktsiooni poolest.","robots":{"index":"index","follow":"follow","max-snippet":"max-snippet:-1","max-image-preview":"max-image-preview:large","max-video-preview":"max-video-preview:-1"},"canonical":"https:\/\/lahingupood.ee\/en\/product\/mauser-co2-kasutatud\/","og_locale":"en_GB","og_type":"article","og_title":"Mauser CO2 (Kasutatud)","og_description":"Mauser CO2 airsoft pistol used on CO2-ga t\u00f6\u00f6tav Airsoft replika, tavaliselt KWC C96\/M712 t\u00fc\u00fcpi mudel, tuntud tugeva blowbacki ja metallkonstruktsiooni poolest.","og_url":"https:\/\/lahingupood.ee\/en\/product\/mauser-co2-kasutatud\/","og_site_name":"Lahingurada e-pood","article_publisher":"https:\/\/www.facebook.com\/Lahingurada-629940247212967","article_modified_time":"2026-04-20T16:16:46+00:00","og_image":[{"width":800,"height":500,"url":"https:\/\/lahingupood.ee\/wp-content\/uploads\/2022\/03\/lahingurada-220318.jpg","type":"image\/jpeg"}],"twitter_card":"summary_large_image","twitter_misc":{"Estimated reading time":"1 minute"},"schema":{"@context":"https:\/\/schema.org","@graph":[{"@type":"WebPage","@id":"https:\/\/lahingupood.ee\/toode\/mauser-co2-kasutatud\/","url":"https:\/\/lahingupood.ee\/toode\/mauser-co2-kasutatud\/","name":"Mauser CO2 Airsoft Pistol Used \u2013 KWC \/ C96 t\u00fc\u00fcpi CO2 relv","isPartOf":{"@id":"https:\/\/lahingupood.ee\/#website"},"primaryImageOfPage":{"@id":"https:\/\/lahingupood.ee\/toode\/mauser-co2-kasutatud\/#primaryimage"},"image":{"@id":"https:\/\/lahingupood.ee\/toode\/mauser-co2-kasutatud\/#primaryimage"},"thumbnailUrl":"https:\/\/lahingupood.ee\/wp-content\/uploads\/2026\/03\/20260317_135533-e1773750512999.jpg","datePublished":"2026-03-17T12:28:41+00:00","dateModified":"2026-04-20T16:16:46+00:00","description":"Mauser CO2 airsoft pistol used on CO2-ga t\u00f6\u00f6tav Airsoft replika, tavaliselt KWC C96\/M712 t\u00fc\u00fcpi mudel, tuntud tugeva blowbacki ja metallkonstruktsiooni poolest.","breadcrumb":{"@id":"https:\/\/lahingupood.ee\/toode\/mauser-co2-kasutatud\/#breadcrumb"},"inLanguage":"en-GB","potentialAction":[{"@type":"ReadAction","target":["https:\/\/lahingupood.ee\/toode\/mauser-co2-kasutatud\/"]}]},{"@type":"ImageObject","inLanguage":"en-GB","@id":"https:\/\/lahingupood.ee\/toode\/mauser-co2-kasutatud\/#primaryimage","url":"https:\/\/lahingupood.ee\/wp-content\/uploads\/2026\/03\/20260317_135533-e1773750512999.jpg","contentUrl":"https:\/\/lahingupood.ee\/wp-content\/uploads\/2026\/03\/20260317_135533-e1773750512999.jpg","width":1920,"height":1440,"caption":"Mauser CO2 airsoft pistol used KWC C96 M712 metallist CO2 Airsoft p\u00fcstol"},{"@type":"BreadcrumbList","@id":"https:\/\/lahingupood.ee\/toode\/mauser-co2-kasutatud\/#breadcrumb","itemListElement":[{"@type":"ListItem","position":1,"name":"Home","item":"https:\/\/lahingupood.ee\/"},{"@type":"ListItem","position":2,"name":"Tooted","item":"https:\/\/lahingupood.ee\/tooted\/"},{"@type":"ListItem","position":3,"name":"Mauser CO2 (Kasutatud)"}]},{"@type":"WebSite","@id":"https:\/\/lahingupood.ee\/#website","url":"https:\/\/lahingupood.ee\/","name":"Lahingurada e-pood","description":"Airsoft","publisher":{"@id":"https:\/\/lahingupood.ee\/#organization"},"potentialAction":[{"@type":"SearchAction","target":{"@type":"EntryPoint","urlTemplate":"https:\/\/lahingupood.ee\/?s={search_term_string}"},"query-input":{"@type":"PropertyValueSpecification","valueRequired":true,"valueName":"search_term_string"}}],"inLanguage":"en-GB"},{"@type":"Organization","@id":"https:\/\/lahingupood.ee\/#organization","name":"Lahingurada","url":"https:\/\/lahingupood.ee\/","logo":{"@type":"ImageObject","inLanguage":"en-GB","@id":"https:\/\/lahingupood.ee\/#\/schema\/logo\/image\/","url":"https:\/\/lahingupood.ee\/wp-content\/uploads\/2022\/03\/lahingurada-220318.jpg","contentUrl":"https:\/\/lahingupood.ee\/wp-content\/uploads\/2022\/03\/lahingurada-220318.jpg","width":800,"height":500,"caption":"Lahingurada"},"image":{"@id":"https:\/\/lahingupood.ee\/#\/schema\/logo\/image\/"},"sameAs":["https:\/\/www.facebook.com\/Lahingurada-629940247212967"]}]}},"_links":{"self":[{"href":"https:\/\/lahingupood.ee\/en\/wp-json\/wp\/v2\/product\/7743","targetHints":{"allow":["GET"]}}],"collection":[{"href":"https:\/\/lahingupood.ee\/en\/wp-json\/wp\/v2\/product"}],"about":[{"href":"https:\/\/lahingupood.ee\/en\/wp-json\/wp\/v2\/types\/product"}],"wp:featuredmedia":[{"embeddable":true,"href":"https:\/\/lahingupood.ee\/en\/wp-json\/wp\/v2\/media\/7737"}],"wp:attachment":[{"href":"https:\/\/lahingupood.ee\/en\/wp-json\/wp\/v2\/media?parent=7743"}],"wp:term":[{"taxonomy":"product_brand","embeddable":true,"href":"https:\/\/lahingupood.ee\/en\/wp-json\/wp\/v2\/product_brand?post=7743"},{"taxonomy":"product_cat","embeddable":true,"href":"https:\/\/lahingupood.ee\/en\/wp-json\/wp\/v2\/product_cat?post=7743"},{"taxonomy":"product_tag","embeddable":true,"href":"https:\/\/lahingupood.ee\/en\/wp-json\/wp\/v2\/product_tag?post=7743"}],"curies":[{"name":"wp","href":"https:\/\/api.w.org\/{rel}","templated":true}]}}