{"id":7742,"date":"2026-03-17T14:23:55","date_gmt":"2026-03-17T12:23:55","guid":{"rendered":"https:\/\/lahingupood.ee\/?post_type=product&#038;p=7742"},"modified":"2026-04-08T19:41:38","modified_gmt":"2026-04-08T16:41:38","slug":"ak-s74-kasutatud","status":"publish","type":"product","link":"https:\/\/lahingupood.ee\/en\/product\/ak-s74-kasutatud\/","title":{"rendered":"AK S74 (Kasutatud)"},"content":{"rendered":"<p>AK on t\u00e4ielikult tuunitud. K\u00fcljes on \u00f5huke realtouch bakelite k\u00e4epide, mille sees on \u00f5huke ultra high torque mootor.<\/p>\n<p>Tugevdatud sisu (kolb, kolvipea, hammakad). Combat Union hopup kamber ja nozzle. Lisaks Maple leaf hopi kumm.<\/p>\n<p>Laseb 1,6J ja sees on M100 vedru. Pannes sisse M130 vedru annab see v\u00e4lja 2,2J ja on kiiresti tehtav DMRiks.<\/p>\n<p>Kaasas 6 bakelit v\u00e4rvi salve.<\/p>\n<p>AKU JA LAADIJA KAASA EI TULE!<\/p>","protected":false},"excerpt":{"rendered":"<p>AK on t\u00e4ielikult tuunitud. K\u00fcljes on \u00f5huke realtouch bakelite k\u00e4epide, mille sees on \u00f5huke ultra high torque mootor. Tugevdatud sisu (kolb, kolvipea, hammakad). Combat Union hopup kamber ja nozzle. Lisaks Maple leaf hopi kumm. Laseb 1,6J ja sees on M100 vedru. Pannes sisse M130 vedru annab see v\u00e4lja 2,2J ja on kiiresti tehtav DMRiks. Kaasas [&#8230;]\n","protected":false},"featured_media":7738,"template":"","meta":[],"product_brand":[],"product_cat":[219,102],"product_tag":[],"class_list":{"0":"post-7742","1":"product","2":"type-product","3":"status-publish","4":"has-post-thumbnail","6":"product_cat-kasutatud","7":"product_cat-komisjonimuuk","9":"first","10":"instock","11":"sold-individually","12":"taxable","13":"shipping-taxable","14":"purchasable","15":"product-type-simple"},"yoast_head":"<!-- This site is optimized with the Yoast SEO Premium plugin v27.3 (Yoast SEO v27.3) - https:\/\/yoast.com\/product\/yoast-seo-premium-wordpress\/ -->\n<title>AK S74 (Kasutatud) - Lahingurada e-pood<\/title>\n<meta name=\"description\" content=\"AK on t\u00e4ielikult tuunitud. K\u00fcljes on \u00f5huke realtouch bakelite k\u00e4epide, mille sees on \u00f5huke ultra high torque mootor.Tugevdatud sisu (kolb, kolvipea, hammaka\" \/>\n<meta name=\"robots\" content=\"index, follow, max-snippet:-1, max-image-preview:large, max-video-preview:-1\" \/>\n<link rel=\"canonical\" href=\"https:\/\/lahingupood.ee\/en\/product\/ak-s74-kasutatud\/\" \/>\n<meta property=\"og:locale\" content=\"en_GB\" \/>\n<meta property=\"og:type\" content=\"article\" \/>\n<meta property=\"og:title\" content=\"AK S74 (Kasutatud)\" \/>\n<meta property=\"og:description\" content=\"AK on t\u00e4ielikult tuunitud. K\u00fcljes on \u00f5huke realtouch bakelite k\u00e4epide, mille sees on \u00f5huke ultra high torque mootor.Tugevdatud sisu (kolb, kolvipea, hammaka\" \/>\n<meta property=\"og:url\" content=\"https:\/\/lahingupood.ee\/en\/product\/ak-s74-kasutatud\/\" \/>\n<meta property=\"og:site_name\" content=\"Lahingurada e-pood\" \/>\n<meta property=\"article:publisher\" content=\"https:\/\/www.facebook.com\/Lahingurada-629940247212967\" \/>\n<meta property=\"article:modified_time\" content=\"2026-04-08T16:41:38+00:00\" \/>\n<meta property=\"og:image\" content=\"https:\/\/lahingupood.ee\/wp-content\/uploads\/2022\/03\/lahingurada-220318.jpg\" \/>\n\t<meta property=\"og:image:width\" content=\"800\" \/>\n\t<meta property=\"og:image:height\" content=\"500\" \/>\n\t<meta property=\"og:image:type\" content=\"image\/jpeg\" \/>\n<meta name=\"twitter:card\" content=\"summary_large_image\" \/>\n<meta name=\"twitter:label1\" content=\"Estimated reading time\" \/>\n\t<meta name=\"twitter:data1\" content=\"1 minute\" \/>\n<script type=\"application\/ld+json\" class=\"yoast-schema-graph\">{\"@context\":\"https:\\\/\\\/schema.org\",\"@graph\":[{\"@type\":\"WebPage\",\"@id\":\"https:\\\/\\\/lahingupood.ee\\\/toode\\\/ak-s74-kasutatud\\\/\",\"url\":\"https:\\\/\\\/lahingupood.ee\\\/toode\\\/ak-s74-kasutatud\\\/\",\"name\":\"AK S74 (Kasutatud) - Lahingurada e-pood\",\"isPartOf\":{\"@id\":\"https:\\\/\\\/lahingupood.ee\\\/#website\"},\"primaryImageOfPage\":{\"@id\":\"https:\\\/\\\/lahingupood.ee\\\/toode\\\/ak-s74-kasutatud\\\/#primaryimage\"},\"image\":{\"@id\":\"https:\\\/\\\/lahingupood.ee\\\/toode\\\/ak-s74-kasutatud\\\/#primaryimage\"},\"thumbnailUrl\":\"https:\\\/\\\/lahingupood.ee\\\/wp-content\\\/uploads\\\/2026\\\/03\\\/20260317_135403-e1773749788424.jpg\",\"datePublished\":\"2026-03-17T12:23:55+00:00\",\"dateModified\":\"2026-04-08T16:41:38+00:00\",\"description\":\"AK on t\u00e4ielikult tuunitud. K\u00fcljes on \u00f5huke realtouch bakelite k\u00e4epide, mille sees on \u00f5huke ultra high torque mootor.Tugevdatud sisu (kolb, kolvipea, hammaka\",\"breadcrumb\":{\"@id\":\"https:\\\/\\\/lahingupood.ee\\\/toode\\\/ak-s74-kasutatud\\\/#breadcrumb\"},\"inLanguage\":\"en-GB\",\"potentialAction\":[{\"@type\":\"ReadAction\",\"target\":[\"https:\\\/\\\/lahingupood.ee\\\/toode\\\/ak-s74-kasutatud\\\/\"]}]},{\"@type\":\"ImageObject\",\"inLanguage\":\"en-GB\",\"@id\":\"https:\\\/\\\/lahingupood.ee\\\/toode\\\/ak-s74-kasutatud\\\/#primaryimage\",\"url\":\"https:\\\/\\\/lahingupood.ee\\\/wp-content\\\/uploads\\\/2026\\\/03\\\/20260317_135403-e1773749788424.jpg\",\"contentUrl\":\"https:\\\/\\\/lahingupood.ee\\\/wp-content\\\/uploads\\\/2026\\\/03\\\/20260317_135403-e1773749788424.jpg\",\"width\":1920,\"height\":1188},{\"@type\":\"BreadcrumbList\",\"@id\":\"https:\\\/\\\/lahingupood.ee\\\/toode\\\/ak-s74-kasutatud\\\/#breadcrumb\",\"itemListElement\":[{\"@type\":\"ListItem\",\"position\":1,\"name\":\"Home\",\"item\":\"https:\\\/\\\/lahingupood.ee\\\/\"},{\"@type\":\"ListItem\",\"position\":2,\"name\":\"Tooted\",\"item\":\"https:\\\/\\\/lahingupood.ee\\\/tooted\\\/\"},{\"@type\":\"ListItem\",\"position\":3,\"name\":\"AK S74 (Kasutatud)\"}]},{\"@type\":\"WebSite\",\"@id\":\"https:\\\/\\\/lahingupood.ee\\\/#website\",\"url\":\"https:\\\/\\\/lahingupood.ee\\\/\",\"name\":\"Lahingurada e-pood\",\"description\":\"Airsoft\",\"publisher\":{\"@id\":\"https:\\\/\\\/lahingupood.ee\\\/#organization\"},\"potentialAction\":[{\"@type\":\"SearchAction\",\"target\":{\"@type\":\"EntryPoint\",\"urlTemplate\":\"https:\\\/\\\/lahingupood.ee\\\/?s={search_term_string}\"},\"query-input\":{\"@type\":\"PropertyValueSpecification\",\"valueRequired\":true,\"valueName\":\"search_term_string\"}}],\"inLanguage\":\"en-GB\"},{\"@type\":\"Organization\",\"@id\":\"https:\\\/\\\/lahingupood.ee\\\/#organization\",\"name\":\"Lahingurada\",\"url\":\"https:\\\/\\\/lahingupood.ee\\\/\",\"logo\":{\"@type\":\"ImageObject\",\"inLanguage\":\"en-GB\",\"@id\":\"https:\\\/\\\/lahingupood.ee\\\/#\\\/schema\\\/logo\\\/image\\\/\",\"url\":\"https:\\\/\\\/lahingupood.ee\\\/wp-content\\\/uploads\\\/2022\\\/03\\\/lahingurada-220318.jpg\",\"contentUrl\":\"https:\\\/\\\/lahingupood.ee\\\/wp-content\\\/uploads\\\/2022\\\/03\\\/lahingurada-220318.jpg\",\"width\":800,\"height\":500,\"caption\":\"Lahingurada\"},\"image\":{\"@id\":\"https:\\\/\\\/lahingupood.ee\\\/#\\\/schema\\\/logo\\\/image\\\/\"},\"sameAs\":[\"https:\\\/\\\/www.facebook.com\\\/Lahingurada-629940247212967\"]}]}<\/script>\n<!-- \/ Yoast SEO Premium plugin. -->","yoast_head_json":{"title":"AK S74 (Kasutatud) - Lahingurada e-pood","description":"AK on t\u00e4ielikult tuunitud. K\u00fcljes on \u00f5huke realtouch bakelite k\u00e4epide, mille sees on \u00f5huke ultra high torque mootor.Tugevdatud sisu (kolb, kolvipea, hammaka","robots":{"index":"index","follow":"follow","max-snippet":"max-snippet:-1","max-image-preview":"max-image-preview:large","max-video-preview":"max-video-preview:-1"},"canonical":"https:\/\/lahingupood.ee\/en\/product\/ak-s74-kasutatud\/","og_locale":"en_GB","og_type":"article","og_title":"AK S74 (Kasutatud)","og_description":"AK on t\u00e4ielikult tuunitud. K\u00fcljes on \u00f5huke realtouch bakelite k\u00e4epide, mille sees on \u00f5huke ultra high torque mootor.Tugevdatud sisu (kolb, kolvipea, hammaka","og_url":"https:\/\/lahingupood.ee\/en\/product\/ak-s74-kasutatud\/","og_site_name":"Lahingurada e-pood","article_publisher":"https:\/\/www.facebook.com\/Lahingurada-629940247212967","article_modified_time":"2026-04-08T16:41:38+00:00","og_image":[{"width":800,"height":500,"url":"https:\/\/lahingupood.ee\/wp-content\/uploads\/2022\/03\/lahingurada-220318.jpg","type":"image\/jpeg"}],"twitter_card":"summary_large_image","twitter_misc":{"Estimated reading time":"1 minute"},"schema":{"@context":"https:\/\/schema.org","@graph":[{"@type":"WebPage","@id":"https:\/\/lahingupood.ee\/toode\/ak-s74-kasutatud\/","url":"https:\/\/lahingupood.ee\/toode\/ak-s74-kasutatud\/","name":"AK S74 (Kasutatud) - Lahingurada e-pood","isPartOf":{"@id":"https:\/\/lahingupood.ee\/#website"},"primaryImageOfPage":{"@id":"https:\/\/lahingupood.ee\/toode\/ak-s74-kasutatud\/#primaryimage"},"image":{"@id":"https:\/\/lahingupood.ee\/toode\/ak-s74-kasutatud\/#primaryimage"},"thumbnailUrl":"https:\/\/lahingupood.ee\/wp-content\/uploads\/2026\/03\/20260317_135403-e1773749788424.jpg","datePublished":"2026-03-17T12:23:55+00:00","dateModified":"2026-04-08T16:41:38+00:00","description":"AK on t\u00e4ielikult tuunitud. K\u00fcljes on \u00f5huke realtouch bakelite k\u00e4epide, mille sees on \u00f5huke ultra high torque mootor.Tugevdatud sisu (kolb, kolvipea, hammaka","breadcrumb":{"@id":"https:\/\/lahingupood.ee\/toode\/ak-s74-kasutatud\/#breadcrumb"},"inLanguage":"en-GB","potentialAction":[{"@type":"ReadAction","target":["https:\/\/lahingupood.ee\/toode\/ak-s74-kasutatud\/"]}]},{"@type":"ImageObject","inLanguage":"en-GB","@id":"https:\/\/lahingupood.ee\/toode\/ak-s74-kasutatud\/#primaryimage","url":"https:\/\/lahingupood.ee\/wp-content\/uploads\/2026\/03\/20260317_135403-e1773749788424.jpg","contentUrl":"https:\/\/lahingupood.ee\/wp-content\/uploads\/2026\/03\/20260317_135403-e1773749788424.jpg","width":1920,"height":1188},{"@type":"BreadcrumbList","@id":"https:\/\/lahingupood.ee\/toode\/ak-s74-kasutatud\/#breadcrumb","itemListElement":[{"@type":"ListItem","position":1,"name":"Home","item":"https:\/\/lahingupood.ee\/"},{"@type":"ListItem","position":2,"name":"Tooted","item":"https:\/\/lahingupood.ee\/tooted\/"},{"@type":"ListItem","position":3,"name":"AK S74 (Kasutatud)"}]},{"@type":"WebSite","@id":"https:\/\/lahingupood.ee\/#website","url":"https:\/\/lahingupood.ee\/","name":"Lahingurada e-pood","description":"Airsoft","publisher":{"@id":"https:\/\/lahingupood.ee\/#organization"},"potentialAction":[{"@type":"SearchAction","target":{"@type":"EntryPoint","urlTemplate":"https:\/\/lahingupood.ee\/?s={search_term_string}"},"query-input":{"@type":"PropertyValueSpecification","valueRequired":true,"valueName":"search_term_string"}}],"inLanguage":"en-GB"},{"@type":"Organization","@id":"https:\/\/lahingupood.ee\/#organization","name":"Lahingurada","url":"https:\/\/lahingupood.ee\/","logo":{"@type":"ImageObject","inLanguage":"en-GB","@id":"https:\/\/lahingupood.ee\/#\/schema\/logo\/image\/","url":"https:\/\/lahingupood.ee\/wp-content\/uploads\/2022\/03\/lahingurada-220318.jpg","contentUrl":"https:\/\/lahingupood.ee\/wp-content\/uploads\/2022\/03\/lahingurada-220318.jpg","width":800,"height":500,"caption":"Lahingurada"},"image":{"@id":"https:\/\/lahingupood.ee\/#\/schema\/logo\/image\/"},"sameAs":["https:\/\/www.facebook.com\/Lahingurada-629940247212967"]}]}},"_links":{"self":[{"href":"https:\/\/lahingupood.ee\/en\/wp-json\/wp\/v2\/product\/7742","targetHints":{"allow":["GET"]}}],"collection":[{"href":"https:\/\/lahingupood.ee\/en\/wp-json\/wp\/v2\/product"}],"about":[{"href":"https:\/\/lahingupood.ee\/en\/wp-json\/wp\/v2\/types\/product"}],"wp:featuredmedia":[{"embeddable":true,"href":"https:\/\/lahingupood.ee\/en\/wp-json\/wp\/v2\/media\/7738"}],"wp:attachment":[{"href":"https:\/\/lahingupood.ee\/en\/wp-json\/wp\/v2\/media?parent=7742"}],"wp:term":[{"taxonomy":"product_brand","embeddable":true,"href":"https:\/\/lahingupood.ee\/en\/wp-json\/wp\/v2\/product_brand?post=7742"},{"taxonomy":"product_cat","embeddable":true,"href":"https:\/\/lahingupood.ee\/en\/wp-json\/wp\/v2\/product_cat?post=7742"},{"taxonomy":"product_tag","embeddable":true,"href":"https:\/\/lahingupood.ee\/en\/wp-json\/wp\/v2\/product_tag?post=7742"}],"curies":[{"name":"wp","href":"https:\/\/api.w.org\/{rel}","templated":true}]}}