{"id":7735,"date":"2026-03-17T14:09:40","date_gmt":"2026-03-17T12:09:40","guid":{"rendered":"https:\/\/lahingupood.ee\/?post_type=product&#038;p=7735"},"modified":"2026-04-14T14:55:26","modified_gmt":"2026-04-14T11:55:26","slug":"rpg26-kasutatud","status":"publish","type":"product","link":"https:\/\/lahingupood.ee\/en\/product\/rpg26-kasutatud\/","title":{"rendered":"RPG26 (Kasutatud)"},"content":{"rendered":"<p data-start=\"341\" data-end=\"592\">RPG26 TAGINN launcher used on Airsoft granaadiheitja, mis on loodud kasutama TAGINN s\u00fcsteemi granaate ja standardseid TAGINN h\u00fclse. Tegemist on kasutatud, kuid t\u00f6\u00f6kindla platvormiga, mis lisab m\u00e4ngule m\u00e4rkimisv\u00e4\u00e4rselt taktikalist ja visuaalset efekti.<\/p>\n<p data-start=\"594\" data-end=\"863\">RPG26 TAGINN launcher used p\u00f5hineb ehtsa RPG-26 disainil, mis annab sellele v\u00e4ga realistliku v\u00e4limuse ja kasutuskogemuse. Kuigi tegemist ei ole p\u00e4ris relvaga, on selle m\u00f5\u00f5tmed ja konstruktsioon loodud v\u00f5imalikult autentseks, et sobida Airsoft mil-sim stsenaariumitesse.<\/p>","protected":false},"excerpt":{"rendered":"<p>RPG26 TAGINN launcher used on Airsoft granaadiheitja, mis on loodud kasutama TAGINN s\u00fcsteemi granaate ja standardseid TAGINN h\u00fclse. Tegemist on kasutatud, kuid t\u00f6\u00f6kindla platvormiga, mis lisab m\u00e4ngule m\u00e4rkimisv\u00e4\u00e4rselt taktikalist ja visuaalset efekti. RPG26 TAGINN launcher used p\u00f5hineb ehtsa RPG-26 disainil, mis annab sellele v\u00e4ga realistliku v\u00e4limuse ja kasutuskogemuse. Kuigi tegemist ei ole p\u00e4ris relvaga, on [&#8230;]\n","protected":false},"featured_media":7739,"template":"","meta":[],"product_brand":[],"product_cat":[219,102],"product_tag":[],"class_list":{"0":"post-7735","1":"product","2":"type-product","3":"status-publish","4":"has-post-thumbnail","6":"product_cat-kasutatud","7":"product_cat-komisjonimuuk","9":"first","10":"instock","11":"sold-individually","12":"taxable","13":"shipping-taxable","14":"purchasable","15":"product-type-simple"},"yoast_head":"<!-- This site is optimized with the Yoast SEO Premium plugin v27.5 (Yoast SEO v27.5) - https:\/\/yoast.com\/product\/yoast-seo-premium-wordpress\/ -->\n<title>RPG26 TAGINN Launcher Used \u2013 Airsoft granaadiheitja<\/title>\n<meta name=\"description\" content=\"RPG26 TAGINN launcher used on Airsoft granaadiheitja, mis laseb TAGINN granaate l\u00e4bi standardsete h\u00fclside ja v\u00f5imaldab kiiret \u00fcmberlaadimist.\" \/>\n<meta name=\"robots\" content=\"index, follow, max-snippet:-1, max-image-preview:large, max-video-preview:-1\" \/>\n<link rel=\"canonical\" href=\"https:\/\/lahingupood.ee\/en\/product\/rpg26-kasutatud\/\" \/>\n<meta property=\"og:locale\" content=\"en_GB\" \/>\n<meta property=\"og:type\" content=\"article\" \/>\n<meta property=\"og:title\" content=\"RPG26 (Kasutatud)\" \/>\n<meta property=\"og:description\" content=\"RPG26 TAGINN launcher used on Airsoft granaadiheitja, mis laseb TAGINN granaate l\u00e4bi standardsete h\u00fclside ja v\u00f5imaldab kiiret \u00fcmberlaadimist.\" \/>\n<meta property=\"og:url\" content=\"https:\/\/lahingupood.ee\/en\/product\/rpg26-kasutatud\/\" \/>\n<meta property=\"og:site_name\" content=\"Lahingurada e-pood\" \/>\n<meta property=\"article:publisher\" content=\"https:\/\/www.facebook.com\/Lahingurada-629940247212967\" \/>\n<meta property=\"article:modified_time\" content=\"2026-04-14T11:55:26+00:00\" \/>\n<meta property=\"og:image\" content=\"https:\/\/lahingupood.ee\/wp-content\/uploads\/2022\/03\/lahingurada-220318.jpg\" \/>\n\t<meta property=\"og:image:width\" content=\"800\" \/>\n\t<meta property=\"og:image:height\" content=\"500\" \/>\n\t<meta property=\"og:image:type\" content=\"image\/jpeg\" \/>\n<meta name=\"twitter:card\" content=\"summary_large_image\" \/>\n<meta name=\"twitter:label1\" content=\"Estimated reading time\" \/>\n\t<meta name=\"twitter:data1\" content=\"1 minute\" \/>\n<script type=\"application\/ld+json\" class=\"yoast-schema-graph\">{\"@context\":\"https:\\\/\\\/schema.org\",\"@graph\":[{\"@type\":\"WebPage\",\"@id\":\"https:\\\/\\\/lahingupood.ee\\\/toode\\\/rpg26-kasutatud\\\/\",\"url\":\"https:\\\/\\\/lahingupood.ee\\\/toode\\\/rpg26-kasutatud\\\/\",\"name\":\"RPG26 TAGINN Launcher Used \u2013 Airsoft granaadiheitja\",\"isPartOf\":{\"@id\":\"https:\\\/\\\/lahingupood.ee\\\/#website\"},\"primaryImageOfPage\":{\"@id\":\"https:\\\/\\\/lahingupood.ee\\\/toode\\\/rpg26-kasutatud\\\/#primaryimage\"},\"image\":{\"@id\":\"https:\\\/\\\/lahingupood.ee\\\/toode\\\/rpg26-kasutatud\\\/#primaryimage\"},\"thumbnailUrl\":\"https:\\\/\\\/lahingupood.ee\\\/wp-content\\\/uploads\\\/2026\\\/03\\\/20260317_135233-e1773749363871.jpg\",\"datePublished\":\"2026-03-17T12:09:40+00:00\",\"dateModified\":\"2026-04-14T11:55:26+00:00\",\"description\":\"RPG26 TAGINN launcher used on Airsoft granaadiheitja, mis laseb TAGINN granaate l\u00e4bi standardsete h\u00fclside ja v\u00f5imaldab kiiret \u00fcmberlaadimist.\",\"breadcrumb\":{\"@id\":\"https:\\\/\\\/lahingupood.ee\\\/toode\\\/rpg26-kasutatud\\\/#breadcrumb\"},\"inLanguage\":\"en-GB\",\"potentialAction\":[{\"@type\":\"ReadAction\",\"target\":[\"https:\\\/\\\/lahingupood.ee\\\/toode\\\/rpg26-kasutatud\\\/\"]}]},{\"@type\":\"ImageObject\",\"inLanguage\":\"en-GB\",\"@id\":\"https:\\\/\\\/lahingupood.ee\\\/toode\\\/rpg26-kasutatud\\\/#primaryimage\",\"url\":\"https:\\\/\\\/lahingupood.ee\\\/wp-content\\\/uploads\\\/2026\\\/03\\\/20260317_135233-e1773749363871.jpg\",\"contentUrl\":\"https:\\\/\\\/lahingupood.ee\\\/wp-content\\\/uploads\\\/2026\\\/03\\\/20260317_135233-e1773749363871.jpg\",\"width\":1920,\"height\":1261,\"caption\":\"RPG26 TAGINN launcher used Airsoft granaadiheitja TAGINN h\u00fclsid kiire laadimine\"},{\"@type\":\"BreadcrumbList\",\"@id\":\"https:\\\/\\\/lahingupood.ee\\\/toode\\\/rpg26-kasutatud\\\/#breadcrumb\",\"itemListElement\":[{\"@type\":\"ListItem\",\"position\":1,\"name\":\"Home\",\"item\":\"https:\\\/\\\/lahingupood.ee\\\/\"},{\"@type\":\"ListItem\",\"position\":2,\"name\":\"Tooted\",\"item\":\"https:\\\/\\\/lahingupood.ee\\\/tooted\\\/\"},{\"@type\":\"ListItem\",\"position\":3,\"name\":\"RPG26 (Kasutatud)\"}]},{\"@type\":\"WebSite\",\"@id\":\"https:\\\/\\\/lahingupood.ee\\\/#website\",\"url\":\"https:\\\/\\\/lahingupood.ee\\\/\",\"name\":\"Lahingurada e-pood\",\"description\":\"Airsoft\",\"publisher\":{\"@id\":\"https:\\\/\\\/lahingupood.ee\\\/#organization\"},\"potentialAction\":[{\"@type\":\"SearchAction\",\"target\":{\"@type\":\"EntryPoint\",\"urlTemplate\":\"https:\\\/\\\/lahingupood.ee\\\/?s={search_term_string}\"},\"query-input\":{\"@type\":\"PropertyValueSpecification\",\"valueRequired\":true,\"valueName\":\"search_term_string\"}}],\"inLanguage\":\"en-GB\"},{\"@type\":\"Organization\",\"@id\":\"https:\\\/\\\/lahingupood.ee\\\/#organization\",\"name\":\"Lahingurada\",\"url\":\"https:\\\/\\\/lahingupood.ee\\\/\",\"logo\":{\"@type\":\"ImageObject\",\"inLanguage\":\"en-GB\",\"@id\":\"https:\\\/\\\/lahingupood.ee\\\/#\\\/schema\\\/logo\\\/image\\\/\",\"url\":\"https:\\\/\\\/lahingupood.ee\\\/wp-content\\\/uploads\\\/2022\\\/03\\\/lahingurada-220318.jpg\",\"contentUrl\":\"https:\\\/\\\/lahingupood.ee\\\/wp-content\\\/uploads\\\/2022\\\/03\\\/lahingurada-220318.jpg\",\"width\":800,\"height\":500,\"caption\":\"Lahingurada\"},\"image\":{\"@id\":\"https:\\\/\\\/lahingupood.ee\\\/#\\\/schema\\\/logo\\\/image\\\/\"},\"sameAs\":[\"https:\\\/\\\/www.facebook.com\\\/Lahingurada-629940247212967\"]}]}<\/script>\n<!-- \/ Yoast SEO Premium plugin. -->","yoast_head_json":{"title":"RPG26 TAGINN Launcher Used \u2013 Airsoft granaadiheitja","description":"RPG26 TAGINN launcher used on Airsoft granaadiheitja, mis laseb TAGINN granaate l\u00e4bi standardsete h\u00fclside ja v\u00f5imaldab kiiret \u00fcmberlaadimist.","robots":{"index":"index","follow":"follow","max-snippet":"max-snippet:-1","max-image-preview":"max-image-preview:large","max-video-preview":"max-video-preview:-1"},"canonical":"https:\/\/lahingupood.ee\/en\/product\/rpg26-kasutatud\/","og_locale":"en_GB","og_type":"article","og_title":"RPG26 (Kasutatud)","og_description":"RPG26 TAGINN launcher used on Airsoft granaadiheitja, mis laseb TAGINN granaate l\u00e4bi standardsete h\u00fclside ja v\u00f5imaldab kiiret \u00fcmberlaadimist.","og_url":"https:\/\/lahingupood.ee\/en\/product\/rpg26-kasutatud\/","og_site_name":"Lahingurada e-pood","article_publisher":"https:\/\/www.facebook.com\/Lahingurada-629940247212967","article_modified_time":"2026-04-14T11:55:26+00:00","og_image":[{"width":800,"height":500,"url":"https:\/\/lahingupood.ee\/wp-content\/uploads\/2022\/03\/lahingurada-220318.jpg","type":"image\/jpeg"}],"twitter_card":"summary_large_image","twitter_misc":{"Estimated reading time":"1 minute"},"schema":{"@context":"https:\/\/schema.org","@graph":[{"@type":"WebPage","@id":"https:\/\/lahingupood.ee\/toode\/rpg26-kasutatud\/","url":"https:\/\/lahingupood.ee\/toode\/rpg26-kasutatud\/","name":"RPG26 TAGINN Launcher Used \u2013 Airsoft granaadiheitja","isPartOf":{"@id":"https:\/\/lahingupood.ee\/#website"},"primaryImageOfPage":{"@id":"https:\/\/lahingupood.ee\/toode\/rpg26-kasutatud\/#primaryimage"},"image":{"@id":"https:\/\/lahingupood.ee\/toode\/rpg26-kasutatud\/#primaryimage"},"thumbnailUrl":"https:\/\/lahingupood.ee\/wp-content\/uploads\/2026\/03\/20260317_135233-e1773749363871.jpg","datePublished":"2026-03-17T12:09:40+00:00","dateModified":"2026-04-14T11:55:26+00:00","description":"RPG26 TAGINN launcher used on Airsoft granaadiheitja, mis laseb TAGINN granaate l\u00e4bi standardsete h\u00fclside ja v\u00f5imaldab kiiret \u00fcmberlaadimist.","breadcrumb":{"@id":"https:\/\/lahingupood.ee\/toode\/rpg26-kasutatud\/#breadcrumb"},"inLanguage":"en-GB","potentialAction":[{"@type":"ReadAction","target":["https:\/\/lahingupood.ee\/toode\/rpg26-kasutatud\/"]}]},{"@type":"ImageObject","inLanguage":"en-GB","@id":"https:\/\/lahingupood.ee\/toode\/rpg26-kasutatud\/#primaryimage","url":"https:\/\/lahingupood.ee\/wp-content\/uploads\/2026\/03\/20260317_135233-e1773749363871.jpg","contentUrl":"https:\/\/lahingupood.ee\/wp-content\/uploads\/2026\/03\/20260317_135233-e1773749363871.jpg","width":1920,"height":1261,"caption":"RPG26 TAGINN launcher used Airsoft granaadiheitja TAGINN h\u00fclsid kiire laadimine"},{"@type":"BreadcrumbList","@id":"https:\/\/lahingupood.ee\/toode\/rpg26-kasutatud\/#breadcrumb","itemListElement":[{"@type":"ListItem","position":1,"name":"Home","item":"https:\/\/lahingupood.ee\/"},{"@type":"ListItem","position":2,"name":"Tooted","item":"https:\/\/lahingupood.ee\/tooted\/"},{"@type":"ListItem","position":3,"name":"RPG26 (Kasutatud)"}]},{"@type":"WebSite","@id":"https:\/\/lahingupood.ee\/#website","url":"https:\/\/lahingupood.ee\/","name":"Lahingurada e-pood","description":"Airsoft","publisher":{"@id":"https:\/\/lahingupood.ee\/#organization"},"potentialAction":[{"@type":"SearchAction","target":{"@type":"EntryPoint","urlTemplate":"https:\/\/lahingupood.ee\/?s={search_term_string}"},"query-input":{"@type":"PropertyValueSpecification","valueRequired":true,"valueName":"search_term_string"}}],"inLanguage":"en-GB"},{"@type":"Organization","@id":"https:\/\/lahingupood.ee\/#organization","name":"Lahingurada","url":"https:\/\/lahingupood.ee\/","logo":{"@type":"ImageObject","inLanguage":"en-GB","@id":"https:\/\/lahingupood.ee\/#\/schema\/logo\/image\/","url":"https:\/\/lahingupood.ee\/wp-content\/uploads\/2022\/03\/lahingurada-220318.jpg","contentUrl":"https:\/\/lahingupood.ee\/wp-content\/uploads\/2022\/03\/lahingurada-220318.jpg","width":800,"height":500,"caption":"Lahingurada"},"image":{"@id":"https:\/\/lahingupood.ee\/#\/schema\/logo\/image\/"},"sameAs":["https:\/\/www.facebook.com\/Lahingurada-629940247212967"]}]}},"_links":{"self":[{"href":"https:\/\/lahingupood.ee\/en\/wp-json\/wp\/v2\/product\/7735","targetHints":{"allow":["GET"]}}],"collection":[{"href":"https:\/\/lahingupood.ee\/en\/wp-json\/wp\/v2\/product"}],"about":[{"href":"https:\/\/lahingupood.ee\/en\/wp-json\/wp\/v2\/types\/product"}],"wp:featuredmedia":[{"embeddable":true,"href":"https:\/\/lahingupood.ee\/en\/wp-json\/wp\/v2\/media\/7739"}],"wp:attachment":[{"href":"https:\/\/lahingupood.ee\/en\/wp-json\/wp\/v2\/media?parent=7735"}],"wp:term":[{"taxonomy":"product_brand","embeddable":true,"href":"https:\/\/lahingupood.ee\/en\/wp-json\/wp\/v2\/product_brand?post=7735"},{"taxonomy":"product_cat","embeddable":true,"href":"https:\/\/lahingupood.ee\/en\/wp-json\/wp\/v2\/product_cat?post=7735"},{"taxonomy":"product_tag","embeddable":true,"href":"https:\/\/lahingupood.ee\/en\/wp-json\/wp\/v2\/product_tag?post=7735"}],"curies":[{"name":"wp","href":"https:\/\/api.w.org\/{rel}","templated":true}]}}