{"id":7724,"date":"2026-03-05T12:33:18","date_gmt":"2026-03-05T10:33:18","guid":{"rendered":"https:\/\/lahingupood.ee\/?post_type=product&#038;p=7724"},"modified":"2026-04-17T13:15:04","modified_gmt":"2026-04-17T10:15:04","slug":"tracer-emg-x-strike-industries","status":"publish","type":"product","link":"https:\/\/lahingupood.ee\/en\/product\/tracer-emg-x-strike-industries\/","title":{"rendered":"Tracer EMG x Strike Industries"},"content":{"rendered":"<p data-start=\"742\" data-end=\"973\">Tracer EMG x Strike Industries on kaasaegne Airsoft tracer-seade, mis on loodud pakkuma realistlikku visuaalset efekti ja t\u00f6\u00f6kindlust m\u00e4ngu ajal. Tegemist on kompaktse ja kerge seadmega, mis ei m\u00f5juta relva tasakaalu ega sihtimist.<\/p>\n<p data-start=\"975\" data-end=\"1187\">See Airsoft tracer-seade on valmistatud vastupidavast alumiiniumist, mis tagab pika eluea ja hea kaitse v\u00e4litingimustes kasutamisel. T\u00e4nu oma disainile sobib see nii algajatele kui ka kogenud Airsoft m\u00e4ngijatele.<\/p>\n<p data-start=\"1189\" data-end=\"1412\">Tracer toetab kuni 50+ RPS laskesagedust, mis t\u00e4hendab, et see t\u00f6\u00f6tab ka kiirete automaatrelvadega ilma viivitusteta. Sisemine s\u00fcsteem reageerib kiiresti ja tagab sujuva valgusefekti iga lasu korral.<\/p>\n<p data-start=\"1414\" data-end=\"1450\">Seadmel on kolm erinevat t\u00f6\u00f6re\u017eiimi:<\/p>\n<ul data-start=\"1451\" data-end=\"1581\">\n<li data-section-id=\"yxebqo\" data-start=\"1451\" data-end=\"1492\">Flame Mode \u2013 simuleeritud leegi efekt<\/li>\n<li data-section-id=\"1vyu3t4\" data-start=\"1493\" data-end=\"1538\">Tracer + Flame Mode \u2013 kombineeritud efekt<\/li>\n<li data-section-id=\"5lo9a4\" data-start=\"1539\" data-end=\"1581\">Tracer Mode \u2013 ainult valguse j\u00e4lgimine<\/li>\n<\/ul>\n<p data-start=\"1583\" data-end=\"1648\">See teeb seadme v\u00e4ga paindlikuks erinevates m\u00e4ngusituatsioonides.<\/p>\n<p data-start=\"1650\" data-end=\"1842\">Tracer EMG x Strike Industries kasutab sisseehitatud laetavat akut, mida saab laadida USB-C kaabli abil. Laadimispesa on kaitstud eemaldatava katte all, mis hoiab selle puhtana ja turvalisena.<\/p>\n<p data-start=\"1844\" data-end=\"2004\">Lisaks on seadmel nutikas vibratsioonisensor, mis viib selle automaatselt unere\u017eiimi p\u00e4rast 5 minutit tegevusetust ning aktiveerub uuesti kerge liigutuse peale.<\/p>","protected":false},"excerpt":{"rendered":"<p>Tracer EMG x Strike Industries on kaasaegne Airsoft tracer-seade, mis on loodud pakkuma realistlikku visuaalset efekti ja t\u00f6\u00f6kindlust m\u00e4ngu ajal. Tegemist on kompaktse ja kerge seadmega, mis ei m\u00f5juta relva tasakaalu ega sihtimist. See Airsoft tracer-seade on valmistatud vastupidavast alumiiniumist, mis tagab pika eluea ja hea kaitse v\u00e4litingimustes kasutamisel. T\u00e4nu oma disainile sobib see nii [&#8230;]\n","protected":false},"featured_media":7717,"template":"","meta":[],"product_brand":[],"product_cat":[85],"product_tag":[],"class_list":{"0":"post-7724","1":"product","2":"type-product","3":"status-publish","4":"has-post-thumbnail","6":"product_cat-summutid-ja-trasserid","8":"first","9":"instock","10":"taxable","11":"shipping-taxable","12":"purchasable","13":"product-type-simple"},"yoast_head":"<!-- This site is optimized with the Yoast SEO Premium plugin v27.4 (Yoast SEO v27.4) - https:\/\/yoast.com\/product\/yoast-seo-premium-wordpress\/ -->\n<title>Tracer EMG x Strike Industries \u2013 tracer ja flame Airsoft seade<\/title>\n<meta name=\"description\" content=\"Tracer EMG x Strike Industries on kompaktne Airsoft tracer-seade, millel on flame ja tracer re\u017eiimid, USB-C laadimine ja kiire reaktsioon kuni 50+ RPS.\" \/>\n<meta name=\"robots\" content=\"index, follow, max-snippet:-1, max-image-preview:large, max-video-preview:-1\" \/>\n<link rel=\"canonical\" href=\"https:\/\/lahingupood.ee\/en\/product\/tracer-emg-x-strike-industries\/\" \/>\n<meta property=\"og:locale\" content=\"en_GB\" \/>\n<meta property=\"og:type\" content=\"article\" \/>\n<meta property=\"og:title\" content=\"Tracer EMG x Strike Industries\" \/>\n<meta property=\"og:description\" content=\"Tracer EMG x Strike Industries on kompaktne Airsoft tracer-seade, millel on flame ja tracer re\u017eiimid, USB-C laadimine ja kiire reaktsioon kuni 50+ RPS.\" \/>\n<meta property=\"og:url\" content=\"https:\/\/lahingupood.ee\/en\/product\/tracer-emg-x-strike-industries\/\" \/>\n<meta property=\"og:site_name\" content=\"Lahingurada e-pood\" \/>\n<meta property=\"article:publisher\" content=\"https:\/\/www.facebook.com\/Lahingurada-629940247212967\" \/>\n<meta property=\"article:modified_time\" content=\"2026-04-17T10:15:04+00:00\" \/>\n<meta property=\"og:image\" content=\"https:\/\/lahingupood.ee\/wp-content\/uploads\/2026\/03\/20260119104513571.jpeg\" \/>\n\t<meta property=\"og:image:width\" content=\"1200\" \/>\n\t<meta property=\"og:image:height\" content=\"1200\" \/>\n\t<meta property=\"og:image:type\" content=\"image\/jpeg\" \/>\n<meta name=\"twitter:card\" content=\"summary_large_image\" \/>\n<meta name=\"twitter:label1\" content=\"Estimated reading time\" \/>\n\t<meta name=\"twitter:data1\" content=\"2 minutes\" \/>\n<script type=\"application\/ld+json\" class=\"yoast-schema-graph\">{\"@context\":\"https:\\\/\\\/schema.org\",\"@graph\":[{\"@type\":\"WebPage\",\"@id\":\"https:\\\/\\\/lahingupood.ee\\\/toode\\\/tracer-emg-x-strike-industries\\\/\",\"url\":\"https:\\\/\\\/lahingupood.ee\\\/toode\\\/tracer-emg-x-strike-industries\\\/\",\"name\":\"Tracer EMG x Strike Industries \u2013 tracer ja flame Airsoft seade\",\"isPartOf\":{\"@id\":\"https:\\\/\\\/lahingupood.ee\\\/#website\"},\"primaryImageOfPage\":{\"@id\":\"https:\\\/\\\/lahingupood.ee\\\/toode\\\/tracer-emg-x-strike-industries\\\/#primaryimage\"},\"image\":{\"@id\":\"https:\\\/\\\/lahingupood.ee\\\/toode\\\/tracer-emg-x-strike-industries\\\/#primaryimage\"},\"thumbnailUrl\":\"https:\\\/\\\/lahingupood.ee\\\/wp-content\\\/uploads\\\/2026\\\/03\\\/20260119104513571.jpeg\",\"datePublished\":\"2026-03-05T10:33:18+00:00\",\"dateModified\":\"2026-04-17T10:15:04+00:00\",\"description\":\"Tracer EMG x Strike Industries on kompaktne Airsoft tracer-seade, millel on flame ja tracer re\u017eiimid, USB-C laadimine ja kiire reaktsioon kuni 50+ RPS.\",\"breadcrumb\":{\"@id\":\"https:\\\/\\\/lahingupood.ee\\\/toode\\\/tracer-emg-x-strike-industries\\\/#breadcrumb\"},\"inLanguage\":\"en-GB\",\"potentialAction\":[{\"@type\":\"ReadAction\",\"target\":[\"https:\\\/\\\/lahingupood.ee\\\/toode\\\/tracer-emg-x-strike-industries\\\/\"]}]},{\"@type\":\"ImageObject\",\"inLanguage\":\"en-GB\",\"@id\":\"https:\\\/\\\/lahingupood.ee\\\/toode\\\/tracer-emg-x-strike-industries\\\/#primaryimage\",\"url\":\"https:\\\/\\\/lahingupood.ee\\\/wp-content\\\/uploads\\\/2026\\\/03\\\/20260119104513571.jpeg\",\"contentUrl\":\"https:\\\/\\\/lahingupood.ee\\\/wp-content\\\/uploads\\\/2026\\\/03\\\/20260119104513571.jpeg\",\"width\":1200,\"height\":1200,\"caption\":\"Tracer EMG x Strike Industries Airsoft tracer seade flame mode\"},{\"@type\":\"BreadcrumbList\",\"@id\":\"https:\\\/\\\/lahingupood.ee\\\/toode\\\/tracer-emg-x-strike-industries\\\/#breadcrumb\",\"itemListElement\":[{\"@type\":\"ListItem\",\"position\":1,\"name\":\"Home\",\"item\":\"https:\\\/\\\/lahingupood.ee\\\/\"},{\"@type\":\"ListItem\",\"position\":2,\"name\":\"Tooted\",\"item\":\"https:\\\/\\\/lahingupood.ee\\\/tooted\\\/\"},{\"@type\":\"ListItem\",\"position\":3,\"name\":\"Tracer EMG x Strike Industries\"}]},{\"@type\":\"WebSite\",\"@id\":\"https:\\\/\\\/lahingupood.ee\\\/#website\",\"url\":\"https:\\\/\\\/lahingupood.ee\\\/\",\"name\":\"Lahingurada e-pood\",\"description\":\"Airsoft\",\"publisher\":{\"@id\":\"https:\\\/\\\/lahingupood.ee\\\/#organization\"},\"potentialAction\":[{\"@type\":\"SearchAction\",\"target\":{\"@type\":\"EntryPoint\",\"urlTemplate\":\"https:\\\/\\\/lahingupood.ee\\\/?s={search_term_string}\"},\"query-input\":{\"@type\":\"PropertyValueSpecification\",\"valueRequired\":true,\"valueName\":\"search_term_string\"}}],\"inLanguage\":\"en-GB\"},{\"@type\":\"Organization\",\"@id\":\"https:\\\/\\\/lahingupood.ee\\\/#organization\",\"name\":\"Lahingurada\",\"url\":\"https:\\\/\\\/lahingupood.ee\\\/\",\"logo\":{\"@type\":\"ImageObject\",\"inLanguage\":\"en-GB\",\"@id\":\"https:\\\/\\\/lahingupood.ee\\\/#\\\/schema\\\/logo\\\/image\\\/\",\"url\":\"https:\\\/\\\/lahingupood.ee\\\/wp-content\\\/uploads\\\/2022\\\/03\\\/lahingurada-220318.jpg\",\"contentUrl\":\"https:\\\/\\\/lahingupood.ee\\\/wp-content\\\/uploads\\\/2022\\\/03\\\/lahingurada-220318.jpg\",\"width\":800,\"height\":500,\"caption\":\"Lahingurada\"},\"image\":{\"@id\":\"https:\\\/\\\/lahingupood.ee\\\/#\\\/schema\\\/logo\\\/image\\\/\"},\"sameAs\":[\"https:\\\/\\\/www.facebook.com\\\/Lahingurada-629940247212967\"]}]}<\/script>\n<!-- \/ Yoast SEO Premium plugin. -->","yoast_head_json":{"title":"Tracer EMG x Strike Industries \u2013 tracer ja flame Airsoft seade","description":"Tracer EMG x Strike Industries on kompaktne Airsoft tracer-seade, millel on flame ja tracer re\u017eiimid, USB-C laadimine ja kiire reaktsioon kuni 50+ RPS.","robots":{"index":"index","follow":"follow","max-snippet":"max-snippet:-1","max-image-preview":"max-image-preview:large","max-video-preview":"max-video-preview:-1"},"canonical":"https:\/\/lahingupood.ee\/en\/product\/tracer-emg-x-strike-industries\/","og_locale":"en_GB","og_type":"article","og_title":"Tracer EMG x Strike Industries","og_description":"Tracer EMG x Strike Industries on kompaktne Airsoft tracer-seade, millel on flame ja tracer re\u017eiimid, USB-C laadimine ja kiire reaktsioon kuni 50+ RPS.","og_url":"https:\/\/lahingupood.ee\/en\/product\/tracer-emg-x-strike-industries\/","og_site_name":"Lahingurada e-pood","article_publisher":"https:\/\/www.facebook.com\/Lahingurada-629940247212967","article_modified_time":"2026-04-17T10:15:04+00:00","og_image":[{"width":1200,"height":1200,"url":"https:\/\/lahingupood.ee\/wp-content\/uploads\/2026\/03\/20260119104513571.jpeg","type":"image\/jpeg"}],"twitter_card":"summary_large_image","twitter_misc":{"Estimated reading time":"2 minutes"},"schema":{"@context":"https:\/\/schema.org","@graph":[{"@type":"WebPage","@id":"https:\/\/lahingupood.ee\/toode\/tracer-emg-x-strike-industries\/","url":"https:\/\/lahingupood.ee\/toode\/tracer-emg-x-strike-industries\/","name":"Tracer EMG x Strike Industries \u2013 tracer ja flame Airsoft seade","isPartOf":{"@id":"https:\/\/lahingupood.ee\/#website"},"primaryImageOfPage":{"@id":"https:\/\/lahingupood.ee\/toode\/tracer-emg-x-strike-industries\/#primaryimage"},"image":{"@id":"https:\/\/lahingupood.ee\/toode\/tracer-emg-x-strike-industries\/#primaryimage"},"thumbnailUrl":"https:\/\/lahingupood.ee\/wp-content\/uploads\/2026\/03\/20260119104513571.jpeg","datePublished":"2026-03-05T10:33:18+00:00","dateModified":"2026-04-17T10:15:04+00:00","description":"Tracer EMG x Strike Industries on kompaktne Airsoft tracer-seade, millel on flame ja tracer re\u017eiimid, USB-C laadimine ja kiire reaktsioon kuni 50+ RPS.","breadcrumb":{"@id":"https:\/\/lahingupood.ee\/toode\/tracer-emg-x-strike-industries\/#breadcrumb"},"inLanguage":"en-GB","potentialAction":[{"@type":"ReadAction","target":["https:\/\/lahingupood.ee\/toode\/tracer-emg-x-strike-industries\/"]}]},{"@type":"ImageObject","inLanguage":"en-GB","@id":"https:\/\/lahingupood.ee\/toode\/tracer-emg-x-strike-industries\/#primaryimage","url":"https:\/\/lahingupood.ee\/wp-content\/uploads\/2026\/03\/20260119104513571.jpeg","contentUrl":"https:\/\/lahingupood.ee\/wp-content\/uploads\/2026\/03\/20260119104513571.jpeg","width":1200,"height":1200,"caption":"Tracer EMG x Strike Industries Airsoft tracer seade flame mode"},{"@type":"BreadcrumbList","@id":"https:\/\/lahingupood.ee\/toode\/tracer-emg-x-strike-industries\/#breadcrumb","itemListElement":[{"@type":"ListItem","position":1,"name":"Home","item":"https:\/\/lahingupood.ee\/"},{"@type":"ListItem","position":2,"name":"Tooted","item":"https:\/\/lahingupood.ee\/tooted\/"},{"@type":"ListItem","position":3,"name":"Tracer EMG x Strike Industries"}]},{"@type":"WebSite","@id":"https:\/\/lahingupood.ee\/#website","url":"https:\/\/lahingupood.ee\/","name":"Lahingurada e-pood","description":"Airsoft","publisher":{"@id":"https:\/\/lahingupood.ee\/#organization"},"potentialAction":[{"@type":"SearchAction","target":{"@type":"EntryPoint","urlTemplate":"https:\/\/lahingupood.ee\/?s={search_term_string}"},"query-input":{"@type":"PropertyValueSpecification","valueRequired":true,"valueName":"search_term_string"}}],"inLanguage":"en-GB"},{"@type":"Organization","@id":"https:\/\/lahingupood.ee\/#organization","name":"Lahingurada","url":"https:\/\/lahingupood.ee\/","logo":{"@type":"ImageObject","inLanguage":"en-GB","@id":"https:\/\/lahingupood.ee\/#\/schema\/logo\/image\/","url":"https:\/\/lahingupood.ee\/wp-content\/uploads\/2022\/03\/lahingurada-220318.jpg","contentUrl":"https:\/\/lahingupood.ee\/wp-content\/uploads\/2022\/03\/lahingurada-220318.jpg","width":800,"height":500,"caption":"Lahingurada"},"image":{"@id":"https:\/\/lahingupood.ee\/#\/schema\/logo\/image\/"},"sameAs":["https:\/\/www.facebook.com\/Lahingurada-629940247212967"]}]}},"_links":{"self":[{"href":"https:\/\/lahingupood.ee\/en\/wp-json\/wp\/v2\/product\/7724","targetHints":{"allow":["GET"]}}],"collection":[{"href":"https:\/\/lahingupood.ee\/en\/wp-json\/wp\/v2\/product"}],"about":[{"href":"https:\/\/lahingupood.ee\/en\/wp-json\/wp\/v2\/types\/product"}],"wp:featuredmedia":[{"embeddable":true,"href":"https:\/\/lahingupood.ee\/en\/wp-json\/wp\/v2\/media\/7717"}],"wp:attachment":[{"href":"https:\/\/lahingupood.ee\/en\/wp-json\/wp\/v2\/media?parent=7724"}],"wp:term":[{"taxonomy":"product_brand","embeddable":true,"href":"https:\/\/lahingupood.ee\/en\/wp-json\/wp\/v2\/product_brand?post=7724"},{"taxonomy":"product_cat","embeddable":true,"href":"https:\/\/lahingupood.ee\/en\/wp-json\/wp\/v2\/product_cat?post=7724"},{"taxonomy":"product_tag","embeddable":true,"href":"https:\/\/lahingupood.ee\/en\/wp-json\/wp\/v2\/product_tag?post=7724"}],"curies":[{"name":"wp","href":"https:\/\/api.w.org\/{rel}","templated":true}]}}