{"id":7722,"date":"2026-03-05T12:24:13","date_gmt":"2026-03-05T10:24:13","guid":{"rendered":"https:\/\/lahingupood.ee\/?post_type=product&#038;p=7722"},"modified":"2026-04-30T05:00:07","modified_gmt":"2026-04-30T02:00:07","slug":"delta-armory-bb-02g-eagle","status":"publish","type":"product","link":"https:\/\/lahingupood.ee\/en\/product\/delta-armory-bb-02g-eagle\/","title":{"rendered":"Delta Armory BB 0,2g Eagle"},"content":{"rendered":"<p>Delta Armory 0.2g BB Eagle on kvaliteetsed Airsoft kuulid, mis on loodud pakkuma stabiilset lennutrajektoori ja head t\u00e4psust erinevates m\u00e4ngusituatsioonides. Tegemist on standardse kaaluga 0.2g BB kuulidega, mida kasutatakse laialdaselt nii algajate kui ka kogenud m\u00e4ngijate poolt. Delta Armory 0.2g BB Eagle kuulid on valmistatud \u00fchtlase suuruse ja pinnaviimistlusega, mis v\u00e4hendab ummistuste riski ning tagab sujuva s\u00f6\u00f6tmise salvest. See on oluline nii AEG kui ka GBB relvade puhul, kus t\u00f6\u00f6kindlus on v\u00f5tmet\u00e4htsusega.<\/p>","protected":false},"excerpt":{"rendered":"<p>Delta Armory 0.2g BB Eagle on kvaliteetsed Airsoft kuulid, mis on loodud pakkuma stabiilset lennutrajektoori ja head t\u00e4psust erinevates m\u00e4ngusituatsioonides. Tegemist on standardse kaaluga 0.2g BB kuulidega, mida kasutatakse laialdaselt nii algajate kui ka kogenud m\u00e4ngijate poolt. Delta Armory 0.2g BB Eagle kuulid on valmistatud \u00fchtlase suuruse ja pinnaviimistlusega, mis v\u00e4hendab ummistuste riski ning tagab [&#8230;]\n","protected":false},"featured_media":7720,"template":"","meta":[],"product_brand":[],"product_cat":[55,54],"product_tag":[],"class_list":{"0":"post-7722","1":"product","2":"type-product","3":"status-publish","4":"has-post-thumbnail","6":"product_cat-tavalised-kuulid","7":"product_cat-airsoft-kuulid-bbs","9":"first","10":"instock","11":"taxable","12":"shipping-taxable","13":"purchasable","14":"product-type-simple"},"_links":{"self":[{"href":"https:\/\/lahingupood.ee\/en\/wp-json\/wp\/v2\/product\/7722","targetHints":{"allow":["GET"]}}],"collection":[{"href":"https:\/\/lahingupood.ee\/en\/wp-json\/wp\/v2\/product"}],"about":[{"href":"https:\/\/lahingupood.ee\/en\/wp-json\/wp\/v2\/types\/product"}],"wp:featuredmedia":[{"embeddable":true,"href":"https:\/\/lahingupood.ee\/en\/wp-json\/wp\/v2\/media\/7720"}],"wp:attachment":[{"href":"https:\/\/lahingupood.ee\/en\/wp-json\/wp\/v2\/media?parent=7722"}],"wp:term":[{"taxonomy":"product_brand","embeddable":true,"href":"https:\/\/lahingupood.ee\/en\/wp-json\/wp\/v2\/product_brand?post=7722"},{"taxonomy":"product_cat","embeddable":true,"href":"https:\/\/lahingupood.ee\/en\/wp-json\/wp\/v2\/product_cat?post=7722"},{"taxonomy":"product_tag","embeddable":true,"href":"https:\/\/lahingupood.ee\/en\/wp-json\/wp\/v2\/product_tag?post=7722"}],"curies":[{"name":"wp","href":"https:\/\/api.w.org\/{rel}","templated":true}]}}