{"id":7706,"date":"2026-02-25T14:42:09","date_gmt":"2026-02-25T12:42:09","guid":{"rendered":"https:\/\/lahingupood.ee\/?post_type=product&#038;p=7706"},"modified":"2026-04-12T18:15:02","modified_gmt":"2026-04-12T15:15:02","slug":"m300t-sport-hearing-protector-foliage-greenbluetooth","status":"publish","type":"product","link":"https:\/\/lahingupood.ee\/en\/product\/m300t-sport-hearing-protector-foliage-greenbluetooth\/","title":{"rendered":"M300T Sport Hearing Protector Foliage Green(Bluetooth)"},"content":{"rendered":"<p data-start=\"87\" data-end=\"457\">M300T Bluetooth kuulmiskaitsega taktikalised k\u00f5rvaklapid on t\u00e4iustatud taktikaline peakomplekt, mis on loodud professionaalseks kasutamiseks rasketes tingimustes. Need k\u00f5rvaklapid \u00fchendavad tipptasemel kuulmiskaitse ja kaasaegse juhtmevaba side tehnoloogia, muutes need ideaalseks s\u00f5jalisteks operatsioonideks, taktikalisteks missioonideks ning intensiivseks laskmiseks.<\/p>\n<p data-start=\"459\" data-end=\"472\"><strong data-start=\"459\" data-end=\"472\">Omadused:<\/strong><\/p>\n<ul data-start=\"474\" data-end=\"1164\">\n<li data-start=\"474\" data-end=\"628\">\n<p data-start=\"476\" data-end=\"628\"><strong data-start=\"476\" data-end=\"498\">Bluetooth-\u00fchendus:<\/strong> v\u00f5imaldab juhtmevaba \u00fchendust mobiilseadmete ja sides\u00fcsteemidega, tagades sujuva suhtluse ja lihtsa kasutamise ilma kaabliteta.<\/p>\n<\/li>\n<li data-start=\"629\" data-end=\"875\">\n<p data-start=\"631\" data-end=\"875\"><strong data-start=\"631\" data-end=\"658\">Aktiivne kuulmiskaitse:<\/strong> t\u00e4iustatud aktiivne m\u00fcrasummutustehnoloogia kaitseb kuulmist tugevate helide eest, samal ajal v\u00f5imendades vaikseid ja olulisi \u00fcmbritsevaid helisid, v\u00f5imaldades turvalist suhtlust ja paremat situatsiooniteadlikkust.<\/p>\n<\/li>\n<li data-start=\"876\" data-end=\"910\">\n<p data-start=\"878\" data-end=\"910\"><strong data-start=\"878\" data-end=\"908\">Vastupidav konstruktsioon.<\/strong><\/p>\n<\/li>\n<li data-start=\"911\" data-end=\"1037\">\n<p data-start=\"913\" data-end=\"1037\"><strong data-start=\"913\" data-end=\"938\">Ergonoomiline disain:<\/strong> mugavad pehmendused ja reguleeritav peav\u00f5ru tagavad kandmismugavuse ka pikaajalisel kasutamisel.<\/p>\n<\/li>\n<li data-start=\"1038\" data-end=\"1164\">\n<p data-start=\"1040\" data-end=\"1164\"><strong data-start=\"1040\" data-end=\"1077\">Lihtsad ja intuitiivsed juhtnupud<\/strong> otse k\u00f5rvaklappidel v\u00f5imaldavad h\u00f5lpsalt reguleerida helitugevust ja vahetada re\u017eiime.<\/p>\n<\/li>\n<\/ul>\n<p data-start=\"1166\" data-end=\"1188\"><strong data-start=\"1166\" data-end=\"1188\">Tehnilised andmed:<\/strong><\/p>\n<ul data-start=\"1190\" data-end=\"1436\">\n<li data-start=\"1190\" data-end=\"1207\">\n<p data-start=\"1192\" data-end=\"1207\">Bluetooth 5.4<\/p>\n<\/li>\n<li data-start=\"1208\" data-end=\"1231\">\n<p data-start=\"1210\" data-end=\"1231\">Toide: AAA patareid<\/p>\n<\/li>\n<li data-start=\"1232\" data-end=\"1261\">\n<p data-start=\"1234\" data-end=\"1261\">Aku t\u00f6\u00f6aeg: kuni 60 tundi<\/p>\n<\/li>\n<li data-start=\"1262\" data-end=\"1283\">\n<p data-start=\"1264\" data-end=\"1283\">NRR (ANSI): 22 dB<\/p>\n<\/li>\n<li data-start=\"1284\" data-end=\"1305\">\n<p data-start=\"1286\" data-end=\"1305\">Kaal: umbes 350 g<\/p>\n<\/li>\n<li data-start=\"1306\" data-end=\"1338\">\n<p data-start=\"1308\" data-end=\"1338\">Veekindlus: IPXX (testimata)<\/p>\n<\/li>\n<li data-start=\"1339\" data-end=\"1375\">\n<p data-start=\"1341\" data-end=\"1375\">T\u00f6\u00f6temperatuur: \u201320\u00b0C kuni +60\u00b0C<\/p>\n<\/li>\n<\/ul>","protected":false},"excerpt":{"rendered":"<p>M300T Bluetooth kuulmiskaitsega taktikalised k\u00f5rvaklapid on t\u00e4iustatud taktikaline peakomplekt, mis on loodud professionaalseks kasutamiseks rasketes tingimustes. Need k\u00f5rvaklapid \u00fchendavad tipptasemel kuulmiskaitse ja kaasaegse juhtmevaba side tehnoloogia, muutes need ideaalseks s\u00f5jalisteks operatsioonideks, taktikalisteks missioonideks ning intensiivseks laskmiseks. Omadused: Bluetooth-\u00fchendus: v\u00f5imaldab juhtmevaba \u00fchendust mobiilseadmete ja sides\u00fcsteemidega, tagades sujuva suhtluse ja lihtsa kasutamise ilma kaabliteta. Aktiivne kuulmiskaitse: t\u00e4iustatud [&#8230;]\n","protected":false},"featured_media":7658,"template":"","meta":[],"product_brand":[],"product_cat":[66],"product_tag":[],"class_list":{"0":"post-7706","1":"product","2":"type-product","3":"status-publish","4":"has-post-thumbnail","6":"product_cat-side","8":"first","9":"instock","10":"taxable","11":"shipping-taxable","12":"purchasable","13":"product-type-simple"},"yoast_head":"<!-- This site is optimized with the Yoast SEO Premium plugin v27.3 (Yoast SEO v27.3) - https:\/\/yoast.com\/product\/yoast-seo-premium-wordpress\/ -->\n<title>M300T Sport Hearing Protector Foliage Green(Bluetooth) - Lahingurada e-pood<\/title>\n<meta name=\"description\" content=\"M300T Bluetooth kuulmiskaitsega taktikalised k\u00f5rvaklapid on t\u00e4iustatud taktikaline peakomplekt, mis on loodud professionaalseks kasutamiseks rasketes\" \/>\n<meta name=\"robots\" content=\"index, follow, max-snippet:-1, max-image-preview:large, max-video-preview:-1\" \/>\n<link rel=\"canonical\" href=\"https:\/\/lahingupood.ee\/en\/product\/m300t-sport-hearing-protector-foliage-greenbluetooth\/\" \/>\n<meta property=\"og:locale\" content=\"en_GB\" \/>\n<meta property=\"og:type\" content=\"article\" \/>\n<meta property=\"og:title\" content=\"M300T Sport Hearing Protector Foliage Green(Bluetooth)\" \/>\n<meta property=\"og:description\" content=\"M300T Bluetooth kuulmiskaitsega taktikalised k\u00f5rvaklapid on t\u00e4iustatud taktikaline peakomplekt, mis on loodud professionaalseks kasutamiseks rasketes\" \/>\n<meta property=\"og:url\" content=\"https:\/\/lahingupood.ee\/en\/product\/m300t-sport-hearing-protector-foliage-greenbluetooth\/\" \/>\n<meta property=\"og:site_name\" content=\"Lahingurada e-pood\" \/>\n<meta property=\"article:publisher\" content=\"https:\/\/www.facebook.com\/Lahingurada-629940247212967\" \/>\n<meta property=\"article:modified_time\" content=\"2026-04-12T15:15:02+00:00\" \/>\n<meta property=\"og:image\" content=\"https:\/\/lahingupood.ee\/wp-content\/uploads\/2022\/03\/lahingurada-220318.jpg\" \/>\n\t<meta property=\"og:image:width\" content=\"800\" \/>\n\t<meta property=\"og:image:height\" content=\"500\" \/>\n\t<meta property=\"og:image:type\" content=\"image\/jpeg\" \/>\n<meta name=\"twitter:card\" content=\"summary_large_image\" \/>\n<meta name=\"twitter:label1\" content=\"Estimated reading time\" \/>\n\t<meta name=\"twitter:data1\" content=\"1 minute\" \/>\n<script type=\"application\/ld+json\" class=\"yoast-schema-graph\">{\"@context\":\"https:\\\/\\\/schema.org\",\"@graph\":[{\"@type\":\"WebPage\",\"@id\":\"https:\\\/\\\/lahingupood.ee\\\/toode\\\/m300t-sport-hearing-protector-foliage-greenbluetooth\\\/\",\"url\":\"https:\\\/\\\/lahingupood.ee\\\/toode\\\/m300t-sport-hearing-protector-foliage-greenbluetooth\\\/\",\"name\":\"M300T Sport Hearing Protector Foliage Green(Bluetooth) - Lahingurada e-pood\",\"isPartOf\":{\"@id\":\"https:\\\/\\\/lahingupood.ee\\\/#website\"},\"primaryImageOfPage\":{\"@id\":\"https:\\\/\\\/lahingupood.ee\\\/toode\\\/m300t-sport-hearing-protector-foliage-greenbluetooth\\\/#primaryimage\"},\"image\":{\"@id\":\"https:\\\/\\\/lahingupood.ee\\\/toode\\\/m300t-sport-hearing-protector-foliage-greenbluetooth\\\/#primaryimage\"},\"thumbnailUrl\":\"https:\\\/\\\/lahingupood.ee\\\/wp-content\\\/uploads\\\/2025\\\/12\\\/earmor_m300t_sport_hearing_protector1.avif\",\"datePublished\":\"2026-02-25T12:42:09+00:00\",\"dateModified\":\"2026-04-12T15:15:02+00:00\",\"description\":\"M300T Bluetooth kuulmiskaitsega taktikalised k\u00f5rvaklapid on t\u00e4iustatud taktikaline peakomplekt, mis on loodud professionaalseks kasutamiseks rasketes\",\"breadcrumb\":{\"@id\":\"https:\\\/\\\/lahingupood.ee\\\/toode\\\/m300t-sport-hearing-protector-foliage-greenbluetooth\\\/#breadcrumb\"},\"inLanguage\":\"en-GB\",\"potentialAction\":[{\"@type\":\"ReadAction\",\"target\":[\"https:\\\/\\\/lahingupood.ee\\\/toode\\\/m300t-sport-hearing-protector-foliage-greenbluetooth\\\/\"]}]},{\"@type\":\"ImageObject\",\"inLanguage\":\"en-GB\",\"@id\":\"https:\\\/\\\/lahingupood.ee\\\/toode\\\/m300t-sport-hearing-protector-foliage-greenbluetooth\\\/#primaryimage\",\"url\":\"https:\\\/\\\/lahingupood.ee\\\/wp-content\\\/uploads\\\/2025\\\/12\\\/earmor_m300t_sport_hearing_protector1.avif\",\"contentUrl\":\"https:\\\/\\\/lahingupood.ee\\\/wp-content\\\/uploads\\\/2025\\\/12\\\/earmor_m300t_sport_hearing_protector1.avif\",\"width\":2800,\"height\":1960},{\"@type\":\"BreadcrumbList\",\"@id\":\"https:\\\/\\\/lahingupood.ee\\\/toode\\\/m300t-sport-hearing-protector-foliage-greenbluetooth\\\/#breadcrumb\",\"itemListElement\":[{\"@type\":\"ListItem\",\"position\":1,\"name\":\"Home\",\"item\":\"https:\\\/\\\/lahingupood.ee\\\/\"},{\"@type\":\"ListItem\",\"position\":2,\"name\":\"Tooted\",\"item\":\"https:\\\/\\\/lahingupood.ee\\\/tooted\\\/\"},{\"@type\":\"ListItem\",\"position\":3,\"name\":\"M300T Sport Hearing Protector Foliage Green(Bluetooth)\"}]},{\"@type\":\"WebSite\",\"@id\":\"https:\\\/\\\/lahingupood.ee\\\/#website\",\"url\":\"https:\\\/\\\/lahingupood.ee\\\/\",\"name\":\"Lahingurada e-pood\",\"description\":\"Airsoft\",\"publisher\":{\"@id\":\"https:\\\/\\\/lahingupood.ee\\\/#organization\"},\"potentialAction\":[{\"@type\":\"SearchAction\",\"target\":{\"@type\":\"EntryPoint\",\"urlTemplate\":\"https:\\\/\\\/lahingupood.ee\\\/?s={search_term_string}\"},\"query-input\":{\"@type\":\"PropertyValueSpecification\",\"valueRequired\":true,\"valueName\":\"search_term_string\"}}],\"inLanguage\":\"en-GB\"},{\"@type\":\"Organization\",\"@id\":\"https:\\\/\\\/lahingupood.ee\\\/#organization\",\"name\":\"Lahingurada\",\"url\":\"https:\\\/\\\/lahingupood.ee\\\/\",\"logo\":{\"@type\":\"ImageObject\",\"inLanguage\":\"en-GB\",\"@id\":\"https:\\\/\\\/lahingupood.ee\\\/#\\\/schema\\\/logo\\\/image\\\/\",\"url\":\"https:\\\/\\\/lahingupood.ee\\\/wp-content\\\/uploads\\\/2022\\\/03\\\/lahingurada-220318.jpg\",\"contentUrl\":\"https:\\\/\\\/lahingupood.ee\\\/wp-content\\\/uploads\\\/2022\\\/03\\\/lahingurada-220318.jpg\",\"width\":800,\"height\":500,\"caption\":\"Lahingurada\"},\"image\":{\"@id\":\"https:\\\/\\\/lahingupood.ee\\\/#\\\/schema\\\/logo\\\/image\\\/\"},\"sameAs\":[\"https:\\\/\\\/www.facebook.com\\\/Lahingurada-629940247212967\"]}]}<\/script>\n<!-- \/ Yoast SEO Premium plugin. -->","yoast_head_json":{"title":"M300T Sport Hearing Protector Foliage Green(Bluetooth) - Lahingurada e-pood","description":"M300T Bluetooth kuulmiskaitsega taktikalised k\u00f5rvaklapid on t\u00e4iustatud taktikaline peakomplekt, mis on loodud professionaalseks kasutamiseks rasketes","robots":{"index":"index","follow":"follow","max-snippet":"max-snippet:-1","max-image-preview":"max-image-preview:large","max-video-preview":"max-video-preview:-1"},"canonical":"https:\/\/lahingupood.ee\/en\/product\/m300t-sport-hearing-protector-foliage-greenbluetooth\/","og_locale":"en_GB","og_type":"article","og_title":"M300T Sport Hearing Protector Foliage Green(Bluetooth)","og_description":"M300T Bluetooth kuulmiskaitsega taktikalised k\u00f5rvaklapid on t\u00e4iustatud taktikaline peakomplekt, mis on loodud professionaalseks kasutamiseks rasketes","og_url":"https:\/\/lahingupood.ee\/en\/product\/m300t-sport-hearing-protector-foliage-greenbluetooth\/","og_site_name":"Lahingurada e-pood","article_publisher":"https:\/\/www.facebook.com\/Lahingurada-629940247212967","article_modified_time":"2026-04-12T15:15:02+00:00","og_image":[{"width":800,"height":500,"url":"https:\/\/lahingupood.ee\/wp-content\/uploads\/2022\/03\/lahingurada-220318.jpg","type":"image\/jpeg"}],"twitter_card":"summary_large_image","twitter_misc":{"Estimated reading time":"1 minute"},"schema":{"@context":"https:\/\/schema.org","@graph":[{"@type":"WebPage","@id":"https:\/\/lahingupood.ee\/toode\/m300t-sport-hearing-protector-foliage-greenbluetooth\/","url":"https:\/\/lahingupood.ee\/toode\/m300t-sport-hearing-protector-foliage-greenbluetooth\/","name":"M300T Sport Hearing Protector Foliage Green(Bluetooth) - Lahingurada e-pood","isPartOf":{"@id":"https:\/\/lahingupood.ee\/#website"},"primaryImageOfPage":{"@id":"https:\/\/lahingupood.ee\/toode\/m300t-sport-hearing-protector-foliage-greenbluetooth\/#primaryimage"},"image":{"@id":"https:\/\/lahingupood.ee\/toode\/m300t-sport-hearing-protector-foliage-greenbluetooth\/#primaryimage"},"thumbnailUrl":"https:\/\/lahingupood.ee\/wp-content\/uploads\/2025\/12\/earmor_m300t_sport_hearing_protector1.avif","datePublished":"2026-02-25T12:42:09+00:00","dateModified":"2026-04-12T15:15:02+00:00","description":"M300T Bluetooth kuulmiskaitsega taktikalised k\u00f5rvaklapid on t\u00e4iustatud taktikaline peakomplekt, mis on loodud professionaalseks kasutamiseks rasketes","breadcrumb":{"@id":"https:\/\/lahingupood.ee\/toode\/m300t-sport-hearing-protector-foliage-greenbluetooth\/#breadcrumb"},"inLanguage":"en-GB","potentialAction":[{"@type":"ReadAction","target":["https:\/\/lahingupood.ee\/toode\/m300t-sport-hearing-protector-foliage-greenbluetooth\/"]}]},{"@type":"ImageObject","inLanguage":"en-GB","@id":"https:\/\/lahingupood.ee\/toode\/m300t-sport-hearing-protector-foliage-greenbluetooth\/#primaryimage","url":"https:\/\/lahingupood.ee\/wp-content\/uploads\/2025\/12\/earmor_m300t_sport_hearing_protector1.avif","contentUrl":"https:\/\/lahingupood.ee\/wp-content\/uploads\/2025\/12\/earmor_m300t_sport_hearing_protector1.avif","width":2800,"height":1960},{"@type":"BreadcrumbList","@id":"https:\/\/lahingupood.ee\/toode\/m300t-sport-hearing-protector-foliage-greenbluetooth\/#breadcrumb","itemListElement":[{"@type":"ListItem","position":1,"name":"Home","item":"https:\/\/lahingupood.ee\/"},{"@type":"ListItem","position":2,"name":"Tooted","item":"https:\/\/lahingupood.ee\/tooted\/"},{"@type":"ListItem","position":3,"name":"M300T Sport Hearing Protector Foliage Green(Bluetooth)"}]},{"@type":"WebSite","@id":"https:\/\/lahingupood.ee\/#website","url":"https:\/\/lahingupood.ee\/","name":"Lahingurada e-pood","description":"Airsoft","publisher":{"@id":"https:\/\/lahingupood.ee\/#organization"},"potentialAction":[{"@type":"SearchAction","target":{"@type":"EntryPoint","urlTemplate":"https:\/\/lahingupood.ee\/?s={search_term_string}"},"query-input":{"@type":"PropertyValueSpecification","valueRequired":true,"valueName":"search_term_string"}}],"inLanguage":"en-GB"},{"@type":"Organization","@id":"https:\/\/lahingupood.ee\/#organization","name":"Lahingurada","url":"https:\/\/lahingupood.ee\/","logo":{"@type":"ImageObject","inLanguage":"en-GB","@id":"https:\/\/lahingupood.ee\/#\/schema\/logo\/image\/","url":"https:\/\/lahingupood.ee\/wp-content\/uploads\/2022\/03\/lahingurada-220318.jpg","contentUrl":"https:\/\/lahingupood.ee\/wp-content\/uploads\/2022\/03\/lahingurada-220318.jpg","width":800,"height":500,"caption":"Lahingurada"},"image":{"@id":"https:\/\/lahingupood.ee\/#\/schema\/logo\/image\/"},"sameAs":["https:\/\/www.facebook.com\/Lahingurada-629940247212967"]}]}},"_links":{"self":[{"href":"https:\/\/lahingupood.ee\/en\/wp-json\/wp\/v2\/product\/7706","targetHints":{"allow":["GET"]}}],"collection":[{"href":"https:\/\/lahingupood.ee\/en\/wp-json\/wp\/v2\/product"}],"about":[{"href":"https:\/\/lahingupood.ee\/en\/wp-json\/wp\/v2\/types\/product"}],"wp:featuredmedia":[{"embeddable":true,"href":"https:\/\/lahingupood.ee\/en\/wp-json\/wp\/v2\/media\/7658"}],"wp:attachment":[{"href":"https:\/\/lahingupood.ee\/en\/wp-json\/wp\/v2\/media?parent=7706"}],"wp:term":[{"taxonomy":"product_brand","embeddable":true,"href":"https:\/\/lahingupood.ee\/en\/wp-json\/wp\/v2\/product_brand?post=7706"},{"taxonomy":"product_cat","embeddable":true,"href":"https:\/\/lahingupood.ee\/en\/wp-json\/wp\/v2\/product_cat?post=7706"},{"taxonomy":"product_tag","embeddable":true,"href":"https:\/\/lahingupood.ee\/en\/wp-json\/wp\/v2\/product_tag?post=7706"}],"curies":[{"name":"wp","href":"https:\/\/api.w.org\/{rel}","templated":true}]}}