{"id":7700,"date":"2026-02-25T14:24:06","date_gmt":"2026-02-25T12:24:06","guid":{"rendered":"https:\/\/lahingupood.ee\/?post_type=product&#038;p=7700"},"modified":"2026-04-14T15:03:11","modified_gmt":"2026-04-14T12:03:11","slug":"mask-ja-prillid-komplekt-kasutatud","status":"publish","type":"product","link":"https:\/\/lahingupood.ee\/en\/product\/mask-ja-prillid-komplekt-kasutatud\/","title":{"rendered":"Mask ja prillid komplekt (kasutatud)"},"content":{"rendered":"<p>Airsoft mask ja prillid on kasutatud kaitsekomplekt, mis on m\u00f5eldud n\u00e4o ja silmade kaitsmiseks m\u00e4ngude ajal. Tegemist on praktilise ja sageli kuluefektiivse lahendusega m\u00e4ngijatele, kes vajavad usaldusv\u00e4\u00e4rset kaitset ilma uue varustuse t\u00e4ishinda maksmata. Selline kombinatsioon tagab, et nii silmad kui ka n\u00e4o alumine osa on kaitstud kuulide eest.<\/p>\n<p>Kasutatud komplekti puhul v\u00f5ib esineda v\u00e4ikeseid kulumisj\u00e4lgi, nagu kriimustused v\u00f5i v\u00e4rvimuutused, kuid need ei m\u00f5juta \u00fcldjuhul kaitsev\u00f5imet.<\/p>\n<p>Selline komplekt on populaarne valik algajatele ja varustuse t\u00e4iendamiseks, kuna see pakub vajalikku baaskaitset ilma suure investeeringuta. Samuti sobib see varuvarustuseks regulaarsetele m\u00e4ngijatele.<\/p>","protected":false},"excerpt":{"rendered":"<p>Airsoft mask ja prillid on kasutatud kaitsekomplekt, mis on m\u00f5eldud n\u00e4o ja silmade kaitsmiseks m\u00e4ngude ajal. Tegemist on praktilise ja sageli kuluefektiivse lahendusega m\u00e4ngijatele, kes vajavad usaldusv\u00e4\u00e4rset kaitset ilma uue varustuse t\u00e4ishinda maksmata. Selline kombinatsioon tagab, et nii silmad kui ka n\u00e4o alumine osa on kaitstud kuulide eest. Kasutatud komplekti puhul v\u00f5ib esineda v\u00e4ikeseid kulumisj\u00e4lgi, [&#8230;]\n","protected":false},"featured_media":7701,"template":"","meta":[],"product_brand":[],"product_cat":[219],"product_tag":[],"class_list":{"0":"post-7700","1":"product","2":"type-product","3":"status-publish","4":"has-post-thumbnail","6":"product_cat-kasutatud","8":"first","9":"instock","10":"sold-individually","11":"taxable","12":"shipping-taxable","13":"purchasable","14":"product-type-simple"},"yoast_head":"<!-- This site is optimized with the Yoast SEO Premium plugin v27.5 (Yoast SEO v27.5) - https:\/\/yoast.com\/product\/yoast-seo-premium-wordpress\/ -->\n<title>Airsoft mask ja prillid kasutatud<\/title>\n<meta name=\"description\" content=\"Airsoft mask ja prillid on kasutatud kaitsekomplekt, mis pakub n\u00e4o ja silmade kaitset Airsoft m\u00e4ngudes. Kasutatud m\u00f5ned korrad.\" \/>\n<meta name=\"robots\" content=\"index, follow, max-snippet:-1, max-image-preview:large, max-video-preview:-1\" \/>\n<link rel=\"canonical\" href=\"https:\/\/lahingupood.ee\/en\/product\/mask-ja-prillid-komplekt-kasutatud\/\" \/>\n<meta property=\"og:locale\" content=\"en_GB\" \/>\n<meta property=\"og:type\" content=\"article\" \/>\n<meta property=\"og:title\" content=\"Mask ja prillid komplekt (kasutatud)\" \/>\n<meta property=\"og:description\" content=\"Airsoft mask ja prillid on kasutatud kaitsekomplekt, mis pakub n\u00e4o ja silmade kaitset Airsoft m\u00e4ngudes. Kasutatud m\u00f5ned korrad.\" \/>\n<meta property=\"og:url\" content=\"https:\/\/lahingupood.ee\/en\/product\/mask-ja-prillid-komplekt-kasutatud\/\" \/>\n<meta property=\"og:site_name\" content=\"Lahingurada e-pood\" \/>\n<meta property=\"article:publisher\" content=\"https:\/\/www.facebook.com\/Lahingurada-629940247212967\" \/>\n<meta property=\"article:modified_time\" content=\"2026-04-14T12:03:11+00:00\" \/>\n<meta property=\"og:image\" content=\"https:\/\/lahingupood.ee\/wp-content\/uploads\/2022\/03\/lahingurada-220318.jpg\" \/>\n\t<meta property=\"og:image:width\" content=\"800\" \/>\n\t<meta property=\"og:image:height\" content=\"500\" \/>\n\t<meta property=\"og:image:type\" content=\"image\/jpeg\" \/>\n<meta name=\"twitter:card\" content=\"summary_large_image\" \/>\n<meta name=\"twitter:label1\" content=\"Estimated reading time\" \/>\n\t<meta name=\"twitter:data1\" content=\"1 minute\" \/>\n<script type=\"application\/ld+json\" class=\"yoast-schema-graph\">{\"@context\":\"https:\\\/\\\/schema.org\",\"@graph\":[{\"@type\":\"WebPage\",\"@id\":\"https:\\\/\\\/lahingupood.ee\\\/toode\\\/mask-ja-prillid-komplekt-kasutatud\\\/\",\"url\":\"https:\\\/\\\/lahingupood.ee\\\/toode\\\/mask-ja-prillid-komplekt-kasutatud\\\/\",\"name\":\"Airsoft mask ja prillid kasutatud\",\"isPartOf\":{\"@id\":\"https:\\\/\\\/lahingupood.ee\\\/#website\"},\"primaryImageOfPage\":{\"@id\":\"https:\\\/\\\/lahingupood.ee\\\/toode\\\/mask-ja-prillid-komplekt-kasutatud\\\/#primaryimage\"},\"image\":{\"@id\":\"https:\\\/\\\/lahingupood.ee\\\/toode\\\/mask-ja-prillid-komplekt-kasutatud\\\/#primaryimage\"},\"thumbnailUrl\":\"https:\\\/\\\/lahingupood.ee\\\/wp-content\\\/uploads\\\/2026\\\/02\\\/20260225_141304.jpg\",\"datePublished\":\"2026-02-25T12:24:06+00:00\",\"dateModified\":\"2026-04-14T12:03:11+00:00\",\"description\":\"Airsoft mask ja prillid on kasutatud kaitsekomplekt, mis pakub n\u00e4o ja silmade kaitset Airsoft m\u00e4ngudes. Kasutatud m\u00f5ned korrad.\",\"breadcrumb\":{\"@id\":\"https:\\\/\\\/lahingupood.ee\\\/toode\\\/mask-ja-prillid-komplekt-kasutatud\\\/#breadcrumb\"},\"inLanguage\":\"en-GB\",\"potentialAction\":[{\"@type\":\"ReadAction\",\"target\":[\"https:\\\/\\\/lahingupood.ee\\\/toode\\\/mask-ja-prillid-komplekt-kasutatud\\\/\"]}]},{\"@type\":\"ImageObject\",\"inLanguage\":\"en-GB\",\"@id\":\"https:\\\/\\\/lahingupood.ee\\\/toode\\\/mask-ja-prillid-komplekt-kasutatud\\\/#primaryimage\",\"url\":\"https:\\\/\\\/lahingupood.ee\\\/wp-content\\\/uploads\\\/2026\\\/02\\\/20260225_141304.jpg\",\"contentUrl\":\"https:\\\/\\\/lahingupood.ee\\\/wp-content\\\/uploads\\\/2026\\\/02\\\/20260225_141304.jpg\",\"width\":3000,\"height\":4000,\"caption\":\"Airsoft mask and goggles set used kaitsekomplekt n\u00e4o- ja silmakaitse Airsoft\"},{\"@type\":\"BreadcrumbList\",\"@id\":\"https:\\\/\\\/lahingupood.ee\\\/toode\\\/mask-ja-prillid-komplekt-kasutatud\\\/#breadcrumb\",\"itemListElement\":[{\"@type\":\"ListItem\",\"position\":1,\"name\":\"Home\",\"item\":\"https:\\\/\\\/lahingupood.ee\\\/\"},{\"@type\":\"ListItem\",\"position\":2,\"name\":\"Tooted\",\"item\":\"https:\\\/\\\/lahingupood.ee\\\/tooted\\\/\"},{\"@type\":\"ListItem\",\"position\":3,\"name\":\"Mask ja prillid komplekt (kasutatud)\"}]},{\"@type\":\"WebSite\",\"@id\":\"https:\\\/\\\/lahingupood.ee\\\/#website\",\"url\":\"https:\\\/\\\/lahingupood.ee\\\/\",\"name\":\"Lahingurada e-pood\",\"description\":\"Airsoft\",\"publisher\":{\"@id\":\"https:\\\/\\\/lahingupood.ee\\\/#organization\"},\"potentialAction\":[{\"@type\":\"SearchAction\",\"target\":{\"@type\":\"EntryPoint\",\"urlTemplate\":\"https:\\\/\\\/lahingupood.ee\\\/?s={search_term_string}\"},\"query-input\":{\"@type\":\"PropertyValueSpecification\",\"valueRequired\":true,\"valueName\":\"search_term_string\"}}],\"inLanguage\":\"en-GB\"},{\"@type\":\"Organization\",\"@id\":\"https:\\\/\\\/lahingupood.ee\\\/#organization\",\"name\":\"Lahingurada\",\"url\":\"https:\\\/\\\/lahingupood.ee\\\/\",\"logo\":{\"@type\":\"ImageObject\",\"inLanguage\":\"en-GB\",\"@id\":\"https:\\\/\\\/lahingupood.ee\\\/#\\\/schema\\\/logo\\\/image\\\/\",\"url\":\"https:\\\/\\\/lahingupood.ee\\\/wp-content\\\/uploads\\\/2022\\\/03\\\/lahingurada-220318.jpg\",\"contentUrl\":\"https:\\\/\\\/lahingupood.ee\\\/wp-content\\\/uploads\\\/2022\\\/03\\\/lahingurada-220318.jpg\",\"width\":800,\"height\":500,\"caption\":\"Lahingurada\"},\"image\":{\"@id\":\"https:\\\/\\\/lahingupood.ee\\\/#\\\/schema\\\/logo\\\/image\\\/\"},\"sameAs\":[\"https:\\\/\\\/www.facebook.com\\\/Lahingurada-629940247212967\"]}]}<\/script>\n<!-- \/ Yoast SEO Premium plugin. -->","yoast_head_json":{"title":"Airsoft mask ja prillid kasutatud","description":"Airsoft mask ja prillid on kasutatud kaitsekomplekt, mis pakub n\u00e4o ja silmade kaitset Airsoft m\u00e4ngudes. Kasutatud m\u00f5ned korrad.","robots":{"index":"index","follow":"follow","max-snippet":"max-snippet:-1","max-image-preview":"max-image-preview:large","max-video-preview":"max-video-preview:-1"},"canonical":"https:\/\/lahingupood.ee\/en\/product\/mask-ja-prillid-komplekt-kasutatud\/","og_locale":"en_GB","og_type":"article","og_title":"Mask ja prillid komplekt (kasutatud)","og_description":"Airsoft mask ja prillid on kasutatud kaitsekomplekt, mis pakub n\u00e4o ja silmade kaitset Airsoft m\u00e4ngudes. Kasutatud m\u00f5ned korrad.","og_url":"https:\/\/lahingupood.ee\/en\/product\/mask-ja-prillid-komplekt-kasutatud\/","og_site_name":"Lahingurada e-pood","article_publisher":"https:\/\/www.facebook.com\/Lahingurada-629940247212967","article_modified_time":"2026-04-14T12:03:11+00:00","og_image":[{"width":800,"height":500,"url":"https:\/\/lahingupood.ee\/wp-content\/uploads\/2022\/03\/lahingurada-220318.jpg","type":"image\/jpeg"}],"twitter_card":"summary_large_image","twitter_misc":{"Estimated reading time":"1 minute"},"schema":{"@context":"https:\/\/schema.org","@graph":[{"@type":"WebPage","@id":"https:\/\/lahingupood.ee\/toode\/mask-ja-prillid-komplekt-kasutatud\/","url":"https:\/\/lahingupood.ee\/toode\/mask-ja-prillid-komplekt-kasutatud\/","name":"Airsoft mask ja prillid kasutatud","isPartOf":{"@id":"https:\/\/lahingupood.ee\/#website"},"primaryImageOfPage":{"@id":"https:\/\/lahingupood.ee\/toode\/mask-ja-prillid-komplekt-kasutatud\/#primaryimage"},"image":{"@id":"https:\/\/lahingupood.ee\/toode\/mask-ja-prillid-komplekt-kasutatud\/#primaryimage"},"thumbnailUrl":"https:\/\/lahingupood.ee\/wp-content\/uploads\/2026\/02\/20260225_141304.jpg","datePublished":"2026-02-25T12:24:06+00:00","dateModified":"2026-04-14T12:03:11+00:00","description":"Airsoft mask ja prillid on kasutatud kaitsekomplekt, mis pakub n\u00e4o ja silmade kaitset Airsoft m\u00e4ngudes. Kasutatud m\u00f5ned korrad.","breadcrumb":{"@id":"https:\/\/lahingupood.ee\/toode\/mask-ja-prillid-komplekt-kasutatud\/#breadcrumb"},"inLanguage":"en-GB","potentialAction":[{"@type":"ReadAction","target":["https:\/\/lahingupood.ee\/toode\/mask-ja-prillid-komplekt-kasutatud\/"]}]},{"@type":"ImageObject","inLanguage":"en-GB","@id":"https:\/\/lahingupood.ee\/toode\/mask-ja-prillid-komplekt-kasutatud\/#primaryimage","url":"https:\/\/lahingupood.ee\/wp-content\/uploads\/2026\/02\/20260225_141304.jpg","contentUrl":"https:\/\/lahingupood.ee\/wp-content\/uploads\/2026\/02\/20260225_141304.jpg","width":3000,"height":4000,"caption":"Airsoft mask and goggles set used kaitsekomplekt n\u00e4o- ja silmakaitse Airsoft"},{"@type":"BreadcrumbList","@id":"https:\/\/lahingupood.ee\/toode\/mask-ja-prillid-komplekt-kasutatud\/#breadcrumb","itemListElement":[{"@type":"ListItem","position":1,"name":"Home","item":"https:\/\/lahingupood.ee\/"},{"@type":"ListItem","position":2,"name":"Tooted","item":"https:\/\/lahingupood.ee\/tooted\/"},{"@type":"ListItem","position":3,"name":"Mask ja prillid komplekt (kasutatud)"}]},{"@type":"WebSite","@id":"https:\/\/lahingupood.ee\/#website","url":"https:\/\/lahingupood.ee\/","name":"Lahingurada e-pood","description":"Airsoft","publisher":{"@id":"https:\/\/lahingupood.ee\/#organization"},"potentialAction":[{"@type":"SearchAction","target":{"@type":"EntryPoint","urlTemplate":"https:\/\/lahingupood.ee\/?s={search_term_string}"},"query-input":{"@type":"PropertyValueSpecification","valueRequired":true,"valueName":"search_term_string"}}],"inLanguage":"en-GB"},{"@type":"Organization","@id":"https:\/\/lahingupood.ee\/#organization","name":"Lahingurada","url":"https:\/\/lahingupood.ee\/","logo":{"@type":"ImageObject","inLanguage":"en-GB","@id":"https:\/\/lahingupood.ee\/#\/schema\/logo\/image\/","url":"https:\/\/lahingupood.ee\/wp-content\/uploads\/2022\/03\/lahingurada-220318.jpg","contentUrl":"https:\/\/lahingupood.ee\/wp-content\/uploads\/2022\/03\/lahingurada-220318.jpg","width":800,"height":500,"caption":"Lahingurada"},"image":{"@id":"https:\/\/lahingupood.ee\/#\/schema\/logo\/image\/"},"sameAs":["https:\/\/www.facebook.com\/Lahingurada-629940247212967"]}]}},"_links":{"self":[{"href":"https:\/\/lahingupood.ee\/en\/wp-json\/wp\/v2\/product\/7700","targetHints":{"allow":["GET"]}}],"collection":[{"href":"https:\/\/lahingupood.ee\/en\/wp-json\/wp\/v2\/product"}],"about":[{"href":"https:\/\/lahingupood.ee\/en\/wp-json\/wp\/v2\/types\/product"}],"wp:featuredmedia":[{"embeddable":true,"href":"https:\/\/lahingupood.ee\/en\/wp-json\/wp\/v2\/media\/7701"}],"wp:attachment":[{"href":"https:\/\/lahingupood.ee\/en\/wp-json\/wp\/v2\/media?parent=7700"}],"wp:term":[{"taxonomy":"product_brand","embeddable":true,"href":"https:\/\/lahingupood.ee\/en\/wp-json\/wp\/v2\/product_brand?post=7700"},{"taxonomy":"product_cat","embeddable":true,"href":"https:\/\/lahingupood.ee\/en\/wp-json\/wp\/v2\/product_cat?post=7700"},{"taxonomy":"product_tag","embeddable":true,"href":"https:\/\/lahingupood.ee\/en\/wp-json\/wp\/v2\/product_tag?post=7700"}],"curies":[{"name":"wp","href":"https:\/\/api.w.org\/{rel}","templated":true}]}}