{"id":7626,"date":"2025-11-25T14:10:52","date_gmt":"2025-11-25T12:10:52","guid":{"rendered":"https:\/\/lahingupood.ee\/?post_type=product&#038;p=7626"},"modified":"2026-04-12T18:15:01","modified_gmt":"2026-04-12T15:15:01","slug":"citadel-12mm-dice-set","status":"publish","type":"product","link":"https:\/\/lahingupood.ee\/en\/product\/citadel-12mm-dice-set\/","title":{"rendered":"CITADEL 12mm DICE SET"},"content":{"rendered":"<p>A hard-wearing, tough plastic cube containing 20 12mm dice with skull icons in place of the \u20181\u2019, this dice cube features an embossed skull lid (it\u2019s Warhammer \u2013 you can never have too many skulls!) and is stackable \u2013 create your very own multicoloured henge of dice!<\/p>\n<p>When you order, you\u2019ll randomly receive a dice cube full of dice in one of the following colours:<br \/>\n\u2013 Black<br \/>\n\u2013 Grey<br \/>\n\u2013 Green<br \/>\n\u2013 Bone<br \/>\n\u2013 Blue<br \/>\n\u2013 Red<\/p>\n<p>PS! The color will be assigned randomly; to request a specific color, please indicate your preference in the comments!<\/p>\n<p>PS! V\u00e4rv tuleb juhuslikult, kindla v\u00e4rvi saamiseks m\u00e4rkige soov kommentaarides!<\/p>","protected":false},"excerpt":{"rendered":"<p>A hard-wearing, tough plastic cube containing 20 12mm dice with skull icons in place of the \u20181\u2019, this dice cube features an embossed skull lid (it\u2019s Warhammer \u2013 you can never have too many skulls!) and is stackable \u2013 create your very own multicoloured henge of dice! When you order, you\u2019ll randomly receive a dice [&#8230;]\n","protected":false},"featured_media":7627,"template":"","meta":[],"product_brand":[],"product_cat":[226,222],"product_tag":[],"class_list":{"0":"post-7626","1":"product","2":"type-product","3":"status-publish","4":"has-post-thumbnail","6":"product_cat-lisatarvikud","7":"product_cat-warhammer","9":"first","10":"instock","11":"taxable","12":"shipping-taxable","13":"purchasable","14":"product-type-simple"},"yoast_head":"<!-- This site is optimized with the Yoast SEO Premium plugin v27.3 (Yoast SEO v27.3) - https:\/\/yoast.com\/product\/yoast-seo-premium-wordpress\/ -->\n<title>CITADEL 12mm DICE SET - Lahingurada e-pood<\/title>\n<meta name=\"description\" content=\"A hard-wearing, tough plastic cube containing 20 12mm dice with skull icons in place of the \u20181\u2019, this dice cube features an embossed skull lid (it\u2019s\" \/>\n<meta name=\"robots\" content=\"index, follow, max-snippet:-1, max-image-preview:large, max-video-preview:-1\" \/>\n<link rel=\"canonical\" href=\"https:\/\/lahingupood.ee\/en\/product\/citadel-12mm-dice-set\/\" \/>\n<meta property=\"og:locale\" content=\"en_GB\" \/>\n<meta property=\"og:type\" content=\"article\" \/>\n<meta property=\"og:title\" content=\"CITADEL 12mm DICE SET\" \/>\n<meta property=\"og:description\" content=\"A hard-wearing, tough plastic cube containing 20 12mm dice with skull icons in place of the \u20181\u2019, this dice cube features an embossed skull lid (it\u2019s\" \/>\n<meta property=\"og:url\" content=\"https:\/\/lahingupood.ee\/en\/product\/citadel-12mm-dice-set\/\" \/>\n<meta property=\"og:site_name\" content=\"Lahingurada e-pood\" \/>\n<meta property=\"article:publisher\" content=\"https:\/\/www.facebook.com\/Lahingurada-629940247212967\" \/>\n<meta property=\"article:modified_time\" content=\"2026-04-12T15:15:01+00:00\" \/>\n<meta property=\"og:image\" content=\"https:\/\/lahingupood.ee\/wp-content\/uploads\/2025\/11\/99229999142_CITGWDiceCube2.jpg\" \/>\n\t<meta property=\"og:image:width\" content=\"918\" \/>\n\t<meta property=\"og:image:height\" content=\"948\" \/>\n\t<meta property=\"og:image:type\" content=\"image\/jpeg\" \/>\n<meta name=\"twitter:card\" content=\"summary_large_image\" \/>\n<meta name=\"twitter:label1\" content=\"Estimated reading time\" \/>\n\t<meta name=\"twitter:data1\" content=\"1 minute\" \/>\n<script type=\"application\/ld+json\" class=\"yoast-schema-graph\">{\"@context\":\"https:\\\/\\\/schema.org\",\"@graph\":[{\"@type\":\"WebPage\",\"@id\":\"https:\\\/\\\/lahingupood.ee\\\/toode\\\/citadel-12mm-dice-set\\\/\",\"url\":\"https:\\\/\\\/lahingupood.ee\\\/toode\\\/citadel-12mm-dice-set\\\/\",\"name\":\"CITADEL 12mm DICE SET - Lahingurada e-pood\",\"isPartOf\":{\"@id\":\"https:\\\/\\\/lahingupood.ee\\\/#website\"},\"primaryImageOfPage\":{\"@id\":\"https:\\\/\\\/lahingupood.ee\\\/toode\\\/citadel-12mm-dice-set\\\/#primaryimage\"},\"image\":{\"@id\":\"https:\\\/\\\/lahingupood.ee\\\/toode\\\/citadel-12mm-dice-set\\\/#primaryimage\"},\"thumbnailUrl\":\"https:\\\/\\\/lahingupood.ee\\\/wp-content\\\/uploads\\\/2025\\\/11\\\/99229999142_CITGWDiceCube2.jpg\",\"datePublished\":\"2025-11-25T12:10:52+00:00\",\"dateModified\":\"2026-04-12T15:15:01+00:00\",\"description\":\"A hard-wearing, tough plastic cube containing 20 12mm dice with skull icons in place of the \u20181\u2019, this dice cube features an embossed skull lid (it\u2019s\",\"breadcrumb\":{\"@id\":\"https:\\\/\\\/lahingupood.ee\\\/toode\\\/citadel-12mm-dice-set\\\/#breadcrumb\"},\"inLanguage\":\"en-GB\",\"potentialAction\":[{\"@type\":\"ReadAction\",\"target\":[\"https:\\\/\\\/lahingupood.ee\\\/toode\\\/citadel-12mm-dice-set\\\/\"]}]},{\"@type\":\"ImageObject\",\"inLanguage\":\"en-GB\",\"@id\":\"https:\\\/\\\/lahingupood.ee\\\/toode\\\/citadel-12mm-dice-set\\\/#primaryimage\",\"url\":\"https:\\\/\\\/lahingupood.ee\\\/wp-content\\\/uploads\\\/2025\\\/11\\\/99229999142_CITGWDiceCube2.jpg\",\"contentUrl\":\"https:\\\/\\\/lahingupood.ee\\\/wp-content\\\/uploads\\\/2025\\\/11\\\/99229999142_CITGWDiceCube2.jpg\",\"width\":918,\"height\":948},{\"@type\":\"BreadcrumbList\",\"@id\":\"https:\\\/\\\/lahingupood.ee\\\/toode\\\/citadel-12mm-dice-set\\\/#breadcrumb\",\"itemListElement\":[{\"@type\":\"ListItem\",\"position\":1,\"name\":\"Home\",\"item\":\"https:\\\/\\\/lahingupood.ee\\\/\"},{\"@type\":\"ListItem\",\"position\":2,\"name\":\"Tooted\",\"item\":\"https:\\\/\\\/lahingupood.ee\\\/tooted\\\/\"},{\"@type\":\"ListItem\",\"position\":3,\"name\":\"CITADEL 12mm DICE SET\"}]},{\"@type\":\"WebSite\",\"@id\":\"https:\\\/\\\/lahingupood.ee\\\/#website\",\"url\":\"https:\\\/\\\/lahingupood.ee\\\/\",\"name\":\"Lahingurada e-pood\",\"description\":\"Airsoft\",\"publisher\":{\"@id\":\"https:\\\/\\\/lahingupood.ee\\\/#organization\"},\"potentialAction\":[{\"@type\":\"SearchAction\",\"target\":{\"@type\":\"EntryPoint\",\"urlTemplate\":\"https:\\\/\\\/lahingupood.ee\\\/?s={search_term_string}\"},\"query-input\":{\"@type\":\"PropertyValueSpecification\",\"valueRequired\":true,\"valueName\":\"search_term_string\"}}],\"inLanguage\":\"en-GB\"},{\"@type\":\"Organization\",\"@id\":\"https:\\\/\\\/lahingupood.ee\\\/#organization\",\"name\":\"Lahingurada\",\"url\":\"https:\\\/\\\/lahingupood.ee\\\/\",\"logo\":{\"@type\":\"ImageObject\",\"inLanguage\":\"en-GB\",\"@id\":\"https:\\\/\\\/lahingupood.ee\\\/#\\\/schema\\\/logo\\\/image\\\/\",\"url\":\"https:\\\/\\\/lahingupood.ee\\\/wp-content\\\/uploads\\\/2022\\\/03\\\/lahingurada-220318.jpg\",\"contentUrl\":\"https:\\\/\\\/lahingupood.ee\\\/wp-content\\\/uploads\\\/2022\\\/03\\\/lahingurada-220318.jpg\",\"width\":800,\"height\":500,\"caption\":\"Lahingurada\"},\"image\":{\"@id\":\"https:\\\/\\\/lahingupood.ee\\\/#\\\/schema\\\/logo\\\/image\\\/\"},\"sameAs\":[\"https:\\\/\\\/www.facebook.com\\\/Lahingurada-629940247212967\"]}]}<\/script>\n<!-- \/ Yoast SEO Premium plugin. -->","yoast_head_json":{"title":"CITADEL 12mm DICE SET - Lahingurada e-pood","description":"A hard-wearing, tough plastic cube containing 20 12mm dice with skull icons in place of the \u20181\u2019, this dice cube features an embossed skull lid (it\u2019s","robots":{"index":"index","follow":"follow","max-snippet":"max-snippet:-1","max-image-preview":"max-image-preview:large","max-video-preview":"max-video-preview:-1"},"canonical":"https:\/\/lahingupood.ee\/en\/product\/citadel-12mm-dice-set\/","og_locale":"en_GB","og_type":"article","og_title":"CITADEL 12mm DICE SET","og_description":"A hard-wearing, tough plastic cube containing 20 12mm dice with skull icons in place of the \u20181\u2019, this dice cube features an embossed skull lid (it\u2019s","og_url":"https:\/\/lahingupood.ee\/en\/product\/citadel-12mm-dice-set\/","og_site_name":"Lahingurada e-pood","article_publisher":"https:\/\/www.facebook.com\/Lahingurada-629940247212967","article_modified_time":"2026-04-12T15:15:01+00:00","og_image":[{"width":918,"height":948,"url":"https:\/\/lahingupood.ee\/wp-content\/uploads\/2025\/11\/99229999142_CITGWDiceCube2.jpg","type":"image\/jpeg"}],"twitter_card":"summary_large_image","twitter_misc":{"Estimated reading time":"1 minute"},"schema":{"@context":"https:\/\/schema.org","@graph":[{"@type":"WebPage","@id":"https:\/\/lahingupood.ee\/toode\/citadel-12mm-dice-set\/","url":"https:\/\/lahingupood.ee\/toode\/citadel-12mm-dice-set\/","name":"CITADEL 12mm DICE SET - Lahingurada e-pood","isPartOf":{"@id":"https:\/\/lahingupood.ee\/#website"},"primaryImageOfPage":{"@id":"https:\/\/lahingupood.ee\/toode\/citadel-12mm-dice-set\/#primaryimage"},"image":{"@id":"https:\/\/lahingupood.ee\/toode\/citadel-12mm-dice-set\/#primaryimage"},"thumbnailUrl":"https:\/\/lahingupood.ee\/wp-content\/uploads\/2025\/11\/99229999142_CITGWDiceCube2.jpg","datePublished":"2025-11-25T12:10:52+00:00","dateModified":"2026-04-12T15:15:01+00:00","description":"A hard-wearing, tough plastic cube containing 20 12mm dice with skull icons in place of the \u20181\u2019, this dice cube features an embossed skull lid (it\u2019s","breadcrumb":{"@id":"https:\/\/lahingupood.ee\/toode\/citadel-12mm-dice-set\/#breadcrumb"},"inLanguage":"en-GB","potentialAction":[{"@type":"ReadAction","target":["https:\/\/lahingupood.ee\/toode\/citadel-12mm-dice-set\/"]}]},{"@type":"ImageObject","inLanguage":"en-GB","@id":"https:\/\/lahingupood.ee\/toode\/citadel-12mm-dice-set\/#primaryimage","url":"https:\/\/lahingupood.ee\/wp-content\/uploads\/2025\/11\/99229999142_CITGWDiceCube2.jpg","contentUrl":"https:\/\/lahingupood.ee\/wp-content\/uploads\/2025\/11\/99229999142_CITGWDiceCube2.jpg","width":918,"height":948},{"@type":"BreadcrumbList","@id":"https:\/\/lahingupood.ee\/toode\/citadel-12mm-dice-set\/#breadcrumb","itemListElement":[{"@type":"ListItem","position":1,"name":"Home","item":"https:\/\/lahingupood.ee\/"},{"@type":"ListItem","position":2,"name":"Tooted","item":"https:\/\/lahingupood.ee\/tooted\/"},{"@type":"ListItem","position":3,"name":"CITADEL 12mm DICE SET"}]},{"@type":"WebSite","@id":"https:\/\/lahingupood.ee\/#website","url":"https:\/\/lahingupood.ee\/","name":"Lahingurada e-pood","description":"Airsoft","publisher":{"@id":"https:\/\/lahingupood.ee\/#organization"},"potentialAction":[{"@type":"SearchAction","target":{"@type":"EntryPoint","urlTemplate":"https:\/\/lahingupood.ee\/?s={search_term_string}"},"query-input":{"@type":"PropertyValueSpecification","valueRequired":true,"valueName":"search_term_string"}}],"inLanguage":"en-GB"},{"@type":"Organization","@id":"https:\/\/lahingupood.ee\/#organization","name":"Lahingurada","url":"https:\/\/lahingupood.ee\/","logo":{"@type":"ImageObject","inLanguage":"en-GB","@id":"https:\/\/lahingupood.ee\/#\/schema\/logo\/image\/","url":"https:\/\/lahingupood.ee\/wp-content\/uploads\/2022\/03\/lahingurada-220318.jpg","contentUrl":"https:\/\/lahingupood.ee\/wp-content\/uploads\/2022\/03\/lahingurada-220318.jpg","width":800,"height":500,"caption":"Lahingurada"},"image":{"@id":"https:\/\/lahingupood.ee\/#\/schema\/logo\/image\/"},"sameAs":["https:\/\/www.facebook.com\/Lahingurada-629940247212967"]}]}},"_links":{"self":[{"href":"https:\/\/lahingupood.ee\/en\/wp-json\/wp\/v2\/product\/7626","targetHints":{"allow":["GET"]}}],"collection":[{"href":"https:\/\/lahingupood.ee\/en\/wp-json\/wp\/v2\/product"}],"about":[{"href":"https:\/\/lahingupood.ee\/en\/wp-json\/wp\/v2\/types\/product"}],"wp:featuredmedia":[{"embeddable":true,"href":"https:\/\/lahingupood.ee\/en\/wp-json\/wp\/v2\/media\/7627"}],"wp:attachment":[{"href":"https:\/\/lahingupood.ee\/en\/wp-json\/wp\/v2\/media?parent=7626"}],"wp:term":[{"taxonomy":"product_brand","embeddable":true,"href":"https:\/\/lahingupood.ee\/en\/wp-json\/wp\/v2\/product_brand?post=7626"},{"taxonomy":"product_cat","embeddable":true,"href":"https:\/\/lahingupood.ee\/en\/wp-json\/wp\/v2\/product_cat?post=7626"},{"taxonomy":"product_tag","embeddable":true,"href":"https:\/\/lahingupood.ee\/en\/wp-json\/wp\/v2\/product_tag?post=7626"}],"curies":[{"name":"wp","href":"https:\/\/api.w.org\/{rel}","templated":true}]}}