{"id":7624,"date":"2025-11-24T20:40:18","date_gmt":"2025-11-24T18:40:18","guid":{"rendered":"https:\/\/lahingupood.ee\/?post_type=product&#038;p=7624"},"modified":"2026-05-02T19:45:03","modified_gmt":"2026-05-02T16:45:03","slug":"warhammer-skaven-paint-set","status":"publish","type":"product","link":"https:\/\/lahingupood.ee\/en\/product\/warhammer-skaven-paint-set\/","title":{"rendered":"Warhammer Age of Sigmar: Skaven + Paint Set"},"content":{"rendered":"<p data-start=\"823\" data-end=\"1010\"><strong data-start=\"823\" data-end=\"870\">Warhammer Age of Sigmar: Skaven + Paint Set<\/strong> on suurep\u00e4rane valik k\u00f5igile, kes soovivad alustada oma Skaven kollektsiooniga v\u00f5i teha esimesed sammud Warhammeri miniatuuride v\u00e4rvimises.<\/p>\n<p data-start=\"1012\" data-end=\"1280\">Skavenid on \u00f5elad rotimehed, kes jahivad v\u00f5imu iga hinna eest. Nende jaoks on tsivilisatsioon vaid takistus, mis tuleb purustada, r\u00fc\u00fcstata ja maha tallata. Nad ei peatu enne, kui Mortal Realms on muudetud k\u00f5ledaks t\u00fchermaaks, mida t\u00e4idavad kriiskavad kahjurite hordid.<\/p>\n<p data-start=\"1282\" data-end=\"1516\">Komplekt sisaldab viit plastikust <strong data-start=\"1316\" data-end=\"1334\">Skaven Clanrat<\/strong> miniatuuri erinevates poosides. Mudelid on <strong data-start=\"1378\" data-end=\"1396\">push-fit t\u00fc\u00fcpi<\/strong>, mis t\u00e4hendab, et nende kokkupanekuks ei ole vaja liimi. Vajalikud on vaid l\u00f5iketangid detailide raamilt eemaldamiseks.<\/p>\n<p data-start=\"1518\" data-end=\"1727\">Lisaks miniatuuridele on karbis olemas ka <strong data-start=\"1560\" data-end=\"1592\">Citadel Colour Starter Brush<\/strong> ja kuus 12 ml Citadel Colour v\u00e4rvi, sealhulgas p\u00f5hiv\u00e4rvid, Shade-v\u00e4rv varjutamiseks ning Technical-v\u00e4rv tekstuursete aluste loomiseks.<\/p>\n<p data-start=\"1729\" data-end=\"1854\">See komplekt sobib h\u00e4sti nii algajale Warhammeri huvilisele kui ka kogenud m\u00e4ngijale, kes soovib oma Skaven armeed laiendada.<\/p>","protected":false},"excerpt":{"rendered":"<p>Warhammer Age of Sigmar: Skaven + Paint Set on suurep\u00e4rane valik k\u00f5igile, kes soovivad alustada oma Skaven kollektsiooniga v\u00f5i teha esimesed sammud Warhammeri miniatuuride v\u00e4rvimises. Skavenid on \u00f5elad rotimehed, kes jahivad v\u00f5imu iga hinna eest. Nende jaoks on tsivilisatsioon vaid takistus, mis tuleb purustada, r\u00fc\u00fcstata ja maha tallata. Nad ei peatu enne, kui Mortal Realms [&#8230;]\n","protected":false},"featured_media":7625,"template":"","meta":[],"product_brand":[],"product_cat":[224,266,281,222],"product_tag":[],"class_list":{"0":"post-7624","1":"product","2":"type-product","3":"status-publish","4":"has-post-thumbnail","6":"product_cat-age-of-sigmar","7":"product_cat-chaos-age-of-sigmar","8":"product_cat-skaven","9":"product_cat-warhammer","11":"first","12":"instock","13":"taxable","14":"shipping-taxable","15":"purchasable","16":"product-type-simple"},"yoast_head":"<!-- This site is optimized with the Yoast SEO Premium plugin v27.5 (Yoast SEO v27.5) - https:\/\/yoast.com\/product\/yoast-seo-premium-wordpress\/ -->\n<title>Warhammer Skaven + Paint Set | Age of Sigmar<\/title>\n<meta name=\"description\" content=\"Alusta Skaven armeega! Komplektis 5 Clanrat miniatuuri, Citadel v\u00e4rvid ja pintsel. Ideaalne Warhammer Age of Sigmar algajale.\" \/>\n<meta name=\"robots\" content=\"index, follow, max-snippet:-1, max-image-preview:large, max-video-preview:-1\" \/>\n<link rel=\"canonical\" href=\"https:\/\/lahingupood.ee\/en\/product\/warhammer-skaven-paint-set\/\" \/>\n<meta property=\"og:locale\" content=\"en_GB\" \/>\n<meta property=\"og:type\" content=\"article\" \/>\n<meta property=\"og:title\" content=\"Warhammer Age of Sigmar: Skaven + Paint Set\" \/>\n<meta property=\"og:description\" content=\"Alusta Skaven armeega! Komplektis 5 Clanrat miniatuuri, Citadel v\u00e4rvid ja pintsel. Ideaalne Warhammer Age of Sigmar algajale.\" \/>\n<meta property=\"og:url\" content=\"https:\/\/lahingupood.ee\/en\/product\/warhammer-skaven-paint-set\/\" \/>\n<meta property=\"og:site_name\" content=\"Lahingurada e-pood\" \/>\n<meta property=\"article:publisher\" content=\"https:\/\/www.facebook.com\/Lahingurada-629940247212967\" \/>\n<meta property=\"article:modified_time\" content=\"2026-05-02T16:45:03+00:00\" \/>\n<meta property=\"og:image\" content=\"https:\/\/lahingupood.ee\/wp-content\/uploads\/2025\/11\/99170206001_SKAPaintSet1.jpg\" \/>\n\t<meta property=\"og:image:width\" content=\"918\" \/>\n\t<meta property=\"og:image:height\" content=\"948\" \/>\n\t<meta property=\"og:image:type\" content=\"image\/jpeg\" \/>\n<meta name=\"twitter:card\" content=\"summary_large_image\" \/>\n<meta name=\"twitter:label1\" content=\"Estimated reading time\" \/>\n\t<meta name=\"twitter:data1\" content=\"1 minute\" \/>\n<script type=\"application\/ld+json\" class=\"yoast-schema-graph\">{\"@context\":\"https:\\\/\\\/schema.org\",\"@graph\":[{\"@type\":\"WebPage\",\"@id\":\"https:\\\/\\\/lahingupood.ee\\\/toode\\\/warhammer-skaven-paint-set\\\/\",\"url\":\"https:\\\/\\\/lahingupood.ee\\\/toode\\\/warhammer-skaven-paint-set\\\/\",\"name\":\"Warhammer Skaven + Paint Set | Age of Sigmar\",\"isPartOf\":{\"@id\":\"https:\\\/\\\/lahingupood.ee\\\/#website\"},\"primaryImageOfPage\":{\"@id\":\"https:\\\/\\\/lahingupood.ee\\\/toode\\\/warhammer-skaven-paint-set\\\/#primaryimage\"},\"image\":{\"@id\":\"https:\\\/\\\/lahingupood.ee\\\/toode\\\/warhammer-skaven-paint-set\\\/#primaryimage\"},\"thumbnailUrl\":\"https:\\\/\\\/lahingupood.ee\\\/wp-content\\\/uploads\\\/2025\\\/11\\\/99170206001_SKAPaintSet1.jpg\",\"datePublished\":\"2025-11-24T18:40:18+00:00\",\"dateModified\":\"2026-05-02T16:45:03+00:00\",\"description\":\"Alusta Skaven armeega! Komplektis 5 Clanrat miniatuuri, Citadel v\u00e4rvid ja pintsel. Ideaalne Warhammer Age of Sigmar algajale.\",\"breadcrumb\":{\"@id\":\"https:\\\/\\\/lahingupood.ee\\\/toode\\\/warhammer-skaven-paint-set\\\/#breadcrumb\"},\"inLanguage\":\"en-GB\",\"potentialAction\":[{\"@type\":\"ReadAction\",\"target\":[\"https:\\\/\\\/lahingupood.ee\\\/toode\\\/warhammer-skaven-paint-set\\\/\"]}]},{\"@type\":\"ImageObject\",\"inLanguage\":\"en-GB\",\"@id\":\"https:\\\/\\\/lahingupood.ee\\\/toode\\\/warhammer-skaven-paint-set\\\/#primaryimage\",\"url\":\"https:\\\/\\\/lahingupood.ee\\\/wp-content\\\/uploads\\\/2025\\\/11\\\/99170206001_SKAPaintSet1.jpg\",\"contentUrl\":\"https:\\\/\\\/lahingupood.ee\\\/wp-content\\\/uploads\\\/2025\\\/11\\\/99170206001_SKAPaintSet1.jpg\",\"width\":918,\"height\":948,\"caption\":\"Warhammer Age of Sigmar Skaven + Paint Set karp\"},{\"@type\":\"BreadcrumbList\",\"@id\":\"https:\\\/\\\/lahingupood.ee\\\/toode\\\/warhammer-skaven-paint-set\\\/#breadcrumb\",\"itemListElement\":[{\"@type\":\"ListItem\",\"position\":1,\"name\":\"Home\",\"item\":\"https:\\\/\\\/lahingupood.ee\\\/\"},{\"@type\":\"ListItem\",\"position\":2,\"name\":\"Tooted\",\"item\":\"https:\\\/\\\/lahingupood.ee\\\/tooted\\\/\"},{\"@type\":\"ListItem\",\"position\":3,\"name\":\"Warhammer Age of Sigmar: Skaven + Paint Set\"}]},{\"@type\":\"WebSite\",\"@id\":\"https:\\\/\\\/lahingupood.ee\\\/#website\",\"url\":\"https:\\\/\\\/lahingupood.ee\\\/\",\"name\":\"Lahingurada e-pood\",\"description\":\"Airsoft\",\"publisher\":{\"@id\":\"https:\\\/\\\/lahingupood.ee\\\/#organization\"},\"potentialAction\":[{\"@type\":\"SearchAction\",\"target\":{\"@type\":\"EntryPoint\",\"urlTemplate\":\"https:\\\/\\\/lahingupood.ee\\\/?s={search_term_string}\"},\"query-input\":{\"@type\":\"PropertyValueSpecification\",\"valueRequired\":true,\"valueName\":\"search_term_string\"}}],\"inLanguage\":\"en-GB\"},{\"@type\":\"Organization\",\"@id\":\"https:\\\/\\\/lahingupood.ee\\\/#organization\",\"name\":\"Lahingurada\",\"url\":\"https:\\\/\\\/lahingupood.ee\\\/\",\"logo\":{\"@type\":\"ImageObject\",\"inLanguage\":\"en-GB\",\"@id\":\"https:\\\/\\\/lahingupood.ee\\\/#\\\/schema\\\/logo\\\/image\\\/\",\"url\":\"https:\\\/\\\/lahingupood.ee\\\/wp-content\\\/uploads\\\/2022\\\/03\\\/lahingurada-220318.jpg\",\"contentUrl\":\"https:\\\/\\\/lahingupood.ee\\\/wp-content\\\/uploads\\\/2022\\\/03\\\/lahingurada-220318.jpg\",\"width\":800,\"height\":500,\"caption\":\"Lahingurada\"},\"image\":{\"@id\":\"https:\\\/\\\/lahingupood.ee\\\/#\\\/schema\\\/logo\\\/image\\\/\"},\"sameAs\":[\"https:\\\/\\\/www.facebook.com\\\/Lahingurada-629940247212967\"]}]}<\/script>\n<!-- \/ Yoast SEO Premium plugin. -->","yoast_head_json":{"title":"Warhammer Skaven + Paint Set | Age of Sigmar","description":"Alusta Skaven armeega! Komplektis 5 Clanrat miniatuuri, Citadel v\u00e4rvid ja pintsel. Ideaalne Warhammer Age of Sigmar algajale.","robots":{"index":"index","follow":"follow","max-snippet":"max-snippet:-1","max-image-preview":"max-image-preview:large","max-video-preview":"max-video-preview:-1"},"canonical":"https:\/\/lahingupood.ee\/en\/product\/warhammer-skaven-paint-set\/","og_locale":"en_GB","og_type":"article","og_title":"Warhammer Age of Sigmar: Skaven + Paint Set","og_description":"Alusta Skaven armeega! Komplektis 5 Clanrat miniatuuri, Citadel v\u00e4rvid ja pintsel. Ideaalne Warhammer Age of Sigmar algajale.","og_url":"https:\/\/lahingupood.ee\/en\/product\/warhammer-skaven-paint-set\/","og_site_name":"Lahingurada e-pood","article_publisher":"https:\/\/www.facebook.com\/Lahingurada-629940247212967","article_modified_time":"2026-05-02T16:45:03+00:00","og_image":[{"width":918,"height":948,"url":"https:\/\/lahingupood.ee\/wp-content\/uploads\/2025\/11\/99170206001_SKAPaintSet1.jpg","type":"image\/jpeg"}],"twitter_card":"summary_large_image","twitter_misc":{"Estimated reading time":"1 minute"},"schema":{"@context":"https:\/\/schema.org","@graph":[{"@type":"WebPage","@id":"https:\/\/lahingupood.ee\/toode\/warhammer-skaven-paint-set\/","url":"https:\/\/lahingupood.ee\/toode\/warhammer-skaven-paint-set\/","name":"Warhammer Skaven + Paint Set | Age of Sigmar","isPartOf":{"@id":"https:\/\/lahingupood.ee\/#website"},"primaryImageOfPage":{"@id":"https:\/\/lahingupood.ee\/toode\/warhammer-skaven-paint-set\/#primaryimage"},"image":{"@id":"https:\/\/lahingupood.ee\/toode\/warhammer-skaven-paint-set\/#primaryimage"},"thumbnailUrl":"https:\/\/lahingupood.ee\/wp-content\/uploads\/2025\/11\/99170206001_SKAPaintSet1.jpg","datePublished":"2025-11-24T18:40:18+00:00","dateModified":"2026-05-02T16:45:03+00:00","description":"Alusta Skaven armeega! Komplektis 5 Clanrat miniatuuri, Citadel v\u00e4rvid ja pintsel. Ideaalne Warhammer Age of Sigmar algajale.","breadcrumb":{"@id":"https:\/\/lahingupood.ee\/toode\/warhammer-skaven-paint-set\/#breadcrumb"},"inLanguage":"en-GB","potentialAction":[{"@type":"ReadAction","target":["https:\/\/lahingupood.ee\/toode\/warhammer-skaven-paint-set\/"]}]},{"@type":"ImageObject","inLanguage":"en-GB","@id":"https:\/\/lahingupood.ee\/toode\/warhammer-skaven-paint-set\/#primaryimage","url":"https:\/\/lahingupood.ee\/wp-content\/uploads\/2025\/11\/99170206001_SKAPaintSet1.jpg","contentUrl":"https:\/\/lahingupood.ee\/wp-content\/uploads\/2025\/11\/99170206001_SKAPaintSet1.jpg","width":918,"height":948,"caption":"Warhammer Age of Sigmar Skaven + Paint Set karp"},{"@type":"BreadcrumbList","@id":"https:\/\/lahingupood.ee\/toode\/warhammer-skaven-paint-set\/#breadcrumb","itemListElement":[{"@type":"ListItem","position":1,"name":"Home","item":"https:\/\/lahingupood.ee\/"},{"@type":"ListItem","position":2,"name":"Tooted","item":"https:\/\/lahingupood.ee\/tooted\/"},{"@type":"ListItem","position":3,"name":"Warhammer Age of Sigmar: Skaven + Paint Set"}]},{"@type":"WebSite","@id":"https:\/\/lahingupood.ee\/#website","url":"https:\/\/lahingupood.ee\/","name":"Lahingurada e-pood","description":"Airsoft","publisher":{"@id":"https:\/\/lahingupood.ee\/#organization"},"potentialAction":[{"@type":"SearchAction","target":{"@type":"EntryPoint","urlTemplate":"https:\/\/lahingupood.ee\/?s={search_term_string}"},"query-input":{"@type":"PropertyValueSpecification","valueRequired":true,"valueName":"search_term_string"}}],"inLanguage":"en-GB"},{"@type":"Organization","@id":"https:\/\/lahingupood.ee\/#organization","name":"Lahingurada","url":"https:\/\/lahingupood.ee\/","logo":{"@type":"ImageObject","inLanguage":"en-GB","@id":"https:\/\/lahingupood.ee\/#\/schema\/logo\/image\/","url":"https:\/\/lahingupood.ee\/wp-content\/uploads\/2022\/03\/lahingurada-220318.jpg","contentUrl":"https:\/\/lahingupood.ee\/wp-content\/uploads\/2022\/03\/lahingurada-220318.jpg","width":800,"height":500,"caption":"Lahingurada"},"image":{"@id":"https:\/\/lahingupood.ee\/#\/schema\/logo\/image\/"},"sameAs":["https:\/\/www.facebook.com\/Lahingurada-629940247212967"]}]}},"_links":{"self":[{"href":"https:\/\/lahingupood.ee\/en\/wp-json\/wp\/v2\/product\/7624","targetHints":{"allow":["GET"]}}],"collection":[{"href":"https:\/\/lahingupood.ee\/en\/wp-json\/wp\/v2\/product"}],"about":[{"href":"https:\/\/lahingupood.ee\/en\/wp-json\/wp\/v2\/types\/product"}],"wp:featuredmedia":[{"embeddable":true,"href":"https:\/\/lahingupood.ee\/en\/wp-json\/wp\/v2\/media\/7625"}],"wp:attachment":[{"href":"https:\/\/lahingupood.ee\/en\/wp-json\/wp\/v2\/media?parent=7624"}],"wp:term":[{"taxonomy":"product_brand","embeddable":true,"href":"https:\/\/lahingupood.ee\/en\/wp-json\/wp\/v2\/product_brand?post=7624"},{"taxonomy":"product_cat","embeddable":true,"href":"https:\/\/lahingupood.ee\/en\/wp-json\/wp\/v2\/product_cat?post=7624"},{"taxonomy":"product_tag","embeddable":true,"href":"https:\/\/lahingupood.ee\/en\/wp-json\/wp\/v2\/product_tag?post=7624"}],"curies":[{"name":"wp","href":"https:\/\/api.w.org\/{rel}","templated":true}]}}