{"id":7617,"date":"2025-11-24T20:28:07","date_gmt":"2025-11-24T18:28:07","guid":{"rendered":"https:\/\/lahingupood.ee\/?post_type=product&#038;p=7617"},"modified":"2026-05-02T19:45:06","modified_gmt":"2026-05-02T16:45:06","slug":"soulblight-gravelords-othar-the-half-king","status":"publish","type":"product","link":"https:\/\/lahingupood.ee\/en\/product\/soulblight-gravelords-othar-the-half-king\/","title":{"rendered":"Warhammer Age of Sigmar: Soulblight Gravelords Othar the Half-King"},"content":{"rendered":"<p data-start=\"799\" data-end=\"984\"><strong data-start=\"799\" data-end=\"869\">Warhammer Age of Sigmar: Soulblight Gravelords Othar the Half-King<\/strong> on iseloomukas miniatuur. See sobib h\u00e4sti Soulblight Gravelords v\u00e4gede juhiks v\u00f5i eriliseks kollektsioonimudeliks.<\/p>\n<p data-start=\"986\" data-end=\"1177\">Soulblight Gravelords on surmatud aadlikud ja vampiirilised valitsejad. Nad juhivad lahingusse veriseid armeesid. Nende v\u00e4ed koosnevad luukeredest, zombidest, r\u00fc\u00fctlitest ja muudest \u00f5udustest.<\/p>\n<p data-start=\"1179\" data-end=\"1382\"><strong data-start=\"1179\" data-end=\"1202\">Othar the Half-King<\/strong> lisab armeele tugeva karakteriga tegelaskuju. Mudel sobib h\u00e4sti Warhammer Age of Sigmar m\u00e4ngijale. See on hea valik ka kollektsion\u00e4\u00e4rile, kes hindab erilise v\u00e4limusega miniatuure.<\/p>\n<p data-start=\"1384\" data-end=\"1525\">Miniatuur sobib kasutamiseks m\u00e4ngulaual, maalimisprojektina v\u00f5i vitriinimudelina. See t\u00e4iendab h\u00e4sti iga Soulblight Gravelords kollektsiooni.<\/p>","protected":false},"excerpt":{"rendered":"<p>Warhammer Age of Sigmar: Soulblight Gravelords Othar the Half-King on iseloomukas miniatuur. See sobib h\u00e4sti Soulblight Gravelords v\u00e4gede juhiks v\u00f5i eriliseks kollektsioonimudeliks. Soulblight Gravelords on surmatud aadlikud ja vampiirilised valitsejad. Nad juhivad lahingusse veriseid armeesid. Nende v\u00e4ed koosnevad luukeredest, zombidest, r\u00fc\u00fctlitest ja muudest \u00f5udustest. Othar the Half-King lisab armeele tugeva karakteriga tegelaskuju. Mudel sobib h\u00e4sti [&#8230;]\n","protected":false},"featured_media":7618,"template":"","meta":[],"product_brand":[],"product_cat":[224,265,275,222],"product_tag":[],"class_list":{"0":"post-7617","1":"product","2":"type-product","3":"status-publish","4":"has-post-thumbnail","6":"product_cat-age-of-sigmar","7":"product_cat-death","8":"product_cat-soulblight-gravelords","9":"product_cat-warhammer","11":"first","12":"instock","13":"sale","14":"taxable","15":"shipping-taxable","16":"purchasable","17":"product-type-simple"},"yoast_head":"<!-- This site is optimized with the Yoast SEO Premium plugin v27.5 (Yoast SEO v27.5) - https:\/\/yoast.com\/product\/yoast-seo-premium-wordpress\/ -->\n<title>Othar the Half-King | Soulblight Gravelords<\/title>\n<meta name=\"description\" content=\"Lisa oma Soulblight Gravelords armeesse Othar the Half-King. Detailne Warhammer Age of Sigmar miniatuur m\u00e4ngimiseks ja kollektsioneerimiseks.\" \/>\n<meta name=\"robots\" content=\"index, follow, max-snippet:-1, max-image-preview:large, max-video-preview:-1\" \/>\n<link rel=\"canonical\" href=\"https:\/\/lahingupood.ee\/en\/product\/soulblight-gravelords-othar-the-half-king\/\" \/>\n<meta property=\"og:locale\" content=\"en_GB\" \/>\n<meta property=\"og:type\" content=\"article\" \/>\n<meta property=\"og:title\" content=\"Warhammer Age of Sigmar: Soulblight Gravelords Othar the Half-King\" \/>\n<meta property=\"og:description\" content=\"Lisa oma Soulblight Gravelords armeesse Othar the Half-King. Detailne Warhammer Age of Sigmar miniatuur m\u00e4ngimiseks ja kollektsioneerimiseks.\" \/>\n<meta property=\"og:url\" content=\"https:\/\/lahingupood.ee\/en\/product\/soulblight-gravelords-othar-the-half-king\/\" \/>\n<meta property=\"og:site_name\" content=\"Lahingurada e-pood\" \/>\n<meta property=\"article:publisher\" content=\"https:\/\/www.facebook.com\/Lahingurada-629940247212967\" \/>\n<meta property=\"article:modified_time\" content=\"2026-05-02T16:45:06+00:00\" \/>\n<meta property=\"og:image\" content=\"https:\/\/lahingupood.ee\/wp-content\/uploads\/2025\/11\/Warhammer-AOS-Othar-Half-King-Soulblight-Gravelords-Commemorative-Series.webp\" \/>\n\t<meta property=\"og:image:width\" content=\"480\" \/>\n\t<meta property=\"og:image:height\" content=\"640\" \/>\n\t<meta property=\"og:image:type\" content=\"image\/webp\" \/>\n<meta name=\"twitter:card\" content=\"summary_large_image\" \/>\n<meta name=\"twitter:label1\" content=\"Estimated reading time\" \/>\n\t<meta name=\"twitter:data1\" content=\"1 minute\" \/>\n<script type=\"application\/ld+json\" class=\"yoast-schema-graph\">{\"@context\":\"https:\\\/\\\/schema.org\",\"@graph\":[{\"@type\":\"WebPage\",\"@id\":\"https:\\\/\\\/lahingupood.ee\\\/toode\\\/soulblight-gravelords-othar-the-half-king\\\/\",\"url\":\"https:\\\/\\\/lahingupood.ee\\\/toode\\\/soulblight-gravelords-othar-the-half-king\\\/\",\"name\":\"Othar the Half-King | Soulblight Gravelords\",\"isPartOf\":{\"@id\":\"https:\\\/\\\/lahingupood.ee\\\/#website\"},\"primaryImageOfPage\":{\"@id\":\"https:\\\/\\\/lahingupood.ee\\\/toode\\\/soulblight-gravelords-othar-the-half-king\\\/#primaryimage\"},\"image\":{\"@id\":\"https:\\\/\\\/lahingupood.ee\\\/toode\\\/soulblight-gravelords-othar-the-half-king\\\/#primaryimage\"},\"thumbnailUrl\":\"https:\\\/\\\/lahingupood.ee\\\/wp-content\\\/uploads\\\/2025\\\/11\\\/Warhammer-AOS-Othar-Half-King-Soulblight-Gravelords-Commemorative-Series.webp\",\"datePublished\":\"2025-11-24T18:28:07+00:00\",\"dateModified\":\"2026-05-02T16:45:06+00:00\",\"description\":\"Lisa oma Soulblight Gravelords armeesse Othar the Half-King. Detailne Warhammer Age of Sigmar miniatuur m\u00e4ngimiseks ja kollektsioneerimiseks.\",\"breadcrumb\":{\"@id\":\"https:\\\/\\\/lahingupood.ee\\\/toode\\\/soulblight-gravelords-othar-the-half-king\\\/#breadcrumb\"},\"inLanguage\":\"en-GB\",\"potentialAction\":[{\"@type\":\"ReadAction\",\"target\":[\"https:\\\/\\\/lahingupood.ee\\\/toode\\\/soulblight-gravelords-othar-the-half-king\\\/\"]}]},{\"@type\":\"ImageObject\",\"inLanguage\":\"en-GB\",\"@id\":\"https:\\\/\\\/lahingupood.ee\\\/toode\\\/soulblight-gravelords-othar-the-half-king\\\/#primaryimage\",\"url\":\"https:\\\/\\\/lahingupood.ee\\\/wp-content\\\/uploads\\\/2025\\\/11\\\/Warhammer-AOS-Othar-Half-King-Soulblight-Gravelords-Commemorative-Series.webp\",\"contentUrl\":\"https:\\\/\\\/lahingupood.ee\\\/wp-content\\\/uploads\\\/2025\\\/11\\\/Warhammer-AOS-Othar-Half-King-Soulblight-Gravelords-Commemorative-Series.webp\",\"width\":480,\"height\":640},{\"@type\":\"BreadcrumbList\",\"@id\":\"https:\\\/\\\/lahingupood.ee\\\/toode\\\/soulblight-gravelords-othar-the-half-king\\\/#breadcrumb\",\"itemListElement\":[{\"@type\":\"ListItem\",\"position\":1,\"name\":\"Home\",\"item\":\"https:\\\/\\\/lahingupood.ee\\\/\"},{\"@type\":\"ListItem\",\"position\":2,\"name\":\"Tooted\",\"item\":\"https:\\\/\\\/lahingupood.ee\\\/tooted\\\/\"},{\"@type\":\"ListItem\",\"position\":3,\"name\":\"Warhammer Age of Sigmar: Soulblight Gravelords Othar the Half-King\"}]},{\"@type\":\"WebSite\",\"@id\":\"https:\\\/\\\/lahingupood.ee\\\/#website\",\"url\":\"https:\\\/\\\/lahingupood.ee\\\/\",\"name\":\"Lahingurada e-pood\",\"description\":\"Airsoft\",\"publisher\":{\"@id\":\"https:\\\/\\\/lahingupood.ee\\\/#organization\"},\"potentialAction\":[{\"@type\":\"SearchAction\",\"target\":{\"@type\":\"EntryPoint\",\"urlTemplate\":\"https:\\\/\\\/lahingupood.ee\\\/?s={search_term_string}\"},\"query-input\":{\"@type\":\"PropertyValueSpecification\",\"valueRequired\":true,\"valueName\":\"search_term_string\"}}],\"inLanguage\":\"en-GB\"},{\"@type\":\"Organization\",\"@id\":\"https:\\\/\\\/lahingupood.ee\\\/#organization\",\"name\":\"Lahingurada\",\"url\":\"https:\\\/\\\/lahingupood.ee\\\/\",\"logo\":{\"@type\":\"ImageObject\",\"inLanguage\":\"en-GB\",\"@id\":\"https:\\\/\\\/lahingupood.ee\\\/#\\\/schema\\\/logo\\\/image\\\/\",\"url\":\"https:\\\/\\\/lahingupood.ee\\\/wp-content\\\/uploads\\\/2022\\\/03\\\/lahingurada-220318.jpg\",\"contentUrl\":\"https:\\\/\\\/lahingupood.ee\\\/wp-content\\\/uploads\\\/2022\\\/03\\\/lahingurada-220318.jpg\",\"width\":800,\"height\":500,\"caption\":\"Lahingurada\"},\"image\":{\"@id\":\"https:\\\/\\\/lahingupood.ee\\\/#\\\/schema\\\/logo\\\/image\\\/\"},\"sameAs\":[\"https:\\\/\\\/www.facebook.com\\\/Lahingurada-629940247212967\"]}]}<\/script>\n<!-- \/ Yoast SEO Premium plugin. -->","yoast_head_json":{"title":"Othar the Half-King | Soulblight Gravelords","description":"Lisa oma Soulblight Gravelords armeesse Othar the Half-King. Detailne Warhammer Age of Sigmar miniatuur m\u00e4ngimiseks ja kollektsioneerimiseks.","robots":{"index":"index","follow":"follow","max-snippet":"max-snippet:-1","max-image-preview":"max-image-preview:large","max-video-preview":"max-video-preview:-1"},"canonical":"https:\/\/lahingupood.ee\/en\/product\/soulblight-gravelords-othar-the-half-king\/","og_locale":"en_GB","og_type":"article","og_title":"Warhammer Age of Sigmar: Soulblight Gravelords Othar the Half-King","og_description":"Lisa oma Soulblight Gravelords armeesse Othar the Half-King. Detailne Warhammer Age of Sigmar miniatuur m\u00e4ngimiseks ja kollektsioneerimiseks.","og_url":"https:\/\/lahingupood.ee\/en\/product\/soulblight-gravelords-othar-the-half-king\/","og_site_name":"Lahingurada e-pood","article_publisher":"https:\/\/www.facebook.com\/Lahingurada-629940247212967","article_modified_time":"2026-05-02T16:45:06+00:00","og_image":[{"width":480,"height":640,"url":"https:\/\/lahingupood.ee\/wp-content\/uploads\/2025\/11\/Warhammer-AOS-Othar-Half-King-Soulblight-Gravelords-Commemorative-Series.webp","type":"image\/webp"}],"twitter_card":"summary_large_image","twitter_misc":{"Estimated reading time":"1 minute"},"schema":{"@context":"https:\/\/schema.org","@graph":[{"@type":"WebPage","@id":"https:\/\/lahingupood.ee\/toode\/soulblight-gravelords-othar-the-half-king\/","url":"https:\/\/lahingupood.ee\/toode\/soulblight-gravelords-othar-the-half-king\/","name":"Othar the Half-King | Soulblight Gravelords","isPartOf":{"@id":"https:\/\/lahingupood.ee\/#website"},"primaryImageOfPage":{"@id":"https:\/\/lahingupood.ee\/toode\/soulblight-gravelords-othar-the-half-king\/#primaryimage"},"image":{"@id":"https:\/\/lahingupood.ee\/toode\/soulblight-gravelords-othar-the-half-king\/#primaryimage"},"thumbnailUrl":"https:\/\/lahingupood.ee\/wp-content\/uploads\/2025\/11\/Warhammer-AOS-Othar-Half-King-Soulblight-Gravelords-Commemorative-Series.webp","datePublished":"2025-11-24T18:28:07+00:00","dateModified":"2026-05-02T16:45:06+00:00","description":"Lisa oma Soulblight Gravelords armeesse Othar the Half-King. Detailne Warhammer Age of Sigmar miniatuur m\u00e4ngimiseks ja kollektsioneerimiseks.","breadcrumb":{"@id":"https:\/\/lahingupood.ee\/toode\/soulblight-gravelords-othar-the-half-king\/#breadcrumb"},"inLanguage":"en-GB","potentialAction":[{"@type":"ReadAction","target":["https:\/\/lahingupood.ee\/toode\/soulblight-gravelords-othar-the-half-king\/"]}]},{"@type":"ImageObject","inLanguage":"en-GB","@id":"https:\/\/lahingupood.ee\/toode\/soulblight-gravelords-othar-the-half-king\/#primaryimage","url":"https:\/\/lahingupood.ee\/wp-content\/uploads\/2025\/11\/Warhammer-AOS-Othar-Half-King-Soulblight-Gravelords-Commemorative-Series.webp","contentUrl":"https:\/\/lahingupood.ee\/wp-content\/uploads\/2025\/11\/Warhammer-AOS-Othar-Half-King-Soulblight-Gravelords-Commemorative-Series.webp","width":480,"height":640},{"@type":"BreadcrumbList","@id":"https:\/\/lahingupood.ee\/toode\/soulblight-gravelords-othar-the-half-king\/#breadcrumb","itemListElement":[{"@type":"ListItem","position":1,"name":"Home","item":"https:\/\/lahingupood.ee\/"},{"@type":"ListItem","position":2,"name":"Tooted","item":"https:\/\/lahingupood.ee\/tooted\/"},{"@type":"ListItem","position":3,"name":"Warhammer Age of Sigmar: Soulblight Gravelords Othar the Half-King"}]},{"@type":"WebSite","@id":"https:\/\/lahingupood.ee\/#website","url":"https:\/\/lahingupood.ee\/","name":"Lahingurada e-pood","description":"Airsoft","publisher":{"@id":"https:\/\/lahingupood.ee\/#organization"},"potentialAction":[{"@type":"SearchAction","target":{"@type":"EntryPoint","urlTemplate":"https:\/\/lahingupood.ee\/?s={search_term_string}"},"query-input":{"@type":"PropertyValueSpecification","valueRequired":true,"valueName":"search_term_string"}}],"inLanguage":"en-GB"},{"@type":"Organization","@id":"https:\/\/lahingupood.ee\/#organization","name":"Lahingurada","url":"https:\/\/lahingupood.ee\/","logo":{"@type":"ImageObject","inLanguage":"en-GB","@id":"https:\/\/lahingupood.ee\/#\/schema\/logo\/image\/","url":"https:\/\/lahingupood.ee\/wp-content\/uploads\/2022\/03\/lahingurada-220318.jpg","contentUrl":"https:\/\/lahingupood.ee\/wp-content\/uploads\/2022\/03\/lahingurada-220318.jpg","width":800,"height":500,"caption":"Lahingurada"},"image":{"@id":"https:\/\/lahingupood.ee\/#\/schema\/logo\/image\/"},"sameAs":["https:\/\/www.facebook.com\/Lahingurada-629940247212967"]}]}},"_links":{"self":[{"href":"https:\/\/lahingupood.ee\/en\/wp-json\/wp\/v2\/product\/7617","targetHints":{"allow":["GET"]}}],"collection":[{"href":"https:\/\/lahingupood.ee\/en\/wp-json\/wp\/v2\/product"}],"about":[{"href":"https:\/\/lahingupood.ee\/en\/wp-json\/wp\/v2\/types\/product"}],"wp:featuredmedia":[{"embeddable":true,"href":"https:\/\/lahingupood.ee\/en\/wp-json\/wp\/v2\/media\/7618"}],"wp:attachment":[{"href":"https:\/\/lahingupood.ee\/en\/wp-json\/wp\/v2\/media?parent=7617"}],"wp:term":[{"taxonomy":"product_brand","embeddable":true,"href":"https:\/\/lahingupood.ee\/en\/wp-json\/wp\/v2\/product_brand?post=7617"},{"taxonomy":"product_cat","embeddable":true,"href":"https:\/\/lahingupood.ee\/en\/wp-json\/wp\/v2\/product_cat?post=7617"},{"taxonomy":"product_tag","embeddable":true,"href":"https:\/\/lahingupood.ee\/en\/wp-json\/wp\/v2\/product_tag?post=7617"}],"curies":[{"name":"wp","href":"https:\/\/api.w.org\/{rel}","templated":true}]}}