{"id":7610,"date":"2025-11-24T20:10:51","date_gmt":"2025-11-24T18:10:51","guid":{"rendered":"https:\/\/lahingupood.ee\/?post_type=product&#038;p=7610"},"modified":"2026-05-02T20:30:04","modified_gmt":"2026-05-02T17:30:04","slug":"contrast-skeleton-horde-18ml","status":"publish","type":"product","link":"https:\/\/lahingupood.ee\/en\/product\/contrast-skeleton-horde-18ml\/","title":{"rendered":"CONTRAST: SKELETON HORDE (18ML)"},"content":{"rendered":"<p>Skeleton Horde Contrast paint on Citadel Contrast seeria v\u00e4rv, mis on loodud luude, koljude ja vananenud materjalide realistlikuks v\u00e4rvimiseks Warhammer miniatuuridel. V\u00e4rv annab naturaalse, kergelt m\u00e4\u00e4rdunud ja kulunud efekti, mis sobib ideaalselt \u201cgrimdark\u201d stiiliga miniatuuridele. V\u00e4rv loob automaatselt varjud ning toonierinevused. 18ml potsik on mugav kasutada-<\/p>","protected":false},"excerpt":{"rendered":"<p>Skeleton Horde Contrast paint on Citadel Contrast seeria v\u00e4rv, mis on loodud luude, koljude ja vananenud materjalide realistlikuks v\u00e4rvimiseks Warhammer miniatuuridel. V\u00e4rv annab naturaalse, kergelt m\u00e4\u00e4rdunud ja kulunud efekti, mis sobib ideaalselt \u201cgrimdark\u201d stiiliga miniatuuridele. V\u00e4rv loob automaatselt varjud ning toonierinevused. 18ml potsik on mugav kasutada-<\/p>","protected":false},"featured_media":7477,"template":"","meta":[],"product_brand":[],"product_cat":[225,222],"product_tag":[],"class_list":{"0":"post-7610","1":"product","2":"type-product","3":"status-publish","4":"has-post-thumbnail","6":"product_cat-varvid","7":"product_cat-warhammer","9":"first","10":"instock","11":"taxable","12":"shipping-taxable","13":"purchasable","14":"product-type-simple"},"yoast_head":"<!-- This site is optimized with the Yoast SEO Premium plugin v27.5 (Yoast SEO v27.5) - https:\/\/yoast.com\/product\/yoast-seo-premium-wordpress\/ -->\n<title>Skeleton Horde Contrast paint 18ml \u2013 Citadel Contrast v\u00e4rv<\/title>\n<meta name=\"description\" content=\"Skeleton Horde Contrast paint 18ml on Citadel Contrast v\u00e4rv luude, koljude ja vananenud pindade jaoks. Loomulik varjutus \u00fche kihiga.\" \/>\n<meta name=\"robots\" content=\"index, follow, max-snippet:-1, max-image-preview:large, max-video-preview:-1\" \/>\n<link rel=\"canonical\" href=\"https:\/\/lahingupood.ee\/en\/product\/contrast-skeleton-horde-18ml\/\" \/>\n<meta property=\"og:locale\" content=\"en_GB\" \/>\n<meta property=\"og:type\" content=\"article\" \/>\n<meta property=\"og:title\" content=\"CONTRAST: SKELETON HORDE (18ML)\" \/>\n<meta property=\"og:description\" content=\"Skeleton Horde Contrast paint 18ml on Citadel Contrast v\u00e4rv luude, koljude ja vananenud pindade jaoks. Loomulik varjutus \u00fche kihiga.\" \/>\n<meta property=\"og:url\" content=\"https:\/\/lahingupood.ee\/en\/product\/contrast-skeleton-horde-18ml\/\" \/>\n<meta property=\"og:site_name\" content=\"Lahingurada e-pood\" \/>\n<meta property=\"article:publisher\" content=\"https:\/\/www.facebook.com\/Lahingurada-629940247212967\" \/>\n<meta property=\"article:modified_time\" content=\"2026-05-02T17:30:04+00:00\" \/>\n<meta property=\"og:image\" content=\"https:\/\/lahingupood.ee\/wp-content\/uploads\/2025\/11\/BSF-29-26-9918996001706-Skeleton-Horde.jpg\" \/>\n\t<meta property=\"og:image:width\" content=\"1920\" \/>\n\t<meta property=\"og:image:height\" content=\"1920\" \/>\n\t<meta property=\"og:image:type\" content=\"image\/jpeg\" \/>\n<meta name=\"twitter:card\" content=\"summary_large_image\" \/>\n<meta name=\"twitter:label1\" content=\"Estimated reading time\" \/>\n\t<meta name=\"twitter:data1\" content=\"1 minute\" \/>\n<script type=\"application\/ld+json\" class=\"yoast-schema-graph\">{\"@context\":\"https:\\\/\\\/schema.org\",\"@graph\":[{\"@type\":\"WebPage\",\"@id\":\"https:\\\/\\\/lahingupood.ee\\\/toode\\\/contrast-skeleton-horde-18ml\\\/\",\"url\":\"https:\\\/\\\/lahingupood.ee\\\/toode\\\/contrast-skeleton-horde-18ml\\\/\",\"name\":\"Skeleton Horde Contrast paint 18ml \u2013 Citadel Contrast v\u00e4rv\",\"isPartOf\":{\"@id\":\"https:\\\/\\\/lahingupood.ee\\\/#website\"},\"primaryImageOfPage\":{\"@id\":\"https:\\\/\\\/lahingupood.ee\\\/toode\\\/contrast-skeleton-horde-18ml\\\/#primaryimage\"},\"image\":{\"@id\":\"https:\\\/\\\/lahingupood.ee\\\/toode\\\/contrast-skeleton-horde-18ml\\\/#primaryimage\"},\"thumbnailUrl\":\"https:\\\/\\\/lahingupood.ee\\\/wp-content\\\/uploads\\\/2025\\\/11\\\/BSF-29-26-9918996001706-Skeleton-Horde.jpg\",\"datePublished\":\"2025-11-24T18:10:51+00:00\",\"dateModified\":\"2026-05-02T17:30:04+00:00\",\"description\":\"Skeleton Horde Contrast paint 18ml on Citadel Contrast v\u00e4rv luude, koljude ja vananenud pindade jaoks. Loomulik varjutus \u00fche kihiga.\",\"breadcrumb\":{\"@id\":\"https:\\\/\\\/lahingupood.ee\\\/toode\\\/contrast-skeleton-horde-18ml\\\/#breadcrumb\"},\"inLanguage\":\"en-GB\",\"potentialAction\":[{\"@type\":\"ReadAction\",\"target\":[\"https:\\\/\\\/lahingupood.ee\\\/toode\\\/contrast-skeleton-horde-18ml\\\/\"]}]},{\"@type\":\"ImageObject\",\"inLanguage\":\"en-GB\",\"@id\":\"https:\\\/\\\/lahingupood.ee\\\/toode\\\/contrast-skeleton-horde-18ml\\\/#primaryimage\",\"url\":\"https:\\\/\\\/lahingupood.ee\\\/wp-content\\\/uploads\\\/2025\\\/11\\\/BSF-29-26-9918996001706-Skeleton-Horde.jpg\",\"contentUrl\":\"https:\\\/\\\/lahingupood.ee\\\/wp-content\\\/uploads\\\/2025\\\/11\\\/BSF-29-26-9918996001706-Skeleton-Horde.jpg\",\"width\":1920,\"height\":1920,\"caption\":\"Skeleton Horde Contrast paint \u2013 Citadel Contrast v\u00e4rv luude ja koljude realistlikuks v\u00e4rvimiseks.\"},{\"@type\":\"BreadcrumbList\",\"@id\":\"https:\\\/\\\/lahingupood.ee\\\/toode\\\/contrast-skeleton-horde-18ml\\\/#breadcrumb\",\"itemListElement\":[{\"@type\":\"ListItem\",\"position\":1,\"name\":\"Home\",\"item\":\"https:\\\/\\\/lahingupood.ee\\\/\"},{\"@type\":\"ListItem\",\"position\":2,\"name\":\"Tooted\",\"item\":\"https:\\\/\\\/lahingupood.ee\\\/tooted\\\/\"},{\"@type\":\"ListItem\",\"position\":3,\"name\":\"CONTRAST: SKELETON HORDE (18ML)\"}]},{\"@type\":\"WebSite\",\"@id\":\"https:\\\/\\\/lahingupood.ee\\\/#website\",\"url\":\"https:\\\/\\\/lahingupood.ee\\\/\",\"name\":\"Lahingurada e-pood\",\"description\":\"Airsoft\",\"publisher\":{\"@id\":\"https:\\\/\\\/lahingupood.ee\\\/#organization\"},\"potentialAction\":[{\"@type\":\"SearchAction\",\"target\":{\"@type\":\"EntryPoint\",\"urlTemplate\":\"https:\\\/\\\/lahingupood.ee\\\/?s={search_term_string}\"},\"query-input\":{\"@type\":\"PropertyValueSpecification\",\"valueRequired\":true,\"valueName\":\"search_term_string\"}}],\"inLanguage\":\"en-GB\"},{\"@type\":\"Organization\",\"@id\":\"https:\\\/\\\/lahingupood.ee\\\/#organization\",\"name\":\"Lahingurada\",\"url\":\"https:\\\/\\\/lahingupood.ee\\\/\",\"logo\":{\"@type\":\"ImageObject\",\"inLanguage\":\"en-GB\",\"@id\":\"https:\\\/\\\/lahingupood.ee\\\/#\\\/schema\\\/logo\\\/image\\\/\",\"url\":\"https:\\\/\\\/lahingupood.ee\\\/wp-content\\\/uploads\\\/2022\\\/03\\\/lahingurada-220318.jpg\",\"contentUrl\":\"https:\\\/\\\/lahingupood.ee\\\/wp-content\\\/uploads\\\/2022\\\/03\\\/lahingurada-220318.jpg\",\"width\":800,\"height\":500,\"caption\":\"Lahingurada\"},\"image\":{\"@id\":\"https:\\\/\\\/lahingupood.ee\\\/#\\\/schema\\\/logo\\\/image\\\/\"},\"sameAs\":[\"https:\\\/\\\/www.facebook.com\\\/Lahingurada-629940247212967\"]}]}<\/script>\n<!-- \/ Yoast SEO Premium plugin. -->","yoast_head_json":{"title":"Skeleton Horde Contrast paint 18ml \u2013 Citadel Contrast v\u00e4rv","description":"Skeleton Horde Contrast paint 18ml on Citadel Contrast v\u00e4rv luude, koljude ja vananenud pindade jaoks. Loomulik varjutus \u00fche kihiga.","robots":{"index":"index","follow":"follow","max-snippet":"max-snippet:-1","max-image-preview":"max-image-preview:large","max-video-preview":"max-video-preview:-1"},"canonical":"https:\/\/lahingupood.ee\/en\/product\/contrast-skeleton-horde-18ml\/","og_locale":"en_GB","og_type":"article","og_title":"CONTRAST: SKELETON HORDE (18ML)","og_description":"Skeleton Horde Contrast paint 18ml on Citadel Contrast v\u00e4rv luude, koljude ja vananenud pindade jaoks. Loomulik varjutus \u00fche kihiga.","og_url":"https:\/\/lahingupood.ee\/en\/product\/contrast-skeleton-horde-18ml\/","og_site_name":"Lahingurada e-pood","article_publisher":"https:\/\/www.facebook.com\/Lahingurada-629940247212967","article_modified_time":"2026-05-02T17:30:04+00:00","og_image":[{"width":1920,"height":1920,"url":"https:\/\/lahingupood.ee\/wp-content\/uploads\/2025\/11\/BSF-29-26-9918996001706-Skeleton-Horde.jpg","type":"image\/jpeg"}],"twitter_card":"summary_large_image","twitter_misc":{"Estimated reading time":"1 minute"},"schema":{"@context":"https:\/\/schema.org","@graph":[{"@type":"WebPage","@id":"https:\/\/lahingupood.ee\/toode\/contrast-skeleton-horde-18ml\/","url":"https:\/\/lahingupood.ee\/toode\/contrast-skeleton-horde-18ml\/","name":"Skeleton Horde Contrast paint 18ml \u2013 Citadel Contrast v\u00e4rv","isPartOf":{"@id":"https:\/\/lahingupood.ee\/#website"},"primaryImageOfPage":{"@id":"https:\/\/lahingupood.ee\/toode\/contrast-skeleton-horde-18ml\/#primaryimage"},"image":{"@id":"https:\/\/lahingupood.ee\/toode\/contrast-skeleton-horde-18ml\/#primaryimage"},"thumbnailUrl":"https:\/\/lahingupood.ee\/wp-content\/uploads\/2025\/11\/BSF-29-26-9918996001706-Skeleton-Horde.jpg","datePublished":"2025-11-24T18:10:51+00:00","dateModified":"2026-05-02T17:30:04+00:00","description":"Skeleton Horde Contrast paint 18ml on Citadel Contrast v\u00e4rv luude, koljude ja vananenud pindade jaoks. Loomulik varjutus \u00fche kihiga.","breadcrumb":{"@id":"https:\/\/lahingupood.ee\/toode\/contrast-skeleton-horde-18ml\/#breadcrumb"},"inLanguage":"en-GB","potentialAction":[{"@type":"ReadAction","target":["https:\/\/lahingupood.ee\/toode\/contrast-skeleton-horde-18ml\/"]}]},{"@type":"ImageObject","inLanguage":"en-GB","@id":"https:\/\/lahingupood.ee\/toode\/contrast-skeleton-horde-18ml\/#primaryimage","url":"https:\/\/lahingupood.ee\/wp-content\/uploads\/2025\/11\/BSF-29-26-9918996001706-Skeleton-Horde.jpg","contentUrl":"https:\/\/lahingupood.ee\/wp-content\/uploads\/2025\/11\/BSF-29-26-9918996001706-Skeleton-Horde.jpg","width":1920,"height":1920,"caption":"Skeleton Horde Contrast paint \u2013 Citadel Contrast v\u00e4rv luude ja koljude realistlikuks v\u00e4rvimiseks."},{"@type":"BreadcrumbList","@id":"https:\/\/lahingupood.ee\/toode\/contrast-skeleton-horde-18ml\/#breadcrumb","itemListElement":[{"@type":"ListItem","position":1,"name":"Home","item":"https:\/\/lahingupood.ee\/"},{"@type":"ListItem","position":2,"name":"Tooted","item":"https:\/\/lahingupood.ee\/tooted\/"},{"@type":"ListItem","position":3,"name":"CONTRAST: SKELETON HORDE (18ML)"}]},{"@type":"WebSite","@id":"https:\/\/lahingupood.ee\/#website","url":"https:\/\/lahingupood.ee\/","name":"Lahingurada e-pood","description":"Airsoft","publisher":{"@id":"https:\/\/lahingupood.ee\/#organization"},"potentialAction":[{"@type":"SearchAction","target":{"@type":"EntryPoint","urlTemplate":"https:\/\/lahingupood.ee\/?s={search_term_string}"},"query-input":{"@type":"PropertyValueSpecification","valueRequired":true,"valueName":"search_term_string"}}],"inLanguage":"en-GB"},{"@type":"Organization","@id":"https:\/\/lahingupood.ee\/#organization","name":"Lahingurada","url":"https:\/\/lahingupood.ee\/","logo":{"@type":"ImageObject","inLanguage":"en-GB","@id":"https:\/\/lahingupood.ee\/#\/schema\/logo\/image\/","url":"https:\/\/lahingupood.ee\/wp-content\/uploads\/2022\/03\/lahingurada-220318.jpg","contentUrl":"https:\/\/lahingupood.ee\/wp-content\/uploads\/2022\/03\/lahingurada-220318.jpg","width":800,"height":500,"caption":"Lahingurada"},"image":{"@id":"https:\/\/lahingupood.ee\/#\/schema\/logo\/image\/"},"sameAs":["https:\/\/www.facebook.com\/Lahingurada-629940247212967"]}]}},"_links":{"self":[{"href":"https:\/\/lahingupood.ee\/en\/wp-json\/wp\/v2\/product\/7610","targetHints":{"allow":["GET"]}}],"collection":[{"href":"https:\/\/lahingupood.ee\/en\/wp-json\/wp\/v2\/product"}],"about":[{"href":"https:\/\/lahingupood.ee\/en\/wp-json\/wp\/v2\/types\/product"}],"wp:featuredmedia":[{"embeddable":true,"href":"https:\/\/lahingupood.ee\/en\/wp-json\/wp\/v2\/media\/7477"}],"wp:attachment":[{"href":"https:\/\/lahingupood.ee\/en\/wp-json\/wp\/v2\/media?parent=7610"}],"wp:term":[{"taxonomy":"product_brand","embeddable":true,"href":"https:\/\/lahingupood.ee\/en\/wp-json\/wp\/v2\/product_brand?post=7610"},{"taxonomy":"product_cat","embeddable":true,"href":"https:\/\/lahingupood.ee\/en\/wp-json\/wp\/v2\/product_cat?post=7610"},{"taxonomy":"product_tag","embeddable":true,"href":"https:\/\/lahingupood.ee\/en\/wp-json\/wp\/v2\/product_tag?post=7610"}],"curies":[{"name":"wp","href":"https:\/\/api.w.org\/{rel}","templated":true}]}}