{"id":7607,"date":"2025-11-24T20:06:30","date_gmt":"2025-11-24T18:06:30","guid":{"rendered":"https:\/\/lahingupood.ee\/?post_type=product&#038;p=7607"},"modified":"2026-05-02T20:30:01","modified_gmt":"2026-05-02T17:30:01","slug":"contrast-iyanden-yellow-18ml","status":"publish","type":"product","link":"https:\/\/lahingupood.ee\/en\/product\/contrast-iyanden-yellow-18ml\/","title":{"rendered":"CONTRAST: IYANDEN YELLOW (18ML)"},"content":{"rendered":"<p>Iyanden Yellow Contrast paint on Citadel Contrast seeria v\u00e4rv, mis on loodud erksate ja soojade kollaste toonide saavutamiseks Warhammer miniatuuridel. See sobib h\u00e4sti n\u00e4iteks Iyanden Craftworldi v\u00f5i teiste kollaste v\u00e4rviskeemide jaoks.<\/p>","protected":false},"excerpt":{"rendered":"<p>Iyanden Yellow Contrast paint on Citadel Contrast seeria v\u00e4rv, mis on loodud erksate ja soojade kollaste toonide saavutamiseks Warhammer miniatuuridel. See sobib h\u00e4sti n\u00e4iteks Iyanden Craftworldi v\u00f5i teiste kollaste v\u00e4rviskeemide jaoks.<\/p>","protected":false},"featured_media":7474,"template":"","meta":[],"product_brand":[],"product_cat":[225,222],"product_tag":[],"class_list":{"0":"post-7607","1":"product","2":"type-product","3":"status-publish","4":"has-post-thumbnail","6":"product_cat-varvid","7":"product_cat-warhammer","9":"first","10":"instock","11":"taxable","12":"shipping-taxable","13":"purchasable","14":"product-type-simple"},"yoast_head":"<!-- This site is optimized with the Yoast SEO Premium plugin v27.5 (Yoast SEO v27.5) - https:\/\/yoast.com\/product\/yoast-seo-premium-wordpress\/ -->\n<title>Iyanden Yellow Contrast paint 18ml \u2013 Citadel Contrast v\u00e4rv<\/title>\n<meta name=\"description\" content=\"Iyanden Yellow Contrast paint 18ml on Citadel Contrast v\u00e4rv erksate kollaste toonide jaoks. Kiire katvus ja loomulik varjutus \u00fche kihiga.\" \/>\n<meta name=\"robots\" content=\"index, follow, max-snippet:-1, max-image-preview:large, max-video-preview:-1\" \/>\n<link rel=\"canonical\" href=\"https:\/\/lahingupood.ee\/en\/product\/contrast-iyanden-yellow-18ml\/\" \/>\n<meta property=\"og:locale\" content=\"en_GB\" \/>\n<meta property=\"og:type\" content=\"article\" \/>\n<meta property=\"og:title\" content=\"CONTRAST: IYANDEN YELLOW (18ML)\" \/>\n<meta property=\"og:description\" content=\"Iyanden Yellow Contrast paint 18ml on Citadel Contrast v\u00e4rv erksate kollaste toonide jaoks. Kiire katvus ja loomulik varjutus \u00fche kihiga.\" \/>\n<meta property=\"og:url\" content=\"https:\/\/lahingupood.ee\/en\/product\/contrast-iyanden-yellow-18ml\/\" \/>\n<meta property=\"og:site_name\" content=\"Lahingurada e-pood\" \/>\n<meta property=\"article:publisher\" content=\"https:\/\/www.facebook.com\/Lahingurada-629940247212967\" \/>\n<meta property=\"article:modified_time\" content=\"2026-05-02T17:30:01+00:00\" \/>\n<meta property=\"og:image\" content=\"https:\/\/lahingupood.ee\/wp-content\/uploads\/2025\/11\/BSF-29-10-9918996000106-Iyanden-Yellow.jpg\" \/>\n\t<meta property=\"og:image:width\" content=\"1920\" \/>\n\t<meta property=\"og:image:height\" content=\"1920\" \/>\n\t<meta property=\"og:image:type\" content=\"image\/jpeg\" \/>\n<meta name=\"twitter:card\" content=\"summary_large_image\" \/>\n<meta name=\"twitter:label1\" content=\"Estimated reading time\" \/>\n\t<meta name=\"twitter:data1\" content=\"1 minute\" \/>\n<script type=\"application\/ld+json\" class=\"yoast-schema-graph\">{\"@context\":\"https:\\\/\\\/schema.org\",\"@graph\":[{\"@type\":\"WebPage\",\"@id\":\"https:\\\/\\\/lahingupood.ee\\\/toode\\\/contrast-iyanden-yellow-18ml\\\/\",\"url\":\"https:\\\/\\\/lahingupood.ee\\\/toode\\\/contrast-iyanden-yellow-18ml\\\/\",\"name\":\"Iyanden Yellow Contrast paint 18ml \u2013 Citadel Contrast v\u00e4rv\",\"isPartOf\":{\"@id\":\"https:\\\/\\\/lahingupood.ee\\\/#website\"},\"primaryImageOfPage\":{\"@id\":\"https:\\\/\\\/lahingupood.ee\\\/toode\\\/contrast-iyanden-yellow-18ml\\\/#primaryimage\"},\"image\":{\"@id\":\"https:\\\/\\\/lahingupood.ee\\\/toode\\\/contrast-iyanden-yellow-18ml\\\/#primaryimage\"},\"thumbnailUrl\":\"https:\\\/\\\/lahingupood.ee\\\/wp-content\\\/uploads\\\/2025\\\/11\\\/BSF-29-10-9918996000106-Iyanden-Yellow.jpg\",\"datePublished\":\"2025-11-24T18:06:30+00:00\",\"dateModified\":\"2026-05-02T17:30:01+00:00\",\"description\":\"Iyanden Yellow Contrast paint 18ml on Citadel Contrast v\u00e4rv erksate kollaste toonide jaoks. Kiire katvus ja loomulik varjutus \u00fche kihiga.\",\"breadcrumb\":{\"@id\":\"https:\\\/\\\/lahingupood.ee\\\/toode\\\/contrast-iyanden-yellow-18ml\\\/#breadcrumb\"},\"inLanguage\":\"en-GB\",\"potentialAction\":[{\"@type\":\"ReadAction\",\"target\":[\"https:\\\/\\\/lahingupood.ee\\\/toode\\\/contrast-iyanden-yellow-18ml\\\/\"]}]},{\"@type\":\"ImageObject\",\"inLanguage\":\"en-GB\",\"@id\":\"https:\\\/\\\/lahingupood.ee\\\/toode\\\/contrast-iyanden-yellow-18ml\\\/#primaryimage\",\"url\":\"https:\\\/\\\/lahingupood.ee\\\/wp-content\\\/uploads\\\/2025\\\/11\\\/BSF-29-10-9918996000106-Iyanden-Yellow.jpg\",\"contentUrl\":\"https:\\\/\\\/lahingupood.ee\\\/wp-content\\\/uploads\\\/2025\\\/11\\\/BSF-29-10-9918996000106-Iyanden-Yellow.jpg\",\"width\":1920,\"height\":1920,\"caption\":\"Iyanden Yellow Contrast paint \u2013 Citadel Contrast v\u00e4rv erksate kollaste toonide ja varjutuse loomiseks \u00fche kihiga.\"},{\"@type\":\"BreadcrumbList\",\"@id\":\"https:\\\/\\\/lahingupood.ee\\\/toode\\\/contrast-iyanden-yellow-18ml\\\/#breadcrumb\",\"itemListElement\":[{\"@type\":\"ListItem\",\"position\":1,\"name\":\"Home\",\"item\":\"https:\\\/\\\/lahingupood.ee\\\/\"},{\"@type\":\"ListItem\",\"position\":2,\"name\":\"Tooted\",\"item\":\"https:\\\/\\\/lahingupood.ee\\\/tooted\\\/\"},{\"@type\":\"ListItem\",\"position\":3,\"name\":\"CONTRAST: IYANDEN YELLOW (18ML)\"}]},{\"@type\":\"WebSite\",\"@id\":\"https:\\\/\\\/lahingupood.ee\\\/#website\",\"url\":\"https:\\\/\\\/lahingupood.ee\\\/\",\"name\":\"Lahingurada e-pood\",\"description\":\"Airsoft\",\"publisher\":{\"@id\":\"https:\\\/\\\/lahingupood.ee\\\/#organization\"},\"potentialAction\":[{\"@type\":\"SearchAction\",\"target\":{\"@type\":\"EntryPoint\",\"urlTemplate\":\"https:\\\/\\\/lahingupood.ee\\\/?s={search_term_string}\"},\"query-input\":{\"@type\":\"PropertyValueSpecification\",\"valueRequired\":true,\"valueName\":\"search_term_string\"}}],\"inLanguage\":\"en-GB\"},{\"@type\":\"Organization\",\"@id\":\"https:\\\/\\\/lahingupood.ee\\\/#organization\",\"name\":\"Lahingurada\",\"url\":\"https:\\\/\\\/lahingupood.ee\\\/\",\"logo\":{\"@type\":\"ImageObject\",\"inLanguage\":\"en-GB\",\"@id\":\"https:\\\/\\\/lahingupood.ee\\\/#\\\/schema\\\/logo\\\/image\\\/\",\"url\":\"https:\\\/\\\/lahingupood.ee\\\/wp-content\\\/uploads\\\/2022\\\/03\\\/lahingurada-220318.jpg\",\"contentUrl\":\"https:\\\/\\\/lahingupood.ee\\\/wp-content\\\/uploads\\\/2022\\\/03\\\/lahingurada-220318.jpg\",\"width\":800,\"height\":500,\"caption\":\"Lahingurada\"},\"image\":{\"@id\":\"https:\\\/\\\/lahingupood.ee\\\/#\\\/schema\\\/logo\\\/image\\\/\"},\"sameAs\":[\"https:\\\/\\\/www.facebook.com\\\/Lahingurada-629940247212967\"]}]}<\/script>\n<!-- \/ Yoast SEO Premium plugin. -->","yoast_head_json":{"title":"Iyanden Yellow Contrast paint 18ml \u2013 Citadel Contrast v\u00e4rv","description":"Iyanden Yellow Contrast paint 18ml on Citadel Contrast v\u00e4rv erksate kollaste toonide jaoks. Kiire katvus ja loomulik varjutus \u00fche kihiga.","robots":{"index":"index","follow":"follow","max-snippet":"max-snippet:-1","max-image-preview":"max-image-preview:large","max-video-preview":"max-video-preview:-1"},"canonical":"https:\/\/lahingupood.ee\/en\/product\/contrast-iyanden-yellow-18ml\/","og_locale":"en_GB","og_type":"article","og_title":"CONTRAST: IYANDEN YELLOW (18ML)","og_description":"Iyanden Yellow Contrast paint 18ml on Citadel Contrast v\u00e4rv erksate kollaste toonide jaoks. Kiire katvus ja loomulik varjutus \u00fche kihiga.","og_url":"https:\/\/lahingupood.ee\/en\/product\/contrast-iyanden-yellow-18ml\/","og_site_name":"Lahingurada e-pood","article_publisher":"https:\/\/www.facebook.com\/Lahingurada-629940247212967","article_modified_time":"2026-05-02T17:30:01+00:00","og_image":[{"width":1920,"height":1920,"url":"https:\/\/lahingupood.ee\/wp-content\/uploads\/2025\/11\/BSF-29-10-9918996000106-Iyanden-Yellow.jpg","type":"image\/jpeg"}],"twitter_card":"summary_large_image","twitter_misc":{"Estimated reading time":"1 minute"},"schema":{"@context":"https:\/\/schema.org","@graph":[{"@type":"WebPage","@id":"https:\/\/lahingupood.ee\/toode\/contrast-iyanden-yellow-18ml\/","url":"https:\/\/lahingupood.ee\/toode\/contrast-iyanden-yellow-18ml\/","name":"Iyanden Yellow Contrast paint 18ml \u2013 Citadel Contrast v\u00e4rv","isPartOf":{"@id":"https:\/\/lahingupood.ee\/#website"},"primaryImageOfPage":{"@id":"https:\/\/lahingupood.ee\/toode\/contrast-iyanden-yellow-18ml\/#primaryimage"},"image":{"@id":"https:\/\/lahingupood.ee\/toode\/contrast-iyanden-yellow-18ml\/#primaryimage"},"thumbnailUrl":"https:\/\/lahingupood.ee\/wp-content\/uploads\/2025\/11\/BSF-29-10-9918996000106-Iyanden-Yellow.jpg","datePublished":"2025-11-24T18:06:30+00:00","dateModified":"2026-05-02T17:30:01+00:00","description":"Iyanden Yellow Contrast paint 18ml on Citadel Contrast v\u00e4rv erksate kollaste toonide jaoks. Kiire katvus ja loomulik varjutus \u00fche kihiga.","breadcrumb":{"@id":"https:\/\/lahingupood.ee\/toode\/contrast-iyanden-yellow-18ml\/#breadcrumb"},"inLanguage":"en-GB","potentialAction":[{"@type":"ReadAction","target":["https:\/\/lahingupood.ee\/toode\/contrast-iyanden-yellow-18ml\/"]}]},{"@type":"ImageObject","inLanguage":"en-GB","@id":"https:\/\/lahingupood.ee\/toode\/contrast-iyanden-yellow-18ml\/#primaryimage","url":"https:\/\/lahingupood.ee\/wp-content\/uploads\/2025\/11\/BSF-29-10-9918996000106-Iyanden-Yellow.jpg","contentUrl":"https:\/\/lahingupood.ee\/wp-content\/uploads\/2025\/11\/BSF-29-10-9918996000106-Iyanden-Yellow.jpg","width":1920,"height":1920,"caption":"Iyanden Yellow Contrast paint \u2013 Citadel Contrast v\u00e4rv erksate kollaste toonide ja varjutuse loomiseks \u00fche kihiga."},{"@type":"BreadcrumbList","@id":"https:\/\/lahingupood.ee\/toode\/contrast-iyanden-yellow-18ml\/#breadcrumb","itemListElement":[{"@type":"ListItem","position":1,"name":"Home","item":"https:\/\/lahingupood.ee\/"},{"@type":"ListItem","position":2,"name":"Tooted","item":"https:\/\/lahingupood.ee\/tooted\/"},{"@type":"ListItem","position":3,"name":"CONTRAST: IYANDEN YELLOW (18ML)"}]},{"@type":"WebSite","@id":"https:\/\/lahingupood.ee\/#website","url":"https:\/\/lahingupood.ee\/","name":"Lahingurada e-pood","description":"Airsoft","publisher":{"@id":"https:\/\/lahingupood.ee\/#organization"},"potentialAction":[{"@type":"SearchAction","target":{"@type":"EntryPoint","urlTemplate":"https:\/\/lahingupood.ee\/?s={search_term_string}"},"query-input":{"@type":"PropertyValueSpecification","valueRequired":true,"valueName":"search_term_string"}}],"inLanguage":"en-GB"},{"@type":"Organization","@id":"https:\/\/lahingupood.ee\/#organization","name":"Lahingurada","url":"https:\/\/lahingupood.ee\/","logo":{"@type":"ImageObject","inLanguage":"en-GB","@id":"https:\/\/lahingupood.ee\/#\/schema\/logo\/image\/","url":"https:\/\/lahingupood.ee\/wp-content\/uploads\/2022\/03\/lahingurada-220318.jpg","contentUrl":"https:\/\/lahingupood.ee\/wp-content\/uploads\/2022\/03\/lahingurada-220318.jpg","width":800,"height":500,"caption":"Lahingurada"},"image":{"@id":"https:\/\/lahingupood.ee\/#\/schema\/logo\/image\/"},"sameAs":["https:\/\/www.facebook.com\/Lahingurada-629940247212967"]}]}},"_links":{"self":[{"href":"https:\/\/lahingupood.ee\/en\/wp-json\/wp\/v2\/product\/7607","targetHints":{"allow":["GET"]}}],"collection":[{"href":"https:\/\/lahingupood.ee\/en\/wp-json\/wp\/v2\/product"}],"about":[{"href":"https:\/\/lahingupood.ee\/en\/wp-json\/wp\/v2\/types\/product"}],"wp:featuredmedia":[{"embeddable":true,"href":"https:\/\/lahingupood.ee\/en\/wp-json\/wp\/v2\/media\/7474"}],"wp:attachment":[{"href":"https:\/\/lahingupood.ee\/en\/wp-json\/wp\/v2\/media?parent=7607"}],"wp:term":[{"taxonomy":"product_brand","embeddable":true,"href":"https:\/\/lahingupood.ee\/en\/wp-json\/wp\/v2\/product_brand?post=7607"},{"taxonomy":"product_cat","embeddable":true,"href":"https:\/\/lahingupood.ee\/en\/wp-json\/wp\/v2\/product_cat?post=7607"},{"taxonomy":"product_tag","embeddable":true,"href":"https:\/\/lahingupood.ee\/en\/wp-json\/wp\/v2\/product_tag?post=7607"}],"curies":[{"name":"wp","href":"https:\/\/api.w.org\/{rel}","templated":true}]}}