{"id":7593,"date":"2025-11-24T19:52:06","date_gmt":"2025-11-24T17:52:06","guid":{"rendered":"https:\/\/lahingupood.ee\/?post_type=product&#038;p=7593"},"modified":"2026-05-02T21:00:04","modified_gmt":"2026-05-02T18:00:04","slug":"waaagh-flesh","status":"publish","type":"product","link":"https:\/\/lahingupood.ee\/en\/product\/waaagh-flesh\/","title":{"rendered":"WAAAGH! FLESH"},"content":{"rendered":"<p>Waaagh! Flesh paint\u00a0on Citadel Base seeria v\u00e4rv, mis on loodud roheliste nahatoonide loomiseks miniatuuridel. See on eriti tuntud Orkide armee v\u00e4rvimisel. Pakub head katvust juba esimesel kihil, luues \u00fchtlase rohelise aluspinna detailide jaoks. See v\u00e4rv on \u00fcks tuntumaid rohelisi toone Warhammer universumis ja oluline osa orkide v\u00e4limusest.<\/p>","protected":false},"excerpt":{"rendered":"<p>Waaagh! Flesh paint\u00a0on Citadel Base seeria v\u00e4rv, mis on loodud roheliste nahatoonide loomiseks miniatuuridel. See on eriti tuntud Orkide armee v\u00e4rvimisel. Pakub head katvust juba esimesel kihil, luues \u00fchtlase rohelise aluspinna detailide jaoks. See v\u00e4rv on \u00fcks tuntumaid rohelisi toone Warhammer universumis ja oluline osa orkide v\u00e4limusest.<\/p>","protected":false},"featured_media":7462,"template":"","meta":[],"product_brand":[],"product_cat":[225,222],"product_tag":[],"class_list":{"0":"post-7593","1":"product","2":"type-product","3":"status-publish","4":"has-post-thumbnail","6":"product_cat-varvid","7":"product_cat-warhammer","9":"first","10":"instock","11":"taxable","12":"shipping-taxable","13":"purchasable","14":"product-type-simple"},"yoast_head":"<!-- This site is optimized with the Yoast SEO Premium plugin v27.5 (Yoast SEO v27.5) - https:\/\/yoast.com\/product\/yoast-seo-premium-wordpress\/ -->\n<title>Waaagh! Flesh paint \u2013 Citadel roheline nahav\u00e4rv miniatuuridele<\/title>\n<meta name=\"description\" content=\"Waaagh! Flesh paint on Citadel Base v\u00e4rv, mis sobib roheliste nahatoonide loomiseks orkidele ja teistele miniatuuridele. Tugev katvus ja \u00fchtlane tulemus.\" \/>\n<meta name=\"robots\" content=\"index, follow, max-snippet:-1, max-image-preview:large, max-video-preview:-1\" \/>\n<link rel=\"canonical\" href=\"https:\/\/lahingupood.ee\/en\/product\/waaagh-flesh\/\" \/>\n<meta property=\"og:locale\" content=\"en_GB\" \/>\n<meta property=\"og:type\" content=\"article\" \/>\n<meta property=\"og:title\" content=\"WAAAGH! FLESH\" \/>\n<meta property=\"og:description\" content=\"Waaagh! Flesh paint on Citadel Base v\u00e4rv, mis sobib roheliste nahatoonide loomiseks orkidele ja teistele miniatuuridele. Tugev katvus ja \u00fchtlane tulemus.\" \/>\n<meta property=\"og:url\" content=\"https:\/\/lahingupood.ee\/en\/product\/waaagh-flesh\/\" \/>\n<meta property=\"og:site_name\" content=\"Lahingurada e-pood\" \/>\n<meta property=\"article:publisher\" content=\"https:\/\/www.facebook.com\/Lahingurada-629940247212967\" \/>\n<meta property=\"article:modified_time\" content=\"2026-05-02T18:00:04+00:00\" \/>\n<meta property=\"og:image\" content=\"https:\/\/lahingupood.ee\/wp-content\/uploads\/2025\/11\/BSF-21-13-9918995001306-Waaagh-Flesh.png\" \/>\n\t<meta property=\"og:image:width\" content=\"920\" \/>\n\t<meta property=\"og:image:height\" content=\"950\" \/>\n\t<meta property=\"og:image:type\" content=\"image\/png\" \/>\n<meta name=\"twitter:card\" content=\"summary_large_image\" \/>\n<meta name=\"twitter:label1\" content=\"Estimated reading time\" \/>\n\t<meta name=\"twitter:data1\" content=\"1 minute\" \/>\n<script type=\"application\/ld+json\" class=\"yoast-schema-graph\">{\"@context\":\"https:\\\/\\\/schema.org\",\"@graph\":[{\"@type\":\"WebPage\",\"@id\":\"https:\\\/\\\/lahingupood.ee\\\/toode\\\/waaagh-flesh\\\/\",\"url\":\"https:\\\/\\\/lahingupood.ee\\\/toode\\\/waaagh-flesh\\\/\",\"name\":\"Waaagh! Flesh paint \u2013 Citadel roheline nahav\u00e4rv miniatuuridele\",\"isPartOf\":{\"@id\":\"https:\\\/\\\/lahingupood.ee\\\/#website\"},\"primaryImageOfPage\":{\"@id\":\"https:\\\/\\\/lahingupood.ee\\\/toode\\\/waaagh-flesh\\\/#primaryimage\"},\"image\":{\"@id\":\"https:\\\/\\\/lahingupood.ee\\\/toode\\\/waaagh-flesh\\\/#primaryimage\"},\"thumbnailUrl\":\"https:\\\/\\\/lahingupood.ee\\\/wp-content\\\/uploads\\\/2025\\\/11\\\/BSF-21-13-9918995001306-Waaagh-Flesh.png\",\"datePublished\":\"2025-11-24T17:52:06+00:00\",\"dateModified\":\"2026-05-02T18:00:04+00:00\",\"description\":\"Waaagh! Flesh paint on Citadel Base v\u00e4rv, mis sobib roheliste nahatoonide loomiseks orkidele ja teistele miniatuuridele. Tugev katvus ja \u00fchtlane tulemus.\",\"breadcrumb\":{\"@id\":\"https:\\\/\\\/lahingupood.ee\\\/toode\\\/waaagh-flesh\\\/#breadcrumb\"},\"inLanguage\":\"en-GB\",\"potentialAction\":[{\"@type\":\"ReadAction\",\"target\":[\"https:\\\/\\\/lahingupood.ee\\\/toode\\\/waaagh-flesh\\\/\"]}]},{\"@type\":\"ImageObject\",\"inLanguage\":\"en-GB\",\"@id\":\"https:\\\/\\\/lahingupood.ee\\\/toode\\\/waaagh-flesh\\\/#primaryimage\",\"url\":\"https:\\\/\\\/lahingupood.ee\\\/wp-content\\\/uploads\\\/2025\\\/11\\\/BSF-21-13-9918995001306-Waaagh-Flesh.png\",\"contentUrl\":\"https:\\\/\\\/lahingupood.ee\\\/wp-content\\\/uploads\\\/2025\\\/11\\\/BSF-21-13-9918995001306-Waaagh-Flesh.png\",\"width\":920,\"height\":950,\"caption\":\"Waaagh! Flesh \u2013 Citadel Base roheline v\u00e4rv orkide ja fantaasiaminatuuride nahatoonide jaoks.\"},{\"@type\":\"BreadcrumbList\",\"@id\":\"https:\\\/\\\/lahingupood.ee\\\/toode\\\/waaagh-flesh\\\/#breadcrumb\",\"itemListElement\":[{\"@type\":\"ListItem\",\"position\":1,\"name\":\"Home\",\"item\":\"https:\\\/\\\/lahingupood.ee\\\/\"},{\"@type\":\"ListItem\",\"position\":2,\"name\":\"Tooted\",\"item\":\"https:\\\/\\\/lahingupood.ee\\\/tooted\\\/\"},{\"@type\":\"ListItem\",\"position\":3,\"name\":\"WAAAGH! FLESH\"}]},{\"@type\":\"WebSite\",\"@id\":\"https:\\\/\\\/lahingupood.ee\\\/#website\",\"url\":\"https:\\\/\\\/lahingupood.ee\\\/\",\"name\":\"Lahingurada e-pood\",\"description\":\"Airsoft\",\"publisher\":{\"@id\":\"https:\\\/\\\/lahingupood.ee\\\/#organization\"},\"potentialAction\":[{\"@type\":\"SearchAction\",\"target\":{\"@type\":\"EntryPoint\",\"urlTemplate\":\"https:\\\/\\\/lahingupood.ee\\\/?s={search_term_string}\"},\"query-input\":{\"@type\":\"PropertyValueSpecification\",\"valueRequired\":true,\"valueName\":\"search_term_string\"}}],\"inLanguage\":\"en-GB\"},{\"@type\":\"Organization\",\"@id\":\"https:\\\/\\\/lahingupood.ee\\\/#organization\",\"name\":\"Lahingurada\",\"url\":\"https:\\\/\\\/lahingupood.ee\\\/\",\"logo\":{\"@type\":\"ImageObject\",\"inLanguage\":\"en-GB\",\"@id\":\"https:\\\/\\\/lahingupood.ee\\\/#\\\/schema\\\/logo\\\/image\\\/\",\"url\":\"https:\\\/\\\/lahingupood.ee\\\/wp-content\\\/uploads\\\/2022\\\/03\\\/lahingurada-220318.jpg\",\"contentUrl\":\"https:\\\/\\\/lahingupood.ee\\\/wp-content\\\/uploads\\\/2022\\\/03\\\/lahingurada-220318.jpg\",\"width\":800,\"height\":500,\"caption\":\"Lahingurada\"},\"image\":{\"@id\":\"https:\\\/\\\/lahingupood.ee\\\/#\\\/schema\\\/logo\\\/image\\\/\"},\"sameAs\":[\"https:\\\/\\\/www.facebook.com\\\/Lahingurada-629940247212967\"]}]}<\/script>\n<!-- \/ Yoast SEO Premium plugin. -->","yoast_head_json":{"title":"Waaagh! Flesh paint \u2013 Citadel roheline nahav\u00e4rv miniatuuridele","description":"Waaagh! Flesh paint on Citadel Base v\u00e4rv, mis sobib roheliste nahatoonide loomiseks orkidele ja teistele miniatuuridele. Tugev katvus ja \u00fchtlane tulemus.","robots":{"index":"index","follow":"follow","max-snippet":"max-snippet:-1","max-image-preview":"max-image-preview:large","max-video-preview":"max-video-preview:-1"},"canonical":"https:\/\/lahingupood.ee\/en\/product\/waaagh-flesh\/","og_locale":"en_GB","og_type":"article","og_title":"WAAAGH! FLESH","og_description":"Waaagh! Flesh paint on Citadel Base v\u00e4rv, mis sobib roheliste nahatoonide loomiseks orkidele ja teistele miniatuuridele. Tugev katvus ja \u00fchtlane tulemus.","og_url":"https:\/\/lahingupood.ee\/en\/product\/waaagh-flesh\/","og_site_name":"Lahingurada e-pood","article_publisher":"https:\/\/www.facebook.com\/Lahingurada-629940247212967","article_modified_time":"2026-05-02T18:00:04+00:00","og_image":[{"width":920,"height":950,"url":"https:\/\/lahingupood.ee\/wp-content\/uploads\/2025\/11\/BSF-21-13-9918995001306-Waaagh-Flesh.png","type":"image\/png"}],"twitter_card":"summary_large_image","twitter_misc":{"Estimated reading time":"1 minute"},"schema":{"@context":"https:\/\/schema.org","@graph":[{"@type":"WebPage","@id":"https:\/\/lahingupood.ee\/toode\/waaagh-flesh\/","url":"https:\/\/lahingupood.ee\/toode\/waaagh-flesh\/","name":"Waaagh! Flesh paint \u2013 Citadel roheline nahav\u00e4rv miniatuuridele","isPartOf":{"@id":"https:\/\/lahingupood.ee\/#website"},"primaryImageOfPage":{"@id":"https:\/\/lahingupood.ee\/toode\/waaagh-flesh\/#primaryimage"},"image":{"@id":"https:\/\/lahingupood.ee\/toode\/waaagh-flesh\/#primaryimage"},"thumbnailUrl":"https:\/\/lahingupood.ee\/wp-content\/uploads\/2025\/11\/BSF-21-13-9918995001306-Waaagh-Flesh.png","datePublished":"2025-11-24T17:52:06+00:00","dateModified":"2026-05-02T18:00:04+00:00","description":"Waaagh! Flesh paint on Citadel Base v\u00e4rv, mis sobib roheliste nahatoonide loomiseks orkidele ja teistele miniatuuridele. Tugev katvus ja \u00fchtlane tulemus.","breadcrumb":{"@id":"https:\/\/lahingupood.ee\/toode\/waaagh-flesh\/#breadcrumb"},"inLanguage":"en-GB","potentialAction":[{"@type":"ReadAction","target":["https:\/\/lahingupood.ee\/toode\/waaagh-flesh\/"]}]},{"@type":"ImageObject","inLanguage":"en-GB","@id":"https:\/\/lahingupood.ee\/toode\/waaagh-flesh\/#primaryimage","url":"https:\/\/lahingupood.ee\/wp-content\/uploads\/2025\/11\/BSF-21-13-9918995001306-Waaagh-Flesh.png","contentUrl":"https:\/\/lahingupood.ee\/wp-content\/uploads\/2025\/11\/BSF-21-13-9918995001306-Waaagh-Flesh.png","width":920,"height":950,"caption":"Waaagh! Flesh \u2013 Citadel Base roheline v\u00e4rv orkide ja fantaasiaminatuuride nahatoonide jaoks."},{"@type":"BreadcrumbList","@id":"https:\/\/lahingupood.ee\/toode\/waaagh-flesh\/#breadcrumb","itemListElement":[{"@type":"ListItem","position":1,"name":"Home","item":"https:\/\/lahingupood.ee\/"},{"@type":"ListItem","position":2,"name":"Tooted","item":"https:\/\/lahingupood.ee\/tooted\/"},{"@type":"ListItem","position":3,"name":"WAAAGH! FLESH"}]},{"@type":"WebSite","@id":"https:\/\/lahingupood.ee\/#website","url":"https:\/\/lahingupood.ee\/","name":"Lahingurada e-pood","description":"Airsoft","publisher":{"@id":"https:\/\/lahingupood.ee\/#organization"},"potentialAction":[{"@type":"SearchAction","target":{"@type":"EntryPoint","urlTemplate":"https:\/\/lahingupood.ee\/?s={search_term_string}"},"query-input":{"@type":"PropertyValueSpecification","valueRequired":true,"valueName":"search_term_string"}}],"inLanguage":"en-GB"},{"@type":"Organization","@id":"https:\/\/lahingupood.ee\/#organization","name":"Lahingurada","url":"https:\/\/lahingupood.ee\/","logo":{"@type":"ImageObject","inLanguage":"en-GB","@id":"https:\/\/lahingupood.ee\/#\/schema\/logo\/image\/","url":"https:\/\/lahingupood.ee\/wp-content\/uploads\/2022\/03\/lahingurada-220318.jpg","contentUrl":"https:\/\/lahingupood.ee\/wp-content\/uploads\/2022\/03\/lahingurada-220318.jpg","width":800,"height":500,"caption":"Lahingurada"},"image":{"@id":"https:\/\/lahingupood.ee\/#\/schema\/logo\/image\/"},"sameAs":["https:\/\/www.facebook.com\/Lahingurada-629940247212967"]}]}},"_links":{"self":[{"href":"https:\/\/lahingupood.ee\/en\/wp-json\/wp\/v2\/product\/7593","targetHints":{"allow":["GET"]}}],"collection":[{"href":"https:\/\/lahingupood.ee\/en\/wp-json\/wp\/v2\/product"}],"about":[{"href":"https:\/\/lahingupood.ee\/en\/wp-json\/wp\/v2\/types\/product"}],"wp:featuredmedia":[{"embeddable":true,"href":"https:\/\/lahingupood.ee\/en\/wp-json\/wp\/v2\/media\/7462"}],"wp:attachment":[{"href":"https:\/\/lahingupood.ee\/en\/wp-json\/wp\/v2\/media?parent=7593"}],"wp:term":[{"taxonomy":"product_brand","embeddable":true,"href":"https:\/\/lahingupood.ee\/en\/wp-json\/wp\/v2\/product_brand?post=7593"},{"taxonomy":"product_cat","embeddable":true,"href":"https:\/\/lahingupood.ee\/en\/wp-json\/wp\/v2\/product_cat?post=7593"},{"taxonomy":"product_tag","embeddable":true,"href":"https:\/\/lahingupood.ee\/en\/wp-json\/wp\/v2\/product_tag?post=7593"}],"curies":[{"name":"wp","href":"https:\/\/api.w.org\/{rel}","templated":true}]}}