{"id":7588,"date":"2025-11-24T19:45:31","date_gmt":"2025-11-24T17:45:31","guid":{"rendered":"https:\/\/lahingupood.ee\/?post_type=product&#038;p=7588"},"modified":"2026-05-02T20:00:02","modified_gmt":"2026-05-02T17:00:02","slug":"maggotkin-of-nurgle-nurglings","status":"publish","type":"product","link":"https:\/\/lahingupood.ee\/en\/product\/maggotkin-of-nurgle-nurglings\/","title":{"rendered":"Warhammer Age of Sigmar: Maggotkin of Nurgle Nurglings"},"content":{"rendered":"<p data-start=\"764\" data-end=\"900\"><strong data-start=\"764\" data-end=\"822\">Warhammer Age of Sigmar: Maggotkin of Nurgle Nurglings<\/strong> on detailne miniatuurikomplekt. See sobib h\u00e4sti Maggotkin of Nurgle armeesse.<\/p>\n<p data-start=\"902\" data-end=\"1095\">Nurglings on v\u00e4ikesed ja kaootilised Nurgle teenrid. Nad liiguvad lahinguv\u00e4ljal suurte parvedena. Oma suuruse t\u00f5ttu v\u00f5ivad nad n\u00e4ida naljakad. Tegelikult on nad aga t\u00fc\u00fctud ja ohtlikud vastased.<\/p>\n<p data-start=\"1097\" data-end=\"1327\">See komplekt sobib h\u00e4sti Warhammer Age of Sigmar m\u00e4ngijale. Samuti on see hea valik maalimiseks ja kollektsioneerimiseks. Nurglings mudelitel on palju v\u00e4ikeseid detaile. Need annavad v\u00e4rvijale palju v\u00f5imalusi loominguliseks t\u00f6\u00f6ks.<\/p>\n<p data-start=\"1329\" data-end=\"1443\"><strong data-start=\"1329\" data-end=\"1362\">Maggotkin of Nurgle Nurglings<\/strong> t\u00e4iendab h\u00e4sti Nurgle armeed. See lisab m\u00e4ngulauale iseloomu, huumorit ja kaost.<\/p>","protected":false},"excerpt":{"rendered":"<p>Warhammer Age of Sigmar: Maggotkin of Nurgle Nurglings on detailne miniatuurikomplekt. See sobib h\u00e4sti Maggotkin of Nurgle armeesse. Nurglings on v\u00e4ikesed ja kaootilised Nurgle teenrid. Nad liiguvad lahinguv\u00e4ljal suurte parvedena. Oma suuruse t\u00f5ttu v\u00f5ivad nad n\u00e4ida naljakad. Tegelikult on nad aga t\u00fc\u00fctud ja ohtlikud vastased. See komplekt sobib h\u00e4sti Warhammer Age of Sigmar m\u00e4ngijale. Samuti [&#8230;]\n","protected":false},"featured_media":7589,"template":"","meta":[],"product_brand":[],"product_cat":[224,266,280,222],"product_tag":[],"class_list":{"0":"post-7588","1":"product","2":"type-product","3":"status-publish","4":"has-post-thumbnail","6":"product_cat-age-of-sigmar","7":"product_cat-chaos-age-of-sigmar","8":"product_cat-maggotkin-of-nurgle","9":"product_cat-warhammer","11":"first","12":"instock","13":"taxable","14":"shipping-taxable","15":"purchasable","16":"product-type-simple"},"yoast_head":"<!-- This site is optimized with the Yoast SEO Premium plugin v27.5 (Yoast SEO v27.5) - https:\/\/yoast.com\/product\/yoast-seo-premium-wordpress\/ -->\n<title>Maggotkin of Nurgle Nurglings | Warhammer AoS<\/title>\n<meta name=\"description\" content=\"Lisa oma Nurgle armeesse Nurglings \u00fcksus. Detailne Warhammer Age of Sigmar komplekt m\u00e4ngimiseks, maalimiseks ja kollektsioneerimiseks.\" \/>\n<meta name=\"robots\" content=\"index, follow, max-snippet:-1, max-image-preview:large, max-video-preview:-1\" \/>\n<link rel=\"canonical\" href=\"https:\/\/lahingupood.ee\/en\/product\/maggotkin-of-nurgle-nurglings\/\" \/>\n<meta property=\"og:locale\" content=\"en_GB\" \/>\n<meta property=\"og:type\" content=\"article\" \/>\n<meta property=\"og:title\" content=\"Warhammer Age of Sigmar: Maggotkin of Nurgle Nurglings\" \/>\n<meta property=\"og:description\" content=\"Lisa oma Nurgle armeesse Nurglings \u00fcksus. Detailne Warhammer Age of Sigmar komplekt m\u00e4ngimiseks, maalimiseks ja kollektsioneerimiseks.\" \/>\n<meta property=\"og:url\" content=\"https:\/\/lahingupood.ee\/en\/product\/maggotkin-of-nurgle-nurglings\/\" \/>\n<meta property=\"og:site_name\" content=\"Lahingurada e-pood\" \/>\n<meta property=\"article:publisher\" content=\"https:\/\/www.facebook.com\/Lahingurada-629940247212967\" \/>\n<meta property=\"article:modified_time\" content=\"2026-05-02T17:00:02+00:00\" \/>\n<meta property=\"og:image\" content=\"https:\/\/lahingupood.ee\/wp-content\/uploads\/2025\/11\/99129915037_NurglingsStock.jpg\" \/>\n\t<meta property=\"og:image:width\" content=\"918\" \/>\n\t<meta property=\"og:image:height\" content=\"948\" \/>\n\t<meta property=\"og:image:type\" content=\"image\/jpeg\" \/>\n<meta name=\"twitter:card\" content=\"summary_large_image\" \/>\n<meta name=\"twitter:label1\" content=\"Estimated reading time\" \/>\n\t<meta name=\"twitter:data1\" content=\"1 minute\" \/>\n<script type=\"application\/ld+json\" class=\"yoast-schema-graph\">{\"@context\":\"https:\\\/\\\/schema.org\",\"@graph\":[{\"@type\":\"WebPage\",\"@id\":\"https:\\\/\\\/lahingupood.ee\\\/toode\\\/maggotkin-of-nurgle-nurglings\\\/\",\"url\":\"https:\\\/\\\/lahingupood.ee\\\/toode\\\/maggotkin-of-nurgle-nurglings\\\/\",\"name\":\"Maggotkin of Nurgle Nurglings | Warhammer AoS\",\"isPartOf\":{\"@id\":\"https:\\\/\\\/lahingupood.ee\\\/#website\"},\"primaryImageOfPage\":{\"@id\":\"https:\\\/\\\/lahingupood.ee\\\/toode\\\/maggotkin-of-nurgle-nurglings\\\/#primaryimage\"},\"image\":{\"@id\":\"https:\\\/\\\/lahingupood.ee\\\/toode\\\/maggotkin-of-nurgle-nurglings\\\/#primaryimage\"},\"thumbnailUrl\":\"https:\\\/\\\/lahingupood.ee\\\/wp-content\\\/uploads\\\/2025\\\/11\\\/99129915037_NurglingsStock.jpg\",\"datePublished\":\"2025-11-24T17:45:31+00:00\",\"dateModified\":\"2026-05-02T17:00:02+00:00\",\"description\":\"Lisa oma Nurgle armeesse Nurglings \u00fcksus. Detailne Warhammer Age of Sigmar komplekt m\u00e4ngimiseks, maalimiseks ja kollektsioneerimiseks.\",\"breadcrumb\":{\"@id\":\"https:\\\/\\\/lahingupood.ee\\\/toode\\\/maggotkin-of-nurgle-nurglings\\\/#breadcrumb\"},\"inLanguage\":\"en-GB\",\"potentialAction\":[{\"@type\":\"ReadAction\",\"target\":[\"https:\\\/\\\/lahingupood.ee\\\/toode\\\/maggotkin-of-nurgle-nurglings\\\/\"]}]},{\"@type\":\"ImageObject\",\"inLanguage\":\"en-GB\",\"@id\":\"https:\\\/\\\/lahingupood.ee\\\/toode\\\/maggotkin-of-nurgle-nurglings\\\/#primaryimage\",\"url\":\"https:\\\/\\\/lahingupood.ee\\\/wp-content\\\/uploads\\\/2025\\\/11\\\/99129915037_NurglingsStock.jpg\",\"contentUrl\":\"https:\\\/\\\/lahingupood.ee\\\/wp-content\\\/uploads\\\/2025\\\/11\\\/99129915037_NurglingsStock.jpg\",\"width\":918,\"height\":948,\"caption\":\"Warhammer Age of Sigmar Nurglings komplekt\"},{\"@type\":\"BreadcrumbList\",\"@id\":\"https:\\\/\\\/lahingupood.ee\\\/toode\\\/maggotkin-of-nurgle-nurglings\\\/#breadcrumb\",\"itemListElement\":[{\"@type\":\"ListItem\",\"position\":1,\"name\":\"Home\",\"item\":\"https:\\\/\\\/lahingupood.ee\\\/\"},{\"@type\":\"ListItem\",\"position\":2,\"name\":\"Tooted\",\"item\":\"https:\\\/\\\/lahingupood.ee\\\/tooted\\\/\"},{\"@type\":\"ListItem\",\"position\":3,\"name\":\"Warhammer Age of Sigmar: Maggotkin of Nurgle Nurglings\"}]},{\"@type\":\"WebSite\",\"@id\":\"https:\\\/\\\/lahingupood.ee\\\/#website\",\"url\":\"https:\\\/\\\/lahingupood.ee\\\/\",\"name\":\"Lahingurada e-pood\",\"description\":\"Airsoft\",\"publisher\":{\"@id\":\"https:\\\/\\\/lahingupood.ee\\\/#organization\"},\"potentialAction\":[{\"@type\":\"SearchAction\",\"target\":{\"@type\":\"EntryPoint\",\"urlTemplate\":\"https:\\\/\\\/lahingupood.ee\\\/?s={search_term_string}\"},\"query-input\":{\"@type\":\"PropertyValueSpecification\",\"valueRequired\":true,\"valueName\":\"search_term_string\"}}],\"inLanguage\":\"en-GB\"},{\"@type\":\"Organization\",\"@id\":\"https:\\\/\\\/lahingupood.ee\\\/#organization\",\"name\":\"Lahingurada\",\"url\":\"https:\\\/\\\/lahingupood.ee\\\/\",\"logo\":{\"@type\":\"ImageObject\",\"inLanguage\":\"en-GB\",\"@id\":\"https:\\\/\\\/lahingupood.ee\\\/#\\\/schema\\\/logo\\\/image\\\/\",\"url\":\"https:\\\/\\\/lahingupood.ee\\\/wp-content\\\/uploads\\\/2022\\\/03\\\/lahingurada-220318.jpg\",\"contentUrl\":\"https:\\\/\\\/lahingupood.ee\\\/wp-content\\\/uploads\\\/2022\\\/03\\\/lahingurada-220318.jpg\",\"width\":800,\"height\":500,\"caption\":\"Lahingurada\"},\"image\":{\"@id\":\"https:\\\/\\\/lahingupood.ee\\\/#\\\/schema\\\/logo\\\/image\\\/\"},\"sameAs\":[\"https:\\\/\\\/www.facebook.com\\\/Lahingurada-629940247212967\"]}]}<\/script>\n<!-- \/ Yoast SEO Premium plugin. -->","yoast_head_json":{"title":"Maggotkin of Nurgle Nurglings | Warhammer AoS","description":"Lisa oma Nurgle armeesse Nurglings \u00fcksus. Detailne Warhammer Age of Sigmar komplekt m\u00e4ngimiseks, maalimiseks ja kollektsioneerimiseks.","robots":{"index":"index","follow":"follow","max-snippet":"max-snippet:-1","max-image-preview":"max-image-preview:large","max-video-preview":"max-video-preview:-1"},"canonical":"https:\/\/lahingupood.ee\/en\/product\/maggotkin-of-nurgle-nurglings\/","og_locale":"en_GB","og_type":"article","og_title":"Warhammer Age of Sigmar: Maggotkin of Nurgle Nurglings","og_description":"Lisa oma Nurgle armeesse Nurglings \u00fcksus. Detailne Warhammer Age of Sigmar komplekt m\u00e4ngimiseks, maalimiseks ja kollektsioneerimiseks.","og_url":"https:\/\/lahingupood.ee\/en\/product\/maggotkin-of-nurgle-nurglings\/","og_site_name":"Lahingurada e-pood","article_publisher":"https:\/\/www.facebook.com\/Lahingurada-629940247212967","article_modified_time":"2026-05-02T17:00:02+00:00","og_image":[{"width":918,"height":948,"url":"https:\/\/lahingupood.ee\/wp-content\/uploads\/2025\/11\/99129915037_NurglingsStock.jpg","type":"image\/jpeg"}],"twitter_card":"summary_large_image","twitter_misc":{"Estimated reading time":"1 minute"},"schema":{"@context":"https:\/\/schema.org","@graph":[{"@type":"WebPage","@id":"https:\/\/lahingupood.ee\/toode\/maggotkin-of-nurgle-nurglings\/","url":"https:\/\/lahingupood.ee\/toode\/maggotkin-of-nurgle-nurglings\/","name":"Maggotkin of Nurgle Nurglings | Warhammer AoS","isPartOf":{"@id":"https:\/\/lahingupood.ee\/#website"},"primaryImageOfPage":{"@id":"https:\/\/lahingupood.ee\/toode\/maggotkin-of-nurgle-nurglings\/#primaryimage"},"image":{"@id":"https:\/\/lahingupood.ee\/toode\/maggotkin-of-nurgle-nurglings\/#primaryimage"},"thumbnailUrl":"https:\/\/lahingupood.ee\/wp-content\/uploads\/2025\/11\/99129915037_NurglingsStock.jpg","datePublished":"2025-11-24T17:45:31+00:00","dateModified":"2026-05-02T17:00:02+00:00","description":"Lisa oma Nurgle armeesse Nurglings \u00fcksus. Detailne Warhammer Age of Sigmar komplekt m\u00e4ngimiseks, maalimiseks ja kollektsioneerimiseks.","breadcrumb":{"@id":"https:\/\/lahingupood.ee\/toode\/maggotkin-of-nurgle-nurglings\/#breadcrumb"},"inLanguage":"en-GB","potentialAction":[{"@type":"ReadAction","target":["https:\/\/lahingupood.ee\/toode\/maggotkin-of-nurgle-nurglings\/"]}]},{"@type":"ImageObject","inLanguage":"en-GB","@id":"https:\/\/lahingupood.ee\/toode\/maggotkin-of-nurgle-nurglings\/#primaryimage","url":"https:\/\/lahingupood.ee\/wp-content\/uploads\/2025\/11\/99129915037_NurglingsStock.jpg","contentUrl":"https:\/\/lahingupood.ee\/wp-content\/uploads\/2025\/11\/99129915037_NurglingsStock.jpg","width":918,"height":948,"caption":"Warhammer Age of Sigmar Nurglings komplekt"},{"@type":"BreadcrumbList","@id":"https:\/\/lahingupood.ee\/toode\/maggotkin-of-nurgle-nurglings\/#breadcrumb","itemListElement":[{"@type":"ListItem","position":1,"name":"Home","item":"https:\/\/lahingupood.ee\/"},{"@type":"ListItem","position":2,"name":"Tooted","item":"https:\/\/lahingupood.ee\/tooted\/"},{"@type":"ListItem","position":3,"name":"Warhammer Age of Sigmar: Maggotkin of Nurgle Nurglings"}]},{"@type":"WebSite","@id":"https:\/\/lahingupood.ee\/#website","url":"https:\/\/lahingupood.ee\/","name":"Lahingurada e-pood","description":"Airsoft","publisher":{"@id":"https:\/\/lahingupood.ee\/#organization"},"potentialAction":[{"@type":"SearchAction","target":{"@type":"EntryPoint","urlTemplate":"https:\/\/lahingupood.ee\/?s={search_term_string}"},"query-input":{"@type":"PropertyValueSpecification","valueRequired":true,"valueName":"search_term_string"}}],"inLanguage":"en-GB"},{"@type":"Organization","@id":"https:\/\/lahingupood.ee\/#organization","name":"Lahingurada","url":"https:\/\/lahingupood.ee\/","logo":{"@type":"ImageObject","inLanguage":"en-GB","@id":"https:\/\/lahingupood.ee\/#\/schema\/logo\/image\/","url":"https:\/\/lahingupood.ee\/wp-content\/uploads\/2022\/03\/lahingurada-220318.jpg","contentUrl":"https:\/\/lahingupood.ee\/wp-content\/uploads\/2022\/03\/lahingurada-220318.jpg","width":800,"height":500,"caption":"Lahingurada"},"image":{"@id":"https:\/\/lahingupood.ee\/#\/schema\/logo\/image\/"},"sameAs":["https:\/\/www.facebook.com\/Lahingurada-629940247212967"]}]}},"_links":{"self":[{"href":"https:\/\/lahingupood.ee\/en\/wp-json\/wp\/v2\/product\/7588","targetHints":{"allow":["GET"]}}],"collection":[{"href":"https:\/\/lahingupood.ee\/en\/wp-json\/wp\/v2\/product"}],"about":[{"href":"https:\/\/lahingupood.ee\/en\/wp-json\/wp\/v2\/types\/product"}],"wp:featuredmedia":[{"embeddable":true,"href":"https:\/\/lahingupood.ee\/en\/wp-json\/wp\/v2\/media\/7589"}],"wp:attachment":[{"href":"https:\/\/lahingupood.ee\/en\/wp-json\/wp\/v2\/media?parent=7588"}],"wp:term":[{"taxonomy":"product_brand","embeddable":true,"href":"https:\/\/lahingupood.ee\/en\/wp-json\/wp\/v2\/product_brand?post=7588"},{"taxonomy":"product_cat","embeddable":true,"href":"https:\/\/lahingupood.ee\/en\/wp-json\/wp\/v2\/product_cat?post=7588"},{"taxonomy":"product_tag","embeddable":true,"href":"https:\/\/lahingupood.ee\/en\/wp-json\/wp\/v2\/product_tag?post=7588"}],"curies":[{"name":"wp","href":"https:\/\/api.w.org\/{rel}","templated":true}]}}