{"id":7578,"date":"2025-11-24T19:21:56","date_gmt":"2025-11-24T17:21:56","guid":{"rendered":"https:\/\/lahingupood.ee\/?post_type=product&#038;p=7578"},"modified":"2026-05-02T20:00:04","modified_gmt":"2026-05-02T17:00:04","slug":"skaven-warpspark-weapon-battery","status":"publish","type":"product","link":"https:\/\/lahingupood.ee\/en\/product\/skaven-warpspark-weapon-battery\/","title":{"rendered":"Warhammer Age of Sigmar: Skaven Warpspark Weapon Battery"},"content":{"rendered":"<p data-start=\"828\" data-end=\"1005\"><strong data-start=\"828\" data-end=\"888\">Warhammer Age of Sigmar: Skaven Warpspark Weapon Battery<\/strong> on mitmeosaline plastikust miniatuurikomplekt. See sobib h\u00e4sti Skaven armeesse ja Warhammer Age of Sigmar m\u00e4ngudeks.<\/p>\n<p data-start=\"1007\" data-end=\"1233\">Warpspark Weapon Batteries kuuluvad Clans Skryre ridadesse. Need kavalad relvameeskonnad liiguvad tihti m\u00e4rkamatult koos Clanrat hordidega. \u00d5igel hetkel paljastavad nad oma ohtlikud masinad ja k\u00fclvavad vaenlaste seas h\u00e4vingut.<\/p>\n<p data-start=\"1235\" data-end=\"1428\">Komplektist saab kokku panna <strong data-start=\"1264\" data-end=\"1291\">3 Skaven relvameeskonda<\/strong>. Iga meeskond kasutab \u00fcht kolmest surmavast s\u00f5jamasinast. Need relvad v\u00f5ivad olla ettearvamatud, kuid \u00f5iges kohas on need v\u00e4ga ohtlikud.<\/p>\n<p data-start=\"1430\" data-end=\"1684\">Valikus on <strong data-start=\"1441\" data-end=\"1457\">Ratling Guns<\/strong>, <strong data-start=\"1459\" data-end=\"1480\">Warpfire Throwers<\/strong> ja <strong data-start=\"1484\" data-end=\"1506\">Warpvolt Scourgers<\/strong>. Ratling Guns sobivad h\u00e4sti vaenlase hordide vastu. Warpfire Throwers paiskavad v\u00e4lja rohelist warp-leeki. Warpvolt Scourgers kasutavad warp-v\u00e4lku, et tabada tugevaid sihtm\u00e4rke.<\/p>\n<p data-start=\"1686\" data-end=\"1920\">Karbis on palju lisadetaile. Kaasas on erinevad peavalikud, relvaotsad, seljakotid ja muud kosmeetilised osad. Need annavad v\u00f5imaluse oma relvameeskondi isikup\u00e4rastada. Nii saad luua Skaven \u00fcksuse, mis sobib h\u00e4sti sinu armee stiiliga.<\/p>\n<p data-start=\"1922\" data-end=\"2155\"><strong data-start=\"1922\" data-end=\"1950\">Warpspark Weapon Battery<\/strong> sobib h\u00e4sti m\u00e4ngijale, kes soovib oma armeesse lisada tugevat tulej\u00f5udu. Komplekt pakub ka h\u00e4id v\u00f5imalusi maalimiseks. Metallosad, warp-energia, relvad ja Skaveni detailid annavad v\u00e4rvijale palju loovust.<\/p>\n<p data-start=\"2157\" data-end=\"2360\">Miniatuurid on v\u00e4rvimata ja vajavad kokkupanekut. Soovitame kasutada Citadel Plastic Glue liimi ja Citadel Colour v\u00e4rve. See komplekt on hea valik nii m\u00e4ngulauale kui ka Skaven kollektsiooni t\u00e4ienduseks.<\/p>","protected":false},"excerpt":{"rendered":"<p>Warhammer Age of Sigmar: Skaven Warpspark Weapon Battery on mitmeosaline plastikust miniatuurikomplekt. See sobib h\u00e4sti Skaven armeesse ja Warhammer Age of Sigmar m\u00e4ngudeks. Warpspark Weapon Batteries kuuluvad Clans Skryre ridadesse. Need kavalad relvameeskonnad liiguvad tihti m\u00e4rkamatult koos Clanrat hordidega. \u00d5igel hetkel paljastavad nad oma ohtlikud masinad ja k\u00fclvavad vaenlaste seas h\u00e4vingut. Komplektist saab kokku panna [&#8230;]\n","protected":false},"featured_media":7579,"template":"","meta":[],"product_brand":[],"product_cat":[224,266,281,222],"product_tag":[],"class_list":{"0":"post-7578","1":"product","2":"type-product","3":"status-publish","4":"has-post-thumbnail","6":"product_cat-age-of-sigmar","7":"product_cat-chaos-age-of-sigmar","8":"product_cat-skaven","9":"product_cat-warhammer","11":"first","12":"instock","13":"taxable","14":"shipping-taxable","15":"purchasable","16":"product-type-simple"},"yoast_head":"<!-- This site is optimized with the Yoast SEO Premium plugin v27.5 (Yoast SEO v27.5) - https:\/\/yoast.com\/product\/yoast-seo-premium-wordpress\/ -->\n<title>Warpspark Weapon Battery | Skaven Warhammer AoS<\/title>\n<meta name=\"description\" content=\"Lisa oma Skaven armeesse Warpspark Weapon Battery. Komplektis on 3 relvameeskonda Warhammer Age of Sigmar m\u00e4ngimiseks ja maalimiseks.\" \/>\n<meta name=\"robots\" content=\"index, follow, max-snippet:-1, max-image-preview:large, max-video-preview:-1\" \/>\n<link rel=\"canonical\" href=\"https:\/\/lahingupood.ee\/en\/product\/skaven-warpspark-weapon-battery\/\" \/>\n<meta property=\"og:locale\" content=\"en_GB\" \/>\n<meta property=\"og:type\" content=\"article\" \/>\n<meta property=\"og:title\" content=\"Warhammer Age of Sigmar: Skaven Warpspark Weapon Battery\" \/>\n<meta property=\"og:description\" content=\"Lisa oma Skaven armeesse Warpspark Weapon Battery. Komplektis on 3 relvameeskonda Warhammer Age of Sigmar m\u00e4ngimiseks ja maalimiseks.\" \/>\n<meta property=\"og:url\" content=\"https:\/\/lahingupood.ee\/en\/product\/skaven-warpspark-weapon-battery\/\" \/>\n<meta property=\"og:site_name\" content=\"Lahingurada e-pood\" \/>\n<meta property=\"article:publisher\" content=\"https:\/\/www.facebook.com\/Lahingurada-629940247212967\" \/>\n<meta property=\"article:modified_time\" content=\"2026-05-02T17:00:04+00:00\" \/>\n<meta property=\"og:image\" content=\"https:\/\/lahingupood.ee\/wp-content\/uploads\/2025\/11\/rott.jpg\" \/>\n\t<meta property=\"og:image:width\" content=\"918\" \/>\n\t<meta property=\"og:image:height\" content=\"948\" \/>\n\t<meta property=\"og:image:type\" content=\"image\/jpeg\" \/>\n<meta name=\"twitter:card\" content=\"summary_large_image\" \/>\n<meta name=\"twitter:label1\" content=\"Estimated reading time\" \/>\n\t<meta name=\"twitter:data1\" content=\"2 minutes\" \/>\n<script type=\"application\/ld+json\" class=\"yoast-schema-graph\">{\"@context\":\"https:\\\/\\\/schema.org\",\"@graph\":[{\"@type\":\"WebPage\",\"@id\":\"https:\\\/\\\/lahingupood.ee\\\/toode\\\/skaven-warpspark-weapon-battery\\\/\",\"url\":\"https:\\\/\\\/lahingupood.ee\\\/toode\\\/skaven-warpspark-weapon-battery\\\/\",\"name\":\"Warpspark Weapon Battery | Skaven Warhammer AoS\",\"isPartOf\":{\"@id\":\"https:\\\/\\\/lahingupood.ee\\\/#website\"},\"primaryImageOfPage\":{\"@id\":\"https:\\\/\\\/lahingupood.ee\\\/toode\\\/skaven-warpspark-weapon-battery\\\/#primaryimage\"},\"image\":{\"@id\":\"https:\\\/\\\/lahingupood.ee\\\/toode\\\/skaven-warpspark-weapon-battery\\\/#primaryimage\"},\"thumbnailUrl\":\"https:\\\/\\\/lahingupood.ee\\\/wp-content\\\/uploads\\\/2025\\\/11\\\/rott.jpg\",\"datePublished\":\"2025-11-24T17:21:56+00:00\",\"dateModified\":\"2026-05-02T17:00:04+00:00\",\"description\":\"Lisa oma Skaven armeesse Warpspark Weapon Battery. Komplektis on 3 relvameeskonda Warhammer Age of Sigmar m\u00e4ngimiseks ja maalimiseks.\",\"breadcrumb\":{\"@id\":\"https:\\\/\\\/lahingupood.ee\\\/toode\\\/skaven-warpspark-weapon-battery\\\/#breadcrumb\"},\"inLanguage\":\"en-GB\",\"potentialAction\":[{\"@type\":\"ReadAction\",\"target\":[\"https:\\\/\\\/lahingupood.ee\\\/toode\\\/skaven-warpspark-weapon-battery\\\/\"]}]},{\"@type\":\"ImageObject\",\"inLanguage\":\"en-GB\",\"@id\":\"https:\\\/\\\/lahingupood.ee\\\/toode\\\/skaven-warpspark-weapon-battery\\\/#primaryimage\",\"url\":\"https:\\\/\\\/lahingupood.ee\\\/wp-content\\\/uploads\\\/2025\\\/11\\\/rott.jpg\",\"contentUrl\":\"https:\\\/\\\/lahingupood.ee\\\/wp-content\\\/uploads\\\/2025\\\/11\\\/rott.jpg\",\"width\":918,\"height\":948,\"caption\":\"Warhammer Age of Sigmar Warpspark Weapon Battery komplekt\"},{\"@type\":\"BreadcrumbList\",\"@id\":\"https:\\\/\\\/lahingupood.ee\\\/toode\\\/skaven-warpspark-weapon-battery\\\/#breadcrumb\",\"itemListElement\":[{\"@type\":\"ListItem\",\"position\":1,\"name\":\"Home\",\"item\":\"https:\\\/\\\/lahingupood.ee\\\/\"},{\"@type\":\"ListItem\",\"position\":2,\"name\":\"Tooted\",\"item\":\"https:\\\/\\\/lahingupood.ee\\\/tooted\\\/\"},{\"@type\":\"ListItem\",\"position\":3,\"name\":\"Warhammer Age of Sigmar: Skaven Warpspark Weapon Battery\"}]},{\"@type\":\"WebSite\",\"@id\":\"https:\\\/\\\/lahingupood.ee\\\/#website\",\"url\":\"https:\\\/\\\/lahingupood.ee\\\/\",\"name\":\"Lahingurada e-pood\",\"description\":\"Airsoft\",\"publisher\":{\"@id\":\"https:\\\/\\\/lahingupood.ee\\\/#organization\"},\"potentialAction\":[{\"@type\":\"SearchAction\",\"target\":{\"@type\":\"EntryPoint\",\"urlTemplate\":\"https:\\\/\\\/lahingupood.ee\\\/?s={search_term_string}\"},\"query-input\":{\"@type\":\"PropertyValueSpecification\",\"valueRequired\":true,\"valueName\":\"search_term_string\"}}],\"inLanguage\":\"en-GB\"},{\"@type\":\"Organization\",\"@id\":\"https:\\\/\\\/lahingupood.ee\\\/#organization\",\"name\":\"Lahingurada\",\"url\":\"https:\\\/\\\/lahingupood.ee\\\/\",\"logo\":{\"@type\":\"ImageObject\",\"inLanguage\":\"en-GB\",\"@id\":\"https:\\\/\\\/lahingupood.ee\\\/#\\\/schema\\\/logo\\\/image\\\/\",\"url\":\"https:\\\/\\\/lahingupood.ee\\\/wp-content\\\/uploads\\\/2022\\\/03\\\/lahingurada-220318.jpg\",\"contentUrl\":\"https:\\\/\\\/lahingupood.ee\\\/wp-content\\\/uploads\\\/2022\\\/03\\\/lahingurada-220318.jpg\",\"width\":800,\"height\":500,\"caption\":\"Lahingurada\"},\"image\":{\"@id\":\"https:\\\/\\\/lahingupood.ee\\\/#\\\/schema\\\/logo\\\/image\\\/\"},\"sameAs\":[\"https:\\\/\\\/www.facebook.com\\\/Lahingurada-629940247212967\"]}]}<\/script>\n<!-- \/ Yoast SEO Premium plugin. -->","yoast_head_json":{"title":"Warpspark Weapon Battery | Skaven Warhammer AoS","description":"Lisa oma Skaven armeesse Warpspark Weapon Battery. Komplektis on 3 relvameeskonda Warhammer Age of Sigmar m\u00e4ngimiseks ja maalimiseks.","robots":{"index":"index","follow":"follow","max-snippet":"max-snippet:-1","max-image-preview":"max-image-preview:large","max-video-preview":"max-video-preview:-1"},"canonical":"https:\/\/lahingupood.ee\/en\/product\/skaven-warpspark-weapon-battery\/","og_locale":"en_GB","og_type":"article","og_title":"Warhammer Age of Sigmar: Skaven Warpspark Weapon Battery","og_description":"Lisa oma Skaven armeesse Warpspark Weapon Battery. Komplektis on 3 relvameeskonda Warhammer Age of Sigmar m\u00e4ngimiseks ja maalimiseks.","og_url":"https:\/\/lahingupood.ee\/en\/product\/skaven-warpspark-weapon-battery\/","og_site_name":"Lahingurada e-pood","article_publisher":"https:\/\/www.facebook.com\/Lahingurada-629940247212967","article_modified_time":"2026-05-02T17:00:04+00:00","og_image":[{"width":918,"height":948,"url":"https:\/\/lahingupood.ee\/wp-content\/uploads\/2025\/11\/rott.jpg","type":"image\/jpeg"}],"twitter_card":"summary_large_image","twitter_misc":{"Estimated reading time":"2 minutes"},"schema":{"@context":"https:\/\/schema.org","@graph":[{"@type":"WebPage","@id":"https:\/\/lahingupood.ee\/toode\/skaven-warpspark-weapon-battery\/","url":"https:\/\/lahingupood.ee\/toode\/skaven-warpspark-weapon-battery\/","name":"Warpspark Weapon Battery | Skaven Warhammer AoS","isPartOf":{"@id":"https:\/\/lahingupood.ee\/#website"},"primaryImageOfPage":{"@id":"https:\/\/lahingupood.ee\/toode\/skaven-warpspark-weapon-battery\/#primaryimage"},"image":{"@id":"https:\/\/lahingupood.ee\/toode\/skaven-warpspark-weapon-battery\/#primaryimage"},"thumbnailUrl":"https:\/\/lahingupood.ee\/wp-content\/uploads\/2025\/11\/rott.jpg","datePublished":"2025-11-24T17:21:56+00:00","dateModified":"2026-05-02T17:00:04+00:00","description":"Lisa oma Skaven armeesse Warpspark Weapon Battery. Komplektis on 3 relvameeskonda Warhammer Age of Sigmar m\u00e4ngimiseks ja maalimiseks.","breadcrumb":{"@id":"https:\/\/lahingupood.ee\/toode\/skaven-warpspark-weapon-battery\/#breadcrumb"},"inLanguage":"en-GB","potentialAction":[{"@type":"ReadAction","target":["https:\/\/lahingupood.ee\/toode\/skaven-warpspark-weapon-battery\/"]}]},{"@type":"ImageObject","inLanguage":"en-GB","@id":"https:\/\/lahingupood.ee\/toode\/skaven-warpspark-weapon-battery\/#primaryimage","url":"https:\/\/lahingupood.ee\/wp-content\/uploads\/2025\/11\/rott.jpg","contentUrl":"https:\/\/lahingupood.ee\/wp-content\/uploads\/2025\/11\/rott.jpg","width":918,"height":948,"caption":"Warhammer Age of Sigmar Warpspark Weapon Battery komplekt"},{"@type":"BreadcrumbList","@id":"https:\/\/lahingupood.ee\/toode\/skaven-warpspark-weapon-battery\/#breadcrumb","itemListElement":[{"@type":"ListItem","position":1,"name":"Home","item":"https:\/\/lahingupood.ee\/"},{"@type":"ListItem","position":2,"name":"Tooted","item":"https:\/\/lahingupood.ee\/tooted\/"},{"@type":"ListItem","position":3,"name":"Warhammer Age of Sigmar: Skaven Warpspark Weapon Battery"}]},{"@type":"WebSite","@id":"https:\/\/lahingupood.ee\/#website","url":"https:\/\/lahingupood.ee\/","name":"Lahingurada e-pood","description":"Airsoft","publisher":{"@id":"https:\/\/lahingupood.ee\/#organization"},"potentialAction":[{"@type":"SearchAction","target":{"@type":"EntryPoint","urlTemplate":"https:\/\/lahingupood.ee\/?s={search_term_string}"},"query-input":{"@type":"PropertyValueSpecification","valueRequired":true,"valueName":"search_term_string"}}],"inLanguage":"en-GB"},{"@type":"Organization","@id":"https:\/\/lahingupood.ee\/#organization","name":"Lahingurada","url":"https:\/\/lahingupood.ee\/","logo":{"@type":"ImageObject","inLanguage":"en-GB","@id":"https:\/\/lahingupood.ee\/#\/schema\/logo\/image\/","url":"https:\/\/lahingupood.ee\/wp-content\/uploads\/2022\/03\/lahingurada-220318.jpg","contentUrl":"https:\/\/lahingupood.ee\/wp-content\/uploads\/2022\/03\/lahingurada-220318.jpg","width":800,"height":500,"caption":"Lahingurada"},"image":{"@id":"https:\/\/lahingupood.ee\/#\/schema\/logo\/image\/"},"sameAs":["https:\/\/www.facebook.com\/Lahingurada-629940247212967"]}]}},"_links":{"self":[{"href":"https:\/\/lahingupood.ee\/en\/wp-json\/wp\/v2\/product\/7578","targetHints":{"allow":["GET"]}}],"collection":[{"href":"https:\/\/lahingupood.ee\/en\/wp-json\/wp\/v2\/product"}],"about":[{"href":"https:\/\/lahingupood.ee\/en\/wp-json\/wp\/v2\/types\/product"}],"wp:featuredmedia":[{"embeddable":true,"href":"https:\/\/lahingupood.ee\/en\/wp-json\/wp\/v2\/media\/7579"}],"wp:attachment":[{"href":"https:\/\/lahingupood.ee\/en\/wp-json\/wp\/v2\/media?parent=7578"}],"wp:term":[{"taxonomy":"product_brand","embeddable":true,"href":"https:\/\/lahingupood.ee\/en\/wp-json\/wp\/v2\/product_brand?post=7578"},{"taxonomy":"product_cat","embeddable":true,"href":"https:\/\/lahingupood.ee\/en\/wp-json\/wp\/v2\/product_cat?post=7578"},{"taxonomy":"product_tag","embeddable":true,"href":"https:\/\/lahingupood.ee\/en\/wp-json\/wp\/v2\/product_tag?post=7578"}],"curies":[{"name":"wp","href":"https:\/\/api.w.org\/{rel}","templated":true}]}}