{"id":7571,"date":"2025-11-24T18:53:55","date_gmt":"2025-11-24T16:53:55","guid":{"rendered":"https:\/\/lahingupood.ee\/?post_type=product&#038;p=7571"},"modified":"2026-05-02T18:45:06","modified_gmt":"2026-05-02T15:45:06","slug":"kill-team-starter-set","status":"publish","type":"product","link":"https:\/\/lahingupood.ee\/en\/product\/kill-team-starter-set\/","title":{"rendered":"Warhammer 40,000: Kill Team Starter Set"},"content":{"rendered":"<p data-start=\"775\" data-end=\"1032\"><strong data-start=\"775\" data-end=\"800\">Kill Team Starter Set<\/strong> on ideaalne valik kahele m\u00e4ngijale, kes soovivad alustada Warhammer 40,000 maailmas toimuva kiire taktikalise lauam\u00e4nguga. Kill Team keskendub v\u00e4ikestele eliit\u00fcksustele, kus iga s\u00f5dalase tegevus v\u00f5ib otsustada kogu lahingu saatuse.<\/p>\n<p data-start=\"1034\" data-end=\"1312\">M\u00e4ng toimub 41. aastatuhande s\u00fcnge tuleviku lahinguv\u00e4ljadel. Plahvatavad kuulid, m\u00fcrisevad chainsword\u2019id ja purustatud maastikul sammuvad soomustatud s\u00f5durid loovad pingelise skirmish-lahingu. V\u00f5idu saavutamiseks tuleb kasutada positsiooni, katet, tulej\u00f5udu ja julgeid otsuseid.<\/p>\n<p data-start=\"1314\" data-end=\"1568\">Komplekt sisaldab kahte t\u00e4isv\u00e4\u00e4rtuslikku kill team\u2019i. Esimene neist on <strong data-start=\"1385\" data-end=\"1414\">Angels of Death Kill Team<\/strong>, mis koosneb Space Marines s\u00f5dalastest. Teine on <strong data-start=\"1464\" data-end=\"1491\">Plague Marine Kill Team<\/strong>, mis kuulub Death Guard v\u00e4gedele. Kokku on karbis <strong data-start=\"1542\" data-end=\"1567\">14 Citadel miniatuuri<\/strong>.<\/p>\n<p data-start=\"1570\" data-end=\"1813\">Miniatuurid on push-fit t\u00fc\u00fcpi. Neid saab raamilt eemaldada ilma l\u00f5iketangideta ja kokku panna ilma liimita. See teeb komplekti v\u00e4ga mugavaks algajale. Mudelid on valatud sinises ja rohelises plastikus ning igal miniatuuril on skulptuurne alus.<\/p>\n<p data-start=\"1815\" data-end=\"2025\">Karbis on ka <strong data-start=\"1828\" data-end=\"1875\">64-lehek\u00fcljeline Kill Team Starter Handbook<\/strong>. See aitab \u00f5ppida m\u00e4ngu p\u00f5hireegleid ja annab sissejuhatavad stsenaariumid. Lisaks on kaasas reference sheet\u2019id, t\u00e4ringud ja token sheet 92 tokeniga.<\/p>\n<p data-start=\"2027\" data-end=\"2246\">M\u00e4ngulaua jaoks on komplektis kahepoolne game board. Kaasas on ka kolm MDF maastikulehte tr\u00fckitud kujundusega. Need detailid k\u00e4ivad kokku ilma liimi ja v\u00e4rvita. Maastiku saab hiljem ka lahti v\u00f5tta ja mugavalt hoiustada.<\/p>\n<p data-start=\"2248\" data-end=\"2513\"><strong data-start=\"2248\" data-end=\"2273\">Kill Team Starter Set<\/strong> on loodud nii, et selle saab kiiresti m\u00e4nguvalmis seada. See sobib h\u00e4sti algajale, kingituseks v\u00f5i kahele m\u00e4ngijale esimeseks Warhammer 40K skirmish-kogemuseks. Miniatuurid on v\u00e4rvimata ja neid saab hiljem v\u00e4rvida Citadel Colour v\u00e4rvidega.<\/p>","protected":false},"excerpt":{"rendered":"<p>Kill Team Starter Set on ideaalne valik kahele m\u00e4ngijale, kes soovivad alustada Warhammer 40,000 maailmas toimuva kiire taktikalise lauam\u00e4nguga. Kill Team keskendub v\u00e4ikestele eliit\u00fcksustele, kus iga s\u00f5dalase tegevus v\u00f5ib otsustada kogu lahingu saatuse. M\u00e4ng toimub 41. aastatuhande s\u00fcnge tuleviku lahinguv\u00e4ljadel. Plahvatavad kuulid, m\u00fcrisevad chainsword\u2019id ja purustatud maastikul sammuvad soomustatud s\u00f5durid loovad pingelise skirmish-lahingu. V\u00f5idu saavutamiseks [&#8230;]\n","protected":false},"featured_media":7532,"template":"","meta":[],"product_brand":[],"product_cat":[223,230,231,229,232,251,233,235,236,237,238,227,239,240,222,241],"product_tag":[],"class_list":{"0":"post-7571","1":"product","2":"type-product","3":"status-publish","4":"has-post-thumbnail","6":"product_cat-40k","7":"product_cat-black-templars","8":"product_cat-blood-angels","9":"product_cat-chaos","10":"product_cat-dark-angels","11":"product_cat-death-guard","12":"product_cat-deathwatch","13":"product_cat-imperial-fists","14":"product_cat-iron-hands","15":"product_cat-raven-guard","16":"product_cat-salamanders","17":"product_cat-space-marines","18":"product_cat-space-wolves","19":"product_cat-ultramarines","20":"product_cat-warhammer","21":"product_cat-white-scars","23":"first","24":"instock","25":"taxable","26":"shipping-taxable","27":"purchasable","28":"product-type-simple"},"yoast_head":"<!-- This site is optimized with the Yoast SEO Premium plugin v27.5 (Yoast SEO v27.5) - https:\/\/yoast.com\/product\/yoast-seo-premium-wordpress\/ -->\n<title>Kill Team Starter Set | Warhammer 40K<\/title>\n<meta name=\"description\" content=\"Kill Team Starter Set sisaldab 14 miniatuuri, 2 kill team\u2019i, k\u00e4siraamatut, t\u00e4ringuid, m\u00e4ngulauda, tokeneid ja MDF maastikku kahele m\u00e4ngijale.\" \/>\n<meta name=\"robots\" content=\"index, follow, max-snippet:-1, max-image-preview:large, max-video-preview:-1\" \/>\n<link rel=\"canonical\" href=\"https:\/\/lahingupood.ee\/en\/product\/kill-team-starter-set\/\" \/>\n<meta property=\"og:locale\" content=\"en_GB\" \/>\n<meta property=\"og:type\" content=\"article\" \/>\n<meta property=\"og:title\" content=\"Warhammer 40,000: Kill Team Starter Set\" \/>\n<meta property=\"og:description\" content=\"Kill Team Starter Set sisaldab 14 miniatuuri, 2 kill team\u2019i, k\u00e4siraamatut, t\u00e4ringuid, m\u00e4ngulauda, tokeneid ja MDF maastikku kahele m\u00e4ngijale.\" \/>\n<meta property=\"og:url\" content=\"https:\/\/lahingupood.ee\/en\/product\/kill-team-starter-set\/\" \/>\n<meta property=\"og:site_name\" content=\"Lahingurada e-pood\" \/>\n<meta property=\"article:publisher\" content=\"https:\/\/www.facebook.com\/Lahingurada-629940247212967\" \/>\n<meta property=\"article:modified_time\" content=\"2026-05-02T15:45:06+00:00\" \/>\n<meta property=\"og:image\" content=\"https:\/\/lahingupood.ee\/wp-content\/uploads\/2025\/11\/BSF-103-54-60010199071-Kill-Team-Starter-Set.jpg\" \/>\n\t<meta property=\"og:image:width\" content=\"1840\" \/>\n\t<meta property=\"og:image:height\" content=\"1900\" \/>\n\t<meta property=\"og:image:type\" content=\"image\/jpeg\" \/>\n<meta name=\"twitter:card\" content=\"summary_large_image\" \/>\n<meta name=\"twitter:label1\" content=\"Estimated reading time\" \/>\n\t<meta name=\"twitter:data1\" content=\"2 minutes\" \/>\n<script type=\"application\/ld+json\" class=\"yoast-schema-graph\">{\"@context\":\"https:\\\/\\\/schema.org\",\"@graph\":[{\"@type\":\"WebPage\",\"@id\":\"https:\\\/\\\/lahingupood.ee\\\/toode\\\/kill-team-starter-set\\\/\",\"url\":\"https:\\\/\\\/lahingupood.ee\\\/toode\\\/kill-team-starter-set\\\/\",\"name\":\"Kill Team Starter Set | Warhammer 40K\",\"isPartOf\":{\"@id\":\"https:\\\/\\\/lahingupood.ee\\\/#website\"},\"primaryImageOfPage\":{\"@id\":\"https:\\\/\\\/lahingupood.ee\\\/toode\\\/kill-team-starter-set\\\/#primaryimage\"},\"image\":{\"@id\":\"https:\\\/\\\/lahingupood.ee\\\/toode\\\/kill-team-starter-set\\\/#primaryimage\"},\"thumbnailUrl\":\"https:\\\/\\\/lahingupood.ee\\\/wp-content\\\/uploads\\\/2025\\\/11\\\/BSF-103-54-60010199071-Kill-Team-Starter-Set.jpg\",\"datePublished\":\"2025-11-24T16:53:55+00:00\",\"dateModified\":\"2026-05-02T15:45:06+00:00\",\"description\":\"Kill Team Starter Set sisaldab 14 miniatuuri, 2 kill team\u2019i, k\u00e4siraamatut, t\u00e4ringuid, m\u00e4ngulauda, tokeneid ja MDF maastikku kahele m\u00e4ngijale.\",\"breadcrumb\":{\"@id\":\"https:\\\/\\\/lahingupood.ee\\\/toode\\\/kill-team-starter-set\\\/#breadcrumb\"},\"inLanguage\":\"en-GB\",\"potentialAction\":[{\"@type\":\"ReadAction\",\"target\":[\"https:\\\/\\\/lahingupood.ee\\\/toode\\\/kill-team-starter-set\\\/\"]}]},{\"@type\":\"ImageObject\",\"inLanguage\":\"en-GB\",\"@id\":\"https:\\\/\\\/lahingupood.ee\\\/toode\\\/kill-team-starter-set\\\/#primaryimage\",\"url\":\"https:\\\/\\\/lahingupood.ee\\\/wp-content\\\/uploads\\\/2025\\\/11\\\/BSF-103-54-60010199071-Kill-Team-Starter-Set.jpg\",\"contentUrl\":\"https:\\\/\\\/lahingupood.ee\\\/wp-content\\\/uploads\\\/2025\\\/11\\\/BSF-103-54-60010199071-Kill-Team-Starter-Set.jpg\",\"width\":1840,\"height\":1900,\"caption\":\"Warhammer 40,000 Kill Team Starter Set miniatuurid\"},{\"@type\":\"BreadcrumbList\",\"@id\":\"https:\\\/\\\/lahingupood.ee\\\/toode\\\/kill-team-starter-set\\\/#breadcrumb\",\"itemListElement\":[{\"@type\":\"ListItem\",\"position\":1,\"name\":\"Home\",\"item\":\"https:\\\/\\\/lahingupood.ee\\\/\"},{\"@type\":\"ListItem\",\"position\":2,\"name\":\"Tooted\",\"item\":\"https:\\\/\\\/lahingupood.ee\\\/tooted\\\/\"},{\"@type\":\"ListItem\",\"position\":3,\"name\":\"Warhammer 40,000: Kill Team Starter Set\"}]},{\"@type\":\"WebSite\",\"@id\":\"https:\\\/\\\/lahingupood.ee\\\/#website\",\"url\":\"https:\\\/\\\/lahingupood.ee\\\/\",\"name\":\"Lahingurada e-pood\",\"description\":\"Airsoft\",\"publisher\":{\"@id\":\"https:\\\/\\\/lahingupood.ee\\\/#organization\"},\"potentialAction\":[{\"@type\":\"SearchAction\",\"target\":{\"@type\":\"EntryPoint\",\"urlTemplate\":\"https:\\\/\\\/lahingupood.ee\\\/?s={search_term_string}\"},\"query-input\":{\"@type\":\"PropertyValueSpecification\",\"valueRequired\":true,\"valueName\":\"search_term_string\"}}],\"inLanguage\":\"en-GB\"},{\"@type\":\"Organization\",\"@id\":\"https:\\\/\\\/lahingupood.ee\\\/#organization\",\"name\":\"Lahingurada\",\"url\":\"https:\\\/\\\/lahingupood.ee\\\/\",\"logo\":{\"@type\":\"ImageObject\",\"inLanguage\":\"en-GB\",\"@id\":\"https:\\\/\\\/lahingupood.ee\\\/#\\\/schema\\\/logo\\\/image\\\/\",\"url\":\"https:\\\/\\\/lahingupood.ee\\\/wp-content\\\/uploads\\\/2022\\\/03\\\/lahingurada-220318.jpg\",\"contentUrl\":\"https:\\\/\\\/lahingupood.ee\\\/wp-content\\\/uploads\\\/2022\\\/03\\\/lahingurada-220318.jpg\",\"width\":800,\"height\":500,\"caption\":\"Lahingurada\"},\"image\":{\"@id\":\"https:\\\/\\\/lahingupood.ee\\\/#\\\/schema\\\/logo\\\/image\\\/\"},\"sameAs\":[\"https:\\\/\\\/www.facebook.com\\\/Lahingurada-629940247212967\"]}]}<\/script>\n<!-- \/ Yoast SEO Premium plugin. -->","yoast_head_json":{"title":"Kill Team Starter Set | Warhammer 40K","description":"Kill Team Starter Set sisaldab 14 miniatuuri, 2 kill team\u2019i, k\u00e4siraamatut, t\u00e4ringuid, m\u00e4ngulauda, tokeneid ja MDF maastikku kahele m\u00e4ngijale.","robots":{"index":"index","follow":"follow","max-snippet":"max-snippet:-1","max-image-preview":"max-image-preview:large","max-video-preview":"max-video-preview:-1"},"canonical":"https:\/\/lahingupood.ee\/en\/product\/kill-team-starter-set\/","og_locale":"en_GB","og_type":"article","og_title":"Warhammer 40,000: Kill Team Starter Set","og_description":"Kill Team Starter Set sisaldab 14 miniatuuri, 2 kill team\u2019i, k\u00e4siraamatut, t\u00e4ringuid, m\u00e4ngulauda, tokeneid ja MDF maastikku kahele m\u00e4ngijale.","og_url":"https:\/\/lahingupood.ee\/en\/product\/kill-team-starter-set\/","og_site_name":"Lahingurada e-pood","article_publisher":"https:\/\/www.facebook.com\/Lahingurada-629940247212967","article_modified_time":"2026-05-02T15:45:06+00:00","og_image":[{"width":1840,"height":1900,"url":"https:\/\/lahingupood.ee\/wp-content\/uploads\/2025\/11\/BSF-103-54-60010199071-Kill-Team-Starter-Set.jpg","type":"image\/jpeg"}],"twitter_card":"summary_large_image","twitter_misc":{"Estimated reading time":"2 minutes"},"schema":{"@context":"https:\/\/schema.org","@graph":[{"@type":"WebPage","@id":"https:\/\/lahingupood.ee\/toode\/kill-team-starter-set\/","url":"https:\/\/lahingupood.ee\/toode\/kill-team-starter-set\/","name":"Kill Team Starter Set | Warhammer 40K","isPartOf":{"@id":"https:\/\/lahingupood.ee\/#website"},"primaryImageOfPage":{"@id":"https:\/\/lahingupood.ee\/toode\/kill-team-starter-set\/#primaryimage"},"image":{"@id":"https:\/\/lahingupood.ee\/toode\/kill-team-starter-set\/#primaryimage"},"thumbnailUrl":"https:\/\/lahingupood.ee\/wp-content\/uploads\/2025\/11\/BSF-103-54-60010199071-Kill-Team-Starter-Set.jpg","datePublished":"2025-11-24T16:53:55+00:00","dateModified":"2026-05-02T15:45:06+00:00","description":"Kill Team Starter Set sisaldab 14 miniatuuri, 2 kill team\u2019i, k\u00e4siraamatut, t\u00e4ringuid, m\u00e4ngulauda, tokeneid ja MDF maastikku kahele m\u00e4ngijale.","breadcrumb":{"@id":"https:\/\/lahingupood.ee\/toode\/kill-team-starter-set\/#breadcrumb"},"inLanguage":"en-GB","potentialAction":[{"@type":"ReadAction","target":["https:\/\/lahingupood.ee\/toode\/kill-team-starter-set\/"]}]},{"@type":"ImageObject","inLanguage":"en-GB","@id":"https:\/\/lahingupood.ee\/toode\/kill-team-starter-set\/#primaryimage","url":"https:\/\/lahingupood.ee\/wp-content\/uploads\/2025\/11\/BSF-103-54-60010199071-Kill-Team-Starter-Set.jpg","contentUrl":"https:\/\/lahingupood.ee\/wp-content\/uploads\/2025\/11\/BSF-103-54-60010199071-Kill-Team-Starter-Set.jpg","width":1840,"height":1900,"caption":"Warhammer 40,000 Kill Team Starter Set miniatuurid"},{"@type":"BreadcrumbList","@id":"https:\/\/lahingupood.ee\/toode\/kill-team-starter-set\/#breadcrumb","itemListElement":[{"@type":"ListItem","position":1,"name":"Home","item":"https:\/\/lahingupood.ee\/"},{"@type":"ListItem","position":2,"name":"Tooted","item":"https:\/\/lahingupood.ee\/tooted\/"},{"@type":"ListItem","position":3,"name":"Warhammer 40,000: Kill Team Starter Set"}]},{"@type":"WebSite","@id":"https:\/\/lahingupood.ee\/#website","url":"https:\/\/lahingupood.ee\/","name":"Lahingurada e-pood","description":"Airsoft","publisher":{"@id":"https:\/\/lahingupood.ee\/#organization"},"potentialAction":[{"@type":"SearchAction","target":{"@type":"EntryPoint","urlTemplate":"https:\/\/lahingupood.ee\/?s={search_term_string}"},"query-input":{"@type":"PropertyValueSpecification","valueRequired":true,"valueName":"search_term_string"}}],"inLanguage":"en-GB"},{"@type":"Organization","@id":"https:\/\/lahingupood.ee\/#organization","name":"Lahingurada","url":"https:\/\/lahingupood.ee\/","logo":{"@type":"ImageObject","inLanguage":"en-GB","@id":"https:\/\/lahingupood.ee\/#\/schema\/logo\/image\/","url":"https:\/\/lahingupood.ee\/wp-content\/uploads\/2022\/03\/lahingurada-220318.jpg","contentUrl":"https:\/\/lahingupood.ee\/wp-content\/uploads\/2022\/03\/lahingurada-220318.jpg","width":800,"height":500,"caption":"Lahingurada"},"image":{"@id":"https:\/\/lahingupood.ee\/#\/schema\/logo\/image\/"},"sameAs":["https:\/\/www.facebook.com\/Lahingurada-629940247212967"]}]}},"_links":{"self":[{"href":"https:\/\/lahingupood.ee\/en\/wp-json\/wp\/v2\/product\/7571","targetHints":{"allow":["GET"]}}],"collection":[{"href":"https:\/\/lahingupood.ee\/en\/wp-json\/wp\/v2\/product"}],"about":[{"href":"https:\/\/lahingupood.ee\/en\/wp-json\/wp\/v2\/types\/product"}],"wp:featuredmedia":[{"embeddable":true,"href":"https:\/\/lahingupood.ee\/en\/wp-json\/wp\/v2\/media\/7532"}],"wp:attachment":[{"href":"https:\/\/lahingupood.ee\/en\/wp-json\/wp\/v2\/media?parent=7571"}],"wp:term":[{"taxonomy":"product_brand","embeddable":true,"href":"https:\/\/lahingupood.ee\/en\/wp-json\/wp\/v2\/product_brand?post=7571"},{"taxonomy":"product_cat","embeddable":true,"href":"https:\/\/lahingupood.ee\/en\/wp-json\/wp\/v2\/product_cat?post=7571"},{"taxonomy":"product_tag","embeddable":true,"href":"https:\/\/lahingupood.ee\/en\/wp-json\/wp\/v2\/product_tag?post=7571"}],"curies":[{"name":"wp","href":"https:\/\/api.w.org\/{rel}","templated":true}]}}