{"id":7566,"date":"2025-11-24T18:40:12","date_gmt":"2025-11-24T16:40:12","guid":{"rendered":"https:\/\/lahingupood.ee\/?post_type=product&#038;p=7566"},"modified":"2026-05-01T14:23:34","modified_gmt":"2026-05-01T11:23:34","slug":"space-marines-primaris-intercessors","status":"publish","type":"product","link":"https:\/\/lahingupood.ee\/en\/product\/space-marines-primaris-intercessors\/","title":{"rendered":"Warhammer 40,000: Space Marines Primaris Intercessors"},"content":{"rendered":"<p data-start=\"808\" data-end=\"996\"><strong data-start=\"808\" data-end=\"833\">Primaris Intercessors<\/strong> on usaldusv\u00e4\u00e4rne ja mitmek\u00fclgne Space Marines \u00fcksus Warhammer 40,000 m\u00e4ngule. Need Adeptus Astartes s\u00f5dalased sobivad h\u00e4sti nii r\u00fcndavasse kui ka kaitsesse rolli.<\/p>\n<p data-start=\"998\" data-end=\"1235\">Intercessorid moodustavad paljude Space Marines armeede selgroo. Nad on h\u00e4sti relvastatud, vastupidavad ja paindlikud lahinguv\u00e4ljal. T\u00e4nu sellele sobivad nad eesm\u00e4rkide hoidmiseks, vastase survestamiseks ja armee p\u00f5hiliini tugevdamiseks.<\/p>\n<p data-start=\"1237\" data-end=\"1523\">Komplekt sisaldab <strong data-start=\"1255\" data-end=\"1297\">10 Space Marines Primaris Intercessors<\/strong> miniatuuri. See annab piisavalt mudeleid tugeva jalav\u00e4e\u00fcksuse loomiseks. \u00dcksus sobib h\u00e4sti algajale m\u00e4ngijale, kes soovib alustada Space Marines armeega. Samuti on see hea t\u00e4iendus olemasolevale Warhammer 40K kollektsioonile.<\/p>\n<p data-start=\"1525\" data-end=\"1784\">Need miniatuurid sobivad paljude Space Marines peat\u00fckkide jaoks. Neid saab v\u00e4rvida n\u00e4iteks Ultramarines, Blood Angels, Imperial Fists, Dark Angels v\u00f5i m\u00f5ne oma loodud Chapteri v\u00e4rvides. See teeb komplektist paindliku valiku eri armeede ja v\u00e4rviskeemide jaoks.<\/p>\n<p data-start=\"1786\" data-end=\"2016\"><strong data-start=\"1786\" data-end=\"1811\">Primaris Intercessors<\/strong> sobivad h\u00e4sti ka maalimisprojektiks. Suured turvised, relvad, peat\u00fcki s\u00fcmbolid ja detailid annavad v\u00e4rvijale palju v\u00f5imalusi. Mudelid on hea valik nii uuele hobilisele kui ka kogenud Warhammeri m\u00e4ngijale.<\/p>\n<p data-start=\"2018\" data-end=\"2237\">Lahinguv\u00e4ljal on need Space Marines jalav\u00e4elased kindel p\u00f5hivalik. Nad aitavad hoida t\u00e4htsaid positsioone ja toetavad teisi \u00fcksuseid. T\u00e4nu oma universaalsele rollile sobivad nad peaaegu igasse Adeptus Astartes armeesse.<\/p>\n<p data-start=\"2239\" data-end=\"2359\">Miniatuurid on v\u00e4rvimata ja vajavad kokkupanekut. Soovitame kasutada Citadel Plastic Glue liimi ja Citadel Colour v\u00e4rve.<\/p>","protected":false},"excerpt":{"rendered":"<p>Primaris Intercessors on usaldusv\u00e4\u00e4rne ja mitmek\u00fclgne Space Marines \u00fcksus Warhammer 40,000 m\u00e4ngule. Need Adeptus Astartes s\u00f5dalased sobivad h\u00e4sti nii r\u00fcndavasse kui ka kaitsesse rolli. Intercessorid moodustavad paljude Space Marines armeede selgroo. Nad on h\u00e4sti relvastatud, vastupidavad ja paindlikud lahinguv\u00e4ljal. T\u00e4nu sellele sobivad nad eesm\u00e4rkide hoidmiseks, vastase survestamiseks ja armee p\u00f5hiliini tugevdamiseks. Komplekt sisaldab 10 Space [&#8230;]\n","protected":false},"featured_media":7490,"template":"","meta":[],"product_brand":[],"product_cat":[223,230,231,232,233,235,236,237,238,227,239,240,222,241],"product_tag":[],"class_list":{"0":"post-7566","1":"product","2":"type-product","3":"status-publish","4":"has-post-thumbnail","6":"product_cat-40k","7":"product_cat-black-templars","8":"product_cat-blood-angels","9":"product_cat-dark-angels","10":"product_cat-deathwatch","11":"product_cat-imperial-fists","12":"product_cat-iron-hands","13":"product_cat-raven-guard","14":"product_cat-salamanders","15":"product_cat-space-marines","16":"product_cat-space-wolves","17":"product_cat-ultramarines","18":"product_cat-warhammer","19":"product_cat-white-scars","21":"first","22":"instock","23":"taxable","24":"shipping-taxable","25":"purchasable","26":"product-type-simple"},"yoast_head":"<!-- This site is optimized with the Yoast SEO Premium plugin v27.5 (Yoast SEO v27.5) - https:\/\/yoast.com\/product\/yoast-seo-premium-wordpress\/ -->\n<title>Primaris Intercessors | Space Marines Warhammer 40K<\/title>\n<meta name=\"description\" content=\"Primaris Intercessors sisaldab 10 Space Marines jalav\u00e4elast Warhammer 40K jaoks. Mitmek\u00fclgne \u00fcksus m\u00e4ngimiseks, maalimiseks ja kogumiseks.\" \/>\n<meta name=\"robots\" content=\"index, follow, max-snippet:-1, max-image-preview:large, max-video-preview:-1\" \/>\n<link rel=\"canonical\" href=\"https:\/\/lahingupood.ee\/en\/product\/space-marines-primaris-intercessors\/\" \/>\n<meta property=\"og:locale\" content=\"en_GB\" \/>\n<meta property=\"og:type\" content=\"article\" \/>\n<meta property=\"og:title\" content=\"Warhammer 40,000: Space Marines Primaris Intercessors\" \/>\n<meta property=\"og:description\" content=\"Primaris Intercessors sisaldab 10 Space Marines jalav\u00e4elast Warhammer 40K jaoks. Mitmek\u00fclgne \u00fcksus m\u00e4ngimiseks, maalimiseks ja kogumiseks.\" \/>\n<meta property=\"og:url\" content=\"https:\/\/lahingupood.ee\/en\/product\/space-marines-primaris-intercessors\/\" \/>\n<meta property=\"og:site_name\" content=\"Lahingurada e-pood\" \/>\n<meta property=\"article:publisher\" content=\"https:\/\/www.facebook.com\/Lahingurada-629940247212967\" \/>\n<meta property=\"article:modified_time\" content=\"2026-05-01T11:23:34+00:00\" \/>\n<meta property=\"og:image\" content=\"https:\/\/lahingupood.ee\/wp-content\/uploads\/2025\/11\/BSF-48-75-99120101309-Space-Marines-Primaris-Intercessors.jpg\" \/>\n\t<meta property=\"og:image:width\" content=\"1840\" \/>\n\t<meta property=\"og:image:height\" content=\"1900\" \/>\n\t<meta property=\"og:image:type\" content=\"image\/jpeg\" \/>\n<meta name=\"twitter:card\" content=\"summary_large_image\" \/>\n<meta name=\"twitter:label1\" content=\"Estimated reading time\" \/>\n\t<meta name=\"twitter:data1\" content=\"2 minutes\" \/>\n<script type=\"application\/ld+json\" class=\"yoast-schema-graph\">{\"@context\":\"https:\\\/\\\/schema.org\",\"@graph\":[{\"@type\":\"WebPage\",\"@id\":\"https:\\\/\\\/lahingupood.ee\\\/toode\\\/space-marines-primaris-intercessors\\\/\",\"url\":\"https:\\\/\\\/lahingupood.ee\\\/toode\\\/space-marines-primaris-intercessors\\\/\",\"name\":\"Primaris Intercessors | Space Marines Warhammer 40K\",\"isPartOf\":{\"@id\":\"https:\\\/\\\/lahingupood.ee\\\/#website\"},\"primaryImageOfPage\":{\"@id\":\"https:\\\/\\\/lahingupood.ee\\\/toode\\\/space-marines-primaris-intercessors\\\/#primaryimage\"},\"image\":{\"@id\":\"https:\\\/\\\/lahingupood.ee\\\/toode\\\/space-marines-primaris-intercessors\\\/#primaryimage\"},\"thumbnailUrl\":\"https:\\\/\\\/lahingupood.ee\\\/wp-content\\\/uploads\\\/2025\\\/11\\\/BSF-48-75-99120101309-Space-Marines-Primaris-Intercessors.jpg\",\"datePublished\":\"2025-11-24T16:40:12+00:00\",\"dateModified\":\"2026-05-01T11:23:34+00:00\",\"description\":\"Primaris Intercessors sisaldab 10 Space Marines jalav\u00e4elast Warhammer 40K jaoks. Mitmek\u00fclgne \u00fcksus m\u00e4ngimiseks, maalimiseks ja kogumiseks.\",\"breadcrumb\":{\"@id\":\"https:\\\/\\\/lahingupood.ee\\\/toode\\\/space-marines-primaris-intercessors\\\/#breadcrumb\"},\"inLanguage\":\"en-GB\",\"potentialAction\":[{\"@type\":\"ReadAction\",\"target\":[\"https:\\\/\\\/lahingupood.ee\\\/toode\\\/space-marines-primaris-intercessors\\\/\"]}]},{\"@type\":\"ImageObject\",\"inLanguage\":\"en-GB\",\"@id\":\"https:\\\/\\\/lahingupood.ee\\\/toode\\\/space-marines-primaris-intercessors\\\/#primaryimage\",\"url\":\"https:\\\/\\\/lahingupood.ee\\\/wp-content\\\/uploads\\\/2025\\\/11\\\/BSF-48-75-99120101309-Space-Marines-Primaris-Intercessors.jpg\",\"contentUrl\":\"https:\\\/\\\/lahingupood.ee\\\/wp-content\\\/uploads\\\/2025\\\/11\\\/BSF-48-75-99120101309-Space-Marines-Primaris-Intercessors.jpg\",\"width\":1840,\"height\":1900,\"caption\":\"Warhammer 40,000 Primaris Intercessors komplekt\"},{\"@type\":\"BreadcrumbList\",\"@id\":\"https:\\\/\\\/lahingupood.ee\\\/toode\\\/space-marines-primaris-intercessors\\\/#breadcrumb\",\"itemListElement\":[{\"@type\":\"ListItem\",\"position\":1,\"name\":\"Home\",\"item\":\"https:\\\/\\\/lahingupood.ee\\\/\"},{\"@type\":\"ListItem\",\"position\":2,\"name\":\"Tooted\",\"item\":\"https:\\\/\\\/lahingupood.ee\\\/tooted\\\/\"},{\"@type\":\"ListItem\",\"position\":3,\"name\":\"Warhammer 40,000: Space Marines Primaris Intercessors\"}]},{\"@type\":\"WebSite\",\"@id\":\"https:\\\/\\\/lahingupood.ee\\\/#website\",\"url\":\"https:\\\/\\\/lahingupood.ee\\\/\",\"name\":\"Lahingurada e-pood\",\"description\":\"Airsoft\",\"publisher\":{\"@id\":\"https:\\\/\\\/lahingupood.ee\\\/#organization\"},\"potentialAction\":[{\"@type\":\"SearchAction\",\"target\":{\"@type\":\"EntryPoint\",\"urlTemplate\":\"https:\\\/\\\/lahingupood.ee\\\/?s={search_term_string}\"},\"query-input\":{\"@type\":\"PropertyValueSpecification\",\"valueRequired\":true,\"valueName\":\"search_term_string\"}}],\"inLanguage\":\"en-GB\"},{\"@type\":\"Organization\",\"@id\":\"https:\\\/\\\/lahingupood.ee\\\/#organization\",\"name\":\"Lahingurada\",\"url\":\"https:\\\/\\\/lahingupood.ee\\\/\",\"logo\":{\"@type\":\"ImageObject\",\"inLanguage\":\"en-GB\",\"@id\":\"https:\\\/\\\/lahingupood.ee\\\/#\\\/schema\\\/logo\\\/image\\\/\",\"url\":\"https:\\\/\\\/lahingupood.ee\\\/wp-content\\\/uploads\\\/2022\\\/03\\\/lahingurada-220318.jpg\",\"contentUrl\":\"https:\\\/\\\/lahingupood.ee\\\/wp-content\\\/uploads\\\/2022\\\/03\\\/lahingurada-220318.jpg\",\"width\":800,\"height\":500,\"caption\":\"Lahingurada\"},\"image\":{\"@id\":\"https:\\\/\\\/lahingupood.ee\\\/#\\\/schema\\\/logo\\\/image\\\/\"},\"sameAs\":[\"https:\\\/\\\/www.facebook.com\\\/Lahingurada-629940247212967\"]}]}<\/script>\n<!-- \/ Yoast SEO Premium plugin. -->","yoast_head_json":{"title":"Primaris Intercessors | Space Marines Warhammer 40K","description":"Primaris Intercessors sisaldab 10 Space Marines jalav\u00e4elast Warhammer 40K jaoks. Mitmek\u00fclgne \u00fcksus m\u00e4ngimiseks, maalimiseks ja kogumiseks.","robots":{"index":"index","follow":"follow","max-snippet":"max-snippet:-1","max-image-preview":"max-image-preview:large","max-video-preview":"max-video-preview:-1"},"canonical":"https:\/\/lahingupood.ee\/en\/product\/space-marines-primaris-intercessors\/","og_locale":"en_GB","og_type":"article","og_title":"Warhammer 40,000: Space Marines Primaris Intercessors","og_description":"Primaris Intercessors sisaldab 10 Space Marines jalav\u00e4elast Warhammer 40K jaoks. Mitmek\u00fclgne \u00fcksus m\u00e4ngimiseks, maalimiseks ja kogumiseks.","og_url":"https:\/\/lahingupood.ee\/en\/product\/space-marines-primaris-intercessors\/","og_site_name":"Lahingurada e-pood","article_publisher":"https:\/\/www.facebook.com\/Lahingurada-629940247212967","article_modified_time":"2026-05-01T11:23:34+00:00","og_image":[{"width":1840,"height":1900,"url":"https:\/\/lahingupood.ee\/wp-content\/uploads\/2025\/11\/BSF-48-75-99120101309-Space-Marines-Primaris-Intercessors.jpg","type":"image\/jpeg"}],"twitter_card":"summary_large_image","twitter_misc":{"Estimated reading time":"2 minutes"},"schema":{"@context":"https:\/\/schema.org","@graph":[{"@type":"WebPage","@id":"https:\/\/lahingupood.ee\/toode\/space-marines-primaris-intercessors\/","url":"https:\/\/lahingupood.ee\/toode\/space-marines-primaris-intercessors\/","name":"Primaris Intercessors | Space Marines Warhammer 40K","isPartOf":{"@id":"https:\/\/lahingupood.ee\/#website"},"primaryImageOfPage":{"@id":"https:\/\/lahingupood.ee\/toode\/space-marines-primaris-intercessors\/#primaryimage"},"image":{"@id":"https:\/\/lahingupood.ee\/toode\/space-marines-primaris-intercessors\/#primaryimage"},"thumbnailUrl":"https:\/\/lahingupood.ee\/wp-content\/uploads\/2025\/11\/BSF-48-75-99120101309-Space-Marines-Primaris-Intercessors.jpg","datePublished":"2025-11-24T16:40:12+00:00","dateModified":"2026-05-01T11:23:34+00:00","description":"Primaris Intercessors sisaldab 10 Space Marines jalav\u00e4elast Warhammer 40K jaoks. Mitmek\u00fclgne \u00fcksus m\u00e4ngimiseks, maalimiseks ja kogumiseks.","breadcrumb":{"@id":"https:\/\/lahingupood.ee\/toode\/space-marines-primaris-intercessors\/#breadcrumb"},"inLanguage":"en-GB","potentialAction":[{"@type":"ReadAction","target":["https:\/\/lahingupood.ee\/toode\/space-marines-primaris-intercessors\/"]}]},{"@type":"ImageObject","inLanguage":"en-GB","@id":"https:\/\/lahingupood.ee\/toode\/space-marines-primaris-intercessors\/#primaryimage","url":"https:\/\/lahingupood.ee\/wp-content\/uploads\/2025\/11\/BSF-48-75-99120101309-Space-Marines-Primaris-Intercessors.jpg","contentUrl":"https:\/\/lahingupood.ee\/wp-content\/uploads\/2025\/11\/BSF-48-75-99120101309-Space-Marines-Primaris-Intercessors.jpg","width":1840,"height":1900,"caption":"Warhammer 40,000 Primaris Intercessors komplekt"},{"@type":"BreadcrumbList","@id":"https:\/\/lahingupood.ee\/toode\/space-marines-primaris-intercessors\/#breadcrumb","itemListElement":[{"@type":"ListItem","position":1,"name":"Home","item":"https:\/\/lahingupood.ee\/"},{"@type":"ListItem","position":2,"name":"Tooted","item":"https:\/\/lahingupood.ee\/tooted\/"},{"@type":"ListItem","position":3,"name":"Warhammer 40,000: Space Marines Primaris Intercessors"}]},{"@type":"WebSite","@id":"https:\/\/lahingupood.ee\/#website","url":"https:\/\/lahingupood.ee\/","name":"Lahingurada e-pood","description":"Airsoft","publisher":{"@id":"https:\/\/lahingupood.ee\/#organization"},"potentialAction":[{"@type":"SearchAction","target":{"@type":"EntryPoint","urlTemplate":"https:\/\/lahingupood.ee\/?s={search_term_string}"},"query-input":{"@type":"PropertyValueSpecification","valueRequired":true,"valueName":"search_term_string"}}],"inLanguage":"en-GB"},{"@type":"Organization","@id":"https:\/\/lahingupood.ee\/#organization","name":"Lahingurada","url":"https:\/\/lahingupood.ee\/","logo":{"@type":"ImageObject","inLanguage":"en-GB","@id":"https:\/\/lahingupood.ee\/#\/schema\/logo\/image\/","url":"https:\/\/lahingupood.ee\/wp-content\/uploads\/2022\/03\/lahingurada-220318.jpg","contentUrl":"https:\/\/lahingupood.ee\/wp-content\/uploads\/2022\/03\/lahingurada-220318.jpg","width":800,"height":500,"caption":"Lahingurada"},"image":{"@id":"https:\/\/lahingupood.ee\/#\/schema\/logo\/image\/"},"sameAs":["https:\/\/www.facebook.com\/Lahingurada-629940247212967"]}]}},"_links":{"self":[{"href":"https:\/\/lahingupood.ee\/en\/wp-json\/wp\/v2\/product\/7566","targetHints":{"allow":["GET"]}}],"collection":[{"href":"https:\/\/lahingupood.ee\/en\/wp-json\/wp\/v2\/product"}],"about":[{"href":"https:\/\/lahingupood.ee\/en\/wp-json\/wp\/v2\/types\/product"}],"wp:featuredmedia":[{"embeddable":true,"href":"https:\/\/lahingupood.ee\/en\/wp-json\/wp\/v2\/media\/7490"}],"wp:attachment":[{"href":"https:\/\/lahingupood.ee\/en\/wp-json\/wp\/v2\/media?parent=7566"}],"wp:term":[{"taxonomy":"product_brand","embeddable":true,"href":"https:\/\/lahingupood.ee\/en\/wp-json\/wp\/v2\/product_brand?post=7566"},{"taxonomy":"product_cat","embeddable":true,"href":"https:\/\/lahingupood.ee\/en\/wp-json\/wp\/v2\/product_cat?post=7566"},{"taxonomy":"product_tag","embeddable":true,"href":"https:\/\/lahingupood.ee\/en\/wp-json\/wp\/v2\/product_tag?post=7566"}],"curies":[{"name":"wp","href":"https:\/\/api.w.org\/{rel}","templated":true}]}}