{"id":7563,"date":"2025-11-24T18:32:15","date_gmt":"2025-11-24T16:32:15","guid":{"rendered":"https:\/\/lahingupood.ee\/?post_type=product&#038;p=7563"},"modified":"2026-05-02T20:00:06","modified_gmt":"2026-05-02T17:00:06","slug":"adepta-sororitas-battle-sisters-squad","status":"publish","type":"product","link":"https:\/\/lahingupood.ee\/en\/product\/adepta-sororitas-battle-sisters-squad\/","title":{"rendered":"Warhammer 40,000: Adepta Sororitas Battle Sisters Squad"},"content":{"rendered":"<p data-start=\"851\" data-end=\"1082\"><strong data-start=\"851\" data-end=\"875\">Battle Sisters Squad<\/strong> on Adepta Sororitas armee p\u00f5hiline jalav\u00e4e\u00fcksus Warhammer 40,000 m\u00e4ngus. Need Sisters of Battle s\u00f5dalased v\u00f5itlevad keisri nimel ning puhastavad lahinguv\u00e4lja hereetikutest, xenos-vaenlastest ja reeturitest.<\/p>\n<p data-start=\"1084\" data-end=\"1375\">Battle Sisters \u00fcksused moodustavad suure osa Orders Militant v\u00e4gedest. Nad liiguvad lahingusse palvete saatel ja kannavad Adepta Sororitase p\u00fcha relvastust. Nende arsenali keskmes on bolter, melta ja flamer. See annab \u00fcksusele hea tasakaalu tulej\u00f5u, paindlikkuse ja temaatilise stiili vahel.<\/p>\n<p data-start=\"1377\" data-end=\"1622\">Komplektist saab kokku panna <strong data-start=\"1406\" data-end=\"1433\">10 Battle Sisters Squad<\/strong> miniatuuri. Iga s\u00f5dalane on varustatud boltgun relvaga. \u00dcks mudel saab kanda <strong data-start=\"1511\" data-end=\"1536\">simulacrum imperialis<\/strong> reliikviat, mis lisab \u00fcksusele tugeva Adepta Sororitas v\u00e4limuse ja p\u00fchaliku iseloomu.<\/p>\n<p data-start=\"1624\" data-end=\"1851\">\u00dcksust juhib <strong data-start=\"1637\" data-end=\"1656\">Sister Superior<\/strong>, kellel on palju relvavalikuid. L\u00e4hiv\u00f5itluseks saab valida chainswordi v\u00f5i power swordi. Kaugv\u00f5itluseks on valikus plasma pistol, bolt pistol, boltgun, condemnor ja erinevad combi-weapon relvad.<\/p>\n<p data-start=\"1853\" data-end=\"2086\">Karbis on ka mitmeid erirelvi. Battle Sisters mudelitele saab lisada flamereid, meltagune ja storm boltereid. Tugevama tulej\u00f5u jaoks on kaasas heavy bolter ja heavy flamer. See teeb komplekti v\u00e4ga paindlikuks eri m\u00e4nguplaanide jaoks.<\/p>\n<p data-start=\"2088\" data-end=\"2248\">Komplekt sisaldab \u00fcle 30 vahetatava pea. Saad ehitada terve \u00fcksuse kiivritega v\u00f5i paljaste peadega. See aitab luua isikup\u00e4rase ja visuaalselt mitmekesise salga.<\/p>\n<p data-start=\"2250\" data-end=\"2426\">Sama komplekti saab alternatiivina ehitada ka <strong data-start=\"2296\" data-end=\"2311\">10 Dominion<\/strong> miniatuurina. Dominionid on Adepta Sororitase relvaspetsialistid ja sobivad h\u00e4sti agressiivsema tuletoetuse rolli.<\/p>\n<p data-start=\"2428\" data-end=\"2646\"><strong data-start=\"2428\" data-end=\"2452\">Battle Sisters Squad<\/strong> sobib m\u00e4ngimiseks, maalimiseks ja kollektsioneerimiseks. Turvised, reliikviad, kiriklikud detailid ja relvad annavad v\u00e4rvijale palju v\u00f5imalusi. Miniatuurid on v\u00e4rvimata ja vajavad kokkupanekut.<\/p>","protected":false},"excerpt":{"rendered":"<p>Battle Sisters Squad on Adepta Sororitas armee p\u00f5hiline jalav\u00e4e\u00fcksus Warhammer 40,000 m\u00e4ngus. Need Sisters of Battle s\u00f5dalased v\u00f5itlevad keisri nimel ning puhastavad lahinguv\u00e4lja hereetikutest, xenos-vaenlastest ja reeturitest. Battle Sisters \u00fcksused moodustavad suure osa Orders Militant v\u00e4gedest. Nad liiguvad lahingusse palvete saatel ja kannavad Adepta Sororitase p\u00fcha relvastust. Nende arsenali keskmes on bolter, melta ja flamer. [&#8230;]\n","protected":false},"featured_media":7498,"template":"","meta":[],"product_brand":[],"product_cat":[223,242,228,222],"product_tag":[],"class_list":{"0":"post-7563","1":"product","2":"type-product","3":"status-publish","4":"has-post-thumbnail","6":"product_cat-40k","7":"product_cat-adepta-sororitas","8":"product_cat-imperium","9":"product_cat-warhammer","11":"first","12":"instock","13":"taxable","14":"shipping-taxable","15":"purchasable","16":"product-type-simple"},"yoast_head":"<!-- This site is optimized with the Yoast SEO Premium plugin v27.5 (Yoast SEO v27.5) - https:\/\/yoast.com\/product\/yoast-seo-premium-wordpress\/ -->\n<title>Battle Sisters Squad | Adepta Sororitas 40K<\/title>\n<meta name=\"description\" content=\"Battle Sisters Squad sisaldab 10 Adepta Sororitas miniatuuri, Incensor Cherubit, relvavalikuid, aluseid ja transfer sheet\u2019i Warhammer 40K jaoks.\" \/>\n<meta name=\"robots\" content=\"index, follow, max-snippet:-1, max-image-preview:large, max-video-preview:-1\" \/>\n<link rel=\"canonical\" href=\"https:\/\/lahingupood.ee\/en\/product\/adepta-sororitas-battle-sisters-squad\/\" \/>\n<meta property=\"og:locale\" content=\"en_GB\" \/>\n<meta property=\"og:type\" content=\"article\" \/>\n<meta property=\"og:title\" content=\"Warhammer 40,000: Adepta Sororitas Battle Sisters Squad\" \/>\n<meta property=\"og:description\" content=\"Battle Sisters Squad sisaldab 10 Adepta Sororitas miniatuuri, Incensor Cherubit, relvavalikuid, aluseid ja transfer sheet\u2019i Warhammer 40K jaoks.\" \/>\n<meta property=\"og:url\" content=\"https:\/\/lahingupood.ee\/en\/product\/adepta-sororitas-battle-sisters-squad\/\" \/>\n<meta property=\"og:site_name\" content=\"Lahingurada e-pood\" \/>\n<meta property=\"article:publisher\" content=\"https:\/\/www.facebook.com\/Lahingurada-629940247212967\" \/>\n<meta property=\"article:modified_time\" content=\"2026-05-02T17:00:06+00:00\" \/>\n<meta property=\"og:image\" content=\"https:\/\/lahingupood.ee\/wp-content\/uploads\/2025\/11\/BSF-52-20-99120108057-Adeptus-Sororitas-Battle-Sisters-Squad.jpg\" \/>\n\t<meta property=\"og:image:width\" content=\"1840\" \/>\n\t<meta property=\"og:image:height\" content=\"1900\" \/>\n\t<meta property=\"og:image:type\" content=\"image\/jpeg\" \/>\n<meta name=\"twitter:card\" content=\"summary_large_image\" \/>\n<meta name=\"twitter:label1\" content=\"Estimated reading time\" \/>\n\t<meta name=\"twitter:data1\" content=\"2 minutes\" \/>\n<script type=\"application\/ld+json\" class=\"yoast-schema-graph\">{\"@context\":\"https:\\\/\\\/schema.org\",\"@graph\":[{\"@type\":\"WebPage\",\"@id\":\"https:\\\/\\\/lahingupood.ee\\\/toode\\\/adepta-sororitas-battle-sisters-squad\\\/\",\"url\":\"https:\\\/\\\/lahingupood.ee\\\/toode\\\/adepta-sororitas-battle-sisters-squad\\\/\",\"name\":\"Battle Sisters Squad | Adepta Sororitas 40K\",\"isPartOf\":{\"@id\":\"https:\\\/\\\/lahingupood.ee\\\/#website\"},\"primaryImageOfPage\":{\"@id\":\"https:\\\/\\\/lahingupood.ee\\\/toode\\\/adepta-sororitas-battle-sisters-squad\\\/#primaryimage\"},\"image\":{\"@id\":\"https:\\\/\\\/lahingupood.ee\\\/toode\\\/adepta-sororitas-battle-sisters-squad\\\/#primaryimage\"},\"thumbnailUrl\":\"https:\\\/\\\/lahingupood.ee\\\/wp-content\\\/uploads\\\/2025\\\/11\\\/BSF-52-20-99120108057-Adeptus-Sororitas-Battle-Sisters-Squad.jpg\",\"datePublished\":\"2025-11-24T16:32:15+00:00\",\"dateModified\":\"2026-05-02T17:00:06+00:00\",\"description\":\"Battle Sisters Squad sisaldab 10 Adepta Sororitas miniatuuri, Incensor Cherubit, relvavalikuid, aluseid ja transfer sheet\u2019i Warhammer 40K jaoks.\",\"breadcrumb\":{\"@id\":\"https:\\\/\\\/lahingupood.ee\\\/toode\\\/adepta-sororitas-battle-sisters-squad\\\/#breadcrumb\"},\"inLanguage\":\"en-GB\",\"potentialAction\":[{\"@type\":\"ReadAction\",\"target\":[\"https:\\\/\\\/lahingupood.ee\\\/toode\\\/adepta-sororitas-battle-sisters-squad\\\/\"]}]},{\"@type\":\"ImageObject\",\"inLanguage\":\"en-GB\",\"@id\":\"https:\\\/\\\/lahingupood.ee\\\/toode\\\/adepta-sororitas-battle-sisters-squad\\\/#primaryimage\",\"url\":\"https:\\\/\\\/lahingupood.ee\\\/wp-content\\\/uploads\\\/2025\\\/11\\\/BSF-52-20-99120108057-Adeptus-Sororitas-Battle-Sisters-Squad.jpg\",\"contentUrl\":\"https:\\\/\\\/lahingupood.ee\\\/wp-content\\\/uploads\\\/2025\\\/11\\\/BSF-52-20-99120108057-Adeptus-Sororitas-Battle-Sisters-Squad.jpg\",\"width\":1840,\"height\":1900,\"caption\":\"Warhammer 40,000 Battle Sisters Squad komplekt\"},{\"@type\":\"BreadcrumbList\",\"@id\":\"https:\\\/\\\/lahingupood.ee\\\/toode\\\/adepta-sororitas-battle-sisters-squad\\\/#breadcrumb\",\"itemListElement\":[{\"@type\":\"ListItem\",\"position\":1,\"name\":\"Home\",\"item\":\"https:\\\/\\\/lahingupood.ee\\\/\"},{\"@type\":\"ListItem\",\"position\":2,\"name\":\"Tooted\",\"item\":\"https:\\\/\\\/lahingupood.ee\\\/tooted\\\/\"},{\"@type\":\"ListItem\",\"position\":3,\"name\":\"Warhammer 40,000: Adepta Sororitas Battle Sisters Squad\"}]},{\"@type\":\"WebSite\",\"@id\":\"https:\\\/\\\/lahingupood.ee\\\/#website\",\"url\":\"https:\\\/\\\/lahingupood.ee\\\/\",\"name\":\"Lahingurada e-pood\",\"description\":\"Airsoft\",\"publisher\":{\"@id\":\"https:\\\/\\\/lahingupood.ee\\\/#organization\"},\"potentialAction\":[{\"@type\":\"SearchAction\",\"target\":{\"@type\":\"EntryPoint\",\"urlTemplate\":\"https:\\\/\\\/lahingupood.ee\\\/?s={search_term_string}\"},\"query-input\":{\"@type\":\"PropertyValueSpecification\",\"valueRequired\":true,\"valueName\":\"search_term_string\"}}],\"inLanguage\":\"en-GB\"},{\"@type\":\"Organization\",\"@id\":\"https:\\\/\\\/lahingupood.ee\\\/#organization\",\"name\":\"Lahingurada\",\"url\":\"https:\\\/\\\/lahingupood.ee\\\/\",\"logo\":{\"@type\":\"ImageObject\",\"inLanguage\":\"en-GB\",\"@id\":\"https:\\\/\\\/lahingupood.ee\\\/#\\\/schema\\\/logo\\\/image\\\/\",\"url\":\"https:\\\/\\\/lahingupood.ee\\\/wp-content\\\/uploads\\\/2022\\\/03\\\/lahingurada-220318.jpg\",\"contentUrl\":\"https:\\\/\\\/lahingupood.ee\\\/wp-content\\\/uploads\\\/2022\\\/03\\\/lahingurada-220318.jpg\",\"width\":800,\"height\":500,\"caption\":\"Lahingurada\"},\"image\":{\"@id\":\"https:\\\/\\\/lahingupood.ee\\\/#\\\/schema\\\/logo\\\/image\\\/\"},\"sameAs\":[\"https:\\\/\\\/www.facebook.com\\\/Lahingurada-629940247212967\"]}]}<\/script>\n<!-- \/ Yoast SEO Premium plugin. -->","yoast_head_json":{"title":"Battle Sisters Squad | Adepta Sororitas 40K","description":"Battle Sisters Squad sisaldab 10 Adepta Sororitas miniatuuri, Incensor Cherubit, relvavalikuid, aluseid ja transfer sheet\u2019i Warhammer 40K jaoks.","robots":{"index":"index","follow":"follow","max-snippet":"max-snippet:-1","max-image-preview":"max-image-preview:large","max-video-preview":"max-video-preview:-1"},"canonical":"https:\/\/lahingupood.ee\/en\/product\/adepta-sororitas-battle-sisters-squad\/","og_locale":"en_GB","og_type":"article","og_title":"Warhammer 40,000: Adepta Sororitas Battle Sisters Squad","og_description":"Battle Sisters Squad sisaldab 10 Adepta Sororitas miniatuuri, Incensor Cherubit, relvavalikuid, aluseid ja transfer sheet\u2019i Warhammer 40K jaoks.","og_url":"https:\/\/lahingupood.ee\/en\/product\/adepta-sororitas-battle-sisters-squad\/","og_site_name":"Lahingurada e-pood","article_publisher":"https:\/\/www.facebook.com\/Lahingurada-629940247212967","article_modified_time":"2026-05-02T17:00:06+00:00","og_image":[{"width":1840,"height":1900,"url":"https:\/\/lahingupood.ee\/wp-content\/uploads\/2025\/11\/BSF-52-20-99120108057-Adeptus-Sororitas-Battle-Sisters-Squad.jpg","type":"image\/jpeg"}],"twitter_card":"summary_large_image","twitter_misc":{"Estimated reading time":"2 minutes"},"schema":{"@context":"https:\/\/schema.org","@graph":[{"@type":"WebPage","@id":"https:\/\/lahingupood.ee\/toode\/adepta-sororitas-battle-sisters-squad\/","url":"https:\/\/lahingupood.ee\/toode\/adepta-sororitas-battle-sisters-squad\/","name":"Battle Sisters Squad | Adepta Sororitas 40K","isPartOf":{"@id":"https:\/\/lahingupood.ee\/#website"},"primaryImageOfPage":{"@id":"https:\/\/lahingupood.ee\/toode\/adepta-sororitas-battle-sisters-squad\/#primaryimage"},"image":{"@id":"https:\/\/lahingupood.ee\/toode\/adepta-sororitas-battle-sisters-squad\/#primaryimage"},"thumbnailUrl":"https:\/\/lahingupood.ee\/wp-content\/uploads\/2025\/11\/BSF-52-20-99120108057-Adeptus-Sororitas-Battle-Sisters-Squad.jpg","datePublished":"2025-11-24T16:32:15+00:00","dateModified":"2026-05-02T17:00:06+00:00","description":"Battle Sisters Squad sisaldab 10 Adepta Sororitas miniatuuri, Incensor Cherubit, relvavalikuid, aluseid ja transfer sheet\u2019i Warhammer 40K jaoks.","breadcrumb":{"@id":"https:\/\/lahingupood.ee\/toode\/adepta-sororitas-battle-sisters-squad\/#breadcrumb"},"inLanguage":"en-GB","potentialAction":[{"@type":"ReadAction","target":["https:\/\/lahingupood.ee\/toode\/adepta-sororitas-battle-sisters-squad\/"]}]},{"@type":"ImageObject","inLanguage":"en-GB","@id":"https:\/\/lahingupood.ee\/toode\/adepta-sororitas-battle-sisters-squad\/#primaryimage","url":"https:\/\/lahingupood.ee\/wp-content\/uploads\/2025\/11\/BSF-52-20-99120108057-Adeptus-Sororitas-Battle-Sisters-Squad.jpg","contentUrl":"https:\/\/lahingupood.ee\/wp-content\/uploads\/2025\/11\/BSF-52-20-99120108057-Adeptus-Sororitas-Battle-Sisters-Squad.jpg","width":1840,"height":1900,"caption":"Warhammer 40,000 Battle Sisters Squad komplekt"},{"@type":"BreadcrumbList","@id":"https:\/\/lahingupood.ee\/toode\/adepta-sororitas-battle-sisters-squad\/#breadcrumb","itemListElement":[{"@type":"ListItem","position":1,"name":"Home","item":"https:\/\/lahingupood.ee\/"},{"@type":"ListItem","position":2,"name":"Tooted","item":"https:\/\/lahingupood.ee\/tooted\/"},{"@type":"ListItem","position":3,"name":"Warhammer 40,000: Adepta Sororitas Battle Sisters Squad"}]},{"@type":"WebSite","@id":"https:\/\/lahingupood.ee\/#website","url":"https:\/\/lahingupood.ee\/","name":"Lahingurada e-pood","description":"Airsoft","publisher":{"@id":"https:\/\/lahingupood.ee\/#organization"},"potentialAction":[{"@type":"SearchAction","target":{"@type":"EntryPoint","urlTemplate":"https:\/\/lahingupood.ee\/?s={search_term_string}"},"query-input":{"@type":"PropertyValueSpecification","valueRequired":true,"valueName":"search_term_string"}}],"inLanguage":"en-GB"},{"@type":"Organization","@id":"https:\/\/lahingupood.ee\/#organization","name":"Lahingurada","url":"https:\/\/lahingupood.ee\/","logo":{"@type":"ImageObject","inLanguage":"en-GB","@id":"https:\/\/lahingupood.ee\/#\/schema\/logo\/image\/","url":"https:\/\/lahingupood.ee\/wp-content\/uploads\/2022\/03\/lahingurada-220318.jpg","contentUrl":"https:\/\/lahingupood.ee\/wp-content\/uploads\/2022\/03\/lahingurada-220318.jpg","width":800,"height":500,"caption":"Lahingurada"},"image":{"@id":"https:\/\/lahingupood.ee\/#\/schema\/logo\/image\/"},"sameAs":["https:\/\/www.facebook.com\/Lahingurada-629940247212967"]}]}},"_links":{"self":[{"href":"https:\/\/lahingupood.ee\/en\/wp-json\/wp\/v2\/product\/7563","targetHints":{"allow":["GET"]}}],"collection":[{"href":"https:\/\/lahingupood.ee\/en\/wp-json\/wp\/v2\/product"}],"about":[{"href":"https:\/\/lahingupood.ee\/en\/wp-json\/wp\/v2\/types\/product"}],"wp:featuredmedia":[{"embeddable":true,"href":"https:\/\/lahingupood.ee\/en\/wp-json\/wp\/v2\/media\/7498"}],"wp:attachment":[{"href":"https:\/\/lahingupood.ee\/en\/wp-json\/wp\/v2\/media?parent=7563"}],"wp:term":[{"taxonomy":"product_brand","embeddable":true,"href":"https:\/\/lahingupood.ee\/en\/wp-json\/wp\/v2\/product_brand?post=7563"},{"taxonomy":"product_cat","embeddable":true,"href":"https:\/\/lahingupood.ee\/en\/wp-json\/wp\/v2\/product_cat?post=7563"},{"taxonomy":"product_tag","embeddable":true,"href":"https:\/\/lahingupood.ee\/en\/wp-json\/wp\/v2\/product_tag?post=7563"}],"curies":[{"name":"wp","href":"https:\/\/api.w.org\/{rel}","templated":true}]}}