{"id":7562,"date":"2025-11-24T18:30:11","date_gmt":"2025-11-24T16:30:11","guid":{"rendered":"https:\/\/lahingupood.ee\/?post_type=product&#038;p=7562"},"modified":"2026-05-02T18:45:04","modified_gmt":"2026-05-02T15:45:04","slug":"adeptus-custodes-custodian-wardens","status":"publish","type":"product","link":"https:\/\/lahingupood.ee\/en\/product\/adeptus-custodes-custodian-wardens\/","title":{"rendered":"Warhammer 40,000: Adeptus Custodes Custodian Wardens"},"content":{"rendered":"<p data-start=\"814\" data-end=\"984\"><strong data-start=\"814\" data-end=\"835\">Custodian Wardens<\/strong> on eliitne Adeptus Custodes \u00fcksus Warhammer 40,000 m\u00e4ngule. Need s\u00f5dalased on vankumatud kaitsjad, kes seisavad lahinguv\u00e4ljal nagu elavad kindlused.<\/p>\n<p data-start=\"986\" data-end=\"1216\">Adeptus Custodes v\u00e4ed on keisri k\u00f5ige v\u00f5imsamad ihukaitsjad. Nad kannavad rikkalikult kaunistatud kuldset turvist ja v\u00f5itlevad erakordse osavusega. Wardens \u00fcksused on rahulikud, sihikindlad ja hirmu\u00e4ratavalt t\u00f5husad l\u00e4hiv\u00f5itluses.<\/p>\n<p data-start=\"1218\" data-end=\"1442\">Komplektist saab kokku panna <strong data-start=\"1247\" data-end=\"1270\">5 Custodian Wardens<\/strong> miniatuuri. Neid saab kasutada Adeptus Custodes armees Warhammer 40,000 m\u00e4ngudes. Samuti sobivad need Talons of the Emperor v\u00e4gedesse Warhammer: The Horus Heresy m\u00e4ngudes.<\/p>\n<p data-start=\"1444\" data-end=\"1671\">Iga mudeli saab relvastada kas <strong data-start=\"1475\" data-end=\"1493\">guardian spear<\/strong> v\u00f5i <strong data-start=\"1498\" data-end=\"1515\">castellan axe<\/strong> relvaga. M\u00f5lemad annavad \u00fcksusele tugeva ja ikoonilise v\u00e4limuse. \u00dche miniatuuri saab ehitada <strong data-start=\"1609\" data-end=\"1620\">vexilla<\/strong> kandjana, mis lisab \u00fcksusele veel rohkem iseloomu.<\/p>\n<p data-start=\"1673\" data-end=\"1916\">Karbis on ka osad valikulise <strong data-start=\"1702\" data-end=\"1720\">Shield-Captain<\/strong> mudeli ehitamiseks. Sellel juhil on kahe pea valik. Lisaks on kaasas vahetatavad pead, top knot detailid, vasakud \u00f5laplaadid ja puusaplaadid. Need osad aitavad muuta iga s\u00f5dalase veidi erinevaks.<\/p>\n<p data-start=\"1918\" data-end=\"2211\"><strong data-start=\"1918\" data-end=\"1939\">Custodian Wardens<\/strong> sobib h\u00e4sti m\u00e4ngimiseks, maalimiseks ja kollektsioneerimiseks. Miniatuuridel on palju detaile, nagu v\u00e4\u00e4riskivid, kotkad, v\u00e4lgunooled ja filigraanmustrid. Need annavad v\u00e4rvijale suurep\u00e4rased v\u00f5imalused kuldse turvise, punaste kangaste ja metalse relvastuse esiletoomiseks.<\/p>\n<p data-start=\"2213\" data-end=\"2437\">See komplekt on hea valik m\u00e4ngijale, kes soovib lisada oma armeesse vastupidava ja v\u00e4\u00e4rika eliit\u00fcksuse. Miniatuurid on v\u00e4rvimata ja vajavad kokkupanekut. Soovitame kasutada Citadel Plastic Glue liimi ja Citadel Colour v\u00e4rve.<\/p>","protected":false},"excerpt":{"rendered":"<p>Custodian Wardens on eliitne Adeptus Custodes \u00fcksus Warhammer 40,000 m\u00e4ngule. Need s\u00f5dalased on vankumatud kaitsjad, kes seisavad lahinguv\u00e4ljal nagu elavad kindlused. Adeptus Custodes v\u00e4ed on keisri k\u00f5ige v\u00f5imsamad ihukaitsjad. Nad kannavad rikkalikult kaunistatud kuldset turvist ja v\u00f5itlevad erakordse osavusega. Wardens \u00fcksused on rahulikud, sihikindlad ja hirmu\u00e4ratavalt t\u00f5husad l\u00e4hiv\u00f5itluses. Komplektist saab kokku panna 5 Custodian Wardens [&#8230;]\n","protected":false},"featured_media":7458,"template":"","meta":[],"product_brand":[],"product_cat":[223,243,228,222],"product_tag":[],"class_list":{"0":"post-7562","1":"product","2":"type-product","3":"status-publish","4":"has-post-thumbnail","6":"product_cat-40k","7":"product_cat-adeptus-custodes","8":"product_cat-imperium","9":"product_cat-warhammer","11":"first","12":"instock","13":"taxable","14":"shipping-taxable","15":"purchasable","16":"product-type-simple"},"yoast_head":"<!-- This site is optimized with the Yoast SEO Premium plugin v27.5 (Yoast SEO v27.5) - https:\/\/yoast.com\/product\/yoast-seo-premium-wordpress\/ -->\n<title>Custodian Wardens | Adeptus Custodes 40K<\/title>\n<meta name=\"description\" content=\"Custodian Wardens komplekt sisaldab 5 Adeptus Custodes miniatuuri Warhammer 40K ja Horus Heresy jaoks. Kaasas spear, axe ja vexilla valikud.\" \/>\n<meta name=\"robots\" content=\"index, follow, max-snippet:-1, max-image-preview:large, max-video-preview:-1\" \/>\n<link rel=\"canonical\" href=\"https:\/\/lahingupood.ee\/en\/product\/adeptus-custodes-custodian-wardens\/\" \/>\n<meta property=\"og:locale\" content=\"en_GB\" \/>\n<meta property=\"og:type\" content=\"article\" \/>\n<meta property=\"og:title\" content=\"Warhammer 40,000: Adeptus Custodes Custodian Wardens\" \/>\n<meta property=\"og:description\" content=\"Custodian Wardens komplekt sisaldab 5 Adeptus Custodes miniatuuri Warhammer 40K ja Horus Heresy jaoks. Kaasas spear, axe ja vexilla valikud.\" \/>\n<meta property=\"og:url\" content=\"https:\/\/lahingupood.ee\/en\/product\/adeptus-custodes-custodian-wardens\/\" \/>\n<meta property=\"og:site_name\" content=\"Lahingurada e-pood\" \/>\n<meta property=\"article:publisher\" content=\"https:\/\/www.facebook.com\/Lahingurada-629940247212967\" \/>\n<meta property=\"article:modified_time\" content=\"2026-05-02T15:45:04+00:00\" \/>\n<meta property=\"og:image\" content=\"https:\/\/lahingupood.ee\/wp-content\/uploads\/2025\/11\/BSF-01-11-99120108077-Adeptus-Custodes-Custodian-Wardens.jpg\" \/>\n\t<meta property=\"og:image:width\" content=\"1840\" \/>\n\t<meta property=\"og:image:height\" content=\"1900\" \/>\n\t<meta property=\"og:image:type\" content=\"image\/jpeg\" \/>\n<meta name=\"twitter:card\" content=\"summary_large_image\" \/>\n<meta name=\"twitter:label1\" content=\"Estimated reading time\" \/>\n\t<meta name=\"twitter:data1\" content=\"2 minutes\" \/>\n<script type=\"application\/ld+json\" class=\"yoast-schema-graph\">{\"@context\":\"https:\\\/\\\/schema.org\",\"@graph\":[{\"@type\":\"WebPage\",\"@id\":\"https:\\\/\\\/lahingupood.ee\\\/toode\\\/adeptus-custodes-custodian-wardens\\\/\",\"url\":\"https:\\\/\\\/lahingupood.ee\\\/toode\\\/adeptus-custodes-custodian-wardens\\\/\",\"name\":\"Custodian Wardens | Adeptus Custodes 40K\",\"isPartOf\":{\"@id\":\"https:\\\/\\\/lahingupood.ee\\\/#website\"},\"primaryImageOfPage\":{\"@id\":\"https:\\\/\\\/lahingupood.ee\\\/toode\\\/adeptus-custodes-custodian-wardens\\\/#primaryimage\"},\"image\":{\"@id\":\"https:\\\/\\\/lahingupood.ee\\\/toode\\\/adeptus-custodes-custodian-wardens\\\/#primaryimage\"},\"thumbnailUrl\":\"https:\\\/\\\/lahingupood.ee\\\/wp-content\\\/uploads\\\/2025\\\/11\\\/BSF-01-11-99120108077-Adeptus-Custodes-Custodian-Wardens.jpg\",\"datePublished\":\"2025-11-24T16:30:11+00:00\",\"dateModified\":\"2026-05-02T15:45:04+00:00\",\"description\":\"Custodian Wardens komplekt sisaldab 5 Adeptus Custodes miniatuuri Warhammer 40K ja Horus Heresy jaoks. Kaasas spear, axe ja vexilla valikud.\",\"breadcrumb\":{\"@id\":\"https:\\\/\\\/lahingupood.ee\\\/toode\\\/adeptus-custodes-custodian-wardens\\\/#breadcrumb\"},\"inLanguage\":\"en-GB\",\"potentialAction\":[{\"@type\":\"ReadAction\",\"target\":[\"https:\\\/\\\/lahingupood.ee\\\/toode\\\/adeptus-custodes-custodian-wardens\\\/\"]}]},{\"@type\":\"ImageObject\",\"inLanguage\":\"en-GB\",\"@id\":\"https:\\\/\\\/lahingupood.ee\\\/toode\\\/adeptus-custodes-custodian-wardens\\\/#primaryimage\",\"url\":\"https:\\\/\\\/lahingupood.ee\\\/wp-content\\\/uploads\\\/2025\\\/11\\\/BSF-01-11-99120108077-Adeptus-Custodes-Custodian-Wardens.jpg\",\"contentUrl\":\"https:\\\/\\\/lahingupood.ee\\\/wp-content\\\/uploads\\\/2025\\\/11\\\/BSF-01-11-99120108077-Adeptus-Custodes-Custodian-Wardens.jpg\",\"width\":1840,\"height\":1900,\"caption\":\"Warhammer 40,000 Custodian Wardens komplekt\"},{\"@type\":\"BreadcrumbList\",\"@id\":\"https:\\\/\\\/lahingupood.ee\\\/toode\\\/adeptus-custodes-custodian-wardens\\\/#breadcrumb\",\"itemListElement\":[{\"@type\":\"ListItem\",\"position\":1,\"name\":\"Home\",\"item\":\"https:\\\/\\\/lahingupood.ee\\\/\"},{\"@type\":\"ListItem\",\"position\":2,\"name\":\"Tooted\",\"item\":\"https:\\\/\\\/lahingupood.ee\\\/tooted\\\/\"},{\"@type\":\"ListItem\",\"position\":3,\"name\":\"Warhammer 40,000: Adeptus Custodes Custodian Wardens\"}]},{\"@type\":\"WebSite\",\"@id\":\"https:\\\/\\\/lahingupood.ee\\\/#website\",\"url\":\"https:\\\/\\\/lahingupood.ee\\\/\",\"name\":\"Lahingurada e-pood\",\"description\":\"Airsoft\",\"publisher\":{\"@id\":\"https:\\\/\\\/lahingupood.ee\\\/#organization\"},\"potentialAction\":[{\"@type\":\"SearchAction\",\"target\":{\"@type\":\"EntryPoint\",\"urlTemplate\":\"https:\\\/\\\/lahingupood.ee\\\/?s={search_term_string}\"},\"query-input\":{\"@type\":\"PropertyValueSpecification\",\"valueRequired\":true,\"valueName\":\"search_term_string\"}}],\"inLanguage\":\"en-GB\"},{\"@type\":\"Organization\",\"@id\":\"https:\\\/\\\/lahingupood.ee\\\/#organization\",\"name\":\"Lahingurada\",\"url\":\"https:\\\/\\\/lahingupood.ee\\\/\",\"logo\":{\"@type\":\"ImageObject\",\"inLanguage\":\"en-GB\",\"@id\":\"https:\\\/\\\/lahingupood.ee\\\/#\\\/schema\\\/logo\\\/image\\\/\",\"url\":\"https:\\\/\\\/lahingupood.ee\\\/wp-content\\\/uploads\\\/2022\\\/03\\\/lahingurada-220318.jpg\",\"contentUrl\":\"https:\\\/\\\/lahingupood.ee\\\/wp-content\\\/uploads\\\/2022\\\/03\\\/lahingurada-220318.jpg\",\"width\":800,\"height\":500,\"caption\":\"Lahingurada\"},\"image\":{\"@id\":\"https:\\\/\\\/lahingupood.ee\\\/#\\\/schema\\\/logo\\\/image\\\/\"},\"sameAs\":[\"https:\\\/\\\/www.facebook.com\\\/Lahingurada-629940247212967\"]}]}<\/script>\n<!-- \/ Yoast SEO Premium plugin. -->","yoast_head_json":{"title":"Custodian Wardens | Adeptus Custodes 40K","description":"Custodian Wardens komplekt sisaldab 5 Adeptus Custodes miniatuuri Warhammer 40K ja Horus Heresy jaoks. Kaasas spear, axe ja vexilla valikud.","robots":{"index":"index","follow":"follow","max-snippet":"max-snippet:-1","max-image-preview":"max-image-preview:large","max-video-preview":"max-video-preview:-1"},"canonical":"https:\/\/lahingupood.ee\/en\/product\/adeptus-custodes-custodian-wardens\/","og_locale":"en_GB","og_type":"article","og_title":"Warhammer 40,000: Adeptus Custodes Custodian Wardens","og_description":"Custodian Wardens komplekt sisaldab 5 Adeptus Custodes miniatuuri Warhammer 40K ja Horus Heresy jaoks. Kaasas spear, axe ja vexilla valikud.","og_url":"https:\/\/lahingupood.ee\/en\/product\/adeptus-custodes-custodian-wardens\/","og_site_name":"Lahingurada e-pood","article_publisher":"https:\/\/www.facebook.com\/Lahingurada-629940247212967","article_modified_time":"2026-05-02T15:45:04+00:00","og_image":[{"width":1840,"height":1900,"url":"https:\/\/lahingupood.ee\/wp-content\/uploads\/2025\/11\/BSF-01-11-99120108077-Adeptus-Custodes-Custodian-Wardens.jpg","type":"image\/jpeg"}],"twitter_card":"summary_large_image","twitter_misc":{"Estimated reading time":"2 minutes"},"schema":{"@context":"https:\/\/schema.org","@graph":[{"@type":"WebPage","@id":"https:\/\/lahingupood.ee\/toode\/adeptus-custodes-custodian-wardens\/","url":"https:\/\/lahingupood.ee\/toode\/adeptus-custodes-custodian-wardens\/","name":"Custodian Wardens | Adeptus Custodes 40K","isPartOf":{"@id":"https:\/\/lahingupood.ee\/#website"},"primaryImageOfPage":{"@id":"https:\/\/lahingupood.ee\/toode\/adeptus-custodes-custodian-wardens\/#primaryimage"},"image":{"@id":"https:\/\/lahingupood.ee\/toode\/adeptus-custodes-custodian-wardens\/#primaryimage"},"thumbnailUrl":"https:\/\/lahingupood.ee\/wp-content\/uploads\/2025\/11\/BSF-01-11-99120108077-Adeptus-Custodes-Custodian-Wardens.jpg","datePublished":"2025-11-24T16:30:11+00:00","dateModified":"2026-05-02T15:45:04+00:00","description":"Custodian Wardens komplekt sisaldab 5 Adeptus Custodes miniatuuri Warhammer 40K ja Horus Heresy jaoks. Kaasas spear, axe ja vexilla valikud.","breadcrumb":{"@id":"https:\/\/lahingupood.ee\/toode\/adeptus-custodes-custodian-wardens\/#breadcrumb"},"inLanguage":"en-GB","potentialAction":[{"@type":"ReadAction","target":["https:\/\/lahingupood.ee\/toode\/adeptus-custodes-custodian-wardens\/"]}]},{"@type":"ImageObject","inLanguage":"en-GB","@id":"https:\/\/lahingupood.ee\/toode\/adeptus-custodes-custodian-wardens\/#primaryimage","url":"https:\/\/lahingupood.ee\/wp-content\/uploads\/2025\/11\/BSF-01-11-99120108077-Adeptus-Custodes-Custodian-Wardens.jpg","contentUrl":"https:\/\/lahingupood.ee\/wp-content\/uploads\/2025\/11\/BSF-01-11-99120108077-Adeptus-Custodes-Custodian-Wardens.jpg","width":1840,"height":1900,"caption":"Warhammer 40,000 Custodian Wardens komplekt"},{"@type":"BreadcrumbList","@id":"https:\/\/lahingupood.ee\/toode\/adeptus-custodes-custodian-wardens\/#breadcrumb","itemListElement":[{"@type":"ListItem","position":1,"name":"Home","item":"https:\/\/lahingupood.ee\/"},{"@type":"ListItem","position":2,"name":"Tooted","item":"https:\/\/lahingupood.ee\/tooted\/"},{"@type":"ListItem","position":3,"name":"Warhammer 40,000: Adeptus Custodes Custodian Wardens"}]},{"@type":"WebSite","@id":"https:\/\/lahingupood.ee\/#website","url":"https:\/\/lahingupood.ee\/","name":"Lahingurada e-pood","description":"Airsoft","publisher":{"@id":"https:\/\/lahingupood.ee\/#organization"},"potentialAction":[{"@type":"SearchAction","target":{"@type":"EntryPoint","urlTemplate":"https:\/\/lahingupood.ee\/?s={search_term_string}"},"query-input":{"@type":"PropertyValueSpecification","valueRequired":true,"valueName":"search_term_string"}}],"inLanguage":"en-GB"},{"@type":"Organization","@id":"https:\/\/lahingupood.ee\/#organization","name":"Lahingurada","url":"https:\/\/lahingupood.ee\/","logo":{"@type":"ImageObject","inLanguage":"en-GB","@id":"https:\/\/lahingupood.ee\/#\/schema\/logo\/image\/","url":"https:\/\/lahingupood.ee\/wp-content\/uploads\/2022\/03\/lahingurada-220318.jpg","contentUrl":"https:\/\/lahingupood.ee\/wp-content\/uploads\/2022\/03\/lahingurada-220318.jpg","width":800,"height":500,"caption":"Lahingurada"},"image":{"@id":"https:\/\/lahingupood.ee\/#\/schema\/logo\/image\/"},"sameAs":["https:\/\/www.facebook.com\/Lahingurada-629940247212967"]}]}},"_links":{"self":[{"href":"https:\/\/lahingupood.ee\/en\/wp-json\/wp\/v2\/product\/7562","targetHints":{"allow":["GET"]}}],"collection":[{"href":"https:\/\/lahingupood.ee\/en\/wp-json\/wp\/v2\/product"}],"about":[{"href":"https:\/\/lahingupood.ee\/en\/wp-json\/wp\/v2\/types\/product"}],"wp:featuredmedia":[{"embeddable":true,"href":"https:\/\/lahingupood.ee\/en\/wp-json\/wp\/v2\/media\/7458"}],"wp:attachment":[{"href":"https:\/\/lahingupood.ee\/en\/wp-json\/wp\/v2\/media?parent=7562"}],"wp:term":[{"taxonomy":"product_brand","embeddable":true,"href":"https:\/\/lahingupood.ee\/en\/wp-json\/wp\/v2\/product_brand?post=7562"},{"taxonomy":"product_cat","embeddable":true,"href":"https:\/\/lahingupood.ee\/en\/wp-json\/wp\/v2\/product_cat?post=7562"},{"taxonomy":"product_tag","embeddable":true,"href":"https:\/\/lahingupood.ee\/en\/wp-json\/wp\/v2\/product_tag?post=7562"}],"curies":[{"name":"wp","href":"https:\/\/api.w.org\/{rel}","templated":true}]}}