{"id":7559,"date":"2025-11-24T18:23:17","date_gmt":"2025-11-24T16:23:17","guid":{"rendered":"https:\/\/lahingupood.ee\/?post_type=product&#038;p=7559"},"modified":"2026-05-16T03:15:03","modified_gmt":"2026-05-16T00:15:03","slug":"death-guard-myphitic-blight-hauler","status":"publish","type":"product","link":"https:\/\/lahingupood.ee\/en\/product\/death-guard-myphitic-blight-hauler\/","title":{"rendered":"Warhammer 40,000: Death Guard Myphitic Blight-Hauler"},"content":{"rendered":"<p data-start=\"819\" data-end=\"1001\"><strong data-start=\"819\" data-end=\"845\">Myphitic Blight-Hauler<\/strong> on vastupidav Death Guard s\u00f5jamasin Warhammer 40,000 m\u00e4ngule. See Nurgle deemonmootor \u00fchendab soomustatud kere, roomikud ja \u00f5\u00f5vastava orgaanilise v\u00e4limuse.<\/p>\n<p data-start=\"1003\" data-end=\"1242\">Death Guard v\u00e4ed on tuntud oma sitkuse ja haigustest l\u00e4bi imbunud s\u00f5jamasinate poolest. Blight-Hauler lisab armeele liikuvat tulej\u00f5udu ja tugevat Nurgle stiili. See sobib h\u00e4sti m\u00e4ngijale, kes soovib oma v\u00e4gedesse lisada ohtliku tugimudeli.<\/p>\n<p data-start=\"1244\" data-end=\"1468\">Mudelil on deemonlik ja masinlik v\u00e4limus. Sellel on soomusplaadid, roomikud, torud ja Nurgle detailid. Need annavad miniatuurile palju iseloomu. Samuti pakuvad need head v\u00f5imalust maalimiseks ja ilmastikuefektide lisamiseks.<\/p>\n<p data-start=\"1470\" data-end=\"1666\">Komplekt sobib h\u00e4sti Death Guard armeesse. Seda saab kasutada koos Plague Marines \u00fcksuste, Poxwalkerite ja teiste Nurgle v\u00e4gedega. M\u00e4ngulaual aitab see tugevdada armee keskosa ja toetada jalav\u00e4ge.<\/p>\n<p data-start=\"1668\" data-end=\"1847\"><strong data-start=\"1668\" data-end=\"1694\">Myphitic Blight-Hauler<\/strong> on hea valik nii uuele kui ka kogenud Warhammer 40K m\u00e4ngijale. See sobib h\u00e4sti ka kollektsion\u00e4\u00e4rile, kes hindab s\u00fcngeid ja detailseid Chaose miniatuure.<\/p>\n<p data-start=\"1849\" data-end=\"2067\">Miniatuur on hea maalimisprojekt. Rooste, m\u00e4\u00e4rdunud metall, haiglaslik nahk ja Nurgle s\u00fcmbolid annavad v\u00e4rvijale palju v\u00f5imalusi. Mudelit saab v\u00e4rvida klassikalises Death Guard rohelises skeemis v\u00f5i oma armee v\u00e4rvides.<\/p>\n<p data-start=\"2069\" data-end=\"2259\">See Death Guard Blight-Hauler sobib m\u00e4ngimiseks, maalimiseks ja vitriini. Miniatuur on v\u00e4rvimata ja vajab kokkupanekut. Soovitame kasutada Citadel Plastic Glue liimi ja Citadel Colour v\u00e4rve.<\/p>","protected":false},"excerpt":{"rendered":"<p>Myphitic Blight-Hauler on vastupidav Death Guard s\u00f5jamasin Warhammer 40,000 m\u00e4ngule. See Nurgle deemonmootor \u00fchendab soomustatud kere, roomikud ja \u00f5\u00f5vastava orgaanilise v\u00e4limuse. Death Guard v\u00e4ed on tuntud oma sitkuse ja haigustest l\u00e4bi imbunud s\u00f5jamasinate poolest. Blight-Hauler lisab armeele liikuvat tulej\u00f5udu ja tugevat Nurgle stiili. See sobib h\u00e4sti m\u00e4ngijale, kes soovib oma v\u00e4gedesse lisada ohtliku tugimudeli. Mudelil [&#8230;]\n","protected":false},"featured_media":7457,"template":"","meta":[],"product_brand":[],"product_cat":[223,229,251,222],"product_tag":[],"class_list":{"0":"post-7559","1":"product","2":"type-product","3":"status-publish","4":"has-post-thumbnail","6":"product_cat-40k","7":"product_cat-chaos","8":"product_cat-death-guard","9":"product_cat-warhammer","11":"first","12":"instock","13":"taxable","14":"shipping-taxable","15":"purchasable","16":"product-type-simple"},"yoast_head":"<!-- This site is optimized with the Yoast SEO Premium plugin v27.6 (Yoast SEO v27.6) - https:\/\/yoast.com\/product\/yoast-seo-premium-wordpress\/ -->\n<title>Myphitic Blight-Hauler | Death Guard Warhammer 40K<\/title>\n<meta name=\"description\" content=\"Myphitic Blight-Hauler on Death Guard s\u00f5jamasin Warhammer 40K jaoks. Vastupidav Nurgle deemonmootor m\u00e4ngimiseks, maalimiseks ja kogumiseks.\" \/>\n<meta name=\"robots\" content=\"index, follow, max-snippet:-1, max-image-preview:large, max-video-preview:-1\" \/>\n<link rel=\"canonical\" href=\"https:\/\/lahingupood.ee\/en\/product\/death-guard-myphitic-blight-hauler\/\" \/>\n<meta property=\"og:locale\" content=\"en_GB\" \/>\n<meta property=\"og:type\" content=\"article\" \/>\n<meta property=\"og:title\" content=\"Warhammer 40,000: Death Guard Myphitic Blight-Hauler\" \/>\n<meta property=\"og:description\" content=\"Myphitic Blight-Hauler on Death Guard s\u00f5jamasin Warhammer 40K jaoks. Vastupidav Nurgle deemonmootor m\u00e4ngimiseks, maalimiseks ja kogumiseks.\" \/>\n<meta property=\"og:url\" content=\"https:\/\/lahingupood.ee\/en\/product\/death-guard-myphitic-blight-hauler\/\" \/>\n<meta property=\"og:site_name\" content=\"Lahingurada e-pood\" \/>\n<meta property=\"article:publisher\" content=\"https:\/\/www.facebook.com\/Lahingurada-629940247212967\" \/>\n<meta property=\"article:modified_time\" content=\"2026-05-16T00:15:03+00:00\" \/>\n<meta property=\"og:image\" content=\"https:\/\/lahingupood.ee\/wp-content\/uploads\/2025\/11\/BSF-43-56-99120102112-Death-Guard-Myphitic-Blight-Hauler.jpg\" \/>\n\t<meta property=\"og:image:width\" content=\"1840\" \/>\n\t<meta property=\"og:image:height\" content=\"1900\" \/>\n\t<meta property=\"og:image:type\" content=\"image\/jpeg\" \/>\n<meta name=\"twitter:card\" content=\"summary_large_image\" \/>\n<meta name=\"twitter:label1\" content=\"Estimated reading time\" \/>\n\t<meta name=\"twitter:data1\" content=\"2 minutes\" \/>\n<script type=\"application\/ld+json\" class=\"yoast-schema-graph\">{\"@context\":\"https:\\\/\\\/schema.org\",\"@graph\":[{\"@type\":\"WebPage\",\"@id\":\"https:\\\/\\\/lahingupood.ee\\\/toode\\\/death-guard-myphitic-blight-hauler\\\/\",\"url\":\"https:\\\/\\\/lahingupood.ee\\\/toode\\\/death-guard-myphitic-blight-hauler\\\/\",\"name\":\"Myphitic Blight-Hauler | Death Guard Warhammer 40K\",\"isPartOf\":{\"@id\":\"https:\\\/\\\/lahingupood.ee\\\/#website\"},\"primaryImageOfPage\":{\"@id\":\"https:\\\/\\\/lahingupood.ee\\\/toode\\\/death-guard-myphitic-blight-hauler\\\/#primaryimage\"},\"image\":{\"@id\":\"https:\\\/\\\/lahingupood.ee\\\/toode\\\/death-guard-myphitic-blight-hauler\\\/#primaryimage\"},\"thumbnailUrl\":\"https:\\\/\\\/lahingupood.ee\\\/wp-content\\\/uploads\\\/2025\\\/11\\\/BSF-43-56-99120102112-Death-Guard-Myphitic-Blight-Hauler.jpg\",\"datePublished\":\"2025-11-24T16:23:17+00:00\",\"dateModified\":\"2026-05-16T00:15:03+00:00\",\"description\":\"Myphitic Blight-Hauler on Death Guard s\u00f5jamasin Warhammer 40K jaoks. Vastupidav Nurgle deemonmootor m\u00e4ngimiseks, maalimiseks ja kogumiseks.\",\"breadcrumb\":{\"@id\":\"https:\\\/\\\/lahingupood.ee\\\/toode\\\/death-guard-myphitic-blight-hauler\\\/#breadcrumb\"},\"inLanguage\":\"en-GB\",\"potentialAction\":[{\"@type\":\"ReadAction\",\"target\":[\"https:\\\/\\\/lahingupood.ee\\\/toode\\\/death-guard-myphitic-blight-hauler\\\/\"]}]},{\"@type\":\"ImageObject\",\"inLanguage\":\"en-GB\",\"@id\":\"https:\\\/\\\/lahingupood.ee\\\/toode\\\/death-guard-myphitic-blight-hauler\\\/#primaryimage\",\"url\":\"https:\\\/\\\/lahingupood.ee\\\/wp-content\\\/uploads\\\/2025\\\/11\\\/BSF-43-56-99120102112-Death-Guard-Myphitic-Blight-Hauler.jpg\",\"contentUrl\":\"https:\\\/\\\/lahingupood.ee\\\/wp-content\\\/uploads\\\/2025\\\/11\\\/BSF-43-56-99120102112-Death-Guard-Myphitic-Blight-Hauler.jpg\",\"width\":1840,\"height\":1900,\"caption\":\"Death Guard Myphitic Blight-Hauler miniatuur\"},{\"@type\":\"BreadcrumbList\",\"@id\":\"https:\\\/\\\/lahingupood.ee\\\/toode\\\/death-guard-myphitic-blight-hauler\\\/#breadcrumb\",\"itemListElement\":[{\"@type\":\"ListItem\",\"position\":1,\"name\":\"Home\",\"item\":\"https:\\\/\\\/lahingupood.ee\\\/\"},{\"@type\":\"ListItem\",\"position\":2,\"name\":\"Tooted\",\"item\":\"https:\\\/\\\/lahingupood.ee\\\/tooted\\\/\"},{\"@type\":\"ListItem\",\"position\":3,\"name\":\"Warhammer 40,000: Death Guard Myphitic Blight-Hauler\"}]},{\"@type\":\"WebSite\",\"@id\":\"https:\\\/\\\/lahingupood.ee\\\/#website\",\"url\":\"https:\\\/\\\/lahingupood.ee\\\/\",\"name\":\"Lahingurada e-pood\",\"description\":\"Airsoft\",\"publisher\":{\"@id\":\"https:\\\/\\\/lahingupood.ee\\\/#organization\"},\"potentialAction\":[{\"@type\":\"SearchAction\",\"target\":{\"@type\":\"EntryPoint\",\"urlTemplate\":\"https:\\\/\\\/lahingupood.ee\\\/?s={search_term_string}\"},\"query-input\":{\"@type\":\"PropertyValueSpecification\",\"valueRequired\":true,\"valueName\":\"search_term_string\"}}],\"inLanguage\":\"en-GB\"},{\"@type\":\"Organization\",\"@id\":\"https:\\\/\\\/lahingupood.ee\\\/#organization\",\"name\":\"Lahingurada\",\"url\":\"https:\\\/\\\/lahingupood.ee\\\/\",\"logo\":{\"@type\":\"ImageObject\",\"inLanguage\":\"en-GB\",\"@id\":\"https:\\\/\\\/lahingupood.ee\\\/#\\\/schema\\\/logo\\\/image\\\/\",\"url\":\"https:\\\/\\\/lahingupood.ee\\\/wp-content\\\/uploads\\\/2022\\\/03\\\/lahingurada-220318.jpg\",\"contentUrl\":\"https:\\\/\\\/lahingupood.ee\\\/wp-content\\\/uploads\\\/2022\\\/03\\\/lahingurada-220318.jpg\",\"width\":800,\"height\":500,\"caption\":\"Lahingurada\"},\"image\":{\"@id\":\"https:\\\/\\\/lahingupood.ee\\\/#\\\/schema\\\/logo\\\/image\\\/\"},\"sameAs\":[\"https:\\\/\\\/www.facebook.com\\\/Lahingurada-629940247212967\"]}]}<\/script>\n<!-- \/ Yoast SEO Premium plugin. -->","yoast_head_json":{"title":"Myphitic Blight-Hauler | Death Guard Warhammer 40K","description":"Myphitic Blight-Hauler on Death Guard s\u00f5jamasin Warhammer 40K jaoks. Vastupidav Nurgle deemonmootor m\u00e4ngimiseks, maalimiseks ja kogumiseks.","robots":{"index":"index","follow":"follow","max-snippet":"max-snippet:-1","max-image-preview":"max-image-preview:large","max-video-preview":"max-video-preview:-1"},"canonical":"https:\/\/lahingupood.ee\/en\/product\/death-guard-myphitic-blight-hauler\/","og_locale":"en_GB","og_type":"article","og_title":"Warhammer 40,000: Death Guard Myphitic Blight-Hauler","og_description":"Myphitic Blight-Hauler on Death Guard s\u00f5jamasin Warhammer 40K jaoks. Vastupidav Nurgle deemonmootor m\u00e4ngimiseks, maalimiseks ja kogumiseks.","og_url":"https:\/\/lahingupood.ee\/en\/product\/death-guard-myphitic-blight-hauler\/","og_site_name":"Lahingurada e-pood","article_publisher":"https:\/\/www.facebook.com\/Lahingurada-629940247212967","article_modified_time":"2026-05-16T00:15:03+00:00","og_image":[{"width":1840,"height":1900,"url":"https:\/\/lahingupood.ee\/wp-content\/uploads\/2025\/11\/BSF-43-56-99120102112-Death-Guard-Myphitic-Blight-Hauler.jpg","type":"image\/jpeg"}],"twitter_card":"summary_large_image","twitter_misc":{"Estimated reading time":"2 minutes"},"schema":{"@context":"https:\/\/schema.org","@graph":[{"@type":"WebPage","@id":"https:\/\/lahingupood.ee\/toode\/death-guard-myphitic-blight-hauler\/","url":"https:\/\/lahingupood.ee\/toode\/death-guard-myphitic-blight-hauler\/","name":"Myphitic Blight-Hauler | Death Guard Warhammer 40K","isPartOf":{"@id":"https:\/\/lahingupood.ee\/#website"},"primaryImageOfPage":{"@id":"https:\/\/lahingupood.ee\/toode\/death-guard-myphitic-blight-hauler\/#primaryimage"},"image":{"@id":"https:\/\/lahingupood.ee\/toode\/death-guard-myphitic-blight-hauler\/#primaryimage"},"thumbnailUrl":"https:\/\/lahingupood.ee\/wp-content\/uploads\/2025\/11\/BSF-43-56-99120102112-Death-Guard-Myphitic-Blight-Hauler.jpg","datePublished":"2025-11-24T16:23:17+00:00","dateModified":"2026-05-16T00:15:03+00:00","description":"Myphitic Blight-Hauler on Death Guard s\u00f5jamasin Warhammer 40K jaoks. Vastupidav Nurgle deemonmootor m\u00e4ngimiseks, maalimiseks ja kogumiseks.","breadcrumb":{"@id":"https:\/\/lahingupood.ee\/toode\/death-guard-myphitic-blight-hauler\/#breadcrumb"},"inLanguage":"en-GB","potentialAction":[{"@type":"ReadAction","target":["https:\/\/lahingupood.ee\/toode\/death-guard-myphitic-blight-hauler\/"]}]},{"@type":"ImageObject","inLanguage":"en-GB","@id":"https:\/\/lahingupood.ee\/toode\/death-guard-myphitic-blight-hauler\/#primaryimage","url":"https:\/\/lahingupood.ee\/wp-content\/uploads\/2025\/11\/BSF-43-56-99120102112-Death-Guard-Myphitic-Blight-Hauler.jpg","contentUrl":"https:\/\/lahingupood.ee\/wp-content\/uploads\/2025\/11\/BSF-43-56-99120102112-Death-Guard-Myphitic-Blight-Hauler.jpg","width":1840,"height":1900,"caption":"Death Guard Myphitic Blight-Hauler miniatuur"},{"@type":"BreadcrumbList","@id":"https:\/\/lahingupood.ee\/toode\/death-guard-myphitic-blight-hauler\/#breadcrumb","itemListElement":[{"@type":"ListItem","position":1,"name":"Home","item":"https:\/\/lahingupood.ee\/"},{"@type":"ListItem","position":2,"name":"Tooted","item":"https:\/\/lahingupood.ee\/tooted\/"},{"@type":"ListItem","position":3,"name":"Warhammer 40,000: Death Guard Myphitic Blight-Hauler"}]},{"@type":"WebSite","@id":"https:\/\/lahingupood.ee\/#website","url":"https:\/\/lahingupood.ee\/","name":"Lahingurada e-pood","description":"Airsoft","publisher":{"@id":"https:\/\/lahingupood.ee\/#organization"},"potentialAction":[{"@type":"SearchAction","target":{"@type":"EntryPoint","urlTemplate":"https:\/\/lahingupood.ee\/?s={search_term_string}"},"query-input":{"@type":"PropertyValueSpecification","valueRequired":true,"valueName":"search_term_string"}}],"inLanguage":"en-GB"},{"@type":"Organization","@id":"https:\/\/lahingupood.ee\/#organization","name":"Lahingurada","url":"https:\/\/lahingupood.ee\/","logo":{"@type":"ImageObject","inLanguage":"en-GB","@id":"https:\/\/lahingupood.ee\/#\/schema\/logo\/image\/","url":"https:\/\/lahingupood.ee\/wp-content\/uploads\/2022\/03\/lahingurada-220318.jpg","contentUrl":"https:\/\/lahingupood.ee\/wp-content\/uploads\/2022\/03\/lahingurada-220318.jpg","width":800,"height":500,"caption":"Lahingurada"},"image":{"@id":"https:\/\/lahingupood.ee\/#\/schema\/logo\/image\/"},"sameAs":["https:\/\/www.facebook.com\/Lahingurada-629940247212967"]}]}},"_links":{"self":[{"href":"https:\/\/lahingupood.ee\/en\/wp-json\/wp\/v2\/product\/7559","targetHints":{"allow":["GET"]}}],"collection":[{"href":"https:\/\/lahingupood.ee\/en\/wp-json\/wp\/v2\/product"}],"about":[{"href":"https:\/\/lahingupood.ee\/en\/wp-json\/wp\/v2\/types\/product"}],"wp:featuredmedia":[{"embeddable":true,"href":"https:\/\/lahingupood.ee\/en\/wp-json\/wp\/v2\/media\/7457"}],"wp:attachment":[{"href":"https:\/\/lahingupood.ee\/en\/wp-json\/wp\/v2\/media?parent=7559"}],"wp:term":[{"taxonomy":"product_brand","embeddable":true,"href":"https:\/\/lahingupood.ee\/en\/wp-json\/wp\/v2\/product_brand?post=7559"},{"taxonomy":"product_cat","embeddable":true,"href":"https:\/\/lahingupood.ee\/en\/wp-json\/wp\/v2\/product_cat?post=7559"},{"taxonomy":"product_tag","embeddable":true,"href":"https:\/\/lahingupood.ee\/en\/wp-json\/wp\/v2\/product_tag?post=7559"}],"curies":[{"name":"wp","href":"https:\/\/api.w.org\/{rel}","templated":true}]}}