{"id":7558,"date":"2025-11-24T18:19:12","date_gmt":"2025-11-24T16:19:12","guid":{"rendered":"https:\/\/lahingupood.ee\/?post_type=product&#038;p=7558"},"modified":"2026-05-16T02:15:04","modified_gmt":"2026-05-15T23:15:04","slug":"adeptus-mechanicus-skitarii","status":"publish","type":"product","link":"https:\/\/lahingupood.ee\/en\/product\/adeptus-mechanicus-skitarii\/","title":{"rendered":"Warhammer 40,000: Adeptus Mechanicus Skitarii"},"content":{"rendered":"<p data-start=\"786\" data-end=\"996\"><strong data-start=\"786\" data-end=\"817\">Adeptus Mechanicus Skitarii<\/strong> on Marsi k\u00fcborg-s\u00f5durite jalav\u00e4e\u00fcksus Warhammer 40,000 m\u00e4ngus. Need Machine Godi teenrid on loodud eesm\u00e4rkide hoidmiseks, tuletoetuseks ja vastaste s\u00fcstemaatiliseks h\u00e4vitamiseks.<\/p>\n<p data-start=\"998\" data-end=\"1223\">Skitarii s\u00f5durid on Tech-Priests of Mars v\u00e4gede s\u00f5jaline k\u00e4si. Nad on t\u00e4iendatud k\u00fcberneetiliste implantaatide, andurite ja relvas\u00fcsteemidega. Lahinguv\u00e4ljal liiguvad nad distsiplineeritult ning t\u00e4idavad k\u00e4ske k\u00fclma t\u00e4psusega.<\/p>\n<p data-start=\"1225\" data-end=\"1449\">Komplektist saab ehitada \u00fche mitmek\u00fclgse Skitarii \u00fcksuse. Mudelid saab kokku panna kas <strong data-start=\"1312\" data-end=\"1332\">Skitarii Rangers<\/strong> v\u00f5i <strong data-start=\"1337\" data-end=\"1358\">Skitarii Vanguard<\/strong> variandina. See annab m\u00e4ngijale v\u00f5imaluse valida \u00fcksuse roll vastavalt oma armee plaanile.<\/p>\n<p data-start=\"1451\" data-end=\"1737\">Rangers sobivad h\u00e4sti kaugelt tulistamiseks ja eesm\u00e4rkide hoidmiseks. Nad kasutavad <strong data-start=\"1535\" data-end=\"1553\">galvanic rifle<\/strong> relvi ning toetavad armeed t\u00e4pse tulega. Vanguard \u00fcksused on agressiivsemad. Nad liiguvad vaenlasele l\u00e4hemale ja kasutavad <strong data-start=\"1677\" data-end=\"1695\">radium carbine<\/strong> relvi, et vastast tugeva tule alla v\u00f5tta.<\/p>\n<p data-start=\"1739\" data-end=\"1941\">Karbis on ka erinevad erirelvad ja tugivarustus. V\u00f5imalike valikute hulka kuuluvad <strong data-start=\"1822\" data-end=\"1835\">arc rifle<\/strong>, <strong data-start=\"1837\" data-end=\"1852\">data-tether<\/strong> ja <strong data-start=\"1856\" data-end=\"1868\">omnispex<\/strong>. Need detailid aitavad muuta \u00fcksuse kasulikumaks eri lahinguolukordades.<\/p>\n<p data-start=\"1943\" data-end=\"2164\"><strong data-start=\"1943\" data-end=\"1974\">Adeptus Mechanicus Skitarii<\/strong> sobib h\u00e4sti m\u00e4ngijale, kes soovib oma armeesse paindlikku ja temaatilist jalav\u00e4ge. \u00dcksus t\u00f6\u00f6tab h\u00e4sti nii kaitses kui ka r\u00fcndavas rollis. See on hea t\u00e4iendus igale Adeptus Mechanicus v\u00e4ele.<\/p>\n<p data-start=\"2166\" data-end=\"2399\">Miniatuurid pakuvad palju v\u00f5imalusi maalimiseks. Punased mantlid, metallosad, k\u00fcberneetilised j\u00e4semed ja k\u00f5rgtehnoloogilised relvad annavad v\u00e4rvijale rohkelt detaile. Mudelid sobivad m\u00e4ngimiseks, maalimiseks ja kollektsioneerimiseks.<\/p>\n<p data-start=\"2401\" data-end=\"2521\">Miniatuurid on v\u00e4rvimata ja vajavad kokkupanekut. Soovitame kasutada Citadel Plastic Glue liimi ja Citadel Colour v\u00e4rve.<\/p>\n<p data-start=\"890\" data-end=\"1039\">","protected":false},"excerpt":{"rendered":"<p>Adeptus Mechanicus Skitarii on Marsi k\u00fcborg-s\u00f5durite jalav\u00e4e\u00fcksus Warhammer 40,000 m\u00e4ngus. Need Machine Godi teenrid on loodud eesm\u00e4rkide hoidmiseks, tuletoetuseks ja vastaste s\u00fcstemaatiliseks h\u00e4vitamiseks. Skitarii s\u00f5durid on Tech-Priests of Mars v\u00e4gede s\u00f5jaline k\u00e4si. Nad on t\u00e4iendatud k\u00fcberneetiliste implantaatide, andurite ja relvas\u00fcsteemidega. Lahinguv\u00e4ljal liiguvad nad distsiplineeritult ning t\u00e4idavad k\u00e4ske k\u00fclma t\u00e4psusega. Komplektist saab ehitada \u00fche mitmek\u00fclgse Skitarii [&#8230;]\n","protected":false},"featured_media":7506,"template":"","meta":[],"product_brand":[],"product_cat":[223,244,228,222],"product_tag":[],"class_list":{"0":"post-7558","1":"product","2":"type-product","3":"status-publish","4":"has-post-thumbnail","6":"product_cat-40k","7":"product_cat-adeptus-mechanicus","8":"product_cat-imperium","9":"product_cat-warhammer","11":"first","12":"instock","13":"taxable","14":"shipping-taxable","15":"purchasable","16":"product-type-simple"},"yoast_head":"<!-- This site is optimized with the Yoast SEO Premium plugin v27.6 (Yoast SEO v27.6) - https:\/\/yoast.com\/product\/yoast-seo-premium-wordpress\/ -->\n<title>Adeptus Mechanicus Skitarii | Warhammer 40K<\/title>\n<meta name=\"description\" content=\"Adeptus Mechanicus Skitarii komplektist saab ehitada Skitarii Rangers v\u00f5i Vanguard \u00fcksuse. Sobib Warhammer 40K m\u00e4ngimiseks ja maalimiseks.\" \/>\n<meta name=\"robots\" content=\"index, follow, max-snippet:-1, max-image-preview:large, max-video-preview:-1\" \/>\n<link rel=\"canonical\" href=\"https:\/\/lahingupood.ee\/en\/product\/adeptus-mechanicus-skitarii\/\" \/>\n<meta property=\"og:locale\" content=\"en_GB\" \/>\n<meta property=\"og:type\" content=\"article\" \/>\n<meta property=\"og:title\" content=\"Warhammer 40,000: Adeptus Mechanicus Skitarii\" \/>\n<meta property=\"og:description\" content=\"Adeptus Mechanicus Skitarii komplektist saab ehitada Skitarii Rangers v\u00f5i Vanguard \u00fcksuse. Sobib Warhammer 40K m\u00e4ngimiseks ja maalimiseks.\" \/>\n<meta property=\"og:url\" content=\"https:\/\/lahingupood.ee\/en\/product\/adeptus-mechanicus-skitarii\/\" \/>\n<meta property=\"og:site_name\" content=\"Lahingurada e-pood\" \/>\n<meta property=\"article:publisher\" content=\"https:\/\/www.facebook.com\/Lahingurada-629940247212967\" \/>\n<meta property=\"article:modified_time\" content=\"2026-05-15T23:15:04+00:00\" \/>\n<meta property=\"og:image\" content=\"https:\/\/lahingupood.ee\/wp-content\/uploads\/2025\/11\/BSF-59-10-99120116033-Adeptus-Mechanicus-Skitarii.jpg\" \/>\n\t<meta property=\"og:image:width\" content=\"1840\" \/>\n\t<meta property=\"og:image:height\" content=\"1900\" \/>\n\t<meta property=\"og:image:type\" content=\"image\/jpeg\" \/>\n<meta name=\"twitter:card\" content=\"summary_large_image\" \/>\n<meta name=\"twitter:label1\" content=\"Estimated reading time\" \/>\n\t<meta name=\"twitter:data1\" content=\"2 minutes\" \/>\n<script type=\"application\/ld+json\" class=\"yoast-schema-graph\">{\"@context\":\"https:\\\/\\\/schema.org\",\"@graph\":[{\"@type\":\"WebPage\",\"@id\":\"https:\\\/\\\/lahingupood.ee\\\/toode\\\/adeptus-mechanicus-skitarii\\\/\",\"url\":\"https:\\\/\\\/lahingupood.ee\\\/toode\\\/adeptus-mechanicus-skitarii\\\/\",\"name\":\"Adeptus Mechanicus Skitarii | Warhammer 40K\",\"isPartOf\":{\"@id\":\"https:\\\/\\\/lahingupood.ee\\\/#website\"},\"primaryImageOfPage\":{\"@id\":\"https:\\\/\\\/lahingupood.ee\\\/toode\\\/adeptus-mechanicus-skitarii\\\/#primaryimage\"},\"image\":{\"@id\":\"https:\\\/\\\/lahingupood.ee\\\/toode\\\/adeptus-mechanicus-skitarii\\\/#primaryimage\"},\"thumbnailUrl\":\"https:\\\/\\\/lahingupood.ee\\\/wp-content\\\/uploads\\\/2025\\\/11\\\/BSF-59-10-99120116033-Adeptus-Mechanicus-Skitarii.jpg\",\"datePublished\":\"2025-11-24T16:19:12+00:00\",\"dateModified\":\"2026-05-15T23:15:04+00:00\",\"description\":\"Adeptus Mechanicus Skitarii komplektist saab ehitada Skitarii Rangers v\u00f5i Vanguard \u00fcksuse. Sobib Warhammer 40K m\u00e4ngimiseks ja maalimiseks.\",\"breadcrumb\":{\"@id\":\"https:\\\/\\\/lahingupood.ee\\\/toode\\\/adeptus-mechanicus-skitarii\\\/#breadcrumb\"},\"inLanguage\":\"en-GB\",\"potentialAction\":[{\"@type\":\"ReadAction\",\"target\":[\"https:\\\/\\\/lahingupood.ee\\\/toode\\\/adeptus-mechanicus-skitarii\\\/\"]}]},{\"@type\":\"ImageObject\",\"inLanguage\":\"en-GB\",\"@id\":\"https:\\\/\\\/lahingupood.ee\\\/toode\\\/adeptus-mechanicus-skitarii\\\/#primaryimage\",\"url\":\"https:\\\/\\\/lahingupood.ee\\\/wp-content\\\/uploads\\\/2025\\\/11\\\/BSF-59-10-99120116033-Adeptus-Mechanicus-Skitarii.jpg\",\"contentUrl\":\"https:\\\/\\\/lahingupood.ee\\\/wp-content\\\/uploads\\\/2025\\\/11\\\/BSF-59-10-99120116033-Adeptus-Mechanicus-Skitarii.jpg\",\"width\":1840,\"height\":1900,\"caption\":\"Adeptus Mechanicus Skitarii miniatuurid\"},{\"@type\":\"BreadcrumbList\",\"@id\":\"https:\\\/\\\/lahingupood.ee\\\/toode\\\/adeptus-mechanicus-skitarii\\\/#breadcrumb\",\"itemListElement\":[{\"@type\":\"ListItem\",\"position\":1,\"name\":\"Home\",\"item\":\"https:\\\/\\\/lahingupood.ee\\\/\"},{\"@type\":\"ListItem\",\"position\":2,\"name\":\"Tooted\",\"item\":\"https:\\\/\\\/lahingupood.ee\\\/tooted\\\/\"},{\"@type\":\"ListItem\",\"position\":3,\"name\":\"Warhammer 40,000: Adeptus Mechanicus Skitarii\"}]},{\"@type\":\"WebSite\",\"@id\":\"https:\\\/\\\/lahingupood.ee\\\/#website\",\"url\":\"https:\\\/\\\/lahingupood.ee\\\/\",\"name\":\"Lahingurada e-pood\",\"description\":\"Airsoft\",\"publisher\":{\"@id\":\"https:\\\/\\\/lahingupood.ee\\\/#organization\"},\"potentialAction\":[{\"@type\":\"SearchAction\",\"target\":{\"@type\":\"EntryPoint\",\"urlTemplate\":\"https:\\\/\\\/lahingupood.ee\\\/?s={search_term_string}\"},\"query-input\":{\"@type\":\"PropertyValueSpecification\",\"valueRequired\":true,\"valueName\":\"search_term_string\"}}],\"inLanguage\":\"en-GB\"},{\"@type\":\"Organization\",\"@id\":\"https:\\\/\\\/lahingupood.ee\\\/#organization\",\"name\":\"Lahingurada\",\"url\":\"https:\\\/\\\/lahingupood.ee\\\/\",\"logo\":{\"@type\":\"ImageObject\",\"inLanguage\":\"en-GB\",\"@id\":\"https:\\\/\\\/lahingupood.ee\\\/#\\\/schema\\\/logo\\\/image\\\/\",\"url\":\"https:\\\/\\\/lahingupood.ee\\\/wp-content\\\/uploads\\\/2022\\\/03\\\/lahingurada-220318.jpg\",\"contentUrl\":\"https:\\\/\\\/lahingupood.ee\\\/wp-content\\\/uploads\\\/2022\\\/03\\\/lahingurada-220318.jpg\",\"width\":800,\"height\":500,\"caption\":\"Lahingurada\"},\"image\":{\"@id\":\"https:\\\/\\\/lahingupood.ee\\\/#\\\/schema\\\/logo\\\/image\\\/\"},\"sameAs\":[\"https:\\\/\\\/www.facebook.com\\\/Lahingurada-629940247212967\"]}]}<\/script>\n<!-- \/ Yoast SEO Premium plugin. -->","yoast_head_json":{"title":"Adeptus Mechanicus Skitarii | Warhammer 40K","description":"Adeptus Mechanicus Skitarii komplektist saab ehitada Skitarii Rangers v\u00f5i Vanguard \u00fcksuse. Sobib Warhammer 40K m\u00e4ngimiseks ja maalimiseks.","robots":{"index":"index","follow":"follow","max-snippet":"max-snippet:-1","max-image-preview":"max-image-preview:large","max-video-preview":"max-video-preview:-1"},"canonical":"https:\/\/lahingupood.ee\/en\/product\/adeptus-mechanicus-skitarii\/","og_locale":"en_GB","og_type":"article","og_title":"Warhammer 40,000: Adeptus Mechanicus Skitarii","og_description":"Adeptus Mechanicus Skitarii komplektist saab ehitada Skitarii Rangers v\u00f5i Vanguard \u00fcksuse. Sobib Warhammer 40K m\u00e4ngimiseks ja maalimiseks.","og_url":"https:\/\/lahingupood.ee\/en\/product\/adeptus-mechanicus-skitarii\/","og_site_name":"Lahingurada e-pood","article_publisher":"https:\/\/www.facebook.com\/Lahingurada-629940247212967","article_modified_time":"2026-05-15T23:15:04+00:00","og_image":[{"width":1840,"height":1900,"url":"https:\/\/lahingupood.ee\/wp-content\/uploads\/2025\/11\/BSF-59-10-99120116033-Adeptus-Mechanicus-Skitarii.jpg","type":"image\/jpeg"}],"twitter_card":"summary_large_image","twitter_misc":{"Estimated reading time":"2 minutes"},"schema":{"@context":"https:\/\/schema.org","@graph":[{"@type":"WebPage","@id":"https:\/\/lahingupood.ee\/toode\/adeptus-mechanicus-skitarii\/","url":"https:\/\/lahingupood.ee\/toode\/adeptus-mechanicus-skitarii\/","name":"Adeptus Mechanicus Skitarii | Warhammer 40K","isPartOf":{"@id":"https:\/\/lahingupood.ee\/#website"},"primaryImageOfPage":{"@id":"https:\/\/lahingupood.ee\/toode\/adeptus-mechanicus-skitarii\/#primaryimage"},"image":{"@id":"https:\/\/lahingupood.ee\/toode\/adeptus-mechanicus-skitarii\/#primaryimage"},"thumbnailUrl":"https:\/\/lahingupood.ee\/wp-content\/uploads\/2025\/11\/BSF-59-10-99120116033-Adeptus-Mechanicus-Skitarii.jpg","datePublished":"2025-11-24T16:19:12+00:00","dateModified":"2026-05-15T23:15:04+00:00","description":"Adeptus Mechanicus Skitarii komplektist saab ehitada Skitarii Rangers v\u00f5i Vanguard \u00fcksuse. Sobib Warhammer 40K m\u00e4ngimiseks ja maalimiseks.","breadcrumb":{"@id":"https:\/\/lahingupood.ee\/toode\/adeptus-mechanicus-skitarii\/#breadcrumb"},"inLanguage":"en-GB","potentialAction":[{"@type":"ReadAction","target":["https:\/\/lahingupood.ee\/toode\/adeptus-mechanicus-skitarii\/"]}]},{"@type":"ImageObject","inLanguage":"en-GB","@id":"https:\/\/lahingupood.ee\/toode\/adeptus-mechanicus-skitarii\/#primaryimage","url":"https:\/\/lahingupood.ee\/wp-content\/uploads\/2025\/11\/BSF-59-10-99120116033-Adeptus-Mechanicus-Skitarii.jpg","contentUrl":"https:\/\/lahingupood.ee\/wp-content\/uploads\/2025\/11\/BSF-59-10-99120116033-Adeptus-Mechanicus-Skitarii.jpg","width":1840,"height":1900,"caption":"Adeptus Mechanicus Skitarii miniatuurid"},{"@type":"BreadcrumbList","@id":"https:\/\/lahingupood.ee\/toode\/adeptus-mechanicus-skitarii\/#breadcrumb","itemListElement":[{"@type":"ListItem","position":1,"name":"Home","item":"https:\/\/lahingupood.ee\/"},{"@type":"ListItem","position":2,"name":"Tooted","item":"https:\/\/lahingupood.ee\/tooted\/"},{"@type":"ListItem","position":3,"name":"Warhammer 40,000: Adeptus Mechanicus Skitarii"}]},{"@type":"WebSite","@id":"https:\/\/lahingupood.ee\/#website","url":"https:\/\/lahingupood.ee\/","name":"Lahingurada e-pood","description":"Airsoft","publisher":{"@id":"https:\/\/lahingupood.ee\/#organization"},"potentialAction":[{"@type":"SearchAction","target":{"@type":"EntryPoint","urlTemplate":"https:\/\/lahingupood.ee\/?s={search_term_string}"},"query-input":{"@type":"PropertyValueSpecification","valueRequired":true,"valueName":"search_term_string"}}],"inLanguage":"en-GB"},{"@type":"Organization","@id":"https:\/\/lahingupood.ee\/#organization","name":"Lahingurada","url":"https:\/\/lahingupood.ee\/","logo":{"@type":"ImageObject","inLanguage":"en-GB","@id":"https:\/\/lahingupood.ee\/#\/schema\/logo\/image\/","url":"https:\/\/lahingupood.ee\/wp-content\/uploads\/2022\/03\/lahingurada-220318.jpg","contentUrl":"https:\/\/lahingupood.ee\/wp-content\/uploads\/2022\/03\/lahingurada-220318.jpg","width":800,"height":500,"caption":"Lahingurada"},"image":{"@id":"https:\/\/lahingupood.ee\/#\/schema\/logo\/image\/"},"sameAs":["https:\/\/www.facebook.com\/Lahingurada-629940247212967"]}]}},"_links":{"self":[{"href":"https:\/\/lahingupood.ee\/en\/wp-json\/wp\/v2\/product\/7558","targetHints":{"allow":["GET"]}}],"collection":[{"href":"https:\/\/lahingupood.ee\/en\/wp-json\/wp\/v2\/product"}],"about":[{"href":"https:\/\/lahingupood.ee\/en\/wp-json\/wp\/v2\/types\/product"}],"wp:featuredmedia":[{"embeddable":true,"href":"https:\/\/lahingupood.ee\/en\/wp-json\/wp\/v2\/media\/7506"}],"wp:attachment":[{"href":"https:\/\/lahingupood.ee\/en\/wp-json\/wp\/v2\/media?parent=7558"}],"wp:term":[{"taxonomy":"product_brand","embeddable":true,"href":"https:\/\/lahingupood.ee\/en\/wp-json\/wp\/v2\/product_brand?post=7558"},{"taxonomy":"product_cat","embeddable":true,"href":"https:\/\/lahingupood.ee\/en\/wp-json\/wp\/v2\/product_cat?post=7558"},{"taxonomy":"product_tag","embeddable":true,"href":"https:\/\/lahingupood.ee\/en\/wp-json\/wp\/v2\/product_tag?post=7558"}],"curies":[{"name":"wp","href":"https:\/\/api.w.org\/{rel}","templated":true}]}}