{"id":7547,"date":"2025-11-24T16:23:38","date_gmt":"2025-11-24T14:23:38","guid":{"rendered":"https:\/\/lahingupood.ee\/?post_type=product&#038;p=7547"},"modified":"2026-05-16T03:15:02","modified_gmt":"2026-05-16T00:15:02","slug":"orks-runtherd-and-gretchin","status":"publish","type":"product","link":"https:\/\/lahingupood.ee\/en\/product\/orks-runtherd-and-gretchin\/","title":{"rendered":"Warhammer 40,000: Orks Runtherd and Gretchin"},"content":{"rendered":"<p data-start=\"742\" data-end=\"954\"><strong data-start=\"742\" data-end=\"767\">Runtherd and Gretchin<\/strong> on l\u00f5bus ja iseloomukas Orks \u00fcksus Warhammer 40,000 m\u00e4ngule. See komplekt sobib h\u00e4sti m\u00e4ngijale, kes soovib oma Orks armeesse lisada odavat jalav\u00e4ge, rohkem mudeleid ja palju karakterit.<\/p>\n<p data-start=\"956\" data-end=\"1213\">Gretchinid ei ole tuntud oma vapruse poolest. Nad on v\u00e4ikesed, arad ja kehvad s\u00f5dalased. Samas korvavad nad oma n\u00f5rkused suure arvukusega. Suure hulgana v\u00f5ivad nad olla kasulikud eesm\u00e4rkide hoidmisel, vastase segamisel v\u00f5i suuremate Orki \u00fcksuste toetamisel.<\/p>\n<p data-start=\"1215\" data-end=\"1416\">Ork Runtherd hoiab neid korras nii h\u00e4sti kui v\u00f5imalik. Tema \u00fclesanne on sundida Gretchinid lahingusse ja takistada neil liiga kiiresti p\u00f5genemast. See loob komplektile l\u00f5busa ja v\u00e4ga orkiliku iseloomu.<\/p>\n<p data-start=\"1418\" data-end=\"1648\">Karbis on <strong data-start=\"1428\" data-end=\"1444\">10 Gretchini<\/strong> ja <strong data-start=\"1448\" data-end=\"1466\">1 Ork Runtherd<\/strong> miniatuur. Komplekt sisaldab palju erinevaid peavalikuid. Kaasas on 12 Gretchini peavarianti ja 2 Runtherdi peavarianti. See aitab luua mitmekesise ja naljaka v\u00e4limusega grotikarja.<\/p>\n<p data-start=\"1650\" data-end=\"1882\"><strong data-start=\"1650\" data-end=\"1675\">Runtherd and Gretchin<\/strong> sobib h\u00e4sti Warhammer 40K m\u00e4ngimiseks, maalimiseks ja kollektsioneerimiseks. Gretchinide erinevad poosid, n\u00e4od ja relvad annavad v\u00e4rvijale palju v\u00f5imalusi. Runtherd lisab \u00fcksusele suurema ja j\u00f5ulisema juhi.<\/p>\n<p data-start=\"1884\" data-end=\"2051\">See Orks Gretchin komplekt on hea valik nii uuele kui ka kogenud m\u00e4ngijale. \u00dcksus sobib h\u00e4sti Orks armee teemasse, kus j\u00f5hker huumor ja massiline kaos k\u00e4ivad k\u00e4sik\u00e4es.<\/p>\n<p data-start=\"2053\" data-end=\"2173\">Miniatuurid on v\u00e4rvimata ja vajavad kokkupanekut. Soovitame kasutada Citadel Plastic Glue liimi ja Citadel Colour v\u00e4rve.<\/p>","protected":false},"excerpt":{"rendered":"<p>Runtherd and Gretchin on l\u00f5bus ja iseloomukas Orks \u00fcksus Warhammer 40,000 m\u00e4ngule. See komplekt sobib h\u00e4sti m\u00e4ngijale, kes soovib oma Orks armeesse lisada odavat jalav\u00e4ge, rohkem mudeleid ja palju karakterit. Gretchinid ei ole tuntud oma vapruse poolest. Nad on v\u00e4ikesed, arad ja kehvad s\u00f5dalased. Samas korvavad nad oma n\u00f5rkused suure arvukusega. Suure hulgana v\u00f5ivad nad [&#8230;]\n","protected":false},"featured_media":7496,"template":"","meta":[],"product_brand":[],"product_cat":[223,261,222,255],"product_tag":[],"class_list":{"0":"post-7547","1":"product","2":"type-product","3":"status-publish","4":"has-post-thumbnail","6":"product_cat-40k","7":"product_cat-orks","8":"product_cat-warhammer","9":"product_cat-xenos","11":"first","12":"instock","13":"taxable","14":"shipping-taxable","15":"purchasable","16":"product-type-simple"},"yoast_head":"<!-- This site is optimized with the Yoast SEO Premium plugin v27.6 (Yoast SEO v27.6) - https:\/\/yoast.com\/product\/yoast-seo-premium-wordpress\/ -->\n<title>Runtherd and Gretchin | Orks Warhammer 40K<\/title>\n<meta name=\"description\" content=\"Runtherd and Gretchin komplekt sisaldab 10 Gretchini ja 1 Ork Runtherdi Warhammer 40K jaoks. Sobib Orks armeesse ja maalimiseks.\" \/>\n<meta name=\"robots\" content=\"index, follow, max-snippet:-1, max-image-preview:large, max-video-preview:-1\" \/>\n<link rel=\"canonical\" href=\"https:\/\/lahingupood.ee\/en\/product\/orks-runtherd-and-gretchin\/\" \/>\n<meta property=\"og:locale\" content=\"en_GB\" \/>\n<meta property=\"og:type\" content=\"article\" \/>\n<meta property=\"og:title\" content=\"Warhammer 40,000: Orks Runtherd and Gretchin\" \/>\n<meta property=\"og:description\" content=\"Runtherd and Gretchin komplekt sisaldab 10 Gretchini ja 1 Ork Runtherdi Warhammer 40K jaoks. Sobib Orks armeesse ja maalimiseks.\" \/>\n<meta property=\"og:url\" content=\"https:\/\/lahingupood.ee\/en\/product\/orks-runtherd-and-gretchin\/\" \/>\n<meta property=\"og:site_name\" content=\"Lahingurada e-pood\" \/>\n<meta property=\"article:publisher\" content=\"https:\/\/www.facebook.com\/Lahingurada-629940247212967\" \/>\n<meta property=\"article:modified_time\" content=\"2026-05-16T00:15:02+00:00\" \/>\n<meta property=\"og:image\" content=\"https:\/\/lahingupood.ee\/wp-content\/uploads\/2025\/11\/BSF-50-16-99120103092-ORKS-GRETCHIN.jpg\" \/>\n\t<meta property=\"og:image:width\" content=\"1840\" \/>\n\t<meta property=\"og:image:height\" content=\"1900\" \/>\n\t<meta property=\"og:image:type\" content=\"image\/jpeg\" \/>\n<meta name=\"twitter:card\" content=\"summary_large_image\" \/>\n<meta name=\"twitter:label1\" content=\"Estimated reading time\" \/>\n\t<meta name=\"twitter:data1\" content=\"2 minutes\" \/>\n<script type=\"application\/ld+json\" class=\"yoast-schema-graph\">{\"@context\":\"https:\\\/\\\/schema.org\",\"@graph\":[{\"@type\":\"WebPage\",\"@id\":\"https:\\\/\\\/lahingupood.ee\\\/toode\\\/orks-runtherd-and-gretchin\\\/\",\"url\":\"https:\\\/\\\/lahingupood.ee\\\/toode\\\/orks-runtherd-and-gretchin\\\/\",\"name\":\"Runtherd and Gretchin | Orks Warhammer 40K\",\"isPartOf\":{\"@id\":\"https:\\\/\\\/lahingupood.ee\\\/#website\"},\"primaryImageOfPage\":{\"@id\":\"https:\\\/\\\/lahingupood.ee\\\/toode\\\/orks-runtherd-and-gretchin\\\/#primaryimage\"},\"image\":{\"@id\":\"https:\\\/\\\/lahingupood.ee\\\/toode\\\/orks-runtherd-and-gretchin\\\/#primaryimage\"},\"thumbnailUrl\":\"https:\\\/\\\/lahingupood.ee\\\/wp-content\\\/uploads\\\/2025\\\/11\\\/BSF-50-16-99120103092-ORKS-GRETCHIN.jpg\",\"datePublished\":\"2025-11-24T14:23:38+00:00\",\"dateModified\":\"2026-05-16T00:15:02+00:00\",\"description\":\"Runtherd and Gretchin komplekt sisaldab 10 Gretchini ja 1 Ork Runtherdi Warhammer 40K jaoks. Sobib Orks armeesse ja maalimiseks.\",\"breadcrumb\":{\"@id\":\"https:\\\/\\\/lahingupood.ee\\\/toode\\\/orks-runtherd-and-gretchin\\\/#breadcrumb\"},\"inLanguage\":\"en-GB\",\"potentialAction\":[{\"@type\":\"ReadAction\",\"target\":[\"https:\\\/\\\/lahingupood.ee\\\/toode\\\/orks-runtherd-and-gretchin\\\/\"]}]},{\"@type\":\"ImageObject\",\"inLanguage\":\"en-GB\",\"@id\":\"https:\\\/\\\/lahingupood.ee\\\/toode\\\/orks-runtherd-and-gretchin\\\/#primaryimage\",\"url\":\"https:\\\/\\\/lahingupood.ee\\\/wp-content\\\/uploads\\\/2025\\\/11\\\/BSF-50-16-99120103092-ORKS-GRETCHIN.jpg\",\"contentUrl\":\"https:\\\/\\\/lahingupood.ee\\\/wp-content\\\/uploads\\\/2025\\\/11\\\/BSF-50-16-99120103092-ORKS-GRETCHIN.jpg\",\"width\":1840,\"height\":1900,\"caption\":\"Warhammer 40,000 Runtherd and Gretchin komplekt\"},{\"@type\":\"BreadcrumbList\",\"@id\":\"https:\\\/\\\/lahingupood.ee\\\/toode\\\/orks-runtherd-and-gretchin\\\/#breadcrumb\",\"itemListElement\":[{\"@type\":\"ListItem\",\"position\":1,\"name\":\"Home\",\"item\":\"https:\\\/\\\/lahingupood.ee\\\/\"},{\"@type\":\"ListItem\",\"position\":2,\"name\":\"Tooted\",\"item\":\"https:\\\/\\\/lahingupood.ee\\\/tooted\\\/\"},{\"@type\":\"ListItem\",\"position\":3,\"name\":\"Warhammer 40,000: Orks Runtherd and Gretchin\"}]},{\"@type\":\"WebSite\",\"@id\":\"https:\\\/\\\/lahingupood.ee\\\/#website\",\"url\":\"https:\\\/\\\/lahingupood.ee\\\/\",\"name\":\"Lahingurada e-pood\",\"description\":\"Airsoft\",\"publisher\":{\"@id\":\"https:\\\/\\\/lahingupood.ee\\\/#organization\"},\"potentialAction\":[{\"@type\":\"SearchAction\",\"target\":{\"@type\":\"EntryPoint\",\"urlTemplate\":\"https:\\\/\\\/lahingupood.ee\\\/?s={search_term_string}\"},\"query-input\":{\"@type\":\"PropertyValueSpecification\",\"valueRequired\":true,\"valueName\":\"search_term_string\"}}],\"inLanguage\":\"en-GB\"},{\"@type\":\"Organization\",\"@id\":\"https:\\\/\\\/lahingupood.ee\\\/#organization\",\"name\":\"Lahingurada\",\"url\":\"https:\\\/\\\/lahingupood.ee\\\/\",\"logo\":{\"@type\":\"ImageObject\",\"inLanguage\":\"en-GB\",\"@id\":\"https:\\\/\\\/lahingupood.ee\\\/#\\\/schema\\\/logo\\\/image\\\/\",\"url\":\"https:\\\/\\\/lahingupood.ee\\\/wp-content\\\/uploads\\\/2022\\\/03\\\/lahingurada-220318.jpg\",\"contentUrl\":\"https:\\\/\\\/lahingupood.ee\\\/wp-content\\\/uploads\\\/2022\\\/03\\\/lahingurada-220318.jpg\",\"width\":800,\"height\":500,\"caption\":\"Lahingurada\"},\"image\":{\"@id\":\"https:\\\/\\\/lahingupood.ee\\\/#\\\/schema\\\/logo\\\/image\\\/\"},\"sameAs\":[\"https:\\\/\\\/www.facebook.com\\\/Lahingurada-629940247212967\"]}]}<\/script>\n<!-- \/ Yoast SEO Premium plugin. -->","yoast_head_json":{"title":"Runtherd and Gretchin | Orks Warhammer 40K","description":"Runtherd and Gretchin komplekt sisaldab 10 Gretchini ja 1 Ork Runtherdi Warhammer 40K jaoks. Sobib Orks armeesse ja maalimiseks.","robots":{"index":"index","follow":"follow","max-snippet":"max-snippet:-1","max-image-preview":"max-image-preview:large","max-video-preview":"max-video-preview:-1"},"canonical":"https:\/\/lahingupood.ee\/en\/product\/orks-runtherd-and-gretchin\/","og_locale":"en_GB","og_type":"article","og_title":"Warhammer 40,000: Orks Runtherd and Gretchin","og_description":"Runtherd and Gretchin komplekt sisaldab 10 Gretchini ja 1 Ork Runtherdi Warhammer 40K jaoks. Sobib Orks armeesse ja maalimiseks.","og_url":"https:\/\/lahingupood.ee\/en\/product\/orks-runtherd-and-gretchin\/","og_site_name":"Lahingurada e-pood","article_publisher":"https:\/\/www.facebook.com\/Lahingurada-629940247212967","article_modified_time":"2026-05-16T00:15:02+00:00","og_image":[{"width":1840,"height":1900,"url":"https:\/\/lahingupood.ee\/wp-content\/uploads\/2025\/11\/BSF-50-16-99120103092-ORKS-GRETCHIN.jpg","type":"image\/jpeg"}],"twitter_card":"summary_large_image","twitter_misc":{"Estimated reading time":"2 minutes"},"schema":{"@context":"https:\/\/schema.org","@graph":[{"@type":"WebPage","@id":"https:\/\/lahingupood.ee\/toode\/orks-runtherd-and-gretchin\/","url":"https:\/\/lahingupood.ee\/toode\/orks-runtherd-and-gretchin\/","name":"Runtherd and Gretchin | Orks Warhammer 40K","isPartOf":{"@id":"https:\/\/lahingupood.ee\/#website"},"primaryImageOfPage":{"@id":"https:\/\/lahingupood.ee\/toode\/orks-runtherd-and-gretchin\/#primaryimage"},"image":{"@id":"https:\/\/lahingupood.ee\/toode\/orks-runtherd-and-gretchin\/#primaryimage"},"thumbnailUrl":"https:\/\/lahingupood.ee\/wp-content\/uploads\/2025\/11\/BSF-50-16-99120103092-ORKS-GRETCHIN.jpg","datePublished":"2025-11-24T14:23:38+00:00","dateModified":"2026-05-16T00:15:02+00:00","description":"Runtherd and Gretchin komplekt sisaldab 10 Gretchini ja 1 Ork Runtherdi Warhammer 40K jaoks. Sobib Orks armeesse ja maalimiseks.","breadcrumb":{"@id":"https:\/\/lahingupood.ee\/toode\/orks-runtherd-and-gretchin\/#breadcrumb"},"inLanguage":"en-GB","potentialAction":[{"@type":"ReadAction","target":["https:\/\/lahingupood.ee\/toode\/orks-runtherd-and-gretchin\/"]}]},{"@type":"ImageObject","inLanguage":"en-GB","@id":"https:\/\/lahingupood.ee\/toode\/orks-runtherd-and-gretchin\/#primaryimage","url":"https:\/\/lahingupood.ee\/wp-content\/uploads\/2025\/11\/BSF-50-16-99120103092-ORKS-GRETCHIN.jpg","contentUrl":"https:\/\/lahingupood.ee\/wp-content\/uploads\/2025\/11\/BSF-50-16-99120103092-ORKS-GRETCHIN.jpg","width":1840,"height":1900,"caption":"Warhammer 40,000 Runtherd and Gretchin komplekt"},{"@type":"BreadcrumbList","@id":"https:\/\/lahingupood.ee\/toode\/orks-runtherd-and-gretchin\/#breadcrumb","itemListElement":[{"@type":"ListItem","position":1,"name":"Home","item":"https:\/\/lahingupood.ee\/"},{"@type":"ListItem","position":2,"name":"Tooted","item":"https:\/\/lahingupood.ee\/tooted\/"},{"@type":"ListItem","position":3,"name":"Warhammer 40,000: Orks Runtherd and Gretchin"}]},{"@type":"WebSite","@id":"https:\/\/lahingupood.ee\/#website","url":"https:\/\/lahingupood.ee\/","name":"Lahingurada e-pood","description":"Airsoft","publisher":{"@id":"https:\/\/lahingupood.ee\/#organization"},"potentialAction":[{"@type":"SearchAction","target":{"@type":"EntryPoint","urlTemplate":"https:\/\/lahingupood.ee\/?s={search_term_string}"},"query-input":{"@type":"PropertyValueSpecification","valueRequired":true,"valueName":"search_term_string"}}],"inLanguage":"en-GB"},{"@type":"Organization","@id":"https:\/\/lahingupood.ee\/#organization","name":"Lahingurada","url":"https:\/\/lahingupood.ee\/","logo":{"@type":"ImageObject","inLanguage":"en-GB","@id":"https:\/\/lahingupood.ee\/#\/schema\/logo\/image\/","url":"https:\/\/lahingupood.ee\/wp-content\/uploads\/2022\/03\/lahingurada-220318.jpg","contentUrl":"https:\/\/lahingupood.ee\/wp-content\/uploads\/2022\/03\/lahingurada-220318.jpg","width":800,"height":500,"caption":"Lahingurada"},"image":{"@id":"https:\/\/lahingupood.ee\/#\/schema\/logo\/image\/"},"sameAs":["https:\/\/www.facebook.com\/Lahingurada-629940247212967"]}]}},"_links":{"self":[{"href":"https:\/\/lahingupood.ee\/en\/wp-json\/wp\/v2\/product\/7547","targetHints":{"allow":["GET"]}}],"collection":[{"href":"https:\/\/lahingupood.ee\/en\/wp-json\/wp\/v2\/product"}],"about":[{"href":"https:\/\/lahingupood.ee\/en\/wp-json\/wp\/v2\/types\/product"}],"wp:featuredmedia":[{"embeddable":true,"href":"https:\/\/lahingupood.ee\/en\/wp-json\/wp\/v2\/media\/7496"}],"wp:attachment":[{"href":"https:\/\/lahingupood.ee\/en\/wp-json\/wp\/v2\/media?parent=7547"}],"wp:term":[{"taxonomy":"product_brand","embeddable":true,"href":"https:\/\/lahingupood.ee\/en\/wp-json\/wp\/v2\/product_brand?post=7547"},{"taxonomy":"product_cat","embeddable":true,"href":"https:\/\/lahingupood.ee\/en\/wp-json\/wp\/v2\/product_cat?post=7547"},{"taxonomy":"product_tag","embeddable":true,"href":"https:\/\/lahingupood.ee\/en\/wp-json\/wp\/v2\/product_tag?post=7547"}],"curies":[{"name":"wp","href":"https:\/\/api.w.org\/{rel}","templated":true}]}}