{"id":7540,"date":"2025-11-24T16:04:58","date_gmt":"2025-11-24T14:04:58","guid":{"rendered":"https:\/\/lahingupood.ee\/?post_type=product&#038;p=7540"},"modified":"2026-05-02T18:45:03","modified_gmt":"2026-05-02T15:45:03","slug":"getting-started-with-warhammer-40k-eng","status":"publish","type":"product","link":"https:\/\/lahingupood.ee\/en\/product\/getting-started-with-warhammer-40k-eng\/","title":{"rendered":"Getting Started with Warhammer 40,000"},"content":{"rendered":"<p data-start=\"780\" data-end=\"1027\"><strong data-start=\"780\" data-end=\"818\">Getting Started with Warhammer 40K<\/strong> on hea valik k\u00f5igile, kes soovivad tutvuda Warhammer 40,000 hobiga. See ajakiri annab lihtsa ja p\u00f5neva \u00fclevaate m\u00e4ngumaailmast, fraktsioonidest, miniatuuride kogumisest, v\u00e4rvimisest ja lauam\u00e4ngu p\u00f5hit\u00f5dedest.<\/p>\n<p data-start=\"1029\" data-end=\"1339\">Warhammer 40,000 on kiire ja plahvatuslik strateegiline lauam\u00e4ng. Selle tegevus toimub kauges tulevikus, kus galaktika on l\u00f5putu s\u00f5ja keerises. M\u00e4ngija saab valida paljude erinevate fraktsioonide vahel. Nende hulka kuuluvad n\u00e4iteks Space Marines, Tyranids, masinad, tulnukad ja teised s\u00fcnge tuleviku s\u00f5dalased.<\/p>\n<p data-start=\"1341\" data-end=\"1639\">Ajakiri tutvustab Warhammer 40,000 universumit ja selle tumedat tausta. Saad teada, miks seda maailma tuntakse kui grim darkness of the far future. Samuti annab ajakiri \u00fclevaate hobi eri osadest. Saad lugeda, kuidas koguda Citadel miniatuure, kuidas neid v\u00e4rvida ja kuidas nendega lahinguid pidada.<\/p>\n<p data-start=\"1641\" data-end=\"1909\">Komplekt sisaldab ka kahte plastikust push-fit miniatuuri. Kaasas on <strong data-start=\"1710\" data-end=\"1743\">Space Marines Infernus Marine<\/strong> 32mm dekoratiivsel alusel ja <strong data-start=\"1773\" data-end=\"1795\">Tyranids Termagant<\/strong> 28mm dekoratiivsel alusel. Need mudelid annavad hea esimese kogemuse kahe ikoonilise Warhammer 40K fraktsiooniga.<\/p>\n<p data-start=\"1911\" data-end=\"2113\">Miniatuurid on loodud algajale mugavaks kasutamiseks. Neid saab raamilt eemaldada ilma l\u00f5iketangideta. Kokkupanekuks ei ole vaja liimi. Mudelid on v\u00e4rvimata, seega saad neid v\u00e4rvida oma valitud stiilis.<\/p>\n<p data-start=\"2115\" data-end=\"2304\"><strong data-start=\"2115\" data-end=\"2153\">Getting Started with Warhammer 40K<\/strong> sobib h\u00e4sti algajale, kingituseks v\u00f5i uudishimulikule hobilisele. See on lihtne viis avastada Warhammer 40,000 maailma ja proovida esimesi miniatuure.<\/p>","protected":false},"excerpt":{"rendered":"<p>Getting Started with Warhammer 40K on hea valik k\u00f5igile, kes soovivad tutvuda Warhammer 40,000 hobiga. See ajakiri annab lihtsa ja p\u00f5neva \u00fclevaate m\u00e4ngumaailmast, fraktsioonidest, miniatuuride kogumisest, v\u00e4rvimisest ja lauam\u00e4ngu p\u00f5hit\u00f5dedest. Warhammer 40,000 on kiire ja plahvatuslik strateegiline lauam\u00e4ng. Selle tegevus toimub kauges tulevikus, kus galaktika on l\u00f5putu s\u00f5ja keerises. M\u00e4ngija saab valida paljude erinevate fraktsioonide [&#8230;]\n","protected":false},"featured_media":7480,"template":"","meta":[],"product_brand":[],"product_cat":[223,222],"product_tag":[],"class_list":{"0":"post-7540","1":"product","2":"type-product","3":"status-publish","4":"has-post-thumbnail","6":"product_cat-40k","7":"product_cat-warhammer","9":"first","10":"instock","11":"taxable","12":"shipping-taxable","13":"purchasable","14":"product-type-simple"},"yoast_head":"<!-- This site is optimized with the Yoast SEO Premium plugin v27.5 (Yoast SEO v27.5) - https:\/\/yoast.com\/product\/yoast-seo-premium-wordpress\/ -->\n<title>Getting Started with Warhammer 40K<\/title>\n<meta name=\"description\" content=\"Getting Started with Warhammer 40K sisaldab sissejuhatavat ajakirja ja 2 push-fit miniatuuri: Infernus Marine ning Tyranids Termagant.\" \/>\n<meta name=\"robots\" content=\"index, follow, max-snippet:-1, max-image-preview:large, max-video-preview:-1\" \/>\n<link rel=\"canonical\" href=\"https:\/\/lahingupood.ee\/en\/product\/getting-started-with-warhammer-40k-eng\/\" \/>\n<meta property=\"og:locale\" content=\"en_GB\" \/>\n<meta property=\"og:type\" content=\"article\" \/>\n<meta property=\"og:title\" content=\"Getting Started with Warhammer 40,000\" \/>\n<meta property=\"og:description\" content=\"Getting Started with Warhammer 40K sisaldab sissejuhatavat ajakirja ja 2 push-fit miniatuuri: Infernus Marine ning Tyranids Termagant.\" \/>\n<meta property=\"og:url\" content=\"https:\/\/lahingupood.ee\/en\/product\/getting-started-with-warhammer-40k-eng\/\" \/>\n<meta property=\"og:site_name\" content=\"Lahingurada e-pood\" \/>\n<meta property=\"article:publisher\" content=\"https:\/\/www.facebook.com\/Lahingurada-629940247212967\" \/>\n<meta property=\"article:modified_time\" content=\"2026-05-02T15:45:03+00:00\" \/>\n<meta property=\"og:image\" content=\"https:\/\/lahingupood.ee\/wp-content\/uploads\/2025\/11\/BSF-40-06-60040199169-Getting-Started-With-Warhammer-40k-ENG.jpg\" \/>\n\t<meta property=\"og:image:width\" content=\"1840\" \/>\n\t<meta property=\"og:image:height\" content=\"1900\" \/>\n\t<meta property=\"og:image:type\" content=\"image\/jpeg\" \/>\n<meta name=\"twitter:card\" content=\"summary_large_image\" \/>\n<meta name=\"twitter:label1\" content=\"Estimated reading time\" \/>\n\t<meta name=\"twitter:data1\" content=\"2 minutes\" \/>\n<script type=\"application\/ld+json\" class=\"yoast-schema-graph\">{\"@context\":\"https:\\\/\\\/schema.org\",\"@graph\":[{\"@type\":\"WebPage\",\"@id\":\"https:\\\/\\\/lahingupood.ee\\\/toode\\\/getting-started-with-warhammer-40k-eng\\\/\",\"url\":\"https:\\\/\\\/lahingupood.ee\\\/toode\\\/getting-started-with-warhammer-40k-eng\\\/\",\"name\":\"Getting Started with Warhammer 40K\",\"isPartOf\":{\"@id\":\"https:\\\/\\\/lahingupood.ee\\\/#website\"},\"primaryImageOfPage\":{\"@id\":\"https:\\\/\\\/lahingupood.ee\\\/toode\\\/getting-started-with-warhammer-40k-eng\\\/#primaryimage\"},\"image\":{\"@id\":\"https:\\\/\\\/lahingupood.ee\\\/toode\\\/getting-started-with-warhammer-40k-eng\\\/#primaryimage\"},\"thumbnailUrl\":\"https:\\\/\\\/lahingupood.ee\\\/wp-content\\\/uploads\\\/2025\\\/11\\\/BSF-40-06-60040199169-Getting-Started-With-Warhammer-40k-ENG.jpg\",\"datePublished\":\"2025-11-24T14:04:58+00:00\",\"dateModified\":\"2026-05-02T15:45:03+00:00\",\"description\":\"Getting Started with Warhammer 40K sisaldab sissejuhatavat ajakirja ja 2 push-fit miniatuuri: Infernus Marine ning Tyranids Termagant.\",\"breadcrumb\":{\"@id\":\"https:\\\/\\\/lahingupood.ee\\\/toode\\\/getting-started-with-warhammer-40k-eng\\\/#breadcrumb\"},\"inLanguage\":\"en-GB\",\"potentialAction\":[{\"@type\":\"ReadAction\",\"target\":[\"https:\\\/\\\/lahingupood.ee\\\/toode\\\/getting-started-with-warhammer-40k-eng\\\/\"]}]},{\"@type\":\"ImageObject\",\"inLanguage\":\"en-GB\",\"@id\":\"https:\\\/\\\/lahingupood.ee\\\/toode\\\/getting-started-with-warhammer-40k-eng\\\/#primaryimage\",\"url\":\"https:\\\/\\\/lahingupood.ee\\\/wp-content\\\/uploads\\\/2025\\\/11\\\/BSF-40-06-60040199169-Getting-Started-With-Warhammer-40k-ENG.jpg\",\"contentUrl\":\"https:\\\/\\\/lahingupood.ee\\\/wp-content\\\/uploads\\\/2025\\\/11\\\/BSF-40-06-60040199169-Getting-Started-With-Warhammer-40k-ENG.jpg\",\"width\":1840,\"height\":1900},{\"@type\":\"BreadcrumbList\",\"@id\":\"https:\\\/\\\/lahingupood.ee\\\/toode\\\/getting-started-with-warhammer-40k-eng\\\/#breadcrumb\",\"itemListElement\":[{\"@type\":\"ListItem\",\"position\":1,\"name\":\"Home\",\"item\":\"https:\\\/\\\/lahingupood.ee\\\/\"},{\"@type\":\"ListItem\",\"position\":2,\"name\":\"Tooted\",\"item\":\"https:\\\/\\\/lahingupood.ee\\\/tooted\\\/\"},{\"@type\":\"ListItem\",\"position\":3,\"name\":\"Getting Started with Warhammer 40,000\"}]},{\"@type\":\"WebSite\",\"@id\":\"https:\\\/\\\/lahingupood.ee\\\/#website\",\"url\":\"https:\\\/\\\/lahingupood.ee\\\/\",\"name\":\"Lahingurada e-pood\",\"description\":\"Airsoft\",\"publisher\":{\"@id\":\"https:\\\/\\\/lahingupood.ee\\\/#organization\"},\"potentialAction\":[{\"@type\":\"SearchAction\",\"target\":{\"@type\":\"EntryPoint\",\"urlTemplate\":\"https:\\\/\\\/lahingupood.ee\\\/?s={search_term_string}\"},\"query-input\":{\"@type\":\"PropertyValueSpecification\",\"valueRequired\":true,\"valueName\":\"search_term_string\"}}],\"inLanguage\":\"en-GB\"},{\"@type\":\"Organization\",\"@id\":\"https:\\\/\\\/lahingupood.ee\\\/#organization\",\"name\":\"Lahingurada\",\"url\":\"https:\\\/\\\/lahingupood.ee\\\/\",\"logo\":{\"@type\":\"ImageObject\",\"inLanguage\":\"en-GB\",\"@id\":\"https:\\\/\\\/lahingupood.ee\\\/#\\\/schema\\\/logo\\\/image\\\/\",\"url\":\"https:\\\/\\\/lahingupood.ee\\\/wp-content\\\/uploads\\\/2022\\\/03\\\/lahingurada-220318.jpg\",\"contentUrl\":\"https:\\\/\\\/lahingupood.ee\\\/wp-content\\\/uploads\\\/2022\\\/03\\\/lahingurada-220318.jpg\",\"width\":800,\"height\":500,\"caption\":\"Lahingurada\"},\"image\":{\"@id\":\"https:\\\/\\\/lahingupood.ee\\\/#\\\/schema\\\/logo\\\/image\\\/\"},\"sameAs\":[\"https:\\\/\\\/www.facebook.com\\\/Lahingurada-629940247212967\"]}]}<\/script>\n<!-- \/ Yoast SEO Premium plugin. -->","yoast_head_json":{"title":"Getting Started with Warhammer 40K","description":"Getting Started with Warhammer 40K sisaldab sissejuhatavat ajakirja ja 2 push-fit miniatuuri: Infernus Marine ning Tyranids Termagant.","robots":{"index":"index","follow":"follow","max-snippet":"max-snippet:-1","max-image-preview":"max-image-preview:large","max-video-preview":"max-video-preview:-1"},"canonical":"https:\/\/lahingupood.ee\/en\/product\/getting-started-with-warhammer-40k-eng\/","og_locale":"en_GB","og_type":"article","og_title":"Getting Started with Warhammer 40,000","og_description":"Getting Started with Warhammer 40K sisaldab sissejuhatavat ajakirja ja 2 push-fit miniatuuri: Infernus Marine ning Tyranids Termagant.","og_url":"https:\/\/lahingupood.ee\/en\/product\/getting-started-with-warhammer-40k-eng\/","og_site_name":"Lahingurada e-pood","article_publisher":"https:\/\/www.facebook.com\/Lahingurada-629940247212967","article_modified_time":"2026-05-02T15:45:03+00:00","og_image":[{"width":1840,"height":1900,"url":"https:\/\/lahingupood.ee\/wp-content\/uploads\/2025\/11\/BSF-40-06-60040199169-Getting-Started-With-Warhammer-40k-ENG.jpg","type":"image\/jpeg"}],"twitter_card":"summary_large_image","twitter_misc":{"Estimated reading time":"2 minutes"},"schema":{"@context":"https:\/\/schema.org","@graph":[{"@type":"WebPage","@id":"https:\/\/lahingupood.ee\/toode\/getting-started-with-warhammer-40k-eng\/","url":"https:\/\/lahingupood.ee\/toode\/getting-started-with-warhammer-40k-eng\/","name":"Getting Started with Warhammer 40K","isPartOf":{"@id":"https:\/\/lahingupood.ee\/#website"},"primaryImageOfPage":{"@id":"https:\/\/lahingupood.ee\/toode\/getting-started-with-warhammer-40k-eng\/#primaryimage"},"image":{"@id":"https:\/\/lahingupood.ee\/toode\/getting-started-with-warhammer-40k-eng\/#primaryimage"},"thumbnailUrl":"https:\/\/lahingupood.ee\/wp-content\/uploads\/2025\/11\/BSF-40-06-60040199169-Getting-Started-With-Warhammer-40k-ENG.jpg","datePublished":"2025-11-24T14:04:58+00:00","dateModified":"2026-05-02T15:45:03+00:00","description":"Getting Started with Warhammer 40K sisaldab sissejuhatavat ajakirja ja 2 push-fit miniatuuri: Infernus Marine ning Tyranids Termagant.","breadcrumb":{"@id":"https:\/\/lahingupood.ee\/toode\/getting-started-with-warhammer-40k-eng\/#breadcrumb"},"inLanguage":"en-GB","potentialAction":[{"@type":"ReadAction","target":["https:\/\/lahingupood.ee\/toode\/getting-started-with-warhammer-40k-eng\/"]}]},{"@type":"ImageObject","inLanguage":"en-GB","@id":"https:\/\/lahingupood.ee\/toode\/getting-started-with-warhammer-40k-eng\/#primaryimage","url":"https:\/\/lahingupood.ee\/wp-content\/uploads\/2025\/11\/BSF-40-06-60040199169-Getting-Started-With-Warhammer-40k-ENG.jpg","contentUrl":"https:\/\/lahingupood.ee\/wp-content\/uploads\/2025\/11\/BSF-40-06-60040199169-Getting-Started-With-Warhammer-40k-ENG.jpg","width":1840,"height":1900},{"@type":"BreadcrumbList","@id":"https:\/\/lahingupood.ee\/toode\/getting-started-with-warhammer-40k-eng\/#breadcrumb","itemListElement":[{"@type":"ListItem","position":1,"name":"Home","item":"https:\/\/lahingupood.ee\/"},{"@type":"ListItem","position":2,"name":"Tooted","item":"https:\/\/lahingupood.ee\/tooted\/"},{"@type":"ListItem","position":3,"name":"Getting Started with Warhammer 40,000"}]},{"@type":"WebSite","@id":"https:\/\/lahingupood.ee\/#website","url":"https:\/\/lahingupood.ee\/","name":"Lahingurada e-pood","description":"Airsoft","publisher":{"@id":"https:\/\/lahingupood.ee\/#organization"},"potentialAction":[{"@type":"SearchAction","target":{"@type":"EntryPoint","urlTemplate":"https:\/\/lahingupood.ee\/?s={search_term_string}"},"query-input":{"@type":"PropertyValueSpecification","valueRequired":true,"valueName":"search_term_string"}}],"inLanguage":"en-GB"},{"@type":"Organization","@id":"https:\/\/lahingupood.ee\/#organization","name":"Lahingurada","url":"https:\/\/lahingupood.ee\/","logo":{"@type":"ImageObject","inLanguage":"en-GB","@id":"https:\/\/lahingupood.ee\/#\/schema\/logo\/image\/","url":"https:\/\/lahingupood.ee\/wp-content\/uploads\/2022\/03\/lahingurada-220318.jpg","contentUrl":"https:\/\/lahingupood.ee\/wp-content\/uploads\/2022\/03\/lahingurada-220318.jpg","width":800,"height":500,"caption":"Lahingurada"},"image":{"@id":"https:\/\/lahingupood.ee\/#\/schema\/logo\/image\/"},"sameAs":["https:\/\/www.facebook.com\/Lahingurada-629940247212967"]}]}},"_links":{"self":[{"href":"https:\/\/lahingupood.ee\/en\/wp-json\/wp\/v2\/product\/7540","targetHints":{"allow":["GET"]}}],"collection":[{"href":"https:\/\/lahingupood.ee\/en\/wp-json\/wp\/v2\/product"}],"about":[{"href":"https:\/\/lahingupood.ee\/en\/wp-json\/wp\/v2\/types\/product"}],"wp:featuredmedia":[{"embeddable":true,"href":"https:\/\/lahingupood.ee\/en\/wp-json\/wp\/v2\/media\/7480"}],"wp:attachment":[{"href":"https:\/\/lahingupood.ee\/en\/wp-json\/wp\/v2\/media?parent=7540"}],"wp:term":[{"taxonomy":"product_brand","embeddable":true,"href":"https:\/\/lahingupood.ee\/en\/wp-json\/wp\/v2\/product_brand?post=7540"},{"taxonomy":"product_cat","embeddable":true,"href":"https:\/\/lahingupood.ee\/en\/wp-json\/wp\/v2\/product_cat?post=7540"},{"taxonomy":"product_tag","embeddable":true,"href":"https:\/\/lahingupood.ee\/en\/wp-json\/wp\/v2\/product_tag?post=7540"}],"curies":[{"name":"wp","href":"https:\/\/api.w.org\/{rel}","templated":true}]}}