{"id":746,"date":"2022-04-14T17:22:11","date_gmt":"2022-04-14T14:22:11","guid":{"rendered":"https:\/\/lahingupood.ee\/?post_type=product&#038;p=746"},"modified":"2026-05-03T02:30:06","modified_gmt":"2026-05-02T23:30:06","slug":"sa-lipo-aku-111v-2000mah-t3m","status":"publish","type":"product","link":"https:\/\/lahingupood.ee\/en\/product\/sa-lipo-aku-111v-2000mah-t3m\/","title":{"rendered":"SA LiPo aku 11,1V 2000mAh T3M"},"content":{"rendered":"<p data-start=\"295\" data-end=\"549\">SA LiPo 11.1V 2000mAh battery on v\u00f5imas Airsofti liitium-pol\u00fcmeer aku, mis on m\u00f5eldud pakkuma stabiilset ja k\u00f5rget j\u00f5udlust AEG t\u00fc\u00fcpi relvadele. Tegemist on populaarse valikuga m\u00e4ngijatele, kes soovivad paremat reageerimiskiirust ja \u00fchtlast laskekiirust.<\/p>\n<p data-start=\"551\" data-end=\"764\">SA LiPo 11.1V 2000mAh battery kasutab T3M \u00fchendust, mis tagab kindla ja stabiilse elektri\u00fchenduse relva s\u00fcsteemiga. T\u00e4nu 11.1V pingele pakub see aku m\u00e4rgatavalt paremat j\u00f5udlust v\u00f5rreldes madalama pingega akudega.<\/p>","protected":false},"excerpt":{"rendered":"<p>SA LiPo 11.1V 2000mAh battery on v\u00f5imas Airsofti liitium-pol\u00fcmeer aku, mis on m\u00f5eldud pakkuma stabiilset ja k\u00f5rget j\u00f5udlust AEG t\u00fc\u00fcpi relvadele. Tegemist on populaarse valikuga m\u00e4ngijatele, kes soovivad paremat reageerimiskiirust ja \u00fchtlast laskekiirust. SA LiPo 11.1V 2000mAh battery kasutab T3M \u00fchendust, mis tagab kindla ja stabiilse elektri\u00fchenduse relva s\u00fcsteemiga. T\u00e4nu 11.1V pingele pakub see aku [&#8230;]\n","protected":false},"featured_media":700,"template":"","meta":[],"product_brand":[],"product_cat":[21],"product_tag":[],"class_list":{"0":"post-746","1":"product","2":"type-product","3":"status-publish","4":"has-post-thumbnail","6":"product_cat-11-1v-akud","8":"first","9":"instock","10":"taxable","11":"shipping-taxable","12":"purchasable","13":"product-type-simple"},"yoast_head":"<!-- This site is optimized with the Yoast SEO Premium plugin v27.5 (Yoast SEO v27.5) - https:\/\/yoast.com\/product\/yoast-seo-premium-wordpress\/ -->\n<title>SA LiPo 11.1V 2000mAh T3M \u2013 Airsoft aku<\/title>\n<meta name=\"description\" content=\"SA LiPo 11.1V 2000mAh T3M on Airsoft aku, mis pakub tugevat j\u00f5udlust ja stabiilset toidet AEG relvadele.\" \/>\n<meta name=\"robots\" content=\"index, follow, max-snippet:-1, max-image-preview:large, max-video-preview:-1\" \/>\n<link rel=\"canonical\" href=\"https:\/\/lahingupood.ee\/en\/product\/sa-lipo-aku-111v-2000mah-t3m\/\" \/>\n<meta property=\"og:locale\" content=\"en_GB\" \/>\n<meta property=\"og:type\" content=\"article\" \/>\n<meta property=\"og:title\" content=\"SA LiPo aku 11,1V 2000mAh T3M\" \/>\n<meta property=\"og:description\" content=\"SA LiPo 11.1V 2000mAh T3M on Airsoft aku, mis pakub tugevat j\u00f5udlust ja stabiilset toidet AEG relvadele.\" \/>\n<meta property=\"og:url\" content=\"https:\/\/lahingupood.ee\/en\/product\/sa-lipo-aku-111v-2000mah-t3m\/\" \/>\n<meta property=\"og:site_name\" content=\"Lahingurada e-pood\" \/>\n<meta property=\"article:publisher\" content=\"https:\/\/www.facebook.com\/Lahingurada-629940247212967\" \/>\n<meta property=\"article:modified_time\" content=\"2026-05-02T23:30:06+00:00\" \/>\n<meta property=\"og:image\" content=\"https:\/\/lahingupood.ee\/wp-content\/uploads\/2022\/04\/1152219399_1.jpeg\" \/>\n\t<meta property=\"og:image:width\" content=\"800\" \/>\n\t<meta property=\"og:image:height\" content=\"533\" \/>\n\t<meta property=\"og:image:type\" content=\"image\/jpeg\" \/>\n<meta name=\"twitter:card\" content=\"summary_large_image\" \/>\n<meta name=\"twitter:label1\" content=\"Estimated reading time\" \/>\n\t<meta name=\"twitter:data1\" content=\"1 minute\" \/>\n<script type=\"application\/ld+json\" class=\"yoast-schema-graph\">{\"@context\":\"https:\\\/\\\/schema.org\",\"@graph\":[{\"@type\":\"WebPage\",\"@id\":\"https:\\\/\\\/lahingupood.ee\\\/toode\\\/sa-lipo-aku-111v-2000mah-t3m\\\/\",\"url\":\"https:\\\/\\\/lahingupood.ee\\\/toode\\\/sa-lipo-aku-111v-2000mah-t3m\\\/\",\"name\":\"SA LiPo 11.1V 2000mAh T3M \u2013 Airsoft aku\",\"isPartOf\":{\"@id\":\"https:\\\/\\\/lahingupood.ee\\\/#website\"},\"primaryImageOfPage\":{\"@id\":\"https:\\\/\\\/lahingupood.ee\\\/toode\\\/sa-lipo-aku-111v-2000mah-t3m\\\/#primaryimage\"},\"image\":{\"@id\":\"https:\\\/\\\/lahingupood.ee\\\/toode\\\/sa-lipo-aku-111v-2000mah-t3m\\\/#primaryimage\"},\"thumbnailUrl\":\"https:\\\/\\\/lahingupood.ee\\\/wp-content\\\/uploads\\\/2022\\\/04\\\/1152219399_1.jpeg\",\"datePublished\":\"2022-04-14T14:22:11+00:00\",\"dateModified\":\"2026-05-02T23:30:06+00:00\",\"description\":\"SA LiPo 11.1V 2000mAh T3M on Airsoft aku, mis pakub tugevat j\u00f5udlust ja stabiilset toidet AEG relvadele.\",\"breadcrumb\":{\"@id\":\"https:\\\/\\\/lahingupood.ee\\\/toode\\\/sa-lipo-aku-111v-2000mah-t3m\\\/#breadcrumb\"},\"inLanguage\":\"en-GB\",\"potentialAction\":[{\"@type\":\"ReadAction\",\"target\":[\"https:\\\/\\\/lahingupood.ee\\\/toode\\\/sa-lipo-aku-111v-2000mah-t3m\\\/\"]}]},{\"@type\":\"ImageObject\",\"inLanguage\":\"en-GB\",\"@id\":\"https:\\\/\\\/lahingupood.ee\\\/toode\\\/sa-lipo-aku-111v-2000mah-t3m\\\/#primaryimage\",\"url\":\"https:\\\/\\\/lahingupood.ee\\\/wp-content\\\/uploads\\\/2022\\\/04\\\/1152219399_1.jpeg\",\"contentUrl\":\"https:\\\/\\\/lahingupood.ee\\\/wp-content\\\/uploads\\\/2022\\\/04\\\/1152219399_1.jpeg\",\"width\":800,\"height\":533,\"caption\":\"SA LiPo 11.1V 2000mAh battery T3M Airsoft aku\"},{\"@type\":\"BreadcrumbList\",\"@id\":\"https:\\\/\\\/lahingupood.ee\\\/toode\\\/sa-lipo-aku-111v-2000mah-t3m\\\/#breadcrumb\",\"itemListElement\":[{\"@type\":\"ListItem\",\"position\":1,\"name\":\"Home\",\"item\":\"https:\\\/\\\/lahingupood.ee\\\/\"},{\"@type\":\"ListItem\",\"position\":2,\"name\":\"Tooted\",\"item\":\"https:\\\/\\\/lahingupood.ee\\\/tooted\\\/\"},{\"@type\":\"ListItem\",\"position\":3,\"name\":\"SA LiPo aku 11,1V 2000mAh T3M\"}]},{\"@type\":\"WebSite\",\"@id\":\"https:\\\/\\\/lahingupood.ee\\\/#website\",\"url\":\"https:\\\/\\\/lahingupood.ee\\\/\",\"name\":\"Lahingurada e-pood\",\"description\":\"Airsoft\",\"publisher\":{\"@id\":\"https:\\\/\\\/lahingupood.ee\\\/#organization\"},\"potentialAction\":[{\"@type\":\"SearchAction\",\"target\":{\"@type\":\"EntryPoint\",\"urlTemplate\":\"https:\\\/\\\/lahingupood.ee\\\/?s={search_term_string}\"},\"query-input\":{\"@type\":\"PropertyValueSpecification\",\"valueRequired\":true,\"valueName\":\"search_term_string\"}}],\"inLanguage\":\"en-GB\"},{\"@type\":\"Organization\",\"@id\":\"https:\\\/\\\/lahingupood.ee\\\/#organization\",\"name\":\"Lahingurada\",\"url\":\"https:\\\/\\\/lahingupood.ee\\\/\",\"logo\":{\"@type\":\"ImageObject\",\"inLanguage\":\"en-GB\",\"@id\":\"https:\\\/\\\/lahingupood.ee\\\/#\\\/schema\\\/logo\\\/image\\\/\",\"url\":\"https:\\\/\\\/lahingupood.ee\\\/wp-content\\\/uploads\\\/2022\\\/03\\\/lahingurada-220318.jpg\",\"contentUrl\":\"https:\\\/\\\/lahingupood.ee\\\/wp-content\\\/uploads\\\/2022\\\/03\\\/lahingurada-220318.jpg\",\"width\":800,\"height\":500,\"caption\":\"Lahingurada\"},\"image\":{\"@id\":\"https:\\\/\\\/lahingupood.ee\\\/#\\\/schema\\\/logo\\\/image\\\/\"},\"sameAs\":[\"https:\\\/\\\/www.facebook.com\\\/Lahingurada-629940247212967\"]}]}<\/script>\n<!-- \/ Yoast SEO Premium plugin. -->","yoast_head_json":{"title":"SA LiPo 11.1V 2000mAh T3M \u2013 Airsoft aku","description":"SA LiPo 11.1V 2000mAh T3M on Airsoft aku, mis pakub tugevat j\u00f5udlust ja stabiilset toidet AEG relvadele.","robots":{"index":"index","follow":"follow","max-snippet":"max-snippet:-1","max-image-preview":"max-image-preview:large","max-video-preview":"max-video-preview:-1"},"canonical":"https:\/\/lahingupood.ee\/en\/product\/sa-lipo-aku-111v-2000mah-t3m\/","og_locale":"en_GB","og_type":"article","og_title":"SA LiPo aku 11,1V 2000mAh T3M","og_description":"SA LiPo 11.1V 2000mAh T3M on Airsoft aku, mis pakub tugevat j\u00f5udlust ja stabiilset toidet AEG relvadele.","og_url":"https:\/\/lahingupood.ee\/en\/product\/sa-lipo-aku-111v-2000mah-t3m\/","og_site_name":"Lahingurada e-pood","article_publisher":"https:\/\/www.facebook.com\/Lahingurada-629940247212967","article_modified_time":"2026-05-02T23:30:06+00:00","og_image":[{"width":800,"height":533,"url":"https:\/\/lahingupood.ee\/wp-content\/uploads\/2022\/04\/1152219399_1.jpeg","type":"image\/jpeg"}],"twitter_card":"summary_large_image","twitter_misc":{"Estimated reading time":"1 minute"},"schema":{"@context":"https:\/\/schema.org","@graph":[{"@type":"WebPage","@id":"https:\/\/lahingupood.ee\/toode\/sa-lipo-aku-111v-2000mah-t3m\/","url":"https:\/\/lahingupood.ee\/toode\/sa-lipo-aku-111v-2000mah-t3m\/","name":"SA LiPo 11.1V 2000mAh T3M \u2013 Airsoft aku","isPartOf":{"@id":"https:\/\/lahingupood.ee\/#website"},"primaryImageOfPage":{"@id":"https:\/\/lahingupood.ee\/toode\/sa-lipo-aku-111v-2000mah-t3m\/#primaryimage"},"image":{"@id":"https:\/\/lahingupood.ee\/toode\/sa-lipo-aku-111v-2000mah-t3m\/#primaryimage"},"thumbnailUrl":"https:\/\/lahingupood.ee\/wp-content\/uploads\/2022\/04\/1152219399_1.jpeg","datePublished":"2022-04-14T14:22:11+00:00","dateModified":"2026-05-02T23:30:06+00:00","description":"SA LiPo 11.1V 2000mAh T3M on Airsoft aku, mis pakub tugevat j\u00f5udlust ja stabiilset toidet AEG relvadele.","breadcrumb":{"@id":"https:\/\/lahingupood.ee\/toode\/sa-lipo-aku-111v-2000mah-t3m\/#breadcrumb"},"inLanguage":"en-GB","potentialAction":[{"@type":"ReadAction","target":["https:\/\/lahingupood.ee\/toode\/sa-lipo-aku-111v-2000mah-t3m\/"]}]},{"@type":"ImageObject","inLanguage":"en-GB","@id":"https:\/\/lahingupood.ee\/toode\/sa-lipo-aku-111v-2000mah-t3m\/#primaryimage","url":"https:\/\/lahingupood.ee\/wp-content\/uploads\/2022\/04\/1152219399_1.jpeg","contentUrl":"https:\/\/lahingupood.ee\/wp-content\/uploads\/2022\/04\/1152219399_1.jpeg","width":800,"height":533,"caption":"SA LiPo 11.1V 2000mAh battery T3M Airsoft aku"},{"@type":"BreadcrumbList","@id":"https:\/\/lahingupood.ee\/toode\/sa-lipo-aku-111v-2000mah-t3m\/#breadcrumb","itemListElement":[{"@type":"ListItem","position":1,"name":"Home","item":"https:\/\/lahingupood.ee\/"},{"@type":"ListItem","position":2,"name":"Tooted","item":"https:\/\/lahingupood.ee\/tooted\/"},{"@type":"ListItem","position":3,"name":"SA LiPo aku 11,1V 2000mAh T3M"}]},{"@type":"WebSite","@id":"https:\/\/lahingupood.ee\/#website","url":"https:\/\/lahingupood.ee\/","name":"Lahingurada e-pood","description":"Airsoft","publisher":{"@id":"https:\/\/lahingupood.ee\/#organization"},"potentialAction":[{"@type":"SearchAction","target":{"@type":"EntryPoint","urlTemplate":"https:\/\/lahingupood.ee\/?s={search_term_string}"},"query-input":{"@type":"PropertyValueSpecification","valueRequired":true,"valueName":"search_term_string"}}],"inLanguage":"en-GB"},{"@type":"Organization","@id":"https:\/\/lahingupood.ee\/#organization","name":"Lahingurada","url":"https:\/\/lahingupood.ee\/","logo":{"@type":"ImageObject","inLanguage":"en-GB","@id":"https:\/\/lahingupood.ee\/#\/schema\/logo\/image\/","url":"https:\/\/lahingupood.ee\/wp-content\/uploads\/2022\/03\/lahingurada-220318.jpg","contentUrl":"https:\/\/lahingupood.ee\/wp-content\/uploads\/2022\/03\/lahingurada-220318.jpg","width":800,"height":500,"caption":"Lahingurada"},"image":{"@id":"https:\/\/lahingupood.ee\/#\/schema\/logo\/image\/"},"sameAs":["https:\/\/www.facebook.com\/Lahingurada-629940247212967"]}]}},"_links":{"self":[{"href":"https:\/\/lahingupood.ee\/en\/wp-json\/wp\/v2\/product\/746","targetHints":{"allow":["GET"]}}],"collection":[{"href":"https:\/\/lahingupood.ee\/en\/wp-json\/wp\/v2\/product"}],"about":[{"href":"https:\/\/lahingupood.ee\/en\/wp-json\/wp\/v2\/types\/product"}],"wp:featuredmedia":[{"embeddable":true,"href":"https:\/\/lahingupood.ee\/en\/wp-json\/wp\/v2\/media\/700"}],"wp:attachment":[{"href":"https:\/\/lahingupood.ee\/en\/wp-json\/wp\/v2\/media?parent=746"}],"wp:term":[{"taxonomy":"product_brand","embeddable":true,"href":"https:\/\/lahingupood.ee\/en\/wp-json\/wp\/v2\/product_brand?post=746"},{"taxonomy":"product_cat","embeddable":true,"href":"https:\/\/lahingupood.ee\/en\/wp-json\/wp\/v2\/product_cat?post=746"},{"taxonomy":"product_tag","embeddable":true,"href":"https:\/\/lahingupood.ee\/en\/wp-json\/wp\/v2\/product_tag?post=746"}],"curies":[{"name":"wp","href":"https:\/\/api.w.org\/{rel}","templated":true}]}}